{"id":996,"date":"2022-10-13T13:40:06","date_gmt":"2022-10-13T11:40:06","guid":{"rendered":"https:\/\/trendsandvision.nl\/fr\/product\/esschert-design-ensemble-de-terrarium-vegetal-a-faire-soi-meme-3-litres\/"},"modified":"2026-04-07T11:55:32","modified_gmt":"2026-04-07T09:55:32","slug":"esschert-design-ensemble-de-terrarium-vegetal-a-faire-soi-meme-3-litres","status":"publish","type":"product","link":"https:\/\/trendsandvision.nl\/fr\/product\/esschert-design-ensemble-de-terrarium-vegetal-a-faire-soi-meme-3-litres\/","title":{"rendered":"Esschert Design Ensemble de terrarium v\u00e9g\u00e9tal \u00e0 faire soi-m\u00eame 3 litres"},"content":{"rendered":"<p>Tout ce qu&rsquo;il faut pour cr\u00e9er un terrarium v\u00e9g\u00e9tal. Comme la bouteille est ouverte, tout type de plante peut \u00eatre facilement entretenu. L&rsquo;ensemble se compose d&rsquo;une bouteille de terrarium de 3 litres, de pots de rempotage, de terreau, de carbone, de pierres de drainage et d&rsquo;un ensemble d&rsquo;outils.<\/p>\n<p>&#8211; verre transparent recycl\u00e9<br \/>\n&#8211; souffl\u00e9 \u00e0 la bouche<br \/>\n&#8211; avec terreau, pierres de drainage, carbone, pots de rempotage  et ensemble d&rsquo;outils<br \/>\n&#8211; produit en Europe<\/p>\n","protected":false},"excerpt":{"rendered":"<p>Tout ce qu&rsquo;il faut pour cr\u00e9er un terrarium v\u00e9g\u00e9tal. Comme la bouteille est ouverte, tout type de pla<\/p>\n","protected":false},"featured_media":997,"template":"","meta":[],"product_brand":[7842,7843],"product_cat":[484],"product_tag":[],"class_list":{"0":"post-996","1":"product","2":"type-product","3":"status-publish","4":"has-post-thumbnail","6":"product_brand-esschert-design","7":"product_brand-trends-vision","8":"product_cat-esscherts-garden","9":"pa_code-ean-554","10":"pa_fabricant-esschert-design","11":"pa_materiel-verre-recycle-pierres-terreau-acier-inoxydable-pp-liege-charbon","13":"first","14":"instock","15":"sale","16":"taxable","17":"shipping-taxable","18":"purchasable","19":"product-type-simple","20":"czr-hentry"},"yoast_head":"<!-- This site is optimized with the Yoast SEO Premium plugin v26.4 (Yoast SEO v27.3) - https:\/\/yoast.com\/product\/yoast-seo-premium-wordpress\/ -->\n<title>Esschert Design Ensemble de terrarium v\u00e9g\u00e9tal \u00e0 faire soi-m\u00eame 3 litres<\/title>\n<meta name=\"description\" content=\"Esschert Design Ensemble de terrarium v\u00e9g\u00e9tal \u00e0 faire soi-m\u00eame 3 litres - Tout ce qu&#039;il faut pour cr\u00e9er un terrarium v\u00e9g\u00e9tal. Comme la bouteille est ouverte, tout type de pla\" \/>\n<meta name=\"robots\" content=\"index, follow, max-snippet:-1, max-image-preview:large, max-video-preview:-1\" \/>\n<link rel=\"canonical\" href=\"https:\/\/trendsandvision.nl\/fr\/product\/esschert-design-ensemble-de-terrarium-vegetal-a-faire-soi-meme-3-litres\/\" \/>\n<meta property=\"og:locale\" content=\"fr_FR\" \/>\n<meta property=\"og:type\" content=\"article\" \/>\n<meta property=\"og:title\" content=\"Esschert Design Ensemble de terrarium v\u00e9g\u00e9tal \u00e0 faire soi-m\u00eame 3 litres\" \/>\n<meta property=\"og:description\" content=\"Esschert Design Ensemble de terrarium v\u00e9g\u00e9tal \u00e0 faire soi-m\u00eame 3 litres - Tout ce qu&#039;il faut pour cr\u00e9er un terrarium v\u00e9g\u00e9tal. Comme la bouteille est ouverte, tout type de pla\" \/>\n<meta property=\"og:url\" content=\"https:\/\/trendsandvision.nl\/fr\/product\/esschert-design-ensemble-de-terrarium-vegetal-a-faire-soi-meme-3-litres\/\" \/>\n<meta property=\"og:site_name\" content=\"Trends &amp; Vision (FR)\" \/>\n<meta property=\"article:modified_time\" content=\"2026-04-07T09:55:32+00:00\" \/>\n<meta property=\"og:image\" content=\"https:\/\/trendsandvision.nl\/fr\/wp-content\/uploads\/sites\/4\/2022\/10\/AGG92_01.jpg\" \/>\n\t<meta property=\"og:image:width\" content=\"800\" \/>\n\t<meta property=\"og:image:height\" content=\"800\" \/>\n\t<meta property=\"og:image:type\" content=\"image\/jpeg\" \/>\n<meta name=\"twitter:card\" content=\"summary_large_image\" \/>\n<script type=\"application\/ld+json\" class=\"yoast-schema-graph\">{\"@context\":\"https:\\\/\\\/schema.org\",\"@graph\":[{\"@type\":\"WebPage\",\"@id\":\"https:\\\/\\\/trendsandvision.nl\\\/fr\\\/product\\\/esschert-design-ensemble-de-terrarium-vegetal-a-faire-soi-meme-3-litres\\\/\",\"url\":\"https:\\\/\\\/trendsandvision.nl\\\/fr\\\/product\\\/esschert-design-ensemble-de-terrarium-vegetal-a-faire-soi-meme-3-litres\\\/\",\"name\":\"Esschert Design Ensemble de terrarium v\u00e9g\u00e9tal \u00e0 faire soi-m\u00eame 3 litres\",\"isPartOf\":{\"@id\":\"https:\\\/\\\/trendsandvision.nl\\\/fr\\\/#website\"},\"primaryImageOfPage\":{\"@id\":\"https:\\\/\\\/trendsandvision.nl\\\/fr\\\/product\\\/esschert-design-ensemble-de-terrarium-vegetal-a-faire-soi-meme-3-litres\\\/#primaryimage\"},\"image\":{\"@id\":\"https:\\\/\\\/trendsandvision.nl\\\/fr\\\/product\\\/esschert-design-ensemble-de-terrarium-vegetal-a-faire-soi-meme-3-litres\\\/#primaryimage\"},\"thumbnailUrl\":\"https:\\\/\\\/trendsandvision.nl\\\/fr\\\/wp-content\\\/uploads\\\/sites\\\/4\\\/2022\\\/10\\\/AGG92_01.jpg\",\"datePublished\":\"2022-10-13T11:40:06+00:00\",\"dateModified\":\"2026-04-07T09:55:32+00:00\",\"description\":\"Esschert Design Ensemble de terrarium v\u00e9g\u00e9tal \u00e0 faire soi-m\u00eame 3 litres - Tout ce qu'il faut pour cr\u00e9er un terrarium v\u00e9g\u00e9tal. Comme la bouteille est ouverte, tout type de pla\",\"breadcrumb\":{\"@id\":\"https:\\\/\\\/trendsandvision.nl\\\/fr\\\/product\\\/esschert-design-ensemble-de-terrarium-vegetal-a-faire-soi-meme-3-litres\\\/#breadcrumb\"},\"inLanguage\":\"fr-FR\",\"potentialAction\":[{\"@type\":\"ReadAction\",\"target\":[\"https:\\\/\\\/trendsandvision.nl\\\/fr\\\/product\\\/esschert-design-ensemble-de-terrarium-vegetal-a-faire-soi-meme-3-litres\\\/\"]}]},{\"@type\":\"ImageObject\",\"inLanguage\":\"fr-FR\",\"@id\":\"https:\\\/\\\/trendsandvision.nl\\\/fr\\\/product\\\/esschert-design-ensemble-de-terrarium-vegetal-a-faire-soi-meme-3-litres\\\/#primaryimage\",\"url\":\"https:\\\/\\\/trendsandvision.nl\\\/fr\\\/wp-content\\\/uploads\\\/sites\\\/4\\\/2022\\\/10\\\/AGG92_01.jpg\",\"contentUrl\":\"https:\\\/\\\/trendsandvision.nl\\\/fr\\\/wp-content\\\/uploads\\\/sites\\\/4\\\/2022\\\/10\\\/AGG92_01.jpg\",\"width\":800,\"height\":800,\"caption\":\"Esschert Design Ensemble de terrarium v\u00e9g\u00e9tal \u00e0 faire soi-m\u00eame 3 litres (8714982184284\"},{\"@type\":\"BreadcrumbList\",\"@id\":\"https:\\\/\\\/trendsandvision.nl\\\/fr\\\/product\\\/esschert-design-ensemble-de-terrarium-vegetal-a-faire-soi-meme-3-litres\\\/#breadcrumb\",\"itemListElement\":[{\"@type\":\"ListItem\",\"position\":1,\"name\":\"Home\",\"item\":\"https:\\\/\\\/trendsandvision.nl\\\/fr\\\/\"},{\"@type\":\"ListItem\",\"position\":2,\"name\":\"le magasin\",\"item\":\"https:\\\/\\\/trendsandvision.nl\\\/fr\\\/le-magasin\\\/\"},{\"@type\":\"ListItem\",\"position\":3,\"name\":\"Esschert Design Ensemble de terrarium v\u00e9g\u00e9tal \u00e0 faire soi-m\u00eame 3 litres\"}]},{\"@type\":\"WebSite\",\"@id\":\"https:\\\/\\\/trendsandvision.nl\\\/fr\\\/#website\",\"url\":\"https:\\\/\\\/trendsandvision.nl\\\/fr\\\/\",\"name\":\"Trends &amp; Vision (FR)\",\"description\":\"La boutique en ligne pour les articles Esschert Design\",\"publisher\":{\"@id\":\"https:\\\/\\\/trendsandvision.nl\\\/fr\\\/#organization\"},\"potentialAction\":[{\"@type\":\"SearchAction\",\"target\":{\"@type\":\"EntryPoint\",\"urlTemplate\":\"https:\\\/\\\/trendsandvision.nl\\\/fr\\\/?s={search_term_string}\"},\"query-input\":{\"@type\":\"PropertyValueSpecification\",\"valueRequired\":true,\"valueName\":\"search_term_string\"}}],\"inLanguage\":\"fr-FR\"},{\"@type\":\"Organization\",\"@id\":\"https:\\\/\\\/trendsandvision.nl\\\/fr\\\/#organization\",\"name\":\"Trends &amp; Vision (FR)\",\"url\":\"https:\\\/\\\/trendsandvision.nl\\\/fr\\\/\",\"logo\":{\"@type\":\"ImageObject\",\"inLanguage\":\"fr-FR\",\"@id\":\"https:\\\/\\\/trendsandvision.nl\\\/fr\\\/#\\\/schema\\\/logo\\\/image\\\/\",\"url\":\"https:\\\/\\\/trendsandvision.nl\\\/fr\\\/wp-content\\\/uploads\\\/sites\\\/4\\\/2022\\\/10\\\/trends-and-vision-logo.jpg\",\"contentUrl\":\"https:\\\/\\\/trendsandvision.nl\\\/fr\\\/wp-content\\\/uploads\\\/sites\\\/4\\\/2022\\\/10\\\/trends-and-vision-logo.jpg\",\"width\":213,\"height\":100,\"caption\":\"Trends &amp; Vision (FR)\"},\"image\":{\"@id\":\"https:\\\/\\\/trendsandvision.nl\\\/fr\\\/#\\\/schema\\\/logo\\\/image\\\/\"}}]}<\/script>\n<!-- \/ Yoast SEO Premium plugin. -->","yoast_head_json":{"title":"Esschert Design Ensemble de terrarium v\u00e9g\u00e9tal \u00e0 faire soi-m\u00eame 3 litres","description":"Esschert Design Ensemble de terrarium v\u00e9g\u00e9tal \u00e0 faire soi-m\u00eame 3 litres - Tout ce qu'il faut pour cr\u00e9er un terrarium v\u00e9g\u00e9tal. Comme la bouteille est ouverte, tout type de pla","robots":{"index":"index","follow":"follow","max-snippet":"max-snippet:-1","max-image-preview":"max-image-preview:large","max-video-preview":"max-video-preview:-1"},"canonical":"https:\/\/trendsandvision.nl\/fr\/product\/esschert-design-ensemble-de-terrarium-vegetal-a-faire-soi-meme-3-litres\/","og_locale":"fr_FR","og_type":"article","og_title":"Esschert Design Ensemble de terrarium v\u00e9g\u00e9tal \u00e0 faire soi-m\u00eame 3 litres","og_description":"Esschert Design Ensemble de terrarium v\u00e9g\u00e9tal \u00e0 faire soi-m\u00eame 3 litres - Tout ce qu'il faut pour cr\u00e9er un terrarium v\u00e9g\u00e9tal. Comme la bouteille est ouverte, tout type de pla","og_url":"https:\/\/trendsandvision.nl\/fr\/product\/esschert-design-ensemble-de-terrarium-vegetal-a-faire-soi-meme-3-litres\/","og_site_name":"Trends &amp; Vision (FR)","article_modified_time":"2026-04-07T09:55:32+00:00","og_image":[{"width":800,"height":800,"url":"https:\/\/trendsandvision.nl\/fr\/wp-content\/uploads\/sites\/4\/2022\/10\/AGG92_01.jpg","type":"image\/jpeg"}],"twitter_card":"summary_large_image","schema":{"@context":"https:\/\/schema.org","@graph":[{"@type":"WebPage","@id":"https:\/\/trendsandvision.nl\/fr\/product\/esschert-design-ensemble-de-terrarium-vegetal-a-faire-soi-meme-3-litres\/","url":"https:\/\/trendsandvision.nl\/fr\/product\/esschert-design-ensemble-de-terrarium-vegetal-a-faire-soi-meme-3-litres\/","name":"Esschert Design Ensemble de terrarium v\u00e9g\u00e9tal \u00e0 faire soi-m\u00eame 3 litres","isPartOf":{"@id":"https:\/\/trendsandvision.nl\/fr\/#website"},"primaryImageOfPage":{"@id":"https:\/\/trendsandvision.nl\/fr\/product\/esschert-design-ensemble-de-terrarium-vegetal-a-faire-soi-meme-3-litres\/#primaryimage"},"image":{"@id":"https:\/\/trendsandvision.nl\/fr\/product\/esschert-design-ensemble-de-terrarium-vegetal-a-faire-soi-meme-3-litres\/#primaryimage"},"thumbnailUrl":"https:\/\/trendsandvision.nl\/fr\/wp-content\/uploads\/sites\/4\/2022\/10\/AGG92_01.jpg","datePublished":"2022-10-13T11:40:06+00:00","dateModified":"2026-04-07T09:55:32+00:00","description":"Esschert Design Ensemble de terrarium v\u00e9g\u00e9tal \u00e0 faire soi-m\u00eame 3 litres - Tout ce qu'il faut pour cr\u00e9er un terrarium v\u00e9g\u00e9tal. Comme la bouteille est ouverte, tout type de pla","breadcrumb":{"@id":"https:\/\/trendsandvision.nl\/fr\/product\/esschert-design-ensemble-de-terrarium-vegetal-a-faire-soi-meme-3-litres\/#breadcrumb"},"inLanguage":"fr-FR","potentialAction":[{"@type":"ReadAction","target":["https:\/\/trendsandvision.nl\/fr\/product\/esschert-design-ensemble-de-terrarium-vegetal-a-faire-soi-meme-3-litres\/"]}]},{"@type":"ImageObject","inLanguage":"fr-FR","@id":"https:\/\/trendsandvision.nl\/fr\/product\/esschert-design-ensemble-de-terrarium-vegetal-a-faire-soi-meme-3-litres\/#primaryimage","url":"https:\/\/trendsandvision.nl\/fr\/wp-content\/uploads\/sites\/4\/2022\/10\/AGG92_01.jpg","contentUrl":"https:\/\/trendsandvision.nl\/fr\/wp-content\/uploads\/sites\/4\/2022\/10\/AGG92_01.jpg","width":800,"height":800,"caption":"Esschert Design Ensemble de terrarium v\u00e9g\u00e9tal \u00e0 faire soi-m\u00eame 3 litres (8714982184284"},{"@type":"BreadcrumbList","@id":"https:\/\/trendsandvision.nl\/fr\/product\/esschert-design-ensemble-de-terrarium-vegetal-a-faire-soi-meme-3-litres\/#breadcrumb","itemListElement":[{"@type":"ListItem","position":1,"name":"Home","item":"https:\/\/trendsandvision.nl\/fr\/"},{"@type":"ListItem","position":2,"name":"le magasin","item":"https:\/\/trendsandvision.nl\/fr\/le-magasin\/"},{"@type":"ListItem","position":3,"name":"Esschert Design Ensemble de terrarium v\u00e9g\u00e9tal \u00e0 faire soi-m\u00eame 3 litres"}]},{"@type":"WebSite","@id":"https:\/\/trendsandvision.nl\/fr\/#website","url":"https:\/\/trendsandvision.nl\/fr\/","name":"Trends &amp; Vision (FR)","description":"La boutique en ligne pour les articles Esschert Design","publisher":{"@id":"https:\/\/trendsandvision.nl\/fr\/#organization"},"potentialAction":[{"@type":"SearchAction","target":{"@type":"EntryPoint","urlTemplate":"https:\/\/trendsandvision.nl\/fr\/?s={search_term_string}"},"query-input":{"@type":"PropertyValueSpecification","valueRequired":true,"valueName":"search_term_string"}}],"inLanguage":"fr-FR"},{"@type":"Organization","@id":"https:\/\/trendsandvision.nl\/fr\/#organization","name":"Trends &amp; Vision (FR)","url":"https:\/\/trendsandvision.nl\/fr\/","logo":{"@type":"ImageObject","inLanguage":"fr-FR","@id":"https:\/\/trendsandvision.nl\/fr\/#\/schema\/logo\/image\/","url":"https:\/\/trendsandvision.nl\/fr\/wp-content\/uploads\/sites\/4\/2022\/10\/trends-and-vision-logo.jpg","contentUrl":"https:\/\/trendsandvision.nl\/fr\/wp-content\/uploads\/sites\/4\/2022\/10\/trends-and-vision-logo.jpg","width":213,"height":100,"caption":"Trends &amp; Vision (FR)"},"image":{"@id":"https:\/\/trendsandvision.nl\/fr\/#\/schema\/logo\/image\/"}}]}},"_links":{"self":[{"href":"https:\/\/trendsandvision.nl\/fr\/wp-json\/wp\/v2\/product\/996","targetHints":{"allow":["GET"]}}],"collection":[{"href":"https:\/\/trendsandvision.nl\/fr\/wp-json\/wp\/v2\/product"}],"about":[{"href":"https:\/\/trendsandvision.nl\/fr\/wp-json\/wp\/v2\/types\/product"}],"wp:featuredmedia":[{"embeddable":true,"href":"https:\/\/trendsandvision.nl\/fr\/wp-json\/wp\/v2\/media\/997"}],"wp:attachment":[{"href":"https:\/\/trendsandvision.nl\/fr\/wp-json\/wp\/v2\/media?parent=996"}],"wp:term":[{"taxonomy":"product_brand","embeddable":true,"href":"https:\/\/trendsandvision.nl\/fr\/wp-json\/wp\/v2\/product_brand?post=996"},{"taxonomy":"product_cat","embeddable":true,"href":"https:\/\/trendsandvision.nl\/fr\/wp-json\/wp\/v2\/product_cat?post=996"},{"taxonomy":"product_tag","embeddable":true,"href":"https:\/\/trendsandvision.nl\/fr\/wp-json\/wp\/v2\/product_tag?post=996"}],"curies":[{"name":"wp","href":"https:\/\/api.w.org\/{rel}","templated":true}]}}