{"id":9825,"date":"2023-01-06T16:12:17","date_gmt":"2023-01-06T15:12:17","guid":{"rendered":"https:\/\/trendsandvision.nl\/fr\/product\/esschert-design-brosse-a-legumes-noix-de-coco\/"},"modified":"2026-04-07T12:12:59","modified_gmt":"2026-04-07T10:12:59","slug":"esschert-design-brosse-a-legumes-noix-de-coco","status":"publish","type":"product","link":"https:\/\/trendsandvision.nl\/fr\/product\/esschert-design-brosse-a-legumes-noix-de-coco\/","title":{"rendered":"Esschert Design Brosse \u00e0 l\u00e9gumes noix de coco"},"content":{"rendered":"<p>Cette brosse \u00e0 l\u00e9gumes multifonctionnelle est id\u00e9ale pour nettoyer les l\u00e9gumes du potager. Les fibres de noix de coco atteignent parfaitement tous les coins et recoins des fruits et l\u00e9gumes racines. Les casseroles et plats peuvent \u00e9galement \u00eatre parfaitement r\u00e9cur\u00e9s avec cette brosse en noix de coco.<\/p>\n<p>&#8211; 100 % naturel &#8211; Nettoyage sans rayures &#8211; Compostable &#8211; Multifonctionnel<\/p>\n","protected":false},"excerpt":{"rendered":"<p>Cette brosse \u00e0 l\u00e9gumes multifonctionnelle est id\u00e9ale pour nettoyer les l\u00e9gumes du potager. Les fibre&#8230;<\/p>\n","protected":false},"featured_media":9826,"template":"","meta":[],"product_brand":[7842,7843],"product_cat":[730],"product_tag":[],"class_list":{"0":"post-9825","1":"product","2":"type-product","3":"status-publish","4":"has-post-thumbnail","6":"product_brand-esschert-design","7":"product_brand-trends-vision","8":"product_cat-garden-tools","9":"pa_code-ean-5626","10":"pa_dimensions-84x42x134-cm","11":"pa_fabricant-esschert-design","13":"first","14":"instock","15":"sale","16":"taxable","17":"shipping-taxable","18":"purchasable","19":"product-type-simple","20":"czr-hentry"},"yoast_head":"<!-- This site is optimized with the Yoast SEO Premium plugin v26.4 (Yoast SEO v27.4) - https:\/\/yoast.com\/product\/yoast-seo-premium-wordpress\/ -->\n<title>Esschert Design Brosse \u00e0 l\u00e9gumes noix de coco (GT198, 8714982173974) - Trends &amp; Vision<\/title>\n<meta name=\"description\" content=\"Esschert Design Brosse \u00e0 l\u00e9gumes noix de coco (GT198, 8714982173974) - Cette brosse \u00e0 l\u00e9gumes multifonctionnelle est id\u00e9ale pour nettoyer les l\u00e9gumes du potager. Les fibre...\" \/>\n<meta name=\"robots\" content=\"index, follow, max-snippet:-1, max-image-preview:large, max-video-preview:-1\" \/>\n<link rel=\"canonical\" href=\"https:\/\/trendsandvision.nl\/fr\/product\/esschert-design-brosse-a-legumes-noix-de-coco\/\" \/>\n<meta property=\"og:locale\" content=\"fr_FR\" \/>\n<meta property=\"og:type\" content=\"article\" \/>\n<meta property=\"og:title\" content=\"Esschert Design Brosse \u00e0 l\u00e9gumes noix de coco\" \/>\n<meta property=\"og:description\" content=\"Esschert Design Brosse \u00e0 l\u00e9gumes noix de coco (GT198, 8714982173974) - Cette brosse \u00e0 l\u00e9gumes multifonctionnelle est id\u00e9ale pour nettoyer les l\u00e9gumes du potager. Les fibre...\" \/>\n<meta property=\"og:url\" content=\"https:\/\/trendsandvision.nl\/fr\/product\/esschert-design-brosse-a-legumes-noix-de-coco\/\" \/>\n<meta property=\"og:site_name\" content=\"Trends &amp; Vision (FR)\" \/>\n<meta property=\"article:modified_time\" content=\"2026-04-07T10:12:59+00:00\" \/>\n<meta property=\"og:image\" content=\"https:\/\/trendsandvision.nl\/fr\/wp-content\/uploads\/sites\/4\/2023\/01\/GT198_01.jpg\" \/>\n\t<meta property=\"og:image:width\" content=\"800\" \/>\n\t<meta property=\"og:image:height\" content=\"800\" \/>\n\t<meta property=\"og:image:type\" content=\"image\/jpeg\" \/>\n<meta name=\"twitter:card\" content=\"summary_large_image\" \/>\n<script type=\"application\/ld+json\" class=\"yoast-schema-graph\">{\"@context\":\"https:\\\/\\\/schema.org\",\"@graph\":[{\"@type\":\"WebPage\",\"@id\":\"https:\\\/\\\/trendsandvision.nl\\\/fr\\\/product\\\/esschert-design-brosse-a-legumes-noix-de-coco\\\/\",\"url\":\"https:\\\/\\\/trendsandvision.nl\\\/fr\\\/product\\\/esschert-design-brosse-a-legumes-noix-de-coco\\\/\",\"name\":\"Esschert Design Brosse \u00e0 l\u00e9gumes noix de coco (GT198, 8714982173974) - Trends & Vision\",\"isPartOf\":{\"@id\":\"https:\\\/\\\/trendsandvision.nl\\\/fr\\\/#website\"},\"primaryImageOfPage\":{\"@id\":\"https:\\\/\\\/trendsandvision.nl\\\/fr\\\/product\\\/esschert-design-brosse-a-legumes-noix-de-coco\\\/#primaryimage\"},\"image\":{\"@id\":\"https:\\\/\\\/trendsandvision.nl\\\/fr\\\/product\\\/esschert-design-brosse-a-legumes-noix-de-coco\\\/#primaryimage\"},\"thumbnailUrl\":\"https:\\\/\\\/trendsandvision.nl\\\/fr\\\/wp-content\\\/uploads\\\/sites\\\/4\\\/2023\\\/01\\\/GT198_01.jpg\",\"datePublished\":\"2023-01-06T15:12:17+00:00\",\"dateModified\":\"2026-04-07T10:12:59+00:00\",\"description\":\"Esschert Design Brosse \u00e0 l\u00e9gumes noix de coco (GT198, 8714982173974) - Cette brosse \u00e0 l\u00e9gumes multifonctionnelle est id\u00e9ale pour nettoyer les l\u00e9gumes du potager. Les fibre...\",\"breadcrumb\":{\"@id\":\"https:\\\/\\\/trendsandvision.nl\\\/fr\\\/product\\\/esschert-design-brosse-a-legumes-noix-de-coco\\\/#breadcrumb\"},\"inLanguage\":\"fr-FR\",\"potentialAction\":[{\"@type\":\"ReadAction\",\"target\":[\"https:\\\/\\\/trendsandvision.nl\\\/fr\\\/product\\\/esschert-design-brosse-a-legumes-noix-de-coco\\\/\"]}]},{\"@type\":\"ImageObject\",\"inLanguage\":\"fr-FR\",\"@id\":\"https:\\\/\\\/trendsandvision.nl\\\/fr\\\/product\\\/esschert-design-brosse-a-legumes-noix-de-coco\\\/#primaryimage\",\"url\":\"https:\\\/\\\/trendsandvision.nl\\\/fr\\\/wp-content\\\/uploads\\\/sites\\\/4\\\/2023\\\/01\\\/GT198_01.jpg\",\"contentUrl\":\"https:\\\/\\\/trendsandvision.nl\\\/fr\\\/wp-content\\\/uploads\\\/sites\\\/4\\\/2023\\\/01\\\/GT198_01.jpg\",\"width\":800,\"height\":800,\"caption\":\"Esschert Design Brosse \u00e0 l\u00e9gumes noix de coco (GT198 8714982173974) - 01\"},{\"@type\":\"BreadcrumbList\",\"@id\":\"https:\\\/\\\/trendsandvision.nl\\\/fr\\\/product\\\/esschert-design-brosse-a-legumes-noix-de-coco\\\/#breadcrumb\",\"itemListElement\":[{\"@type\":\"ListItem\",\"position\":1,\"name\":\"Home\",\"item\":\"https:\\\/\\\/trendsandvision.nl\\\/fr\\\/\"},{\"@type\":\"ListItem\",\"position\":2,\"name\":\"le magasin\",\"item\":\"https:\\\/\\\/trendsandvision.nl\\\/fr\\\/le-magasin\\\/\"},{\"@type\":\"ListItem\",\"position\":3,\"name\":\"Esschert Design Brosse \u00e0 l\u00e9gumes noix de coco\"}]},{\"@type\":\"WebSite\",\"@id\":\"https:\\\/\\\/trendsandvision.nl\\\/fr\\\/#website\",\"url\":\"https:\\\/\\\/trendsandvision.nl\\\/fr\\\/\",\"name\":\"Trends &amp; Vision (FR)\",\"description\":\"La boutique en ligne pour les articles Esschert Design\",\"publisher\":{\"@id\":\"https:\\\/\\\/trendsandvision.nl\\\/fr\\\/#organization\"},\"potentialAction\":[{\"@type\":\"SearchAction\",\"target\":{\"@type\":\"EntryPoint\",\"urlTemplate\":\"https:\\\/\\\/trendsandvision.nl\\\/fr\\\/?s={search_term_string}\"},\"query-input\":{\"@type\":\"PropertyValueSpecification\",\"valueRequired\":true,\"valueName\":\"search_term_string\"}}],\"inLanguage\":\"fr-FR\"},{\"@type\":\"Organization\",\"@id\":\"https:\\\/\\\/trendsandvision.nl\\\/fr\\\/#organization\",\"name\":\"Trends &amp; Vision (FR)\",\"url\":\"https:\\\/\\\/trendsandvision.nl\\\/fr\\\/\",\"logo\":{\"@type\":\"ImageObject\",\"inLanguage\":\"fr-FR\",\"@id\":\"https:\\\/\\\/trendsandvision.nl\\\/fr\\\/#\\\/schema\\\/logo\\\/image\\\/\",\"url\":\"https:\\\/\\\/trendsandvision.nl\\\/fr\\\/wp-content\\\/uploads\\\/sites\\\/4\\\/2022\\\/10\\\/trends-and-vision-logo.jpg\",\"contentUrl\":\"https:\\\/\\\/trendsandvision.nl\\\/fr\\\/wp-content\\\/uploads\\\/sites\\\/4\\\/2022\\\/10\\\/trends-and-vision-logo.jpg\",\"width\":213,\"height\":100,\"caption\":\"Trends &amp; Vision (FR)\"},\"image\":{\"@id\":\"https:\\\/\\\/trendsandvision.nl\\\/fr\\\/#\\\/schema\\\/logo\\\/image\\\/\"}}]}<\/script>\n<!-- \/ Yoast SEO Premium plugin. -->","yoast_head_json":{"title":"Esschert Design Brosse \u00e0 l\u00e9gumes noix de coco (GT198, 8714982173974) - Trends & Vision","description":"Esschert Design Brosse \u00e0 l\u00e9gumes noix de coco (GT198, 8714982173974) - Cette brosse \u00e0 l\u00e9gumes multifonctionnelle est id\u00e9ale pour nettoyer les l\u00e9gumes du potager. Les fibre...","robots":{"index":"index","follow":"follow","max-snippet":"max-snippet:-1","max-image-preview":"max-image-preview:large","max-video-preview":"max-video-preview:-1"},"canonical":"https:\/\/trendsandvision.nl\/fr\/product\/esschert-design-brosse-a-legumes-noix-de-coco\/","og_locale":"fr_FR","og_type":"article","og_title":"Esschert Design Brosse \u00e0 l\u00e9gumes noix de coco","og_description":"Esschert Design Brosse \u00e0 l\u00e9gumes noix de coco (GT198, 8714982173974) - Cette brosse \u00e0 l\u00e9gumes multifonctionnelle est id\u00e9ale pour nettoyer les l\u00e9gumes du potager. Les fibre...","og_url":"https:\/\/trendsandvision.nl\/fr\/product\/esschert-design-brosse-a-legumes-noix-de-coco\/","og_site_name":"Trends &amp; Vision (FR)","article_modified_time":"2026-04-07T10:12:59+00:00","og_image":[{"width":800,"height":800,"url":"https:\/\/trendsandvision.nl\/fr\/wp-content\/uploads\/sites\/4\/2023\/01\/GT198_01.jpg","type":"image\/jpeg"}],"twitter_card":"summary_large_image","schema":{"@context":"https:\/\/schema.org","@graph":[{"@type":"WebPage","@id":"https:\/\/trendsandvision.nl\/fr\/product\/esschert-design-brosse-a-legumes-noix-de-coco\/","url":"https:\/\/trendsandvision.nl\/fr\/product\/esschert-design-brosse-a-legumes-noix-de-coco\/","name":"Esschert Design Brosse \u00e0 l\u00e9gumes noix de coco (GT198, 8714982173974) - Trends & Vision","isPartOf":{"@id":"https:\/\/trendsandvision.nl\/fr\/#website"},"primaryImageOfPage":{"@id":"https:\/\/trendsandvision.nl\/fr\/product\/esschert-design-brosse-a-legumes-noix-de-coco\/#primaryimage"},"image":{"@id":"https:\/\/trendsandvision.nl\/fr\/product\/esschert-design-brosse-a-legumes-noix-de-coco\/#primaryimage"},"thumbnailUrl":"https:\/\/trendsandvision.nl\/fr\/wp-content\/uploads\/sites\/4\/2023\/01\/GT198_01.jpg","datePublished":"2023-01-06T15:12:17+00:00","dateModified":"2026-04-07T10:12:59+00:00","description":"Esschert Design Brosse \u00e0 l\u00e9gumes noix de coco (GT198, 8714982173974) - Cette brosse \u00e0 l\u00e9gumes multifonctionnelle est id\u00e9ale pour nettoyer les l\u00e9gumes du potager. Les fibre...","breadcrumb":{"@id":"https:\/\/trendsandvision.nl\/fr\/product\/esschert-design-brosse-a-legumes-noix-de-coco\/#breadcrumb"},"inLanguage":"fr-FR","potentialAction":[{"@type":"ReadAction","target":["https:\/\/trendsandvision.nl\/fr\/product\/esschert-design-brosse-a-legumes-noix-de-coco\/"]}]},{"@type":"ImageObject","inLanguage":"fr-FR","@id":"https:\/\/trendsandvision.nl\/fr\/product\/esschert-design-brosse-a-legumes-noix-de-coco\/#primaryimage","url":"https:\/\/trendsandvision.nl\/fr\/wp-content\/uploads\/sites\/4\/2023\/01\/GT198_01.jpg","contentUrl":"https:\/\/trendsandvision.nl\/fr\/wp-content\/uploads\/sites\/4\/2023\/01\/GT198_01.jpg","width":800,"height":800,"caption":"Esschert Design Brosse \u00e0 l\u00e9gumes noix de coco (GT198 8714982173974) - 01"},{"@type":"BreadcrumbList","@id":"https:\/\/trendsandvision.nl\/fr\/product\/esschert-design-brosse-a-legumes-noix-de-coco\/#breadcrumb","itemListElement":[{"@type":"ListItem","position":1,"name":"Home","item":"https:\/\/trendsandvision.nl\/fr\/"},{"@type":"ListItem","position":2,"name":"le magasin","item":"https:\/\/trendsandvision.nl\/fr\/le-magasin\/"},{"@type":"ListItem","position":3,"name":"Esschert Design Brosse \u00e0 l\u00e9gumes noix de coco"}]},{"@type":"WebSite","@id":"https:\/\/trendsandvision.nl\/fr\/#website","url":"https:\/\/trendsandvision.nl\/fr\/","name":"Trends &amp; Vision (FR)","description":"La boutique en ligne pour les articles Esschert Design","publisher":{"@id":"https:\/\/trendsandvision.nl\/fr\/#organization"},"potentialAction":[{"@type":"SearchAction","target":{"@type":"EntryPoint","urlTemplate":"https:\/\/trendsandvision.nl\/fr\/?s={search_term_string}"},"query-input":{"@type":"PropertyValueSpecification","valueRequired":true,"valueName":"search_term_string"}}],"inLanguage":"fr-FR"},{"@type":"Organization","@id":"https:\/\/trendsandvision.nl\/fr\/#organization","name":"Trends &amp; Vision (FR)","url":"https:\/\/trendsandvision.nl\/fr\/","logo":{"@type":"ImageObject","inLanguage":"fr-FR","@id":"https:\/\/trendsandvision.nl\/fr\/#\/schema\/logo\/image\/","url":"https:\/\/trendsandvision.nl\/fr\/wp-content\/uploads\/sites\/4\/2022\/10\/trends-and-vision-logo.jpg","contentUrl":"https:\/\/trendsandvision.nl\/fr\/wp-content\/uploads\/sites\/4\/2022\/10\/trends-and-vision-logo.jpg","width":213,"height":100,"caption":"Trends &amp; Vision (FR)"},"image":{"@id":"https:\/\/trendsandvision.nl\/fr\/#\/schema\/logo\/image\/"}}]}},"_links":{"self":[{"href":"https:\/\/trendsandvision.nl\/fr\/wp-json\/wp\/v2\/product\/9825","targetHints":{"allow":["GET"]}}],"collection":[{"href":"https:\/\/trendsandvision.nl\/fr\/wp-json\/wp\/v2\/product"}],"about":[{"href":"https:\/\/trendsandvision.nl\/fr\/wp-json\/wp\/v2\/types\/product"}],"wp:featuredmedia":[{"embeddable":true,"href":"https:\/\/trendsandvision.nl\/fr\/wp-json\/wp\/v2\/media\/9826"}],"wp:attachment":[{"href":"https:\/\/trendsandvision.nl\/fr\/wp-json\/wp\/v2\/media?parent=9825"}],"wp:term":[{"taxonomy":"product_brand","embeddable":true,"href":"https:\/\/trendsandvision.nl\/fr\/wp-json\/wp\/v2\/product_brand?post=9825"},{"taxonomy":"product_cat","embeddable":true,"href":"https:\/\/trendsandvision.nl\/fr\/wp-json\/wp\/v2\/product_cat?post=9825"},{"taxonomy":"product_tag","embeddable":true,"href":"https:\/\/trendsandvision.nl\/fr\/wp-json\/wp\/v2\/product_tag?post=9825"}],"curies":[{"name":"wp","href":"https:\/\/api.w.org\/{rel}","templated":true}]}}