{"id":9723,"date":"2023-01-06T16:10:56","date_gmt":"2023-01-06T15:10:56","guid":{"rendered":"https:\/\/trendsandvision.nl\/fr\/product\/esschert-design-brasero-avec-range-bois-80-cm-noir\/"},"modified":"2026-04-07T12:09:36","modified_gmt":"2026-04-07T10:09:36","slug":"esschert-design-brasero-avec-range-bois-80-cm-noir","status":"publish","type":"product","link":"https:\/\/trendsandvision.nl\/fr\/product\/esschert-design-brasero-avec-range-bois-80-cm-noir\/","title":{"rendered":"Esschert Design Bras\u00e9ro avec range bois 80 cm noir"},"content":{"rendered":"<p>Ce bras\u00e9ro avec range bois combine style et fonctionnalit\u00e9 \u00e0 merveille. Le bras\u00e9ro sur\u00e9lev\u00e9 de couleur noire dispose d&rsquo;un grand espace de rangement pour le bois, de sorte que vous avez toujours le bois \u00e0 port\u00e9e de main. Son design attire tous les regards et cr\u00e9e une atmosph\u00e8re chaleureuse dans le jardin, id\u00e9al pour de merveilleuses soir\u00e9es dans le jardin en famille ou entre amis.<\/p>\n<p>&#8211; le bras\u00e9ro est plac\u00e9 dans le range bois pendant le transport &#8211; aspect authentique<\/p>\n","protected":false},"excerpt":{"rendered":"<p>Ce bras\u00e9ro avec range bois combine style et fonctionnalit\u00e9 \u00e0 merveille. Le bras\u00e9ro sur\u00e9lev\u00e9 de coule&#8230;<\/p>\n","protected":false},"featured_media":9724,"template":"","meta":[],"product_brand":[7842,7843],"product_cat":[1109],"product_tag":[],"class_list":{"0":"post-9723","1":"product","2":"type-product","3":"status-publish","4":"has-post-thumbnail","6":"product_brand-esschert-design","7":"product_brand-trends-vision","8":"product_cat-fancy-flames","9":"pa_code-ean-5565","10":"pa_dimensions-805x805x632-cm","11":"pa_fabricant-esschert-design","13":"first","14":"instock","15":"sale","16":"taxable","17":"shipping-taxable","18":"purchasable","19":"product-type-simple","20":"czr-hentry"},"yoast_head":"<!-- This site is optimized with the Yoast SEO Premium plugin v26.4 (Yoast SEO v27.4) - https:\/\/yoast.com\/product\/yoast-seo-premium-wordpress\/ -->\n<title>Esschert Design Bras\u00e9ro avec range bois 80 cm noir (FF528, 8714982215971) - Trends &amp; Vision<\/title>\n<meta name=\"description\" content=\"Esschert Design Bras\u00e9ro avec range bois 80 cm noir (FF528, 8714982215971) - Ce bras\u00e9ro avec range bois combine style et fonctionnalit\u00e9 \u00e0 merveille. Le bras\u00e9ro sur\u00e9lev\u00e9 de coule...\" \/>\n<meta name=\"robots\" content=\"index, follow, max-snippet:-1, max-image-preview:large, max-video-preview:-1\" \/>\n<link rel=\"canonical\" href=\"https:\/\/trendsandvision.nl\/fr\/product\/esschert-design-brasero-avec-range-bois-80-cm-noir\/\" \/>\n<meta property=\"og:locale\" content=\"fr_FR\" \/>\n<meta property=\"og:type\" content=\"article\" \/>\n<meta property=\"og:title\" content=\"Esschert Design Bras\u00e9ro avec range bois 80 cm noir\" \/>\n<meta property=\"og:description\" content=\"Esschert Design Bras\u00e9ro avec range bois 80 cm noir (FF528, 8714982215971) - Ce bras\u00e9ro avec range bois combine style et fonctionnalit\u00e9 \u00e0 merveille. Le bras\u00e9ro sur\u00e9lev\u00e9 de coule...\" \/>\n<meta property=\"og:url\" content=\"https:\/\/trendsandvision.nl\/fr\/product\/esschert-design-brasero-avec-range-bois-80-cm-noir\/\" \/>\n<meta property=\"og:site_name\" content=\"Trends &amp; Vision (FR)\" \/>\n<meta property=\"article:modified_time\" content=\"2026-04-07T10:09:36+00:00\" \/>\n<meta property=\"og:image\" content=\"https:\/\/trendsandvision.nl\/fr\/wp-content\/uploads\/sites\/4\/2023\/01\/FF528_01.jpg\" \/>\n\t<meta property=\"og:image:width\" content=\"800\" \/>\n\t<meta property=\"og:image:height\" content=\"800\" \/>\n\t<meta property=\"og:image:type\" content=\"image\/jpeg\" \/>\n<meta name=\"twitter:card\" content=\"summary_large_image\" \/>\n<script type=\"application\/ld+json\" class=\"yoast-schema-graph\">{\"@context\":\"https:\\\/\\\/schema.org\",\"@graph\":[{\"@type\":\"WebPage\",\"@id\":\"https:\\\/\\\/trendsandvision.nl\\\/fr\\\/product\\\/esschert-design-brasero-avec-range-bois-80-cm-noir\\\/\",\"url\":\"https:\\\/\\\/trendsandvision.nl\\\/fr\\\/product\\\/esschert-design-brasero-avec-range-bois-80-cm-noir\\\/\",\"name\":\"Esschert Design Bras\u00e9ro avec range bois 80 cm noir (FF528, 8714982215971) - Trends & Vision\",\"isPartOf\":{\"@id\":\"https:\\\/\\\/trendsandvision.nl\\\/fr\\\/#website\"},\"primaryImageOfPage\":{\"@id\":\"https:\\\/\\\/trendsandvision.nl\\\/fr\\\/product\\\/esschert-design-brasero-avec-range-bois-80-cm-noir\\\/#primaryimage\"},\"image\":{\"@id\":\"https:\\\/\\\/trendsandvision.nl\\\/fr\\\/product\\\/esschert-design-brasero-avec-range-bois-80-cm-noir\\\/#primaryimage\"},\"thumbnailUrl\":\"https:\\\/\\\/trendsandvision.nl\\\/fr\\\/wp-content\\\/uploads\\\/sites\\\/4\\\/2023\\\/01\\\/FF528_01.jpg\",\"datePublished\":\"2023-01-06T15:10:56+00:00\",\"dateModified\":\"2026-04-07T10:09:36+00:00\",\"description\":\"Esschert Design Bras\u00e9ro avec range bois 80 cm noir (FF528, 8714982215971) - Ce bras\u00e9ro avec range bois combine style et fonctionnalit\u00e9 \u00e0 merveille. Le bras\u00e9ro sur\u00e9lev\u00e9 de coule...\",\"breadcrumb\":{\"@id\":\"https:\\\/\\\/trendsandvision.nl\\\/fr\\\/product\\\/esschert-design-brasero-avec-range-bois-80-cm-noir\\\/#breadcrumb\"},\"inLanguage\":\"fr-FR\",\"potentialAction\":[{\"@type\":\"ReadAction\",\"target\":[\"https:\\\/\\\/trendsandvision.nl\\\/fr\\\/product\\\/esschert-design-brasero-avec-range-bois-80-cm-noir\\\/\"]}]},{\"@type\":\"ImageObject\",\"inLanguage\":\"fr-FR\",\"@id\":\"https:\\\/\\\/trendsandvision.nl\\\/fr\\\/product\\\/esschert-design-brasero-avec-range-bois-80-cm-noir\\\/#primaryimage\",\"url\":\"https:\\\/\\\/trendsandvision.nl\\\/fr\\\/wp-content\\\/uploads\\\/sites\\\/4\\\/2023\\\/01\\\/FF528_01.jpg\",\"contentUrl\":\"https:\\\/\\\/trendsandvision.nl\\\/fr\\\/wp-content\\\/uploads\\\/sites\\\/4\\\/2023\\\/01\\\/FF528_01.jpg\",\"width\":800,\"height\":800,\"caption\":\"Esschert Design Bras\u00e9ro avec range bois 80 cm noir (FF528 8714982215971) - 01\"},{\"@type\":\"BreadcrumbList\",\"@id\":\"https:\\\/\\\/trendsandvision.nl\\\/fr\\\/product\\\/esschert-design-brasero-avec-range-bois-80-cm-noir\\\/#breadcrumb\",\"itemListElement\":[{\"@type\":\"ListItem\",\"position\":1,\"name\":\"Home\",\"item\":\"https:\\\/\\\/trendsandvision.nl\\\/fr\\\/\"},{\"@type\":\"ListItem\",\"position\":2,\"name\":\"le magasin\",\"item\":\"https:\\\/\\\/trendsandvision.nl\\\/fr\\\/le-magasin\\\/\"},{\"@type\":\"ListItem\",\"position\":3,\"name\":\"Esschert Design Bras\u00e9ro avec range bois 80 cm noir\"}]},{\"@type\":\"WebSite\",\"@id\":\"https:\\\/\\\/trendsandvision.nl\\\/fr\\\/#website\",\"url\":\"https:\\\/\\\/trendsandvision.nl\\\/fr\\\/\",\"name\":\"Trends &amp; Vision (FR)\",\"description\":\"La boutique en ligne pour les articles Esschert Design\",\"publisher\":{\"@id\":\"https:\\\/\\\/trendsandvision.nl\\\/fr\\\/#organization\"},\"potentialAction\":[{\"@type\":\"SearchAction\",\"target\":{\"@type\":\"EntryPoint\",\"urlTemplate\":\"https:\\\/\\\/trendsandvision.nl\\\/fr\\\/?s={search_term_string}\"},\"query-input\":{\"@type\":\"PropertyValueSpecification\",\"valueRequired\":true,\"valueName\":\"search_term_string\"}}],\"inLanguage\":\"fr-FR\"},{\"@type\":\"Organization\",\"@id\":\"https:\\\/\\\/trendsandvision.nl\\\/fr\\\/#organization\",\"name\":\"Trends &amp; Vision (FR)\",\"url\":\"https:\\\/\\\/trendsandvision.nl\\\/fr\\\/\",\"logo\":{\"@type\":\"ImageObject\",\"inLanguage\":\"fr-FR\",\"@id\":\"https:\\\/\\\/trendsandvision.nl\\\/fr\\\/#\\\/schema\\\/logo\\\/image\\\/\",\"url\":\"https:\\\/\\\/trendsandvision.nl\\\/fr\\\/wp-content\\\/uploads\\\/sites\\\/4\\\/2022\\\/10\\\/trends-and-vision-logo.jpg\",\"contentUrl\":\"https:\\\/\\\/trendsandvision.nl\\\/fr\\\/wp-content\\\/uploads\\\/sites\\\/4\\\/2022\\\/10\\\/trends-and-vision-logo.jpg\",\"width\":213,\"height\":100,\"caption\":\"Trends &amp; Vision (FR)\"},\"image\":{\"@id\":\"https:\\\/\\\/trendsandvision.nl\\\/fr\\\/#\\\/schema\\\/logo\\\/image\\\/\"}}]}<\/script>\n<!-- \/ Yoast SEO Premium plugin. -->","yoast_head_json":{"title":"Esschert Design Bras\u00e9ro avec range bois 80 cm noir (FF528, 8714982215971) - Trends & Vision","description":"Esschert Design Bras\u00e9ro avec range bois 80 cm noir (FF528, 8714982215971) - Ce bras\u00e9ro avec range bois combine style et fonctionnalit\u00e9 \u00e0 merveille. Le bras\u00e9ro sur\u00e9lev\u00e9 de coule...","robots":{"index":"index","follow":"follow","max-snippet":"max-snippet:-1","max-image-preview":"max-image-preview:large","max-video-preview":"max-video-preview:-1"},"canonical":"https:\/\/trendsandvision.nl\/fr\/product\/esschert-design-brasero-avec-range-bois-80-cm-noir\/","og_locale":"fr_FR","og_type":"article","og_title":"Esschert Design Bras\u00e9ro avec range bois 80 cm noir","og_description":"Esschert Design Bras\u00e9ro avec range bois 80 cm noir (FF528, 8714982215971) - Ce bras\u00e9ro avec range bois combine style et fonctionnalit\u00e9 \u00e0 merveille. Le bras\u00e9ro sur\u00e9lev\u00e9 de coule...","og_url":"https:\/\/trendsandvision.nl\/fr\/product\/esschert-design-brasero-avec-range-bois-80-cm-noir\/","og_site_name":"Trends &amp; Vision (FR)","article_modified_time":"2026-04-07T10:09:36+00:00","og_image":[{"width":800,"height":800,"url":"https:\/\/trendsandvision.nl\/fr\/wp-content\/uploads\/sites\/4\/2023\/01\/FF528_01.jpg","type":"image\/jpeg"}],"twitter_card":"summary_large_image","schema":{"@context":"https:\/\/schema.org","@graph":[{"@type":"WebPage","@id":"https:\/\/trendsandvision.nl\/fr\/product\/esschert-design-brasero-avec-range-bois-80-cm-noir\/","url":"https:\/\/trendsandvision.nl\/fr\/product\/esschert-design-brasero-avec-range-bois-80-cm-noir\/","name":"Esschert Design Bras\u00e9ro avec range bois 80 cm noir (FF528, 8714982215971) - Trends & Vision","isPartOf":{"@id":"https:\/\/trendsandvision.nl\/fr\/#website"},"primaryImageOfPage":{"@id":"https:\/\/trendsandvision.nl\/fr\/product\/esschert-design-brasero-avec-range-bois-80-cm-noir\/#primaryimage"},"image":{"@id":"https:\/\/trendsandvision.nl\/fr\/product\/esschert-design-brasero-avec-range-bois-80-cm-noir\/#primaryimage"},"thumbnailUrl":"https:\/\/trendsandvision.nl\/fr\/wp-content\/uploads\/sites\/4\/2023\/01\/FF528_01.jpg","datePublished":"2023-01-06T15:10:56+00:00","dateModified":"2026-04-07T10:09:36+00:00","description":"Esschert Design Bras\u00e9ro avec range bois 80 cm noir (FF528, 8714982215971) - Ce bras\u00e9ro avec range bois combine style et fonctionnalit\u00e9 \u00e0 merveille. Le bras\u00e9ro sur\u00e9lev\u00e9 de coule...","breadcrumb":{"@id":"https:\/\/trendsandvision.nl\/fr\/product\/esschert-design-brasero-avec-range-bois-80-cm-noir\/#breadcrumb"},"inLanguage":"fr-FR","potentialAction":[{"@type":"ReadAction","target":["https:\/\/trendsandvision.nl\/fr\/product\/esschert-design-brasero-avec-range-bois-80-cm-noir\/"]}]},{"@type":"ImageObject","inLanguage":"fr-FR","@id":"https:\/\/trendsandvision.nl\/fr\/product\/esschert-design-brasero-avec-range-bois-80-cm-noir\/#primaryimage","url":"https:\/\/trendsandvision.nl\/fr\/wp-content\/uploads\/sites\/4\/2023\/01\/FF528_01.jpg","contentUrl":"https:\/\/trendsandvision.nl\/fr\/wp-content\/uploads\/sites\/4\/2023\/01\/FF528_01.jpg","width":800,"height":800,"caption":"Esschert Design Bras\u00e9ro avec range bois 80 cm noir (FF528 8714982215971) - 01"},{"@type":"BreadcrumbList","@id":"https:\/\/trendsandvision.nl\/fr\/product\/esschert-design-brasero-avec-range-bois-80-cm-noir\/#breadcrumb","itemListElement":[{"@type":"ListItem","position":1,"name":"Home","item":"https:\/\/trendsandvision.nl\/fr\/"},{"@type":"ListItem","position":2,"name":"le magasin","item":"https:\/\/trendsandvision.nl\/fr\/le-magasin\/"},{"@type":"ListItem","position":3,"name":"Esschert Design Bras\u00e9ro avec range bois 80 cm noir"}]},{"@type":"WebSite","@id":"https:\/\/trendsandvision.nl\/fr\/#website","url":"https:\/\/trendsandvision.nl\/fr\/","name":"Trends &amp; Vision (FR)","description":"La boutique en ligne pour les articles Esschert Design","publisher":{"@id":"https:\/\/trendsandvision.nl\/fr\/#organization"},"potentialAction":[{"@type":"SearchAction","target":{"@type":"EntryPoint","urlTemplate":"https:\/\/trendsandvision.nl\/fr\/?s={search_term_string}"},"query-input":{"@type":"PropertyValueSpecification","valueRequired":true,"valueName":"search_term_string"}}],"inLanguage":"fr-FR"},{"@type":"Organization","@id":"https:\/\/trendsandvision.nl\/fr\/#organization","name":"Trends &amp; Vision (FR)","url":"https:\/\/trendsandvision.nl\/fr\/","logo":{"@type":"ImageObject","inLanguage":"fr-FR","@id":"https:\/\/trendsandvision.nl\/fr\/#\/schema\/logo\/image\/","url":"https:\/\/trendsandvision.nl\/fr\/wp-content\/uploads\/sites\/4\/2022\/10\/trends-and-vision-logo.jpg","contentUrl":"https:\/\/trendsandvision.nl\/fr\/wp-content\/uploads\/sites\/4\/2022\/10\/trends-and-vision-logo.jpg","width":213,"height":100,"caption":"Trends &amp; Vision (FR)"},"image":{"@id":"https:\/\/trendsandvision.nl\/fr\/#\/schema\/logo\/image\/"}}]}},"_links":{"self":[{"href":"https:\/\/trendsandvision.nl\/fr\/wp-json\/wp\/v2\/product\/9723","targetHints":{"allow":["GET"]}}],"collection":[{"href":"https:\/\/trendsandvision.nl\/fr\/wp-json\/wp\/v2\/product"}],"about":[{"href":"https:\/\/trendsandvision.nl\/fr\/wp-json\/wp\/v2\/types\/product"}],"wp:featuredmedia":[{"embeddable":true,"href":"https:\/\/trendsandvision.nl\/fr\/wp-json\/wp\/v2\/media\/9724"}],"wp:attachment":[{"href":"https:\/\/trendsandvision.nl\/fr\/wp-json\/wp\/v2\/media?parent=9723"}],"wp:term":[{"taxonomy":"product_brand","embeddable":true,"href":"https:\/\/trendsandvision.nl\/fr\/wp-json\/wp\/v2\/product_brand?post=9723"},{"taxonomy":"product_cat","embeddable":true,"href":"https:\/\/trendsandvision.nl\/fr\/wp-json\/wp\/v2\/product_cat?post=9723"},{"taxonomy":"product_tag","embeddable":true,"href":"https:\/\/trendsandvision.nl\/fr\/wp-json\/wp\/v2\/product_tag?post=9723"}],"curies":[{"name":"wp","href":"https:\/\/api.w.org\/{rel}","templated":true}]}}