{"id":9709,"date":"2023-01-06T16:10:44","date_gmt":"2023-01-06T15:10:44","guid":{"rendered":"https:\/\/trendsandvision.nl\/fr\/product\/esschert-design-brasero-avec-range-bois-60-cm-rouille\/"},"modified":"2026-04-07T12:09:33","modified_gmt":"2026-04-07T10:09:33","slug":"esschert-design-brasero-avec-range-bois-60-cm-rouille","status":"publish","type":"product","link":"https:\/\/trendsandvision.nl\/fr\/product\/esschert-design-brasero-avec-range-bois-60-cm-rouille\/","title":{"rendered":"Esschert Design Bras\u00e9ro avec range bois 60 cm rouille"},"content":{"rendered":"<p>Ce bras\u00e9ro avec range bois combine style et fonctionnalit\u00e9 \u00e0 merveille. Le bras\u00e9ro sur\u00e9lev\u00e9 de couleur rouille dispose d&rsquo;un grand espace de rangement pour le bois, de sorte que vous avez toujours le bois \u00e0 port\u00e9e de main. Au fil du temps, la couleur rouille devient encore plus authentique gr\u00e2ce \u00e0 l&rsquo;influence du feu, du temps et des intemp\u00e9ries. Son design attire tous les regards et cr\u00e9e une atmosph\u00e8re chaleureuse dans le jardin, id\u00e9al pour de merveilleuses soir\u00e9es dans le jardin en famille ou entre amis.<\/p>\n<p>&#8211; le bras\u00e9ro est plac\u00e9 dans le range bois pendant le transport &#8211; aspect authentique<\/p>\n","protected":false},"excerpt":{"rendered":"<p>Ce bras\u00e9ro avec range bois combine style et fonctionnalit\u00e9 \u00e0 merveille. Le bras\u00e9ro sur\u00e9lev\u00e9 de coule&#8230;<\/p>\n","protected":false},"featured_media":9710,"template":"","meta":[],"product_brand":[7842,7843],"product_cat":[1109],"product_tag":[],"class_list":{"0":"post-9709","1":"product","2":"type-product","3":"status-publish","4":"has-post-thumbnail","6":"product_brand-esschert-design","7":"product_brand-trends-vision","8":"product_cat-fancy-flames","9":"pa_code-ean-5561","10":"pa_dimensions-610x610x620-cm","11":"pa_fabricant-esschert-design","13":"first","14":"instock","15":"sale","16":"taxable","17":"shipping-taxable","18":"purchasable","19":"product-type-simple","20":"czr-hentry"},"yoast_head":"<!-- This site is optimized with the Yoast SEO Premium plugin v26.4 (Yoast SEO v27.4) - https:\/\/yoast.com\/product\/yoast-seo-premium-wordpress\/ -->\n<title>Esschert Design Bras\u00e9ro avec range bois 60 cm rouille (FF525, 8714982215940) - Trends &amp; Vision<\/title>\n<meta name=\"description\" content=\"Esschert Design Bras\u00e9ro avec range bois 60 cm rouille (FF525, 8714982215940) - Ce bras\u00e9ro avec range bois combine style et fonctionnalit\u00e9 \u00e0 merveille. Le bras\u00e9ro sur\u00e9lev\u00e9 de coule...\" \/>\n<meta name=\"robots\" content=\"index, follow, max-snippet:-1, max-image-preview:large, max-video-preview:-1\" \/>\n<link rel=\"canonical\" href=\"https:\/\/trendsandvision.nl\/fr\/product\/esschert-design-brasero-avec-range-bois-60-cm-rouille\/\" \/>\n<meta property=\"og:locale\" content=\"fr_FR\" \/>\n<meta property=\"og:type\" content=\"article\" \/>\n<meta property=\"og:title\" content=\"Esschert Design Bras\u00e9ro avec range bois 60 cm rouille\" \/>\n<meta property=\"og:description\" content=\"Esschert Design Bras\u00e9ro avec range bois 60 cm rouille (FF525, 8714982215940) - Ce bras\u00e9ro avec range bois combine style et fonctionnalit\u00e9 \u00e0 merveille. Le bras\u00e9ro sur\u00e9lev\u00e9 de coule...\" \/>\n<meta property=\"og:url\" content=\"https:\/\/trendsandvision.nl\/fr\/product\/esschert-design-brasero-avec-range-bois-60-cm-rouille\/\" \/>\n<meta property=\"og:site_name\" content=\"Trends &amp; Vision (FR)\" \/>\n<meta property=\"article:modified_time\" content=\"2026-04-07T10:09:33+00:00\" \/>\n<meta property=\"og:image\" content=\"https:\/\/trendsandvision.nl\/fr\/wp-content\/uploads\/sites\/4\/2023\/01\/FF525_01.jpg\" \/>\n\t<meta property=\"og:image:width\" content=\"800\" \/>\n\t<meta property=\"og:image:height\" content=\"800\" \/>\n\t<meta property=\"og:image:type\" content=\"image\/jpeg\" \/>\n<meta name=\"twitter:card\" content=\"summary_large_image\" \/>\n<meta name=\"twitter:label1\" content=\"Dur\u00e9e de lecture estim\u00e9e\" \/>\n\t<meta name=\"twitter:data1\" content=\"1 minute\" \/>\n<script type=\"application\/ld+json\" class=\"yoast-schema-graph\">{\"@context\":\"https:\\\/\\\/schema.org\",\"@graph\":[{\"@type\":\"WebPage\",\"@id\":\"https:\\\/\\\/trendsandvision.nl\\\/fr\\\/product\\\/esschert-design-brasero-avec-range-bois-60-cm-rouille\\\/\",\"url\":\"https:\\\/\\\/trendsandvision.nl\\\/fr\\\/product\\\/esschert-design-brasero-avec-range-bois-60-cm-rouille\\\/\",\"name\":\"Esschert Design Bras\u00e9ro avec range bois 60 cm rouille (FF525, 8714982215940) - Trends & Vision\",\"isPartOf\":{\"@id\":\"https:\\\/\\\/trendsandvision.nl\\\/fr\\\/#website\"},\"primaryImageOfPage\":{\"@id\":\"https:\\\/\\\/trendsandvision.nl\\\/fr\\\/product\\\/esschert-design-brasero-avec-range-bois-60-cm-rouille\\\/#primaryimage\"},\"image\":{\"@id\":\"https:\\\/\\\/trendsandvision.nl\\\/fr\\\/product\\\/esschert-design-brasero-avec-range-bois-60-cm-rouille\\\/#primaryimage\"},\"thumbnailUrl\":\"https:\\\/\\\/trendsandvision.nl\\\/fr\\\/wp-content\\\/uploads\\\/sites\\\/4\\\/2023\\\/01\\\/FF525_01.jpg\",\"datePublished\":\"2023-01-06T15:10:44+00:00\",\"dateModified\":\"2026-04-07T10:09:33+00:00\",\"description\":\"Esschert Design Bras\u00e9ro avec range bois 60 cm rouille (FF525, 8714982215940) - Ce bras\u00e9ro avec range bois combine style et fonctionnalit\u00e9 \u00e0 merveille. Le bras\u00e9ro sur\u00e9lev\u00e9 de coule...\",\"breadcrumb\":{\"@id\":\"https:\\\/\\\/trendsandvision.nl\\\/fr\\\/product\\\/esschert-design-brasero-avec-range-bois-60-cm-rouille\\\/#breadcrumb\"},\"inLanguage\":\"fr-FR\",\"potentialAction\":[{\"@type\":\"ReadAction\",\"target\":[\"https:\\\/\\\/trendsandvision.nl\\\/fr\\\/product\\\/esschert-design-brasero-avec-range-bois-60-cm-rouille\\\/\"]}]},{\"@type\":\"ImageObject\",\"inLanguage\":\"fr-FR\",\"@id\":\"https:\\\/\\\/trendsandvision.nl\\\/fr\\\/product\\\/esschert-design-brasero-avec-range-bois-60-cm-rouille\\\/#primaryimage\",\"url\":\"https:\\\/\\\/trendsandvision.nl\\\/fr\\\/wp-content\\\/uploads\\\/sites\\\/4\\\/2023\\\/01\\\/FF525_01.jpg\",\"contentUrl\":\"https:\\\/\\\/trendsandvision.nl\\\/fr\\\/wp-content\\\/uploads\\\/sites\\\/4\\\/2023\\\/01\\\/FF525_01.jpg\",\"width\":800,\"height\":800,\"caption\":\"Esschert Design Bras\u00e9ro avec range bois 60 cm rouille (FF525 8714982215940) - 01\"},{\"@type\":\"BreadcrumbList\",\"@id\":\"https:\\\/\\\/trendsandvision.nl\\\/fr\\\/product\\\/esschert-design-brasero-avec-range-bois-60-cm-rouille\\\/#breadcrumb\",\"itemListElement\":[{\"@type\":\"ListItem\",\"position\":1,\"name\":\"Home\",\"item\":\"https:\\\/\\\/trendsandvision.nl\\\/fr\\\/\"},{\"@type\":\"ListItem\",\"position\":2,\"name\":\"le magasin\",\"item\":\"https:\\\/\\\/trendsandvision.nl\\\/fr\\\/le-magasin\\\/\"},{\"@type\":\"ListItem\",\"position\":3,\"name\":\"Esschert Design Bras\u00e9ro avec range bois 60 cm rouille\"}]},{\"@type\":\"WebSite\",\"@id\":\"https:\\\/\\\/trendsandvision.nl\\\/fr\\\/#website\",\"url\":\"https:\\\/\\\/trendsandvision.nl\\\/fr\\\/\",\"name\":\"Trends &amp; Vision (FR)\",\"description\":\"La boutique en ligne pour les articles Esschert Design\",\"publisher\":{\"@id\":\"https:\\\/\\\/trendsandvision.nl\\\/fr\\\/#organization\"},\"potentialAction\":[{\"@type\":\"SearchAction\",\"target\":{\"@type\":\"EntryPoint\",\"urlTemplate\":\"https:\\\/\\\/trendsandvision.nl\\\/fr\\\/?s={search_term_string}\"},\"query-input\":{\"@type\":\"PropertyValueSpecification\",\"valueRequired\":true,\"valueName\":\"search_term_string\"}}],\"inLanguage\":\"fr-FR\"},{\"@type\":\"Organization\",\"@id\":\"https:\\\/\\\/trendsandvision.nl\\\/fr\\\/#organization\",\"name\":\"Trends &amp; Vision (FR)\",\"url\":\"https:\\\/\\\/trendsandvision.nl\\\/fr\\\/\",\"logo\":{\"@type\":\"ImageObject\",\"inLanguage\":\"fr-FR\",\"@id\":\"https:\\\/\\\/trendsandvision.nl\\\/fr\\\/#\\\/schema\\\/logo\\\/image\\\/\",\"url\":\"https:\\\/\\\/trendsandvision.nl\\\/fr\\\/wp-content\\\/uploads\\\/sites\\\/4\\\/2022\\\/10\\\/trends-and-vision-logo.jpg\",\"contentUrl\":\"https:\\\/\\\/trendsandvision.nl\\\/fr\\\/wp-content\\\/uploads\\\/sites\\\/4\\\/2022\\\/10\\\/trends-and-vision-logo.jpg\",\"width\":213,\"height\":100,\"caption\":\"Trends &amp; Vision (FR)\"},\"image\":{\"@id\":\"https:\\\/\\\/trendsandvision.nl\\\/fr\\\/#\\\/schema\\\/logo\\\/image\\\/\"}}]}<\/script>\n<!-- \/ Yoast SEO Premium plugin. -->","yoast_head_json":{"title":"Esschert Design Bras\u00e9ro avec range bois 60 cm rouille (FF525, 8714982215940) - Trends & Vision","description":"Esschert Design Bras\u00e9ro avec range bois 60 cm rouille (FF525, 8714982215940) - Ce bras\u00e9ro avec range bois combine style et fonctionnalit\u00e9 \u00e0 merveille. Le bras\u00e9ro sur\u00e9lev\u00e9 de coule...","robots":{"index":"index","follow":"follow","max-snippet":"max-snippet:-1","max-image-preview":"max-image-preview:large","max-video-preview":"max-video-preview:-1"},"canonical":"https:\/\/trendsandvision.nl\/fr\/product\/esschert-design-brasero-avec-range-bois-60-cm-rouille\/","og_locale":"fr_FR","og_type":"article","og_title":"Esschert Design Bras\u00e9ro avec range bois 60 cm rouille","og_description":"Esschert Design Bras\u00e9ro avec range bois 60 cm rouille (FF525, 8714982215940) - Ce bras\u00e9ro avec range bois combine style et fonctionnalit\u00e9 \u00e0 merveille. Le bras\u00e9ro sur\u00e9lev\u00e9 de coule...","og_url":"https:\/\/trendsandvision.nl\/fr\/product\/esschert-design-brasero-avec-range-bois-60-cm-rouille\/","og_site_name":"Trends &amp; Vision (FR)","article_modified_time":"2026-04-07T10:09:33+00:00","og_image":[{"width":800,"height":800,"url":"https:\/\/trendsandvision.nl\/fr\/wp-content\/uploads\/sites\/4\/2023\/01\/FF525_01.jpg","type":"image\/jpeg"}],"twitter_card":"summary_large_image","twitter_misc":{"Dur\u00e9e de lecture estim\u00e9e":"1 minute"},"schema":{"@context":"https:\/\/schema.org","@graph":[{"@type":"WebPage","@id":"https:\/\/trendsandvision.nl\/fr\/product\/esschert-design-brasero-avec-range-bois-60-cm-rouille\/","url":"https:\/\/trendsandvision.nl\/fr\/product\/esschert-design-brasero-avec-range-bois-60-cm-rouille\/","name":"Esschert Design Bras\u00e9ro avec range bois 60 cm rouille (FF525, 8714982215940) - Trends & Vision","isPartOf":{"@id":"https:\/\/trendsandvision.nl\/fr\/#website"},"primaryImageOfPage":{"@id":"https:\/\/trendsandvision.nl\/fr\/product\/esschert-design-brasero-avec-range-bois-60-cm-rouille\/#primaryimage"},"image":{"@id":"https:\/\/trendsandvision.nl\/fr\/product\/esschert-design-brasero-avec-range-bois-60-cm-rouille\/#primaryimage"},"thumbnailUrl":"https:\/\/trendsandvision.nl\/fr\/wp-content\/uploads\/sites\/4\/2023\/01\/FF525_01.jpg","datePublished":"2023-01-06T15:10:44+00:00","dateModified":"2026-04-07T10:09:33+00:00","description":"Esschert Design Bras\u00e9ro avec range bois 60 cm rouille (FF525, 8714982215940) - Ce bras\u00e9ro avec range bois combine style et fonctionnalit\u00e9 \u00e0 merveille. Le bras\u00e9ro sur\u00e9lev\u00e9 de coule...","breadcrumb":{"@id":"https:\/\/trendsandvision.nl\/fr\/product\/esschert-design-brasero-avec-range-bois-60-cm-rouille\/#breadcrumb"},"inLanguage":"fr-FR","potentialAction":[{"@type":"ReadAction","target":["https:\/\/trendsandvision.nl\/fr\/product\/esschert-design-brasero-avec-range-bois-60-cm-rouille\/"]}]},{"@type":"ImageObject","inLanguage":"fr-FR","@id":"https:\/\/trendsandvision.nl\/fr\/product\/esschert-design-brasero-avec-range-bois-60-cm-rouille\/#primaryimage","url":"https:\/\/trendsandvision.nl\/fr\/wp-content\/uploads\/sites\/4\/2023\/01\/FF525_01.jpg","contentUrl":"https:\/\/trendsandvision.nl\/fr\/wp-content\/uploads\/sites\/4\/2023\/01\/FF525_01.jpg","width":800,"height":800,"caption":"Esschert Design Bras\u00e9ro avec range bois 60 cm rouille (FF525 8714982215940) - 01"},{"@type":"BreadcrumbList","@id":"https:\/\/trendsandvision.nl\/fr\/product\/esschert-design-brasero-avec-range-bois-60-cm-rouille\/#breadcrumb","itemListElement":[{"@type":"ListItem","position":1,"name":"Home","item":"https:\/\/trendsandvision.nl\/fr\/"},{"@type":"ListItem","position":2,"name":"le magasin","item":"https:\/\/trendsandvision.nl\/fr\/le-magasin\/"},{"@type":"ListItem","position":3,"name":"Esschert Design Bras\u00e9ro avec range bois 60 cm rouille"}]},{"@type":"WebSite","@id":"https:\/\/trendsandvision.nl\/fr\/#website","url":"https:\/\/trendsandvision.nl\/fr\/","name":"Trends &amp; Vision (FR)","description":"La boutique en ligne pour les articles Esschert Design","publisher":{"@id":"https:\/\/trendsandvision.nl\/fr\/#organization"},"potentialAction":[{"@type":"SearchAction","target":{"@type":"EntryPoint","urlTemplate":"https:\/\/trendsandvision.nl\/fr\/?s={search_term_string}"},"query-input":{"@type":"PropertyValueSpecification","valueRequired":true,"valueName":"search_term_string"}}],"inLanguage":"fr-FR"},{"@type":"Organization","@id":"https:\/\/trendsandvision.nl\/fr\/#organization","name":"Trends &amp; Vision (FR)","url":"https:\/\/trendsandvision.nl\/fr\/","logo":{"@type":"ImageObject","inLanguage":"fr-FR","@id":"https:\/\/trendsandvision.nl\/fr\/#\/schema\/logo\/image\/","url":"https:\/\/trendsandvision.nl\/fr\/wp-content\/uploads\/sites\/4\/2022\/10\/trends-and-vision-logo.jpg","contentUrl":"https:\/\/trendsandvision.nl\/fr\/wp-content\/uploads\/sites\/4\/2022\/10\/trends-and-vision-logo.jpg","width":213,"height":100,"caption":"Trends &amp; Vision (FR)"},"image":{"@id":"https:\/\/trendsandvision.nl\/fr\/#\/schema\/logo\/image\/"}}]}},"_links":{"self":[{"href":"https:\/\/trendsandvision.nl\/fr\/wp-json\/wp\/v2\/product\/9709","targetHints":{"allow":["GET"]}}],"collection":[{"href":"https:\/\/trendsandvision.nl\/fr\/wp-json\/wp\/v2\/product"}],"about":[{"href":"https:\/\/trendsandvision.nl\/fr\/wp-json\/wp\/v2\/types\/product"}],"wp:featuredmedia":[{"embeddable":true,"href":"https:\/\/trendsandvision.nl\/fr\/wp-json\/wp\/v2\/media\/9710"}],"wp:attachment":[{"href":"https:\/\/trendsandvision.nl\/fr\/wp-json\/wp\/v2\/media?parent=9709"}],"wp:term":[{"taxonomy":"product_brand","embeddable":true,"href":"https:\/\/trendsandvision.nl\/fr\/wp-json\/wp\/v2\/product_brand?post=9709"},{"taxonomy":"product_cat","embeddable":true,"href":"https:\/\/trendsandvision.nl\/fr\/wp-json\/wp\/v2\/product_cat?post=9709"},{"taxonomy":"product_tag","embeddable":true,"href":"https:\/\/trendsandvision.nl\/fr\/wp-json\/wp\/v2\/product_tag?post=9709"}],"curies":[{"name":"wp","href":"https:\/\/api.w.org\/{rel}","templated":true}]}}