{"id":9656,"date":"2023-01-06T16:09:53","date_gmt":"2023-01-06T15:09:53","guid":{"rendered":"https:\/\/trendsandvision.nl\/fr\/product\/esschert-design-brasero-noir-mouchettes-decoupes-au-laser\/"},"modified":"2025-06-04T11:15:11","modified_gmt":"2025-06-04T09:15:11","slug":"esschert-design-brasero-noir-mouchettes-decoupes-au-laser","status":"publish","type":"product","link":"https:\/\/trendsandvision.nl\/fr\/product\/esschert-design-brasero-noir-mouchettes-decoupes-au-laser\/","title":{"rendered":"Esschert Design Bras\u00e9ro noir &#8211; mouchettes d\u00e9coup\u00e9s au laser"},"content":{"rendered":"<p>Ce bras\u00e9ro avec des d\u00e9coupes d\u00e9coratives au laser au fini mouchet\u00e9 a un look moderne et s&rsquo;int\u00e8gre parfaitement dans tous les jardins. Dans ce bras\u00e9ro, les flammes cr\u00e9ent un magnifique spectacle et d\u00e9gagent une chaleur agr\u00e9able.<\/p>\n<p>&#8211; facile \u00e0 utiliser &#8211; look moderne<\/p>\n","protected":false},"excerpt":{"rendered":"<p>Ce bras\u00e9ro avec des d\u00e9coupes d\u00e9coratives au laser au fini mouchet\u00e9 a un look moderne et s&rsquo;int\u00e8gre pa&#8230;<\/p>\n","protected":false},"featured_media":9657,"template":"","meta":[],"product_brand":[7842,7843],"product_cat":[1109],"product_tag":[],"class_list":{"0":"post-9656","1":"product","2":"type-product","3":"status-publish","4":"has-post-thumbnail","6":"product_brand-esschert-design","7":"product_brand-trends-vision","8":"product_cat-fancy-flames","9":"pa_code-ean-5539","10":"pa_dimensions-365x355x451-cm","11":"pa_fabricant-esschert-design","12":"pa_materiel-fer","14":"first","15":"outofstock","16":"sale","17":"taxable","18":"shipping-taxable","19":"purchasable","20":"product-type-simple","21":"czr-hentry"},"yoast_head":"<!-- This site is optimized with the Yoast SEO Premium plugin v26.4 (Yoast SEO v27.4) - https:\/\/yoast.com\/product\/yoast-seo-premium-wordpress\/ -->\n<title>Esschert Design Bras\u00e9ro noir - mouchettes d\u00e9coup\u00e9s au laser (FF510, 8714982210341) - Trends &amp; Vision<\/title>\n<meta name=\"description\" content=\"Esschert Design Bras\u00e9ro noir - mouchettes d\u00e9coup\u00e9s au laser (FF510, 8714982210341) - Ce bras\u00e9ro avec des d\u00e9coupes d\u00e9coratives au laser au fini mouchet\u00e9 a un look moderne et s&#039;int\u00e8gre pa...\" \/>\n<meta name=\"robots\" content=\"index, follow, max-snippet:-1, max-image-preview:large, max-video-preview:-1\" \/>\n<link rel=\"canonical\" href=\"https:\/\/trendsandvision.nl\/fr\/product\/esschert-design-brasero-noir-mouchettes-decoupes-au-laser\/\" \/>\n<meta property=\"og:locale\" content=\"fr_FR\" \/>\n<meta property=\"og:type\" content=\"article\" \/>\n<meta property=\"og:title\" content=\"Esschert Design Bras\u00e9ro noir - mouchettes d\u00e9coup\u00e9s au laser\" \/>\n<meta property=\"og:description\" content=\"Esschert Design Bras\u00e9ro noir - mouchettes d\u00e9coup\u00e9s au laser (FF510, 8714982210341) - Ce bras\u00e9ro avec des d\u00e9coupes d\u00e9coratives au laser au fini mouchet\u00e9 a un look moderne et s&#039;int\u00e8gre pa...\" \/>\n<meta property=\"og:url\" content=\"https:\/\/trendsandvision.nl\/fr\/product\/esschert-design-brasero-noir-mouchettes-decoupes-au-laser\/\" \/>\n<meta property=\"og:site_name\" content=\"Trends &amp; Vision (FR)\" \/>\n<meta property=\"article:modified_time\" content=\"2025-06-04T09:15:11+00:00\" \/>\n<meta property=\"og:image\" content=\"https:\/\/trendsandvision.nl\/fr\/wp-content\/uploads\/sites\/4\/2023\/01\/FF510_01.jpg\" \/>\n\t<meta property=\"og:image:width\" content=\"800\" \/>\n\t<meta property=\"og:image:height\" content=\"800\" \/>\n\t<meta property=\"og:image:type\" content=\"image\/jpeg\" \/>\n<meta name=\"twitter:card\" content=\"summary_large_image\" \/>\n<script type=\"application\/ld+json\" class=\"yoast-schema-graph\">{\"@context\":\"https:\\\/\\\/schema.org\",\"@graph\":[{\"@type\":\"WebPage\",\"@id\":\"https:\\\/\\\/trendsandvision.nl\\\/fr\\\/product\\\/esschert-design-brasero-noir-mouchettes-decoupes-au-laser\\\/\",\"url\":\"https:\\\/\\\/trendsandvision.nl\\\/fr\\\/product\\\/esschert-design-brasero-noir-mouchettes-decoupes-au-laser\\\/\",\"name\":\"Esschert Design Bras\u00e9ro noir - mouchettes d\u00e9coup\u00e9s au laser (FF510, 8714982210341) - Trends & Vision\",\"isPartOf\":{\"@id\":\"https:\\\/\\\/trendsandvision.nl\\\/fr\\\/#website\"},\"primaryImageOfPage\":{\"@id\":\"https:\\\/\\\/trendsandvision.nl\\\/fr\\\/product\\\/esschert-design-brasero-noir-mouchettes-decoupes-au-laser\\\/#primaryimage\"},\"image\":{\"@id\":\"https:\\\/\\\/trendsandvision.nl\\\/fr\\\/product\\\/esschert-design-brasero-noir-mouchettes-decoupes-au-laser\\\/#primaryimage\"},\"thumbnailUrl\":\"https:\\\/\\\/trendsandvision.nl\\\/fr\\\/wp-content\\\/uploads\\\/sites\\\/4\\\/2023\\\/01\\\/FF510_01.jpg\",\"datePublished\":\"2023-01-06T15:09:53+00:00\",\"dateModified\":\"2025-06-04T09:15:11+00:00\",\"description\":\"Esschert Design Bras\u00e9ro noir - mouchettes d\u00e9coup\u00e9s au laser (FF510, 8714982210341) - Ce bras\u00e9ro avec des d\u00e9coupes d\u00e9coratives au laser au fini mouchet\u00e9 a un look moderne et s'int\u00e8gre pa...\",\"breadcrumb\":{\"@id\":\"https:\\\/\\\/trendsandvision.nl\\\/fr\\\/product\\\/esschert-design-brasero-noir-mouchettes-decoupes-au-laser\\\/#breadcrumb\"},\"inLanguage\":\"fr-FR\",\"potentialAction\":[{\"@type\":\"ReadAction\",\"target\":[\"https:\\\/\\\/trendsandvision.nl\\\/fr\\\/product\\\/esschert-design-brasero-noir-mouchettes-decoupes-au-laser\\\/\"]}]},{\"@type\":\"ImageObject\",\"inLanguage\":\"fr-FR\",\"@id\":\"https:\\\/\\\/trendsandvision.nl\\\/fr\\\/product\\\/esschert-design-brasero-noir-mouchettes-decoupes-au-laser\\\/#primaryimage\",\"url\":\"https:\\\/\\\/trendsandvision.nl\\\/fr\\\/wp-content\\\/uploads\\\/sites\\\/4\\\/2023\\\/01\\\/FF510_01.jpg\",\"contentUrl\":\"https:\\\/\\\/trendsandvision.nl\\\/fr\\\/wp-content\\\/uploads\\\/sites\\\/4\\\/2023\\\/01\\\/FF510_01.jpg\",\"width\":800,\"height\":800,\"caption\":\"Esschert Design Bras\u00e9ro noir - mouchettes d\u00e9coup\u00e9s au laser (FF510 8714982210341) - 01\"},{\"@type\":\"BreadcrumbList\",\"@id\":\"https:\\\/\\\/trendsandvision.nl\\\/fr\\\/product\\\/esschert-design-brasero-noir-mouchettes-decoupes-au-laser\\\/#breadcrumb\",\"itemListElement\":[{\"@type\":\"ListItem\",\"position\":1,\"name\":\"Home\",\"item\":\"https:\\\/\\\/trendsandvision.nl\\\/fr\\\/\"},{\"@type\":\"ListItem\",\"position\":2,\"name\":\"le magasin\",\"item\":\"https:\\\/\\\/trendsandvision.nl\\\/fr\\\/le-magasin\\\/\"},{\"@type\":\"ListItem\",\"position\":3,\"name\":\"Esschert Design Bras\u00e9ro noir &#8211; mouchettes d\u00e9coup\u00e9s au laser\"}]},{\"@type\":\"WebSite\",\"@id\":\"https:\\\/\\\/trendsandvision.nl\\\/fr\\\/#website\",\"url\":\"https:\\\/\\\/trendsandvision.nl\\\/fr\\\/\",\"name\":\"Trends &amp; Vision (FR)\",\"description\":\"La boutique en ligne pour les articles Esschert Design\",\"publisher\":{\"@id\":\"https:\\\/\\\/trendsandvision.nl\\\/fr\\\/#organization\"},\"potentialAction\":[{\"@type\":\"SearchAction\",\"target\":{\"@type\":\"EntryPoint\",\"urlTemplate\":\"https:\\\/\\\/trendsandvision.nl\\\/fr\\\/?s={search_term_string}\"},\"query-input\":{\"@type\":\"PropertyValueSpecification\",\"valueRequired\":true,\"valueName\":\"search_term_string\"}}],\"inLanguage\":\"fr-FR\"},{\"@type\":\"Organization\",\"@id\":\"https:\\\/\\\/trendsandvision.nl\\\/fr\\\/#organization\",\"name\":\"Trends &amp; Vision (FR)\",\"url\":\"https:\\\/\\\/trendsandvision.nl\\\/fr\\\/\",\"logo\":{\"@type\":\"ImageObject\",\"inLanguage\":\"fr-FR\",\"@id\":\"https:\\\/\\\/trendsandvision.nl\\\/fr\\\/#\\\/schema\\\/logo\\\/image\\\/\",\"url\":\"https:\\\/\\\/trendsandvision.nl\\\/fr\\\/wp-content\\\/uploads\\\/sites\\\/4\\\/2022\\\/10\\\/trends-and-vision-logo.jpg\",\"contentUrl\":\"https:\\\/\\\/trendsandvision.nl\\\/fr\\\/wp-content\\\/uploads\\\/sites\\\/4\\\/2022\\\/10\\\/trends-and-vision-logo.jpg\",\"width\":213,\"height\":100,\"caption\":\"Trends &amp; Vision (FR)\"},\"image\":{\"@id\":\"https:\\\/\\\/trendsandvision.nl\\\/fr\\\/#\\\/schema\\\/logo\\\/image\\\/\"}}]}<\/script>\n<!-- \/ Yoast SEO Premium plugin. -->","yoast_head_json":{"title":"Esschert Design Bras\u00e9ro noir - mouchettes d\u00e9coup\u00e9s au laser (FF510, 8714982210341) - Trends & Vision","description":"Esschert Design Bras\u00e9ro noir - mouchettes d\u00e9coup\u00e9s au laser (FF510, 8714982210341) - Ce bras\u00e9ro avec des d\u00e9coupes d\u00e9coratives au laser au fini mouchet\u00e9 a un look moderne et s'int\u00e8gre pa...","robots":{"index":"index","follow":"follow","max-snippet":"max-snippet:-1","max-image-preview":"max-image-preview:large","max-video-preview":"max-video-preview:-1"},"canonical":"https:\/\/trendsandvision.nl\/fr\/product\/esschert-design-brasero-noir-mouchettes-decoupes-au-laser\/","og_locale":"fr_FR","og_type":"article","og_title":"Esschert Design Bras\u00e9ro noir - mouchettes d\u00e9coup\u00e9s au laser","og_description":"Esschert Design Bras\u00e9ro noir - mouchettes d\u00e9coup\u00e9s au laser (FF510, 8714982210341) - Ce bras\u00e9ro avec des d\u00e9coupes d\u00e9coratives au laser au fini mouchet\u00e9 a un look moderne et s'int\u00e8gre pa...","og_url":"https:\/\/trendsandvision.nl\/fr\/product\/esschert-design-brasero-noir-mouchettes-decoupes-au-laser\/","og_site_name":"Trends &amp; Vision (FR)","article_modified_time":"2025-06-04T09:15:11+00:00","og_image":[{"width":800,"height":800,"url":"https:\/\/trendsandvision.nl\/fr\/wp-content\/uploads\/sites\/4\/2023\/01\/FF510_01.jpg","type":"image\/jpeg"}],"twitter_card":"summary_large_image","schema":{"@context":"https:\/\/schema.org","@graph":[{"@type":"WebPage","@id":"https:\/\/trendsandvision.nl\/fr\/product\/esschert-design-brasero-noir-mouchettes-decoupes-au-laser\/","url":"https:\/\/trendsandvision.nl\/fr\/product\/esschert-design-brasero-noir-mouchettes-decoupes-au-laser\/","name":"Esschert Design Bras\u00e9ro noir - mouchettes d\u00e9coup\u00e9s au laser (FF510, 8714982210341) - Trends & Vision","isPartOf":{"@id":"https:\/\/trendsandvision.nl\/fr\/#website"},"primaryImageOfPage":{"@id":"https:\/\/trendsandvision.nl\/fr\/product\/esschert-design-brasero-noir-mouchettes-decoupes-au-laser\/#primaryimage"},"image":{"@id":"https:\/\/trendsandvision.nl\/fr\/product\/esschert-design-brasero-noir-mouchettes-decoupes-au-laser\/#primaryimage"},"thumbnailUrl":"https:\/\/trendsandvision.nl\/fr\/wp-content\/uploads\/sites\/4\/2023\/01\/FF510_01.jpg","datePublished":"2023-01-06T15:09:53+00:00","dateModified":"2025-06-04T09:15:11+00:00","description":"Esschert Design Bras\u00e9ro noir - mouchettes d\u00e9coup\u00e9s au laser (FF510, 8714982210341) - Ce bras\u00e9ro avec des d\u00e9coupes d\u00e9coratives au laser au fini mouchet\u00e9 a un look moderne et s'int\u00e8gre pa...","breadcrumb":{"@id":"https:\/\/trendsandvision.nl\/fr\/product\/esschert-design-brasero-noir-mouchettes-decoupes-au-laser\/#breadcrumb"},"inLanguage":"fr-FR","potentialAction":[{"@type":"ReadAction","target":["https:\/\/trendsandvision.nl\/fr\/product\/esschert-design-brasero-noir-mouchettes-decoupes-au-laser\/"]}]},{"@type":"ImageObject","inLanguage":"fr-FR","@id":"https:\/\/trendsandvision.nl\/fr\/product\/esschert-design-brasero-noir-mouchettes-decoupes-au-laser\/#primaryimage","url":"https:\/\/trendsandvision.nl\/fr\/wp-content\/uploads\/sites\/4\/2023\/01\/FF510_01.jpg","contentUrl":"https:\/\/trendsandvision.nl\/fr\/wp-content\/uploads\/sites\/4\/2023\/01\/FF510_01.jpg","width":800,"height":800,"caption":"Esschert Design Bras\u00e9ro noir - mouchettes d\u00e9coup\u00e9s au laser (FF510 8714982210341) - 01"},{"@type":"BreadcrumbList","@id":"https:\/\/trendsandvision.nl\/fr\/product\/esschert-design-brasero-noir-mouchettes-decoupes-au-laser\/#breadcrumb","itemListElement":[{"@type":"ListItem","position":1,"name":"Home","item":"https:\/\/trendsandvision.nl\/fr\/"},{"@type":"ListItem","position":2,"name":"le magasin","item":"https:\/\/trendsandvision.nl\/fr\/le-magasin\/"},{"@type":"ListItem","position":3,"name":"Esschert Design Bras\u00e9ro noir &#8211; mouchettes d\u00e9coup\u00e9s au laser"}]},{"@type":"WebSite","@id":"https:\/\/trendsandvision.nl\/fr\/#website","url":"https:\/\/trendsandvision.nl\/fr\/","name":"Trends &amp; Vision (FR)","description":"La boutique en ligne pour les articles Esschert Design","publisher":{"@id":"https:\/\/trendsandvision.nl\/fr\/#organization"},"potentialAction":[{"@type":"SearchAction","target":{"@type":"EntryPoint","urlTemplate":"https:\/\/trendsandvision.nl\/fr\/?s={search_term_string}"},"query-input":{"@type":"PropertyValueSpecification","valueRequired":true,"valueName":"search_term_string"}}],"inLanguage":"fr-FR"},{"@type":"Organization","@id":"https:\/\/trendsandvision.nl\/fr\/#organization","name":"Trends &amp; Vision (FR)","url":"https:\/\/trendsandvision.nl\/fr\/","logo":{"@type":"ImageObject","inLanguage":"fr-FR","@id":"https:\/\/trendsandvision.nl\/fr\/#\/schema\/logo\/image\/","url":"https:\/\/trendsandvision.nl\/fr\/wp-content\/uploads\/sites\/4\/2022\/10\/trends-and-vision-logo.jpg","contentUrl":"https:\/\/trendsandvision.nl\/fr\/wp-content\/uploads\/sites\/4\/2022\/10\/trends-and-vision-logo.jpg","width":213,"height":100,"caption":"Trends &amp; Vision (FR)"},"image":{"@id":"https:\/\/trendsandvision.nl\/fr\/#\/schema\/logo\/image\/"}}]}},"_links":{"self":[{"href":"https:\/\/trendsandvision.nl\/fr\/wp-json\/wp\/v2\/product\/9656","targetHints":{"allow":["GET"]}}],"collection":[{"href":"https:\/\/trendsandvision.nl\/fr\/wp-json\/wp\/v2\/product"}],"about":[{"href":"https:\/\/trendsandvision.nl\/fr\/wp-json\/wp\/v2\/types\/product"}],"wp:featuredmedia":[{"embeddable":true,"href":"https:\/\/trendsandvision.nl\/fr\/wp-json\/wp\/v2\/media\/9657"}],"wp:attachment":[{"href":"https:\/\/trendsandvision.nl\/fr\/wp-json\/wp\/v2\/media?parent=9656"}],"wp:term":[{"taxonomy":"product_brand","embeddable":true,"href":"https:\/\/trendsandvision.nl\/fr\/wp-json\/wp\/v2\/product_brand?post=9656"},{"taxonomy":"product_cat","embeddable":true,"href":"https:\/\/trendsandvision.nl\/fr\/wp-json\/wp\/v2\/product_cat?post=9656"},{"taxonomy":"product_tag","embeddable":true,"href":"https:\/\/trendsandvision.nl\/fr\/wp-json\/wp\/v2\/product_tag?post=9656"}],"curies":[{"name":"wp","href":"https:\/\/api.w.org\/{rel}","templated":true}]}}