{"id":9639,"date":"2023-01-06T16:09:37","date_gmt":"2023-01-06T15:09:37","guid":{"rendered":"https:\/\/trendsandvision.nl\/fr\/product\/esschert-design-pindakaas-meelwormen-1-2epd\/"},"modified":"2026-02-05T00:36:36","modified_gmt":"2026-02-04T23:36:36","slug":"esschert-design-pindakaas-meelwormen-1-2epd","status":"publish","type":"product","link":"https:\/\/trendsandvision.nl\/fr\/product\/esschert-design-pindakaas-meelwormen-1-2epd\/","title":{"rendered":"Esschert Design Pindakaas meelwormen 1\/2EPD"},"content":{"rendered":"<p>Le beurre de cacahu\u00e8te est un vrai r\u00e9gal pour nos amis ail\u00e9s ! Il contient de bons nutriments pour les oiseaux, regorge de calories, est nutritif et sain. Cependant, le beurre de cacahu\u00e8te ordinaire (pour votre propre consommation) contient \u00e9galement beaucoup de sel, ce qui est tr\u00e8s malsain pour les oiseaux. Ce beurre de cacahu\u00e8te a \u00e9t\u00e9 sp\u00e9cialement con\u00e7u et contient des ingr\u00e9dients essentiels dont les oiseaux de jardin ont besoin, sans sel ajout\u00e9. Placez le beurre de cacahu\u00e8te dans la mangeoire sp\u00e9ciale pour beurre de cacahu\u00e8te et profitez des oiseaux du jardin.<\/p>\n<p>&#8211; sans sel ajout\u00e9<br \/>\n&#8211; convient aux m\u00e9sanges charbonni\u00e8res, aux m\u00e9sanges bleues et \u00e0 la sittelle, emball\u00e9 dans un affichage couleur<\/p>\n","protected":false},"excerpt":{"rendered":"<p>Le beurre de cacahu\u00e8te est un vrai r\u00e9gal pour nos amis ail\u00e9s ! Il contient de bons nutriments pour l&#8230;<\/p>\n","protected":false},"featured_media":0,"template":"","meta":[],"product_brand":[7842,7843],"product_cat":[1307],"product_tag":[],"class_list":{"0":"post-9639","1":"product","2":"type-product","3":"status-publish","5":"product_brand-esschert-design","6":"product_brand-trends-vision","7":"product_cat-best-for-birds","8":"pa_code-ean-5525","9":"pa_dimensions-00x00x00-cm","10":"pa_fabricant-esschert-design","12":"first","13":"outofstock","14":"sale","15":"taxable","16":"shipping-taxable","17":"purchasable","18":"product-type-simple","19":"czr-hentry"},"yoast_head":"<!-- This site is optimized with the Yoast SEO Premium plugin v26.4 (Yoast SEO v27.3) - https:\/\/yoast.com\/product\/yoast-seo-premium-wordpress\/ -->\n<title>Esschert Design Pindakaas meelwormen 1\/2EPD (FB929D, 8714982249068) - Trends &amp; Vision<\/title>\n<meta name=\"description\" content=\"Esschert Design Pindakaas meelwormen 1\/2EPD (FB929D, 8714982249068) - Le beurre de cacahu\u00e8te est un vrai r\u00e9gal pour nos amis ail\u00e9s ! Il contient de bons nutriments pour l...\" \/>\n<meta name=\"robots\" content=\"index, follow, max-snippet:-1, max-image-preview:large, max-video-preview:-1\" \/>\n<link rel=\"canonical\" href=\"https:\/\/trendsandvision.nl\/fr\/product\/esschert-design-pindakaas-meelwormen-1-2epd\/\" \/>\n<meta property=\"og:locale\" content=\"fr_FR\" \/>\n<meta property=\"og:type\" content=\"article\" \/>\n<meta property=\"og:title\" content=\"Esschert Design Pindakaas meelwormen 1\/2EPD\" \/>\n<meta property=\"og:description\" content=\"Esschert Design Pindakaas meelwormen 1\/2EPD (FB929D, 8714982249068) - Le beurre de cacahu\u00e8te est un vrai r\u00e9gal pour nos amis ail\u00e9s ! Il contient de bons nutriments pour l...\" \/>\n<meta property=\"og:url\" content=\"https:\/\/trendsandvision.nl\/fr\/product\/esschert-design-pindakaas-meelwormen-1-2epd\/\" \/>\n<meta property=\"og:site_name\" content=\"Trends &amp; Vision (FR)\" \/>\n<meta property=\"article:modified_time\" content=\"2026-02-04T23:36:36+00:00\" \/>\n<meta name=\"twitter:card\" content=\"summary_large_image\" \/>\n<meta name=\"twitter:label1\" content=\"Dur\u00e9e de lecture estim\u00e9e\" \/>\n\t<meta name=\"twitter:data1\" content=\"1 minute\" \/>\n<script type=\"application\/ld+json\" class=\"yoast-schema-graph\">{\"@context\":\"https:\\\/\\\/schema.org\",\"@graph\":[{\"@type\":\"WebPage\",\"@id\":\"https:\\\/\\\/trendsandvision.nl\\\/fr\\\/product\\\/esschert-design-pindakaas-meelwormen-1-2epd\\\/\",\"url\":\"https:\\\/\\\/trendsandvision.nl\\\/fr\\\/product\\\/esschert-design-pindakaas-meelwormen-1-2epd\\\/\",\"name\":\"Esschert Design Pindakaas meelwormen 1\\\/2EPD (FB929D, 8714982249068) - Trends & Vision\",\"isPartOf\":{\"@id\":\"https:\\\/\\\/trendsandvision.nl\\\/fr\\\/#website\"},\"datePublished\":\"2023-01-06T15:09:37+00:00\",\"dateModified\":\"2026-02-04T23:36:36+00:00\",\"description\":\"Esschert Design Pindakaas meelwormen 1\\\/2EPD (FB929D, 8714982249068) - Le beurre de cacahu\u00e8te est un vrai r\u00e9gal pour nos amis ail\u00e9s ! Il contient de bons nutriments pour l...\",\"breadcrumb\":{\"@id\":\"https:\\\/\\\/trendsandvision.nl\\\/fr\\\/product\\\/esschert-design-pindakaas-meelwormen-1-2epd\\\/#breadcrumb\"},\"inLanguage\":\"fr-FR\",\"potentialAction\":[{\"@type\":\"ReadAction\",\"target\":[\"https:\\\/\\\/trendsandvision.nl\\\/fr\\\/product\\\/esschert-design-pindakaas-meelwormen-1-2epd\\\/\"]}]},{\"@type\":\"BreadcrumbList\",\"@id\":\"https:\\\/\\\/trendsandvision.nl\\\/fr\\\/product\\\/esschert-design-pindakaas-meelwormen-1-2epd\\\/#breadcrumb\",\"itemListElement\":[{\"@type\":\"ListItem\",\"position\":1,\"name\":\"Home\",\"item\":\"https:\\\/\\\/trendsandvision.nl\\\/fr\\\/\"},{\"@type\":\"ListItem\",\"position\":2,\"name\":\"le magasin\",\"item\":\"https:\\\/\\\/trendsandvision.nl\\\/fr\\\/le-magasin\\\/\"},{\"@type\":\"ListItem\",\"position\":3,\"name\":\"Esschert Design Pindakaas meelwormen 1\\\/2EPD\"}]},{\"@type\":\"WebSite\",\"@id\":\"https:\\\/\\\/trendsandvision.nl\\\/fr\\\/#website\",\"url\":\"https:\\\/\\\/trendsandvision.nl\\\/fr\\\/\",\"name\":\"Trends &amp; Vision (FR)\",\"description\":\"La boutique en ligne pour les articles Esschert Design\",\"publisher\":{\"@id\":\"https:\\\/\\\/trendsandvision.nl\\\/fr\\\/#organization\"},\"potentialAction\":[{\"@type\":\"SearchAction\",\"target\":{\"@type\":\"EntryPoint\",\"urlTemplate\":\"https:\\\/\\\/trendsandvision.nl\\\/fr\\\/?s={search_term_string}\"},\"query-input\":{\"@type\":\"PropertyValueSpecification\",\"valueRequired\":true,\"valueName\":\"search_term_string\"}}],\"inLanguage\":\"fr-FR\"},{\"@type\":\"Organization\",\"@id\":\"https:\\\/\\\/trendsandvision.nl\\\/fr\\\/#organization\",\"name\":\"Trends &amp; Vision (FR)\",\"url\":\"https:\\\/\\\/trendsandvision.nl\\\/fr\\\/\",\"logo\":{\"@type\":\"ImageObject\",\"inLanguage\":\"fr-FR\",\"@id\":\"https:\\\/\\\/trendsandvision.nl\\\/fr\\\/#\\\/schema\\\/logo\\\/image\\\/\",\"url\":\"https:\\\/\\\/trendsandvision.nl\\\/fr\\\/wp-content\\\/uploads\\\/sites\\\/4\\\/2022\\\/10\\\/trends-and-vision-logo.jpg\",\"contentUrl\":\"https:\\\/\\\/trendsandvision.nl\\\/fr\\\/wp-content\\\/uploads\\\/sites\\\/4\\\/2022\\\/10\\\/trends-and-vision-logo.jpg\",\"width\":213,\"height\":100,\"caption\":\"Trends &amp; Vision (FR)\"},\"image\":{\"@id\":\"https:\\\/\\\/trendsandvision.nl\\\/fr\\\/#\\\/schema\\\/logo\\\/image\\\/\"}}]}<\/script>\n<!-- \/ Yoast SEO Premium plugin. -->","yoast_head_json":{"title":"Esschert Design Pindakaas meelwormen 1\/2EPD (FB929D, 8714982249068) - Trends & Vision","description":"Esschert Design Pindakaas meelwormen 1\/2EPD (FB929D, 8714982249068) - Le beurre de cacahu\u00e8te est un vrai r\u00e9gal pour nos amis ail\u00e9s ! Il contient de bons nutriments pour l...","robots":{"index":"index","follow":"follow","max-snippet":"max-snippet:-1","max-image-preview":"max-image-preview:large","max-video-preview":"max-video-preview:-1"},"canonical":"https:\/\/trendsandvision.nl\/fr\/product\/esschert-design-pindakaas-meelwormen-1-2epd\/","og_locale":"fr_FR","og_type":"article","og_title":"Esschert Design Pindakaas meelwormen 1\/2EPD","og_description":"Esschert Design Pindakaas meelwormen 1\/2EPD (FB929D, 8714982249068) - Le beurre de cacahu\u00e8te est un vrai r\u00e9gal pour nos amis ail\u00e9s ! Il contient de bons nutriments pour l...","og_url":"https:\/\/trendsandvision.nl\/fr\/product\/esschert-design-pindakaas-meelwormen-1-2epd\/","og_site_name":"Trends &amp; Vision (FR)","article_modified_time":"2026-02-04T23:36:36+00:00","twitter_card":"summary_large_image","twitter_misc":{"Dur\u00e9e de lecture estim\u00e9e":"1 minute"},"schema":{"@context":"https:\/\/schema.org","@graph":[{"@type":"WebPage","@id":"https:\/\/trendsandvision.nl\/fr\/product\/esschert-design-pindakaas-meelwormen-1-2epd\/","url":"https:\/\/trendsandvision.nl\/fr\/product\/esschert-design-pindakaas-meelwormen-1-2epd\/","name":"Esschert Design Pindakaas meelwormen 1\/2EPD (FB929D, 8714982249068) - Trends & Vision","isPartOf":{"@id":"https:\/\/trendsandvision.nl\/fr\/#website"},"datePublished":"2023-01-06T15:09:37+00:00","dateModified":"2026-02-04T23:36:36+00:00","description":"Esschert Design Pindakaas meelwormen 1\/2EPD (FB929D, 8714982249068) - Le beurre de cacahu\u00e8te est un vrai r\u00e9gal pour nos amis ail\u00e9s ! Il contient de bons nutriments pour l...","breadcrumb":{"@id":"https:\/\/trendsandvision.nl\/fr\/product\/esschert-design-pindakaas-meelwormen-1-2epd\/#breadcrumb"},"inLanguage":"fr-FR","potentialAction":[{"@type":"ReadAction","target":["https:\/\/trendsandvision.nl\/fr\/product\/esschert-design-pindakaas-meelwormen-1-2epd\/"]}]},{"@type":"BreadcrumbList","@id":"https:\/\/trendsandvision.nl\/fr\/product\/esschert-design-pindakaas-meelwormen-1-2epd\/#breadcrumb","itemListElement":[{"@type":"ListItem","position":1,"name":"Home","item":"https:\/\/trendsandvision.nl\/fr\/"},{"@type":"ListItem","position":2,"name":"le magasin","item":"https:\/\/trendsandvision.nl\/fr\/le-magasin\/"},{"@type":"ListItem","position":3,"name":"Esschert Design Pindakaas meelwormen 1\/2EPD"}]},{"@type":"WebSite","@id":"https:\/\/trendsandvision.nl\/fr\/#website","url":"https:\/\/trendsandvision.nl\/fr\/","name":"Trends &amp; Vision (FR)","description":"La boutique en ligne pour les articles Esschert Design","publisher":{"@id":"https:\/\/trendsandvision.nl\/fr\/#organization"},"potentialAction":[{"@type":"SearchAction","target":{"@type":"EntryPoint","urlTemplate":"https:\/\/trendsandvision.nl\/fr\/?s={search_term_string}"},"query-input":{"@type":"PropertyValueSpecification","valueRequired":true,"valueName":"search_term_string"}}],"inLanguage":"fr-FR"},{"@type":"Organization","@id":"https:\/\/trendsandvision.nl\/fr\/#organization","name":"Trends &amp; Vision (FR)","url":"https:\/\/trendsandvision.nl\/fr\/","logo":{"@type":"ImageObject","inLanguage":"fr-FR","@id":"https:\/\/trendsandvision.nl\/fr\/#\/schema\/logo\/image\/","url":"https:\/\/trendsandvision.nl\/fr\/wp-content\/uploads\/sites\/4\/2022\/10\/trends-and-vision-logo.jpg","contentUrl":"https:\/\/trendsandvision.nl\/fr\/wp-content\/uploads\/sites\/4\/2022\/10\/trends-and-vision-logo.jpg","width":213,"height":100,"caption":"Trends &amp; Vision (FR)"},"image":{"@id":"https:\/\/trendsandvision.nl\/fr\/#\/schema\/logo\/image\/"}}]}},"_links":{"self":[{"href":"https:\/\/trendsandvision.nl\/fr\/wp-json\/wp\/v2\/product\/9639","targetHints":{"allow":["GET"]}}],"collection":[{"href":"https:\/\/trendsandvision.nl\/fr\/wp-json\/wp\/v2\/product"}],"about":[{"href":"https:\/\/trendsandvision.nl\/fr\/wp-json\/wp\/v2\/types\/product"}],"wp:attachment":[{"href":"https:\/\/trendsandvision.nl\/fr\/wp-json\/wp\/v2\/media?parent=9639"}],"wp:term":[{"taxonomy":"product_brand","embeddable":true,"href":"https:\/\/trendsandvision.nl\/fr\/wp-json\/wp\/v2\/product_brand?post=9639"},{"taxonomy":"product_cat","embeddable":true,"href":"https:\/\/trendsandvision.nl\/fr\/wp-json\/wp\/v2\/product_cat?post=9639"},{"taxonomy":"product_tag","embeddable":true,"href":"https:\/\/trendsandvision.nl\/fr\/wp-json\/wp\/v2\/product_tag?post=9639"}],"curies":[{"name":"wp","href":"https:\/\/api.w.org\/{rel}","templated":true}]}}