{"id":9595,"date":"2023-01-06T16:08:52","date_gmt":"2023-01-06T15:08:52","guid":{"rendered":"https:\/\/trendsandvision.nl\/fr\/product\/esschert-design-autocollant-carreaux-oiseau-sur-fil\/"},"modified":"2026-04-07T12:05:39","modified_gmt":"2026-04-07T10:05:39","slug":"esschert-design-autocollant-carreaux-oiseau-sur-fil","status":"publish","type":"product","link":"https:\/\/trendsandvision.nl\/fr\/product\/esschert-design-autocollant-carreaux-oiseau-sur-fil\/","title":{"rendered":"Esschert Design Autocollant carreaux oiseau sur fil"},"content":{"rendered":"<p>Prot\u00e9gez les oiseaux avec ces autocollants de fen\u00eatre. Chaque ann\u00e9e, de nombreux oiseaux entrent en collision avec une fen\u00eatre, provoquant leur mort et les oisillons ne peuvent donc plus \u00eatre nourris. Ces autocollants de fen\u00eatre avec des oiseaux sur fil peuvent \u00eatre coll\u00e9s \u00e0 l&rsquo;ext\u00e9rieur de la fen\u00eatre et garantissent que les oiseaux sont moins susceptibles d&rsquo;entrer en collision avec une fen\u00eatre. <\/p>\n<p>&#8211; Emp\u00eache les oiseaux d&rsquo;entrer en collision avec la fen\u00eatre &#8211; R\u00e9sistant aux UV et aux intemp\u00e9ries &#8211; Peut \u00eatre coll\u00e9 \u00e0 l&rsquo;ext\u00e9rieur de la fen\u00eatre &#8211; Livr\u00e9 dans un sac avec une carte d&rsquo;en-t\u00eate<\/p>\n","protected":false},"excerpt":{"rendered":"<p>Prot\u00e9gez les oiseaux avec ces autocollants de fen\u00eatre. Chaque ann\u00e9e, de nombreux oiseaux entrent en &#8230;<\/p>\n","protected":false},"featured_media":9596,"template":"","meta":[],"product_brand":[7842,7843],"product_cat":[1307],"product_tag":[],"class_list":{"0":"post-9595","1":"product","2":"type-product","3":"status-publish","4":"has-post-thumbnail","6":"product_brand-esschert-design","7":"product_brand-trends-vision","8":"product_cat-best-for-birds","9":"pa_code-ean-5485","10":"pa_dimensions-330x230x01-cm","11":"pa_fabricant-esschert-design","12":"pa_materiel-vinyl-papier-pp","14":"first","15":"instock","16":"sale","17":"taxable","18":"shipping-taxable","19":"purchasable","20":"product-type-simple","21":"czr-hentry"},"yoast_head":"<!-- This site is optimized with the Yoast SEO Premium plugin v26.4 (Yoast SEO v27.4) - https:\/\/yoast.com\/product\/yoast-seo-premium-wordpress\/ -->\n<title>Esschert Design Autocollant carreaux oiseau sur fil (FB576, 8714982218927) - Trends &amp; Vision<\/title>\n<meta name=\"description\" content=\"Esschert Design Autocollant carreaux oiseau sur fil (FB576, 8714982218927) - Prot\u00e9gez les oiseaux avec ces autocollants de fen\u00eatre. Chaque ann\u00e9e, de nombreux oiseaux entrent en ...\" \/>\n<meta name=\"robots\" content=\"index, follow, max-snippet:-1, max-image-preview:large, max-video-preview:-1\" \/>\n<link rel=\"canonical\" href=\"https:\/\/trendsandvision.nl\/fr\/product\/esschert-design-autocollant-carreaux-oiseau-sur-fil\/\" \/>\n<meta property=\"og:locale\" content=\"fr_FR\" \/>\n<meta property=\"og:type\" content=\"article\" \/>\n<meta property=\"og:title\" content=\"Esschert Design Autocollant carreaux oiseau sur fil\" \/>\n<meta property=\"og:description\" content=\"Esschert Design Autocollant carreaux oiseau sur fil (FB576, 8714982218927) - Prot\u00e9gez les oiseaux avec ces autocollants de fen\u00eatre. Chaque ann\u00e9e, de nombreux oiseaux entrent en ...\" \/>\n<meta property=\"og:url\" content=\"https:\/\/trendsandvision.nl\/fr\/product\/esschert-design-autocollant-carreaux-oiseau-sur-fil\/\" \/>\n<meta property=\"og:site_name\" content=\"Trends &amp; Vision (FR)\" \/>\n<meta property=\"article:modified_time\" content=\"2026-04-07T10:05:39+00:00\" \/>\n<meta property=\"og:image\" content=\"https:\/\/trendsandvision.nl\/fr\/wp-content\/uploads\/sites\/4\/2023\/01\/FB576_01.jpg\" \/>\n\t<meta property=\"og:image:width\" content=\"800\" \/>\n\t<meta property=\"og:image:height\" content=\"800\" \/>\n\t<meta property=\"og:image:type\" content=\"image\/jpeg\" \/>\n<meta name=\"twitter:card\" content=\"summary_large_image\" \/>\n<meta name=\"twitter:label1\" content=\"Dur\u00e9e de lecture estim\u00e9e\" \/>\n\t<meta name=\"twitter:data1\" content=\"1 minute\" \/>\n<script type=\"application\/ld+json\" class=\"yoast-schema-graph\">{\"@context\":\"https:\\\/\\\/schema.org\",\"@graph\":[{\"@type\":\"WebPage\",\"@id\":\"https:\\\/\\\/trendsandvision.nl\\\/fr\\\/product\\\/esschert-design-autocollant-carreaux-oiseau-sur-fil\\\/\",\"url\":\"https:\\\/\\\/trendsandvision.nl\\\/fr\\\/product\\\/esschert-design-autocollant-carreaux-oiseau-sur-fil\\\/\",\"name\":\"Esschert Design Autocollant carreaux oiseau sur fil (FB576, 8714982218927) - Trends & Vision\",\"isPartOf\":{\"@id\":\"https:\\\/\\\/trendsandvision.nl\\\/fr\\\/#website\"},\"primaryImageOfPage\":{\"@id\":\"https:\\\/\\\/trendsandvision.nl\\\/fr\\\/product\\\/esschert-design-autocollant-carreaux-oiseau-sur-fil\\\/#primaryimage\"},\"image\":{\"@id\":\"https:\\\/\\\/trendsandvision.nl\\\/fr\\\/product\\\/esschert-design-autocollant-carreaux-oiseau-sur-fil\\\/#primaryimage\"},\"thumbnailUrl\":\"https:\\\/\\\/trendsandvision.nl\\\/fr\\\/wp-content\\\/uploads\\\/sites\\\/4\\\/2023\\\/01\\\/FB576_01.jpg\",\"datePublished\":\"2023-01-06T15:08:52+00:00\",\"dateModified\":\"2026-04-07T10:05:39+00:00\",\"description\":\"Esschert Design Autocollant carreaux oiseau sur fil (FB576, 8714982218927) - Prot\u00e9gez les oiseaux avec ces autocollants de fen\u00eatre. Chaque ann\u00e9e, de nombreux oiseaux entrent en ...\",\"breadcrumb\":{\"@id\":\"https:\\\/\\\/trendsandvision.nl\\\/fr\\\/product\\\/esschert-design-autocollant-carreaux-oiseau-sur-fil\\\/#breadcrumb\"},\"inLanguage\":\"fr-FR\",\"potentialAction\":[{\"@type\":\"ReadAction\",\"target\":[\"https:\\\/\\\/trendsandvision.nl\\\/fr\\\/product\\\/esschert-design-autocollant-carreaux-oiseau-sur-fil\\\/\"]}]},{\"@type\":\"ImageObject\",\"inLanguage\":\"fr-FR\",\"@id\":\"https:\\\/\\\/trendsandvision.nl\\\/fr\\\/product\\\/esschert-design-autocollant-carreaux-oiseau-sur-fil\\\/#primaryimage\",\"url\":\"https:\\\/\\\/trendsandvision.nl\\\/fr\\\/wp-content\\\/uploads\\\/sites\\\/4\\\/2023\\\/01\\\/FB576_01.jpg\",\"contentUrl\":\"https:\\\/\\\/trendsandvision.nl\\\/fr\\\/wp-content\\\/uploads\\\/sites\\\/4\\\/2023\\\/01\\\/FB576_01.jpg\",\"width\":800,\"height\":800,\"caption\":\"Esschert Design Autocollant carreaux oiseau sur fil (FB576 8714982218927) - 01\"},{\"@type\":\"BreadcrumbList\",\"@id\":\"https:\\\/\\\/trendsandvision.nl\\\/fr\\\/product\\\/esschert-design-autocollant-carreaux-oiseau-sur-fil\\\/#breadcrumb\",\"itemListElement\":[{\"@type\":\"ListItem\",\"position\":1,\"name\":\"Home\",\"item\":\"https:\\\/\\\/trendsandvision.nl\\\/fr\\\/\"},{\"@type\":\"ListItem\",\"position\":2,\"name\":\"le magasin\",\"item\":\"https:\\\/\\\/trendsandvision.nl\\\/fr\\\/le-magasin\\\/\"},{\"@type\":\"ListItem\",\"position\":3,\"name\":\"Esschert Design Autocollant carreaux oiseau sur fil\"}]},{\"@type\":\"WebSite\",\"@id\":\"https:\\\/\\\/trendsandvision.nl\\\/fr\\\/#website\",\"url\":\"https:\\\/\\\/trendsandvision.nl\\\/fr\\\/\",\"name\":\"Trends &amp; Vision (FR)\",\"description\":\"La boutique en ligne pour les articles Esschert Design\",\"publisher\":{\"@id\":\"https:\\\/\\\/trendsandvision.nl\\\/fr\\\/#organization\"},\"potentialAction\":[{\"@type\":\"SearchAction\",\"target\":{\"@type\":\"EntryPoint\",\"urlTemplate\":\"https:\\\/\\\/trendsandvision.nl\\\/fr\\\/?s={search_term_string}\"},\"query-input\":{\"@type\":\"PropertyValueSpecification\",\"valueRequired\":true,\"valueName\":\"search_term_string\"}}],\"inLanguage\":\"fr-FR\"},{\"@type\":\"Organization\",\"@id\":\"https:\\\/\\\/trendsandvision.nl\\\/fr\\\/#organization\",\"name\":\"Trends &amp; Vision (FR)\",\"url\":\"https:\\\/\\\/trendsandvision.nl\\\/fr\\\/\",\"logo\":{\"@type\":\"ImageObject\",\"inLanguage\":\"fr-FR\",\"@id\":\"https:\\\/\\\/trendsandvision.nl\\\/fr\\\/#\\\/schema\\\/logo\\\/image\\\/\",\"url\":\"https:\\\/\\\/trendsandvision.nl\\\/fr\\\/wp-content\\\/uploads\\\/sites\\\/4\\\/2022\\\/10\\\/trends-and-vision-logo.jpg\",\"contentUrl\":\"https:\\\/\\\/trendsandvision.nl\\\/fr\\\/wp-content\\\/uploads\\\/sites\\\/4\\\/2022\\\/10\\\/trends-and-vision-logo.jpg\",\"width\":213,\"height\":100,\"caption\":\"Trends &amp; Vision (FR)\"},\"image\":{\"@id\":\"https:\\\/\\\/trendsandvision.nl\\\/fr\\\/#\\\/schema\\\/logo\\\/image\\\/\"}}]}<\/script>\n<!-- \/ Yoast SEO Premium plugin. -->","yoast_head_json":{"title":"Esschert Design Autocollant carreaux oiseau sur fil (FB576, 8714982218927) - Trends & Vision","description":"Esschert Design Autocollant carreaux oiseau sur fil (FB576, 8714982218927) - Prot\u00e9gez les oiseaux avec ces autocollants de fen\u00eatre. Chaque ann\u00e9e, de nombreux oiseaux entrent en ...","robots":{"index":"index","follow":"follow","max-snippet":"max-snippet:-1","max-image-preview":"max-image-preview:large","max-video-preview":"max-video-preview:-1"},"canonical":"https:\/\/trendsandvision.nl\/fr\/product\/esschert-design-autocollant-carreaux-oiseau-sur-fil\/","og_locale":"fr_FR","og_type":"article","og_title":"Esschert Design Autocollant carreaux oiseau sur fil","og_description":"Esschert Design Autocollant carreaux oiseau sur fil (FB576, 8714982218927) - Prot\u00e9gez les oiseaux avec ces autocollants de fen\u00eatre. Chaque ann\u00e9e, de nombreux oiseaux entrent en ...","og_url":"https:\/\/trendsandvision.nl\/fr\/product\/esschert-design-autocollant-carreaux-oiseau-sur-fil\/","og_site_name":"Trends &amp; Vision (FR)","article_modified_time":"2026-04-07T10:05:39+00:00","og_image":[{"width":800,"height":800,"url":"https:\/\/trendsandvision.nl\/fr\/wp-content\/uploads\/sites\/4\/2023\/01\/FB576_01.jpg","type":"image\/jpeg"}],"twitter_card":"summary_large_image","twitter_misc":{"Dur\u00e9e de lecture estim\u00e9e":"1 minute"},"schema":{"@context":"https:\/\/schema.org","@graph":[{"@type":"WebPage","@id":"https:\/\/trendsandvision.nl\/fr\/product\/esschert-design-autocollant-carreaux-oiseau-sur-fil\/","url":"https:\/\/trendsandvision.nl\/fr\/product\/esschert-design-autocollant-carreaux-oiseau-sur-fil\/","name":"Esschert Design Autocollant carreaux oiseau sur fil (FB576, 8714982218927) - Trends & Vision","isPartOf":{"@id":"https:\/\/trendsandvision.nl\/fr\/#website"},"primaryImageOfPage":{"@id":"https:\/\/trendsandvision.nl\/fr\/product\/esschert-design-autocollant-carreaux-oiseau-sur-fil\/#primaryimage"},"image":{"@id":"https:\/\/trendsandvision.nl\/fr\/product\/esschert-design-autocollant-carreaux-oiseau-sur-fil\/#primaryimage"},"thumbnailUrl":"https:\/\/trendsandvision.nl\/fr\/wp-content\/uploads\/sites\/4\/2023\/01\/FB576_01.jpg","datePublished":"2023-01-06T15:08:52+00:00","dateModified":"2026-04-07T10:05:39+00:00","description":"Esschert Design Autocollant carreaux oiseau sur fil (FB576, 8714982218927) - Prot\u00e9gez les oiseaux avec ces autocollants de fen\u00eatre. Chaque ann\u00e9e, de nombreux oiseaux entrent en ...","breadcrumb":{"@id":"https:\/\/trendsandvision.nl\/fr\/product\/esschert-design-autocollant-carreaux-oiseau-sur-fil\/#breadcrumb"},"inLanguage":"fr-FR","potentialAction":[{"@type":"ReadAction","target":["https:\/\/trendsandvision.nl\/fr\/product\/esschert-design-autocollant-carreaux-oiseau-sur-fil\/"]}]},{"@type":"ImageObject","inLanguage":"fr-FR","@id":"https:\/\/trendsandvision.nl\/fr\/product\/esschert-design-autocollant-carreaux-oiseau-sur-fil\/#primaryimage","url":"https:\/\/trendsandvision.nl\/fr\/wp-content\/uploads\/sites\/4\/2023\/01\/FB576_01.jpg","contentUrl":"https:\/\/trendsandvision.nl\/fr\/wp-content\/uploads\/sites\/4\/2023\/01\/FB576_01.jpg","width":800,"height":800,"caption":"Esschert Design Autocollant carreaux oiseau sur fil (FB576 8714982218927) - 01"},{"@type":"BreadcrumbList","@id":"https:\/\/trendsandvision.nl\/fr\/product\/esschert-design-autocollant-carreaux-oiseau-sur-fil\/#breadcrumb","itemListElement":[{"@type":"ListItem","position":1,"name":"Home","item":"https:\/\/trendsandvision.nl\/fr\/"},{"@type":"ListItem","position":2,"name":"le magasin","item":"https:\/\/trendsandvision.nl\/fr\/le-magasin\/"},{"@type":"ListItem","position":3,"name":"Esschert Design Autocollant carreaux oiseau sur fil"}]},{"@type":"WebSite","@id":"https:\/\/trendsandvision.nl\/fr\/#website","url":"https:\/\/trendsandvision.nl\/fr\/","name":"Trends &amp; Vision (FR)","description":"La boutique en ligne pour les articles Esschert Design","publisher":{"@id":"https:\/\/trendsandvision.nl\/fr\/#organization"},"potentialAction":[{"@type":"SearchAction","target":{"@type":"EntryPoint","urlTemplate":"https:\/\/trendsandvision.nl\/fr\/?s={search_term_string}"},"query-input":{"@type":"PropertyValueSpecification","valueRequired":true,"valueName":"search_term_string"}}],"inLanguage":"fr-FR"},{"@type":"Organization","@id":"https:\/\/trendsandvision.nl\/fr\/#organization","name":"Trends &amp; Vision (FR)","url":"https:\/\/trendsandvision.nl\/fr\/","logo":{"@type":"ImageObject","inLanguage":"fr-FR","@id":"https:\/\/trendsandvision.nl\/fr\/#\/schema\/logo\/image\/","url":"https:\/\/trendsandvision.nl\/fr\/wp-content\/uploads\/sites\/4\/2022\/10\/trends-and-vision-logo.jpg","contentUrl":"https:\/\/trendsandvision.nl\/fr\/wp-content\/uploads\/sites\/4\/2022\/10\/trends-and-vision-logo.jpg","width":213,"height":100,"caption":"Trends &amp; Vision (FR)"},"image":{"@id":"https:\/\/trendsandvision.nl\/fr\/#\/schema\/logo\/image\/"}}]}},"_links":{"self":[{"href":"https:\/\/trendsandvision.nl\/fr\/wp-json\/wp\/v2\/product\/9595","targetHints":{"allow":["GET"]}}],"collection":[{"href":"https:\/\/trendsandvision.nl\/fr\/wp-json\/wp\/v2\/product"}],"about":[{"href":"https:\/\/trendsandvision.nl\/fr\/wp-json\/wp\/v2\/types\/product"}],"wp:featuredmedia":[{"embeddable":true,"href":"https:\/\/trendsandvision.nl\/fr\/wp-json\/wp\/v2\/media\/9596"}],"wp:attachment":[{"href":"https:\/\/trendsandvision.nl\/fr\/wp-json\/wp\/v2\/media?parent=9595"}],"wp:term":[{"taxonomy":"product_brand","embeddable":true,"href":"https:\/\/trendsandvision.nl\/fr\/wp-json\/wp\/v2\/product_brand?post=9595"},{"taxonomy":"product_cat","embeddable":true,"href":"https:\/\/trendsandvision.nl\/fr\/wp-json\/wp\/v2\/product_cat?post=9595"},{"taxonomy":"product_tag","embeddable":true,"href":"https:\/\/trendsandvision.nl\/fr\/wp-json\/wp\/v2\/product_tag?post=9595"}],"curies":[{"name":"wp","href":"https:\/\/api.w.org\/{rel}","templated":true}]}}