{"id":957,"date":"2022-10-13T13:39:18","date_gmt":"2022-10-13T11:39:18","guid":{"rendered":"https:\/\/trendsandvision.nl\/fr\/product\/esschert-design-ensemble-de-terrarium-vegetal-a-faire-soi-meme-15-litres\/"},"modified":"2025-06-04T11:10:49","modified_gmt":"2025-06-04T09:10:49","slug":"esschert-design-ensemble-de-terrarium-vegetal-a-faire-soi-meme-15-litres","status":"publish","type":"product","link":"https:\/\/trendsandvision.nl\/fr\/product\/esschert-design-ensemble-de-terrarium-vegetal-a-faire-soi-meme-15-litres\/","title":{"rendered":"Esschert Design Ensemble de terrarium v\u00e9g\u00e9tal \u00e0 faire soi-m\u00eame 15 litres"},"content":{"rendered":"<p>Tout ce qu&rsquo;il faut pour cr\u00e9er un terrarium v\u00e9g\u00e9tal. L&rsquo;ensemble comprend une bouteille de terrarium de 15 litres, un entonnoir, du terreau, du carbone, des pierres de drainage et un ensemble d&rsquo;outils.<\/p>\n<p>&#8211; verre transparent recycl\u00e9<br \/>\n&#8211; souffl\u00e9 \u00e0 la bouche<br \/>\n&#8211; avec terreau, pierres de drainage, entonnoir et ensemble d&rsquo;outils<br \/>\n&#8211; produit en Europe<\/p>\n","protected":false},"excerpt":{"rendered":"<p>Tout ce qu&rsquo;il faut pour cr\u00e9er un terrarium v\u00e9g\u00e9tal. L&rsquo;ensemble comprend une bouteille de terrarium d<\/p>\n","protected":false},"featured_media":958,"template":"","meta":[],"product_brand":[7842,7843],"product_cat":[484],"product_tag":[],"class_list":{"0":"post-957","1":"product","2":"type-product","3":"status-publish","4":"has-post-thumbnail","6":"product_brand-esschert-design","7":"product_brand-trends-vision","8":"product_cat-esscherts-garden","9":"pa_code-ean-536","10":"pa_dimensions-303x303x444-cm","11":"pa_fabricant-esschert-design","12":"pa_materiel-verre-recycle-acier-inoxydable-liege","14":"first","15":"outofstock","16":"sale","17":"taxable","18":"shipping-taxable","19":"purchasable","20":"product-type-simple","21":"czr-hentry"},"yoast_head":"<!-- This site is optimized with the Yoast SEO Premium plugin v26.4 (Yoast SEO v27.4) - https:\/\/yoast.com\/product\/yoast-seo-premium-wordpress\/ -->\n<title>Esschert Design Ensemble de terrarium v\u00e9g\u00e9tal \u00e0 faire soi-m\u00eame 15 litres<\/title>\n<meta name=\"description\" content=\"Esschert Design Ensemble de terrarium v\u00e9g\u00e9tal \u00e0 faire soi-m\u00eame 15 litres - Tout ce qu&#039;il faut pour cr\u00e9er un terrarium v\u00e9g\u00e9tal. L&#039;ensemble comprend une bouteille de terrarium d\" \/>\n<meta name=\"robots\" content=\"index, follow, max-snippet:-1, max-image-preview:large, max-video-preview:-1\" \/>\n<link rel=\"canonical\" href=\"https:\/\/trendsandvision.nl\/fr\/product\/esschert-design-ensemble-de-terrarium-vegetal-a-faire-soi-meme-15-litres\/\" \/>\n<meta property=\"og:locale\" content=\"fr_FR\" \/>\n<meta property=\"og:type\" content=\"article\" \/>\n<meta property=\"og:title\" content=\"Esschert Design Ensemble de terrarium v\u00e9g\u00e9tal \u00e0 faire soi-m\u00eame 15 litres\" \/>\n<meta property=\"og:description\" content=\"Esschert Design Ensemble de terrarium v\u00e9g\u00e9tal \u00e0 faire soi-m\u00eame 15 litres - Tout ce qu&#039;il faut pour cr\u00e9er un terrarium v\u00e9g\u00e9tal. L&#039;ensemble comprend une bouteille de terrarium d\" \/>\n<meta property=\"og:url\" content=\"https:\/\/trendsandvision.nl\/fr\/product\/esschert-design-ensemble-de-terrarium-vegetal-a-faire-soi-meme-15-litres\/\" \/>\n<meta property=\"og:site_name\" content=\"Trends &amp; Vision (FR)\" \/>\n<meta property=\"article:modified_time\" content=\"2025-06-04T09:10:49+00:00\" \/>\n<meta property=\"og:image\" content=\"https:\/\/trendsandvision.nl\/fr\/wp-content\/uploads\/sites\/4\/2022\/10\/AGG79_01.jpg\" \/>\n\t<meta property=\"og:image:width\" content=\"800\" \/>\n\t<meta property=\"og:image:height\" content=\"800\" \/>\n\t<meta property=\"og:image:type\" content=\"image\/jpeg\" \/>\n<meta name=\"twitter:card\" content=\"summary_large_image\" \/>\n<script type=\"application\/ld+json\" class=\"yoast-schema-graph\">{\"@context\":\"https:\\\/\\\/schema.org\",\"@graph\":[{\"@type\":\"WebPage\",\"@id\":\"https:\\\/\\\/trendsandvision.nl\\\/fr\\\/product\\\/esschert-design-ensemble-de-terrarium-vegetal-a-faire-soi-meme-15-litres\\\/\",\"url\":\"https:\\\/\\\/trendsandvision.nl\\\/fr\\\/product\\\/esschert-design-ensemble-de-terrarium-vegetal-a-faire-soi-meme-15-litres\\\/\",\"name\":\"Esschert Design Ensemble de terrarium v\u00e9g\u00e9tal \u00e0 faire soi-m\u00eame 15 litres\",\"isPartOf\":{\"@id\":\"https:\\\/\\\/trendsandvision.nl\\\/fr\\\/#website\"},\"primaryImageOfPage\":{\"@id\":\"https:\\\/\\\/trendsandvision.nl\\\/fr\\\/product\\\/esschert-design-ensemble-de-terrarium-vegetal-a-faire-soi-meme-15-litres\\\/#primaryimage\"},\"image\":{\"@id\":\"https:\\\/\\\/trendsandvision.nl\\\/fr\\\/product\\\/esschert-design-ensemble-de-terrarium-vegetal-a-faire-soi-meme-15-litres\\\/#primaryimage\"},\"thumbnailUrl\":\"https:\\\/\\\/trendsandvision.nl\\\/fr\\\/wp-content\\\/uploads\\\/sites\\\/4\\\/2022\\\/10\\\/AGG79_01.jpg\",\"datePublished\":\"2022-10-13T11:39:18+00:00\",\"dateModified\":\"2025-06-04T09:10:49+00:00\",\"description\":\"Esschert Design Ensemble de terrarium v\u00e9g\u00e9tal \u00e0 faire soi-m\u00eame 15 litres - Tout ce qu'il faut pour cr\u00e9er un terrarium v\u00e9g\u00e9tal. L'ensemble comprend une bouteille de terrarium d\",\"breadcrumb\":{\"@id\":\"https:\\\/\\\/trendsandvision.nl\\\/fr\\\/product\\\/esschert-design-ensemble-de-terrarium-vegetal-a-faire-soi-meme-15-litres\\\/#breadcrumb\"},\"inLanguage\":\"fr-FR\",\"potentialAction\":[{\"@type\":\"ReadAction\",\"target\":[\"https:\\\/\\\/trendsandvision.nl\\\/fr\\\/product\\\/esschert-design-ensemble-de-terrarium-vegetal-a-faire-soi-meme-15-litres\\\/\"]}]},{\"@type\":\"ImageObject\",\"inLanguage\":\"fr-FR\",\"@id\":\"https:\\\/\\\/trendsandvision.nl\\\/fr\\\/product\\\/esschert-design-ensemble-de-terrarium-vegetal-a-faire-soi-meme-15-litres\\\/#primaryimage\",\"url\":\"https:\\\/\\\/trendsandvision.nl\\\/fr\\\/wp-content\\\/uploads\\\/sites\\\/4\\\/2022\\\/10\\\/AGG79_01.jpg\",\"contentUrl\":\"https:\\\/\\\/trendsandvision.nl\\\/fr\\\/wp-content\\\/uploads\\\/sites\\\/4\\\/2022\\\/10\\\/AGG79_01.jpg\",\"width\":800,\"height\":800,\"caption\":\"Esschert Design Ensemble de terrarium v\u00e9g\u00e9tal \u00e0 faire soi-m\u00eame 15 litres (8714982166891\"},{\"@type\":\"BreadcrumbList\",\"@id\":\"https:\\\/\\\/trendsandvision.nl\\\/fr\\\/product\\\/esschert-design-ensemble-de-terrarium-vegetal-a-faire-soi-meme-15-litres\\\/#breadcrumb\",\"itemListElement\":[{\"@type\":\"ListItem\",\"position\":1,\"name\":\"Home\",\"item\":\"https:\\\/\\\/trendsandvision.nl\\\/fr\\\/\"},{\"@type\":\"ListItem\",\"position\":2,\"name\":\"le magasin\",\"item\":\"https:\\\/\\\/trendsandvision.nl\\\/fr\\\/le-magasin\\\/\"},{\"@type\":\"ListItem\",\"position\":3,\"name\":\"Esschert Design Ensemble de terrarium v\u00e9g\u00e9tal \u00e0 faire soi-m\u00eame 15 litres\"}]},{\"@type\":\"WebSite\",\"@id\":\"https:\\\/\\\/trendsandvision.nl\\\/fr\\\/#website\",\"url\":\"https:\\\/\\\/trendsandvision.nl\\\/fr\\\/\",\"name\":\"Trends &amp; Vision (FR)\",\"description\":\"La boutique en ligne pour les articles Esschert Design\",\"publisher\":{\"@id\":\"https:\\\/\\\/trendsandvision.nl\\\/fr\\\/#organization\"},\"potentialAction\":[{\"@type\":\"SearchAction\",\"target\":{\"@type\":\"EntryPoint\",\"urlTemplate\":\"https:\\\/\\\/trendsandvision.nl\\\/fr\\\/?s={search_term_string}\"},\"query-input\":{\"@type\":\"PropertyValueSpecification\",\"valueRequired\":true,\"valueName\":\"search_term_string\"}}],\"inLanguage\":\"fr-FR\"},{\"@type\":\"Organization\",\"@id\":\"https:\\\/\\\/trendsandvision.nl\\\/fr\\\/#organization\",\"name\":\"Trends &amp; Vision (FR)\",\"url\":\"https:\\\/\\\/trendsandvision.nl\\\/fr\\\/\",\"logo\":{\"@type\":\"ImageObject\",\"inLanguage\":\"fr-FR\",\"@id\":\"https:\\\/\\\/trendsandvision.nl\\\/fr\\\/#\\\/schema\\\/logo\\\/image\\\/\",\"url\":\"https:\\\/\\\/trendsandvision.nl\\\/fr\\\/wp-content\\\/uploads\\\/sites\\\/4\\\/2022\\\/10\\\/trends-and-vision-logo.jpg\",\"contentUrl\":\"https:\\\/\\\/trendsandvision.nl\\\/fr\\\/wp-content\\\/uploads\\\/sites\\\/4\\\/2022\\\/10\\\/trends-and-vision-logo.jpg\",\"width\":213,\"height\":100,\"caption\":\"Trends &amp; Vision (FR)\"},\"image\":{\"@id\":\"https:\\\/\\\/trendsandvision.nl\\\/fr\\\/#\\\/schema\\\/logo\\\/image\\\/\"}}]}<\/script>\n<!-- \/ Yoast SEO Premium plugin. -->","yoast_head_json":{"title":"Esschert Design Ensemble de terrarium v\u00e9g\u00e9tal \u00e0 faire soi-m\u00eame 15 litres","description":"Esschert Design Ensemble de terrarium v\u00e9g\u00e9tal \u00e0 faire soi-m\u00eame 15 litres - Tout ce qu'il faut pour cr\u00e9er un terrarium v\u00e9g\u00e9tal. L'ensemble comprend une bouteille de terrarium d","robots":{"index":"index","follow":"follow","max-snippet":"max-snippet:-1","max-image-preview":"max-image-preview:large","max-video-preview":"max-video-preview:-1"},"canonical":"https:\/\/trendsandvision.nl\/fr\/product\/esschert-design-ensemble-de-terrarium-vegetal-a-faire-soi-meme-15-litres\/","og_locale":"fr_FR","og_type":"article","og_title":"Esschert Design Ensemble de terrarium v\u00e9g\u00e9tal \u00e0 faire soi-m\u00eame 15 litres","og_description":"Esschert Design Ensemble de terrarium v\u00e9g\u00e9tal \u00e0 faire soi-m\u00eame 15 litres - Tout ce qu'il faut pour cr\u00e9er un terrarium v\u00e9g\u00e9tal. L'ensemble comprend une bouteille de terrarium d","og_url":"https:\/\/trendsandvision.nl\/fr\/product\/esschert-design-ensemble-de-terrarium-vegetal-a-faire-soi-meme-15-litres\/","og_site_name":"Trends &amp; Vision (FR)","article_modified_time":"2025-06-04T09:10:49+00:00","og_image":[{"width":800,"height":800,"url":"https:\/\/trendsandvision.nl\/fr\/wp-content\/uploads\/sites\/4\/2022\/10\/AGG79_01.jpg","type":"image\/jpeg"}],"twitter_card":"summary_large_image","schema":{"@context":"https:\/\/schema.org","@graph":[{"@type":"WebPage","@id":"https:\/\/trendsandvision.nl\/fr\/product\/esschert-design-ensemble-de-terrarium-vegetal-a-faire-soi-meme-15-litres\/","url":"https:\/\/trendsandvision.nl\/fr\/product\/esschert-design-ensemble-de-terrarium-vegetal-a-faire-soi-meme-15-litres\/","name":"Esschert Design Ensemble de terrarium v\u00e9g\u00e9tal \u00e0 faire soi-m\u00eame 15 litres","isPartOf":{"@id":"https:\/\/trendsandvision.nl\/fr\/#website"},"primaryImageOfPage":{"@id":"https:\/\/trendsandvision.nl\/fr\/product\/esschert-design-ensemble-de-terrarium-vegetal-a-faire-soi-meme-15-litres\/#primaryimage"},"image":{"@id":"https:\/\/trendsandvision.nl\/fr\/product\/esschert-design-ensemble-de-terrarium-vegetal-a-faire-soi-meme-15-litres\/#primaryimage"},"thumbnailUrl":"https:\/\/trendsandvision.nl\/fr\/wp-content\/uploads\/sites\/4\/2022\/10\/AGG79_01.jpg","datePublished":"2022-10-13T11:39:18+00:00","dateModified":"2025-06-04T09:10:49+00:00","description":"Esschert Design Ensemble de terrarium v\u00e9g\u00e9tal \u00e0 faire soi-m\u00eame 15 litres - Tout ce qu'il faut pour cr\u00e9er un terrarium v\u00e9g\u00e9tal. L'ensemble comprend une bouteille de terrarium d","breadcrumb":{"@id":"https:\/\/trendsandvision.nl\/fr\/product\/esschert-design-ensemble-de-terrarium-vegetal-a-faire-soi-meme-15-litres\/#breadcrumb"},"inLanguage":"fr-FR","potentialAction":[{"@type":"ReadAction","target":["https:\/\/trendsandvision.nl\/fr\/product\/esschert-design-ensemble-de-terrarium-vegetal-a-faire-soi-meme-15-litres\/"]}]},{"@type":"ImageObject","inLanguage":"fr-FR","@id":"https:\/\/trendsandvision.nl\/fr\/product\/esschert-design-ensemble-de-terrarium-vegetal-a-faire-soi-meme-15-litres\/#primaryimage","url":"https:\/\/trendsandvision.nl\/fr\/wp-content\/uploads\/sites\/4\/2022\/10\/AGG79_01.jpg","contentUrl":"https:\/\/trendsandvision.nl\/fr\/wp-content\/uploads\/sites\/4\/2022\/10\/AGG79_01.jpg","width":800,"height":800,"caption":"Esschert Design Ensemble de terrarium v\u00e9g\u00e9tal \u00e0 faire soi-m\u00eame 15 litres (8714982166891"},{"@type":"BreadcrumbList","@id":"https:\/\/trendsandvision.nl\/fr\/product\/esschert-design-ensemble-de-terrarium-vegetal-a-faire-soi-meme-15-litres\/#breadcrumb","itemListElement":[{"@type":"ListItem","position":1,"name":"Home","item":"https:\/\/trendsandvision.nl\/fr\/"},{"@type":"ListItem","position":2,"name":"le magasin","item":"https:\/\/trendsandvision.nl\/fr\/le-magasin\/"},{"@type":"ListItem","position":3,"name":"Esschert Design Ensemble de terrarium v\u00e9g\u00e9tal \u00e0 faire soi-m\u00eame 15 litres"}]},{"@type":"WebSite","@id":"https:\/\/trendsandvision.nl\/fr\/#website","url":"https:\/\/trendsandvision.nl\/fr\/","name":"Trends &amp; Vision (FR)","description":"La boutique en ligne pour les articles Esschert Design","publisher":{"@id":"https:\/\/trendsandvision.nl\/fr\/#organization"},"potentialAction":[{"@type":"SearchAction","target":{"@type":"EntryPoint","urlTemplate":"https:\/\/trendsandvision.nl\/fr\/?s={search_term_string}"},"query-input":{"@type":"PropertyValueSpecification","valueRequired":true,"valueName":"search_term_string"}}],"inLanguage":"fr-FR"},{"@type":"Organization","@id":"https:\/\/trendsandvision.nl\/fr\/#organization","name":"Trends &amp; Vision (FR)","url":"https:\/\/trendsandvision.nl\/fr\/","logo":{"@type":"ImageObject","inLanguage":"fr-FR","@id":"https:\/\/trendsandvision.nl\/fr\/#\/schema\/logo\/image\/","url":"https:\/\/trendsandvision.nl\/fr\/wp-content\/uploads\/sites\/4\/2022\/10\/trends-and-vision-logo.jpg","contentUrl":"https:\/\/trendsandvision.nl\/fr\/wp-content\/uploads\/sites\/4\/2022\/10\/trends-and-vision-logo.jpg","width":213,"height":100,"caption":"Trends &amp; Vision (FR)"},"image":{"@id":"https:\/\/trendsandvision.nl\/fr\/#\/schema\/logo\/image\/"}}]}},"_links":{"self":[{"href":"https:\/\/trendsandvision.nl\/fr\/wp-json\/wp\/v2\/product\/957","targetHints":{"allow":["GET"]}}],"collection":[{"href":"https:\/\/trendsandvision.nl\/fr\/wp-json\/wp\/v2\/product"}],"about":[{"href":"https:\/\/trendsandvision.nl\/fr\/wp-json\/wp\/v2\/types\/product"}],"wp:featuredmedia":[{"embeddable":true,"href":"https:\/\/trendsandvision.nl\/fr\/wp-json\/wp\/v2\/media\/958"}],"wp:attachment":[{"href":"https:\/\/trendsandvision.nl\/fr\/wp-json\/wp\/v2\/media?parent=957"}],"wp:term":[{"taxonomy":"product_brand","embeddable":true,"href":"https:\/\/trendsandvision.nl\/fr\/wp-json\/wp\/v2\/product_brand?post=957"},{"taxonomy":"product_cat","embeddable":true,"href":"https:\/\/trendsandvision.nl\/fr\/wp-json\/wp\/v2\/product_cat?post=957"},{"taxonomy":"product_tag","embeddable":true,"href":"https:\/\/trendsandvision.nl\/fr\/wp-json\/wp\/v2\/product_tag?post=957"}],"curies":[{"name":"wp","href":"https:\/\/api.w.org\/{rel}","templated":true}]}}