{"id":9076,"date":"2022-10-13T17:42:24","date_gmt":"2022-10-13T15:42:24","guid":{"rendered":"https:\/\/trendsandvision.nl\/fr\/product\/esschert-design-boule-mangeoire-et-a-boire-pour-herissons\/"},"modified":"2026-02-05T01:16:17","modified_gmt":"2026-02-05T00:16:17","slug":"esschert-design-boule-mangeoire-et-a-boire-pour-herissons","status":"publish","type":"product","link":"https:\/\/trendsandvision.nl\/fr\/product\/esschert-design-boule-mangeoire-et-a-boire-pour-herissons\/","title":{"rendered":"Esschert Design Boule mangeoire et \u00e0 boire pour h\u00e9rissons"},"content":{"rendered":"<p>Avec cette boule mangeoire et \u00e0 boire sp\u00e9cialement con\u00e7ue pour les h\u00e9rissons, vous pouvez facilement nourrir les h\u00e9rissons avec de la nourriture sp\u00e9ciale pour h\u00e9rissons. La boule mangeoire et \u00e0 boire est con\u00e7ue de telle sorte que la partie pour boire est plus basse que la partie pour les aliments. Cela emp\u00eache l&rsquo;eau de p\u00e9n\u00e9trer dans la nourriture lorsque le h\u00e9risson boit.<br \/>\nLa partie pour les aliments de la boule est pourvue d&rsquo;un trou de drainage qui emp\u00eache l&rsquo;eau de stagner. <\/p>\n<p>&#8211; Boule d&rsquo;alimentation et de boisson en un<br \/>\n&#8211; partie \u00e0 boire plus basse que la partie d&rsquo;alimentation afin que l&rsquo;eau ne coule pas dans la nourriture<br \/>\n&#8211; la partie d&rsquo;alimentation est  pourvue d&rsquo;un trou de drainage<br \/>\n&#8211; emball\u00e9 dans une bo\u00eete cadeau<\/p>\n","protected":false},"excerpt":{"rendered":"<p>Avec cette boule mangeoire et \u00e0 boire sp\u00e9cialement con\u00e7ue pour les h\u00e9rissons, vous pouvez facilement<\/p>\n","protected":false},"featured_media":9077,"template":"","meta":[],"product_brand":[7842,7843],"product_cat":[1307],"product_tag":[],"class_list":{"0":"post-9076","1":"product","2":"type-product","3":"status-publish","4":"has-post-thumbnail","6":"product_brand-esschert-design","7":"product_brand-trends-vision","8":"product_cat-best-for-birds","9":"pa_code-ean-5212","10":"pa_dimensions-21x117x42-cm","11":"pa_fabricant-esschert-design","12":"pa_materiel-dolomie","14":"first","15":"instock","16":"sale","17":"taxable","18":"shipping-taxable","19":"purchasable","20":"product-type-simple","21":"czr-hentry"},"yoast_head":"<!-- This site is optimized with the Yoast SEO Premium plugin v26.4 (Yoast SEO v27.3) - https:\/\/yoast.com\/product\/yoast-seo-premium-wordpress\/ -->\n<title>Esschert Design Boule mangeoire et \u00e0 boire pour h\u00e9rissons<\/title>\n<meta name=\"description\" content=\"Esschert Design Boule mangeoire et \u00e0 boire pour h\u00e9rissons - Avec cette boule mangeoire et \u00e0 boire sp\u00e9cialement con\u00e7ue pour les h\u00e9rissons, vous pouvez facilement\" \/>\n<meta name=\"robots\" content=\"index, follow, max-snippet:-1, max-image-preview:large, max-video-preview:-1\" \/>\n<link rel=\"canonical\" href=\"https:\/\/trendsandvision.nl\/fr\/product\/esschert-design-boule-mangeoire-et-a-boire-pour-herissons\/\" \/>\n<meta property=\"og:locale\" content=\"fr_FR\" \/>\n<meta property=\"og:type\" content=\"article\" \/>\n<meta property=\"og:title\" content=\"Esschert Design Boule mangeoire et \u00e0 boire pour h\u00e9rissons\" \/>\n<meta property=\"og:description\" content=\"Esschert Design Boule mangeoire et \u00e0 boire pour h\u00e9rissons - Avec cette boule mangeoire et \u00e0 boire sp\u00e9cialement con\u00e7ue pour les h\u00e9rissons, vous pouvez facilement\" \/>\n<meta property=\"og:url\" content=\"https:\/\/trendsandvision.nl\/fr\/product\/esschert-design-boule-mangeoire-et-a-boire-pour-herissons\/\" \/>\n<meta property=\"og:site_name\" content=\"Trends &amp; Vision (FR)\" \/>\n<meta property=\"article:modified_time\" content=\"2026-02-05T00:16:17+00:00\" \/>\n<meta property=\"og:image\" content=\"https:\/\/trendsandvision.nl\/fr\/wp-content\/uploads\/sites\/4\/2022\/10\/WA64_01.jpg\" \/>\n\t<meta property=\"og:image:width\" content=\"800\" \/>\n\t<meta property=\"og:image:height\" content=\"800\" \/>\n\t<meta property=\"og:image:type\" content=\"image\/jpeg\" \/>\n<meta name=\"twitter:card\" content=\"summary_large_image\" \/>\n<meta name=\"twitter:label1\" content=\"Dur\u00e9e de lecture estim\u00e9e\" \/>\n\t<meta name=\"twitter:data1\" content=\"1 minute\" \/>\n<script type=\"application\/ld+json\" class=\"yoast-schema-graph\">{\"@context\":\"https:\\\/\\\/schema.org\",\"@graph\":[{\"@type\":\"WebPage\",\"@id\":\"https:\\\/\\\/trendsandvision.nl\\\/fr\\\/product\\\/esschert-design-boule-mangeoire-et-a-boire-pour-herissons\\\/\",\"url\":\"https:\\\/\\\/trendsandvision.nl\\\/fr\\\/product\\\/esschert-design-boule-mangeoire-et-a-boire-pour-herissons\\\/\",\"name\":\"Esschert Design Boule mangeoire et \u00e0 boire pour h\u00e9rissons\",\"isPartOf\":{\"@id\":\"https:\\\/\\\/trendsandvision.nl\\\/fr\\\/#website\"},\"primaryImageOfPage\":{\"@id\":\"https:\\\/\\\/trendsandvision.nl\\\/fr\\\/product\\\/esschert-design-boule-mangeoire-et-a-boire-pour-herissons\\\/#primaryimage\"},\"image\":{\"@id\":\"https:\\\/\\\/trendsandvision.nl\\\/fr\\\/product\\\/esschert-design-boule-mangeoire-et-a-boire-pour-herissons\\\/#primaryimage\"},\"thumbnailUrl\":\"https:\\\/\\\/trendsandvision.nl\\\/fr\\\/wp-content\\\/uploads\\\/sites\\\/4\\\/2022\\\/10\\\/WA64_01.jpg\",\"datePublished\":\"2022-10-13T15:42:24+00:00\",\"dateModified\":\"2026-02-05T00:16:17+00:00\",\"description\":\"Esschert Design Boule mangeoire et \u00e0 boire pour h\u00e9rissons - Avec cette boule mangeoire et \u00e0 boire sp\u00e9cialement con\u00e7ue pour les h\u00e9rissons, vous pouvez facilement\",\"breadcrumb\":{\"@id\":\"https:\\\/\\\/trendsandvision.nl\\\/fr\\\/product\\\/esschert-design-boule-mangeoire-et-a-boire-pour-herissons\\\/#breadcrumb\"},\"inLanguage\":\"fr-FR\",\"potentialAction\":[{\"@type\":\"ReadAction\",\"target\":[\"https:\\\/\\\/trendsandvision.nl\\\/fr\\\/product\\\/esschert-design-boule-mangeoire-et-a-boire-pour-herissons\\\/\"]}]},{\"@type\":\"ImageObject\",\"inLanguage\":\"fr-FR\",\"@id\":\"https:\\\/\\\/trendsandvision.nl\\\/fr\\\/product\\\/esschert-design-boule-mangeoire-et-a-boire-pour-herissons\\\/#primaryimage\",\"url\":\"https:\\\/\\\/trendsandvision.nl\\\/fr\\\/wp-content\\\/uploads\\\/sites\\\/4\\\/2022\\\/10\\\/WA64_01.jpg\",\"contentUrl\":\"https:\\\/\\\/trendsandvision.nl\\\/fr\\\/wp-content\\\/uploads\\\/sites\\\/4\\\/2022\\\/10\\\/WA64_01.jpg\",\"width\":800,\"height\":800,\"caption\":\"Esschert Design Boule mangeoire et \u00e0 boire pour h\u00e9rissons (8714982182013\"},{\"@type\":\"BreadcrumbList\",\"@id\":\"https:\\\/\\\/trendsandvision.nl\\\/fr\\\/product\\\/esschert-design-boule-mangeoire-et-a-boire-pour-herissons\\\/#breadcrumb\",\"itemListElement\":[{\"@type\":\"ListItem\",\"position\":1,\"name\":\"Home\",\"item\":\"https:\\\/\\\/trendsandvision.nl\\\/fr\\\/\"},{\"@type\":\"ListItem\",\"position\":2,\"name\":\"le magasin\",\"item\":\"https:\\\/\\\/trendsandvision.nl\\\/fr\\\/le-magasin\\\/\"},{\"@type\":\"ListItem\",\"position\":3,\"name\":\"Esschert Design Boule mangeoire et \u00e0 boire pour h\u00e9rissons\"}]},{\"@type\":\"WebSite\",\"@id\":\"https:\\\/\\\/trendsandvision.nl\\\/fr\\\/#website\",\"url\":\"https:\\\/\\\/trendsandvision.nl\\\/fr\\\/\",\"name\":\"Trends &amp; Vision (FR)\",\"description\":\"La boutique en ligne pour les articles Esschert Design\",\"publisher\":{\"@id\":\"https:\\\/\\\/trendsandvision.nl\\\/fr\\\/#organization\"},\"potentialAction\":[{\"@type\":\"SearchAction\",\"target\":{\"@type\":\"EntryPoint\",\"urlTemplate\":\"https:\\\/\\\/trendsandvision.nl\\\/fr\\\/?s={search_term_string}\"},\"query-input\":{\"@type\":\"PropertyValueSpecification\",\"valueRequired\":true,\"valueName\":\"search_term_string\"}}],\"inLanguage\":\"fr-FR\"},{\"@type\":\"Organization\",\"@id\":\"https:\\\/\\\/trendsandvision.nl\\\/fr\\\/#organization\",\"name\":\"Trends &amp; Vision (FR)\",\"url\":\"https:\\\/\\\/trendsandvision.nl\\\/fr\\\/\",\"logo\":{\"@type\":\"ImageObject\",\"inLanguage\":\"fr-FR\",\"@id\":\"https:\\\/\\\/trendsandvision.nl\\\/fr\\\/#\\\/schema\\\/logo\\\/image\\\/\",\"url\":\"https:\\\/\\\/trendsandvision.nl\\\/fr\\\/wp-content\\\/uploads\\\/sites\\\/4\\\/2022\\\/10\\\/trends-and-vision-logo.jpg\",\"contentUrl\":\"https:\\\/\\\/trendsandvision.nl\\\/fr\\\/wp-content\\\/uploads\\\/sites\\\/4\\\/2022\\\/10\\\/trends-and-vision-logo.jpg\",\"width\":213,\"height\":100,\"caption\":\"Trends &amp; Vision (FR)\"},\"image\":{\"@id\":\"https:\\\/\\\/trendsandvision.nl\\\/fr\\\/#\\\/schema\\\/logo\\\/image\\\/\"}}]}<\/script>\n<!-- \/ Yoast SEO Premium plugin. -->","yoast_head_json":{"title":"Esschert Design Boule mangeoire et \u00e0 boire pour h\u00e9rissons","description":"Esschert Design Boule mangeoire et \u00e0 boire pour h\u00e9rissons - Avec cette boule mangeoire et \u00e0 boire sp\u00e9cialement con\u00e7ue pour les h\u00e9rissons, vous pouvez facilement","robots":{"index":"index","follow":"follow","max-snippet":"max-snippet:-1","max-image-preview":"max-image-preview:large","max-video-preview":"max-video-preview:-1"},"canonical":"https:\/\/trendsandvision.nl\/fr\/product\/esschert-design-boule-mangeoire-et-a-boire-pour-herissons\/","og_locale":"fr_FR","og_type":"article","og_title":"Esschert Design Boule mangeoire et \u00e0 boire pour h\u00e9rissons","og_description":"Esschert Design Boule mangeoire et \u00e0 boire pour h\u00e9rissons - Avec cette boule mangeoire et \u00e0 boire sp\u00e9cialement con\u00e7ue pour les h\u00e9rissons, vous pouvez facilement","og_url":"https:\/\/trendsandvision.nl\/fr\/product\/esschert-design-boule-mangeoire-et-a-boire-pour-herissons\/","og_site_name":"Trends &amp; Vision (FR)","article_modified_time":"2026-02-05T00:16:17+00:00","og_image":[{"width":800,"height":800,"url":"https:\/\/trendsandvision.nl\/fr\/wp-content\/uploads\/sites\/4\/2022\/10\/WA64_01.jpg","type":"image\/jpeg"}],"twitter_card":"summary_large_image","twitter_misc":{"Dur\u00e9e de lecture estim\u00e9e":"1 minute"},"schema":{"@context":"https:\/\/schema.org","@graph":[{"@type":"WebPage","@id":"https:\/\/trendsandvision.nl\/fr\/product\/esschert-design-boule-mangeoire-et-a-boire-pour-herissons\/","url":"https:\/\/trendsandvision.nl\/fr\/product\/esschert-design-boule-mangeoire-et-a-boire-pour-herissons\/","name":"Esschert Design Boule mangeoire et \u00e0 boire pour h\u00e9rissons","isPartOf":{"@id":"https:\/\/trendsandvision.nl\/fr\/#website"},"primaryImageOfPage":{"@id":"https:\/\/trendsandvision.nl\/fr\/product\/esschert-design-boule-mangeoire-et-a-boire-pour-herissons\/#primaryimage"},"image":{"@id":"https:\/\/trendsandvision.nl\/fr\/product\/esschert-design-boule-mangeoire-et-a-boire-pour-herissons\/#primaryimage"},"thumbnailUrl":"https:\/\/trendsandvision.nl\/fr\/wp-content\/uploads\/sites\/4\/2022\/10\/WA64_01.jpg","datePublished":"2022-10-13T15:42:24+00:00","dateModified":"2026-02-05T00:16:17+00:00","description":"Esschert Design Boule mangeoire et \u00e0 boire pour h\u00e9rissons - Avec cette boule mangeoire et \u00e0 boire sp\u00e9cialement con\u00e7ue pour les h\u00e9rissons, vous pouvez facilement","breadcrumb":{"@id":"https:\/\/trendsandvision.nl\/fr\/product\/esschert-design-boule-mangeoire-et-a-boire-pour-herissons\/#breadcrumb"},"inLanguage":"fr-FR","potentialAction":[{"@type":"ReadAction","target":["https:\/\/trendsandvision.nl\/fr\/product\/esschert-design-boule-mangeoire-et-a-boire-pour-herissons\/"]}]},{"@type":"ImageObject","inLanguage":"fr-FR","@id":"https:\/\/trendsandvision.nl\/fr\/product\/esschert-design-boule-mangeoire-et-a-boire-pour-herissons\/#primaryimage","url":"https:\/\/trendsandvision.nl\/fr\/wp-content\/uploads\/sites\/4\/2022\/10\/WA64_01.jpg","contentUrl":"https:\/\/trendsandvision.nl\/fr\/wp-content\/uploads\/sites\/4\/2022\/10\/WA64_01.jpg","width":800,"height":800,"caption":"Esschert Design Boule mangeoire et \u00e0 boire pour h\u00e9rissons (8714982182013"},{"@type":"BreadcrumbList","@id":"https:\/\/trendsandvision.nl\/fr\/product\/esschert-design-boule-mangeoire-et-a-boire-pour-herissons\/#breadcrumb","itemListElement":[{"@type":"ListItem","position":1,"name":"Home","item":"https:\/\/trendsandvision.nl\/fr\/"},{"@type":"ListItem","position":2,"name":"le magasin","item":"https:\/\/trendsandvision.nl\/fr\/le-magasin\/"},{"@type":"ListItem","position":3,"name":"Esschert Design Boule mangeoire et \u00e0 boire pour h\u00e9rissons"}]},{"@type":"WebSite","@id":"https:\/\/trendsandvision.nl\/fr\/#website","url":"https:\/\/trendsandvision.nl\/fr\/","name":"Trends &amp; Vision (FR)","description":"La boutique en ligne pour les articles Esschert Design","publisher":{"@id":"https:\/\/trendsandvision.nl\/fr\/#organization"},"potentialAction":[{"@type":"SearchAction","target":{"@type":"EntryPoint","urlTemplate":"https:\/\/trendsandvision.nl\/fr\/?s={search_term_string}"},"query-input":{"@type":"PropertyValueSpecification","valueRequired":true,"valueName":"search_term_string"}}],"inLanguage":"fr-FR"},{"@type":"Organization","@id":"https:\/\/trendsandvision.nl\/fr\/#organization","name":"Trends &amp; Vision (FR)","url":"https:\/\/trendsandvision.nl\/fr\/","logo":{"@type":"ImageObject","inLanguage":"fr-FR","@id":"https:\/\/trendsandvision.nl\/fr\/#\/schema\/logo\/image\/","url":"https:\/\/trendsandvision.nl\/fr\/wp-content\/uploads\/sites\/4\/2022\/10\/trends-and-vision-logo.jpg","contentUrl":"https:\/\/trendsandvision.nl\/fr\/wp-content\/uploads\/sites\/4\/2022\/10\/trends-and-vision-logo.jpg","width":213,"height":100,"caption":"Trends &amp; Vision (FR)"},"image":{"@id":"https:\/\/trendsandvision.nl\/fr\/#\/schema\/logo\/image\/"}}]}},"_links":{"self":[{"href":"https:\/\/trendsandvision.nl\/fr\/wp-json\/wp\/v2\/product\/9076","targetHints":{"allow":["GET"]}}],"collection":[{"href":"https:\/\/trendsandvision.nl\/fr\/wp-json\/wp\/v2\/product"}],"about":[{"href":"https:\/\/trendsandvision.nl\/fr\/wp-json\/wp\/v2\/types\/product"}],"wp:featuredmedia":[{"embeddable":true,"href":"https:\/\/trendsandvision.nl\/fr\/wp-json\/wp\/v2\/media\/9077"}],"wp:attachment":[{"href":"https:\/\/trendsandvision.nl\/fr\/wp-json\/wp\/v2\/media?parent=9076"}],"wp:term":[{"taxonomy":"product_brand","embeddable":true,"href":"https:\/\/trendsandvision.nl\/fr\/wp-json\/wp\/v2\/product_brand?post=9076"},{"taxonomy":"product_cat","embeddable":true,"href":"https:\/\/trendsandvision.nl\/fr\/wp-json\/wp\/v2\/product_cat?post=9076"},{"taxonomy":"product_tag","embeddable":true,"href":"https:\/\/trendsandvision.nl\/fr\/wp-json\/wp\/v2\/product_tag?post=9076"}],"curies":[{"name":"wp","href":"https:\/\/api.w.org\/{rel}","templated":true}]}}