{"id":8878,"date":"2022-10-13T17:36:24","date_gmt":"2022-10-13T15:36:24","guid":{"rendered":"https:\/\/trendsandvision.nl\/fr\/product\/esschert-design-couteau-a-champignons-avec-brosse\/"},"modified":"2026-04-07T12:37:24","modified_gmt":"2026-04-07T10:37:24","slug":"esschert-design-couteau-a-champignons-avec-brosse","status":"publish","type":"product","link":"https:\/\/trendsandvision.nl\/fr\/product\/esschert-design-couteau-a-champignons-avec-brosse\/","title":{"rendered":"Esschert Design Couteau \u00e0 champignons avec brosse"},"content":{"rendered":"<p>Ce couteau \u00e0 champignons pliable est reconnaissable \u00e0 sa lame incurv\u00e9e capable d\u2019effectuer une incision tr\u00e8s pr\u00e9cise sur le pied du champignon, et, sans abimer le mycelium (les racines tr\u00e8s fines se trouvant sous la terre). Le dos du couteau est dentel\u00e9 et vous permet de retirer la fine couche se situant sur le dos du champignon et retirer les impuret\u00e9s. La brosse vous permet de nettoyer d\u00e9licatement le champignon et de r\u00e9partir automatiquement les spores. L\u2019\u00e9chelle m\u00e9trique sur la poign\u00e9e mesurera pr\u00e9cis\u00e9ment le champignon. Dans certaines r\u00e9gions europ\u00e9ennes, des r\u00e8gles locales interdissent le cueillette de certaines esp\u00e8ces si leur taille est insuffisante. Vous pouvez attacher une cordelette sur l\u2019anneau. Ne pas nettoyer les champignons \u00e0 l\u2019eau. Transporter et stocker dans un panier ouvert. ATTENTION : &#8211; Ne prenez aucun risque! &#8211; Ne saisissez jamais des champignons inconnus ou douteux! &#8211; Ne pas consommez si vous avez des doutes, et cuisez toujours compl\u00e8tement, car certaines esp\u00e8ces comestibles peuvent \u00eatre toxiques si elles sont consomm\u00e9es crues. &#8211; Certains champignons tr\u00e8s r\u00e9pandus et consomm\u00e9s ressemblent \u00e0 des esp\u00e8ces tr\u00e8s toxiques, comme la tr\u00e8s redout\u00e9e amanite phallo\u00efde, qui n\u2019est toujours si verte et se confond d\u00e9s lors \u00e0 d\u2019autres esp\u00e8ces comestibles. &#8211; Nettoyez chaque champignon avant de le mettre dans votre panier, ce qui \u00e9vitera tout risque de contamination entre les champignons. &#8211; Lavez vous les mains apr\u00e8s toute manipulation d\u2019esp\u00e8ces suspectes. Prenez des lingettes humides pendant vos excursions. &#8211; V\u00e9rifiez bien au pr\u00e9alable les r\u00e8gles locales et soyez tr\u00e8s responsable, ou que vous vous trouviez. &#8211; Ce couteau n\u2019est pas adapt\u00e9 au lave vaisselle. &#8211; Tenez le \u00e9loign\u00e9 des enfants.<\/p>\n","protected":false},"excerpt":{"rendered":"<p>Ce couteau \u00e0 champignons pliable est reconnaissable \u00e0 sa lame incurv\u00e9e capable d\u2019effectuer une incis<\/p>\n","protected":false},"featured_media":8879,"template":"","meta":[],"product_brand":[7842,7843],"product_cat":[730],"product_tag":[],"class_list":{"0":"post-8878","1":"product","2":"type-product","3":"status-publish","4":"has-post-thumbnail","6":"product_brand-esschert-design","7":"product_brand-trends-vision","8":"product_cat-garden-tools","9":"pa_code-ean-5121","10":"pa_dimensions-138x35x2-cm","11":"pa_fabricant-esschert-design","12":"pa_materiel-roestvrij-staal-ongelakt-beukenhout-en-varkenshaar","14":"first","15":"instock","16":"sale","17":"taxable","18":"shipping-taxable","19":"purchasable","20":"product-type-simple","21":"czr-hentry"},"yoast_head":"<!-- This site is optimized with the Yoast SEO Premium plugin v26.4 (Yoast SEO v27.4) - https:\/\/yoast.com\/product\/yoast-seo-premium-wordpress\/ -->\n<title>Esschert Design Couteau \u00e0 champignons avec brosse<\/title>\n<meta name=\"description\" content=\"Esschert Design Couteau \u00e0 champignons avec brosse - Ce couteau \u00e0 champignons pliable est reconnaissable \u00e0 sa lame incurv\u00e9e capable d\u2019effectuer une incis\" \/>\n<meta name=\"robots\" content=\"index, follow, max-snippet:-1, max-image-preview:large, max-video-preview:-1\" \/>\n<link rel=\"canonical\" href=\"https:\/\/trendsandvision.nl\/fr\/product\/esschert-design-couteau-a-champignons-avec-brosse\/\" \/>\n<meta property=\"og:locale\" content=\"fr_FR\" \/>\n<meta property=\"og:type\" content=\"article\" \/>\n<meta property=\"og:title\" content=\"Esschert Design Couteau \u00e0 champignons avec brosse\" \/>\n<meta property=\"og:description\" content=\"Esschert Design Couteau \u00e0 champignons avec brosse - Ce couteau \u00e0 champignons pliable est reconnaissable \u00e0 sa lame incurv\u00e9e capable d\u2019effectuer une incis\" \/>\n<meta property=\"og:url\" content=\"https:\/\/trendsandvision.nl\/fr\/product\/esschert-design-couteau-a-champignons-avec-brosse\/\" \/>\n<meta property=\"og:site_name\" content=\"Trends &amp; Vision (FR)\" \/>\n<meta property=\"article:modified_time\" content=\"2026-04-07T10:37:24+00:00\" \/>\n<meta property=\"og:image\" content=\"https:\/\/trendsandvision.nl\/fr\/wp-content\/uploads\/sites\/4\/2022\/10\/W4009_01.jpg\" \/>\n\t<meta property=\"og:image:width\" content=\"800\" \/>\n\t<meta property=\"og:image:height\" content=\"800\" \/>\n\t<meta property=\"og:image:type\" content=\"image\/jpeg\" \/>\n<meta name=\"twitter:card\" content=\"summary_large_image\" \/>\n<meta name=\"twitter:label1\" content=\"Dur\u00e9e de lecture estim\u00e9e\" \/>\n\t<meta name=\"twitter:data1\" content=\"2 minutes\" \/>\n<script type=\"application\/ld+json\" class=\"yoast-schema-graph\">{\"@context\":\"https:\\\/\\\/schema.org\",\"@graph\":[{\"@type\":\"WebPage\",\"@id\":\"https:\\\/\\\/trendsandvision.nl\\\/fr\\\/product\\\/esschert-design-couteau-a-champignons-avec-brosse\\\/\",\"url\":\"https:\\\/\\\/trendsandvision.nl\\\/fr\\\/product\\\/esschert-design-couteau-a-champignons-avec-brosse\\\/\",\"name\":\"Esschert Design Couteau \u00e0 champignons avec brosse\",\"isPartOf\":{\"@id\":\"https:\\\/\\\/trendsandvision.nl\\\/fr\\\/#website\"},\"primaryImageOfPage\":{\"@id\":\"https:\\\/\\\/trendsandvision.nl\\\/fr\\\/product\\\/esschert-design-couteau-a-champignons-avec-brosse\\\/#primaryimage\"},\"image\":{\"@id\":\"https:\\\/\\\/trendsandvision.nl\\\/fr\\\/product\\\/esschert-design-couteau-a-champignons-avec-brosse\\\/#primaryimage\"},\"thumbnailUrl\":\"https:\\\/\\\/trendsandvision.nl\\\/fr\\\/wp-content\\\/uploads\\\/sites\\\/4\\\/2022\\\/10\\\/W4009_01.jpg\",\"datePublished\":\"2022-10-13T15:36:24+00:00\",\"dateModified\":\"2026-04-07T10:37:24+00:00\",\"description\":\"Esschert Design Couteau \u00e0 champignons avec brosse - Ce couteau \u00e0 champignons pliable est reconnaissable \u00e0 sa lame incurv\u00e9e capable d\u2019effectuer une incis\",\"breadcrumb\":{\"@id\":\"https:\\\/\\\/trendsandvision.nl\\\/fr\\\/product\\\/esschert-design-couteau-a-champignons-avec-brosse\\\/#breadcrumb\"},\"inLanguage\":\"fr-FR\",\"potentialAction\":[{\"@type\":\"ReadAction\",\"target\":[\"https:\\\/\\\/trendsandvision.nl\\\/fr\\\/product\\\/esschert-design-couteau-a-champignons-avec-brosse\\\/\"]}]},{\"@type\":\"ImageObject\",\"inLanguage\":\"fr-FR\",\"@id\":\"https:\\\/\\\/trendsandvision.nl\\\/fr\\\/product\\\/esschert-design-couteau-a-champignons-avec-brosse\\\/#primaryimage\",\"url\":\"https:\\\/\\\/trendsandvision.nl\\\/fr\\\/wp-content\\\/uploads\\\/sites\\\/4\\\/2022\\\/10\\\/W4009_01.jpg\",\"contentUrl\":\"https:\\\/\\\/trendsandvision.nl\\\/fr\\\/wp-content\\\/uploads\\\/sites\\\/4\\\/2022\\\/10\\\/W4009_01.jpg\",\"width\":800,\"height\":800,\"caption\":\"Esschert Design Couteau \u00e0 champignons avec brosse (8714982061509\"},{\"@type\":\"BreadcrumbList\",\"@id\":\"https:\\\/\\\/trendsandvision.nl\\\/fr\\\/product\\\/esschert-design-couteau-a-champignons-avec-brosse\\\/#breadcrumb\",\"itemListElement\":[{\"@type\":\"ListItem\",\"position\":1,\"name\":\"Home\",\"item\":\"https:\\\/\\\/trendsandvision.nl\\\/fr\\\/\"},{\"@type\":\"ListItem\",\"position\":2,\"name\":\"le magasin\",\"item\":\"https:\\\/\\\/trendsandvision.nl\\\/fr\\\/le-magasin\\\/\"},{\"@type\":\"ListItem\",\"position\":3,\"name\":\"Esschert Design Couteau \u00e0 champignons avec brosse\"}]},{\"@type\":\"WebSite\",\"@id\":\"https:\\\/\\\/trendsandvision.nl\\\/fr\\\/#website\",\"url\":\"https:\\\/\\\/trendsandvision.nl\\\/fr\\\/\",\"name\":\"Trends &amp; Vision (FR)\",\"description\":\"La boutique en ligne pour les articles Esschert Design\",\"publisher\":{\"@id\":\"https:\\\/\\\/trendsandvision.nl\\\/fr\\\/#organization\"},\"potentialAction\":[{\"@type\":\"SearchAction\",\"target\":{\"@type\":\"EntryPoint\",\"urlTemplate\":\"https:\\\/\\\/trendsandvision.nl\\\/fr\\\/?s={search_term_string}\"},\"query-input\":{\"@type\":\"PropertyValueSpecification\",\"valueRequired\":true,\"valueName\":\"search_term_string\"}}],\"inLanguage\":\"fr-FR\"},{\"@type\":\"Organization\",\"@id\":\"https:\\\/\\\/trendsandvision.nl\\\/fr\\\/#organization\",\"name\":\"Trends &amp; Vision (FR)\",\"url\":\"https:\\\/\\\/trendsandvision.nl\\\/fr\\\/\",\"logo\":{\"@type\":\"ImageObject\",\"inLanguage\":\"fr-FR\",\"@id\":\"https:\\\/\\\/trendsandvision.nl\\\/fr\\\/#\\\/schema\\\/logo\\\/image\\\/\",\"url\":\"https:\\\/\\\/trendsandvision.nl\\\/fr\\\/wp-content\\\/uploads\\\/sites\\\/4\\\/2022\\\/10\\\/trends-and-vision-logo.jpg\",\"contentUrl\":\"https:\\\/\\\/trendsandvision.nl\\\/fr\\\/wp-content\\\/uploads\\\/sites\\\/4\\\/2022\\\/10\\\/trends-and-vision-logo.jpg\",\"width\":213,\"height\":100,\"caption\":\"Trends &amp; Vision (FR)\"},\"image\":{\"@id\":\"https:\\\/\\\/trendsandvision.nl\\\/fr\\\/#\\\/schema\\\/logo\\\/image\\\/\"}}]}<\/script>\n<!-- \/ Yoast SEO Premium plugin. -->","yoast_head_json":{"title":"Esschert Design Couteau \u00e0 champignons avec brosse","description":"Esschert Design Couteau \u00e0 champignons avec brosse - Ce couteau \u00e0 champignons pliable est reconnaissable \u00e0 sa lame incurv\u00e9e capable d\u2019effectuer une incis","robots":{"index":"index","follow":"follow","max-snippet":"max-snippet:-1","max-image-preview":"max-image-preview:large","max-video-preview":"max-video-preview:-1"},"canonical":"https:\/\/trendsandvision.nl\/fr\/product\/esschert-design-couteau-a-champignons-avec-brosse\/","og_locale":"fr_FR","og_type":"article","og_title":"Esschert Design Couteau \u00e0 champignons avec brosse","og_description":"Esschert Design Couteau \u00e0 champignons avec brosse - Ce couteau \u00e0 champignons pliable est reconnaissable \u00e0 sa lame incurv\u00e9e capable d\u2019effectuer une incis","og_url":"https:\/\/trendsandvision.nl\/fr\/product\/esschert-design-couteau-a-champignons-avec-brosse\/","og_site_name":"Trends &amp; Vision (FR)","article_modified_time":"2026-04-07T10:37:24+00:00","og_image":[{"width":800,"height":800,"url":"https:\/\/trendsandvision.nl\/fr\/wp-content\/uploads\/sites\/4\/2022\/10\/W4009_01.jpg","type":"image\/jpeg"}],"twitter_card":"summary_large_image","twitter_misc":{"Dur\u00e9e de lecture estim\u00e9e":"2 minutes"},"schema":{"@context":"https:\/\/schema.org","@graph":[{"@type":"WebPage","@id":"https:\/\/trendsandvision.nl\/fr\/product\/esschert-design-couteau-a-champignons-avec-brosse\/","url":"https:\/\/trendsandvision.nl\/fr\/product\/esschert-design-couteau-a-champignons-avec-brosse\/","name":"Esschert Design Couteau \u00e0 champignons avec brosse","isPartOf":{"@id":"https:\/\/trendsandvision.nl\/fr\/#website"},"primaryImageOfPage":{"@id":"https:\/\/trendsandvision.nl\/fr\/product\/esschert-design-couteau-a-champignons-avec-brosse\/#primaryimage"},"image":{"@id":"https:\/\/trendsandvision.nl\/fr\/product\/esschert-design-couteau-a-champignons-avec-brosse\/#primaryimage"},"thumbnailUrl":"https:\/\/trendsandvision.nl\/fr\/wp-content\/uploads\/sites\/4\/2022\/10\/W4009_01.jpg","datePublished":"2022-10-13T15:36:24+00:00","dateModified":"2026-04-07T10:37:24+00:00","description":"Esschert Design Couteau \u00e0 champignons avec brosse - Ce couteau \u00e0 champignons pliable est reconnaissable \u00e0 sa lame incurv\u00e9e capable d\u2019effectuer une incis","breadcrumb":{"@id":"https:\/\/trendsandvision.nl\/fr\/product\/esschert-design-couteau-a-champignons-avec-brosse\/#breadcrumb"},"inLanguage":"fr-FR","potentialAction":[{"@type":"ReadAction","target":["https:\/\/trendsandvision.nl\/fr\/product\/esschert-design-couteau-a-champignons-avec-brosse\/"]}]},{"@type":"ImageObject","inLanguage":"fr-FR","@id":"https:\/\/trendsandvision.nl\/fr\/product\/esschert-design-couteau-a-champignons-avec-brosse\/#primaryimage","url":"https:\/\/trendsandvision.nl\/fr\/wp-content\/uploads\/sites\/4\/2022\/10\/W4009_01.jpg","contentUrl":"https:\/\/trendsandvision.nl\/fr\/wp-content\/uploads\/sites\/4\/2022\/10\/W4009_01.jpg","width":800,"height":800,"caption":"Esschert Design Couteau \u00e0 champignons avec brosse (8714982061509"},{"@type":"BreadcrumbList","@id":"https:\/\/trendsandvision.nl\/fr\/product\/esschert-design-couteau-a-champignons-avec-brosse\/#breadcrumb","itemListElement":[{"@type":"ListItem","position":1,"name":"Home","item":"https:\/\/trendsandvision.nl\/fr\/"},{"@type":"ListItem","position":2,"name":"le magasin","item":"https:\/\/trendsandvision.nl\/fr\/le-magasin\/"},{"@type":"ListItem","position":3,"name":"Esschert Design Couteau \u00e0 champignons avec brosse"}]},{"@type":"WebSite","@id":"https:\/\/trendsandvision.nl\/fr\/#website","url":"https:\/\/trendsandvision.nl\/fr\/","name":"Trends &amp; Vision (FR)","description":"La boutique en ligne pour les articles Esschert Design","publisher":{"@id":"https:\/\/trendsandvision.nl\/fr\/#organization"},"potentialAction":[{"@type":"SearchAction","target":{"@type":"EntryPoint","urlTemplate":"https:\/\/trendsandvision.nl\/fr\/?s={search_term_string}"},"query-input":{"@type":"PropertyValueSpecification","valueRequired":true,"valueName":"search_term_string"}}],"inLanguage":"fr-FR"},{"@type":"Organization","@id":"https:\/\/trendsandvision.nl\/fr\/#organization","name":"Trends &amp; Vision (FR)","url":"https:\/\/trendsandvision.nl\/fr\/","logo":{"@type":"ImageObject","inLanguage":"fr-FR","@id":"https:\/\/trendsandvision.nl\/fr\/#\/schema\/logo\/image\/","url":"https:\/\/trendsandvision.nl\/fr\/wp-content\/uploads\/sites\/4\/2022\/10\/trends-and-vision-logo.jpg","contentUrl":"https:\/\/trendsandvision.nl\/fr\/wp-content\/uploads\/sites\/4\/2022\/10\/trends-and-vision-logo.jpg","width":213,"height":100,"caption":"Trends &amp; Vision (FR)"},"image":{"@id":"https:\/\/trendsandvision.nl\/fr\/#\/schema\/logo\/image\/"}}]}},"_links":{"self":[{"href":"https:\/\/trendsandvision.nl\/fr\/wp-json\/wp\/v2\/product\/8878","targetHints":{"allow":["GET"]}}],"collection":[{"href":"https:\/\/trendsandvision.nl\/fr\/wp-json\/wp\/v2\/product"}],"about":[{"href":"https:\/\/trendsandvision.nl\/fr\/wp-json\/wp\/v2\/types\/product"}],"wp:featuredmedia":[{"embeddable":true,"href":"https:\/\/trendsandvision.nl\/fr\/wp-json\/wp\/v2\/media\/8879"}],"wp:attachment":[{"href":"https:\/\/trendsandvision.nl\/fr\/wp-json\/wp\/v2\/media?parent=8878"}],"wp:term":[{"taxonomy":"product_brand","embeddable":true,"href":"https:\/\/trendsandvision.nl\/fr\/wp-json\/wp\/v2\/product_brand?post=8878"},{"taxonomy":"product_cat","embeddable":true,"href":"https:\/\/trendsandvision.nl\/fr\/wp-json\/wp\/v2\/product_cat?post=8878"},{"taxonomy":"product_tag","embeddable":true,"href":"https:\/\/trendsandvision.nl\/fr\/wp-json\/wp\/v2\/product_tag?post=8878"}],"curies":[{"name":"wp","href":"https:\/\/api.w.org\/{rel}","templated":true}]}}