{"id":6043,"date":"2022-10-13T16:02:09","date_gmt":"2022-10-13T14:02:09","guid":{"rendered":"https:\/\/trendsandvision.nl\/fr\/product\/esschert-design-panier-pour-bulbes-fleurs-l\/"},"modified":"2025-06-04T11:13:29","modified_gmt":"2025-06-04T09:13:29","slug":"esschert-design-panier-pour-bulbes-fleurs-l","status":"publish","type":"product","link":"https:\/\/trendsandvision.nl\/fr\/product\/esschert-design-panier-pour-bulbes-fleurs-l\/","title":{"rendered":"Esschert Design Panier pour bulbes fleurs L."},"content":{"rendered":"<p>Traditionnellement, les bulbes \u00e0 fleurs sont soulev\u00e9s des plates-bandes et des bordures chaque ann\u00e9e, puis stock\u00e9s dans des paniers pour \u00e9viter qu&rsquo;ils ne soient endommag\u00e9s par les souris, les \u00e9cureuils et la vermine. Aujourd&rsquo;hui, ces paniers pour bulbes \u00e0 fleurs sont utilis\u00e9s \u00e0 la fois comme panier de rangement et panier de plantes. Am\u00e9liorez le jardin ou la terrasse avec ce panier fait de brins d&rsquo;osier. Rempli de fleurs ou d&rsquo;herbes, un v\u00e9ritable accroche-regard !<\/p>\n<p>&#8211; deux anses<br \/>\n&#8211; en osier<br \/>\n&#8211; avec doublure en plastique<br \/>\n&#8211; fabriqu\u00e9 en Europe<\/p>\n","protected":false},"excerpt":{"rendered":"<p>Traditionnellement, les bulbes \u00e0 fleurs sont soulev\u00e9s des plates-bandes et des bordures chaque ann\u00e9e<\/p>\n","protected":false},"featured_media":6044,"template":"","meta":[],"product_brand":[7842,7843],"product_cat":[730],"product_tag":[],"class_list":{"0":"post-6043","1":"product","2":"type-product","3":"status-publish","4":"has-post-thumbnail","6":"product_brand-esschert-design","7":"product_brand-trends-vision","8":"product_cat-garden-tools","9":"pa_code-ean-3631","10":"pa_dimensions-380x373x318-cm","11":"pa_fabricant-esschert-design","13":"first","14":"outofstock","15":"sale","16":"taxable","17":"shipping-taxable","18":"purchasable","19":"product-type-simple","20":"czr-hentry"},"yoast_head":"<!-- This site is optimized with the Yoast SEO Premium plugin v26.4 (Yoast SEO v27.4) - https:\/\/yoast.com\/product\/yoast-seo-premium-wordpress\/ -->\n<title>Esschert Design Panier pour bulbes fleurs L.<\/title>\n<meta name=\"description\" content=\"Esschert Design Panier pour bulbes fleurs L. - Traditionnellement, les bulbes \u00e0 fleurs sont soulev\u00e9s des plates-bandes et des bordures chaque ann\u00e9e\" \/>\n<meta name=\"robots\" content=\"index, follow, max-snippet:-1, max-image-preview:large, max-video-preview:-1\" \/>\n<link rel=\"canonical\" href=\"https:\/\/trendsandvision.nl\/fr\/product\/esschert-design-panier-pour-bulbes-fleurs-l\/\" \/>\n<meta property=\"og:locale\" content=\"fr_FR\" \/>\n<meta property=\"og:type\" content=\"article\" \/>\n<meta property=\"og:title\" content=\"Esschert Design Panier pour bulbes fleurs L.\" \/>\n<meta property=\"og:description\" content=\"Esschert Design Panier pour bulbes fleurs L. - Traditionnellement, les bulbes \u00e0 fleurs sont soulev\u00e9s des plates-bandes et des bordures chaque ann\u00e9e\" \/>\n<meta property=\"og:url\" content=\"https:\/\/trendsandvision.nl\/fr\/product\/esschert-design-panier-pour-bulbes-fleurs-l\/\" \/>\n<meta property=\"og:site_name\" content=\"Trends &amp; Vision (FR)\" \/>\n<meta property=\"article:modified_time\" content=\"2025-06-04T09:13:29+00:00\" \/>\n<meta property=\"og:image\" content=\"https:\/\/trendsandvision.nl\/fr\/wp-content\/uploads\/sites\/4\/2022\/10\/MW49_01.jpg\" \/>\n\t<meta property=\"og:image:width\" content=\"800\" \/>\n\t<meta property=\"og:image:height\" content=\"800\" \/>\n\t<meta property=\"og:image:type\" content=\"image\/jpeg\" \/>\n<meta name=\"twitter:card\" content=\"summary_large_image\" \/>\n<script type=\"application\/ld+json\" class=\"yoast-schema-graph\">{\"@context\":\"https:\\\/\\\/schema.org\",\"@graph\":[{\"@type\":\"WebPage\",\"@id\":\"https:\\\/\\\/trendsandvision.nl\\\/fr\\\/product\\\/esschert-design-panier-pour-bulbes-fleurs-l\\\/\",\"url\":\"https:\\\/\\\/trendsandvision.nl\\\/fr\\\/product\\\/esschert-design-panier-pour-bulbes-fleurs-l\\\/\",\"name\":\"Esschert Design Panier pour bulbes fleurs L.\",\"isPartOf\":{\"@id\":\"https:\\\/\\\/trendsandvision.nl\\\/fr\\\/#website\"},\"primaryImageOfPage\":{\"@id\":\"https:\\\/\\\/trendsandvision.nl\\\/fr\\\/product\\\/esschert-design-panier-pour-bulbes-fleurs-l\\\/#primaryimage\"},\"image\":{\"@id\":\"https:\\\/\\\/trendsandvision.nl\\\/fr\\\/product\\\/esschert-design-panier-pour-bulbes-fleurs-l\\\/#primaryimage\"},\"thumbnailUrl\":\"https:\\\/\\\/trendsandvision.nl\\\/fr\\\/wp-content\\\/uploads\\\/sites\\\/4\\\/2022\\\/10\\\/MW49_01.jpg\",\"datePublished\":\"2022-10-13T14:02:09+00:00\",\"dateModified\":\"2025-06-04T09:13:29+00:00\",\"description\":\"Esschert Design Panier pour bulbes fleurs L. - Traditionnellement, les bulbes \u00e0 fleurs sont soulev\u00e9s des plates-bandes et des bordures chaque ann\u00e9e\",\"breadcrumb\":{\"@id\":\"https:\\\/\\\/trendsandvision.nl\\\/fr\\\/product\\\/esschert-design-panier-pour-bulbes-fleurs-l\\\/#breadcrumb\"},\"inLanguage\":\"fr-FR\",\"potentialAction\":[{\"@type\":\"ReadAction\",\"target\":[\"https:\\\/\\\/trendsandvision.nl\\\/fr\\\/product\\\/esschert-design-panier-pour-bulbes-fleurs-l\\\/\"]}]},{\"@type\":\"ImageObject\",\"inLanguage\":\"fr-FR\",\"@id\":\"https:\\\/\\\/trendsandvision.nl\\\/fr\\\/product\\\/esschert-design-panier-pour-bulbes-fleurs-l\\\/#primaryimage\",\"url\":\"https:\\\/\\\/trendsandvision.nl\\\/fr\\\/wp-content\\\/uploads\\\/sites\\\/4\\\/2022\\\/10\\\/MW49_01.jpg\",\"contentUrl\":\"https:\\\/\\\/trendsandvision.nl\\\/fr\\\/wp-content\\\/uploads\\\/sites\\\/4\\\/2022\\\/10\\\/MW49_01.jpg\",\"width\":800,\"height\":800,\"caption\":\"Esschert Design Panier pour bulbes fleurs L. (8714982172267\"},{\"@type\":\"BreadcrumbList\",\"@id\":\"https:\\\/\\\/trendsandvision.nl\\\/fr\\\/product\\\/esschert-design-panier-pour-bulbes-fleurs-l\\\/#breadcrumb\",\"itemListElement\":[{\"@type\":\"ListItem\",\"position\":1,\"name\":\"Home\",\"item\":\"https:\\\/\\\/trendsandvision.nl\\\/fr\\\/\"},{\"@type\":\"ListItem\",\"position\":2,\"name\":\"le magasin\",\"item\":\"https:\\\/\\\/trendsandvision.nl\\\/fr\\\/le-magasin\\\/\"},{\"@type\":\"ListItem\",\"position\":3,\"name\":\"Esschert Design Panier pour bulbes fleurs L.\"}]},{\"@type\":\"WebSite\",\"@id\":\"https:\\\/\\\/trendsandvision.nl\\\/fr\\\/#website\",\"url\":\"https:\\\/\\\/trendsandvision.nl\\\/fr\\\/\",\"name\":\"Trends &amp; Vision (FR)\",\"description\":\"La boutique en ligne pour les articles Esschert Design\",\"publisher\":{\"@id\":\"https:\\\/\\\/trendsandvision.nl\\\/fr\\\/#organization\"},\"potentialAction\":[{\"@type\":\"SearchAction\",\"target\":{\"@type\":\"EntryPoint\",\"urlTemplate\":\"https:\\\/\\\/trendsandvision.nl\\\/fr\\\/?s={search_term_string}\"},\"query-input\":{\"@type\":\"PropertyValueSpecification\",\"valueRequired\":true,\"valueName\":\"search_term_string\"}}],\"inLanguage\":\"fr-FR\"},{\"@type\":\"Organization\",\"@id\":\"https:\\\/\\\/trendsandvision.nl\\\/fr\\\/#organization\",\"name\":\"Trends &amp; Vision (FR)\",\"url\":\"https:\\\/\\\/trendsandvision.nl\\\/fr\\\/\",\"logo\":{\"@type\":\"ImageObject\",\"inLanguage\":\"fr-FR\",\"@id\":\"https:\\\/\\\/trendsandvision.nl\\\/fr\\\/#\\\/schema\\\/logo\\\/image\\\/\",\"url\":\"https:\\\/\\\/trendsandvision.nl\\\/fr\\\/wp-content\\\/uploads\\\/sites\\\/4\\\/2022\\\/10\\\/trends-and-vision-logo.jpg\",\"contentUrl\":\"https:\\\/\\\/trendsandvision.nl\\\/fr\\\/wp-content\\\/uploads\\\/sites\\\/4\\\/2022\\\/10\\\/trends-and-vision-logo.jpg\",\"width\":213,\"height\":100,\"caption\":\"Trends &amp; Vision (FR)\"},\"image\":{\"@id\":\"https:\\\/\\\/trendsandvision.nl\\\/fr\\\/#\\\/schema\\\/logo\\\/image\\\/\"}}]}<\/script>\n<!-- \/ Yoast SEO Premium plugin. -->","yoast_head_json":{"title":"Esschert Design Panier pour bulbes fleurs L.","description":"Esschert Design Panier pour bulbes fleurs L. - Traditionnellement, les bulbes \u00e0 fleurs sont soulev\u00e9s des plates-bandes et des bordures chaque ann\u00e9e","robots":{"index":"index","follow":"follow","max-snippet":"max-snippet:-1","max-image-preview":"max-image-preview:large","max-video-preview":"max-video-preview:-1"},"canonical":"https:\/\/trendsandvision.nl\/fr\/product\/esschert-design-panier-pour-bulbes-fleurs-l\/","og_locale":"fr_FR","og_type":"article","og_title":"Esschert Design Panier pour bulbes fleurs L.","og_description":"Esschert Design Panier pour bulbes fleurs L. - Traditionnellement, les bulbes \u00e0 fleurs sont soulev\u00e9s des plates-bandes et des bordures chaque ann\u00e9e","og_url":"https:\/\/trendsandvision.nl\/fr\/product\/esschert-design-panier-pour-bulbes-fleurs-l\/","og_site_name":"Trends &amp; Vision (FR)","article_modified_time":"2025-06-04T09:13:29+00:00","og_image":[{"width":800,"height":800,"url":"https:\/\/trendsandvision.nl\/fr\/wp-content\/uploads\/sites\/4\/2022\/10\/MW49_01.jpg","type":"image\/jpeg"}],"twitter_card":"summary_large_image","schema":{"@context":"https:\/\/schema.org","@graph":[{"@type":"WebPage","@id":"https:\/\/trendsandvision.nl\/fr\/product\/esschert-design-panier-pour-bulbes-fleurs-l\/","url":"https:\/\/trendsandvision.nl\/fr\/product\/esschert-design-panier-pour-bulbes-fleurs-l\/","name":"Esschert Design Panier pour bulbes fleurs L.","isPartOf":{"@id":"https:\/\/trendsandvision.nl\/fr\/#website"},"primaryImageOfPage":{"@id":"https:\/\/trendsandvision.nl\/fr\/product\/esschert-design-panier-pour-bulbes-fleurs-l\/#primaryimage"},"image":{"@id":"https:\/\/trendsandvision.nl\/fr\/product\/esschert-design-panier-pour-bulbes-fleurs-l\/#primaryimage"},"thumbnailUrl":"https:\/\/trendsandvision.nl\/fr\/wp-content\/uploads\/sites\/4\/2022\/10\/MW49_01.jpg","datePublished":"2022-10-13T14:02:09+00:00","dateModified":"2025-06-04T09:13:29+00:00","description":"Esschert Design Panier pour bulbes fleurs L. - Traditionnellement, les bulbes \u00e0 fleurs sont soulev\u00e9s des plates-bandes et des bordures chaque ann\u00e9e","breadcrumb":{"@id":"https:\/\/trendsandvision.nl\/fr\/product\/esschert-design-panier-pour-bulbes-fleurs-l\/#breadcrumb"},"inLanguage":"fr-FR","potentialAction":[{"@type":"ReadAction","target":["https:\/\/trendsandvision.nl\/fr\/product\/esschert-design-panier-pour-bulbes-fleurs-l\/"]}]},{"@type":"ImageObject","inLanguage":"fr-FR","@id":"https:\/\/trendsandvision.nl\/fr\/product\/esschert-design-panier-pour-bulbes-fleurs-l\/#primaryimage","url":"https:\/\/trendsandvision.nl\/fr\/wp-content\/uploads\/sites\/4\/2022\/10\/MW49_01.jpg","contentUrl":"https:\/\/trendsandvision.nl\/fr\/wp-content\/uploads\/sites\/4\/2022\/10\/MW49_01.jpg","width":800,"height":800,"caption":"Esschert Design Panier pour bulbes fleurs L. (8714982172267"},{"@type":"BreadcrumbList","@id":"https:\/\/trendsandvision.nl\/fr\/product\/esschert-design-panier-pour-bulbes-fleurs-l\/#breadcrumb","itemListElement":[{"@type":"ListItem","position":1,"name":"Home","item":"https:\/\/trendsandvision.nl\/fr\/"},{"@type":"ListItem","position":2,"name":"le magasin","item":"https:\/\/trendsandvision.nl\/fr\/le-magasin\/"},{"@type":"ListItem","position":3,"name":"Esschert Design Panier pour bulbes fleurs L."}]},{"@type":"WebSite","@id":"https:\/\/trendsandvision.nl\/fr\/#website","url":"https:\/\/trendsandvision.nl\/fr\/","name":"Trends &amp; Vision (FR)","description":"La boutique en ligne pour les articles Esschert Design","publisher":{"@id":"https:\/\/trendsandvision.nl\/fr\/#organization"},"potentialAction":[{"@type":"SearchAction","target":{"@type":"EntryPoint","urlTemplate":"https:\/\/trendsandvision.nl\/fr\/?s={search_term_string}"},"query-input":{"@type":"PropertyValueSpecification","valueRequired":true,"valueName":"search_term_string"}}],"inLanguage":"fr-FR"},{"@type":"Organization","@id":"https:\/\/trendsandvision.nl\/fr\/#organization","name":"Trends &amp; Vision (FR)","url":"https:\/\/trendsandvision.nl\/fr\/","logo":{"@type":"ImageObject","inLanguage":"fr-FR","@id":"https:\/\/trendsandvision.nl\/fr\/#\/schema\/logo\/image\/","url":"https:\/\/trendsandvision.nl\/fr\/wp-content\/uploads\/sites\/4\/2022\/10\/trends-and-vision-logo.jpg","contentUrl":"https:\/\/trendsandvision.nl\/fr\/wp-content\/uploads\/sites\/4\/2022\/10\/trends-and-vision-logo.jpg","width":213,"height":100,"caption":"Trends &amp; Vision (FR)"},"image":{"@id":"https:\/\/trendsandvision.nl\/fr\/#\/schema\/logo\/image\/"}}]}},"_links":{"self":[{"href":"https:\/\/trendsandvision.nl\/fr\/wp-json\/wp\/v2\/product\/6043","targetHints":{"allow":["GET"]}}],"collection":[{"href":"https:\/\/trendsandvision.nl\/fr\/wp-json\/wp\/v2\/product"}],"about":[{"href":"https:\/\/trendsandvision.nl\/fr\/wp-json\/wp\/v2\/types\/product"}],"wp:featuredmedia":[{"embeddable":true,"href":"https:\/\/trendsandvision.nl\/fr\/wp-json\/wp\/v2\/media\/6044"}],"wp:attachment":[{"href":"https:\/\/trendsandvision.nl\/fr\/wp-json\/wp\/v2\/media?parent=6043"}],"wp:term":[{"taxonomy":"product_brand","embeddable":true,"href":"https:\/\/trendsandvision.nl\/fr\/wp-json\/wp\/v2\/product_brand?post=6043"},{"taxonomy":"product_cat","embeddable":true,"href":"https:\/\/trendsandvision.nl\/fr\/wp-json\/wp\/v2\/product_cat?post=6043"},{"taxonomy":"product_tag","embeddable":true,"href":"https:\/\/trendsandvision.nl\/fr\/wp-json\/wp\/v2\/product_tag?post=6043"}],"curies":[{"name":"wp","href":"https:\/\/api.w.org\/{rel}","templated":true}]}}