{"id":5016,"date":"2022-10-13T15:30:45","date_gmt":"2022-10-13T13:30:45","guid":{"rendered":"https:\/\/trendsandvision.nl\/fr\/product\/esschert-design-plaque-ardoise-3-numeros-maison\/"},"modified":"2026-02-05T00:44:09","modified_gmt":"2026-02-04T23:44:09","slug":"esschert-design-plaque-ardoise-3-numeros-maison","status":"publish","type":"product","link":"https:\/\/trendsandvision.nl\/fr\/product\/esschert-design-plaque-ardoise-3-numeros-maison\/","title":{"rendered":"Esschert Design Plaque ardoise 3 num\u00e9ros maison"},"content":{"rendered":"<p>Choisissez le nombre de maison en acier inoxydable et le fixer sans per\u00e7age ou de p\u00e2te. Y compris des vis en acier inoxydable, fiches et couverture voiture. Num\u00e9ros de maison en acier inoxydable, voir num\u00e9ros d&rsquo;article: HS001 t \/ m HS010, HS015 t \/ m HS017 et HN001 t \/ m HN013. L&rsquo;ardoise est une belle et intemporelle produit naturel. La roche est exploit\u00e9e \u00e0 ciel ouvert et les mines o\u00f9 il est des millions d&rsquo;ann\u00e9es form\u00e9s sous haute pression et haute temp\u00e9rature. Situ\u00e9 dans la cro\u00fbte De grandes plaques de roche sont le rocher fendu d&rsquo;o\u00f9 elle est trait\u00e9e. Diverses applications La roche est dure et solide, et r\u00e9sistant aux intemp\u00e9ries. Le mat\u00e9riau est vivant et est un peu plus beau que les ann\u00e9es passent. Toutes ces caract\u00e9ristiques ardoise, un mat\u00e9riau tr\u00e8s r\u00e9sistant qui convient parfaitement pour les applications ext\u00e9rieures d\u00e9coratives mer.<\/p>\n","protected":false},"excerpt":{"rendered":"<p>Plaque ardoise 3 num\u00e9ros maison: 25 x 1 x 15 cm<\/p>\n","protected":false},"featured_media":5017,"template":"","meta":[],"product_brand":[7842,7843],"product_cat":[827],"product_tag":[],"class_list":{"0":"post-5016","1":"product","2":"type-product","3":"status-publish","4":"has-post-thumbnail","6":"product_brand-esschert-design","7":"product_brand-trends-vision","8":"product_cat-best-for-boots","9":"pa_code-ean-3017","10":"pa_dimensions-25x1x15-cm","11":"pa_fabricant-esschert-design","12":"pa_materiel-leisteen-rvs-schroeven-rubberen-pluggen","14":"first","15":"instock","16":"sale","17":"taxable","18":"shipping-taxable","19":"purchasable","20":"product-type-simple","21":"czr-hentry"},"yoast_head":"<!-- This site is optimized with the Yoast SEO Premium plugin v26.4 (Yoast SEO v27.3) - https:\/\/yoast.com\/product\/yoast-seo-premium-wordpress\/ -->\n<title>Esschert Design Plaque ardoise 3 num\u00e9ros maison<\/title>\n<meta name=\"description\" content=\"Esschert Design Plaque ardoise 3 num\u00e9ros maison - Plaque ardoise 3 num\u00e9ros maison: 25 x 1 x 15 cm\" \/>\n<meta name=\"robots\" content=\"index, follow, max-snippet:-1, max-image-preview:large, max-video-preview:-1\" \/>\n<link rel=\"canonical\" href=\"https:\/\/trendsandvision.nl\/fr\/product\/esschert-design-plaque-ardoise-3-numeros-maison\/\" \/>\n<meta property=\"og:locale\" content=\"fr_FR\" \/>\n<meta property=\"og:type\" content=\"article\" \/>\n<meta property=\"og:title\" content=\"Esschert Design Plaque ardoise 3 num\u00e9ros maison\" \/>\n<meta property=\"og:description\" content=\"Esschert Design Plaque ardoise 3 num\u00e9ros maison - Plaque ardoise 3 num\u00e9ros maison: 25 x 1 x 15 cm\" \/>\n<meta property=\"og:url\" content=\"https:\/\/trendsandvision.nl\/fr\/product\/esschert-design-plaque-ardoise-3-numeros-maison\/\" \/>\n<meta property=\"og:site_name\" content=\"Trends &amp; Vision (FR)\" \/>\n<meta property=\"article:modified_time\" content=\"2026-02-04T23:44:09+00:00\" \/>\n<meta property=\"og:image\" content=\"https:\/\/trendsandvision.nl\/fr\/wp-content\/uploads\/sites\/4\/2022\/10\/HS013_01.jpg\" \/>\n\t<meta property=\"og:image:width\" content=\"800\" \/>\n\t<meta property=\"og:image:height\" content=\"800\" \/>\n\t<meta property=\"og:image:type\" content=\"image\/jpeg\" \/>\n<meta name=\"twitter:card\" content=\"summary_large_image\" \/>\n<meta name=\"twitter:label1\" content=\"Dur\u00e9e de lecture estim\u00e9e\" \/>\n\t<meta name=\"twitter:data1\" content=\"1 minute\" \/>\n<script type=\"application\/ld+json\" class=\"yoast-schema-graph\">{\"@context\":\"https:\\\/\\\/schema.org\",\"@graph\":[{\"@type\":\"WebPage\",\"@id\":\"https:\\\/\\\/trendsandvision.nl\\\/fr\\\/product\\\/esschert-design-plaque-ardoise-3-numeros-maison\\\/\",\"url\":\"https:\\\/\\\/trendsandvision.nl\\\/fr\\\/product\\\/esschert-design-plaque-ardoise-3-numeros-maison\\\/\",\"name\":\"Esschert Design Plaque ardoise 3 num\u00e9ros maison\",\"isPartOf\":{\"@id\":\"https:\\\/\\\/trendsandvision.nl\\\/fr\\\/#website\"},\"primaryImageOfPage\":{\"@id\":\"https:\\\/\\\/trendsandvision.nl\\\/fr\\\/product\\\/esschert-design-plaque-ardoise-3-numeros-maison\\\/#primaryimage\"},\"image\":{\"@id\":\"https:\\\/\\\/trendsandvision.nl\\\/fr\\\/product\\\/esschert-design-plaque-ardoise-3-numeros-maison\\\/#primaryimage\"},\"thumbnailUrl\":\"https:\\\/\\\/trendsandvision.nl\\\/fr\\\/wp-content\\\/uploads\\\/sites\\\/4\\\/2022\\\/10\\\/HS013_01.jpg\",\"datePublished\":\"2022-10-13T13:30:45+00:00\",\"dateModified\":\"2026-02-04T23:44:09+00:00\",\"description\":\"Esschert Design Plaque ardoise 3 num\u00e9ros maison - Plaque ardoise 3 num\u00e9ros maison: 25 x 1 x 15 cm\",\"breadcrumb\":{\"@id\":\"https:\\\/\\\/trendsandvision.nl\\\/fr\\\/product\\\/esschert-design-plaque-ardoise-3-numeros-maison\\\/#breadcrumb\"},\"inLanguage\":\"fr-FR\",\"potentialAction\":[{\"@type\":\"ReadAction\",\"target\":[\"https:\\\/\\\/trendsandvision.nl\\\/fr\\\/product\\\/esschert-design-plaque-ardoise-3-numeros-maison\\\/\"]}]},{\"@type\":\"ImageObject\",\"inLanguage\":\"fr-FR\",\"@id\":\"https:\\\/\\\/trendsandvision.nl\\\/fr\\\/product\\\/esschert-design-plaque-ardoise-3-numeros-maison\\\/#primaryimage\",\"url\":\"https:\\\/\\\/trendsandvision.nl\\\/fr\\\/wp-content\\\/uploads\\\/sites\\\/4\\\/2022\\\/10\\\/HS013_01.jpg\",\"contentUrl\":\"https:\\\/\\\/trendsandvision.nl\\\/fr\\\/wp-content\\\/uploads\\\/sites\\\/4\\\/2022\\\/10\\\/HS013_01.jpg\",\"width\":800,\"height\":800,\"caption\":\"Esschert Design Plaque ardoise 3 num\u00e9ros maison (8714982020032\"},{\"@type\":\"BreadcrumbList\",\"@id\":\"https:\\\/\\\/trendsandvision.nl\\\/fr\\\/product\\\/esschert-design-plaque-ardoise-3-numeros-maison\\\/#breadcrumb\",\"itemListElement\":[{\"@type\":\"ListItem\",\"position\":1,\"name\":\"Home\",\"item\":\"https:\\\/\\\/trendsandvision.nl\\\/fr\\\/\"},{\"@type\":\"ListItem\",\"position\":2,\"name\":\"le magasin\",\"item\":\"https:\\\/\\\/trendsandvision.nl\\\/fr\\\/le-magasin\\\/\"},{\"@type\":\"ListItem\",\"position\":3,\"name\":\"Esschert Design Plaque ardoise 3 num\u00e9ros maison\"}]},{\"@type\":\"WebSite\",\"@id\":\"https:\\\/\\\/trendsandvision.nl\\\/fr\\\/#website\",\"url\":\"https:\\\/\\\/trendsandvision.nl\\\/fr\\\/\",\"name\":\"Trends &amp; Vision (FR)\",\"description\":\"La boutique en ligne pour les articles Esschert Design\",\"publisher\":{\"@id\":\"https:\\\/\\\/trendsandvision.nl\\\/fr\\\/#organization\"},\"potentialAction\":[{\"@type\":\"SearchAction\",\"target\":{\"@type\":\"EntryPoint\",\"urlTemplate\":\"https:\\\/\\\/trendsandvision.nl\\\/fr\\\/?s={search_term_string}\"},\"query-input\":{\"@type\":\"PropertyValueSpecification\",\"valueRequired\":true,\"valueName\":\"search_term_string\"}}],\"inLanguage\":\"fr-FR\"},{\"@type\":\"Organization\",\"@id\":\"https:\\\/\\\/trendsandvision.nl\\\/fr\\\/#organization\",\"name\":\"Trends &amp; Vision (FR)\",\"url\":\"https:\\\/\\\/trendsandvision.nl\\\/fr\\\/\",\"logo\":{\"@type\":\"ImageObject\",\"inLanguage\":\"fr-FR\",\"@id\":\"https:\\\/\\\/trendsandvision.nl\\\/fr\\\/#\\\/schema\\\/logo\\\/image\\\/\",\"url\":\"https:\\\/\\\/trendsandvision.nl\\\/fr\\\/wp-content\\\/uploads\\\/sites\\\/4\\\/2022\\\/10\\\/trends-and-vision-logo.jpg\",\"contentUrl\":\"https:\\\/\\\/trendsandvision.nl\\\/fr\\\/wp-content\\\/uploads\\\/sites\\\/4\\\/2022\\\/10\\\/trends-and-vision-logo.jpg\",\"width\":213,\"height\":100,\"caption\":\"Trends &amp; Vision (FR)\"},\"image\":{\"@id\":\"https:\\\/\\\/trendsandvision.nl\\\/fr\\\/#\\\/schema\\\/logo\\\/image\\\/\"}}]}<\/script>\n<!-- \/ Yoast SEO Premium plugin. -->","yoast_head_json":{"title":"Esschert Design Plaque ardoise 3 num\u00e9ros maison","description":"Esschert Design Plaque ardoise 3 num\u00e9ros maison - Plaque ardoise 3 num\u00e9ros maison: 25 x 1 x 15 cm","robots":{"index":"index","follow":"follow","max-snippet":"max-snippet:-1","max-image-preview":"max-image-preview:large","max-video-preview":"max-video-preview:-1"},"canonical":"https:\/\/trendsandvision.nl\/fr\/product\/esschert-design-plaque-ardoise-3-numeros-maison\/","og_locale":"fr_FR","og_type":"article","og_title":"Esschert Design Plaque ardoise 3 num\u00e9ros maison","og_description":"Esschert Design Plaque ardoise 3 num\u00e9ros maison - Plaque ardoise 3 num\u00e9ros maison: 25 x 1 x 15 cm","og_url":"https:\/\/trendsandvision.nl\/fr\/product\/esschert-design-plaque-ardoise-3-numeros-maison\/","og_site_name":"Trends &amp; Vision (FR)","article_modified_time":"2026-02-04T23:44:09+00:00","og_image":[{"width":800,"height":800,"url":"https:\/\/trendsandvision.nl\/fr\/wp-content\/uploads\/sites\/4\/2022\/10\/HS013_01.jpg","type":"image\/jpeg"}],"twitter_card":"summary_large_image","twitter_misc":{"Dur\u00e9e de lecture estim\u00e9e":"1 minute"},"schema":{"@context":"https:\/\/schema.org","@graph":[{"@type":"WebPage","@id":"https:\/\/trendsandvision.nl\/fr\/product\/esschert-design-plaque-ardoise-3-numeros-maison\/","url":"https:\/\/trendsandvision.nl\/fr\/product\/esschert-design-plaque-ardoise-3-numeros-maison\/","name":"Esschert Design Plaque ardoise 3 num\u00e9ros maison","isPartOf":{"@id":"https:\/\/trendsandvision.nl\/fr\/#website"},"primaryImageOfPage":{"@id":"https:\/\/trendsandvision.nl\/fr\/product\/esschert-design-plaque-ardoise-3-numeros-maison\/#primaryimage"},"image":{"@id":"https:\/\/trendsandvision.nl\/fr\/product\/esschert-design-plaque-ardoise-3-numeros-maison\/#primaryimage"},"thumbnailUrl":"https:\/\/trendsandvision.nl\/fr\/wp-content\/uploads\/sites\/4\/2022\/10\/HS013_01.jpg","datePublished":"2022-10-13T13:30:45+00:00","dateModified":"2026-02-04T23:44:09+00:00","description":"Esschert Design Plaque ardoise 3 num\u00e9ros maison - Plaque ardoise 3 num\u00e9ros maison: 25 x 1 x 15 cm","breadcrumb":{"@id":"https:\/\/trendsandvision.nl\/fr\/product\/esschert-design-plaque-ardoise-3-numeros-maison\/#breadcrumb"},"inLanguage":"fr-FR","potentialAction":[{"@type":"ReadAction","target":["https:\/\/trendsandvision.nl\/fr\/product\/esschert-design-plaque-ardoise-3-numeros-maison\/"]}]},{"@type":"ImageObject","inLanguage":"fr-FR","@id":"https:\/\/trendsandvision.nl\/fr\/product\/esschert-design-plaque-ardoise-3-numeros-maison\/#primaryimage","url":"https:\/\/trendsandvision.nl\/fr\/wp-content\/uploads\/sites\/4\/2022\/10\/HS013_01.jpg","contentUrl":"https:\/\/trendsandvision.nl\/fr\/wp-content\/uploads\/sites\/4\/2022\/10\/HS013_01.jpg","width":800,"height":800,"caption":"Esschert Design Plaque ardoise 3 num\u00e9ros maison (8714982020032"},{"@type":"BreadcrumbList","@id":"https:\/\/trendsandvision.nl\/fr\/product\/esschert-design-plaque-ardoise-3-numeros-maison\/#breadcrumb","itemListElement":[{"@type":"ListItem","position":1,"name":"Home","item":"https:\/\/trendsandvision.nl\/fr\/"},{"@type":"ListItem","position":2,"name":"le magasin","item":"https:\/\/trendsandvision.nl\/fr\/le-magasin\/"},{"@type":"ListItem","position":3,"name":"Esschert Design Plaque ardoise 3 num\u00e9ros maison"}]},{"@type":"WebSite","@id":"https:\/\/trendsandvision.nl\/fr\/#website","url":"https:\/\/trendsandvision.nl\/fr\/","name":"Trends &amp; Vision (FR)","description":"La boutique en ligne pour les articles Esschert Design","publisher":{"@id":"https:\/\/trendsandvision.nl\/fr\/#organization"},"potentialAction":[{"@type":"SearchAction","target":{"@type":"EntryPoint","urlTemplate":"https:\/\/trendsandvision.nl\/fr\/?s={search_term_string}"},"query-input":{"@type":"PropertyValueSpecification","valueRequired":true,"valueName":"search_term_string"}}],"inLanguage":"fr-FR"},{"@type":"Organization","@id":"https:\/\/trendsandvision.nl\/fr\/#organization","name":"Trends &amp; Vision (FR)","url":"https:\/\/trendsandvision.nl\/fr\/","logo":{"@type":"ImageObject","inLanguage":"fr-FR","@id":"https:\/\/trendsandvision.nl\/fr\/#\/schema\/logo\/image\/","url":"https:\/\/trendsandvision.nl\/fr\/wp-content\/uploads\/sites\/4\/2022\/10\/trends-and-vision-logo.jpg","contentUrl":"https:\/\/trendsandvision.nl\/fr\/wp-content\/uploads\/sites\/4\/2022\/10\/trends-and-vision-logo.jpg","width":213,"height":100,"caption":"Trends &amp; Vision (FR)"},"image":{"@id":"https:\/\/trendsandvision.nl\/fr\/#\/schema\/logo\/image\/"}}]}},"_links":{"self":[{"href":"https:\/\/trendsandvision.nl\/fr\/wp-json\/wp\/v2\/product\/5016","targetHints":{"allow":["GET"]}}],"collection":[{"href":"https:\/\/trendsandvision.nl\/fr\/wp-json\/wp\/v2\/product"}],"about":[{"href":"https:\/\/trendsandvision.nl\/fr\/wp-json\/wp\/v2\/types\/product"}],"wp:featuredmedia":[{"embeddable":true,"href":"https:\/\/trendsandvision.nl\/fr\/wp-json\/wp\/v2\/media\/5017"}],"wp:attachment":[{"href":"https:\/\/trendsandvision.nl\/fr\/wp-json\/wp\/v2\/media?parent=5016"}],"wp:term":[{"taxonomy":"product_brand","embeddable":true,"href":"https:\/\/trendsandvision.nl\/fr\/wp-json\/wp\/v2\/product_brand?post=5016"},{"taxonomy":"product_cat","embeddable":true,"href":"https:\/\/trendsandvision.nl\/fr\/wp-json\/wp\/v2\/product_cat?post=5016"},{"taxonomy":"product_tag","embeddable":true,"href":"https:\/\/trendsandvision.nl\/fr\/wp-json\/wp\/v2\/product_tag?post=5016"}],"curies":[{"name":"wp","href":"https:\/\/api.w.org\/{rel}","templated":true}]}}