{"id":4945,"date":"2022-10-13T15:28:46","date_gmt":"2022-10-13T13:28:46","guid":{"rendered":"https:\/\/trendsandvision.nl\/fr\/product\/esschert-design-savon-sur-corde\/"},"modified":"2025-06-04T11:12:51","modified_gmt":"2025-06-04T09:12:51","slug":"esschert-design-savon-sur-corde","status":"publish","type":"product","link":"https:\/\/trendsandvision.nl\/fr\/product\/esschert-design-savon-sur-corde\/","title":{"rendered":"Esschert Design Savon sur corde"},"content":{"rendered":"<p>Savon sur cordelette. Cette cordelette vous permet de suspendre facilement ce savon \u00e0 votre robinet d&rsquo;ext\u00e9rieur et le garder ainsi facilement \u00e0 port\u00e9e de main. Quantit\u00e9 de savons par pr\u00e9sentoir: 36.  Le savon du jardinier 167 g. Contient de la pierre ponce. Ce savon lavera et d\u00e9sinfectera vos mains apr\u00e8s les travaux au jardin. Ce savon contient des huiles naturelles v\u00e9g\u00e9tales  adapt\u00e9es \u00e0 votre peau ainsi que du glyc\u00e9rol qui laissera vos mains douces et apais\u00e9es. Ingr\u00e9dients: Ester de  sodium, eau, calcium, fluorure, glyc\u00e9rine, parfum, t\u00e9tra sodium EDTA, BHT, FD &amp; C jaune N\u00b05, FD&amp;C bleu N\u00b01.  ATTENTION8 pour usage ext\u00e9rieur uniquement. Non comestible. Composition allerg\u00e8ne : n\u00e9ant.<\/p>\n","protected":false},"excerpt":{"rendered":"<p>Savon sur cordelette. Cette cordelette vous permet de suspendre facilement ce savon \u00e0 votre robinet d&rsquo;ext\u00e9rieur et le garder ainsi facilement \u00e0 port\u00e9e de main. Quantit\u00e9 de savons par pr\u00e9sentoir: 36.  Le savon du jardinier 167 g. Contient de la pierre<\/p>\n","protected":false},"featured_media":4946,"template":"","meta":[],"product_brand":[7842,7843],"product_cat":[730],"product_tag":[],"class_list":{"0":"post-4945","1":"product","2":"type-product","3":"status-publish","4":"has-post-thumbnail","6":"product_brand-esschert-design","7":"product_brand-trends-vision","8":"product_cat-garden-tools","9":"pa_code-ean-2978","10":"pa_dimensions-67x38x101-cm","11":"pa_fabricant-esschert-design","13":"first","14":"outofstock","15":"sale","16":"taxable","17":"shipping-taxable","18":"purchasable","19":"product-type-simple","20":"czr-hentry"},"yoast_head":"<!-- This site is optimized with the Yoast SEO Premium plugin v26.4 (Yoast SEO v27.4) - https:\/\/yoast.com\/product\/yoast-seo-premium-wordpress\/ -->\n<title>Esschert Design Savon sur corde<\/title>\n<meta name=\"description\" content=\"Esschert Design Savon sur corde - Savon sur cordelette. Cette cordelette vous permet de suspendre facilement ce savon \u00e0 votre robinet d&#039;ext\u00e9rieur et le garder ainsi facilement \u00e0 port\u00e9e de main. Quantit\u00e9 de savons par pr\u00e9sentoir: 36. Le savon du jardinier 167 g. Contient de la pierre\" \/>\n<meta name=\"robots\" content=\"index, follow, max-snippet:-1, max-image-preview:large, max-video-preview:-1\" \/>\n<link rel=\"canonical\" href=\"https:\/\/trendsandvision.nl\/fr\/product\/esschert-design-savon-sur-corde\/\" \/>\n<meta property=\"og:locale\" content=\"fr_FR\" \/>\n<meta property=\"og:type\" content=\"article\" \/>\n<meta property=\"og:title\" content=\"Esschert Design Savon sur corde\" \/>\n<meta property=\"og:description\" content=\"Esschert Design Savon sur corde - Savon sur cordelette. Cette cordelette vous permet de suspendre facilement ce savon \u00e0 votre robinet d&#039;ext\u00e9rieur et le garder ainsi facilement \u00e0 port\u00e9e de main. Quantit\u00e9 de savons par pr\u00e9sentoir: 36. Le savon du jardinier 167 g. Contient de la pierre\" \/>\n<meta property=\"og:url\" content=\"https:\/\/trendsandvision.nl\/fr\/product\/esschert-design-savon-sur-corde\/\" \/>\n<meta property=\"og:site_name\" content=\"Trends &amp; Vision (FR)\" \/>\n<meta property=\"article:modified_time\" content=\"2025-06-04T09:12:51+00:00\" \/>\n<meta property=\"og:image\" content=\"https:\/\/trendsandvision.nl\/fr\/wp-content\/uploads\/sites\/4\/2022\/10\/GT98_01.jpg\" \/>\n\t<meta property=\"og:image:width\" content=\"800\" \/>\n\t<meta property=\"og:image:height\" content=\"800\" \/>\n\t<meta property=\"og:image:type\" content=\"image\/jpeg\" \/>\n<meta name=\"twitter:card\" content=\"summary_large_image\" \/>\n<meta name=\"twitter:label1\" content=\"Dur\u00e9e de lecture estim\u00e9e\" \/>\n\t<meta name=\"twitter:data1\" content=\"1 minute\" \/>\n<script type=\"application\/ld+json\" class=\"yoast-schema-graph\">{\"@context\":\"https:\\\/\\\/schema.org\",\"@graph\":[{\"@type\":\"WebPage\",\"@id\":\"https:\\\/\\\/trendsandvision.nl\\\/fr\\\/product\\\/esschert-design-savon-sur-corde\\\/\",\"url\":\"https:\\\/\\\/trendsandvision.nl\\\/fr\\\/product\\\/esschert-design-savon-sur-corde\\\/\",\"name\":\"Esschert Design Savon sur corde\",\"isPartOf\":{\"@id\":\"https:\\\/\\\/trendsandvision.nl\\\/fr\\\/#website\"},\"primaryImageOfPage\":{\"@id\":\"https:\\\/\\\/trendsandvision.nl\\\/fr\\\/product\\\/esschert-design-savon-sur-corde\\\/#primaryimage\"},\"image\":{\"@id\":\"https:\\\/\\\/trendsandvision.nl\\\/fr\\\/product\\\/esschert-design-savon-sur-corde\\\/#primaryimage\"},\"thumbnailUrl\":\"https:\\\/\\\/trendsandvision.nl\\\/fr\\\/wp-content\\\/uploads\\\/sites\\\/4\\\/2022\\\/10\\\/GT98_01.jpg\",\"datePublished\":\"2022-10-13T13:28:46+00:00\",\"dateModified\":\"2025-06-04T09:12:51+00:00\",\"description\":\"Esschert Design Savon sur corde - Savon sur cordelette. Cette cordelette vous permet de suspendre facilement ce savon \u00e0 votre robinet d'ext\u00e9rieur et le garder ainsi facilement \u00e0 port\u00e9e de main. Quantit\u00e9 de savons par pr\u00e9sentoir: 36. Le savon du jardinier 167 g. Contient de la pierre\",\"breadcrumb\":{\"@id\":\"https:\\\/\\\/trendsandvision.nl\\\/fr\\\/product\\\/esschert-design-savon-sur-corde\\\/#breadcrumb\"},\"inLanguage\":\"fr-FR\",\"potentialAction\":[{\"@type\":\"ReadAction\",\"target\":[\"https:\\\/\\\/trendsandvision.nl\\\/fr\\\/product\\\/esschert-design-savon-sur-corde\\\/\"]}]},{\"@type\":\"ImageObject\",\"inLanguage\":\"fr-FR\",\"@id\":\"https:\\\/\\\/trendsandvision.nl\\\/fr\\\/product\\\/esschert-design-savon-sur-corde\\\/#primaryimage\",\"url\":\"https:\\\/\\\/trendsandvision.nl\\\/fr\\\/wp-content\\\/uploads\\\/sites\\\/4\\\/2022\\\/10\\\/GT98_01.jpg\",\"contentUrl\":\"https:\\\/\\\/trendsandvision.nl\\\/fr\\\/wp-content\\\/uploads\\\/sites\\\/4\\\/2022\\\/10\\\/GT98_01.jpg\",\"width\":800,\"height\":800,\"caption\":\"Esschert Design Savon sur corde (8714982098925\"},{\"@type\":\"BreadcrumbList\",\"@id\":\"https:\\\/\\\/trendsandvision.nl\\\/fr\\\/product\\\/esschert-design-savon-sur-corde\\\/#breadcrumb\",\"itemListElement\":[{\"@type\":\"ListItem\",\"position\":1,\"name\":\"Home\",\"item\":\"https:\\\/\\\/trendsandvision.nl\\\/fr\\\/\"},{\"@type\":\"ListItem\",\"position\":2,\"name\":\"le magasin\",\"item\":\"https:\\\/\\\/trendsandvision.nl\\\/fr\\\/le-magasin\\\/\"},{\"@type\":\"ListItem\",\"position\":3,\"name\":\"Esschert Design Savon sur corde\"}]},{\"@type\":\"WebSite\",\"@id\":\"https:\\\/\\\/trendsandvision.nl\\\/fr\\\/#website\",\"url\":\"https:\\\/\\\/trendsandvision.nl\\\/fr\\\/\",\"name\":\"Trends &amp; Vision (FR)\",\"description\":\"La boutique en ligne pour les articles Esschert Design\",\"publisher\":{\"@id\":\"https:\\\/\\\/trendsandvision.nl\\\/fr\\\/#organization\"},\"potentialAction\":[{\"@type\":\"SearchAction\",\"target\":{\"@type\":\"EntryPoint\",\"urlTemplate\":\"https:\\\/\\\/trendsandvision.nl\\\/fr\\\/?s={search_term_string}\"},\"query-input\":{\"@type\":\"PropertyValueSpecification\",\"valueRequired\":true,\"valueName\":\"search_term_string\"}}],\"inLanguage\":\"fr-FR\"},{\"@type\":\"Organization\",\"@id\":\"https:\\\/\\\/trendsandvision.nl\\\/fr\\\/#organization\",\"name\":\"Trends &amp; Vision (FR)\",\"url\":\"https:\\\/\\\/trendsandvision.nl\\\/fr\\\/\",\"logo\":{\"@type\":\"ImageObject\",\"inLanguage\":\"fr-FR\",\"@id\":\"https:\\\/\\\/trendsandvision.nl\\\/fr\\\/#\\\/schema\\\/logo\\\/image\\\/\",\"url\":\"https:\\\/\\\/trendsandvision.nl\\\/fr\\\/wp-content\\\/uploads\\\/sites\\\/4\\\/2022\\\/10\\\/trends-and-vision-logo.jpg\",\"contentUrl\":\"https:\\\/\\\/trendsandvision.nl\\\/fr\\\/wp-content\\\/uploads\\\/sites\\\/4\\\/2022\\\/10\\\/trends-and-vision-logo.jpg\",\"width\":213,\"height\":100,\"caption\":\"Trends &amp; Vision (FR)\"},\"image\":{\"@id\":\"https:\\\/\\\/trendsandvision.nl\\\/fr\\\/#\\\/schema\\\/logo\\\/image\\\/\"}}]}<\/script>\n<!-- \/ Yoast SEO Premium plugin. -->","yoast_head_json":{"title":"Esschert Design Savon sur corde","description":"Esschert Design Savon sur corde - Savon sur cordelette. Cette cordelette vous permet de suspendre facilement ce savon \u00e0 votre robinet d'ext\u00e9rieur et le garder ainsi facilement \u00e0 port\u00e9e de main. Quantit\u00e9 de savons par pr\u00e9sentoir: 36. Le savon du jardinier 167 g. Contient de la pierre","robots":{"index":"index","follow":"follow","max-snippet":"max-snippet:-1","max-image-preview":"max-image-preview:large","max-video-preview":"max-video-preview:-1"},"canonical":"https:\/\/trendsandvision.nl\/fr\/product\/esschert-design-savon-sur-corde\/","og_locale":"fr_FR","og_type":"article","og_title":"Esschert Design Savon sur corde","og_description":"Esschert Design Savon sur corde - Savon sur cordelette. Cette cordelette vous permet de suspendre facilement ce savon \u00e0 votre robinet d'ext\u00e9rieur et le garder ainsi facilement \u00e0 port\u00e9e de main. Quantit\u00e9 de savons par pr\u00e9sentoir: 36. Le savon du jardinier 167 g. Contient de la pierre","og_url":"https:\/\/trendsandvision.nl\/fr\/product\/esschert-design-savon-sur-corde\/","og_site_name":"Trends &amp; Vision (FR)","article_modified_time":"2025-06-04T09:12:51+00:00","og_image":[{"width":800,"height":800,"url":"https:\/\/trendsandvision.nl\/fr\/wp-content\/uploads\/sites\/4\/2022\/10\/GT98_01.jpg","type":"image\/jpeg"}],"twitter_card":"summary_large_image","twitter_misc":{"Dur\u00e9e de lecture estim\u00e9e":"1 minute"},"schema":{"@context":"https:\/\/schema.org","@graph":[{"@type":"WebPage","@id":"https:\/\/trendsandvision.nl\/fr\/product\/esschert-design-savon-sur-corde\/","url":"https:\/\/trendsandvision.nl\/fr\/product\/esschert-design-savon-sur-corde\/","name":"Esschert Design Savon sur corde","isPartOf":{"@id":"https:\/\/trendsandvision.nl\/fr\/#website"},"primaryImageOfPage":{"@id":"https:\/\/trendsandvision.nl\/fr\/product\/esschert-design-savon-sur-corde\/#primaryimage"},"image":{"@id":"https:\/\/trendsandvision.nl\/fr\/product\/esschert-design-savon-sur-corde\/#primaryimage"},"thumbnailUrl":"https:\/\/trendsandvision.nl\/fr\/wp-content\/uploads\/sites\/4\/2022\/10\/GT98_01.jpg","datePublished":"2022-10-13T13:28:46+00:00","dateModified":"2025-06-04T09:12:51+00:00","description":"Esschert Design Savon sur corde - Savon sur cordelette. Cette cordelette vous permet de suspendre facilement ce savon \u00e0 votre robinet d'ext\u00e9rieur et le garder ainsi facilement \u00e0 port\u00e9e de main. Quantit\u00e9 de savons par pr\u00e9sentoir: 36. Le savon du jardinier 167 g. Contient de la pierre","breadcrumb":{"@id":"https:\/\/trendsandvision.nl\/fr\/product\/esschert-design-savon-sur-corde\/#breadcrumb"},"inLanguage":"fr-FR","potentialAction":[{"@type":"ReadAction","target":["https:\/\/trendsandvision.nl\/fr\/product\/esschert-design-savon-sur-corde\/"]}]},{"@type":"ImageObject","inLanguage":"fr-FR","@id":"https:\/\/trendsandvision.nl\/fr\/product\/esschert-design-savon-sur-corde\/#primaryimage","url":"https:\/\/trendsandvision.nl\/fr\/wp-content\/uploads\/sites\/4\/2022\/10\/GT98_01.jpg","contentUrl":"https:\/\/trendsandvision.nl\/fr\/wp-content\/uploads\/sites\/4\/2022\/10\/GT98_01.jpg","width":800,"height":800,"caption":"Esschert Design Savon sur corde (8714982098925"},{"@type":"BreadcrumbList","@id":"https:\/\/trendsandvision.nl\/fr\/product\/esschert-design-savon-sur-corde\/#breadcrumb","itemListElement":[{"@type":"ListItem","position":1,"name":"Home","item":"https:\/\/trendsandvision.nl\/fr\/"},{"@type":"ListItem","position":2,"name":"le magasin","item":"https:\/\/trendsandvision.nl\/fr\/le-magasin\/"},{"@type":"ListItem","position":3,"name":"Esschert Design Savon sur corde"}]},{"@type":"WebSite","@id":"https:\/\/trendsandvision.nl\/fr\/#website","url":"https:\/\/trendsandvision.nl\/fr\/","name":"Trends &amp; Vision (FR)","description":"La boutique en ligne pour les articles Esschert Design","publisher":{"@id":"https:\/\/trendsandvision.nl\/fr\/#organization"},"potentialAction":[{"@type":"SearchAction","target":{"@type":"EntryPoint","urlTemplate":"https:\/\/trendsandvision.nl\/fr\/?s={search_term_string}"},"query-input":{"@type":"PropertyValueSpecification","valueRequired":true,"valueName":"search_term_string"}}],"inLanguage":"fr-FR"},{"@type":"Organization","@id":"https:\/\/trendsandvision.nl\/fr\/#organization","name":"Trends &amp; Vision (FR)","url":"https:\/\/trendsandvision.nl\/fr\/","logo":{"@type":"ImageObject","inLanguage":"fr-FR","@id":"https:\/\/trendsandvision.nl\/fr\/#\/schema\/logo\/image\/","url":"https:\/\/trendsandvision.nl\/fr\/wp-content\/uploads\/sites\/4\/2022\/10\/trends-and-vision-logo.jpg","contentUrl":"https:\/\/trendsandvision.nl\/fr\/wp-content\/uploads\/sites\/4\/2022\/10\/trends-and-vision-logo.jpg","width":213,"height":100,"caption":"Trends &amp; Vision (FR)"},"image":{"@id":"https:\/\/trendsandvision.nl\/fr\/#\/schema\/logo\/image\/"}}]}},"_links":{"self":[{"href":"https:\/\/trendsandvision.nl\/fr\/wp-json\/wp\/v2\/product\/4945","targetHints":{"allow":["GET"]}}],"collection":[{"href":"https:\/\/trendsandvision.nl\/fr\/wp-json\/wp\/v2\/product"}],"about":[{"href":"https:\/\/trendsandvision.nl\/fr\/wp-json\/wp\/v2\/types\/product"}],"wp:featuredmedia":[{"embeddable":true,"href":"https:\/\/trendsandvision.nl\/fr\/wp-json\/wp\/v2\/media\/4946"}],"wp:attachment":[{"href":"https:\/\/trendsandvision.nl\/fr\/wp-json\/wp\/v2\/media?parent=4945"}],"wp:term":[{"taxonomy":"product_brand","embeddable":true,"href":"https:\/\/trendsandvision.nl\/fr\/wp-json\/wp\/v2\/product_brand?post=4945"},{"taxonomy":"product_cat","embeddable":true,"href":"https:\/\/trendsandvision.nl\/fr\/wp-json\/wp\/v2\/product_cat?post=4945"},{"taxonomy":"product_tag","embeddable":true,"href":"https:\/\/trendsandvision.nl\/fr\/wp-json\/wp\/v2\/product_tag?post=4945"}],"curies":[{"name":"wp","href":"https:\/\/api.w.org\/{rel}","templated":true}]}}