{"id":4934,"date":"2022-10-13T15:28:28","date_gmt":"2022-10-13T13:28:28","guid":{"rendered":"https:\/\/trendsandvision.nl\/fr\/product\/esschert-design-savons-de-jardin-en-bocal\/"},"modified":"2025-06-12T13:56:02","modified_gmt":"2025-06-12T11:56:02","slug":"esschert-design-savons-de-jardin-en-bocal","status":"publish","type":"product","link":"https:\/\/trendsandvision.nl\/fr\/product\/esschert-design-savons-de-jardin-en-bocal\/","title":{"rendered":"Esschert Design Savons de jardin en bocal"},"content":{"rendered":"<p>Savons de jardin en bocal. Savon du jardinier 175g. Contient de la pierre ponce. Ce savon nettoiera et d\u00e9sinfectera vos mains apr\u00e8s vos activit\u00e9s au jardin. Le savon contient des huiles v\u00e9g\u00e9tales naturelles adapt\u00e9es \u00e0 votre peau ainsi que du glyc\u00e9rol qui laissera vos mains douces et apais\u00e9es. Ingr\u00e9dients: Ester de  sodium, eau, calcium, fluorure, glyc\u00e9rine, parfum, t\u00e9tra sodium EDTA, BHT, FD &amp; C jaune N\u00b05, FD&amp;C bleu N\u00b01. Composition allerg\u00e8ne : n\u00e9ant.<\/p>\n","protected":false},"excerpt":{"rendered":"<p>Savons de jardin en bocal. Savon du jardinier 175g. Contient de la pierre ponce. Ce savon nettoiera et d\u00e9sinfectera vos mains apr\u00e8s vos activit\u00e9s au jardin. Le savon contient des huiles v\u00e9g\u00e9tales naturelles adapt\u00e9es \u00e0 votre peau ainsi que du glyc\u00e9rol<\/p>\n","protected":false},"featured_media":4935,"template":"","meta":[],"product_brand":[7842,7843],"product_cat":[730],"product_tag":[],"class_list":{"0":"post-4934","1":"product","2":"type-product","3":"status-publish","4":"has-post-thumbnail","6":"product_brand-esschert-design","7":"product_brand-trends-vision","8":"product_cat-garden-tools","9":"pa_code-ean-2972","10":"pa_dimensions-80x80x134-cm","11":"pa_fabricant-esschert-design","13":"first","14":"instock","15":"sale","16":"taxable","17":"shipping-taxable","18":"purchasable","19":"product-type-simple","20":"czr-hentry"},"yoast_head":"<!-- This site is optimized with the Yoast SEO Premium plugin v27.4 (Yoast SEO v27.4) - https:\/\/yoast.com\/product\/yoast-seo-premium-wordpress\/ -->\n<title>Esschert Design Savons de jardin en bocal<\/title>\n<meta name=\"description\" content=\"Esschert Design Savons de jardin en bocal - Savons de jardin en bocal. Savon du jardinier 175g. Contient de la pierre ponce. Ce savon nettoiera et d\u00e9sinfectera vos mains apr\u00e8s vos activit\u00e9s au jardin. Le savon contient des huiles v\u00e9g\u00e9tales naturelles adapt\u00e9es \u00e0 votre peau ainsi que du glyc\u00e9rol\" \/>\n<meta name=\"robots\" content=\"index, follow, max-snippet:-1, max-image-preview:large, max-video-preview:-1\" \/>\n<link rel=\"canonical\" href=\"https:\/\/trendsandvision.nl\/fr\/product\/esschert-design-savons-de-jardin-en-bocal\/\" \/>\n<meta property=\"og:locale\" content=\"fr_FR\" \/>\n<meta property=\"og:type\" content=\"article\" \/>\n<meta property=\"og:title\" content=\"Esschert Design Savons de jardin en bocal\" \/>\n<meta property=\"og:description\" content=\"Esschert Design Savons de jardin en bocal - Savons de jardin en bocal. Savon du jardinier 175g. Contient de la pierre ponce. Ce savon nettoiera et d\u00e9sinfectera vos mains apr\u00e8s vos activit\u00e9s au jardin. Le savon contient des huiles v\u00e9g\u00e9tales naturelles adapt\u00e9es \u00e0 votre peau ainsi que du glyc\u00e9rol\" \/>\n<meta property=\"og:url\" content=\"https:\/\/trendsandvision.nl\/fr\/product\/esschert-design-savons-de-jardin-en-bocal\/\" \/>\n<meta property=\"og:site_name\" content=\"Trends &amp; Vision (FR)\" \/>\n<meta property=\"article:modified_time\" content=\"2025-06-12T11:56:02+00:00\" \/>\n<meta property=\"og:image\" content=\"https:\/\/trendsandvision.nl\/fr\/wp-content\/uploads\/sites\/4\/2022\/10\/GT95_01.jpg\" \/>\n\t<meta property=\"og:image:width\" content=\"800\" \/>\n\t<meta property=\"og:image:height\" content=\"800\" \/>\n\t<meta property=\"og:image:type\" content=\"image\/jpeg\" \/>\n<meta name=\"twitter:card\" content=\"summary_large_image\" \/>\n<script type=\"application\/ld+json\" class=\"yoast-schema-graph\">{\"@context\":\"https:\\\/\\\/schema.org\",\"@graph\":[{\"@type\":\"WebPage\",\"@id\":\"https:\\\/\\\/trendsandvision.nl\\\/fr\\\/product\\\/esschert-design-savons-de-jardin-en-bocal\\\/\",\"url\":\"https:\\\/\\\/trendsandvision.nl\\\/fr\\\/product\\\/esschert-design-savons-de-jardin-en-bocal\\\/\",\"name\":\"Esschert Design Savons de jardin en bocal\",\"isPartOf\":{\"@id\":\"https:\\\/\\\/trendsandvision.nl\\\/fr\\\/#website\"},\"primaryImageOfPage\":{\"@id\":\"https:\\\/\\\/trendsandvision.nl\\\/fr\\\/product\\\/esschert-design-savons-de-jardin-en-bocal\\\/#primaryimage\"},\"image\":{\"@id\":\"https:\\\/\\\/trendsandvision.nl\\\/fr\\\/product\\\/esschert-design-savons-de-jardin-en-bocal\\\/#primaryimage\"},\"thumbnailUrl\":\"https:\\\/\\\/trendsandvision.nl\\\/fr\\\/wp-content\\\/uploads\\\/sites\\\/4\\\/2022\\\/10\\\/GT95_01.jpg\",\"datePublished\":\"2022-10-13T13:28:28+00:00\",\"dateModified\":\"2025-06-12T11:56:02+00:00\",\"description\":\"Esschert Design Savons de jardin en bocal - Savons de jardin en bocal. Savon du jardinier 175g. Contient de la pierre ponce. Ce savon nettoiera et d\u00e9sinfectera vos mains apr\u00e8s vos activit\u00e9s au jardin. Le savon contient des huiles v\u00e9g\u00e9tales naturelles adapt\u00e9es \u00e0 votre peau ainsi que du glyc\u00e9rol\",\"breadcrumb\":{\"@id\":\"https:\\\/\\\/trendsandvision.nl\\\/fr\\\/product\\\/esschert-design-savons-de-jardin-en-bocal\\\/#breadcrumb\"},\"inLanguage\":\"fr-FR\",\"potentialAction\":[{\"@type\":\"ReadAction\",\"target\":[\"https:\\\/\\\/trendsandvision.nl\\\/fr\\\/product\\\/esschert-design-savons-de-jardin-en-bocal\\\/\"]}]},{\"@type\":\"ImageObject\",\"inLanguage\":\"fr-FR\",\"@id\":\"https:\\\/\\\/trendsandvision.nl\\\/fr\\\/product\\\/esschert-design-savons-de-jardin-en-bocal\\\/#primaryimage\",\"url\":\"https:\\\/\\\/trendsandvision.nl\\\/fr\\\/wp-content\\\/uploads\\\/sites\\\/4\\\/2022\\\/10\\\/GT95_01.jpg\",\"contentUrl\":\"https:\\\/\\\/trendsandvision.nl\\\/fr\\\/wp-content\\\/uploads\\\/sites\\\/4\\\/2022\\\/10\\\/GT95_01.jpg\",\"width\":800,\"height\":800,\"caption\":\"Esschert Design Savons de jardin en bocal (8714982096983\"},{\"@type\":\"BreadcrumbList\",\"@id\":\"https:\\\/\\\/trendsandvision.nl\\\/fr\\\/product\\\/esschert-design-savons-de-jardin-en-bocal\\\/#breadcrumb\",\"itemListElement\":[{\"@type\":\"ListItem\",\"position\":1,\"name\":\"Home\",\"item\":\"https:\\\/\\\/trendsandvision.nl\\\/fr\\\/\"},{\"@type\":\"ListItem\",\"position\":2,\"name\":\"le magasin\",\"item\":\"https:\\\/\\\/trendsandvision.nl\\\/fr\\\/le-magasin\\\/\"},{\"@type\":\"ListItem\",\"position\":3,\"name\":\"Esschert Design Savons de jardin en bocal\"}]},{\"@type\":\"WebSite\",\"@id\":\"https:\\\/\\\/trendsandvision.nl\\\/fr\\\/#website\",\"url\":\"https:\\\/\\\/trendsandvision.nl\\\/fr\\\/\",\"name\":\"Trends &amp; Vision (FR)\",\"description\":\"La boutique en ligne pour les articles Esschert Design\",\"publisher\":{\"@id\":\"https:\\\/\\\/trendsandvision.nl\\\/fr\\\/#organization\"},\"potentialAction\":[{\"@type\":\"SearchAction\",\"target\":{\"@type\":\"EntryPoint\",\"urlTemplate\":\"https:\\\/\\\/trendsandvision.nl\\\/fr\\\/?s={search_term_string}\"},\"query-input\":{\"@type\":\"PropertyValueSpecification\",\"valueRequired\":true,\"valueName\":\"search_term_string\"}}],\"inLanguage\":\"fr-FR\"},{\"@type\":\"Organization\",\"@id\":\"https:\\\/\\\/trendsandvision.nl\\\/fr\\\/#organization\",\"name\":\"Trends &amp; Vision (FR)\",\"url\":\"https:\\\/\\\/trendsandvision.nl\\\/fr\\\/\",\"logo\":{\"@type\":\"ImageObject\",\"inLanguage\":\"fr-FR\",\"@id\":\"https:\\\/\\\/trendsandvision.nl\\\/fr\\\/#\\\/schema\\\/logo\\\/image\\\/\",\"url\":\"https:\\\/\\\/trendsandvision.nl\\\/fr\\\/wp-content\\\/uploads\\\/sites\\\/4\\\/2022\\\/10\\\/trends-and-vision-logo.jpg\",\"contentUrl\":\"https:\\\/\\\/trendsandvision.nl\\\/fr\\\/wp-content\\\/uploads\\\/sites\\\/4\\\/2022\\\/10\\\/trends-and-vision-logo.jpg\",\"width\":213,\"height\":100,\"caption\":\"Trends &amp; Vision (FR)\"},\"image\":{\"@id\":\"https:\\\/\\\/trendsandvision.nl\\\/fr\\\/#\\\/schema\\\/logo\\\/image\\\/\"}}]}<\/script>\n<!-- \/ Yoast SEO Premium plugin. -->","yoast_head_json":{"title":"Esschert Design Savons de jardin en bocal","description":"Esschert Design Savons de jardin en bocal - Savons de jardin en bocal. Savon du jardinier 175g. Contient de la pierre ponce. Ce savon nettoiera et d\u00e9sinfectera vos mains apr\u00e8s vos activit\u00e9s au jardin. Le savon contient des huiles v\u00e9g\u00e9tales naturelles adapt\u00e9es \u00e0 votre peau ainsi que du glyc\u00e9rol","robots":{"index":"index","follow":"follow","max-snippet":"max-snippet:-1","max-image-preview":"max-image-preview:large","max-video-preview":"max-video-preview:-1"},"canonical":"https:\/\/trendsandvision.nl\/fr\/product\/esschert-design-savons-de-jardin-en-bocal\/","og_locale":"fr_FR","og_type":"article","og_title":"Esschert Design Savons de jardin en bocal","og_description":"Esschert Design Savons de jardin en bocal - Savons de jardin en bocal. Savon du jardinier 175g. Contient de la pierre ponce. Ce savon nettoiera et d\u00e9sinfectera vos mains apr\u00e8s vos activit\u00e9s au jardin. Le savon contient des huiles v\u00e9g\u00e9tales naturelles adapt\u00e9es \u00e0 votre peau ainsi que du glyc\u00e9rol","og_url":"https:\/\/trendsandvision.nl\/fr\/product\/esschert-design-savons-de-jardin-en-bocal\/","og_site_name":"Trends &amp; Vision (FR)","article_modified_time":"2025-06-12T11:56:02+00:00","og_image":[{"width":800,"height":800,"url":"https:\/\/trendsandvision.nl\/fr\/wp-content\/uploads\/sites\/4\/2022\/10\/GT95_01.jpg","type":"image\/jpeg"}],"twitter_card":"summary_large_image","schema":{"@context":"https:\/\/schema.org","@graph":[{"@type":"WebPage","@id":"https:\/\/trendsandvision.nl\/fr\/product\/esschert-design-savons-de-jardin-en-bocal\/","url":"https:\/\/trendsandvision.nl\/fr\/product\/esschert-design-savons-de-jardin-en-bocal\/","name":"Esschert Design Savons de jardin en bocal","isPartOf":{"@id":"https:\/\/trendsandvision.nl\/fr\/#website"},"primaryImageOfPage":{"@id":"https:\/\/trendsandvision.nl\/fr\/product\/esschert-design-savons-de-jardin-en-bocal\/#primaryimage"},"image":{"@id":"https:\/\/trendsandvision.nl\/fr\/product\/esschert-design-savons-de-jardin-en-bocal\/#primaryimage"},"thumbnailUrl":"https:\/\/trendsandvision.nl\/fr\/wp-content\/uploads\/sites\/4\/2022\/10\/GT95_01.jpg","datePublished":"2022-10-13T13:28:28+00:00","dateModified":"2025-06-12T11:56:02+00:00","description":"Esschert Design Savons de jardin en bocal - Savons de jardin en bocal. Savon du jardinier 175g. Contient de la pierre ponce. Ce savon nettoiera et d\u00e9sinfectera vos mains apr\u00e8s vos activit\u00e9s au jardin. Le savon contient des huiles v\u00e9g\u00e9tales naturelles adapt\u00e9es \u00e0 votre peau ainsi que du glyc\u00e9rol","breadcrumb":{"@id":"https:\/\/trendsandvision.nl\/fr\/product\/esschert-design-savons-de-jardin-en-bocal\/#breadcrumb"},"inLanguage":"fr-FR","potentialAction":[{"@type":"ReadAction","target":["https:\/\/trendsandvision.nl\/fr\/product\/esschert-design-savons-de-jardin-en-bocal\/"]}]},{"@type":"ImageObject","inLanguage":"fr-FR","@id":"https:\/\/trendsandvision.nl\/fr\/product\/esschert-design-savons-de-jardin-en-bocal\/#primaryimage","url":"https:\/\/trendsandvision.nl\/fr\/wp-content\/uploads\/sites\/4\/2022\/10\/GT95_01.jpg","contentUrl":"https:\/\/trendsandvision.nl\/fr\/wp-content\/uploads\/sites\/4\/2022\/10\/GT95_01.jpg","width":800,"height":800,"caption":"Esschert Design Savons de jardin en bocal (8714982096983"},{"@type":"BreadcrumbList","@id":"https:\/\/trendsandvision.nl\/fr\/product\/esschert-design-savons-de-jardin-en-bocal\/#breadcrumb","itemListElement":[{"@type":"ListItem","position":1,"name":"Home","item":"https:\/\/trendsandvision.nl\/fr\/"},{"@type":"ListItem","position":2,"name":"le magasin","item":"https:\/\/trendsandvision.nl\/fr\/le-magasin\/"},{"@type":"ListItem","position":3,"name":"Esschert Design Savons de jardin en bocal"}]},{"@type":"WebSite","@id":"https:\/\/trendsandvision.nl\/fr\/#website","url":"https:\/\/trendsandvision.nl\/fr\/","name":"Trends &amp; Vision (FR)","description":"La boutique en ligne pour les articles Esschert Design","publisher":{"@id":"https:\/\/trendsandvision.nl\/fr\/#organization"},"potentialAction":[{"@type":"SearchAction","target":{"@type":"EntryPoint","urlTemplate":"https:\/\/trendsandvision.nl\/fr\/?s={search_term_string}"},"query-input":{"@type":"PropertyValueSpecification","valueRequired":true,"valueName":"search_term_string"}}],"inLanguage":"fr-FR"},{"@type":"Organization","@id":"https:\/\/trendsandvision.nl\/fr\/#organization","name":"Trends &amp; Vision (FR)","url":"https:\/\/trendsandvision.nl\/fr\/","logo":{"@type":"ImageObject","inLanguage":"fr-FR","@id":"https:\/\/trendsandvision.nl\/fr\/#\/schema\/logo\/image\/","url":"https:\/\/trendsandvision.nl\/fr\/wp-content\/uploads\/sites\/4\/2022\/10\/trends-and-vision-logo.jpg","contentUrl":"https:\/\/trendsandvision.nl\/fr\/wp-content\/uploads\/sites\/4\/2022\/10\/trends-and-vision-logo.jpg","width":213,"height":100,"caption":"Trends &amp; Vision (FR)"},"image":{"@id":"https:\/\/trendsandvision.nl\/fr\/#\/schema\/logo\/image\/"}}]}},"_links":{"self":[{"href":"https:\/\/trendsandvision.nl\/fr\/wp-json\/wp\/v2\/product\/4934","targetHints":{"allow":["GET"]}}],"collection":[{"href":"https:\/\/trendsandvision.nl\/fr\/wp-json\/wp\/v2\/product"}],"about":[{"href":"https:\/\/trendsandvision.nl\/fr\/wp-json\/wp\/v2\/types\/product"}],"wp:featuredmedia":[{"embeddable":true,"href":"https:\/\/trendsandvision.nl\/fr\/wp-json\/wp\/v2\/media\/4935"}],"wp:attachment":[{"href":"https:\/\/trendsandvision.nl\/fr\/wp-json\/wp\/v2\/media?parent=4934"}],"wp:term":[{"taxonomy":"product_brand","embeddable":true,"href":"https:\/\/trendsandvision.nl\/fr\/wp-json\/wp\/v2\/product_brand?post=4934"},{"taxonomy":"product_cat","embeddable":true,"href":"https:\/\/trendsandvision.nl\/fr\/wp-json\/wp\/v2\/product_cat?post=4934"},{"taxonomy":"product_tag","embeddable":true,"href":"https:\/\/trendsandvision.nl\/fr\/wp-json\/wp\/v2\/product_tag?post=4934"}],"curies":[{"name":"wp","href":"https:\/\/api.w.org\/{rel}","templated":true}]}}