{"id":4922,"date":"2022-10-13T15:28:10","date_gmt":"2022-10-13T13:28:10","guid":{"rendered":"https:\/\/trendsandvision.nl\/fr\/product\/esschert-design-tablier-bbq-avec-outils\/"},"modified":"2026-04-07T12:15:49","modified_gmt":"2026-04-07T10:15:49","slug":"esschert-design-tablier-bbq-avec-outils","status":"publish","type":"product","link":"https:\/\/trendsandvision.nl\/fr\/product\/esschert-design-tablier-bbq-avec-outils\/","title":{"rendered":"Esschert Design Tablier BBQ avec outils"},"content":{"rendered":"<p>Le tablier est facilement pliable en sac apr\u00e8s utilisation. Tablier BBQ avec set de 4 outils: Pinces en acier inoxydable avec poign\u00e9es en bois de  fr\u00eane. Brosse en poils de porc avec poign\u00e9es en bois de fr\u00eane. Fourchette de BBQ en acier inoxydable avec poign\u00e9es en bois de fr\u00eane. Spatule pour barbecue en acier inoxydable avec ouvre bouteilles en poign\u00e9e en bois de fr\u00eane.<\/p>\n","protected":false},"excerpt":{"rendered":"<p>Le tablier est facilement pliable en sac apr\u00e8s utilisation. Tablier BBQ avec set de 4 outils: Pinces en acier inoxydable avec poign\u00e9es en bois de  fr\u00eane. Brosse en poils de porc avec poign\u00e9es en bois de fr\u00eane. Fourchette de BBQ en acier inoxydable av<\/p>\n","protected":false},"featured_media":4923,"template":"","meta":[],"product_brand":[7842,7843],"product_cat":[730],"product_tag":[],"class_list":{"0":"post-4922","1":"product","2":"type-product","3":"status-publish","4":"has-post-thumbnail","6":"product_brand-esschert-design","7":"product_brand-trends-vision","8":"product_cat-garden-tools","9":"pa_code-ean-2966","10":"pa_dimensions-455x25x875-cm","11":"pa_fabricant-esschert-design","12":"pa_materiel-toile-acier-inoxydable-bois-de-frene","14":"first","15":"instock","16":"sale","17":"taxable","18":"shipping-taxable","19":"purchasable","20":"product-type-simple","21":"czr-hentry"},"yoast_head":"<!-- This site is optimized with the Yoast SEO Premium plugin v26.4 (Yoast SEO v27.4) - https:\/\/yoast.com\/product\/yoast-seo-premium-wordpress\/ -->\n<title>Esschert Design Tablier BBQ avec outils<\/title>\n<meta name=\"description\" content=\"Esschert Design Tablier BBQ avec outils - Le tablier est facilement pliable en sac apr\u00e8s utilisation. Tablier BBQ avec set de 4 outils: Pinces en acier inoxydable avec poign\u00e9es en bois de fr\u00eane. Brosse en poils de porc avec poign\u00e9es en bois de fr\u00eane. Fourchette de BBQ en acier inoxydable av\" \/>\n<meta name=\"robots\" content=\"index, follow, max-snippet:-1, max-image-preview:large, max-video-preview:-1\" \/>\n<link rel=\"canonical\" href=\"https:\/\/trendsandvision.nl\/fr\/product\/esschert-design-tablier-bbq-avec-outils\/\" \/>\n<meta property=\"og:locale\" content=\"fr_FR\" \/>\n<meta property=\"og:type\" content=\"article\" \/>\n<meta property=\"og:title\" content=\"Esschert Design Tablier BBQ avec outils\" \/>\n<meta property=\"og:description\" content=\"Esschert Design Tablier BBQ avec outils - Le tablier est facilement pliable en sac apr\u00e8s utilisation. Tablier BBQ avec set de 4 outils: Pinces en acier inoxydable avec poign\u00e9es en bois de fr\u00eane. Brosse en poils de porc avec poign\u00e9es en bois de fr\u00eane. Fourchette de BBQ en acier inoxydable av\" \/>\n<meta property=\"og:url\" content=\"https:\/\/trendsandvision.nl\/fr\/product\/esschert-design-tablier-bbq-avec-outils\/\" \/>\n<meta property=\"og:site_name\" content=\"Trends &amp; Vision (FR)\" \/>\n<meta property=\"article:modified_time\" content=\"2026-04-07T10:15:49+00:00\" \/>\n<meta property=\"og:image\" content=\"https:\/\/trendsandvision.nl\/fr\/wp-content\/uploads\/sites\/4\/2022\/10\/GT91_01.jpg\" \/>\n\t<meta property=\"og:image:width\" content=\"800\" \/>\n\t<meta property=\"og:image:height\" content=\"800\" \/>\n\t<meta property=\"og:image:type\" content=\"image\/jpeg\" \/>\n<meta name=\"twitter:card\" content=\"summary_large_image\" \/>\n<script type=\"application\/ld+json\" class=\"yoast-schema-graph\">{\"@context\":\"https:\\\/\\\/schema.org\",\"@graph\":[{\"@type\":\"WebPage\",\"@id\":\"https:\\\/\\\/trendsandvision.nl\\\/fr\\\/product\\\/esschert-design-tablier-bbq-avec-outils\\\/\",\"url\":\"https:\\\/\\\/trendsandvision.nl\\\/fr\\\/product\\\/esschert-design-tablier-bbq-avec-outils\\\/\",\"name\":\"Esschert Design Tablier BBQ avec outils\",\"isPartOf\":{\"@id\":\"https:\\\/\\\/trendsandvision.nl\\\/fr\\\/#website\"},\"primaryImageOfPage\":{\"@id\":\"https:\\\/\\\/trendsandvision.nl\\\/fr\\\/product\\\/esschert-design-tablier-bbq-avec-outils\\\/#primaryimage\"},\"image\":{\"@id\":\"https:\\\/\\\/trendsandvision.nl\\\/fr\\\/product\\\/esschert-design-tablier-bbq-avec-outils\\\/#primaryimage\"},\"thumbnailUrl\":\"https:\\\/\\\/trendsandvision.nl\\\/fr\\\/wp-content\\\/uploads\\\/sites\\\/4\\\/2022\\\/10\\\/GT91_01.jpg\",\"datePublished\":\"2022-10-13T13:28:10+00:00\",\"dateModified\":\"2026-04-07T10:15:49+00:00\",\"description\":\"Esschert Design Tablier BBQ avec outils - Le tablier est facilement pliable en sac apr\u00e8s utilisation. Tablier BBQ avec set de 4 outils: Pinces en acier inoxydable avec poign\u00e9es en bois de fr\u00eane. Brosse en poils de porc avec poign\u00e9es en bois de fr\u00eane. Fourchette de BBQ en acier inoxydable av\",\"breadcrumb\":{\"@id\":\"https:\\\/\\\/trendsandvision.nl\\\/fr\\\/product\\\/esschert-design-tablier-bbq-avec-outils\\\/#breadcrumb\"},\"inLanguage\":\"fr-FR\",\"potentialAction\":[{\"@type\":\"ReadAction\",\"target\":[\"https:\\\/\\\/trendsandvision.nl\\\/fr\\\/product\\\/esschert-design-tablier-bbq-avec-outils\\\/\"]}]},{\"@type\":\"ImageObject\",\"inLanguage\":\"fr-FR\",\"@id\":\"https:\\\/\\\/trendsandvision.nl\\\/fr\\\/product\\\/esschert-design-tablier-bbq-avec-outils\\\/#primaryimage\",\"url\":\"https:\\\/\\\/trendsandvision.nl\\\/fr\\\/wp-content\\\/uploads\\\/sites\\\/4\\\/2022\\\/10\\\/GT91_01.jpg\",\"contentUrl\":\"https:\\\/\\\/trendsandvision.nl\\\/fr\\\/wp-content\\\/uploads\\\/sites\\\/4\\\/2022\\\/10\\\/GT91_01.jpg\",\"width\":800,\"height\":800,\"caption\":\"Esschert Design Tablier BBQ avec outils (8714982095184\"},{\"@type\":\"BreadcrumbList\",\"@id\":\"https:\\\/\\\/trendsandvision.nl\\\/fr\\\/product\\\/esschert-design-tablier-bbq-avec-outils\\\/#breadcrumb\",\"itemListElement\":[{\"@type\":\"ListItem\",\"position\":1,\"name\":\"Home\",\"item\":\"https:\\\/\\\/trendsandvision.nl\\\/fr\\\/\"},{\"@type\":\"ListItem\",\"position\":2,\"name\":\"le magasin\",\"item\":\"https:\\\/\\\/trendsandvision.nl\\\/fr\\\/le-magasin\\\/\"},{\"@type\":\"ListItem\",\"position\":3,\"name\":\"Esschert Design Tablier BBQ avec outils\"}]},{\"@type\":\"WebSite\",\"@id\":\"https:\\\/\\\/trendsandvision.nl\\\/fr\\\/#website\",\"url\":\"https:\\\/\\\/trendsandvision.nl\\\/fr\\\/\",\"name\":\"Trends &amp; Vision (FR)\",\"description\":\"La boutique en ligne pour les articles Esschert Design\",\"publisher\":{\"@id\":\"https:\\\/\\\/trendsandvision.nl\\\/fr\\\/#organization\"},\"potentialAction\":[{\"@type\":\"SearchAction\",\"target\":{\"@type\":\"EntryPoint\",\"urlTemplate\":\"https:\\\/\\\/trendsandvision.nl\\\/fr\\\/?s={search_term_string}\"},\"query-input\":{\"@type\":\"PropertyValueSpecification\",\"valueRequired\":true,\"valueName\":\"search_term_string\"}}],\"inLanguage\":\"fr-FR\"},{\"@type\":\"Organization\",\"@id\":\"https:\\\/\\\/trendsandvision.nl\\\/fr\\\/#organization\",\"name\":\"Trends &amp; Vision (FR)\",\"url\":\"https:\\\/\\\/trendsandvision.nl\\\/fr\\\/\",\"logo\":{\"@type\":\"ImageObject\",\"inLanguage\":\"fr-FR\",\"@id\":\"https:\\\/\\\/trendsandvision.nl\\\/fr\\\/#\\\/schema\\\/logo\\\/image\\\/\",\"url\":\"https:\\\/\\\/trendsandvision.nl\\\/fr\\\/wp-content\\\/uploads\\\/sites\\\/4\\\/2022\\\/10\\\/trends-and-vision-logo.jpg\",\"contentUrl\":\"https:\\\/\\\/trendsandvision.nl\\\/fr\\\/wp-content\\\/uploads\\\/sites\\\/4\\\/2022\\\/10\\\/trends-and-vision-logo.jpg\",\"width\":213,\"height\":100,\"caption\":\"Trends &amp; Vision (FR)\"},\"image\":{\"@id\":\"https:\\\/\\\/trendsandvision.nl\\\/fr\\\/#\\\/schema\\\/logo\\\/image\\\/\"}}]}<\/script>\n<!-- \/ Yoast SEO Premium plugin. -->","yoast_head_json":{"title":"Esschert Design Tablier BBQ avec outils","description":"Esschert Design Tablier BBQ avec outils - Le tablier est facilement pliable en sac apr\u00e8s utilisation. Tablier BBQ avec set de 4 outils: Pinces en acier inoxydable avec poign\u00e9es en bois de fr\u00eane. Brosse en poils de porc avec poign\u00e9es en bois de fr\u00eane. Fourchette de BBQ en acier inoxydable av","robots":{"index":"index","follow":"follow","max-snippet":"max-snippet:-1","max-image-preview":"max-image-preview:large","max-video-preview":"max-video-preview:-1"},"canonical":"https:\/\/trendsandvision.nl\/fr\/product\/esschert-design-tablier-bbq-avec-outils\/","og_locale":"fr_FR","og_type":"article","og_title":"Esschert Design Tablier BBQ avec outils","og_description":"Esschert Design Tablier BBQ avec outils - Le tablier est facilement pliable en sac apr\u00e8s utilisation. Tablier BBQ avec set de 4 outils: Pinces en acier inoxydable avec poign\u00e9es en bois de fr\u00eane. Brosse en poils de porc avec poign\u00e9es en bois de fr\u00eane. Fourchette de BBQ en acier inoxydable av","og_url":"https:\/\/trendsandvision.nl\/fr\/product\/esschert-design-tablier-bbq-avec-outils\/","og_site_name":"Trends &amp; Vision (FR)","article_modified_time":"2026-04-07T10:15:49+00:00","og_image":[{"width":800,"height":800,"url":"https:\/\/trendsandvision.nl\/fr\/wp-content\/uploads\/sites\/4\/2022\/10\/GT91_01.jpg","type":"image\/jpeg"}],"twitter_card":"summary_large_image","schema":{"@context":"https:\/\/schema.org","@graph":[{"@type":"WebPage","@id":"https:\/\/trendsandvision.nl\/fr\/product\/esschert-design-tablier-bbq-avec-outils\/","url":"https:\/\/trendsandvision.nl\/fr\/product\/esschert-design-tablier-bbq-avec-outils\/","name":"Esschert Design Tablier BBQ avec outils","isPartOf":{"@id":"https:\/\/trendsandvision.nl\/fr\/#website"},"primaryImageOfPage":{"@id":"https:\/\/trendsandvision.nl\/fr\/product\/esschert-design-tablier-bbq-avec-outils\/#primaryimage"},"image":{"@id":"https:\/\/trendsandvision.nl\/fr\/product\/esschert-design-tablier-bbq-avec-outils\/#primaryimage"},"thumbnailUrl":"https:\/\/trendsandvision.nl\/fr\/wp-content\/uploads\/sites\/4\/2022\/10\/GT91_01.jpg","datePublished":"2022-10-13T13:28:10+00:00","dateModified":"2026-04-07T10:15:49+00:00","description":"Esschert Design Tablier BBQ avec outils - Le tablier est facilement pliable en sac apr\u00e8s utilisation. Tablier BBQ avec set de 4 outils: Pinces en acier inoxydable avec poign\u00e9es en bois de fr\u00eane. Brosse en poils de porc avec poign\u00e9es en bois de fr\u00eane. Fourchette de BBQ en acier inoxydable av","breadcrumb":{"@id":"https:\/\/trendsandvision.nl\/fr\/product\/esschert-design-tablier-bbq-avec-outils\/#breadcrumb"},"inLanguage":"fr-FR","potentialAction":[{"@type":"ReadAction","target":["https:\/\/trendsandvision.nl\/fr\/product\/esschert-design-tablier-bbq-avec-outils\/"]}]},{"@type":"ImageObject","inLanguage":"fr-FR","@id":"https:\/\/trendsandvision.nl\/fr\/product\/esschert-design-tablier-bbq-avec-outils\/#primaryimage","url":"https:\/\/trendsandvision.nl\/fr\/wp-content\/uploads\/sites\/4\/2022\/10\/GT91_01.jpg","contentUrl":"https:\/\/trendsandvision.nl\/fr\/wp-content\/uploads\/sites\/4\/2022\/10\/GT91_01.jpg","width":800,"height":800,"caption":"Esschert Design Tablier BBQ avec outils (8714982095184"},{"@type":"BreadcrumbList","@id":"https:\/\/trendsandvision.nl\/fr\/product\/esschert-design-tablier-bbq-avec-outils\/#breadcrumb","itemListElement":[{"@type":"ListItem","position":1,"name":"Home","item":"https:\/\/trendsandvision.nl\/fr\/"},{"@type":"ListItem","position":2,"name":"le magasin","item":"https:\/\/trendsandvision.nl\/fr\/le-magasin\/"},{"@type":"ListItem","position":3,"name":"Esschert Design Tablier BBQ avec outils"}]},{"@type":"WebSite","@id":"https:\/\/trendsandvision.nl\/fr\/#website","url":"https:\/\/trendsandvision.nl\/fr\/","name":"Trends &amp; Vision (FR)","description":"La boutique en ligne pour les articles Esschert Design","publisher":{"@id":"https:\/\/trendsandvision.nl\/fr\/#organization"},"potentialAction":[{"@type":"SearchAction","target":{"@type":"EntryPoint","urlTemplate":"https:\/\/trendsandvision.nl\/fr\/?s={search_term_string}"},"query-input":{"@type":"PropertyValueSpecification","valueRequired":true,"valueName":"search_term_string"}}],"inLanguage":"fr-FR"},{"@type":"Organization","@id":"https:\/\/trendsandvision.nl\/fr\/#organization","name":"Trends &amp; Vision (FR)","url":"https:\/\/trendsandvision.nl\/fr\/","logo":{"@type":"ImageObject","inLanguage":"fr-FR","@id":"https:\/\/trendsandvision.nl\/fr\/#\/schema\/logo\/image\/","url":"https:\/\/trendsandvision.nl\/fr\/wp-content\/uploads\/sites\/4\/2022\/10\/trends-and-vision-logo.jpg","contentUrl":"https:\/\/trendsandvision.nl\/fr\/wp-content\/uploads\/sites\/4\/2022\/10\/trends-and-vision-logo.jpg","width":213,"height":100,"caption":"Trends &amp; Vision (FR)"},"image":{"@id":"https:\/\/trendsandvision.nl\/fr\/#\/schema\/logo\/image\/"}}]}},"_links":{"self":[{"href":"https:\/\/trendsandvision.nl\/fr\/wp-json\/wp\/v2\/product\/4922","targetHints":{"allow":["GET"]}}],"collection":[{"href":"https:\/\/trendsandvision.nl\/fr\/wp-json\/wp\/v2\/product"}],"about":[{"href":"https:\/\/trendsandvision.nl\/fr\/wp-json\/wp\/v2\/types\/product"}],"wp:featuredmedia":[{"embeddable":true,"href":"https:\/\/trendsandvision.nl\/fr\/wp-json\/wp\/v2\/media\/4923"}],"wp:attachment":[{"href":"https:\/\/trendsandvision.nl\/fr\/wp-json\/wp\/v2\/media?parent=4922"}],"wp:term":[{"taxonomy":"product_brand","embeddable":true,"href":"https:\/\/trendsandvision.nl\/fr\/wp-json\/wp\/v2\/product_brand?post=4922"},{"taxonomy":"product_cat","embeddable":true,"href":"https:\/\/trendsandvision.nl\/fr\/wp-json\/wp\/v2\/product_cat?post=4922"},{"taxonomy":"product_tag","embeddable":true,"href":"https:\/\/trendsandvision.nl\/fr\/wp-json\/wp\/v2\/product_tag?post=4922"}],"curies":[{"name":"wp","href":"https:\/\/api.w.org\/{rel}","templated":true}]}}