{"id":4876,"date":"2022-10-13T15:26:56","date_gmt":"2022-10-13T13:26:56","guid":{"rendered":"https:\/\/trendsandvision.nl\/fr\/product\/esschert-design-rateau-a-feuilles-pm\/"},"modified":"2026-04-07T12:15:36","modified_gmt":"2026-04-07T10:15:36","slug":"esschert-design-rateau-a-feuilles-pm","status":"publish","type":"product","link":"https:\/\/trendsandvision.nl\/fr\/product\/esschert-design-rateau-a-feuilles-pm\/","title":{"rendered":"Esschert Design Rateau \u00e0 feuilles PM"},"content":{"rendered":"<p>Ce petit r\u00e2teau \u00e0 feuilles est con\u00e7u pour ratisser une petite surface et \u00e9vacuer des feuilles mortes et autres. Le r\u00e2teau est en inox de haute qualit\u00e9 (acier inoxydable) et est muni d\u2019une poign\u00e9e en fr\u00eane. Emball\u00e9 dans un coffret cadeau.<\/p>\n<p>: 12 x 4,2 x 37 cm.<\/p>\n","protected":false},"excerpt":{"rendered":"<p>Ce petit r\u00e2teau \u00e0 feuilles est con\u00e7u pour ratisser une petite surface et \u00e9vacuer des feuilles mortes et autres: 12 x 4,2 x 37 cm<\/p>\n","protected":false},"featured_media":4877,"template":"","meta":[],"product_brand":[7842,7843],"product_cat":[730],"product_tag":[],"class_list":{"0":"post-4876","1":"product","2":"type-product","3":"status-publish","4":"has-post-thumbnail","6":"product_brand-esschert-design","7":"product_brand-trends-vision","8":"product_cat-garden-tools","9":"pa_code-ean-2942","10":"pa_dimensions-12-x-42-x-37-cm-4-8-x-1-7-x-15-inch","11":"pa_fabricant-esschert-design","12":"pa_materiel-essenhout-metaal-leder","14":"first","15":"instock","16":"sale","17":"taxable","18":"shipping-taxable","19":"purchasable","20":"product-type-simple","21":"czr-hentry"},"yoast_head":"<!-- This site is optimized with the Yoast SEO Premium plugin v26.4 (Yoast SEO v27.4) - https:\/\/yoast.com\/product\/yoast-seo-premium-wordpress\/ -->\n<title>Esschert Design Rateau \u00e0 feuilles PM<\/title>\n<meta name=\"description\" content=\"Esschert Design Rateau \u00e0 feuilles PM - Ce petit r\u00e2teau \u00e0 feuilles est con\u00e7u pour ratisser une petite surface et \u00e9vacuer des feuilles mortes et autres: 12 x 4,2 x 37 cm\" \/>\n<meta name=\"robots\" content=\"index, follow, max-snippet:-1, max-image-preview:large, max-video-preview:-1\" \/>\n<link rel=\"canonical\" href=\"https:\/\/trendsandvision.nl\/fr\/product\/esschert-design-rateau-a-feuilles-pm\/\" \/>\n<meta property=\"og:locale\" content=\"fr_FR\" \/>\n<meta property=\"og:type\" content=\"article\" \/>\n<meta property=\"og:title\" content=\"Esschert Design Rateau \u00e0 feuilles PM\" \/>\n<meta property=\"og:description\" content=\"Esschert Design Rateau \u00e0 feuilles PM - Ce petit r\u00e2teau \u00e0 feuilles est con\u00e7u pour ratisser une petite surface et \u00e9vacuer des feuilles mortes et autres: 12 x 4,2 x 37 cm\" \/>\n<meta property=\"og:url\" content=\"https:\/\/trendsandvision.nl\/fr\/product\/esschert-design-rateau-a-feuilles-pm\/\" \/>\n<meta property=\"og:site_name\" content=\"Trends &amp; Vision (FR)\" \/>\n<meta property=\"article:modified_time\" content=\"2026-04-07T10:15:36+00:00\" \/>\n<meta property=\"og:image\" content=\"https:\/\/trendsandvision.nl\/fr\/wp-content\/uploads\/sites\/4\/2022\/10\/GT75_01.jpg\" \/>\n\t<meta property=\"og:image:width\" content=\"800\" \/>\n\t<meta property=\"og:image:height\" content=\"800\" \/>\n\t<meta property=\"og:image:type\" content=\"image\/jpeg\" \/>\n<meta name=\"twitter:card\" content=\"summary_large_image\" \/>\n<script type=\"application\/ld+json\" class=\"yoast-schema-graph\">{\"@context\":\"https:\\\/\\\/schema.org\",\"@graph\":[{\"@type\":\"WebPage\",\"@id\":\"https:\\\/\\\/trendsandvision.nl\\\/fr\\\/product\\\/esschert-design-rateau-a-feuilles-pm\\\/\",\"url\":\"https:\\\/\\\/trendsandvision.nl\\\/fr\\\/product\\\/esschert-design-rateau-a-feuilles-pm\\\/\",\"name\":\"Esschert Design Rateau \u00e0 feuilles PM\",\"isPartOf\":{\"@id\":\"https:\\\/\\\/trendsandvision.nl\\\/fr\\\/#website\"},\"primaryImageOfPage\":{\"@id\":\"https:\\\/\\\/trendsandvision.nl\\\/fr\\\/product\\\/esschert-design-rateau-a-feuilles-pm\\\/#primaryimage\"},\"image\":{\"@id\":\"https:\\\/\\\/trendsandvision.nl\\\/fr\\\/product\\\/esschert-design-rateau-a-feuilles-pm\\\/#primaryimage\"},\"thumbnailUrl\":\"https:\\\/\\\/trendsandvision.nl\\\/fr\\\/wp-content\\\/uploads\\\/sites\\\/4\\\/2022\\\/10\\\/GT75_01.jpg\",\"datePublished\":\"2022-10-13T13:26:56+00:00\",\"dateModified\":\"2026-04-07T10:15:36+00:00\",\"description\":\"Esschert Design Rateau \u00e0 feuilles PM - Ce petit r\u00e2teau \u00e0 feuilles est con\u00e7u pour ratisser une petite surface et \u00e9vacuer des feuilles mortes et autres: 12 x 4,2 x 37 cm\",\"breadcrumb\":{\"@id\":\"https:\\\/\\\/trendsandvision.nl\\\/fr\\\/product\\\/esschert-design-rateau-a-feuilles-pm\\\/#breadcrumb\"},\"inLanguage\":\"fr-FR\",\"potentialAction\":[{\"@type\":\"ReadAction\",\"target\":[\"https:\\\/\\\/trendsandvision.nl\\\/fr\\\/product\\\/esschert-design-rateau-a-feuilles-pm\\\/\"]}]},{\"@type\":\"ImageObject\",\"inLanguage\":\"fr-FR\",\"@id\":\"https:\\\/\\\/trendsandvision.nl\\\/fr\\\/product\\\/esschert-design-rateau-a-feuilles-pm\\\/#primaryimage\",\"url\":\"https:\\\/\\\/trendsandvision.nl\\\/fr\\\/wp-content\\\/uploads\\\/sites\\\/4\\\/2022\\\/10\\\/GT75_01.jpg\",\"contentUrl\":\"https:\\\/\\\/trendsandvision.nl\\\/fr\\\/wp-content\\\/uploads\\\/sites\\\/4\\\/2022\\\/10\\\/GT75_01.jpg\",\"width\":800,\"height\":800,\"caption\":\"Esschert Design Rateau \u00e0 feuilles PM (8714982085130\"},{\"@type\":\"BreadcrumbList\",\"@id\":\"https:\\\/\\\/trendsandvision.nl\\\/fr\\\/product\\\/esschert-design-rateau-a-feuilles-pm\\\/#breadcrumb\",\"itemListElement\":[{\"@type\":\"ListItem\",\"position\":1,\"name\":\"Home\",\"item\":\"https:\\\/\\\/trendsandvision.nl\\\/fr\\\/\"},{\"@type\":\"ListItem\",\"position\":2,\"name\":\"le magasin\",\"item\":\"https:\\\/\\\/trendsandvision.nl\\\/fr\\\/le-magasin\\\/\"},{\"@type\":\"ListItem\",\"position\":3,\"name\":\"Esschert Design Rateau \u00e0 feuilles PM\"}]},{\"@type\":\"WebSite\",\"@id\":\"https:\\\/\\\/trendsandvision.nl\\\/fr\\\/#website\",\"url\":\"https:\\\/\\\/trendsandvision.nl\\\/fr\\\/\",\"name\":\"Trends &amp; Vision (FR)\",\"description\":\"La boutique en ligne pour les articles Esschert Design\",\"publisher\":{\"@id\":\"https:\\\/\\\/trendsandvision.nl\\\/fr\\\/#organization\"},\"potentialAction\":[{\"@type\":\"SearchAction\",\"target\":{\"@type\":\"EntryPoint\",\"urlTemplate\":\"https:\\\/\\\/trendsandvision.nl\\\/fr\\\/?s={search_term_string}\"},\"query-input\":{\"@type\":\"PropertyValueSpecification\",\"valueRequired\":true,\"valueName\":\"search_term_string\"}}],\"inLanguage\":\"fr-FR\"},{\"@type\":\"Organization\",\"@id\":\"https:\\\/\\\/trendsandvision.nl\\\/fr\\\/#organization\",\"name\":\"Trends &amp; Vision (FR)\",\"url\":\"https:\\\/\\\/trendsandvision.nl\\\/fr\\\/\",\"logo\":{\"@type\":\"ImageObject\",\"inLanguage\":\"fr-FR\",\"@id\":\"https:\\\/\\\/trendsandvision.nl\\\/fr\\\/#\\\/schema\\\/logo\\\/image\\\/\",\"url\":\"https:\\\/\\\/trendsandvision.nl\\\/fr\\\/wp-content\\\/uploads\\\/sites\\\/4\\\/2022\\\/10\\\/trends-and-vision-logo.jpg\",\"contentUrl\":\"https:\\\/\\\/trendsandvision.nl\\\/fr\\\/wp-content\\\/uploads\\\/sites\\\/4\\\/2022\\\/10\\\/trends-and-vision-logo.jpg\",\"width\":213,\"height\":100,\"caption\":\"Trends &amp; Vision (FR)\"},\"image\":{\"@id\":\"https:\\\/\\\/trendsandvision.nl\\\/fr\\\/#\\\/schema\\\/logo\\\/image\\\/\"}}]}<\/script>\n<!-- \/ Yoast SEO Premium plugin. -->","yoast_head_json":{"title":"Esschert Design Rateau \u00e0 feuilles PM","description":"Esschert Design Rateau \u00e0 feuilles PM - Ce petit r\u00e2teau \u00e0 feuilles est con\u00e7u pour ratisser une petite surface et \u00e9vacuer des feuilles mortes et autres: 12 x 4,2 x 37 cm","robots":{"index":"index","follow":"follow","max-snippet":"max-snippet:-1","max-image-preview":"max-image-preview:large","max-video-preview":"max-video-preview:-1"},"canonical":"https:\/\/trendsandvision.nl\/fr\/product\/esschert-design-rateau-a-feuilles-pm\/","og_locale":"fr_FR","og_type":"article","og_title":"Esschert Design Rateau \u00e0 feuilles PM","og_description":"Esschert Design Rateau \u00e0 feuilles PM - Ce petit r\u00e2teau \u00e0 feuilles est con\u00e7u pour ratisser une petite surface et \u00e9vacuer des feuilles mortes et autres: 12 x 4,2 x 37 cm","og_url":"https:\/\/trendsandvision.nl\/fr\/product\/esschert-design-rateau-a-feuilles-pm\/","og_site_name":"Trends &amp; Vision (FR)","article_modified_time":"2026-04-07T10:15:36+00:00","og_image":[{"width":800,"height":800,"url":"https:\/\/trendsandvision.nl\/fr\/wp-content\/uploads\/sites\/4\/2022\/10\/GT75_01.jpg","type":"image\/jpeg"}],"twitter_card":"summary_large_image","schema":{"@context":"https:\/\/schema.org","@graph":[{"@type":"WebPage","@id":"https:\/\/trendsandvision.nl\/fr\/product\/esschert-design-rateau-a-feuilles-pm\/","url":"https:\/\/trendsandvision.nl\/fr\/product\/esschert-design-rateau-a-feuilles-pm\/","name":"Esschert Design Rateau \u00e0 feuilles PM","isPartOf":{"@id":"https:\/\/trendsandvision.nl\/fr\/#website"},"primaryImageOfPage":{"@id":"https:\/\/trendsandvision.nl\/fr\/product\/esschert-design-rateau-a-feuilles-pm\/#primaryimage"},"image":{"@id":"https:\/\/trendsandvision.nl\/fr\/product\/esschert-design-rateau-a-feuilles-pm\/#primaryimage"},"thumbnailUrl":"https:\/\/trendsandvision.nl\/fr\/wp-content\/uploads\/sites\/4\/2022\/10\/GT75_01.jpg","datePublished":"2022-10-13T13:26:56+00:00","dateModified":"2026-04-07T10:15:36+00:00","description":"Esschert Design Rateau \u00e0 feuilles PM - Ce petit r\u00e2teau \u00e0 feuilles est con\u00e7u pour ratisser une petite surface et \u00e9vacuer des feuilles mortes et autres: 12 x 4,2 x 37 cm","breadcrumb":{"@id":"https:\/\/trendsandvision.nl\/fr\/product\/esschert-design-rateau-a-feuilles-pm\/#breadcrumb"},"inLanguage":"fr-FR","potentialAction":[{"@type":"ReadAction","target":["https:\/\/trendsandvision.nl\/fr\/product\/esschert-design-rateau-a-feuilles-pm\/"]}]},{"@type":"ImageObject","inLanguage":"fr-FR","@id":"https:\/\/trendsandvision.nl\/fr\/product\/esschert-design-rateau-a-feuilles-pm\/#primaryimage","url":"https:\/\/trendsandvision.nl\/fr\/wp-content\/uploads\/sites\/4\/2022\/10\/GT75_01.jpg","contentUrl":"https:\/\/trendsandvision.nl\/fr\/wp-content\/uploads\/sites\/4\/2022\/10\/GT75_01.jpg","width":800,"height":800,"caption":"Esschert Design Rateau \u00e0 feuilles PM (8714982085130"},{"@type":"BreadcrumbList","@id":"https:\/\/trendsandvision.nl\/fr\/product\/esschert-design-rateau-a-feuilles-pm\/#breadcrumb","itemListElement":[{"@type":"ListItem","position":1,"name":"Home","item":"https:\/\/trendsandvision.nl\/fr\/"},{"@type":"ListItem","position":2,"name":"le magasin","item":"https:\/\/trendsandvision.nl\/fr\/le-magasin\/"},{"@type":"ListItem","position":3,"name":"Esschert Design Rateau \u00e0 feuilles PM"}]},{"@type":"WebSite","@id":"https:\/\/trendsandvision.nl\/fr\/#website","url":"https:\/\/trendsandvision.nl\/fr\/","name":"Trends &amp; Vision (FR)","description":"La boutique en ligne pour les articles Esschert Design","publisher":{"@id":"https:\/\/trendsandvision.nl\/fr\/#organization"},"potentialAction":[{"@type":"SearchAction","target":{"@type":"EntryPoint","urlTemplate":"https:\/\/trendsandvision.nl\/fr\/?s={search_term_string}"},"query-input":{"@type":"PropertyValueSpecification","valueRequired":true,"valueName":"search_term_string"}}],"inLanguage":"fr-FR"},{"@type":"Organization","@id":"https:\/\/trendsandvision.nl\/fr\/#organization","name":"Trends &amp; Vision (FR)","url":"https:\/\/trendsandvision.nl\/fr\/","logo":{"@type":"ImageObject","inLanguage":"fr-FR","@id":"https:\/\/trendsandvision.nl\/fr\/#\/schema\/logo\/image\/","url":"https:\/\/trendsandvision.nl\/fr\/wp-content\/uploads\/sites\/4\/2022\/10\/trends-and-vision-logo.jpg","contentUrl":"https:\/\/trendsandvision.nl\/fr\/wp-content\/uploads\/sites\/4\/2022\/10\/trends-and-vision-logo.jpg","width":213,"height":100,"caption":"Trends &amp; Vision (FR)"},"image":{"@id":"https:\/\/trendsandvision.nl\/fr\/#\/schema\/logo\/image\/"}}]}},"_links":{"self":[{"href":"https:\/\/trendsandvision.nl\/fr\/wp-json\/wp\/v2\/product\/4876","targetHints":{"allow":["GET"]}}],"collection":[{"href":"https:\/\/trendsandvision.nl\/fr\/wp-json\/wp\/v2\/product"}],"about":[{"href":"https:\/\/trendsandvision.nl\/fr\/wp-json\/wp\/v2\/types\/product"}],"wp:featuredmedia":[{"embeddable":true,"href":"https:\/\/trendsandvision.nl\/fr\/wp-json\/wp\/v2\/media\/4877"}],"wp:attachment":[{"href":"https:\/\/trendsandvision.nl\/fr\/wp-json\/wp\/v2\/media?parent=4876"}],"wp:term":[{"taxonomy":"product_brand","embeddable":true,"href":"https:\/\/trendsandvision.nl\/fr\/wp-json\/wp\/v2\/product_brand?post=4876"},{"taxonomy":"product_cat","embeddable":true,"href":"https:\/\/trendsandvision.nl\/fr\/wp-json\/wp\/v2\/product_cat?post=4876"},{"taxonomy":"product_tag","embeddable":true,"href":"https:\/\/trendsandvision.nl\/fr\/wp-json\/wp\/v2\/product_tag?post=4876"}],"curies":[{"name":"wp","href":"https:\/\/api.w.org\/{rel}","templated":true}]}}