{"id":4603,"date":"2022-10-13T15:19:47","date_gmt":"2022-10-13T13:19:47","guid":{"rendered":"https:\/\/trendsandvision.nl\/fr\/product\/esschert-design-coussin-de-jardin-toile-ciree\/"},"modified":"2025-06-04T11:12:41","modified_gmt":"2025-06-04T09:12:41","slug":"esschert-design-coussin-de-jardin-toile-ciree","status":"publish","type":"product","link":"https:\/\/trendsandvision.nl\/fr\/product\/esschert-design-coussin-de-jardin-toile-ciree\/","title":{"rendered":"Esschert Design Coussin de jardin toile cir\u00e9e"},"content":{"rendered":"<p>La toile cir\u00e9e est l&rsquo;un des plus anciens tissus au monde. Les origines des tissus cir\u00e9s remontent au XVe si\u00e8cle, lorsque les huiles et les graisses \u00e9taient utilis\u00e9es pour rendre la toile \u00e0 voile imperm\u00e9able et coupe-vent.<br \/>\nCette toile cir\u00e9e imperm\u00e9able \u00e9tait \u00e9galement utilis\u00e9e pour confectionner des v\u00eatements port\u00e9s par les marins et les p\u00eacheurs. Elle est devenue extr\u00eamement populaire pour sa durabilit\u00e9 et sa r\u00e9sistance. Ce coussin de jardin est un v\u00e9ritable incontournable pendant le jardinage et aide \u00e0 prot\u00e9ger les genoux contre le froid, les surfaces dures et l&rsquo;humidit\u00e9. Facile \u00e0 transporter gr\u00e2ce \u00e0 la poign\u00e9e.<\/p>\n<p>&#8211; r\u00e9sistant \u00e0 l&rsquo;eau<br \/>\n&#8211; solide et durable<br \/>\n&#8211; poign\u00e9e pratique<br \/>\n&#8211; facile \u00e0 ranger<br \/>\n&#8211; d\u00e9veloppe une belle patine avec le temps<\/p>\n","protected":false},"excerpt":{"rendered":"<p>La toile cir\u00e9e est l&rsquo;un des plus anciens tissus au monde. Les origines des tissus cir\u00e9s remontent au<\/p>\n","protected":false},"featured_media":4604,"template":"","meta":[],"product_brand":[7842,7843],"product_cat":[730],"product_tag":[],"class_list":{"0":"post-4603","1":"product","2":"type-product","3":"status-publish","4":"has-post-thumbnail","6":"product_brand-esschert-design","7":"product_brand-trends-vision","8":"product_cat-garden-tools","9":"pa_code-ean-2782","10":"pa_dimensions-248x42x50-cm","11":"pa_fabricant-esschert-design","12":"pa_materiel-coton-cire-75-coton-15-polyester-10-paraffine-mousse","14":"first","15":"outofstock","16":"sale","17":"taxable","18":"shipping-taxable","19":"purchasable","20":"product-type-simple","21":"czr-hentry"},"yoast_head":"<!-- This site is optimized with the Yoast SEO Premium plugin v26.4 (Yoast SEO v27.4) - https:\/\/yoast.com\/product\/yoast-seo-premium-wordpress\/ -->\n<title>Esschert Design Coussin de jardin toile cir\u00e9e<\/title>\n<meta name=\"description\" content=\"Esschert Design Coussin de jardin toile cir\u00e9e - La toile cir\u00e9e est l&#039;un des plus anciens tissus au monde. Les origines des tissus cir\u00e9s remontent au\" \/>\n<meta name=\"robots\" content=\"index, follow, max-snippet:-1, max-image-preview:large, max-video-preview:-1\" \/>\n<link rel=\"canonical\" href=\"https:\/\/trendsandvision.nl\/fr\/product\/esschert-design-coussin-de-jardin-toile-ciree\/\" \/>\n<meta property=\"og:locale\" content=\"fr_FR\" \/>\n<meta property=\"og:type\" content=\"article\" \/>\n<meta property=\"og:title\" content=\"Esschert Design Coussin de jardin toile cir\u00e9e\" \/>\n<meta property=\"og:description\" content=\"Esschert Design Coussin de jardin toile cir\u00e9e - La toile cir\u00e9e est l&#039;un des plus anciens tissus au monde. Les origines des tissus cir\u00e9s remontent au\" \/>\n<meta property=\"og:url\" content=\"https:\/\/trendsandvision.nl\/fr\/product\/esschert-design-coussin-de-jardin-toile-ciree\/\" \/>\n<meta property=\"og:site_name\" content=\"Trends &amp; Vision (FR)\" \/>\n<meta property=\"article:modified_time\" content=\"2025-06-04T09:12:41+00:00\" \/>\n<meta property=\"og:image\" content=\"https:\/\/trendsandvision.nl\/fr\/wp-content\/uploads\/sites\/4\/2022\/10\/GT206_01.jpg\" \/>\n\t<meta property=\"og:image:width\" content=\"800\" \/>\n\t<meta property=\"og:image:height\" content=\"800\" \/>\n\t<meta property=\"og:image:type\" content=\"image\/jpeg\" \/>\n<meta name=\"twitter:card\" content=\"summary_large_image\" \/>\n<meta name=\"twitter:label1\" content=\"Dur\u00e9e de lecture estim\u00e9e\" \/>\n\t<meta name=\"twitter:data1\" content=\"1 minute\" \/>\n<script type=\"application\/ld+json\" class=\"yoast-schema-graph\">{\"@context\":\"https:\\\/\\\/schema.org\",\"@graph\":[{\"@type\":\"WebPage\",\"@id\":\"https:\\\/\\\/trendsandvision.nl\\\/fr\\\/product\\\/esschert-design-coussin-de-jardin-toile-ciree\\\/\",\"url\":\"https:\\\/\\\/trendsandvision.nl\\\/fr\\\/product\\\/esschert-design-coussin-de-jardin-toile-ciree\\\/\",\"name\":\"Esschert Design Coussin de jardin toile cir\u00e9e\",\"isPartOf\":{\"@id\":\"https:\\\/\\\/trendsandvision.nl\\\/fr\\\/#website\"},\"primaryImageOfPage\":{\"@id\":\"https:\\\/\\\/trendsandvision.nl\\\/fr\\\/product\\\/esschert-design-coussin-de-jardin-toile-ciree\\\/#primaryimage\"},\"image\":{\"@id\":\"https:\\\/\\\/trendsandvision.nl\\\/fr\\\/product\\\/esschert-design-coussin-de-jardin-toile-ciree\\\/#primaryimage\"},\"thumbnailUrl\":\"https:\\\/\\\/trendsandvision.nl\\\/fr\\\/wp-content\\\/uploads\\\/sites\\\/4\\\/2022\\\/10\\\/GT206_01.jpg\",\"datePublished\":\"2022-10-13T13:19:47+00:00\",\"dateModified\":\"2025-06-04T09:12:41+00:00\",\"description\":\"Esschert Design Coussin de jardin toile cir\u00e9e - La toile cir\u00e9e est l'un des plus anciens tissus au monde. Les origines des tissus cir\u00e9s remontent au\",\"breadcrumb\":{\"@id\":\"https:\\\/\\\/trendsandvision.nl\\\/fr\\\/product\\\/esschert-design-coussin-de-jardin-toile-ciree\\\/#breadcrumb\"},\"inLanguage\":\"fr-FR\",\"potentialAction\":[{\"@type\":\"ReadAction\",\"target\":[\"https:\\\/\\\/trendsandvision.nl\\\/fr\\\/product\\\/esschert-design-coussin-de-jardin-toile-ciree\\\/\"]}]},{\"@type\":\"ImageObject\",\"inLanguage\":\"fr-FR\",\"@id\":\"https:\\\/\\\/trendsandvision.nl\\\/fr\\\/product\\\/esschert-design-coussin-de-jardin-toile-ciree\\\/#primaryimage\",\"url\":\"https:\\\/\\\/trendsandvision.nl\\\/fr\\\/wp-content\\\/uploads\\\/sites\\\/4\\\/2022\\\/10\\\/GT206_01.jpg\",\"contentUrl\":\"https:\\\/\\\/trendsandvision.nl\\\/fr\\\/wp-content\\\/uploads\\\/sites\\\/4\\\/2022\\\/10\\\/GT206_01.jpg\",\"width\":800,\"height\":800,\"caption\":\"Esschert Design Coussin de jardin toile cir\u00e9e (8714982174056\"},{\"@type\":\"BreadcrumbList\",\"@id\":\"https:\\\/\\\/trendsandvision.nl\\\/fr\\\/product\\\/esschert-design-coussin-de-jardin-toile-ciree\\\/#breadcrumb\",\"itemListElement\":[{\"@type\":\"ListItem\",\"position\":1,\"name\":\"Home\",\"item\":\"https:\\\/\\\/trendsandvision.nl\\\/fr\\\/\"},{\"@type\":\"ListItem\",\"position\":2,\"name\":\"le magasin\",\"item\":\"https:\\\/\\\/trendsandvision.nl\\\/fr\\\/le-magasin\\\/\"},{\"@type\":\"ListItem\",\"position\":3,\"name\":\"Esschert Design Coussin de jardin toile cir\u00e9e\"}]},{\"@type\":\"WebSite\",\"@id\":\"https:\\\/\\\/trendsandvision.nl\\\/fr\\\/#website\",\"url\":\"https:\\\/\\\/trendsandvision.nl\\\/fr\\\/\",\"name\":\"Trends &amp; Vision (FR)\",\"description\":\"La boutique en ligne pour les articles Esschert Design\",\"publisher\":{\"@id\":\"https:\\\/\\\/trendsandvision.nl\\\/fr\\\/#organization\"},\"potentialAction\":[{\"@type\":\"SearchAction\",\"target\":{\"@type\":\"EntryPoint\",\"urlTemplate\":\"https:\\\/\\\/trendsandvision.nl\\\/fr\\\/?s={search_term_string}\"},\"query-input\":{\"@type\":\"PropertyValueSpecification\",\"valueRequired\":true,\"valueName\":\"search_term_string\"}}],\"inLanguage\":\"fr-FR\"},{\"@type\":\"Organization\",\"@id\":\"https:\\\/\\\/trendsandvision.nl\\\/fr\\\/#organization\",\"name\":\"Trends &amp; Vision (FR)\",\"url\":\"https:\\\/\\\/trendsandvision.nl\\\/fr\\\/\",\"logo\":{\"@type\":\"ImageObject\",\"inLanguage\":\"fr-FR\",\"@id\":\"https:\\\/\\\/trendsandvision.nl\\\/fr\\\/#\\\/schema\\\/logo\\\/image\\\/\",\"url\":\"https:\\\/\\\/trendsandvision.nl\\\/fr\\\/wp-content\\\/uploads\\\/sites\\\/4\\\/2022\\\/10\\\/trends-and-vision-logo.jpg\",\"contentUrl\":\"https:\\\/\\\/trendsandvision.nl\\\/fr\\\/wp-content\\\/uploads\\\/sites\\\/4\\\/2022\\\/10\\\/trends-and-vision-logo.jpg\",\"width\":213,\"height\":100,\"caption\":\"Trends &amp; Vision (FR)\"},\"image\":{\"@id\":\"https:\\\/\\\/trendsandvision.nl\\\/fr\\\/#\\\/schema\\\/logo\\\/image\\\/\"}}]}<\/script>\n<!-- \/ Yoast SEO Premium plugin. -->","yoast_head_json":{"title":"Esschert Design Coussin de jardin toile cir\u00e9e","description":"Esschert Design Coussin de jardin toile cir\u00e9e - La toile cir\u00e9e est l'un des plus anciens tissus au monde. Les origines des tissus cir\u00e9s remontent au","robots":{"index":"index","follow":"follow","max-snippet":"max-snippet:-1","max-image-preview":"max-image-preview:large","max-video-preview":"max-video-preview:-1"},"canonical":"https:\/\/trendsandvision.nl\/fr\/product\/esschert-design-coussin-de-jardin-toile-ciree\/","og_locale":"fr_FR","og_type":"article","og_title":"Esschert Design Coussin de jardin toile cir\u00e9e","og_description":"Esschert Design Coussin de jardin toile cir\u00e9e - La toile cir\u00e9e est l'un des plus anciens tissus au monde. Les origines des tissus cir\u00e9s remontent au","og_url":"https:\/\/trendsandvision.nl\/fr\/product\/esschert-design-coussin-de-jardin-toile-ciree\/","og_site_name":"Trends &amp; Vision (FR)","article_modified_time":"2025-06-04T09:12:41+00:00","og_image":[{"width":800,"height":800,"url":"https:\/\/trendsandvision.nl\/fr\/wp-content\/uploads\/sites\/4\/2022\/10\/GT206_01.jpg","type":"image\/jpeg"}],"twitter_card":"summary_large_image","twitter_misc":{"Dur\u00e9e de lecture estim\u00e9e":"1 minute"},"schema":{"@context":"https:\/\/schema.org","@graph":[{"@type":"WebPage","@id":"https:\/\/trendsandvision.nl\/fr\/product\/esschert-design-coussin-de-jardin-toile-ciree\/","url":"https:\/\/trendsandvision.nl\/fr\/product\/esschert-design-coussin-de-jardin-toile-ciree\/","name":"Esschert Design Coussin de jardin toile cir\u00e9e","isPartOf":{"@id":"https:\/\/trendsandvision.nl\/fr\/#website"},"primaryImageOfPage":{"@id":"https:\/\/trendsandvision.nl\/fr\/product\/esschert-design-coussin-de-jardin-toile-ciree\/#primaryimage"},"image":{"@id":"https:\/\/trendsandvision.nl\/fr\/product\/esschert-design-coussin-de-jardin-toile-ciree\/#primaryimage"},"thumbnailUrl":"https:\/\/trendsandvision.nl\/fr\/wp-content\/uploads\/sites\/4\/2022\/10\/GT206_01.jpg","datePublished":"2022-10-13T13:19:47+00:00","dateModified":"2025-06-04T09:12:41+00:00","description":"Esschert Design Coussin de jardin toile cir\u00e9e - La toile cir\u00e9e est l'un des plus anciens tissus au monde. Les origines des tissus cir\u00e9s remontent au","breadcrumb":{"@id":"https:\/\/trendsandvision.nl\/fr\/product\/esschert-design-coussin-de-jardin-toile-ciree\/#breadcrumb"},"inLanguage":"fr-FR","potentialAction":[{"@type":"ReadAction","target":["https:\/\/trendsandvision.nl\/fr\/product\/esschert-design-coussin-de-jardin-toile-ciree\/"]}]},{"@type":"ImageObject","inLanguage":"fr-FR","@id":"https:\/\/trendsandvision.nl\/fr\/product\/esschert-design-coussin-de-jardin-toile-ciree\/#primaryimage","url":"https:\/\/trendsandvision.nl\/fr\/wp-content\/uploads\/sites\/4\/2022\/10\/GT206_01.jpg","contentUrl":"https:\/\/trendsandvision.nl\/fr\/wp-content\/uploads\/sites\/4\/2022\/10\/GT206_01.jpg","width":800,"height":800,"caption":"Esschert Design Coussin de jardin toile cir\u00e9e (8714982174056"},{"@type":"BreadcrumbList","@id":"https:\/\/trendsandvision.nl\/fr\/product\/esschert-design-coussin-de-jardin-toile-ciree\/#breadcrumb","itemListElement":[{"@type":"ListItem","position":1,"name":"Home","item":"https:\/\/trendsandvision.nl\/fr\/"},{"@type":"ListItem","position":2,"name":"le magasin","item":"https:\/\/trendsandvision.nl\/fr\/le-magasin\/"},{"@type":"ListItem","position":3,"name":"Esschert Design Coussin de jardin toile cir\u00e9e"}]},{"@type":"WebSite","@id":"https:\/\/trendsandvision.nl\/fr\/#website","url":"https:\/\/trendsandvision.nl\/fr\/","name":"Trends &amp; Vision (FR)","description":"La boutique en ligne pour les articles Esschert Design","publisher":{"@id":"https:\/\/trendsandvision.nl\/fr\/#organization"},"potentialAction":[{"@type":"SearchAction","target":{"@type":"EntryPoint","urlTemplate":"https:\/\/trendsandvision.nl\/fr\/?s={search_term_string}"},"query-input":{"@type":"PropertyValueSpecification","valueRequired":true,"valueName":"search_term_string"}}],"inLanguage":"fr-FR"},{"@type":"Organization","@id":"https:\/\/trendsandvision.nl\/fr\/#organization","name":"Trends &amp; Vision (FR)","url":"https:\/\/trendsandvision.nl\/fr\/","logo":{"@type":"ImageObject","inLanguage":"fr-FR","@id":"https:\/\/trendsandvision.nl\/fr\/#\/schema\/logo\/image\/","url":"https:\/\/trendsandvision.nl\/fr\/wp-content\/uploads\/sites\/4\/2022\/10\/trends-and-vision-logo.jpg","contentUrl":"https:\/\/trendsandvision.nl\/fr\/wp-content\/uploads\/sites\/4\/2022\/10\/trends-and-vision-logo.jpg","width":213,"height":100,"caption":"Trends &amp; Vision (FR)"},"image":{"@id":"https:\/\/trendsandvision.nl\/fr\/#\/schema\/logo\/image\/"}}]}},"_links":{"self":[{"href":"https:\/\/trendsandvision.nl\/fr\/wp-json\/wp\/v2\/product\/4603","targetHints":{"allow":["GET"]}}],"collection":[{"href":"https:\/\/trendsandvision.nl\/fr\/wp-json\/wp\/v2\/product"}],"about":[{"href":"https:\/\/trendsandvision.nl\/fr\/wp-json\/wp\/v2\/types\/product"}],"wp:featuredmedia":[{"embeddable":true,"href":"https:\/\/trendsandvision.nl\/fr\/wp-json\/wp\/v2\/media\/4604"}],"wp:attachment":[{"href":"https:\/\/trendsandvision.nl\/fr\/wp-json\/wp\/v2\/media?parent=4603"}],"wp:term":[{"taxonomy":"product_brand","embeddable":true,"href":"https:\/\/trendsandvision.nl\/fr\/wp-json\/wp\/v2\/product_brand?post=4603"},{"taxonomy":"product_cat","embeddable":true,"href":"https:\/\/trendsandvision.nl\/fr\/wp-json\/wp\/v2\/product_cat?post=4603"},{"taxonomy":"product_tag","embeddable":true,"href":"https:\/\/trendsandvision.nl\/fr\/wp-json\/wp\/v2\/product_tag?post=4603"}],"curies":[{"name":"wp","href":"https:\/\/api.w.org\/{rel}","templated":true}]}}