{"id":4114,"date":"2022-10-13T15:06:27","date_gmt":"2022-10-13T13:06:27","guid":{"rendered":"https:\/\/trendsandvision.nl\/fr\/product\/esschert-design-support-de-sechage-des-fleurs-et-des-herbes\/"},"modified":"2025-06-12T13:54:32","modified_gmt":"2025-06-12T11:54:32","slug":"esschert-design-support-de-sechage-des-fleurs-et-des-herbes","status":"publish","type":"product","link":"https:\/\/trendsandvision.nl\/fr\/product\/esschert-design-support-de-sechage-des-fleurs-et-des-herbes\/","title":{"rendered":"Esschert Design Support de s\u00e9chage des fleurs et des herbes"},"content":{"rendered":"<p>Une des premi\u00e8res m\u00e9thodes utilis\u00e9es pour profiter plus longtemps des fleurs et des herbes \u00e9tait la technique de s\u00e9chage. De nombreuses plantes conservent leur forme, leur couleur, leur ar\u00f4me et leur saveur lorsqu&rsquo;elles sont s\u00e9ch\u00e9es \u00e0 l&rsquo;air. S\u00e9chez les fleurs et herbes cueillies en les pla\u00e7ant sur le s\u00e9choir.<\/p>\n<p>&#8211; facile \u00e0 utiliser<br \/>\n&#8211; aspect naturel<br \/>\n&#8211; pliable<br \/>\n&#8211; les lames de s\u00e9chage peuvent \u00eatre retir\u00e9es<br \/>\n&#8211; jeu de 3 lames<br \/>\n&#8211; structure ouverte pour une bonne ventilation<\/p>\n","protected":false},"excerpt":{"rendered":"<p>Une des premi\u00e8res m\u00e9thodes utilis\u00e9es pour profiter plus longtemps des fleurs et des herbes \u00e9tait la<\/p>\n","protected":false},"featured_media":4115,"template":"","meta":[],"product_brand":[7842,7843],"product_cat":[484],"product_tag":[],"class_list":{"0":"post-4114","1":"product","2":"type-product","3":"status-publish","4":"has-post-thumbnail","6":"product_brand-esschert-design","7":"product_brand-trends-vision","8":"product_cat-esscherts-garden","9":"pa_code-ean-2465","10":"pa_dimensions-267x27x142-cm","11":"pa_fabricant-esschert-design","13":"first","14":"outofstock","15":"sale","16":"taxable","17":"shipping-taxable","18":"purchasable","19":"product-type-simple","20":"czr-hentry"},"yoast_head":"<!-- This site is optimized with the Yoast SEO Premium plugin v26.4 (Yoast SEO v27.3) - https:\/\/yoast.com\/product\/yoast-seo-premium-wordpress\/ -->\n<title>Esschert Design Support de s\u00e9chage des fleurs et des herbes<\/title>\n<meta name=\"description\" content=\"Esschert Design Support de s\u00e9chage des fleurs et des herbes - Une des premi\u00e8res m\u00e9thodes utilis\u00e9es pour profiter plus longtemps des fleurs et des herbes \u00e9tait la\" \/>\n<meta name=\"robots\" content=\"index, follow, max-snippet:-1, max-image-preview:large, max-video-preview:-1\" \/>\n<link rel=\"canonical\" href=\"https:\/\/trendsandvision.nl\/fr\/product\/esschert-design-support-de-sechage-des-fleurs-et-des-herbes\/\" \/>\n<meta property=\"og:locale\" content=\"fr_FR\" \/>\n<meta property=\"og:type\" content=\"article\" \/>\n<meta property=\"og:title\" content=\"Esschert Design Support de s\u00e9chage des fleurs et des herbes\" \/>\n<meta property=\"og:description\" content=\"Esschert Design Support de s\u00e9chage des fleurs et des herbes - Une des premi\u00e8res m\u00e9thodes utilis\u00e9es pour profiter plus longtemps des fleurs et des herbes \u00e9tait la\" \/>\n<meta property=\"og:url\" content=\"https:\/\/trendsandvision.nl\/fr\/product\/esschert-design-support-de-sechage-des-fleurs-et-des-herbes\/\" \/>\n<meta property=\"og:site_name\" content=\"Trends &amp; Vision (FR)\" \/>\n<meta property=\"article:modified_time\" content=\"2025-06-12T11:54:32+00:00\" \/>\n<meta property=\"og:image\" content=\"https:\/\/trendsandvision.nl\/fr\/wp-content\/uploads\/sites\/4\/2022\/10\/FH009_01.jpg\" \/>\n\t<meta property=\"og:image:width\" content=\"800\" \/>\n\t<meta property=\"og:image:height\" content=\"800\" \/>\n\t<meta property=\"og:image:type\" content=\"image\/jpeg\" \/>\n<meta name=\"twitter:card\" content=\"summary_large_image\" \/>\n<script type=\"application\/ld+json\" class=\"yoast-schema-graph\">{\"@context\":\"https:\\\/\\\/schema.org\",\"@graph\":[{\"@type\":\"WebPage\",\"@id\":\"https:\\\/\\\/trendsandvision.nl\\\/fr\\\/product\\\/esschert-design-support-de-sechage-des-fleurs-et-des-herbes\\\/\",\"url\":\"https:\\\/\\\/trendsandvision.nl\\\/fr\\\/product\\\/esschert-design-support-de-sechage-des-fleurs-et-des-herbes\\\/\",\"name\":\"Esschert Design Support de s\u00e9chage des fleurs et des herbes\",\"isPartOf\":{\"@id\":\"https:\\\/\\\/trendsandvision.nl\\\/fr\\\/#website\"},\"primaryImageOfPage\":{\"@id\":\"https:\\\/\\\/trendsandvision.nl\\\/fr\\\/product\\\/esschert-design-support-de-sechage-des-fleurs-et-des-herbes\\\/#primaryimage\"},\"image\":{\"@id\":\"https:\\\/\\\/trendsandvision.nl\\\/fr\\\/product\\\/esschert-design-support-de-sechage-des-fleurs-et-des-herbes\\\/#primaryimage\"},\"thumbnailUrl\":\"https:\\\/\\\/trendsandvision.nl\\\/fr\\\/wp-content\\\/uploads\\\/sites\\\/4\\\/2022\\\/10\\\/FH009_01.jpg\",\"datePublished\":\"2022-10-13T13:06:27+00:00\",\"dateModified\":\"2025-06-12T11:54:32+00:00\",\"description\":\"Esschert Design Support de s\u00e9chage des fleurs et des herbes - Une des premi\u00e8res m\u00e9thodes utilis\u00e9es pour profiter plus longtemps des fleurs et des herbes \u00e9tait la\",\"breadcrumb\":{\"@id\":\"https:\\\/\\\/trendsandvision.nl\\\/fr\\\/product\\\/esschert-design-support-de-sechage-des-fleurs-et-des-herbes\\\/#breadcrumb\"},\"inLanguage\":\"fr-FR\",\"potentialAction\":[{\"@type\":\"ReadAction\",\"target\":[\"https:\\\/\\\/trendsandvision.nl\\\/fr\\\/product\\\/esschert-design-support-de-sechage-des-fleurs-et-des-herbes\\\/\"]}]},{\"@type\":\"ImageObject\",\"inLanguage\":\"fr-FR\",\"@id\":\"https:\\\/\\\/trendsandvision.nl\\\/fr\\\/product\\\/esschert-design-support-de-sechage-des-fleurs-et-des-herbes\\\/#primaryimage\",\"url\":\"https:\\\/\\\/trendsandvision.nl\\\/fr\\\/wp-content\\\/uploads\\\/sites\\\/4\\\/2022\\\/10\\\/FH009_01.jpg\",\"contentUrl\":\"https:\\\/\\\/trendsandvision.nl\\\/fr\\\/wp-content\\\/uploads\\\/sites\\\/4\\\/2022\\\/10\\\/FH009_01.jpg\",\"width\":800,\"height\":800,\"caption\":\"Esschert Design Support de s\u00e9chage des fleurs et des herbes (8714982175596\"},{\"@type\":\"BreadcrumbList\",\"@id\":\"https:\\\/\\\/trendsandvision.nl\\\/fr\\\/product\\\/esschert-design-support-de-sechage-des-fleurs-et-des-herbes\\\/#breadcrumb\",\"itemListElement\":[{\"@type\":\"ListItem\",\"position\":1,\"name\":\"Home\",\"item\":\"https:\\\/\\\/trendsandvision.nl\\\/fr\\\/\"},{\"@type\":\"ListItem\",\"position\":2,\"name\":\"le magasin\",\"item\":\"https:\\\/\\\/trendsandvision.nl\\\/fr\\\/le-magasin\\\/\"},{\"@type\":\"ListItem\",\"position\":3,\"name\":\"Esschert Design Support de s\u00e9chage des fleurs et des herbes\"}]},{\"@type\":\"WebSite\",\"@id\":\"https:\\\/\\\/trendsandvision.nl\\\/fr\\\/#website\",\"url\":\"https:\\\/\\\/trendsandvision.nl\\\/fr\\\/\",\"name\":\"Trends &amp; Vision (FR)\",\"description\":\"La boutique en ligne pour les articles Esschert Design\",\"publisher\":{\"@id\":\"https:\\\/\\\/trendsandvision.nl\\\/fr\\\/#organization\"},\"potentialAction\":[{\"@type\":\"SearchAction\",\"target\":{\"@type\":\"EntryPoint\",\"urlTemplate\":\"https:\\\/\\\/trendsandvision.nl\\\/fr\\\/?s={search_term_string}\"},\"query-input\":{\"@type\":\"PropertyValueSpecification\",\"valueRequired\":true,\"valueName\":\"search_term_string\"}}],\"inLanguage\":\"fr-FR\"},{\"@type\":\"Organization\",\"@id\":\"https:\\\/\\\/trendsandvision.nl\\\/fr\\\/#organization\",\"name\":\"Trends &amp; Vision (FR)\",\"url\":\"https:\\\/\\\/trendsandvision.nl\\\/fr\\\/\",\"logo\":{\"@type\":\"ImageObject\",\"inLanguage\":\"fr-FR\",\"@id\":\"https:\\\/\\\/trendsandvision.nl\\\/fr\\\/#\\\/schema\\\/logo\\\/image\\\/\",\"url\":\"https:\\\/\\\/trendsandvision.nl\\\/fr\\\/wp-content\\\/uploads\\\/sites\\\/4\\\/2022\\\/10\\\/trends-and-vision-logo.jpg\",\"contentUrl\":\"https:\\\/\\\/trendsandvision.nl\\\/fr\\\/wp-content\\\/uploads\\\/sites\\\/4\\\/2022\\\/10\\\/trends-and-vision-logo.jpg\",\"width\":213,\"height\":100,\"caption\":\"Trends &amp; Vision (FR)\"},\"image\":{\"@id\":\"https:\\\/\\\/trendsandvision.nl\\\/fr\\\/#\\\/schema\\\/logo\\\/image\\\/\"}}]}<\/script>\n<!-- \/ Yoast SEO Premium plugin. -->","yoast_head_json":{"title":"Esschert Design Support de s\u00e9chage des fleurs et des herbes","description":"Esschert Design Support de s\u00e9chage des fleurs et des herbes - Une des premi\u00e8res m\u00e9thodes utilis\u00e9es pour profiter plus longtemps des fleurs et des herbes \u00e9tait la","robots":{"index":"index","follow":"follow","max-snippet":"max-snippet:-1","max-image-preview":"max-image-preview:large","max-video-preview":"max-video-preview:-1"},"canonical":"https:\/\/trendsandvision.nl\/fr\/product\/esschert-design-support-de-sechage-des-fleurs-et-des-herbes\/","og_locale":"fr_FR","og_type":"article","og_title":"Esschert Design Support de s\u00e9chage des fleurs et des herbes","og_description":"Esschert Design Support de s\u00e9chage des fleurs et des herbes - Une des premi\u00e8res m\u00e9thodes utilis\u00e9es pour profiter plus longtemps des fleurs et des herbes \u00e9tait la","og_url":"https:\/\/trendsandvision.nl\/fr\/product\/esschert-design-support-de-sechage-des-fleurs-et-des-herbes\/","og_site_name":"Trends &amp; Vision (FR)","article_modified_time":"2025-06-12T11:54:32+00:00","og_image":[{"width":800,"height":800,"url":"https:\/\/trendsandvision.nl\/fr\/wp-content\/uploads\/sites\/4\/2022\/10\/FH009_01.jpg","type":"image\/jpeg"}],"twitter_card":"summary_large_image","schema":{"@context":"https:\/\/schema.org","@graph":[{"@type":"WebPage","@id":"https:\/\/trendsandvision.nl\/fr\/product\/esschert-design-support-de-sechage-des-fleurs-et-des-herbes\/","url":"https:\/\/trendsandvision.nl\/fr\/product\/esschert-design-support-de-sechage-des-fleurs-et-des-herbes\/","name":"Esschert Design Support de s\u00e9chage des fleurs et des herbes","isPartOf":{"@id":"https:\/\/trendsandvision.nl\/fr\/#website"},"primaryImageOfPage":{"@id":"https:\/\/trendsandvision.nl\/fr\/product\/esschert-design-support-de-sechage-des-fleurs-et-des-herbes\/#primaryimage"},"image":{"@id":"https:\/\/trendsandvision.nl\/fr\/product\/esschert-design-support-de-sechage-des-fleurs-et-des-herbes\/#primaryimage"},"thumbnailUrl":"https:\/\/trendsandvision.nl\/fr\/wp-content\/uploads\/sites\/4\/2022\/10\/FH009_01.jpg","datePublished":"2022-10-13T13:06:27+00:00","dateModified":"2025-06-12T11:54:32+00:00","description":"Esschert Design Support de s\u00e9chage des fleurs et des herbes - Une des premi\u00e8res m\u00e9thodes utilis\u00e9es pour profiter plus longtemps des fleurs et des herbes \u00e9tait la","breadcrumb":{"@id":"https:\/\/trendsandvision.nl\/fr\/product\/esschert-design-support-de-sechage-des-fleurs-et-des-herbes\/#breadcrumb"},"inLanguage":"fr-FR","potentialAction":[{"@type":"ReadAction","target":["https:\/\/trendsandvision.nl\/fr\/product\/esschert-design-support-de-sechage-des-fleurs-et-des-herbes\/"]}]},{"@type":"ImageObject","inLanguage":"fr-FR","@id":"https:\/\/trendsandvision.nl\/fr\/product\/esschert-design-support-de-sechage-des-fleurs-et-des-herbes\/#primaryimage","url":"https:\/\/trendsandvision.nl\/fr\/wp-content\/uploads\/sites\/4\/2022\/10\/FH009_01.jpg","contentUrl":"https:\/\/trendsandvision.nl\/fr\/wp-content\/uploads\/sites\/4\/2022\/10\/FH009_01.jpg","width":800,"height":800,"caption":"Esschert Design Support de s\u00e9chage des fleurs et des herbes (8714982175596"},{"@type":"BreadcrumbList","@id":"https:\/\/trendsandvision.nl\/fr\/product\/esschert-design-support-de-sechage-des-fleurs-et-des-herbes\/#breadcrumb","itemListElement":[{"@type":"ListItem","position":1,"name":"Home","item":"https:\/\/trendsandvision.nl\/fr\/"},{"@type":"ListItem","position":2,"name":"le magasin","item":"https:\/\/trendsandvision.nl\/fr\/le-magasin\/"},{"@type":"ListItem","position":3,"name":"Esschert Design Support de s\u00e9chage des fleurs et des herbes"}]},{"@type":"WebSite","@id":"https:\/\/trendsandvision.nl\/fr\/#website","url":"https:\/\/trendsandvision.nl\/fr\/","name":"Trends &amp; Vision (FR)","description":"La boutique en ligne pour les articles Esschert Design","publisher":{"@id":"https:\/\/trendsandvision.nl\/fr\/#organization"},"potentialAction":[{"@type":"SearchAction","target":{"@type":"EntryPoint","urlTemplate":"https:\/\/trendsandvision.nl\/fr\/?s={search_term_string}"},"query-input":{"@type":"PropertyValueSpecification","valueRequired":true,"valueName":"search_term_string"}}],"inLanguage":"fr-FR"},{"@type":"Organization","@id":"https:\/\/trendsandvision.nl\/fr\/#organization","name":"Trends &amp; Vision (FR)","url":"https:\/\/trendsandvision.nl\/fr\/","logo":{"@type":"ImageObject","inLanguage":"fr-FR","@id":"https:\/\/trendsandvision.nl\/fr\/#\/schema\/logo\/image\/","url":"https:\/\/trendsandvision.nl\/fr\/wp-content\/uploads\/sites\/4\/2022\/10\/trends-and-vision-logo.jpg","contentUrl":"https:\/\/trendsandvision.nl\/fr\/wp-content\/uploads\/sites\/4\/2022\/10\/trends-and-vision-logo.jpg","width":213,"height":100,"caption":"Trends &amp; Vision (FR)"},"image":{"@id":"https:\/\/trendsandvision.nl\/fr\/#\/schema\/logo\/image\/"}}]}},"_links":{"self":[{"href":"https:\/\/trendsandvision.nl\/fr\/wp-json\/wp\/v2\/product\/4114","targetHints":{"allow":["GET"]}}],"collection":[{"href":"https:\/\/trendsandvision.nl\/fr\/wp-json\/wp\/v2\/product"}],"about":[{"href":"https:\/\/trendsandvision.nl\/fr\/wp-json\/wp\/v2\/types\/product"}],"wp:featuredmedia":[{"embeddable":true,"href":"https:\/\/trendsandvision.nl\/fr\/wp-json\/wp\/v2\/media\/4115"}],"wp:attachment":[{"href":"https:\/\/trendsandvision.nl\/fr\/wp-json\/wp\/v2\/media?parent=4114"}],"wp:term":[{"taxonomy":"product_brand","embeddable":true,"href":"https:\/\/trendsandvision.nl\/fr\/wp-json\/wp\/v2\/product_brand?post=4114"},{"taxonomy":"product_cat","embeddable":true,"href":"https:\/\/trendsandvision.nl\/fr\/wp-json\/wp\/v2\/product_cat?post=4114"},{"taxonomy":"product_tag","embeddable":true,"href":"https:\/\/trendsandvision.nl\/fr\/wp-json\/wp\/v2\/product_tag?post=4114"}],"curies":[{"name":"wp","href":"https:\/\/api.w.org\/{rel}","templated":true}]}}