{"id":4096,"date":"2022-10-13T15:05:51","date_gmt":"2022-10-13T13:05:51","guid":{"rendered":"https:\/\/trendsandvision.nl\/fr\/product\/esschert-design-pince-pour-secher-fleurs-et-herbes\/"},"modified":"2026-04-07T12:11:15","modified_gmt":"2026-04-07T10:11:15","slug":"esschert-design-pince-pour-secher-fleurs-et-herbes","status":"publish","type":"product","link":"https:\/\/trendsandvision.nl\/fr\/product\/esschert-design-pince-pour-secher-fleurs-et-herbes\/","title":{"rendered":"Esschert Design Pince pour s\u00e9cher fleurs et herbes"},"content":{"rendered":"<p>Une des premi\u00e8res m\u00e9thodes utilis\u00e9es pour profiter plus longtemps des fleurs et des herbes \u00e9tait la technique de s\u00e9chage. De nombreuses plantes conservent leur forme, leur couleur, leur ar\u00f4me et leur saveur lorsqu&rsquo;elles sont s\u00e9ch\u00e9es \u00e0 l&rsquo;air. S\u00e9chez les fleurs et les herbes cueillies en les fixant. Aussi agr\u00e9able comme d\u00e9coration.<\/p>\n<p>&#8211; moyen facile de s\u00e9cher les fleurs et les herbes<br \/>\n&#8211; aspect naturel<br \/>\n&#8211; les fleurs sont faciles \u00e0 poser<\/p>\n","protected":false},"excerpt":{"rendered":"<p>Une des premi\u00e8res m\u00e9thodes utilis\u00e9es pour profiter plus longtemps des fleurs et des herbes \u00e9tait la<\/p>\n","protected":false},"featured_media":4097,"template":"","meta":[],"product_brand":[7842,7843],"product_cat":[484],"product_tag":[],"class_list":{"0":"post-4096","1":"product","2":"type-product","3":"status-publish","4":"has-post-thumbnail","6":"product_brand-esschert-design","7":"product_brand-trends-vision","8":"product_cat-esscherts-garden","9":"pa_code-ean-2452","10":"pa_dimensions-249x27x173-cm","11":"pa_fabricant-esschert-design","12":"pa_materiel-bois-de-pin-fer","14":"first","15":"instock","16":"sale","17":"taxable","18":"shipping-taxable","19":"purchasable","20":"product-type-simple","21":"czr-hentry"},"yoast_head":"<!-- This site is optimized with the Yoast SEO Premium plugin v26.4 (Yoast SEO v27.4) - https:\/\/yoast.com\/product\/yoast-seo-premium-wordpress\/ -->\n<title>Esschert Design Pince pour s\u00e9cher fleurs et herbes<\/title>\n<meta name=\"description\" content=\"Esschert Design Pince pour s\u00e9cher fleurs et herbes - Une des premi\u00e8res m\u00e9thodes utilis\u00e9es pour profiter plus longtemps des fleurs et des herbes \u00e9tait la\" \/>\n<meta name=\"robots\" content=\"index, follow, max-snippet:-1, max-image-preview:large, max-video-preview:-1\" \/>\n<link rel=\"canonical\" href=\"https:\/\/trendsandvision.nl\/fr\/product\/esschert-design-pince-pour-secher-fleurs-et-herbes\/\" \/>\n<meta property=\"og:locale\" content=\"fr_FR\" \/>\n<meta property=\"og:type\" content=\"article\" \/>\n<meta property=\"og:title\" content=\"Esschert Design Pince pour s\u00e9cher fleurs et herbes\" \/>\n<meta property=\"og:description\" content=\"Esschert Design Pince pour s\u00e9cher fleurs et herbes - Une des premi\u00e8res m\u00e9thodes utilis\u00e9es pour profiter plus longtemps des fleurs et des herbes \u00e9tait la\" \/>\n<meta property=\"og:url\" content=\"https:\/\/trendsandvision.nl\/fr\/product\/esschert-design-pince-pour-secher-fleurs-et-herbes\/\" \/>\n<meta property=\"og:site_name\" content=\"Trends &amp; Vision (FR)\" \/>\n<meta property=\"article:modified_time\" content=\"2026-04-07T10:11:15+00:00\" \/>\n<meta property=\"og:image\" content=\"https:\/\/trendsandvision.nl\/fr\/wp-content\/uploads\/sites\/4\/2022\/10\/FH004_01.jpg\" \/>\n\t<meta property=\"og:image:width\" content=\"800\" \/>\n\t<meta property=\"og:image:height\" content=\"800\" \/>\n\t<meta property=\"og:image:type\" content=\"image\/jpeg\" \/>\n<meta name=\"twitter:card\" content=\"summary_large_image\" \/>\n<script type=\"application\/ld+json\" class=\"yoast-schema-graph\">{\"@context\":\"https:\\\/\\\/schema.org\",\"@graph\":[{\"@type\":\"WebPage\",\"@id\":\"https:\\\/\\\/trendsandvision.nl\\\/fr\\\/product\\\/esschert-design-pince-pour-secher-fleurs-et-herbes\\\/\",\"url\":\"https:\\\/\\\/trendsandvision.nl\\\/fr\\\/product\\\/esschert-design-pince-pour-secher-fleurs-et-herbes\\\/\",\"name\":\"Esschert Design Pince pour s\u00e9cher fleurs et herbes\",\"isPartOf\":{\"@id\":\"https:\\\/\\\/trendsandvision.nl\\\/fr\\\/#website\"},\"primaryImageOfPage\":{\"@id\":\"https:\\\/\\\/trendsandvision.nl\\\/fr\\\/product\\\/esschert-design-pince-pour-secher-fleurs-et-herbes\\\/#primaryimage\"},\"image\":{\"@id\":\"https:\\\/\\\/trendsandvision.nl\\\/fr\\\/product\\\/esschert-design-pince-pour-secher-fleurs-et-herbes\\\/#primaryimage\"},\"thumbnailUrl\":\"https:\\\/\\\/trendsandvision.nl\\\/fr\\\/wp-content\\\/uploads\\\/sites\\\/4\\\/2022\\\/10\\\/FH004_01.jpg\",\"datePublished\":\"2022-10-13T13:05:51+00:00\",\"dateModified\":\"2026-04-07T10:11:15+00:00\",\"description\":\"Esschert Design Pince pour s\u00e9cher fleurs et herbes - Une des premi\u00e8res m\u00e9thodes utilis\u00e9es pour profiter plus longtemps des fleurs et des herbes \u00e9tait la\",\"breadcrumb\":{\"@id\":\"https:\\\/\\\/trendsandvision.nl\\\/fr\\\/product\\\/esschert-design-pince-pour-secher-fleurs-et-herbes\\\/#breadcrumb\"},\"inLanguage\":\"fr-FR\",\"potentialAction\":[{\"@type\":\"ReadAction\",\"target\":[\"https:\\\/\\\/trendsandvision.nl\\\/fr\\\/product\\\/esschert-design-pince-pour-secher-fleurs-et-herbes\\\/\"]}]},{\"@type\":\"ImageObject\",\"inLanguage\":\"fr-FR\",\"@id\":\"https:\\\/\\\/trendsandvision.nl\\\/fr\\\/product\\\/esschert-design-pince-pour-secher-fleurs-et-herbes\\\/#primaryimage\",\"url\":\"https:\\\/\\\/trendsandvision.nl\\\/fr\\\/wp-content\\\/uploads\\\/sites\\\/4\\\/2022\\\/10\\\/FH004_01.jpg\",\"contentUrl\":\"https:\\\/\\\/trendsandvision.nl\\\/fr\\\/wp-content\\\/uploads\\\/sites\\\/4\\\/2022\\\/10\\\/FH004_01.jpg\",\"width\":800,\"height\":800,\"caption\":\"Esschert Design Pince pour s\u00e9cher fleurs et herbes (8714982175541\"},{\"@type\":\"BreadcrumbList\",\"@id\":\"https:\\\/\\\/trendsandvision.nl\\\/fr\\\/product\\\/esschert-design-pince-pour-secher-fleurs-et-herbes\\\/#breadcrumb\",\"itemListElement\":[{\"@type\":\"ListItem\",\"position\":1,\"name\":\"Home\",\"item\":\"https:\\\/\\\/trendsandvision.nl\\\/fr\\\/\"},{\"@type\":\"ListItem\",\"position\":2,\"name\":\"le magasin\",\"item\":\"https:\\\/\\\/trendsandvision.nl\\\/fr\\\/le-magasin\\\/\"},{\"@type\":\"ListItem\",\"position\":3,\"name\":\"Esschert Design Pince pour s\u00e9cher fleurs et herbes\"}]},{\"@type\":\"WebSite\",\"@id\":\"https:\\\/\\\/trendsandvision.nl\\\/fr\\\/#website\",\"url\":\"https:\\\/\\\/trendsandvision.nl\\\/fr\\\/\",\"name\":\"Trends &amp; Vision (FR)\",\"description\":\"La boutique en ligne pour les articles Esschert Design\",\"publisher\":{\"@id\":\"https:\\\/\\\/trendsandvision.nl\\\/fr\\\/#organization\"},\"potentialAction\":[{\"@type\":\"SearchAction\",\"target\":{\"@type\":\"EntryPoint\",\"urlTemplate\":\"https:\\\/\\\/trendsandvision.nl\\\/fr\\\/?s={search_term_string}\"},\"query-input\":{\"@type\":\"PropertyValueSpecification\",\"valueRequired\":true,\"valueName\":\"search_term_string\"}}],\"inLanguage\":\"fr-FR\"},{\"@type\":\"Organization\",\"@id\":\"https:\\\/\\\/trendsandvision.nl\\\/fr\\\/#organization\",\"name\":\"Trends &amp; Vision (FR)\",\"url\":\"https:\\\/\\\/trendsandvision.nl\\\/fr\\\/\",\"logo\":{\"@type\":\"ImageObject\",\"inLanguage\":\"fr-FR\",\"@id\":\"https:\\\/\\\/trendsandvision.nl\\\/fr\\\/#\\\/schema\\\/logo\\\/image\\\/\",\"url\":\"https:\\\/\\\/trendsandvision.nl\\\/fr\\\/wp-content\\\/uploads\\\/sites\\\/4\\\/2022\\\/10\\\/trends-and-vision-logo.jpg\",\"contentUrl\":\"https:\\\/\\\/trendsandvision.nl\\\/fr\\\/wp-content\\\/uploads\\\/sites\\\/4\\\/2022\\\/10\\\/trends-and-vision-logo.jpg\",\"width\":213,\"height\":100,\"caption\":\"Trends &amp; Vision (FR)\"},\"image\":{\"@id\":\"https:\\\/\\\/trendsandvision.nl\\\/fr\\\/#\\\/schema\\\/logo\\\/image\\\/\"}}]}<\/script>\n<!-- \/ Yoast SEO Premium plugin. -->","yoast_head_json":{"title":"Esschert Design Pince pour s\u00e9cher fleurs et herbes","description":"Esschert Design Pince pour s\u00e9cher fleurs et herbes - Une des premi\u00e8res m\u00e9thodes utilis\u00e9es pour profiter plus longtemps des fleurs et des herbes \u00e9tait la","robots":{"index":"index","follow":"follow","max-snippet":"max-snippet:-1","max-image-preview":"max-image-preview:large","max-video-preview":"max-video-preview:-1"},"canonical":"https:\/\/trendsandvision.nl\/fr\/product\/esschert-design-pince-pour-secher-fleurs-et-herbes\/","og_locale":"fr_FR","og_type":"article","og_title":"Esschert Design Pince pour s\u00e9cher fleurs et herbes","og_description":"Esschert Design Pince pour s\u00e9cher fleurs et herbes - Une des premi\u00e8res m\u00e9thodes utilis\u00e9es pour profiter plus longtemps des fleurs et des herbes \u00e9tait la","og_url":"https:\/\/trendsandvision.nl\/fr\/product\/esschert-design-pince-pour-secher-fleurs-et-herbes\/","og_site_name":"Trends &amp; Vision (FR)","article_modified_time":"2026-04-07T10:11:15+00:00","og_image":[{"width":800,"height":800,"url":"https:\/\/trendsandvision.nl\/fr\/wp-content\/uploads\/sites\/4\/2022\/10\/FH004_01.jpg","type":"image\/jpeg"}],"twitter_card":"summary_large_image","schema":{"@context":"https:\/\/schema.org","@graph":[{"@type":"WebPage","@id":"https:\/\/trendsandvision.nl\/fr\/product\/esschert-design-pince-pour-secher-fleurs-et-herbes\/","url":"https:\/\/trendsandvision.nl\/fr\/product\/esschert-design-pince-pour-secher-fleurs-et-herbes\/","name":"Esschert Design Pince pour s\u00e9cher fleurs et herbes","isPartOf":{"@id":"https:\/\/trendsandvision.nl\/fr\/#website"},"primaryImageOfPage":{"@id":"https:\/\/trendsandvision.nl\/fr\/product\/esschert-design-pince-pour-secher-fleurs-et-herbes\/#primaryimage"},"image":{"@id":"https:\/\/trendsandvision.nl\/fr\/product\/esschert-design-pince-pour-secher-fleurs-et-herbes\/#primaryimage"},"thumbnailUrl":"https:\/\/trendsandvision.nl\/fr\/wp-content\/uploads\/sites\/4\/2022\/10\/FH004_01.jpg","datePublished":"2022-10-13T13:05:51+00:00","dateModified":"2026-04-07T10:11:15+00:00","description":"Esschert Design Pince pour s\u00e9cher fleurs et herbes - Une des premi\u00e8res m\u00e9thodes utilis\u00e9es pour profiter plus longtemps des fleurs et des herbes \u00e9tait la","breadcrumb":{"@id":"https:\/\/trendsandvision.nl\/fr\/product\/esschert-design-pince-pour-secher-fleurs-et-herbes\/#breadcrumb"},"inLanguage":"fr-FR","potentialAction":[{"@type":"ReadAction","target":["https:\/\/trendsandvision.nl\/fr\/product\/esschert-design-pince-pour-secher-fleurs-et-herbes\/"]}]},{"@type":"ImageObject","inLanguage":"fr-FR","@id":"https:\/\/trendsandvision.nl\/fr\/product\/esschert-design-pince-pour-secher-fleurs-et-herbes\/#primaryimage","url":"https:\/\/trendsandvision.nl\/fr\/wp-content\/uploads\/sites\/4\/2022\/10\/FH004_01.jpg","contentUrl":"https:\/\/trendsandvision.nl\/fr\/wp-content\/uploads\/sites\/4\/2022\/10\/FH004_01.jpg","width":800,"height":800,"caption":"Esschert Design Pince pour s\u00e9cher fleurs et herbes (8714982175541"},{"@type":"BreadcrumbList","@id":"https:\/\/trendsandvision.nl\/fr\/product\/esschert-design-pince-pour-secher-fleurs-et-herbes\/#breadcrumb","itemListElement":[{"@type":"ListItem","position":1,"name":"Home","item":"https:\/\/trendsandvision.nl\/fr\/"},{"@type":"ListItem","position":2,"name":"le magasin","item":"https:\/\/trendsandvision.nl\/fr\/le-magasin\/"},{"@type":"ListItem","position":3,"name":"Esschert Design Pince pour s\u00e9cher fleurs et herbes"}]},{"@type":"WebSite","@id":"https:\/\/trendsandvision.nl\/fr\/#website","url":"https:\/\/trendsandvision.nl\/fr\/","name":"Trends &amp; Vision (FR)","description":"La boutique en ligne pour les articles Esschert Design","publisher":{"@id":"https:\/\/trendsandvision.nl\/fr\/#organization"},"potentialAction":[{"@type":"SearchAction","target":{"@type":"EntryPoint","urlTemplate":"https:\/\/trendsandvision.nl\/fr\/?s={search_term_string}"},"query-input":{"@type":"PropertyValueSpecification","valueRequired":true,"valueName":"search_term_string"}}],"inLanguage":"fr-FR"},{"@type":"Organization","@id":"https:\/\/trendsandvision.nl\/fr\/#organization","name":"Trends &amp; Vision (FR)","url":"https:\/\/trendsandvision.nl\/fr\/","logo":{"@type":"ImageObject","inLanguage":"fr-FR","@id":"https:\/\/trendsandvision.nl\/fr\/#\/schema\/logo\/image\/","url":"https:\/\/trendsandvision.nl\/fr\/wp-content\/uploads\/sites\/4\/2022\/10\/trends-and-vision-logo.jpg","contentUrl":"https:\/\/trendsandvision.nl\/fr\/wp-content\/uploads\/sites\/4\/2022\/10\/trends-and-vision-logo.jpg","width":213,"height":100,"caption":"Trends &amp; Vision (FR)"},"image":{"@id":"https:\/\/trendsandvision.nl\/fr\/#\/schema\/logo\/image\/"}}]}},"_links":{"self":[{"href":"https:\/\/trendsandvision.nl\/fr\/wp-json\/wp\/v2\/product\/4096","targetHints":{"allow":["GET"]}}],"collection":[{"href":"https:\/\/trendsandvision.nl\/fr\/wp-json\/wp\/v2\/product"}],"about":[{"href":"https:\/\/trendsandvision.nl\/fr\/wp-json\/wp\/v2\/types\/product"}],"wp:featuredmedia":[{"embeddable":true,"href":"https:\/\/trendsandvision.nl\/fr\/wp-json\/wp\/v2\/media\/4097"}],"wp:attachment":[{"href":"https:\/\/trendsandvision.nl\/fr\/wp-json\/wp\/v2\/media?parent=4096"}],"wp:term":[{"taxonomy":"product_brand","embeddable":true,"href":"https:\/\/trendsandvision.nl\/fr\/wp-json\/wp\/v2\/product_brand?post=4096"},{"taxonomy":"product_cat","embeddable":true,"href":"https:\/\/trendsandvision.nl\/fr\/wp-json\/wp\/v2\/product_cat?post=4096"},{"taxonomy":"product_tag","embeddable":true,"href":"https:\/\/trendsandvision.nl\/fr\/wp-json\/wp\/v2\/product_tag?post=4096"}],"curies":[{"name":"wp","href":"https:\/\/api.w.org\/{rel}","templated":true}]}}