{"id":3301,"date":"2022-10-13T14:43:22","date_gmt":"2022-10-13T12:43:22","guid":{"rendered":"https:\/\/trendsandvision.nl\/fr\/product\/esschert-design-bain-doiseau-en-ceramique-avec-emballage-de-nourriture-dhiver\/"},"modified":"2026-02-05T00:36:12","modified_gmt":"2026-02-04T23:36:12","slug":"esschert-design-bain-doiseau-en-ceramique-avec-emballage-de-nourriture-dhiver","status":"publish","type":"product","link":"https:\/\/trendsandvision.nl\/fr\/product\/esschert-design-bain-doiseau-en-ceramique-avec-emballage-de-nourriture-dhiver\/","title":{"rendered":"Esschert Design Bain d&rsquo;oiseau en c\u00e9ramique avec emballage de nourriture d&rsquo;hiver"},"content":{"rendered":"<p>Gatez les oiseaux avec diverses friandises. Cet emballage de nourriture d&rsquo;hiver se compose d&rsquo;un bain d&rsquo;oiseaux en c\u00e9ramique qui peut \u00e9galement \u00eatre utilis\u00e9 comme  mangeoire, 1 filet d&rsquo;arachides rouges, 2 boules de graisse, 1 sac de graines \u00e0 saupoudrer et 1 figurine de graines compress\u00e9es coeur.<\/p>\n<p>&#8211; avec un bain d&rsquo;oiseaux en c\u00e9ramique<br \/>\n&#8211; diff\u00e9rents types de nourriture pour oiseaux<br \/>\n&#8211; convient \u00e0 diff\u00e9rents types d&rsquo;oiseaux<br \/>\n&#8211; riche en mati\u00e8res grasses et en \u00e9nergie suppl\u00e9mentaire<\/p>\n","protected":false},"excerpt":{"rendered":"<p>Gatez les oiseaux avec diverses friandises. Cet emballage de nourriture d&rsquo;hiver se compose d&rsquo;un bain<\/p>\n","protected":false},"featured_media":3302,"template":"","meta":[],"product_brand":[7842,7843],"product_cat":[1307],"product_tag":[],"class_list":{"0":"post-3301","1":"product","2":"type-product","3":"status-publish","4":"has-post-thumbnail","6":"product_brand-esschert-design","7":"product_brand-trends-vision","8":"product_cat-best-for-birds","9":"pa_code-ean-1966","10":"pa_dimensions-307x329x109-cm","11":"pa_fabricant-esschert-design","13":"first","14":"instock","15":"sale","16":"taxable","17":"shipping-taxable","18":"purchasable","19":"product-type-simple","20":"czr-hentry"},"yoast_head":"<!-- This site is optimized with the Yoast SEO Premium plugin v26.4 (Yoast SEO v27.3) - https:\/\/yoast.com\/product\/yoast-seo-premium-wordpress\/ -->\n<title>Esschert Design Bain d&#039;oiseau en c\u00e9ramique avec emballage de nourriture d&#039;hiver<\/title>\n<meta name=\"description\" content=\"Esschert Design Bain d&#039;oiseau en c\u00e9ramique avec emballage de nourriture d&#039;hiver - Gatez les oiseaux avec diverses friandises. Cet emballage de nourriture d&#039;hiver se compose d&#039;un bain\" \/>\n<meta name=\"robots\" content=\"index, follow, max-snippet:-1, max-image-preview:large, max-video-preview:-1\" \/>\n<link rel=\"canonical\" href=\"https:\/\/trendsandvision.nl\/fr\/product\/esschert-design-bain-doiseau-en-ceramique-avec-emballage-de-nourriture-dhiver\/\" \/>\n<meta property=\"og:locale\" content=\"fr_FR\" \/>\n<meta property=\"og:type\" content=\"article\" \/>\n<meta property=\"og:title\" content=\"Esschert Design Bain d&#039;oiseau en c\u00e9ramique avec emballage de nourriture d&#039;hiver\" \/>\n<meta property=\"og:description\" content=\"Esschert Design Bain d&#039;oiseau en c\u00e9ramique avec emballage de nourriture d&#039;hiver - Gatez les oiseaux avec diverses friandises. Cet emballage de nourriture d&#039;hiver se compose d&#039;un bain\" \/>\n<meta property=\"og:url\" content=\"https:\/\/trendsandvision.nl\/fr\/product\/esschert-design-bain-doiseau-en-ceramique-avec-emballage-de-nourriture-dhiver\/\" \/>\n<meta property=\"og:site_name\" content=\"Trends &amp; Vision (FR)\" \/>\n<meta property=\"article:modified_time\" content=\"2026-02-04T23:36:12+00:00\" \/>\n<meta property=\"og:image\" content=\"https:\/\/trendsandvision.nl\/fr\/wp-content\/uploads\/sites\/4\/2022\/10\/FB846_01.jpg\" \/>\n\t<meta property=\"og:image:width\" content=\"800\" \/>\n\t<meta property=\"og:image:height\" content=\"800\" \/>\n\t<meta property=\"og:image:type\" content=\"image\/jpeg\" \/>\n<meta name=\"twitter:card\" content=\"summary_large_image\" \/>\n<script type=\"application\/ld+json\" class=\"yoast-schema-graph\">{\"@context\":\"https:\\\/\\\/schema.org\",\"@graph\":[{\"@type\":\"WebPage\",\"@id\":\"https:\\\/\\\/trendsandvision.nl\\\/fr\\\/product\\\/esschert-design-bain-doiseau-en-ceramique-avec-emballage-de-nourriture-dhiver\\\/\",\"url\":\"https:\\\/\\\/trendsandvision.nl\\\/fr\\\/product\\\/esschert-design-bain-doiseau-en-ceramique-avec-emballage-de-nourriture-dhiver\\\/\",\"name\":\"Esschert Design Bain d'oiseau en c\u00e9ramique avec emballage de nourriture d'hiver\",\"isPartOf\":{\"@id\":\"https:\\\/\\\/trendsandvision.nl\\\/fr\\\/#website\"},\"primaryImageOfPage\":{\"@id\":\"https:\\\/\\\/trendsandvision.nl\\\/fr\\\/product\\\/esschert-design-bain-doiseau-en-ceramique-avec-emballage-de-nourriture-dhiver\\\/#primaryimage\"},\"image\":{\"@id\":\"https:\\\/\\\/trendsandvision.nl\\\/fr\\\/product\\\/esschert-design-bain-doiseau-en-ceramique-avec-emballage-de-nourriture-dhiver\\\/#primaryimage\"},\"thumbnailUrl\":\"https:\\\/\\\/trendsandvision.nl\\\/fr\\\/wp-content\\\/uploads\\\/sites\\\/4\\\/2022\\\/10\\\/FB846_01.jpg\",\"datePublished\":\"2022-10-13T12:43:22+00:00\",\"dateModified\":\"2026-02-04T23:36:12+00:00\",\"description\":\"Esschert Design Bain d'oiseau en c\u00e9ramique avec emballage de nourriture d'hiver - Gatez les oiseaux avec diverses friandises. Cet emballage de nourriture d'hiver se compose d'un bain\",\"breadcrumb\":{\"@id\":\"https:\\\/\\\/trendsandvision.nl\\\/fr\\\/product\\\/esschert-design-bain-doiseau-en-ceramique-avec-emballage-de-nourriture-dhiver\\\/#breadcrumb\"},\"inLanguage\":\"fr-FR\",\"potentialAction\":[{\"@type\":\"ReadAction\",\"target\":[\"https:\\\/\\\/trendsandvision.nl\\\/fr\\\/product\\\/esschert-design-bain-doiseau-en-ceramique-avec-emballage-de-nourriture-dhiver\\\/\"]}]},{\"@type\":\"ImageObject\",\"inLanguage\":\"fr-FR\",\"@id\":\"https:\\\/\\\/trendsandvision.nl\\\/fr\\\/product\\\/esschert-design-bain-doiseau-en-ceramique-avec-emballage-de-nourriture-dhiver\\\/#primaryimage\",\"url\":\"https:\\\/\\\/trendsandvision.nl\\\/fr\\\/wp-content\\\/uploads\\\/sites\\\/4\\\/2022\\\/10\\\/FB846_01.jpg\",\"contentUrl\":\"https:\\\/\\\/trendsandvision.nl\\\/fr\\\/wp-content\\\/uploads\\\/sites\\\/4\\\/2022\\\/10\\\/FB846_01.jpg\",\"width\":800,\"height\":800,\"caption\":\"Esschert Design Bain d'oiseau en c\u00e9ramique avec emballage de nourriture d'hiver (8714982171918\"},{\"@type\":\"BreadcrumbList\",\"@id\":\"https:\\\/\\\/trendsandvision.nl\\\/fr\\\/product\\\/esschert-design-bain-doiseau-en-ceramique-avec-emballage-de-nourriture-dhiver\\\/#breadcrumb\",\"itemListElement\":[{\"@type\":\"ListItem\",\"position\":1,\"name\":\"Home\",\"item\":\"https:\\\/\\\/trendsandvision.nl\\\/fr\\\/\"},{\"@type\":\"ListItem\",\"position\":2,\"name\":\"le magasin\",\"item\":\"https:\\\/\\\/trendsandvision.nl\\\/fr\\\/le-magasin\\\/\"},{\"@type\":\"ListItem\",\"position\":3,\"name\":\"Esschert Design Bain d&rsquo;oiseau en c\u00e9ramique avec emballage de nourriture d&rsquo;hiver\"}]},{\"@type\":\"WebSite\",\"@id\":\"https:\\\/\\\/trendsandvision.nl\\\/fr\\\/#website\",\"url\":\"https:\\\/\\\/trendsandvision.nl\\\/fr\\\/\",\"name\":\"Trends &amp; Vision (FR)\",\"description\":\"La boutique en ligne pour les articles Esschert Design\",\"publisher\":{\"@id\":\"https:\\\/\\\/trendsandvision.nl\\\/fr\\\/#organization\"},\"potentialAction\":[{\"@type\":\"SearchAction\",\"target\":{\"@type\":\"EntryPoint\",\"urlTemplate\":\"https:\\\/\\\/trendsandvision.nl\\\/fr\\\/?s={search_term_string}\"},\"query-input\":{\"@type\":\"PropertyValueSpecification\",\"valueRequired\":true,\"valueName\":\"search_term_string\"}}],\"inLanguage\":\"fr-FR\"},{\"@type\":\"Organization\",\"@id\":\"https:\\\/\\\/trendsandvision.nl\\\/fr\\\/#organization\",\"name\":\"Trends &amp; Vision (FR)\",\"url\":\"https:\\\/\\\/trendsandvision.nl\\\/fr\\\/\",\"logo\":{\"@type\":\"ImageObject\",\"inLanguage\":\"fr-FR\",\"@id\":\"https:\\\/\\\/trendsandvision.nl\\\/fr\\\/#\\\/schema\\\/logo\\\/image\\\/\",\"url\":\"https:\\\/\\\/trendsandvision.nl\\\/fr\\\/wp-content\\\/uploads\\\/sites\\\/4\\\/2022\\\/10\\\/trends-and-vision-logo.jpg\",\"contentUrl\":\"https:\\\/\\\/trendsandvision.nl\\\/fr\\\/wp-content\\\/uploads\\\/sites\\\/4\\\/2022\\\/10\\\/trends-and-vision-logo.jpg\",\"width\":213,\"height\":100,\"caption\":\"Trends &amp; Vision (FR)\"},\"image\":{\"@id\":\"https:\\\/\\\/trendsandvision.nl\\\/fr\\\/#\\\/schema\\\/logo\\\/image\\\/\"}}]}<\/script>\n<!-- \/ Yoast SEO Premium plugin. -->","yoast_head_json":{"title":"Esschert Design Bain d'oiseau en c\u00e9ramique avec emballage de nourriture d'hiver","description":"Esschert Design Bain d'oiseau en c\u00e9ramique avec emballage de nourriture d'hiver - Gatez les oiseaux avec diverses friandises. Cet emballage de nourriture d'hiver se compose d'un bain","robots":{"index":"index","follow":"follow","max-snippet":"max-snippet:-1","max-image-preview":"max-image-preview:large","max-video-preview":"max-video-preview:-1"},"canonical":"https:\/\/trendsandvision.nl\/fr\/product\/esschert-design-bain-doiseau-en-ceramique-avec-emballage-de-nourriture-dhiver\/","og_locale":"fr_FR","og_type":"article","og_title":"Esschert Design Bain d'oiseau en c\u00e9ramique avec emballage de nourriture d'hiver","og_description":"Esschert Design Bain d'oiseau en c\u00e9ramique avec emballage de nourriture d'hiver - Gatez les oiseaux avec diverses friandises. Cet emballage de nourriture d'hiver se compose d'un bain","og_url":"https:\/\/trendsandvision.nl\/fr\/product\/esschert-design-bain-doiseau-en-ceramique-avec-emballage-de-nourriture-dhiver\/","og_site_name":"Trends &amp; Vision (FR)","article_modified_time":"2026-02-04T23:36:12+00:00","og_image":[{"width":800,"height":800,"url":"https:\/\/trendsandvision.nl\/fr\/wp-content\/uploads\/sites\/4\/2022\/10\/FB846_01.jpg","type":"image\/jpeg"}],"twitter_card":"summary_large_image","schema":{"@context":"https:\/\/schema.org","@graph":[{"@type":"WebPage","@id":"https:\/\/trendsandvision.nl\/fr\/product\/esschert-design-bain-doiseau-en-ceramique-avec-emballage-de-nourriture-dhiver\/","url":"https:\/\/trendsandvision.nl\/fr\/product\/esschert-design-bain-doiseau-en-ceramique-avec-emballage-de-nourriture-dhiver\/","name":"Esschert Design Bain d'oiseau en c\u00e9ramique avec emballage de nourriture d'hiver","isPartOf":{"@id":"https:\/\/trendsandvision.nl\/fr\/#website"},"primaryImageOfPage":{"@id":"https:\/\/trendsandvision.nl\/fr\/product\/esschert-design-bain-doiseau-en-ceramique-avec-emballage-de-nourriture-dhiver\/#primaryimage"},"image":{"@id":"https:\/\/trendsandvision.nl\/fr\/product\/esschert-design-bain-doiseau-en-ceramique-avec-emballage-de-nourriture-dhiver\/#primaryimage"},"thumbnailUrl":"https:\/\/trendsandvision.nl\/fr\/wp-content\/uploads\/sites\/4\/2022\/10\/FB846_01.jpg","datePublished":"2022-10-13T12:43:22+00:00","dateModified":"2026-02-04T23:36:12+00:00","description":"Esschert Design Bain d'oiseau en c\u00e9ramique avec emballage de nourriture d'hiver - Gatez les oiseaux avec diverses friandises. Cet emballage de nourriture d'hiver se compose d'un bain","breadcrumb":{"@id":"https:\/\/trendsandvision.nl\/fr\/product\/esschert-design-bain-doiseau-en-ceramique-avec-emballage-de-nourriture-dhiver\/#breadcrumb"},"inLanguage":"fr-FR","potentialAction":[{"@type":"ReadAction","target":["https:\/\/trendsandvision.nl\/fr\/product\/esschert-design-bain-doiseau-en-ceramique-avec-emballage-de-nourriture-dhiver\/"]}]},{"@type":"ImageObject","inLanguage":"fr-FR","@id":"https:\/\/trendsandvision.nl\/fr\/product\/esschert-design-bain-doiseau-en-ceramique-avec-emballage-de-nourriture-dhiver\/#primaryimage","url":"https:\/\/trendsandvision.nl\/fr\/wp-content\/uploads\/sites\/4\/2022\/10\/FB846_01.jpg","contentUrl":"https:\/\/trendsandvision.nl\/fr\/wp-content\/uploads\/sites\/4\/2022\/10\/FB846_01.jpg","width":800,"height":800,"caption":"Esschert Design Bain d'oiseau en c\u00e9ramique avec emballage de nourriture d'hiver (8714982171918"},{"@type":"BreadcrumbList","@id":"https:\/\/trendsandvision.nl\/fr\/product\/esschert-design-bain-doiseau-en-ceramique-avec-emballage-de-nourriture-dhiver\/#breadcrumb","itemListElement":[{"@type":"ListItem","position":1,"name":"Home","item":"https:\/\/trendsandvision.nl\/fr\/"},{"@type":"ListItem","position":2,"name":"le magasin","item":"https:\/\/trendsandvision.nl\/fr\/le-magasin\/"},{"@type":"ListItem","position":3,"name":"Esschert Design Bain d&rsquo;oiseau en c\u00e9ramique avec emballage de nourriture d&rsquo;hiver"}]},{"@type":"WebSite","@id":"https:\/\/trendsandvision.nl\/fr\/#website","url":"https:\/\/trendsandvision.nl\/fr\/","name":"Trends &amp; Vision (FR)","description":"La boutique en ligne pour les articles Esschert Design","publisher":{"@id":"https:\/\/trendsandvision.nl\/fr\/#organization"},"potentialAction":[{"@type":"SearchAction","target":{"@type":"EntryPoint","urlTemplate":"https:\/\/trendsandvision.nl\/fr\/?s={search_term_string}"},"query-input":{"@type":"PropertyValueSpecification","valueRequired":true,"valueName":"search_term_string"}}],"inLanguage":"fr-FR"},{"@type":"Organization","@id":"https:\/\/trendsandvision.nl\/fr\/#organization","name":"Trends &amp; Vision (FR)","url":"https:\/\/trendsandvision.nl\/fr\/","logo":{"@type":"ImageObject","inLanguage":"fr-FR","@id":"https:\/\/trendsandvision.nl\/fr\/#\/schema\/logo\/image\/","url":"https:\/\/trendsandvision.nl\/fr\/wp-content\/uploads\/sites\/4\/2022\/10\/trends-and-vision-logo.jpg","contentUrl":"https:\/\/trendsandvision.nl\/fr\/wp-content\/uploads\/sites\/4\/2022\/10\/trends-and-vision-logo.jpg","width":213,"height":100,"caption":"Trends &amp; Vision (FR)"},"image":{"@id":"https:\/\/trendsandvision.nl\/fr\/#\/schema\/logo\/image\/"}}]}},"_links":{"self":[{"href":"https:\/\/trendsandvision.nl\/fr\/wp-json\/wp\/v2\/product\/3301","targetHints":{"allow":["GET"]}}],"collection":[{"href":"https:\/\/trendsandvision.nl\/fr\/wp-json\/wp\/v2\/product"}],"about":[{"href":"https:\/\/trendsandvision.nl\/fr\/wp-json\/wp\/v2\/types\/product"}],"wp:featuredmedia":[{"embeddable":true,"href":"https:\/\/trendsandvision.nl\/fr\/wp-json\/wp\/v2\/media\/3302"}],"wp:attachment":[{"href":"https:\/\/trendsandvision.nl\/fr\/wp-json\/wp\/v2\/media?parent=3301"}],"wp:term":[{"taxonomy":"product_brand","embeddable":true,"href":"https:\/\/trendsandvision.nl\/fr\/wp-json\/wp\/v2\/product_brand?post=3301"},{"taxonomy":"product_cat","embeddable":true,"href":"https:\/\/trendsandvision.nl\/fr\/wp-json\/wp\/v2\/product_cat?post=3301"},{"taxonomy":"product_tag","embeddable":true,"href":"https:\/\/trendsandvision.nl\/fr\/wp-json\/wp\/v2\/product_tag?post=3301"}],"curies":[{"name":"wp","href":"https:\/\/api.w.org\/{rel}","templated":true}]}}