{"id":3255,"date":"2022-10-13T14:42:10","date_gmt":"2022-10-13T12:42:10","guid":{"rendered":"https:\/\/trendsandvision.nl\/fr\/product\/esschert-design-table-doiseaux-au-sol\/"},"modified":"2026-04-07T12:06:26","modified_gmt":"2026-04-07T10:06:26","slug":"esschert-design-table-doiseaux-au-sol","status":"publish","type":"product","link":"https:\/\/trendsandvision.nl\/fr\/product\/esschert-design-table-doiseaux-au-sol\/","title":{"rendered":"Esschert Design Table d&rsquo;oiseaux au sol"},"content":{"rendered":"<p>Cette table \u00e0 oiseaux peut \u00eatre utilis\u00e9e de deux mani\u00e8res. En d\u00e9pliant les pieds, la table \u00e0 oiseaux peut \u00eatre plac\u00e9e sur la pelouse et facilement d\u00e9plac\u00e9e. La table \u00e0 oiseaux peut \u00e9galement \u00eatre suspendue.<br \/>\nPlac\u00e9e au sol, la table \u00e0 oiseaux attire d&rsquo;autres oiseaux tels que le moineau domestique, le rouge-gorge, le merle, le moineau, le troglodyte et l&rsquo;\u00e9tourneau. Si la table \u00e0 oiseaux est suspendue, elle peut attirer des oiseaux tels que la m\u00e9sange charbonni\u00e8re, la m\u00e9sange bleue et la m\u00e9sange \u00e0 longue queue.<br \/>\nLe fond en filet assure un drainage optimal de l&rsquo;eau.<\/p>\n<p>&#8211; peut \u00eatre utilis\u00e9 au sol ou suspendu<br \/>\n&#8211; peut \u00eatre d\u00e9plac\u00e9 facilement<br \/>\n&#8211; facile \u00e0 nettoyer avec notre grattoir de table \u00e0 oiseaux  (FB529)<\/p>\n","protected":false},"excerpt":{"rendered":"<p>Cette table \u00e0 oiseaux peut \u00eatre utilis\u00e9e de deux mani\u00e8res. En d\u00e9pliant les pieds, la table \u00e0 oiseaux<\/p>\n","protected":false},"featured_media":3256,"template":"","meta":[],"product_brand":[7842,7843],"product_cat":[1307],"product_tag":[],"class_list":{"0":"post-3255","1":"product","2":"type-product","3":"status-publish","4":"has-post-thumbnail","6":"product_brand-esschert-design","7":"product_brand-trends-vision","8":"product_cat-best-for-birds","9":"pa_code-ean-1938","10":"pa_dimensions-352x276x79-cm","11":"pa_fabricant-esschert-design","12":"pa_materiel-bois-de-pin-fer","14":"first","15":"instock","16":"sale","17":"taxable","18":"shipping-taxable","19":"purchasable","20":"product-type-simple","21":"czr-hentry"},"yoast_head":"<!-- This site is optimized with the Yoast SEO Premium plugin v26.4 (Yoast SEO v27.4) - https:\/\/yoast.com\/product\/yoast-seo-premium-wordpress\/ -->\n<title>Esschert Design Table d&#039;oiseaux au sol<\/title>\n<meta name=\"description\" content=\"Esschert Design Table d&#039;oiseaux au sol - Cette table \u00e0 oiseaux peut \u00eatre utilis\u00e9e de deux mani\u00e8res. En d\u00e9pliant les pieds, la table \u00e0 oiseaux\" \/>\n<meta name=\"robots\" content=\"index, follow, max-snippet:-1, max-image-preview:large, max-video-preview:-1\" \/>\n<link rel=\"canonical\" href=\"https:\/\/trendsandvision.nl\/fr\/product\/esschert-design-table-doiseaux-au-sol\/\" \/>\n<meta property=\"og:locale\" content=\"fr_FR\" \/>\n<meta property=\"og:type\" content=\"article\" \/>\n<meta property=\"og:title\" content=\"Esschert Design Table d&#039;oiseaux au sol\" \/>\n<meta property=\"og:description\" content=\"Esschert Design Table d&#039;oiseaux au sol - Cette table \u00e0 oiseaux peut \u00eatre utilis\u00e9e de deux mani\u00e8res. En d\u00e9pliant les pieds, la table \u00e0 oiseaux\" \/>\n<meta property=\"og:url\" content=\"https:\/\/trendsandvision.nl\/fr\/product\/esschert-design-table-doiseaux-au-sol\/\" \/>\n<meta property=\"og:site_name\" content=\"Trends &amp; Vision (FR)\" \/>\n<meta property=\"article:modified_time\" content=\"2026-04-07T10:06:26+00:00\" \/>\n<meta property=\"og:image\" content=\"https:\/\/trendsandvision.nl\/fr\/wp-content\/uploads\/sites\/4\/2022\/10\/FB74_01.jpg\" \/>\n\t<meta property=\"og:image:width\" content=\"800\" \/>\n\t<meta property=\"og:image:height\" content=\"800\" \/>\n\t<meta property=\"og:image:type\" content=\"image\/jpeg\" \/>\n<meta name=\"twitter:card\" content=\"summary_large_image\" \/>\n<meta name=\"twitter:label1\" content=\"Dur\u00e9e de lecture estim\u00e9e\" \/>\n\t<meta name=\"twitter:data1\" content=\"1 minute\" \/>\n<script type=\"application\/ld+json\" class=\"yoast-schema-graph\">{\"@context\":\"https:\\\/\\\/schema.org\",\"@graph\":[{\"@type\":\"WebPage\",\"@id\":\"https:\\\/\\\/trendsandvision.nl\\\/fr\\\/product\\\/esschert-design-table-doiseaux-au-sol\\\/\",\"url\":\"https:\\\/\\\/trendsandvision.nl\\\/fr\\\/product\\\/esschert-design-table-doiseaux-au-sol\\\/\",\"name\":\"Esschert Design Table d'oiseaux au sol\",\"isPartOf\":{\"@id\":\"https:\\\/\\\/trendsandvision.nl\\\/fr\\\/#website\"},\"primaryImageOfPage\":{\"@id\":\"https:\\\/\\\/trendsandvision.nl\\\/fr\\\/product\\\/esschert-design-table-doiseaux-au-sol\\\/#primaryimage\"},\"image\":{\"@id\":\"https:\\\/\\\/trendsandvision.nl\\\/fr\\\/product\\\/esschert-design-table-doiseaux-au-sol\\\/#primaryimage\"},\"thumbnailUrl\":\"https:\\\/\\\/trendsandvision.nl\\\/fr\\\/wp-content\\\/uploads\\\/sites\\\/4\\\/2022\\\/10\\\/FB74_01.jpg\",\"datePublished\":\"2022-10-13T12:42:10+00:00\",\"dateModified\":\"2026-04-07T10:06:26+00:00\",\"description\":\"Esschert Design Table d'oiseaux au sol - Cette table \u00e0 oiseaux peut \u00eatre utilis\u00e9e de deux mani\u00e8res. En d\u00e9pliant les pieds, la table \u00e0 oiseaux\",\"breadcrumb\":{\"@id\":\"https:\\\/\\\/trendsandvision.nl\\\/fr\\\/product\\\/esschert-design-table-doiseaux-au-sol\\\/#breadcrumb\"},\"inLanguage\":\"fr-FR\",\"potentialAction\":[{\"@type\":\"ReadAction\",\"target\":[\"https:\\\/\\\/trendsandvision.nl\\\/fr\\\/product\\\/esschert-design-table-doiseaux-au-sol\\\/\"]}]},{\"@type\":\"ImageObject\",\"inLanguage\":\"fr-FR\",\"@id\":\"https:\\\/\\\/trendsandvision.nl\\\/fr\\\/product\\\/esschert-design-table-doiseaux-au-sol\\\/#primaryimage\",\"url\":\"https:\\\/\\\/trendsandvision.nl\\\/fr\\\/wp-content\\\/uploads\\\/sites\\\/4\\\/2022\\\/10\\\/FB74_01.jpg\",\"contentUrl\":\"https:\\\/\\\/trendsandvision.nl\\\/fr\\\/wp-content\\\/uploads\\\/sites\\\/4\\\/2022\\\/10\\\/FB74_01.jpg\",\"width\":800,\"height\":800,\"caption\":\"Esschert Design Table d'oiseaux au sol (8714982011108\"},{\"@type\":\"BreadcrumbList\",\"@id\":\"https:\\\/\\\/trendsandvision.nl\\\/fr\\\/product\\\/esschert-design-table-doiseaux-au-sol\\\/#breadcrumb\",\"itemListElement\":[{\"@type\":\"ListItem\",\"position\":1,\"name\":\"Home\",\"item\":\"https:\\\/\\\/trendsandvision.nl\\\/fr\\\/\"},{\"@type\":\"ListItem\",\"position\":2,\"name\":\"le magasin\",\"item\":\"https:\\\/\\\/trendsandvision.nl\\\/fr\\\/le-magasin\\\/\"},{\"@type\":\"ListItem\",\"position\":3,\"name\":\"Esschert Design Table d&rsquo;oiseaux au sol\"}]},{\"@type\":\"WebSite\",\"@id\":\"https:\\\/\\\/trendsandvision.nl\\\/fr\\\/#website\",\"url\":\"https:\\\/\\\/trendsandvision.nl\\\/fr\\\/\",\"name\":\"Trends &amp; Vision (FR)\",\"description\":\"La boutique en ligne pour les articles Esschert Design\",\"publisher\":{\"@id\":\"https:\\\/\\\/trendsandvision.nl\\\/fr\\\/#organization\"},\"potentialAction\":[{\"@type\":\"SearchAction\",\"target\":{\"@type\":\"EntryPoint\",\"urlTemplate\":\"https:\\\/\\\/trendsandvision.nl\\\/fr\\\/?s={search_term_string}\"},\"query-input\":{\"@type\":\"PropertyValueSpecification\",\"valueRequired\":true,\"valueName\":\"search_term_string\"}}],\"inLanguage\":\"fr-FR\"},{\"@type\":\"Organization\",\"@id\":\"https:\\\/\\\/trendsandvision.nl\\\/fr\\\/#organization\",\"name\":\"Trends &amp; Vision (FR)\",\"url\":\"https:\\\/\\\/trendsandvision.nl\\\/fr\\\/\",\"logo\":{\"@type\":\"ImageObject\",\"inLanguage\":\"fr-FR\",\"@id\":\"https:\\\/\\\/trendsandvision.nl\\\/fr\\\/#\\\/schema\\\/logo\\\/image\\\/\",\"url\":\"https:\\\/\\\/trendsandvision.nl\\\/fr\\\/wp-content\\\/uploads\\\/sites\\\/4\\\/2022\\\/10\\\/trends-and-vision-logo.jpg\",\"contentUrl\":\"https:\\\/\\\/trendsandvision.nl\\\/fr\\\/wp-content\\\/uploads\\\/sites\\\/4\\\/2022\\\/10\\\/trends-and-vision-logo.jpg\",\"width\":213,\"height\":100,\"caption\":\"Trends &amp; Vision (FR)\"},\"image\":{\"@id\":\"https:\\\/\\\/trendsandvision.nl\\\/fr\\\/#\\\/schema\\\/logo\\\/image\\\/\"}}]}<\/script>\n<!-- \/ Yoast SEO Premium plugin. -->","yoast_head_json":{"title":"Esschert Design Table d'oiseaux au sol","description":"Esschert Design Table d'oiseaux au sol - Cette table \u00e0 oiseaux peut \u00eatre utilis\u00e9e de deux mani\u00e8res. En d\u00e9pliant les pieds, la table \u00e0 oiseaux","robots":{"index":"index","follow":"follow","max-snippet":"max-snippet:-1","max-image-preview":"max-image-preview:large","max-video-preview":"max-video-preview:-1"},"canonical":"https:\/\/trendsandvision.nl\/fr\/product\/esschert-design-table-doiseaux-au-sol\/","og_locale":"fr_FR","og_type":"article","og_title":"Esschert Design Table d'oiseaux au sol","og_description":"Esschert Design Table d'oiseaux au sol - Cette table \u00e0 oiseaux peut \u00eatre utilis\u00e9e de deux mani\u00e8res. En d\u00e9pliant les pieds, la table \u00e0 oiseaux","og_url":"https:\/\/trendsandvision.nl\/fr\/product\/esschert-design-table-doiseaux-au-sol\/","og_site_name":"Trends &amp; Vision (FR)","article_modified_time":"2026-04-07T10:06:26+00:00","og_image":[{"width":800,"height":800,"url":"https:\/\/trendsandvision.nl\/fr\/wp-content\/uploads\/sites\/4\/2022\/10\/FB74_01.jpg","type":"image\/jpeg"}],"twitter_card":"summary_large_image","twitter_misc":{"Dur\u00e9e de lecture estim\u00e9e":"1 minute"},"schema":{"@context":"https:\/\/schema.org","@graph":[{"@type":"WebPage","@id":"https:\/\/trendsandvision.nl\/fr\/product\/esschert-design-table-doiseaux-au-sol\/","url":"https:\/\/trendsandvision.nl\/fr\/product\/esschert-design-table-doiseaux-au-sol\/","name":"Esschert Design Table d'oiseaux au sol","isPartOf":{"@id":"https:\/\/trendsandvision.nl\/fr\/#website"},"primaryImageOfPage":{"@id":"https:\/\/trendsandvision.nl\/fr\/product\/esschert-design-table-doiseaux-au-sol\/#primaryimage"},"image":{"@id":"https:\/\/trendsandvision.nl\/fr\/product\/esschert-design-table-doiseaux-au-sol\/#primaryimage"},"thumbnailUrl":"https:\/\/trendsandvision.nl\/fr\/wp-content\/uploads\/sites\/4\/2022\/10\/FB74_01.jpg","datePublished":"2022-10-13T12:42:10+00:00","dateModified":"2026-04-07T10:06:26+00:00","description":"Esschert Design Table d'oiseaux au sol - Cette table \u00e0 oiseaux peut \u00eatre utilis\u00e9e de deux mani\u00e8res. En d\u00e9pliant les pieds, la table \u00e0 oiseaux","breadcrumb":{"@id":"https:\/\/trendsandvision.nl\/fr\/product\/esschert-design-table-doiseaux-au-sol\/#breadcrumb"},"inLanguage":"fr-FR","potentialAction":[{"@type":"ReadAction","target":["https:\/\/trendsandvision.nl\/fr\/product\/esschert-design-table-doiseaux-au-sol\/"]}]},{"@type":"ImageObject","inLanguage":"fr-FR","@id":"https:\/\/trendsandvision.nl\/fr\/product\/esschert-design-table-doiseaux-au-sol\/#primaryimage","url":"https:\/\/trendsandvision.nl\/fr\/wp-content\/uploads\/sites\/4\/2022\/10\/FB74_01.jpg","contentUrl":"https:\/\/trendsandvision.nl\/fr\/wp-content\/uploads\/sites\/4\/2022\/10\/FB74_01.jpg","width":800,"height":800,"caption":"Esschert Design Table d'oiseaux au sol (8714982011108"},{"@type":"BreadcrumbList","@id":"https:\/\/trendsandvision.nl\/fr\/product\/esschert-design-table-doiseaux-au-sol\/#breadcrumb","itemListElement":[{"@type":"ListItem","position":1,"name":"Home","item":"https:\/\/trendsandvision.nl\/fr\/"},{"@type":"ListItem","position":2,"name":"le magasin","item":"https:\/\/trendsandvision.nl\/fr\/le-magasin\/"},{"@type":"ListItem","position":3,"name":"Esschert Design Table d&rsquo;oiseaux au sol"}]},{"@type":"WebSite","@id":"https:\/\/trendsandvision.nl\/fr\/#website","url":"https:\/\/trendsandvision.nl\/fr\/","name":"Trends &amp; Vision (FR)","description":"La boutique en ligne pour les articles Esschert Design","publisher":{"@id":"https:\/\/trendsandvision.nl\/fr\/#organization"},"potentialAction":[{"@type":"SearchAction","target":{"@type":"EntryPoint","urlTemplate":"https:\/\/trendsandvision.nl\/fr\/?s={search_term_string}"},"query-input":{"@type":"PropertyValueSpecification","valueRequired":true,"valueName":"search_term_string"}}],"inLanguage":"fr-FR"},{"@type":"Organization","@id":"https:\/\/trendsandvision.nl\/fr\/#organization","name":"Trends &amp; Vision (FR)","url":"https:\/\/trendsandvision.nl\/fr\/","logo":{"@type":"ImageObject","inLanguage":"fr-FR","@id":"https:\/\/trendsandvision.nl\/fr\/#\/schema\/logo\/image\/","url":"https:\/\/trendsandvision.nl\/fr\/wp-content\/uploads\/sites\/4\/2022\/10\/trends-and-vision-logo.jpg","contentUrl":"https:\/\/trendsandvision.nl\/fr\/wp-content\/uploads\/sites\/4\/2022\/10\/trends-and-vision-logo.jpg","width":213,"height":100,"caption":"Trends &amp; Vision (FR)"},"image":{"@id":"https:\/\/trendsandvision.nl\/fr\/#\/schema\/logo\/image\/"}}]}},"_links":{"self":[{"href":"https:\/\/trendsandvision.nl\/fr\/wp-json\/wp\/v2\/product\/3255","targetHints":{"allow":["GET"]}}],"collection":[{"href":"https:\/\/trendsandvision.nl\/fr\/wp-json\/wp\/v2\/product"}],"about":[{"href":"https:\/\/trendsandvision.nl\/fr\/wp-json\/wp\/v2\/types\/product"}],"wp:featuredmedia":[{"embeddable":true,"href":"https:\/\/trendsandvision.nl\/fr\/wp-json\/wp\/v2\/media\/3256"}],"wp:attachment":[{"href":"https:\/\/trendsandvision.nl\/fr\/wp-json\/wp\/v2\/media?parent=3255"}],"wp:term":[{"taxonomy":"product_brand","embeddable":true,"href":"https:\/\/trendsandvision.nl\/fr\/wp-json\/wp\/v2\/product_brand?post=3255"},{"taxonomy":"product_cat","embeddable":true,"href":"https:\/\/trendsandvision.nl\/fr\/wp-json\/wp\/v2\/product_cat?post=3255"},{"taxonomy":"product_tag","embeddable":true,"href":"https:\/\/trendsandvision.nl\/fr\/wp-json\/wp\/v2\/product_tag?post=3255"}],"curies":[{"name":"wp","href":"https:\/\/api.w.org\/{rel}","templated":true}]}}