{"id":2566,"date":"2022-10-13T14:24:37","date_gmt":"2022-10-13T12:24:37","guid":{"rendered":"https:\/\/trendsandvision.nl\/fr\/product\/esschert-design-villa-mangeoir-perche-assorti\/"},"modified":"2025-06-12T13:51:15","modified_gmt":"2025-06-12T11:51:15","slug":"esschert-design-villa-mangeoir-perche-assorti","status":"publish","type":"product","link":"https:\/\/trendsandvision.nl\/fr\/product\/esschert-design-villa-mangeoir-perche-assorti\/","title":{"rendered":"Esschert Design Villa Mangeoir perch\u00e9 assorti"},"content":{"rendered":"<p>Villa Mangeoir perch\u00e9 assorti. <\/p>\n<p> alimentation scandinave maison \/ villa dans des couleurs traditionnelles, avec un plateau au fond avec une boucle pour vetbol par exemple dans le filet. Avec la pointe ac\u00e9r\u00e9e \u00e0 la base du b\u00e2ton facilement transpercer la table d&rsquo;alimentation dans votre jardin. Ouvrir le toit partiellement ouvert afin que vous puissiez recharger l&rsquo;alimentation. Les dimensions sont: 117 x 17 x 17 cm <\/P>.<\/p>\n<p> Votre choix de couleur, de donner des \u00ab\u00a0commentaires sur mon ordre\u00bb: blanc (*) brun (*) beige (*) bleu (*) <\/p>\n<p> Cette villa se nourrissent en particulier la m\u00e9sange bleue, m\u00e9sange, la m\u00e9sange hupp\u00e9e et matkop sentir \u00e0 la maison. Conseils: au moins 1,8 m du sol et raccrocher au moins 10 m\u00e8tres de le m\u00eame genre de bo\u00eete de nid suspendu. Accrochez-lumi\u00e8re directe du soleil et de pr\u00e9f\u00e9rence sur le c\u00f4t\u00e9 nord d&rsquo;un arbre \u00e0 cause de la pluie. Hive \u00e0 l&rsquo;automne avec de l&rsquo;eau chaude et une brosse de nettoyage en raison de parasites possibles. <\/P><\/p>\n<p> (*) Par \u00ab\u00a0commentaires sur ma commande\u00a0\u00bb vous donne la couleur souhait\u00e9e, le prix est de chacune de ces nichoirs. <\/p>\n<p> Voir l&rsquo;annonce (s) de la conception Esschert \/ Tendances &amp; Vision:. ext\u00e9rieur, 2012 n \u00b0 1 <\/p>\n","protected":false},"excerpt":{"rendered":"<p>Villa Mangeoir perch\u00e9 assorti<\/p>\n","protected":false},"featured_media":2567,"template":"","meta":[],"product_brand":[7842,7843],"product_cat":[1307],"product_tag":[],"class_list":{"0":"post-2566","1":"product","2":"type-product","3":"status-publish","4":"has-post-thumbnail","6":"product_brand-esschert-design","7":"product_brand-trends-vision","8":"product_cat-best-for-birds","9":"pa_code-ean-1548","10":"pa_dimensions-117x17x17-cm","11":"pa_fabricant-esschert-design","12":"pa_materiel-fsc-certifie-bois-pin","14":"first","15":"instock","16":"sale","17":"taxable","18":"shipping-taxable","19":"purchasable","20":"product-type-simple","21":"czr-hentry"},"yoast_head":"<!-- This site is optimized with the Yoast SEO Premium plugin v26.4 (Yoast SEO v27.3) - https:\/\/yoast.com\/product\/yoast-seo-premium-wordpress\/ -->\n<title>Esschert Design Villa Mangeoir perch\u00e9 assorti<\/title>\n<meta name=\"description\" content=\"Esschert Design Villa Mangeoir perch\u00e9 assorti - Villa Mangeoir perch\u00e9 assorti\" \/>\n<meta name=\"robots\" content=\"index, follow, max-snippet:-1, max-image-preview:large, max-video-preview:-1\" \/>\n<link rel=\"canonical\" href=\"https:\/\/trendsandvision.nl\/fr\/product\/esschert-design-villa-mangeoir-perche-assorti\/\" \/>\n<meta property=\"og:locale\" content=\"fr_FR\" \/>\n<meta property=\"og:type\" content=\"article\" \/>\n<meta property=\"og:title\" content=\"Esschert Design Villa Mangeoir perch\u00e9 assorti\" \/>\n<meta property=\"og:description\" content=\"Esschert Design Villa Mangeoir perch\u00e9 assorti - Villa Mangeoir perch\u00e9 assorti\" \/>\n<meta property=\"og:url\" content=\"https:\/\/trendsandvision.nl\/fr\/product\/esschert-design-villa-mangeoir-perche-assorti\/\" \/>\n<meta property=\"og:site_name\" content=\"Trends &amp; Vision (FR)\" \/>\n<meta property=\"article:modified_time\" content=\"2025-06-12T11:51:15+00:00\" \/>\n<meta property=\"og:image\" content=\"https:\/\/trendsandvision.nl\/fr\/wp-content\/uploads\/sites\/4\/2022\/10\/FB186_01.jpg\" \/>\n\t<meta property=\"og:image:width\" content=\"800\" \/>\n\t<meta property=\"og:image:height\" content=\"800\" \/>\n\t<meta property=\"og:image:type\" content=\"image\/jpeg\" \/>\n<meta name=\"twitter:card\" content=\"summary_large_image\" \/>\n<meta name=\"twitter:label1\" content=\"Dur\u00e9e de lecture estim\u00e9e\" \/>\n\t<meta name=\"twitter:data1\" content=\"1 minute\" \/>\n<script type=\"application\/ld+json\" class=\"yoast-schema-graph\">{\"@context\":\"https:\\\/\\\/schema.org\",\"@graph\":[{\"@type\":\"WebPage\",\"@id\":\"https:\\\/\\\/trendsandvision.nl\\\/fr\\\/product\\\/esschert-design-villa-mangeoir-perche-assorti\\\/\",\"url\":\"https:\\\/\\\/trendsandvision.nl\\\/fr\\\/product\\\/esschert-design-villa-mangeoir-perche-assorti\\\/\",\"name\":\"Esschert Design Villa Mangeoir perch\u00e9 assorti\",\"isPartOf\":{\"@id\":\"https:\\\/\\\/trendsandvision.nl\\\/fr\\\/#website\"},\"primaryImageOfPage\":{\"@id\":\"https:\\\/\\\/trendsandvision.nl\\\/fr\\\/product\\\/esschert-design-villa-mangeoir-perche-assorti\\\/#primaryimage\"},\"image\":{\"@id\":\"https:\\\/\\\/trendsandvision.nl\\\/fr\\\/product\\\/esschert-design-villa-mangeoir-perche-assorti\\\/#primaryimage\"},\"thumbnailUrl\":\"https:\\\/\\\/trendsandvision.nl\\\/fr\\\/wp-content\\\/uploads\\\/sites\\\/4\\\/2022\\\/10\\\/FB186_01.jpg\",\"datePublished\":\"2022-10-13T12:24:37+00:00\",\"dateModified\":\"2025-06-12T11:51:15+00:00\",\"description\":\"Esschert Design Villa Mangeoir perch\u00e9 assorti - Villa Mangeoir perch\u00e9 assorti\",\"breadcrumb\":{\"@id\":\"https:\\\/\\\/trendsandvision.nl\\\/fr\\\/product\\\/esschert-design-villa-mangeoir-perche-assorti\\\/#breadcrumb\"},\"inLanguage\":\"fr-FR\",\"potentialAction\":[{\"@type\":\"ReadAction\",\"target\":[\"https:\\\/\\\/trendsandvision.nl\\\/fr\\\/product\\\/esschert-design-villa-mangeoir-perche-assorti\\\/\"]}]},{\"@type\":\"ImageObject\",\"inLanguage\":\"fr-FR\",\"@id\":\"https:\\\/\\\/trendsandvision.nl\\\/fr\\\/product\\\/esschert-design-villa-mangeoir-perche-assorti\\\/#primaryimage\",\"url\":\"https:\\\/\\\/trendsandvision.nl\\\/fr\\\/wp-content\\\/uploads\\\/sites\\\/4\\\/2022\\\/10\\\/FB186_01.jpg\",\"contentUrl\":\"https:\\\/\\\/trendsandvision.nl\\\/fr\\\/wp-content\\\/uploads\\\/sites\\\/4\\\/2022\\\/10\\\/FB186_01.jpg\",\"width\":800,\"height\":800,\"caption\":\"Esschert Design Villa Mangeoir perch\u00e9 assorti (8714982053207\"},{\"@type\":\"BreadcrumbList\",\"@id\":\"https:\\\/\\\/trendsandvision.nl\\\/fr\\\/product\\\/esschert-design-villa-mangeoir-perche-assorti\\\/#breadcrumb\",\"itemListElement\":[{\"@type\":\"ListItem\",\"position\":1,\"name\":\"Home\",\"item\":\"https:\\\/\\\/trendsandvision.nl\\\/fr\\\/\"},{\"@type\":\"ListItem\",\"position\":2,\"name\":\"le magasin\",\"item\":\"https:\\\/\\\/trendsandvision.nl\\\/fr\\\/le-magasin\\\/\"},{\"@type\":\"ListItem\",\"position\":3,\"name\":\"Esschert Design Villa Mangeoir perch\u00e9 assorti\"}]},{\"@type\":\"WebSite\",\"@id\":\"https:\\\/\\\/trendsandvision.nl\\\/fr\\\/#website\",\"url\":\"https:\\\/\\\/trendsandvision.nl\\\/fr\\\/\",\"name\":\"Trends &amp; Vision (FR)\",\"description\":\"La boutique en ligne pour les articles Esschert Design\",\"publisher\":{\"@id\":\"https:\\\/\\\/trendsandvision.nl\\\/fr\\\/#organization\"},\"potentialAction\":[{\"@type\":\"SearchAction\",\"target\":{\"@type\":\"EntryPoint\",\"urlTemplate\":\"https:\\\/\\\/trendsandvision.nl\\\/fr\\\/?s={search_term_string}\"},\"query-input\":{\"@type\":\"PropertyValueSpecification\",\"valueRequired\":true,\"valueName\":\"search_term_string\"}}],\"inLanguage\":\"fr-FR\"},{\"@type\":\"Organization\",\"@id\":\"https:\\\/\\\/trendsandvision.nl\\\/fr\\\/#organization\",\"name\":\"Trends &amp; Vision (FR)\",\"url\":\"https:\\\/\\\/trendsandvision.nl\\\/fr\\\/\",\"logo\":{\"@type\":\"ImageObject\",\"inLanguage\":\"fr-FR\",\"@id\":\"https:\\\/\\\/trendsandvision.nl\\\/fr\\\/#\\\/schema\\\/logo\\\/image\\\/\",\"url\":\"https:\\\/\\\/trendsandvision.nl\\\/fr\\\/wp-content\\\/uploads\\\/sites\\\/4\\\/2022\\\/10\\\/trends-and-vision-logo.jpg\",\"contentUrl\":\"https:\\\/\\\/trendsandvision.nl\\\/fr\\\/wp-content\\\/uploads\\\/sites\\\/4\\\/2022\\\/10\\\/trends-and-vision-logo.jpg\",\"width\":213,\"height\":100,\"caption\":\"Trends &amp; Vision (FR)\"},\"image\":{\"@id\":\"https:\\\/\\\/trendsandvision.nl\\\/fr\\\/#\\\/schema\\\/logo\\\/image\\\/\"}}]}<\/script>\n<!-- \/ Yoast SEO Premium plugin. -->","yoast_head_json":{"title":"Esschert Design Villa Mangeoir perch\u00e9 assorti","description":"Esschert Design Villa Mangeoir perch\u00e9 assorti - Villa Mangeoir perch\u00e9 assorti","robots":{"index":"index","follow":"follow","max-snippet":"max-snippet:-1","max-image-preview":"max-image-preview:large","max-video-preview":"max-video-preview:-1"},"canonical":"https:\/\/trendsandvision.nl\/fr\/product\/esschert-design-villa-mangeoir-perche-assorti\/","og_locale":"fr_FR","og_type":"article","og_title":"Esschert Design Villa Mangeoir perch\u00e9 assorti","og_description":"Esschert Design Villa Mangeoir perch\u00e9 assorti - Villa Mangeoir perch\u00e9 assorti","og_url":"https:\/\/trendsandvision.nl\/fr\/product\/esschert-design-villa-mangeoir-perche-assorti\/","og_site_name":"Trends &amp; Vision (FR)","article_modified_time":"2025-06-12T11:51:15+00:00","og_image":[{"width":800,"height":800,"url":"https:\/\/trendsandvision.nl\/fr\/wp-content\/uploads\/sites\/4\/2022\/10\/FB186_01.jpg","type":"image\/jpeg"}],"twitter_card":"summary_large_image","twitter_misc":{"Dur\u00e9e de lecture estim\u00e9e":"1 minute"},"schema":{"@context":"https:\/\/schema.org","@graph":[{"@type":"WebPage","@id":"https:\/\/trendsandvision.nl\/fr\/product\/esschert-design-villa-mangeoir-perche-assorti\/","url":"https:\/\/trendsandvision.nl\/fr\/product\/esschert-design-villa-mangeoir-perche-assorti\/","name":"Esschert Design Villa Mangeoir perch\u00e9 assorti","isPartOf":{"@id":"https:\/\/trendsandvision.nl\/fr\/#website"},"primaryImageOfPage":{"@id":"https:\/\/trendsandvision.nl\/fr\/product\/esschert-design-villa-mangeoir-perche-assorti\/#primaryimage"},"image":{"@id":"https:\/\/trendsandvision.nl\/fr\/product\/esschert-design-villa-mangeoir-perche-assorti\/#primaryimage"},"thumbnailUrl":"https:\/\/trendsandvision.nl\/fr\/wp-content\/uploads\/sites\/4\/2022\/10\/FB186_01.jpg","datePublished":"2022-10-13T12:24:37+00:00","dateModified":"2025-06-12T11:51:15+00:00","description":"Esschert Design Villa Mangeoir perch\u00e9 assorti - Villa Mangeoir perch\u00e9 assorti","breadcrumb":{"@id":"https:\/\/trendsandvision.nl\/fr\/product\/esschert-design-villa-mangeoir-perche-assorti\/#breadcrumb"},"inLanguage":"fr-FR","potentialAction":[{"@type":"ReadAction","target":["https:\/\/trendsandvision.nl\/fr\/product\/esschert-design-villa-mangeoir-perche-assorti\/"]}]},{"@type":"ImageObject","inLanguage":"fr-FR","@id":"https:\/\/trendsandvision.nl\/fr\/product\/esschert-design-villa-mangeoir-perche-assorti\/#primaryimage","url":"https:\/\/trendsandvision.nl\/fr\/wp-content\/uploads\/sites\/4\/2022\/10\/FB186_01.jpg","contentUrl":"https:\/\/trendsandvision.nl\/fr\/wp-content\/uploads\/sites\/4\/2022\/10\/FB186_01.jpg","width":800,"height":800,"caption":"Esschert Design Villa Mangeoir perch\u00e9 assorti (8714982053207"},{"@type":"BreadcrumbList","@id":"https:\/\/trendsandvision.nl\/fr\/product\/esschert-design-villa-mangeoir-perche-assorti\/#breadcrumb","itemListElement":[{"@type":"ListItem","position":1,"name":"Home","item":"https:\/\/trendsandvision.nl\/fr\/"},{"@type":"ListItem","position":2,"name":"le magasin","item":"https:\/\/trendsandvision.nl\/fr\/le-magasin\/"},{"@type":"ListItem","position":3,"name":"Esschert Design Villa Mangeoir perch\u00e9 assorti"}]},{"@type":"WebSite","@id":"https:\/\/trendsandvision.nl\/fr\/#website","url":"https:\/\/trendsandvision.nl\/fr\/","name":"Trends &amp; Vision (FR)","description":"La boutique en ligne pour les articles Esschert Design","publisher":{"@id":"https:\/\/trendsandvision.nl\/fr\/#organization"},"potentialAction":[{"@type":"SearchAction","target":{"@type":"EntryPoint","urlTemplate":"https:\/\/trendsandvision.nl\/fr\/?s={search_term_string}"},"query-input":{"@type":"PropertyValueSpecification","valueRequired":true,"valueName":"search_term_string"}}],"inLanguage":"fr-FR"},{"@type":"Organization","@id":"https:\/\/trendsandvision.nl\/fr\/#organization","name":"Trends &amp; Vision (FR)","url":"https:\/\/trendsandvision.nl\/fr\/","logo":{"@type":"ImageObject","inLanguage":"fr-FR","@id":"https:\/\/trendsandvision.nl\/fr\/#\/schema\/logo\/image\/","url":"https:\/\/trendsandvision.nl\/fr\/wp-content\/uploads\/sites\/4\/2022\/10\/trends-and-vision-logo.jpg","contentUrl":"https:\/\/trendsandvision.nl\/fr\/wp-content\/uploads\/sites\/4\/2022\/10\/trends-and-vision-logo.jpg","width":213,"height":100,"caption":"Trends &amp; Vision (FR)"},"image":{"@id":"https:\/\/trendsandvision.nl\/fr\/#\/schema\/logo\/image\/"}}]}},"_links":{"self":[{"href":"https:\/\/trendsandvision.nl\/fr\/wp-json\/wp\/v2\/product\/2566","targetHints":{"allow":["GET"]}}],"collection":[{"href":"https:\/\/trendsandvision.nl\/fr\/wp-json\/wp\/v2\/product"}],"about":[{"href":"https:\/\/trendsandvision.nl\/fr\/wp-json\/wp\/v2\/types\/product"}],"wp:featuredmedia":[{"embeddable":true,"href":"https:\/\/trendsandvision.nl\/fr\/wp-json\/wp\/v2\/media\/2567"}],"wp:attachment":[{"href":"https:\/\/trendsandvision.nl\/fr\/wp-json\/wp\/v2\/media?parent=2566"}],"wp:term":[{"taxonomy":"product_brand","embeddable":true,"href":"https:\/\/trendsandvision.nl\/fr\/wp-json\/wp\/v2\/product_brand?post=2566"},{"taxonomy":"product_cat","embeddable":true,"href":"https:\/\/trendsandvision.nl\/fr\/wp-json\/wp\/v2\/product_cat?post=2566"},{"taxonomy":"product_tag","embeddable":true,"href":"https:\/\/trendsandvision.nl\/fr\/wp-json\/wp\/v2\/product_tag?post=2566"}],"curies":[{"name":"wp","href":"https:\/\/api.w.org\/{rel}","templated":true}]}}