{"id":2298,"date":"2022-10-13T14:16:57","date_gmt":"2022-10-13T12:16:57","guid":{"rendered":"https:\/\/trendsandvision.nl\/fr\/product\/esschert-design-attrape-guepes-ruche-coloree-gm\/"},"modified":"2026-04-07T12:02:39","modified_gmt":"2026-04-07T10:02:39","slug":"esschert-design-attrape-guepes-ruche-coloree-gm","status":"publish","type":"product","link":"https:\/\/trendsandvision.nl\/fr\/product\/esschert-design-attrape-guepes-ruche-coloree-gm\/","title":{"rendered":"Esschert Design Attrape gu\u00e8pes Ruche color\u00e9e GM"},"content":{"rendered":"<p>Pour des repas sans insectes,attrape-gu\u00eapes en verre 4 couleurs assorties- bouchon &#8211; attache m\u00e9tal.<\/p>\n<p>Pour des repas sans insectes,attrape-gu&ecirc;pes en verre 4 couleurs-<\/p>\n<p>Avec ce pi&egrave;ge en verre color&eacute; de gu&ecirc;pe, vous pouvez prendre un grand nombre de gu&ecirc;pes ou les mouches des fruits. Il suffit de retirer le bouchon et ajoutez la limonade ou d&rsquo;eau sucr&eacute;e, de remplacer le li&egrave;ge et suspendre &agrave; une branche et regarder les abeilles aller et ne pas &ecirc;tre amor&ccedil;able &agrave; s&rsquo;&eacute;chapper.<\/p>\n<p>Assortiment de 4 couleurs diff&eacute;rentes: orange, bleu, vert ou rose. Le choix (le prix est par pi&egrave;ce) pr&eacute;ciser dans \u00ab\u00a0commentaires sur ma commande.\u00a0\u00bb<\/p>\n","protected":false},"excerpt":{"rendered":"<p>Pour des repas sans insectes,attrape-gu\u00eapes en verre 4 couleurs assorties- bouchon &#8211; attache m\u00e9tal.G<\/p>\n","protected":false},"featured_media":2299,"template":"","meta":[],"product_brand":[7842,7843],"product_cat":[484],"product_tag":[],"class_list":{"0":"post-2298","1":"product","2":"type-product","3":"status-publish","4":"has-post-thumbnail","6":"product_brand-esschert-design","7":"product_brand-trends-vision","8":"product_cat-esscherts-garden","9":"pa_code-ean-1415","10":"pa_dimensions-o-149x205-cm","11":"pa_fabricant-esschert-design","12":"pa_materiel-bouchon-attache-metal-g","14":"first","15":"instock","16":"sale","17":"taxable","18":"shipping-taxable","19":"purchasable","20":"product-type-simple","21":"czr-hentry"},"yoast_head":"<!-- This site is optimized with the Yoast SEO Premium plugin v26.4 (Yoast SEO v27.3) - https:\/\/yoast.com\/product\/yoast-seo-premium-wordpress\/ -->\n<title>Esschert Design Attrape gu\u00e8pes Ruche color\u00e9e GM<\/title>\n<meta name=\"description\" content=\"Esschert Design Attrape gu\u00e8pes Ruche color\u00e9e GM - Pour des repas sans insectes,attrape-gu\u00eapes en verre 4 couleurs assorties- bouchon - attache m\u00e9tal.G\" \/>\n<meta name=\"robots\" content=\"index, follow, max-snippet:-1, max-image-preview:large, max-video-preview:-1\" \/>\n<link rel=\"canonical\" href=\"https:\/\/trendsandvision.nl\/fr\/product\/esschert-design-attrape-guepes-ruche-coloree-gm\/\" \/>\n<meta property=\"og:locale\" content=\"fr_FR\" \/>\n<meta property=\"og:type\" content=\"article\" \/>\n<meta property=\"og:title\" content=\"Esschert Design Attrape gu\u00e8pes Ruche color\u00e9e GM\" \/>\n<meta property=\"og:description\" content=\"Esschert Design Attrape gu\u00e8pes Ruche color\u00e9e GM - Pour des repas sans insectes,attrape-gu\u00eapes en verre 4 couleurs assorties- bouchon - attache m\u00e9tal.G\" \/>\n<meta property=\"og:url\" content=\"https:\/\/trendsandvision.nl\/fr\/product\/esschert-design-attrape-guepes-ruche-coloree-gm\/\" \/>\n<meta property=\"og:site_name\" content=\"Trends &amp; Vision (FR)\" \/>\n<meta property=\"article:modified_time\" content=\"2026-04-07T10:02:39+00:00\" \/>\n<meta property=\"og:image\" content=\"https:\/\/trendsandvision.nl\/fr\/wp-content\/uploads\/sites\/4\/2022\/10\/EG06_01.jpg\" \/>\n\t<meta property=\"og:image:width\" content=\"800\" \/>\n\t<meta property=\"og:image:height\" content=\"800\" \/>\n\t<meta property=\"og:image:type\" content=\"image\/jpeg\" \/>\n<meta name=\"twitter:card\" content=\"summary_large_image\" \/>\n<meta name=\"twitter:label1\" content=\"Dur\u00e9e de lecture estim\u00e9e\" \/>\n\t<meta name=\"twitter:data1\" content=\"1 minute\" \/>\n<script type=\"application\/ld+json\" class=\"yoast-schema-graph\">{\"@context\":\"https:\\\/\\\/schema.org\",\"@graph\":[{\"@type\":\"WebPage\",\"@id\":\"https:\\\/\\\/trendsandvision.nl\\\/fr\\\/product\\\/esschert-design-attrape-guepes-ruche-coloree-gm\\\/\",\"url\":\"https:\\\/\\\/trendsandvision.nl\\\/fr\\\/product\\\/esschert-design-attrape-guepes-ruche-coloree-gm\\\/\",\"name\":\"Esschert Design Attrape gu\u00e8pes Ruche color\u00e9e GM\",\"isPartOf\":{\"@id\":\"https:\\\/\\\/trendsandvision.nl\\\/fr\\\/#website\"},\"primaryImageOfPage\":{\"@id\":\"https:\\\/\\\/trendsandvision.nl\\\/fr\\\/product\\\/esschert-design-attrape-guepes-ruche-coloree-gm\\\/#primaryimage\"},\"image\":{\"@id\":\"https:\\\/\\\/trendsandvision.nl\\\/fr\\\/product\\\/esschert-design-attrape-guepes-ruche-coloree-gm\\\/#primaryimage\"},\"thumbnailUrl\":\"https:\\\/\\\/trendsandvision.nl\\\/fr\\\/wp-content\\\/uploads\\\/sites\\\/4\\\/2022\\\/10\\\/EG06_01.jpg\",\"datePublished\":\"2022-10-13T12:16:57+00:00\",\"dateModified\":\"2026-04-07T10:02:39+00:00\",\"description\":\"Esschert Design Attrape gu\u00e8pes Ruche color\u00e9e GM - Pour des repas sans insectes,attrape-gu\u00eapes en verre 4 couleurs assorties- bouchon - attache m\u00e9tal.G\",\"breadcrumb\":{\"@id\":\"https:\\\/\\\/trendsandvision.nl\\\/fr\\\/product\\\/esschert-design-attrape-guepes-ruche-coloree-gm\\\/#breadcrumb\"},\"inLanguage\":\"fr-FR\",\"potentialAction\":[{\"@type\":\"ReadAction\",\"target\":[\"https:\\\/\\\/trendsandvision.nl\\\/fr\\\/product\\\/esschert-design-attrape-guepes-ruche-coloree-gm\\\/\"]}]},{\"@type\":\"ImageObject\",\"inLanguage\":\"fr-FR\",\"@id\":\"https:\\\/\\\/trendsandvision.nl\\\/fr\\\/product\\\/esschert-design-attrape-guepes-ruche-coloree-gm\\\/#primaryimage\",\"url\":\"https:\\\/\\\/trendsandvision.nl\\\/fr\\\/wp-content\\\/uploads\\\/sites\\\/4\\\/2022\\\/10\\\/EG06_01.jpg\",\"contentUrl\":\"https:\\\/\\\/trendsandvision.nl\\\/fr\\\/wp-content\\\/uploads\\\/sites\\\/4\\\/2022\\\/10\\\/EG06_01.jpg\",\"width\":800,\"height\":800,\"caption\":\"Esschert Design Attrape gu\u00e8pes Ruche color\u00e9e GM (8714982012778\"},{\"@type\":\"BreadcrumbList\",\"@id\":\"https:\\\/\\\/trendsandvision.nl\\\/fr\\\/product\\\/esschert-design-attrape-guepes-ruche-coloree-gm\\\/#breadcrumb\",\"itemListElement\":[{\"@type\":\"ListItem\",\"position\":1,\"name\":\"Home\",\"item\":\"https:\\\/\\\/trendsandvision.nl\\\/fr\\\/\"},{\"@type\":\"ListItem\",\"position\":2,\"name\":\"le magasin\",\"item\":\"https:\\\/\\\/trendsandvision.nl\\\/fr\\\/le-magasin\\\/\"},{\"@type\":\"ListItem\",\"position\":3,\"name\":\"Esschert Design Attrape gu\u00e8pes Ruche color\u00e9e GM\"}]},{\"@type\":\"WebSite\",\"@id\":\"https:\\\/\\\/trendsandvision.nl\\\/fr\\\/#website\",\"url\":\"https:\\\/\\\/trendsandvision.nl\\\/fr\\\/\",\"name\":\"Trends &amp; Vision (FR)\",\"description\":\"La boutique en ligne pour les articles Esschert Design\",\"publisher\":{\"@id\":\"https:\\\/\\\/trendsandvision.nl\\\/fr\\\/#organization\"},\"potentialAction\":[{\"@type\":\"SearchAction\",\"target\":{\"@type\":\"EntryPoint\",\"urlTemplate\":\"https:\\\/\\\/trendsandvision.nl\\\/fr\\\/?s={search_term_string}\"},\"query-input\":{\"@type\":\"PropertyValueSpecification\",\"valueRequired\":true,\"valueName\":\"search_term_string\"}}],\"inLanguage\":\"fr-FR\"},{\"@type\":\"Organization\",\"@id\":\"https:\\\/\\\/trendsandvision.nl\\\/fr\\\/#organization\",\"name\":\"Trends &amp; Vision (FR)\",\"url\":\"https:\\\/\\\/trendsandvision.nl\\\/fr\\\/\",\"logo\":{\"@type\":\"ImageObject\",\"inLanguage\":\"fr-FR\",\"@id\":\"https:\\\/\\\/trendsandvision.nl\\\/fr\\\/#\\\/schema\\\/logo\\\/image\\\/\",\"url\":\"https:\\\/\\\/trendsandvision.nl\\\/fr\\\/wp-content\\\/uploads\\\/sites\\\/4\\\/2022\\\/10\\\/trends-and-vision-logo.jpg\",\"contentUrl\":\"https:\\\/\\\/trendsandvision.nl\\\/fr\\\/wp-content\\\/uploads\\\/sites\\\/4\\\/2022\\\/10\\\/trends-and-vision-logo.jpg\",\"width\":213,\"height\":100,\"caption\":\"Trends &amp; Vision (FR)\"},\"image\":{\"@id\":\"https:\\\/\\\/trendsandvision.nl\\\/fr\\\/#\\\/schema\\\/logo\\\/image\\\/\"}}]}<\/script>\n<!-- \/ Yoast SEO Premium plugin. -->","yoast_head_json":{"title":"Esschert Design Attrape gu\u00e8pes Ruche color\u00e9e GM","description":"Esschert Design Attrape gu\u00e8pes Ruche color\u00e9e GM - Pour des repas sans insectes,attrape-gu\u00eapes en verre 4 couleurs assorties- bouchon - attache m\u00e9tal.G","robots":{"index":"index","follow":"follow","max-snippet":"max-snippet:-1","max-image-preview":"max-image-preview:large","max-video-preview":"max-video-preview:-1"},"canonical":"https:\/\/trendsandvision.nl\/fr\/product\/esschert-design-attrape-guepes-ruche-coloree-gm\/","og_locale":"fr_FR","og_type":"article","og_title":"Esschert Design Attrape gu\u00e8pes Ruche color\u00e9e GM","og_description":"Esschert Design Attrape gu\u00e8pes Ruche color\u00e9e GM - Pour des repas sans insectes,attrape-gu\u00eapes en verre 4 couleurs assorties- bouchon - attache m\u00e9tal.G","og_url":"https:\/\/trendsandvision.nl\/fr\/product\/esschert-design-attrape-guepes-ruche-coloree-gm\/","og_site_name":"Trends &amp; Vision (FR)","article_modified_time":"2026-04-07T10:02:39+00:00","og_image":[{"width":800,"height":800,"url":"https:\/\/trendsandvision.nl\/fr\/wp-content\/uploads\/sites\/4\/2022\/10\/EG06_01.jpg","type":"image\/jpeg"}],"twitter_card":"summary_large_image","twitter_misc":{"Dur\u00e9e de lecture estim\u00e9e":"1 minute"},"schema":{"@context":"https:\/\/schema.org","@graph":[{"@type":"WebPage","@id":"https:\/\/trendsandvision.nl\/fr\/product\/esschert-design-attrape-guepes-ruche-coloree-gm\/","url":"https:\/\/trendsandvision.nl\/fr\/product\/esschert-design-attrape-guepes-ruche-coloree-gm\/","name":"Esschert Design Attrape gu\u00e8pes Ruche color\u00e9e GM","isPartOf":{"@id":"https:\/\/trendsandvision.nl\/fr\/#website"},"primaryImageOfPage":{"@id":"https:\/\/trendsandvision.nl\/fr\/product\/esschert-design-attrape-guepes-ruche-coloree-gm\/#primaryimage"},"image":{"@id":"https:\/\/trendsandvision.nl\/fr\/product\/esschert-design-attrape-guepes-ruche-coloree-gm\/#primaryimage"},"thumbnailUrl":"https:\/\/trendsandvision.nl\/fr\/wp-content\/uploads\/sites\/4\/2022\/10\/EG06_01.jpg","datePublished":"2022-10-13T12:16:57+00:00","dateModified":"2026-04-07T10:02:39+00:00","description":"Esschert Design Attrape gu\u00e8pes Ruche color\u00e9e GM - Pour des repas sans insectes,attrape-gu\u00eapes en verre 4 couleurs assorties- bouchon - attache m\u00e9tal.G","breadcrumb":{"@id":"https:\/\/trendsandvision.nl\/fr\/product\/esschert-design-attrape-guepes-ruche-coloree-gm\/#breadcrumb"},"inLanguage":"fr-FR","potentialAction":[{"@type":"ReadAction","target":["https:\/\/trendsandvision.nl\/fr\/product\/esschert-design-attrape-guepes-ruche-coloree-gm\/"]}]},{"@type":"ImageObject","inLanguage":"fr-FR","@id":"https:\/\/trendsandvision.nl\/fr\/product\/esschert-design-attrape-guepes-ruche-coloree-gm\/#primaryimage","url":"https:\/\/trendsandvision.nl\/fr\/wp-content\/uploads\/sites\/4\/2022\/10\/EG06_01.jpg","contentUrl":"https:\/\/trendsandvision.nl\/fr\/wp-content\/uploads\/sites\/4\/2022\/10\/EG06_01.jpg","width":800,"height":800,"caption":"Esschert Design Attrape gu\u00e8pes Ruche color\u00e9e GM (8714982012778"},{"@type":"BreadcrumbList","@id":"https:\/\/trendsandvision.nl\/fr\/product\/esschert-design-attrape-guepes-ruche-coloree-gm\/#breadcrumb","itemListElement":[{"@type":"ListItem","position":1,"name":"Home","item":"https:\/\/trendsandvision.nl\/fr\/"},{"@type":"ListItem","position":2,"name":"le magasin","item":"https:\/\/trendsandvision.nl\/fr\/le-magasin\/"},{"@type":"ListItem","position":3,"name":"Esschert Design Attrape gu\u00e8pes Ruche color\u00e9e GM"}]},{"@type":"WebSite","@id":"https:\/\/trendsandvision.nl\/fr\/#website","url":"https:\/\/trendsandvision.nl\/fr\/","name":"Trends &amp; Vision (FR)","description":"La boutique en ligne pour les articles Esschert Design","publisher":{"@id":"https:\/\/trendsandvision.nl\/fr\/#organization"},"potentialAction":[{"@type":"SearchAction","target":{"@type":"EntryPoint","urlTemplate":"https:\/\/trendsandvision.nl\/fr\/?s={search_term_string}"},"query-input":{"@type":"PropertyValueSpecification","valueRequired":true,"valueName":"search_term_string"}}],"inLanguage":"fr-FR"},{"@type":"Organization","@id":"https:\/\/trendsandvision.nl\/fr\/#organization","name":"Trends &amp; Vision (FR)","url":"https:\/\/trendsandvision.nl\/fr\/","logo":{"@type":"ImageObject","inLanguage":"fr-FR","@id":"https:\/\/trendsandvision.nl\/fr\/#\/schema\/logo\/image\/","url":"https:\/\/trendsandvision.nl\/fr\/wp-content\/uploads\/sites\/4\/2022\/10\/trends-and-vision-logo.jpg","contentUrl":"https:\/\/trendsandvision.nl\/fr\/wp-content\/uploads\/sites\/4\/2022\/10\/trends-and-vision-logo.jpg","width":213,"height":100,"caption":"Trends &amp; Vision (FR)"},"image":{"@id":"https:\/\/trendsandvision.nl\/fr\/#\/schema\/logo\/image\/"}}]}},"_links":{"self":[{"href":"https:\/\/trendsandvision.nl\/fr\/wp-json\/wp\/v2\/product\/2298","targetHints":{"allow":["GET"]}}],"collection":[{"href":"https:\/\/trendsandvision.nl\/fr\/wp-json\/wp\/v2\/product"}],"about":[{"href":"https:\/\/trendsandvision.nl\/fr\/wp-json\/wp\/v2\/types\/product"}],"wp:featuredmedia":[{"embeddable":true,"href":"https:\/\/trendsandvision.nl\/fr\/wp-json\/wp\/v2\/media\/2299"}],"wp:attachment":[{"href":"https:\/\/trendsandvision.nl\/fr\/wp-json\/wp\/v2\/media?parent=2298"}],"wp:term":[{"taxonomy":"product_brand","embeddable":true,"href":"https:\/\/trendsandvision.nl\/fr\/wp-json\/wp\/v2\/product_brand?post=2298"},{"taxonomy":"product_cat","embeddable":true,"href":"https:\/\/trendsandvision.nl\/fr\/wp-json\/wp\/v2\/product_cat?post=2298"},{"taxonomy":"product_tag","embeddable":true,"href":"https:\/\/trendsandvision.nl\/fr\/wp-json\/wp\/v2\/product_tag?post=2298"}],"curies":[{"name":"wp","href":"https:\/\/api.w.org\/{rel}","templated":true}]}}