{"id":1863,"date":"2022-10-13T14:05:53","date_gmt":"2022-10-13T12:05:53","guid":{"rendered":"https:\/\/trendsandvision.nl\/fr\/product\/esschert-design-coupe-aromatiques-ciseaux-a-herbes\/"},"modified":"2026-04-07T11:59:55","modified_gmt":"2026-04-07T09:59:55","slug":"esschert-design-coupe-aromatiques-ciseaux-a-herbes","status":"publish","type":"product","link":"https:\/\/trendsandvision.nl\/fr\/product\/esschert-design-coupe-aromatiques-ciseaux-a-herbes\/","title":{"rendered":"Esschert Design Coupe aromatiques\/ciseaux \u00e0 herbes"},"content":{"rendered":"<p>Ciseaux \u00e0 herbes<\/p>\n<p>Les herbes fra\u00eeches sont d\u00e9licieux et cadrent bien avec une vari\u00e9t\u00e9 de plats. Toujours utiliser des herbes fra\u00eechement cueillies afin que vous conserviez la saveur naturelle. Avec ces ciseaux d&rsquo;herbes sp\u00e9ciales avec 5 lames parall\u00e8les, s&rsquo;il vous pla\u00eet ciboulette, oignons et autres \u00e9pices coup\u00e9es rapidement et uniform\u00e9ment sans les \u00e9craser. <\/P> <\/p>\n<p> pas au lave plastique s\u00fbr et acier inoxydable.<\/p>\n","protected":false},"excerpt":{"rendered":"<p>Ciseaux \u00e0 herbes: 11 x 2.3 x 28 cm<\/p>\n","protected":false},"featured_media":1864,"template":"","meta":[],"product_brand":[7842,7843],"product_cat":[1113],"product_tag":[],"class_list":{"0":"post-1863","1":"product","2":"type-product","3":"status-publish","4":"has-post-thumbnail","6":"product_brand-esschert-design","7":"product_brand-trends-vision","8":"product_cat-secrets-du-potager","9":"pa_code-ean-1111","10":"pa_dimensions-11-x-2-3-x-28-cm","11":"pa_fabricant-esschert-design","12":"pa_materiel-rvs-en-kunststof","14":"first","15":"instock","16":"sale","17":"taxable","18":"shipping-taxable","19":"purchasable","20":"product-type-simple","21":"czr-hentry"},"yoast_head":"<!-- This site is optimized with the Yoast SEO Premium plugin v26.4 (Yoast SEO v27.4) - https:\/\/yoast.com\/product\/yoast-seo-premium-wordpress\/ -->\n<title>Esschert Design Coupe aromatiques\/ciseaux \u00e0 herbes<\/title>\n<meta name=\"description\" content=\"Esschert Design Coupe aromatiques\/ciseaux \u00e0 herbes - Ciseaux \u00e0 herbes: 11 x 2.3 x 28 cm\" \/>\n<meta name=\"robots\" content=\"index, follow, max-snippet:-1, max-image-preview:large, max-video-preview:-1\" \/>\n<link rel=\"canonical\" href=\"https:\/\/trendsandvision.nl\/fr\/product\/esschert-design-coupe-aromatiques-ciseaux-a-herbes\/\" \/>\n<meta property=\"og:locale\" content=\"fr_FR\" \/>\n<meta property=\"og:type\" content=\"article\" \/>\n<meta property=\"og:title\" content=\"Esschert Design Coupe aromatiques\/ciseaux \u00e0 herbes\" \/>\n<meta property=\"og:description\" content=\"Esschert Design Coupe aromatiques\/ciseaux \u00e0 herbes - Ciseaux \u00e0 herbes: 11 x 2.3 x 28 cm\" \/>\n<meta property=\"og:url\" content=\"https:\/\/trendsandvision.nl\/fr\/product\/esschert-design-coupe-aromatiques-ciseaux-a-herbes\/\" \/>\n<meta property=\"og:site_name\" content=\"Trends &amp; Vision (FR)\" \/>\n<meta property=\"article:modified_time\" content=\"2026-04-07T09:59:55+00:00\" \/>\n<meta property=\"og:image\" content=\"https:\/\/trendsandvision.nl\/fr\/wp-content\/uploads\/sites\/4\/2022\/10\/C2034_01.jpg\" \/>\n\t<meta property=\"og:image:width\" content=\"800\" \/>\n\t<meta property=\"og:image:height\" content=\"800\" \/>\n\t<meta property=\"og:image:type\" content=\"image\/jpeg\" \/>\n<meta name=\"twitter:card\" content=\"summary_large_image\" \/>\n<script type=\"application\/ld+json\" class=\"yoast-schema-graph\">{\"@context\":\"https:\\\/\\\/schema.org\",\"@graph\":[{\"@type\":\"WebPage\",\"@id\":\"https:\\\/\\\/trendsandvision.nl\\\/fr\\\/product\\\/esschert-design-coupe-aromatiques-ciseaux-a-herbes\\\/\",\"url\":\"https:\\\/\\\/trendsandvision.nl\\\/fr\\\/product\\\/esschert-design-coupe-aromatiques-ciseaux-a-herbes\\\/\",\"name\":\"Esschert Design Coupe aromatiques\\\/ciseaux \u00e0 herbes\",\"isPartOf\":{\"@id\":\"https:\\\/\\\/trendsandvision.nl\\\/fr\\\/#website\"},\"primaryImageOfPage\":{\"@id\":\"https:\\\/\\\/trendsandvision.nl\\\/fr\\\/product\\\/esschert-design-coupe-aromatiques-ciseaux-a-herbes\\\/#primaryimage\"},\"image\":{\"@id\":\"https:\\\/\\\/trendsandvision.nl\\\/fr\\\/product\\\/esschert-design-coupe-aromatiques-ciseaux-a-herbes\\\/#primaryimage\"},\"thumbnailUrl\":\"https:\\\/\\\/trendsandvision.nl\\\/fr\\\/wp-content\\\/uploads\\\/sites\\\/4\\\/2022\\\/10\\\/C2034_01.jpg\",\"datePublished\":\"2022-10-13T12:05:53+00:00\",\"dateModified\":\"2026-04-07T09:59:55+00:00\",\"description\":\"Esschert Design Coupe aromatiques\\\/ciseaux \u00e0 herbes - Ciseaux \u00e0 herbes: 11 x 2.3 x 28 cm\",\"breadcrumb\":{\"@id\":\"https:\\\/\\\/trendsandvision.nl\\\/fr\\\/product\\\/esschert-design-coupe-aromatiques-ciseaux-a-herbes\\\/#breadcrumb\"},\"inLanguage\":\"fr-FR\",\"potentialAction\":[{\"@type\":\"ReadAction\",\"target\":[\"https:\\\/\\\/trendsandvision.nl\\\/fr\\\/product\\\/esschert-design-coupe-aromatiques-ciseaux-a-herbes\\\/\"]}]},{\"@type\":\"ImageObject\",\"inLanguage\":\"fr-FR\",\"@id\":\"https:\\\/\\\/trendsandvision.nl\\\/fr\\\/product\\\/esschert-design-coupe-aromatiques-ciseaux-a-herbes\\\/#primaryimage\",\"url\":\"https:\\\/\\\/trendsandvision.nl\\\/fr\\\/wp-content\\\/uploads\\\/sites\\\/4\\\/2022\\\/10\\\/C2034_01.jpg\",\"contentUrl\":\"https:\\\/\\\/trendsandvision.nl\\\/fr\\\/wp-content\\\/uploads\\\/sites\\\/4\\\/2022\\\/10\\\/C2034_01.jpg\",\"width\":800,\"height\":800,\"caption\":\"Esschert Design Coupe aromatiques\\\/ciseaux \u00e0 herbes (8714982061882\"},{\"@type\":\"BreadcrumbList\",\"@id\":\"https:\\\/\\\/trendsandvision.nl\\\/fr\\\/product\\\/esschert-design-coupe-aromatiques-ciseaux-a-herbes\\\/#breadcrumb\",\"itemListElement\":[{\"@type\":\"ListItem\",\"position\":1,\"name\":\"Home\",\"item\":\"https:\\\/\\\/trendsandvision.nl\\\/fr\\\/\"},{\"@type\":\"ListItem\",\"position\":2,\"name\":\"le magasin\",\"item\":\"https:\\\/\\\/trendsandvision.nl\\\/fr\\\/le-magasin\\\/\"},{\"@type\":\"ListItem\",\"position\":3,\"name\":\"Esschert Design Coupe aromatiques\\\/ciseaux \u00e0 herbes\"}]},{\"@type\":\"WebSite\",\"@id\":\"https:\\\/\\\/trendsandvision.nl\\\/fr\\\/#website\",\"url\":\"https:\\\/\\\/trendsandvision.nl\\\/fr\\\/\",\"name\":\"Trends &amp; Vision (FR)\",\"description\":\"La boutique en ligne pour les articles Esschert Design\",\"publisher\":{\"@id\":\"https:\\\/\\\/trendsandvision.nl\\\/fr\\\/#organization\"},\"potentialAction\":[{\"@type\":\"SearchAction\",\"target\":{\"@type\":\"EntryPoint\",\"urlTemplate\":\"https:\\\/\\\/trendsandvision.nl\\\/fr\\\/?s={search_term_string}\"},\"query-input\":{\"@type\":\"PropertyValueSpecification\",\"valueRequired\":true,\"valueName\":\"search_term_string\"}}],\"inLanguage\":\"fr-FR\"},{\"@type\":\"Organization\",\"@id\":\"https:\\\/\\\/trendsandvision.nl\\\/fr\\\/#organization\",\"name\":\"Trends &amp; Vision (FR)\",\"url\":\"https:\\\/\\\/trendsandvision.nl\\\/fr\\\/\",\"logo\":{\"@type\":\"ImageObject\",\"inLanguage\":\"fr-FR\",\"@id\":\"https:\\\/\\\/trendsandvision.nl\\\/fr\\\/#\\\/schema\\\/logo\\\/image\\\/\",\"url\":\"https:\\\/\\\/trendsandvision.nl\\\/fr\\\/wp-content\\\/uploads\\\/sites\\\/4\\\/2022\\\/10\\\/trends-and-vision-logo.jpg\",\"contentUrl\":\"https:\\\/\\\/trendsandvision.nl\\\/fr\\\/wp-content\\\/uploads\\\/sites\\\/4\\\/2022\\\/10\\\/trends-and-vision-logo.jpg\",\"width\":213,\"height\":100,\"caption\":\"Trends &amp; Vision (FR)\"},\"image\":{\"@id\":\"https:\\\/\\\/trendsandvision.nl\\\/fr\\\/#\\\/schema\\\/logo\\\/image\\\/\"}}]}<\/script>\n<!-- \/ Yoast SEO Premium plugin. -->","yoast_head_json":{"title":"Esschert Design Coupe aromatiques\/ciseaux \u00e0 herbes","description":"Esschert Design Coupe aromatiques\/ciseaux \u00e0 herbes - Ciseaux \u00e0 herbes: 11 x 2.3 x 28 cm","robots":{"index":"index","follow":"follow","max-snippet":"max-snippet:-1","max-image-preview":"max-image-preview:large","max-video-preview":"max-video-preview:-1"},"canonical":"https:\/\/trendsandvision.nl\/fr\/product\/esschert-design-coupe-aromatiques-ciseaux-a-herbes\/","og_locale":"fr_FR","og_type":"article","og_title":"Esschert Design Coupe aromatiques\/ciseaux \u00e0 herbes","og_description":"Esschert Design Coupe aromatiques\/ciseaux \u00e0 herbes - Ciseaux \u00e0 herbes: 11 x 2.3 x 28 cm","og_url":"https:\/\/trendsandvision.nl\/fr\/product\/esschert-design-coupe-aromatiques-ciseaux-a-herbes\/","og_site_name":"Trends &amp; Vision (FR)","article_modified_time":"2026-04-07T09:59:55+00:00","og_image":[{"width":800,"height":800,"url":"https:\/\/trendsandvision.nl\/fr\/wp-content\/uploads\/sites\/4\/2022\/10\/C2034_01.jpg","type":"image\/jpeg"}],"twitter_card":"summary_large_image","schema":{"@context":"https:\/\/schema.org","@graph":[{"@type":"WebPage","@id":"https:\/\/trendsandvision.nl\/fr\/product\/esschert-design-coupe-aromatiques-ciseaux-a-herbes\/","url":"https:\/\/trendsandvision.nl\/fr\/product\/esschert-design-coupe-aromatiques-ciseaux-a-herbes\/","name":"Esschert Design Coupe aromatiques\/ciseaux \u00e0 herbes","isPartOf":{"@id":"https:\/\/trendsandvision.nl\/fr\/#website"},"primaryImageOfPage":{"@id":"https:\/\/trendsandvision.nl\/fr\/product\/esschert-design-coupe-aromatiques-ciseaux-a-herbes\/#primaryimage"},"image":{"@id":"https:\/\/trendsandvision.nl\/fr\/product\/esschert-design-coupe-aromatiques-ciseaux-a-herbes\/#primaryimage"},"thumbnailUrl":"https:\/\/trendsandvision.nl\/fr\/wp-content\/uploads\/sites\/4\/2022\/10\/C2034_01.jpg","datePublished":"2022-10-13T12:05:53+00:00","dateModified":"2026-04-07T09:59:55+00:00","description":"Esschert Design Coupe aromatiques\/ciseaux \u00e0 herbes - Ciseaux \u00e0 herbes: 11 x 2.3 x 28 cm","breadcrumb":{"@id":"https:\/\/trendsandvision.nl\/fr\/product\/esschert-design-coupe-aromatiques-ciseaux-a-herbes\/#breadcrumb"},"inLanguage":"fr-FR","potentialAction":[{"@type":"ReadAction","target":["https:\/\/trendsandvision.nl\/fr\/product\/esschert-design-coupe-aromatiques-ciseaux-a-herbes\/"]}]},{"@type":"ImageObject","inLanguage":"fr-FR","@id":"https:\/\/trendsandvision.nl\/fr\/product\/esschert-design-coupe-aromatiques-ciseaux-a-herbes\/#primaryimage","url":"https:\/\/trendsandvision.nl\/fr\/wp-content\/uploads\/sites\/4\/2022\/10\/C2034_01.jpg","contentUrl":"https:\/\/trendsandvision.nl\/fr\/wp-content\/uploads\/sites\/4\/2022\/10\/C2034_01.jpg","width":800,"height":800,"caption":"Esschert Design Coupe aromatiques\/ciseaux \u00e0 herbes (8714982061882"},{"@type":"BreadcrumbList","@id":"https:\/\/trendsandvision.nl\/fr\/product\/esschert-design-coupe-aromatiques-ciseaux-a-herbes\/#breadcrumb","itemListElement":[{"@type":"ListItem","position":1,"name":"Home","item":"https:\/\/trendsandvision.nl\/fr\/"},{"@type":"ListItem","position":2,"name":"le magasin","item":"https:\/\/trendsandvision.nl\/fr\/le-magasin\/"},{"@type":"ListItem","position":3,"name":"Esschert Design Coupe aromatiques\/ciseaux \u00e0 herbes"}]},{"@type":"WebSite","@id":"https:\/\/trendsandvision.nl\/fr\/#website","url":"https:\/\/trendsandvision.nl\/fr\/","name":"Trends &amp; Vision (FR)","description":"La boutique en ligne pour les articles Esschert Design","publisher":{"@id":"https:\/\/trendsandvision.nl\/fr\/#organization"},"potentialAction":[{"@type":"SearchAction","target":{"@type":"EntryPoint","urlTemplate":"https:\/\/trendsandvision.nl\/fr\/?s={search_term_string}"},"query-input":{"@type":"PropertyValueSpecification","valueRequired":true,"valueName":"search_term_string"}}],"inLanguage":"fr-FR"},{"@type":"Organization","@id":"https:\/\/trendsandvision.nl\/fr\/#organization","name":"Trends &amp; Vision (FR)","url":"https:\/\/trendsandvision.nl\/fr\/","logo":{"@type":"ImageObject","inLanguage":"fr-FR","@id":"https:\/\/trendsandvision.nl\/fr\/#\/schema\/logo\/image\/","url":"https:\/\/trendsandvision.nl\/fr\/wp-content\/uploads\/sites\/4\/2022\/10\/trends-and-vision-logo.jpg","contentUrl":"https:\/\/trendsandvision.nl\/fr\/wp-content\/uploads\/sites\/4\/2022\/10\/trends-and-vision-logo.jpg","width":213,"height":100,"caption":"Trends &amp; Vision (FR)"},"image":{"@id":"https:\/\/trendsandvision.nl\/fr\/#\/schema\/logo\/image\/"}}]}},"_links":{"self":[{"href":"https:\/\/trendsandvision.nl\/fr\/wp-json\/wp\/v2\/product\/1863","targetHints":{"allow":["GET"]}}],"collection":[{"href":"https:\/\/trendsandvision.nl\/fr\/wp-json\/wp\/v2\/product"}],"about":[{"href":"https:\/\/trendsandvision.nl\/fr\/wp-json\/wp\/v2\/types\/product"}],"wp:featuredmedia":[{"embeddable":true,"href":"https:\/\/trendsandvision.nl\/fr\/wp-json\/wp\/v2\/media\/1864"}],"wp:attachment":[{"href":"https:\/\/trendsandvision.nl\/fr\/wp-json\/wp\/v2\/media?parent=1863"}],"wp:term":[{"taxonomy":"product_brand","embeddable":true,"href":"https:\/\/trendsandvision.nl\/fr\/wp-json\/wp\/v2\/product_brand?post=1863"},{"taxonomy":"product_cat","embeddable":true,"href":"https:\/\/trendsandvision.nl\/fr\/wp-json\/wp\/v2\/product_cat?post=1863"},{"taxonomy":"product_tag","embeddable":true,"href":"https:\/\/trendsandvision.nl\/fr\/wp-json\/wp\/v2\/product_tag?post=1863"}],"curies":[{"name":"wp","href":"https:\/\/api.w.org\/{rel}","templated":true}]}}