{"id":16968,"date":"2025-06-12T13:27:16","date_gmt":"2025-06-12T11:27:16","guid":{"rendered":"https:\/\/trendsandvision.nl\/fr\/product\/esschert-design-parapluie-chien-avec-impermeable\/"},"modified":"2026-02-05T00:57:54","modified_gmt":"2026-02-04T23:57:54","slug":"esschert-design-parapluie-avec-des-chiens-en-impermeables","status":"publish","type":"product","link":"https:\/\/trendsandvision.nl\/fr\/product\/esschert-design-parapluie-avec-des-chiens-en-impermeables\/","title":{"rendered":"Esschert Design Parapluie avec des chiens en imperm\u00e9ables"},"content":{"rendered":"<p>Ce magnifique parapluie arbore un imprim\u00e9 photo \u00e9clatant. Solide mais l\u00e9ger, il est fabriqu\u00e9 \u00e0 partir de mat\u00e9riaux de haute qualit\u00e9 et con\u00e7u pour r\u00e9sister aux intemp\u00e9ries tout en \u00e9tant facile \u00e0 transporter. Son large auvent offre une protection contre la pluie et le vent. Gr\u00e2ce \u00e0 son ouverture manuelle, il s\u2019ouvre en douceur pour un usage quotidien. La poign\u00e9e assure une prise en main confortable.<\/p>\n<p>Nom article Parapluie avec des chiens en imperm\u00e9ables<br \/>\nR\u00e9f\u00e9rence article TP417<br \/>\nDimensions du produit en cm L 119,5 x P 119,5 x H 96<br \/>\nMat\u00e9riau Polyester, bois de Schima superba, acier<br \/>\nPoids net 0,439 kg<br \/>\nCode-barres 8714982285691<\/p>\n","protected":false},"excerpt":{"rendered":"<p>Poign\u00e9e en bois avec prise en main confortable<br \/>\nL\u00e9ger<br \/>\nS\u2019ouvre en douceur<br \/>\nL 119,5 x P 119,5 x H 96 cm<br \/>\nPolyester, bois de Schima superba, acier<br \/>\nPoids net 0,439 kg<br \/>\nCode-barres 8714982285691<\/p>\n","protected":false},"featured_media":16969,"template":"","meta":[],"product_brand":[7842,7843],"product_cat":[1451],"product_tag":[8381],"class_list":{"0":"post-16968","1":"product","2":"type-product","3":"status-publish","4":"has-post-thumbnail","6":"product_brand-esschert-design","7":"product_brand-trends-vision","8":"product_cat-world-of-weather","9":"product_tag-parapluies","10":"pa_code-ean-8022","11":"pa_fabricant-esschert-design","13":"first","14":"instock","15":"sale","16":"taxable","17":"shipping-taxable","18":"purchasable","19":"product-type-simple","20":"czr-hentry"},"yoast_head":"<!-- This site is optimized with the Yoast SEO Premium plugin v26.4 (Yoast SEO v27.3) - https:\/\/yoast.com\/product\/yoast-seo-premium-wordpress\/ -->\n<title>Esschert Design Parapluie avec des chiens en imperm\u00e9ables (TP417 8714982285691) | Trends &amp; Vision<\/title>\n<meta name=\"description\" content=\"Esschert Design Parapluie avec des chiens en imperm\u00e9ables (TP417 8714982285691)\" \/>\n<meta name=\"robots\" content=\"index, follow, max-snippet:-1, max-image-preview:large, max-video-preview:-1\" \/>\n<link rel=\"canonical\" href=\"https:\/\/trendsandvision.nl\/fr\/product\/esschert-design-parapluie-avec-des-chiens-en-impermeables\/\" \/>\n<meta property=\"og:locale\" content=\"fr_FR\" \/>\n<meta property=\"og:type\" content=\"article\" \/>\n<meta property=\"og:title\" content=\"Esschert Design Parapluie avec des chiens en imperm\u00e9ables\" \/>\n<meta property=\"og:description\" content=\"Esschert Design Parapluie avec des chiens en imperm\u00e9ables (TP417 8714982285691)\" \/>\n<meta property=\"og:url\" content=\"https:\/\/trendsandvision.nl\/fr\/product\/esschert-design-parapluie-avec-des-chiens-en-impermeables\/\" \/>\n<meta property=\"og:site_name\" content=\"Trends &amp; Vision (FR)\" \/>\n<meta property=\"article:modified_time\" content=\"2026-02-04T23:57:54+00:00\" \/>\n<meta property=\"og:image\" content=\"https:\/\/trendsandvision.nl\/fr\/wp-content\/uploads\/sites\/4\/2025\/06\/TP417_01.jpg\" \/>\n\t<meta property=\"og:image:width\" content=\"800\" \/>\n\t<meta property=\"og:image:height\" content=\"800\" \/>\n\t<meta property=\"og:image:type\" content=\"image\/jpeg\" \/>\n<meta name=\"twitter:card\" content=\"summary_large_image\" \/>\n<meta name=\"twitter:label1\" content=\"Dur\u00e9e de lecture estim\u00e9e\" \/>\n\t<meta name=\"twitter:data1\" content=\"1 minute\" \/>\n<script type=\"application\/ld+json\" class=\"yoast-schema-graph\">{\"@context\":\"https:\\\/\\\/schema.org\",\"@graph\":[{\"@type\":\"WebPage\",\"@id\":\"https:\\\/\\\/trendsandvision.nl\\\/fr\\\/product\\\/esschert-design-parapluie-avec-des-chiens-en-impermeables\\\/\",\"url\":\"https:\\\/\\\/trendsandvision.nl\\\/fr\\\/product\\\/esschert-design-parapluie-avec-des-chiens-en-impermeables\\\/\",\"name\":\"Esschert Design Parapluie avec des chiens en imperm\u00e9ables (TP417 8714982285691) | Trends & Vision\",\"isPartOf\":{\"@id\":\"https:\\\/\\\/trendsandvision.nl\\\/fr\\\/#website\"},\"primaryImageOfPage\":{\"@id\":\"https:\\\/\\\/trendsandvision.nl\\\/fr\\\/product\\\/esschert-design-parapluie-avec-des-chiens-en-impermeables\\\/#primaryimage\"},\"image\":{\"@id\":\"https:\\\/\\\/trendsandvision.nl\\\/fr\\\/product\\\/esschert-design-parapluie-avec-des-chiens-en-impermeables\\\/#primaryimage\"},\"thumbnailUrl\":\"https:\\\/\\\/trendsandvision.nl\\\/fr\\\/wp-content\\\/uploads\\\/sites\\\/4\\\/2025\\\/06\\\/TP417_01.jpg\",\"datePublished\":\"2025-06-12T11:27:16+00:00\",\"dateModified\":\"2026-02-04T23:57:54+00:00\",\"description\":\"Esschert Design Parapluie avec des chiens en imperm\u00e9ables (TP417 8714982285691)\",\"breadcrumb\":{\"@id\":\"https:\\\/\\\/trendsandvision.nl\\\/fr\\\/product\\\/esschert-design-parapluie-avec-des-chiens-en-impermeables\\\/#breadcrumb\"},\"inLanguage\":\"fr-FR\",\"potentialAction\":[{\"@type\":\"ReadAction\",\"target\":[\"https:\\\/\\\/trendsandvision.nl\\\/fr\\\/product\\\/esschert-design-parapluie-avec-des-chiens-en-impermeables\\\/\"]}]},{\"@type\":\"ImageObject\",\"inLanguage\":\"fr-FR\",\"@id\":\"https:\\\/\\\/trendsandvision.nl\\\/fr\\\/product\\\/esschert-design-parapluie-avec-des-chiens-en-impermeables\\\/#primaryimage\",\"url\":\"https:\\\/\\\/trendsandvision.nl\\\/fr\\\/wp-content\\\/uploads\\\/sites\\\/4\\\/2025\\\/06\\\/TP417_01.jpg\",\"contentUrl\":\"https:\\\/\\\/trendsandvision.nl\\\/fr\\\/wp-content\\\/uploads\\\/sites\\\/4\\\/2025\\\/06\\\/TP417_01.jpg\",\"width\":800,\"height\":800,\"caption\":\"Esschert Design Parapluie chien avec imperm\u00e9able (TP417 8714982285691) - 01\"},{\"@type\":\"BreadcrumbList\",\"@id\":\"https:\\\/\\\/trendsandvision.nl\\\/fr\\\/product\\\/esschert-design-parapluie-avec-des-chiens-en-impermeables\\\/#breadcrumb\",\"itemListElement\":[{\"@type\":\"ListItem\",\"position\":1,\"name\":\"Home\",\"item\":\"https:\\\/\\\/trendsandvision.nl\\\/fr\\\/\"},{\"@type\":\"ListItem\",\"position\":2,\"name\":\"le magasin\",\"item\":\"https:\\\/\\\/trendsandvision.nl\\\/fr\\\/le-magasin\\\/\"},{\"@type\":\"ListItem\",\"position\":3,\"name\":\"Esschert Design Parapluie avec des chiens en imperm\u00e9ables\"}]},{\"@type\":\"WebSite\",\"@id\":\"https:\\\/\\\/trendsandvision.nl\\\/fr\\\/#website\",\"url\":\"https:\\\/\\\/trendsandvision.nl\\\/fr\\\/\",\"name\":\"Trends &amp; Vision (FR)\",\"description\":\"La boutique en ligne pour les articles Esschert Design\",\"publisher\":{\"@id\":\"https:\\\/\\\/trendsandvision.nl\\\/fr\\\/#organization\"},\"potentialAction\":[{\"@type\":\"SearchAction\",\"target\":{\"@type\":\"EntryPoint\",\"urlTemplate\":\"https:\\\/\\\/trendsandvision.nl\\\/fr\\\/?s={search_term_string}\"},\"query-input\":{\"@type\":\"PropertyValueSpecification\",\"valueRequired\":true,\"valueName\":\"search_term_string\"}}],\"inLanguage\":\"fr-FR\"},{\"@type\":\"Organization\",\"@id\":\"https:\\\/\\\/trendsandvision.nl\\\/fr\\\/#organization\",\"name\":\"Trends &amp; Vision (FR)\",\"url\":\"https:\\\/\\\/trendsandvision.nl\\\/fr\\\/\",\"logo\":{\"@type\":\"ImageObject\",\"inLanguage\":\"fr-FR\",\"@id\":\"https:\\\/\\\/trendsandvision.nl\\\/fr\\\/#\\\/schema\\\/logo\\\/image\\\/\",\"url\":\"https:\\\/\\\/trendsandvision.nl\\\/fr\\\/wp-content\\\/uploads\\\/sites\\\/4\\\/2022\\\/10\\\/trends-and-vision-logo.jpg\",\"contentUrl\":\"https:\\\/\\\/trendsandvision.nl\\\/fr\\\/wp-content\\\/uploads\\\/sites\\\/4\\\/2022\\\/10\\\/trends-and-vision-logo.jpg\",\"width\":213,\"height\":100,\"caption\":\"Trends &amp; Vision (FR)\"},\"image\":{\"@id\":\"https:\\\/\\\/trendsandvision.nl\\\/fr\\\/#\\\/schema\\\/logo\\\/image\\\/\"}}]}<\/script>\n<!-- \/ Yoast SEO Premium plugin. -->","yoast_head_json":{"title":"Esschert Design Parapluie avec des chiens en imperm\u00e9ables (TP417 8714982285691) | Trends & Vision","description":"Esschert Design Parapluie avec des chiens en imperm\u00e9ables (TP417 8714982285691)","robots":{"index":"index","follow":"follow","max-snippet":"max-snippet:-1","max-image-preview":"max-image-preview:large","max-video-preview":"max-video-preview:-1"},"canonical":"https:\/\/trendsandvision.nl\/fr\/product\/esschert-design-parapluie-avec-des-chiens-en-impermeables\/","og_locale":"fr_FR","og_type":"article","og_title":"Esschert Design Parapluie avec des chiens en imperm\u00e9ables","og_description":"Esschert Design Parapluie avec des chiens en imperm\u00e9ables (TP417 8714982285691)","og_url":"https:\/\/trendsandvision.nl\/fr\/product\/esschert-design-parapluie-avec-des-chiens-en-impermeables\/","og_site_name":"Trends &amp; Vision (FR)","article_modified_time":"2026-02-04T23:57:54+00:00","og_image":[{"width":800,"height":800,"url":"https:\/\/trendsandvision.nl\/fr\/wp-content\/uploads\/sites\/4\/2025\/06\/TP417_01.jpg","type":"image\/jpeg"}],"twitter_card":"summary_large_image","twitter_misc":{"Dur\u00e9e de lecture estim\u00e9e":"1 minute"},"schema":{"@context":"https:\/\/schema.org","@graph":[{"@type":"WebPage","@id":"https:\/\/trendsandvision.nl\/fr\/product\/esschert-design-parapluie-avec-des-chiens-en-impermeables\/","url":"https:\/\/trendsandvision.nl\/fr\/product\/esschert-design-parapluie-avec-des-chiens-en-impermeables\/","name":"Esschert Design Parapluie avec des chiens en imperm\u00e9ables (TP417 8714982285691) | Trends & Vision","isPartOf":{"@id":"https:\/\/trendsandvision.nl\/fr\/#website"},"primaryImageOfPage":{"@id":"https:\/\/trendsandvision.nl\/fr\/product\/esschert-design-parapluie-avec-des-chiens-en-impermeables\/#primaryimage"},"image":{"@id":"https:\/\/trendsandvision.nl\/fr\/product\/esschert-design-parapluie-avec-des-chiens-en-impermeables\/#primaryimage"},"thumbnailUrl":"https:\/\/trendsandvision.nl\/fr\/wp-content\/uploads\/sites\/4\/2025\/06\/TP417_01.jpg","datePublished":"2025-06-12T11:27:16+00:00","dateModified":"2026-02-04T23:57:54+00:00","description":"Esschert Design Parapluie avec des chiens en imperm\u00e9ables (TP417 8714982285691)","breadcrumb":{"@id":"https:\/\/trendsandvision.nl\/fr\/product\/esschert-design-parapluie-avec-des-chiens-en-impermeables\/#breadcrumb"},"inLanguage":"fr-FR","potentialAction":[{"@type":"ReadAction","target":["https:\/\/trendsandvision.nl\/fr\/product\/esschert-design-parapluie-avec-des-chiens-en-impermeables\/"]}]},{"@type":"ImageObject","inLanguage":"fr-FR","@id":"https:\/\/trendsandvision.nl\/fr\/product\/esschert-design-parapluie-avec-des-chiens-en-impermeables\/#primaryimage","url":"https:\/\/trendsandvision.nl\/fr\/wp-content\/uploads\/sites\/4\/2025\/06\/TP417_01.jpg","contentUrl":"https:\/\/trendsandvision.nl\/fr\/wp-content\/uploads\/sites\/4\/2025\/06\/TP417_01.jpg","width":800,"height":800,"caption":"Esschert Design Parapluie chien avec imperm\u00e9able (TP417 8714982285691) - 01"},{"@type":"BreadcrumbList","@id":"https:\/\/trendsandvision.nl\/fr\/product\/esschert-design-parapluie-avec-des-chiens-en-impermeables\/#breadcrumb","itemListElement":[{"@type":"ListItem","position":1,"name":"Home","item":"https:\/\/trendsandvision.nl\/fr\/"},{"@type":"ListItem","position":2,"name":"le magasin","item":"https:\/\/trendsandvision.nl\/fr\/le-magasin\/"},{"@type":"ListItem","position":3,"name":"Esschert Design Parapluie avec des chiens en imperm\u00e9ables"}]},{"@type":"WebSite","@id":"https:\/\/trendsandvision.nl\/fr\/#website","url":"https:\/\/trendsandvision.nl\/fr\/","name":"Trends &amp; Vision (FR)","description":"La boutique en ligne pour les articles Esschert Design","publisher":{"@id":"https:\/\/trendsandvision.nl\/fr\/#organization"},"potentialAction":[{"@type":"SearchAction","target":{"@type":"EntryPoint","urlTemplate":"https:\/\/trendsandvision.nl\/fr\/?s={search_term_string}"},"query-input":{"@type":"PropertyValueSpecification","valueRequired":true,"valueName":"search_term_string"}}],"inLanguage":"fr-FR"},{"@type":"Organization","@id":"https:\/\/trendsandvision.nl\/fr\/#organization","name":"Trends &amp; Vision (FR)","url":"https:\/\/trendsandvision.nl\/fr\/","logo":{"@type":"ImageObject","inLanguage":"fr-FR","@id":"https:\/\/trendsandvision.nl\/fr\/#\/schema\/logo\/image\/","url":"https:\/\/trendsandvision.nl\/fr\/wp-content\/uploads\/sites\/4\/2022\/10\/trends-and-vision-logo.jpg","contentUrl":"https:\/\/trendsandvision.nl\/fr\/wp-content\/uploads\/sites\/4\/2022\/10\/trends-and-vision-logo.jpg","width":213,"height":100,"caption":"Trends &amp; Vision (FR)"},"image":{"@id":"https:\/\/trendsandvision.nl\/fr\/#\/schema\/logo\/image\/"}}]}},"_links":{"self":[{"href":"https:\/\/trendsandvision.nl\/fr\/wp-json\/wp\/v2\/product\/16968","targetHints":{"allow":["GET"]}}],"collection":[{"href":"https:\/\/trendsandvision.nl\/fr\/wp-json\/wp\/v2\/product"}],"about":[{"href":"https:\/\/trendsandvision.nl\/fr\/wp-json\/wp\/v2\/types\/product"}],"wp:featuredmedia":[{"embeddable":true,"href":"https:\/\/trendsandvision.nl\/fr\/wp-json\/wp\/v2\/media\/16969"}],"wp:attachment":[{"href":"https:\/\/trendsandvision.nl\/fr\/wp-json\/wp\/v2\/media?parent=16968"}],"wp:term":[{"taxonomy":"product_brand","embeddable":true,"href":"https:\/\/trendsandvision.nl\/fr\/wp-json\/wp\/v2\/product_brand?post=16968"},{"taxonomy":"product_cat","embeddable":true,"href":"https:\/\/trendsandvision.nl\/fr\/wp-json\/wp\/v2\/product_cat?post=16968"},{"taxonomy":"product_tag","embeddable":true,"href":"https:\/\/trendsandvision.nl\/fr\/wp-json\/wp\/v2\/product_tag?post=16968"}],"curies":[{"name":"wp","href":"https:\/\/api.w.org\/{rel}","templated":true}]}}