{"id":16022,"date":"2024-12-23T23:08:20","date_gmt":"2024-12-23T22:08:20","guid":{"rendered":"https:\/\/trendsandvision.nl\/fr\/product\/esschert-design-seche-melange-de-vers-07-kg-dans-un-seau\/"},"modified":"2026-02-05T00:36:59","modified_gmt":"2026-02-04T23:36:59","slug":"esschert-design-seche-melange-de-vers-07-kg-dans-un-seau","status":"publish","type":"product","link":"https:\/\/trendsandvision.nl\/fr\/product\/esschert-design-seche-melange-de-vers-07-kg-dans-un-seau\/","title":{"rendered":"Esschert Design S\u00e9ch\u00e9. m\u00e9lange de vers 0,7 kg dans un seau"},"content":{"rendered":"<p>Dimensions: 22.5&#215;22.5&#215;18.7<\/p>\n","protected":false},"excerpt":{"rendered":"<p>Dimensions: 22.5&#215;22.5&#215;18.7<\/p>\n","protected":false},"featured_media":16023,"template":"","meta":[],"product_brand":[7842,7843],"product_cat":[1307],"product_tag":[],"class_list":{"0":"post-16022","1":"product","2":"type-product","3":"status-publish","4":"has-post-thumbnail","6":"product_brand-esschert-design","7":"product_brand-trends-vision","8":"product_cat-best-for-birds","9":"pa_code-ean-6870","10":"pa_fabricant-esschert-design","12":"first","13":"instock","14":"sale","15":"taxable","16":"shipping-taxable","17":"purchasable","18":"product-type-simple","19":"czr-hentry"},"yoast_head":"<!-- This site is optimized with the Yoast SEO Premium plugin v26.4 (Yoast SEO v27.3) - https:\/\/yoast.com\/product\/yoast-seo-premium-wordpress\/ -->\n<title>Esschert Design S\u00e9ch\u00e9. m\u00e9lange de vers 0,7 kg dans un seau (FB963 8714982284755) | Trends &amp; Vision<\/title>\n<meta name=\"description\" content=\"Esschert Design S\u00e9ch\u00e9. m\u00e9lange de vers 0,7 kg dans un seau (FB963 8714982284755)\" \/>\n<meta name=\"robots\" content=\"index, follow, max-snippet:-1, max-image-preview:large, max-video-preview:-1\" \/>\n<link rel=\"canonical\" href=\"https:\/\/trendsandvision.nl\/fr\/product\/esschert-design-seche-melange-de-vers-07-kg-dans-un-seau\/\" \/>\n<meta property=\"og:locale\" content=\"fr_FR\" \/>\n<meta property=\"og:type\" content=\"article\" \/>\n<meta property=\"og:title\" content=\"Esschert Design S\u00e9ch\u00e9. m\u00e9lange de vers 0,7 kg dans un seau\" \/>\n<meta property=\"og:description\" content=\"Esschert Design S\u00e9ch\u00e9. m\u00e9lange de vers 0,7 kg dans un seau (FB963 8714982284755)\" \/>\n<meta property=\"og:url\" content=\"https:\/\/trendsandvision.nl\/fr\/product\/esschert-design-seche-melange-de-vers-07-kg-dans-un-seau\/\" \/>\n<meta property=\"og:site_name\" content=\"Trends &amp; Vision (FR)\" \/>\n<meta property=\"article:modified_time\" content=\"2026-02-04T23:36:59+00:00\" \/>\n<meta property=\"og:image\" content=\"https:\/\/trendsandvision.nl\/fr\/wp-content\/uploads\/sites\/4\/2024\/12\/FB963_01.jpg\" \/>\n\t<meta property=\"og:image:width\" content=\"800\" \/>\n\t<meta property=\"og:image:height\" content=\"800\" \/>\n\t<meta property=\"og:image:type\" content=\"image\/jpeg\" \/>\n<meta name=\"twitter:card\" content=\"summary_large_image\" \/>\n<script type=\"application\/ld+json\" class=\"yoast-schema-graph\">{\"@context\":\"https:\\\/\\\/schema.org\",\"@graph\":[{\"@type\":\"WebPage\",\"@id\":\"https:\\\/\\\/trendsandvision.nl\\\/fr\\\/product\\\/esschert-design-seche-melange-de-vers-07-kg-dans-un-seau\\\/\",\"url\":\"https:\\\/\\\/trendsandvision.nl\\\/fr\\\/product\\\/esschert-design-seche-melange-de-vers-07-kg-dans-un-seau\\\/\",\"name\":\"Esschert Design S\u00e9ch\u00e9. m\u00e9lange de vers 0,7 kg dans un seau (FB963 8714982284755) | Trends & Vision\",\"isPartOf\":{\"@id\":\"https:\\\/\\\/trendsandvision.nl\\\/fr\\\/#website\"},\"primaryImageOfPage\":{\"@id\":\"https:\\\/\\\/trendsandvision.nl\\\/fr\\\/product\\\/esschert-design-seche-melange-de-vers-07-kg-dans-un-seau\\\/#primaryimage\"},\"image\":{\"@id\":\"https:\\\/\\\/trendsandvision.nl\\\/fr\\\/product\\\/esschert-design-seche-melange-de-vers-07-kg-dans-un-seau\\\/#primaryimage\"},\"thumbnailUrl\":\"https:\\\/\\\/trendsandvision.nl\\\/fr\\\/wp-content\\\/uploads\\\/sites\\\/4\\\/2024\\\/12\\\/FB963_01.jpg\",\"datePublished\":\"2024-12-23T22:08:20+00:00\",\"dateModified\":\"2026-02-04T23:36:59+00:00\",\"description\":\"Esschert Design S\u00e9ch\u00e9. m\u00e9lange de vers 0,7 kg dans un seau (FB963 8714982284755)\",\"breadcrumb\":{\"@id\":\"https:\\\/\\\/trendsandvision.nl\\\/fr\\\/product\\\/esschert-design-seche-melange-de-vers-07-kg-dans-un-seau\\\/#breadcrumb\"},\"inLanguage\":\"fr-FR\",\"potentialAction\":[{\"@type\":\"ReadAction\",\"target\":[\"https:\\\/\\\/trendsandvision.nl\\\/fr\\\/product\\\/esschert-design-seche-melange-de-vers-07-kg-dans-un-seau\\\/\"]}]},{\"@type\":\"ImageObject\",\"inLanguage\":\"fr-FR\",\"@id\":\"https:\\\/\\\/trendsandvision.nl\\\/fr\\\/product\\\/esschert-design-seche-melange-de-vers-07-kg-dans-un-seau\\\/#primaryimage\",\"url\":\"https:\\\/\\\/trendsandvision.nl\\\/fr\\\/wp-content\\\/uploads\\\/sites\\\/4\\\/2024\\\/12\\\/FB963_01.jpg\",\"contentUrl\":\"https:\\\/\\\/trendsandvision.nl\\\/fr\\\/wp-content\\\/uploads\\\/sites\\\/4\\\/2024\\\/12\\\/FB963_01.jpg\",\"width\":800,\"height\":800,\"caption\":\"Esschert Design S\u00e9ch\u00e9. m\u00e9lange de vers 0\"},{\"@type\":\"BreadcrumbList\",\"@id\":\"https:\\\/\\\/trendsandvision.nl\\\/fr\\\/product\\\/esschert-design-seche-melange-de-vers-07-kg-dans-un-seau\\\/#breadcrumb\",\"itemListElement\":[{\"@type\":\"ListItem\",\"position\":1,\"name\":\"Home\",\"item\":\"https:\\\/\\\/trendsandvision.nl\\\/fr\\\/\"},{\"@type\":\"ListItem\",\"position\":2,\"name\":\"le magasin\",\"item\":\"https:\\\/\\\/trendsandvision.nl\\\/fr\\\/le-magasin\\\/\"},{\"@type\":\"ListItem\",\"position\":3,\"name\":\"Esschert Design S\u00e9ch\u00e9. m\u00e9lange de vers 0,7 kg dans un seau\"}]},{\"@type\":\"WebSite\",\"@id\":\"https:\\\/\\\/trendsandvision.nl\\\/fr\\\/#website\",\"url\":\"https:\\\/\\\/trendsandvision.nl\\\/fr\\\/\",\"name\":\"Trends &amp; Vision (FR)\",\"description\":\"La boutique en ligne pour les articles Esschert Design\",\"publisher\":{\"@id\":\"https:\\\/\\\/trendsandvision.nl\\\/fr\\\/#organization\"},\"potentialAction\":[{\"@type\":\"SearchAction\",\"target\":{\"@type\":\"EntryPoint\",\"urlTemplate\":\"https:\\\/\\\/trendsandvision.nl\\\/fr\\\/?s={search_term_string}\"},\"query-input\":{\"@type\":\"PropertyValueSpecification\",\"valueRequired\":true,\"valueName\":\"search_term_string\"}}],\"inLanguage\":\"fr-FR\"},{\"@type\":\"Organization\",\"@id\":\"https:\\\/\\\/trendsandvision.nl\\\/fr\\\/#organization\",\"name\":\"Trends &amp; Vision (FR)\",\"url\":\"https:\\\/\\\/trendsandvision.nl\\\/fr\\\/\",\"logo\":{\"@type\":\"ImageObject\",\"inLanguage\":\"fr-FR\",\"@id\":\"https:\\\/\\\/trendsandvision.nl\\\/fr\\\/#\\\/schema\\\/logo\\\/image\\\/\",\"url\":\"https:\\\/\\\/trendsandvision.nl\\\/fr\\\/wp-content\\\/uploads\\\/sites\\\/4\\\/2022\\\/10\\\/trends-and-vision-logo.jpg\",\"contentUrl\":\"https:\\\/\\\/trendsandvision.nl\\\/fr\\\/wp-content\\\/uploads\\\/sites\\\/4\\\/2022\\\/10\\\/trends-and-vision-logo.jpg\",\"width\":213,\"height\":100,\"caption\":\"Trends &amp; Vision (FR)\"},\"image\":{\"@id\":\"https:\\\/\\\/trendsandvision.nl\\\/fr\\\/#\\\/schema\\\/logo\\\/image\\\/\"}}]}<\/script>\n<!-- \/ Yoast SEO Premium plugin. -->","yoast_head_json":{"title":"Esschert Design S\u00e9ch\u00e9. m\u00e9lange de vers 0,7 kg dans un seau (FB963 8714982284755) | Trends & Vision","description":"Esschert Design S\u00e9ch\u00e9. m\u00e9lange de vers 0,7 kg dans un seau (FB963 8714982284755)","robots":{"index":"index","follow":"follow","max-snippet":"max-snippet:-1","max-image-preview":"max-image-preview:large","max-video-preview":"max-video-preview:-1"},"canonical":"https:\/\/trendsandvision.nl\/fr\/product\/esschert-design-seche-melange-de-vers-07-kg-dans-un-seau\/","og_locale":"fr_FR","og_type":"article","og_title":"Esschert Design S\u00e9ch\u00e9. m\u00e9lange de vers 0,7 kg dans un seau","og_description":"Esschert Design S\u00e9ch\u00e9. m\u00e9lange de vers 0,7 kg dans un seau (FB963 8714982284755)","og_url":"https:\/\/trendsandvision.nl\/fr\/product\/esschert-design-seche-melange-de-vers-07-kg-dans-un-seau\/","og_site_name":"Trends &amp; Vision (FR)","article_modified_time":"2026-02-04T23:36:59+00:00","og_image":[{"width":800,"height":800,"url":"https:\/\/trendsandvision.nl\/fr\/wp-content\/uploads\/sites\/4\/2024\/12\/FB963_01.jpg","type":"image\/jpeg"}],"twitter_card":"summary_large_image","schema":{"@context":"https:\/\/schema.org","@graph":[{"@type":"WebPage","@id":"https:\/\/trendsandvision.nl\/fr\/product\/esschert-design-seche-melange-de-vers-07-kg-dans-un-seau\/","url":"https:\/\/trendsandvision.nl\/fr\/product\/esschert-design-seche-melange-de-vers-07-kg-dans-un-seau\/","name":"Esschert Design S\u00e9ch\u00e9. m\u00e9lange de vers 0,7 kg dans un seau (FB963 8714982284755) | Trends & Vision","isPartOf":{"@id":"https:\/\/trendsandvision.nl\/fr\/#website"},"primaryImageOfPage":{"@id":"https:\/\/trendsandvision.nl\/fr\/product\/esschert-design-seche-melange-de-vers-07-kg-dans-un-seau\/#primaryimage"},"image":{"@id":"https:\/\/trendsandvision.nl\/fr\/product\/esschert-design-seche-melange-de-vers-07-kg-dans-un-seau\/#primaryimage"},"thumbnailUrl":"https:\/\/trendsandvision.nl\/fr\/wp-content\/uploads\/sites\/4\/2024\/12\/FB963_01.jpg","datePublished":"2024-12-23T22:08:20+00:00","dateModified":"2026-02-04T23:36:59+00:00","description":"Esschert Design S\u00e9ch\u00e9. m\u00e9lange de vers 0,7 kg dans un seau (FB963 8714982284755)","breadcrumb":{"@id":"https:\/\/trendsandvision.nl\/fr\/product\/esschert-design-seche-melange-de-vers-07-kg-dans-un-seau\/#breadcrumb"},"inLanguage":"fr-FR","potentialAction":[{"@type":"ReadAction","target":["https:\/\/trendsandvision.nl\/fr\/product\/esschert-design-seche-melange-de-vers-07-kg-dans-un-seau\/"]}]},{"@type":"ImageObject","inLanguage":"fr-FR","@id":"https:\/\/trendsandvision.nl\/fr\/product\/esschert-design-seche-melange-de-vers-07-kg-dans-un-seau\/#primaryimage","url":"https:\/\/trendsandvision.nl\/fr\/wp-content\/uploads\/sites\/4\/2024\/12\/FB963_01.jpg","contentUrl":"https:\/\/trendsandvision.nl\/fr\/wp-content\/uploads\/sites\/4\/2024\/12\/FB963_01.jpg","width":800,"height":800,"caption":"Esschert Design S\u00e9ch\u00e9. m\u00e9lange de vers 0"},{"@type":"BreadcrumbList","@id":"https:\/\/trendsandvision.nl\/fr\/product\/esschert-design-seche-melange-de-vers-07-kg-dans-un-seau\/#breadcrumb","itemListElement":[{"@type":"ListItem","position":1,"name":"Home","item":"https:\/\/trendsandvision.nl\/fr\/"},{"@type":"ListItem","position":2,"name":"le magasin","item":"https:\/\/trendsandvision.nl\/fr\/le-magasin\/"},{"@type":"ListItem","position":3,"name":"Esschert Design S\u00e9ch\u00e9. m\u00e9lange de vers 0,7 kg dans un seau"}]},{"@type":"WebSite","@id":"https:\/\/trendsandvision.nl\/fr\/#website","url":"https:\/\/trendsandvision.nl\/fr\/","name":"Trends &amp; Vision (FR)","description":"La boutique en ligne pour les articles Esschert Design","publisher":{"@id":"https:\/\/trendsandvision.nl\/fr\/#organization"},"potentialAction":[{"@type":"SearchAction","target":{"@type":"EntryPoint","urlTemplate":"https:\/\/trendsandvision.nl\/fr\/?s={search_term_string}"},"query-input":{"@type":"PropertyValueSpecification","valueRequired":true,"valueName":"search_term_string"}}],"inLanguage":"fr-FR"},{"@type":"Organization","@id":"https:\/\/trendsandvision.nl\/fr\/#organization","name":"Trends &amp; Vision (FR)","url":"https:\/\/trendsandvision.nl\/fr\/","logo":{"@type":"ImageObject","inLanguage":"fr-FR","@id":"https:\/\/trendsandvision.nl\/fr\/#\/schema\/logo\/image\/","url":"https:\/\/trendsandvision.nl\/fr\/wp-content\/uploads\/sites\/4\/2022\/10\/trends-and-vision-logo.jpg","contentUrl":"https:\/\/trendsandvision.nl\/fr\/wp-content\/uploads\/sites\/4\/2022\/10\/trends-and-vision-logo.jpg","width":213,"height":100,"caption":"Trends &amp; Vision (FR)"},"image":{"@id":"https:\/\/trendsandvision.nl\/fr\/#\/schema\/logo\/image\/"}}]}},"_links":{"self":[{"href":"https:\/\/trendsandvision.nl\/fr\/wp-json\/wp\/v2\/product\/16022","targetHints":{"allow":["GET"]}}],"collection":[{"href":"https:\/\/trendsandvision.nl\/fr\/wp-json\/wp\/v2\/product"}],"about":[{"href":"https:\/\/trendsandvision.nl\/fr\/wp-json\/wp\/v2\/types\/product"}],"wp:featuredmedia":[{"embeddable":true,"href":"https:\/\/trendsandvision.nl\/fr\/wp-json\/wp\/v2\/media\/16023"}],"wp:attachment":[{"href":"https:\/\/trendsandvision.nl\/fr\/wp-json\/wp\/v2\/media?parent=16022"}],"wp:term":[{"taxonomy":"product_brand","embeddable":true,"href":"https:\/\/trendsandvision.nl\/fr\/wp-json\/wp\/v2\/product_brand?post=16022"},{"taxonomy":"product_cat","embeddable":true,"href":"https:\/\/trendsandvision.nl\/fr\/wp-json\/wp\/v2\/product_cat?post=16022"},{"taxonomy":"product_tag","embeddable":true,"href":"https:\/\/trendsandvision.nl\/fr\/wp-json\/wp\/v2\/product_tag?post=16022"}],"curies":[{"name":"wp","href":"https:\/\/api.w.org\/{rel}","templated":true}]}}