{"id":10420,"date":"2023-01-06T16:21:20","date_gmt":"2023-01-06T15:21:20","guid":{"rendered":"https:\/\/trendsandvision.nl\/fr\/product\/esschert-design-hotel-a-insectes-wigwam\/"},"modified":"2026-04-07T12:38:21","modified_gmt":"2026-04-07T10:38:21","slug":"esschert-design-hotel-a-insectes-wigwam","status":"publish","type":"product","link":"https:\/\/trendsandvision.nl\/fr\/product\/esschert-design-hotel-a-insectes-wigwam\/","title":{"rendered":"Esschert Design H\u00f4tel \u00e0 insectes wigwam"},"content":{"rendered":"<p>Cet h\u00f4tel \u00e0 insectes en forme de wigwam offre aux abeilles solitaires, coccinelles et perce-oreilles un lieu de nidification et d&rsquo;hivernage. Gr\u00e2ce \u00e0 cet h\u00f4tel \u00e0 insectes, vous contribuez \u00e0 plus de biodiversit\u00e9 dans le jardin. Les insectes remplissent de nombreuses t\u00e2ches importantes dans notre jardin. Ils pollinisent les plantes et agissent comme des agents naturels de lutte antiparasitaire. <\/p>\n<p>&#8211; lieu de nidification et d&rsquo;hivernage &#8211; ouverture \u00e0 l&rsquo;arri\u00e8re<\/p>\n","protected":false},"excerpt":{"rendered":"<p>Cet h\u00f4tel \u00e0 insectes en forme de wigwam offre aux abeilles solitaires, coccinelles et perce-oreilles&#8230;<\/p>\n","protected":false},"featured_media":10421,"template":"","meta":[],"product_brand":[7842,7843],"product_cat":[1307],"product_tag":[],"class_list":{"0":"post-10420","1":"product","2":"type-product","3":"status-publish","4":"has-post-thumbnail","6":"product_brand-esschert-design","7":"product_brand-trends-vision","8":"product_cat-best-for-birds","9":"pa_code-ean-5937","10":"pa_dimensions-181x162x269-cm","11":"pa_fabricant-esschert-design","12":"pa_materiel-bois-pin-bambou-laine-de-bois-pomme-de-pin-gaze","14":"first","15":"instock","16":"sale","17":"taxable","18":"shipping-taxable","19":"purchasable","20":"product-type-simple","21":"czr-hentry"},"yoast_head":"<!-- This site is optimized with the Yoast SEO Premium plugin v26.4 (Yoast SEO v27.4) - https:\/\/yoast.com\/product\/yoast-seo-premium-wordpress\/ -->\n<title>Esschert Design H\u00f4tel \u00e0 insectes wigwam (WA94, 8714982219207) - Trends &amp; Vision<\/title>\n<meta name=\"description\" content=\"Esschert Design H\u00f4tel \u00e0 insectes wigwam (WA94, 8714982219207) - Cet h\u00f4tel \u00e0 insectes en forme de wigwam offre aux abeilles solitaires, coccinelles et perce-oreilles...\" \/>\n<meta name=\"robots\" content=\"index, follow, max-snippet:-1, max-image-preview:large, max-video-preview:-1\" \/>\n<link rel=\"canonical\" href=\"https:\/\/trendsandvision.nl\/fr\/product\/esschert-design-hotel-a-insectes-wigwam\/\" \/>\n<meta property=\"og:locale\" content=\"fr_FR\" \/>\n<meta property=\"og:type\" content=\"article\" \/>\n<meta property=\"og:title\" content=\"Esschert Design H\u00f4tel \u00e0 insectes wigwam\" \/>\n<meta property=\"og:description\" content=\"Esschert Design H\u00f4tel \u00e0 insectes wigwam (WA94, 8714982219207) - Cet h\u00f4tel \u00e0 insectes en forme de wigwam offre aux abeilles solitaires, coccinelles et perce-oreilles...\" \/>\n<meta property=\"og:url\" content=\"https:\/\/trendsandvision.nl\/fr\/product\/esschert-design-hotel-a-insectes-wigwam\/\" \/>\n<meta property=\"og:site_name\" content=\"Trends &amp; Vision (FR)\" \/>\n<meta property=\"article:modified_time\" content=\"2026-04-07T10:38:21+00:00\" \/>\n<meta property=\"og:image\" content=\"https:\/\/trendsandvision.nl\/fr\/wp-content\/uploads\/sites\/4\/2023\/01\/WA94_01.jpg\" \/>\n\t<meta property=\"og:image:width\" content=\"800\" \/>\n\t<meta property=\"og:image:height\" content=\"800\" \/>\n\t<meta property=\"og:image:type\" content=\"image\/jpeg\" \/>\n<meta name=\"twitter:card\" content=\"summary_large_image\" \/>\n<script type=\"application\/ld+json\" class=\"yoast-schema-graph\">{\"@context\":\"https:\\\/\\\/schema.org\",\"@graph\":[{\"@type\":\"WebPage\",\"@id\":\"https:\\\/\\\/trendsandvision.nl\\\/fr\\\/product\\\/esschert-design-hotel-a-insectes-wigwam\\\/\",\"url\":\"https:\\\/\\\/trendsandvision.nl\\\/fr\\\/product\\\/esschert-design-hotel-a-insectes-wigwam\\\/\",\"name\":\"Esschert Design H\u00f4tel \u00e0 insectes wigwam (WA94, 8714982219207) - Trends & Vision\",\"isPartOf\":{\"@id\":\"https:\\\/\\\/trendsandvision.nl\\\/fr\\\/#website\"},\"primaryImageOfPage\":{\"@id\":\"https:\\\/\\\/trendsandvision.nl\\\/fr\\\/product\\\/esschert-design-hotel-a-insectes-wigwam\\\/#primaryimage\"},\"image\":{\"@id\":\"https:\\\/\\\/trendsandvision.nl\\\/fr\\\/product\\\/esschert-design-hotel-a-insectes-wigwam\\\/#primaryimage\"},\"thumbnailUrl\":\"https:\\\/\\\/trendsandvision.nl\\\/fr\\\/wp-content\\\/uploads\\\/sites\\\/4\\\/2023\\\/01\\\/WA94_01.jpg\",\"datePublished\":\"2023-01-06T15:21:20+00:00\",\"dateModified\":\"2026-04-07T10:38:21+00:00\",\"description\":\"Esschert Design H\u00f4tel \u00e0 insectes wigwam (WA94, 8714982219207) - Cet h\u00f4tel \u00e0 insectes en forme de wigwam offre aux abeilles solitaires, coccinelles et perce-oreilles...\",\"breadcrumb\":{\"@id\":\"https:\\\/\\\/trendsandvision.nl\\\/fr\\\/product\\\/esschert-design-hotel-a-insectes-wigwam\\\/#breadcrumb\"},\"inLanguage\":\"fr-FR\",\"potentialAction\":[{\"@type\":\"ReadAction\",\"target\":[\"https:\\\/\\\/trendsandvision.nl\\\/fr\\\/product\\\/esschert-design-hotel-a-insectes-wigwam\\\/\"]}]},{\"@type\":\"ImageObject\",\"inLanguage\":\"fr-FR\",\"@id\":\"https:\\\/\\\/trendsandvision.nl\\\/fr\\\/product\\\/esschert-design-hotel-a-insectes-wigwam\\\/#primaryimage\",\"url\":\"https:\\\/\\\/trendsandvision.nl\\\/fr\\\/wp-content\\\/uploads\\\/sites\\\/4\\\/2023\\\/01\\\/WA94_01.jpg\",\"contentUrl\":\"https:\\\/\\\/trendsandvision.nl\\\/fr\\\/wp-content\\\/uploads\\\/sites\\\/4\\\/2023\\\/01\\\/WA94_01.jpg\",\"width\":800,\"height\":800,\"caption\":\"Esschert Design H\u00f4tel \u00e0 insectes wigwam (WA94 8714982219207) - 01\"},{\"@type\":\"BreadcrumbList\",\"@id\":\"https:\\\/\\\/trendsandvision.nl\\\/fr\\\/product\\\/esschert-design-hotel-a-insectes-wigwam\\\/#breadcrumb\",\"itemListElement\":[{\"@type\":\"ListItem\",\"position\":1,\"name\":\"Home\",\"item\":\"https:\\\/\\\/trendsandvision.nl\\\/fr\\\/\"},{\"@type\":\"ListItem\",\"position\":2,\"name\":\"le magasin\",\"item\":\"https:\\\/\\\/trendsandvision.nl\\\/fr\\\/le-magasin\\\/\"},{\"@type\":\"ListItem\",\"position\":3,\"name\":\"Esschert Design H\u00f4tel \u00e0 insectes wigwam\"}]},{\"@type\":\"WebSite\",\"@id\":\"https:\\\/\\\/trendsandvision.nl\\\/fr\\\/#website\",\"url\":\"https:\\\/\\\/trendsandvision.nl\\\/fr\\\/\",\"name\":\"Trends &amp; Vision (FR)\",\"description\":\"La boutique en ligne pour les articles Esschert Design\",\"publisher\":{\"@id\":\"https:\\\/\\\/trendsandvision.nl\\\/fr\\\/#organization\"},\"potentialAction\":[{\"@type\":\"SearchAction\",\"target\":{\"@type\":\"EntryPoint\",\"urlTemplate\":\"https:\\\/\\\/trendsandvision.nl\\\/fr\\\/?s={search_term_string}\"},\"query-input\":{\"@type\":\"PropertyValueSpecification\",\"valueRequired\":true,\"valueName\":\"search_term_string\"}}],\"inLanguage\":\"fr-FR\"},{\"@type\":\"Organization\",\"@id\":\"https:\\\/\\\/trendsandvision.nl\\\/fr\\\/#organization\",\"name\":\"Trends &amp; Vision (FR)\",\"url\":\"https:\\\/\\\/trendsandvision.nl\\\/fr\\\/\",\"logo\":{\"@type\":\"ImageObject\",\"inLanguage\":\"fr-FR\",\"@id\":\"https:\\\/\\\/trendsandvision.nl\\\/fr\\\/#\\\/schema\\\/logo\\\/image\\\/\",\"url\":\"https:\\\/\\\/trendsandvision.nl\\\/fr\\\/wp-content\\\/uploads\\\/sites\\\/4\\\/2022\\\/10\\\/trends-and-vision-logo.jpg\",\"contentUrl\":\"https:\\\/\\\/trendsandvision.nl\\\/fr\\\/wp-content\\\/uploads\\\/sites\\\/4\\\/2022\\\/10\\\/trends-and-vision-logo.jpg\",\"width\":213,\"height\":100,\"caption\":\"Trends &amp; Vision (FR)\"},\"image\":{\"@id\":\"https:\\\/\\\/trendsandvision.nl\\\/fr\\\/#\\\/schema\\\/logo\\\/image\\\/\"}}]}<\/script>\n<!-- \/ Yoast SEO Premium plugin. -->","yoast_head_json":{"title":"Esschert Design H\u00f4tel \u00e0 insectes wigwam (WA94, 8714982219207) - Trends & Vision","description":"Esschert Design H\u00f4tel \u00e0 insectes wigwam (WA94, 8714982219207) - Cet h\u00f4tel \u00e0 insectes en forme de wigwam offre aux abeilles solitaires, coccinelles et perce-oreilles...","robots":{"index":"index","follow":"follow","max-snippet":"max-snippet:-1","max-image-preview":"max-image-preview:large","max-video-preview":"max-video-preview:-1"},"canonical":"https:\/\/trendsandvision.nl\/fr\/product\/esschert-design-hotel-a-insectes-wigwam\/","og_locale":"fr_FR","og_type":"article","og_title":"Esschert Design H\u00f4tel \u00e0 insectes wigwam","og_description":"Esschert Design H\u00f4tel \u00e0 insectes wigwam (WA94, 8714982219207) - Cet h\u00f4tel \u00e0 insectes en forme de wigwam offre aux abeilles solitaires, coccinelles et perce-oreilles...","og_url":"https:\/\/trendsandvision.nl\/fr\/product\/esschert-design-hotel-a-insectes-wigwam\/","og_site_name":"Trends &amp; Vision (FR)","article_modified_time":"2026-04-07T10:38:21+00:00","og_image":[{"width":800,"height":800,"url":"https:\/\/trendsandvision.nl\/fr\/wp-content\/uploads\/sites\/4\/2023\/01\/WA94_01.jpg","type":"image\/jpeg"}],"twitter_card":"summary_large_image","schema":{"@context":"https:\/\/schema.org","@graph":[{"@type":"WebPage","@id":"https:\/\/trendsandvision.nl\/fr\/product\/esschert-design-hotel-a-insectes-wigwam\/","url":"https:\/\/trendsandvision.nl\/fr\/product\/esschert-design-hotel-a-insectes-wigwam\/","name":"Esschert Design H\u00f4tel \u00e0 insectes wigwam (WA94, 8714982219207) - Trends & Vision","isPartOf":{"@id":"https:\/\/trendsandvision.nl\/fr\/#website"},"primaryImageOfPage":{"@id":"https:\/\/trendsandvision.nl\/fr\/product\/esschert-design-hotel-a-insectes-wigwam\/#primaryimage"},"image":{"@id":"https:\/\/trendsandvision.nl\/fr\/product\/esschert-design-hotel-a-insectes-wigwam\/#primaryimage"},"thumbnailUrl":"https:\/\/trendsandvision.nl\/fr\/wp-content\/uploads\/sites\/4\/2023\/01\/WA94_01.jpg","datePublished":"2023-01-06T15:21:20+00:00","dateModified":"2026-04-07T10:38:21+00:00","description":"Esschert Design H\u00f4tel \u00e0 insectes wigwam (WA94, 8714982219207) - Cet h\u00f4tel \u00e0 insectes en forme de wigwam offre aux abeilles solitaires, coccinelles et perce-oreilles...","breadcrumb":{"@id":"https:\/\/trendsandvision.nl\/fr\/product\/esschert-design-hotel-a-insectes-wigwam\/#breadcrumb"},"inLanguage":"fr-FR","potentialAction":[{"@type":"ReadAction","target":["https:\/\/trendsandvision.nl\/fr\/product\/esschert-design-hotel-a-insectes-wigwam\/"]}]},{"@type":"ImageObject","inLanguage":"fr-FR","@id":"https:\/\/trendsandvision.nl\/fr\/product\/esschert-design-hotel-a-insectes-wigwam\/#primaryimage","url":"https:\/\/trendsandvision.nl\/fr\/wp-content\/uploads\/sites\/4\/2023\/01\/WA94_01.jpg","contentUrl":"https:\/\/trendsandvision.nl\/fr\/wp-content\/uploads\/sites\/4\/2023\/01\/WA94_01.jpg","width":800,"height":800,"caption":"Esschert Design H\u00f4tel \u00e0 insectes wigwam (WA94 8714982219207) - 01"},{"@type":"BreadcrumbList","@id":"https:\/\/trendsandvision.nl\/fr\/product\/esschert-design-hotel-a-insectes-wigwam\/#breadcrumb","itemListElement":[{"@type":"ListItem","position":1,"name":"Home","item":"https:\/\/trendsandvision.nl\/fr\/"},{"@type":"ListItem","position":2,"name":"le magasin","item":"https:\/\/trendsandvision.nl\/fr\/le-magasin\/"},{"@type":"ListItem","position":3,"name":"Esschert Design H\u00f4tel \u00e0 insectes wigwam"}]},{"@type":"WebSite","@id":"https:\/\/trendsandvision.nl\/fr\/#website","url":"https:\/\/trendsandvision.nl\/fr\/","name":"Trends &amp; Vision (FR)","description":"La boutique en ligne pour les articles Esschert Design","publisher":{"@id":"https:\/\/trendsandvision.nl\/fr\/#organization"},"potentialAction":[{"@type":"SearchAction","target":{"@type":"EntryPoint","urlTemplate":"https:\/\/trendsandvision.nl\/fr\/?s={search_term_string}"},"query-input":{"@type":"PropertyValueSpecification","valueRequired":true,"valueName":"search_term_string"}}],"inLanguage":"fr-FR"},{"@type":"Organization","@id":"https:\/\/trendsandvision.nl\/fr\/#organization","name":"Trends &amp; Vision (FR)","url":"https:\/\/trendsandvision.nl\/fr\/","logo":{"@type":"ImageObject","inLanguage":"fr-FR","@id":"https:\/\/trendsandvision.nl\/fr\/#\/schema\/logo\/image\/","url":"https:\/\/trendsandvision.nl\/fr\/wp-content\/uploads\/sites\/4\/2022\/10\/trends-and-vision-logo.jpg","contentUrl":"https:\/\/trendsandvision.nl\/fr\/wp-content\/uploads\/sites\/4\/2022\/10\/trends-and-vision-logo.jpg","width":213,"height":100,"caption":"Trends &amp; Vision (FR)"},"image":{"@id":"https:\/\/trendsandvision.nl\/fr\/#\/schema\/logo\/image\/"}}]}},"_links":{"self":[{"href":"https:\/\/trendsandvision.nl\/fr\/wp-json\/wp\/v2\/product\/10420","targetHints":{"allow":["GET"]}}],"collection":[{"href":"https:\/\/trendsandvision.nl\/fr\/wp-json\/wp\/v2\/product"}],"about":[{"href":"https:\/\/trendsandvision.nl\/fr\/wp-json\/wp\/v2\/types\/product"}],"wp:featuredmedia":[{"embeddable":true,"href":"https:\/\/trendsandvision.nl\/fr\/wp-json\/wp\/v2\/media\/10421"}],"wp:attachment":[{"href":"https:\/\/trendsandvision.nl\/fr\/wp-json\/wp\/v2\/media?parent=10420"}],"wp:term":[{"taxonomy":"product_brand","embeddable":true,"href":"https:\/\/trendsandvision.nl\/fr\/wp-json\/wp\/v2\/product_brand?post=10420"},{"taxonomy":"product_cat","embeddable":true,"href":"https:\/\/trendsandvision.nl\/fr\/wp-json\/wp\/v2\/product_cat?post=10420"},{"taxonomy":"product_tag","embeddable":true,"href":"https:\/\/trendsandvision.nl\/fr\/wp-json\/wp\/v2\/product_tag?post=10420"}],"curies":[{"name":"wp","href":"https:\/\/api.w.org\/{rel}","templated":true}]}}