{"id":10267,"date":"2023-01-06T16:18:32","date_gmt":"2023-01-06T15:18:32","guid":{"rendered":"https:\/\/trendsandvision.nl\/fr\/product\/esschert-design-paillasson-coco-maisons-de-canal\/"},"modified":"2026-04-22T16:04:05","modified_gmt":"2026-04-22T14:04:05","slug":"esschert-design-paillasson-coco-maisons-de-canal","status":"publish","type":"product","link":"https:\/\/trendsandvision.nl\/fr\/product\/esschert-design-paillasson-coco-maisons-de-canal\/","title":{"rendered":"Esschert Design Paillasson coco maisons de canal"},"content":{"rendered":"<p>Ce paillasson coco est fonctionnel et d\u00e9coratif ! Le motif du paillasson \u00e9voque les maisons bordant les canaux et ses fibres solides le rendent parfaitement adapt\u00e9 pour essuyer bottes et chaussures. Gr\u00e2ce au support en PVC, le paillasson reste bien en place. <\/p>\n<p>&#8211; en coco &#8211; antid\u00e9rapant &#8211; support en PVC &#8211; convient pour une utilisation int\u00e9rieure et ext\u00e9rieure<\/p>\n","protected":false},"excerpt":{"rendered":"<p>Ce paillasson coco est fonctionnel et d\u00e9coratif ! Le motif du paillasson \u00e9voque les maisons bordant &#8230;<\/p>\n","protected":false},"featured_media":10268,"template":"","meta":[],"product_brand":[7842,7843],"product_cat":[827],"product_tag":[],"class_list":{"0":"post-10267","1":"product","2":"type-product","3":"status-publish","4":"has-post-thumbnail","6":"product_brand-esschert-design","7":"product_brand-trends-vision","8":"product_cat-best-for-boots","9":"pa_code-ean-5855","10":"pa_dimensions-750x308x16-cm","11":"pa_fabricant-esschert-design","12":"pa_materiel-fibre-coco-pvc","14":"first","15":"instock","16":"sale","17":"taxable","18":"shipping-taxable","19":"purchasable","20":"product-type-simple","21":"czr-hentry"},"yoast_head":"<!-- This site is optimized with the Yoast SEO Premium plugin v27.4 (Yoast SEO v27.4) - https:\/\/yoast.com\/product\/yoast-seo-premium-wordpress\/ -->\n<title>Esschert Design Paillasson coco maisons de canal (RB272, 8714982214745) - Trends &amp; Vision<\/title>\n<meta name=\"description\" content=\"Esschert Design Paillasson coco maisons de canal (RB272, 8714982214745) - Ce paillasson coco est fonctionnel et d\u00e9coratif ! Le motif du paillasson \u00e9voque les maisons bordant ...\" \/>\n<meta name=\"robots\" content=\"index, follow, max-snippet:-1, max-image-preview:large, max-video-preview:-1\" \/>\n<link rel=\"canonical\" href=\"https:\/\/trendsandvision.nl\/fr\/product\/esschert-design-paillasson-coco-maisons-de-canal\/\" \/>\n<meta property=\"og:locale\" content=\"fr_FR\" \/>\n<meta property=\"og:type\" content=\"article\" \/>\n<meta property=\"og:title\" content=\"Esschert Design Paillasson coco maisons de canal\" \/>\n<meta property=\"og:description\" content=\"Esschert Design Paillasson coco maisons de canal (RB272, 8714982214745) - Ce paillasson coco est fonctionnel et d\u00e9coratif ! Le motif du paillasson \u00e9voque les maisons bordant ...\" \/>\n<meta property=\"og:url\" content=\"https:\/\/trendsandvision.nl\/fr\/product\/esschert-design-paillasson-coco-maisons-de-canal\/\" \/>\n<meta property=\"og:site_name\" content=\"Trends &amp; Vision (FR)\" \/>\n<meta property=\"article:modified_time\" content=\"2026-04-22T14:04:05+00:00\" \/>\n<meta property=\"og:image\" content=\"https:\/\/trendsandvision.nl\/fr\/wp-content\/uploads\/sites\/4\/2023\/01\/RB272_01.jpg\" \/>\n\t<meta property=\"og:image:width\" content=\"800\" \/>\n\t<meta property=\"og:image:height\" content=\"800\" \/>\n\t<meta property=\"og:image:type\" content=\"image\/jpeg\" \/>\n<meta name=\"twitter:card\" content=\"summary_large_image\" \/>\n<script type=\"application\/ld+json\" class=\"yoast-schema-graph\">{\"@context\":\"https:\\\/\\\/schema.org\",\"@graph\":[{\"@type\":\"WebPage\",\"@id\":\"https:\\\/\\\/trendsandvision.nl\\\/fr\\\/product\\\/esschert-design-paillasson-coco-maisons-de-canal\\\/\",\"url\":\"https:\\\/\\\/trendsandvision.nl\\\/fr\\\/product\\\/esschert-design-paillasson-coco-maisons-de-canal\\\/\",\"name\":\"Esschert Design Paillasson coco maisons de canal (RB272, 8714982214745) - Trends & Vision\",\"isPartOf\":{\"@id\":\"https:\\\/\\\/trendsandvision.nl\\\/fr\\\/#website\"},\"primaryImageOfPage\":{\"@id\":\"https:\\\/\\\/trendsandvision.nl\\\/fr\\\/product\\\/esschert-design-paillasson-coco-maisons-de-canal\\\/#primaryimage\"},\"image\":{\"@id\":\"https:\\\/\\\/trendsandvision.nl\\\/fr\\\/product\\\/esschert-design-paillasson-coco-maisons-de-canal\\\/#primaryimage\"},\"thumbnailUrl\":\"https:\\\/\\\/trendsandvision.nl\\\/fr\\\/wp-content\\\/uploads\\\/sites\\\/4\\\/2023\\\/01\\\/RB272_01.jpg\",\"datePublished\":\"2023-01-06T15:18:32+00:00\",\"dateModified\":\"2026-04-22T14:04:05+00:00\",\"description\":\"Esschert Design Paillasson coco maisons de canal (RB272, 8714982214745) - Ce paillasson coco est fonctionnel et d\u00e9coratif ! Le motif du paillasson \u00e9voque les maisons bordant ...\",\"breadcrumb\":{\"@id\":\"https:\\\/\\\/trendsandvision.nl\\\/fr\\\/product\\\/esschert-design-paillasson-coco-maisons-de-canal\\\/#breadcrumb\"},\"inLanguage\":\"fr-FR\",\"potentialAction\":[{\"@type\":\"ReadAction\",\"target\":[\"https:\\\/\\\/trendsandvision.nl\\\/fr\\\/product\\\/esschert-design-paillasson-coco-maisons-de-canal\\\/\"]}]},{\"@type\":\"ImageObject\",\"inLanguage\":\"fr-FR\",\"@id\":\"https:\\\/\\\/trendsandvision.nl\\\/fr\\\/product\\\/esschert-design-paillasson-coco-maisons-de-canal\\\/#primaryimage\",\"url\":\"https:\\\/\\\/trendsandvision.nl\\\/fr\\\/wp-content\\\/uploads\\\/sites\\\/4\\\/2023\\\/01\\\/RB272_01.jpg\",\"contentUrl\":\"https:\\\/\\\/trendsandvision.nl\\\/fr\\\/wp-content\\\/uploads\\\/sites\\\/4\\\/2023\\\/01\\\/RB272_01.jpg\",\"width\":800,\"height\":800,\"caption\":\"Esschert Design Paillasson coco maisons de canal (RB272 8714982214745) - 01\"},{\"@type\":\"BreadcrumbList\",\"@id\":\"https:\\\/\\\/trendsandvision.nl\\\/fr\\\/product\\\/esschert-design-paillasson-coco-maisons-de-canal\\\/#breadcrumb\",\"itemListElement\":[{\"@type\":\"ListItem\",\"position\":1,\"name\":\"Home\",\"item\":\"https:\\\/\\\/trendsandvision.nl\\\/fr\\\/\"},{\"@type\":\"ListItem\",\"position\":2,\"name\":\"le magasin\",\"item\":\"https:\\\/\\\/trendsandvision.nl\\\/fr\\\/le-magasin\\\/\"},{\"@type\":\"ListItem\",\"position\":3,\"name\":\"Esschert Design Paillasson coco maisons de canal\"}]},{\"@type\":\"WebSite\",\"@id\":\"https:\\\/\\\/trendsandvision.nl\\\/fr\\\/#website\",\"url\":\"https:\\\/\\\/trendsandvision.nl\\\/fr\\\/\",\"name\":\"Trends &amp; Vision (FR)\",\"description\":\"La boutique en ligne pour les articles Esschert Design\",\"publisher\":{\"@id\":\"https:\\\/\\\/trendsandvision.nl\\\/fr\\\/#organization\"},\"potentialAction\":[{\"@type\":\"SearchAction\",\"target\":{\"@type\":\"EntryPoint\",\"urlTemplate\":\"https:\\\/\\\/trendsandvision.nl\\\/fr\\\/?s={search_term_string}\"},\"query-input\":{\"@type\":\"PropertyValueSpecification\",\"valueRequired\":true,\"valueName\":\"search_term_string\"}}],\"inLanguage\":\"fr-FR\"},{\"@type\":\"Organization\",\"@id\":\"https:\\\/\\\/trendsandvision.nl\\\/fr\\\/#organization\",\"name\":\"Trends &amp; Vision (FR)\",\"url\":\"https:\\\/\\\/trendsandvision.nl\\\/fr\\\/\",\"logo\":{\"@type\":\"ImageObject\",\"inLanguage\":\"fr-FR\",\"@id\":\"https:\\\/\\\/trendsandvision.nl\\\/fr\\\/#\\\/schema\\\/logo\\\/image\\\/\",\"url\":\"https:\\\/\\\/trendsandvision.nl\\\/fr\\\/wp-content\\\/uploads\\\/sites\\\/4\\\/2022\\\/10\\\/trends-and-vision-logo.jpg\",\"contentUrl\":\"https:\\\/\\\/trendsandvision.nl\\\/fr\\\/wp-content\\\/uploads\\\/sites\\\/4\\\/2022\\\/10\\\/trends-and-vision-logo.jpg\",\"width\":213,\"height\":100,\"caption\":\"Trends &amp; Vision (FR)\"},\"image\":{\"@id\":\"https:\\\/\\\/trendsandvision.nl\\\/fr\\\/#\\\/schema\\\/logo\\\/image\\\/\"}}]}<\/script>\n<!-- \/ Yoast SEO Premium plugin. -->","yoast_head_json":{"title":"Esschert Design Paillasson coco maisons de canal (RB272, 8714982214745) - Trends & Vision","description":"Esschert Design Paillasson coco maisons de canal (RB272, 8714982214745) - Ce paillasson coco est fonctionnel et d\u00e9coratif ! Le motif du paillasson \u00e9voque les maisons bordant ...","robots":{"index":"index","follow":"follow","max-snippet":"max-snippet:-1","max-image-preview":"max-image-preview:large","max-video-preview":"max-video-preview:-1"},"canonical":"https:\/\/trendsandvision.nl\/fr\/product\/esschert-design-paillasson-coco-maisons-de-canal\/","og_locale":"fr_FR","og_type":"article","og_title":"Esschert Design Paillasson coco maisons de canal","og_description":"Esschert Design Paillasson coco maisons de canal (RB272, 8714982214745) - Ce paillasson coco est fonctionnel et d\u00e9coratif ! Le motif du paillasson \u00e9voque les maisons bordant ...","og_url":"https:\/\/trendsandvision.nl\/fr\/product\/esschert-design-paillasson-coco-maisons-de-canal\/","og_site_name":"Trends &amp; Vision (FR)","article_modified_time":"2026-04-22T14:04:05+00:00","og_image":[{"width":800,"height":800,"url":"https:\/\/trendsandvision.nl\/fr\/wp-content\/uploads\/sites\/4\/2023\/01\/RB272_01.jpg","type":"image\/jpeg"}],"twitter_card":"summary_large_image","schema":{"@context":"https:\/\/schema.org","@graph":[{"@type":"WebPage","@id":"https:\/\/trendsandvision.nl\/fr\/product\/esschert-design-paillasson-coco-maisons-de-canal\/","url":"https:\/\/trendsandvision.nl\/fr\/product\/esschert-design-paillasson-coco-maisons-de-canal\/","name":"Esschert Design Paillasson coco maisons de canal (RB272, 8714982214745) - Trends & Vision","isPartOf":{"@id":"https:\/\/trendsandvision.nl\/fr\/#website"},"primaryImageOfPage":{"@id":"https:\/\/trendsandvision.nl\/fr\/product\/esschert-design-paillasson-coco-maisons-de-canal\/#primaryimage"},"image":{"@id":"https:\/\/trendsandvision.nl\/fr\/product\/esschert-design-paillasson-coco-maisons-de-canal\/#primaryimage"},"thumbnailUrl":"https:\/\/trendsandvision.nl\/fr\/wp-content\/uploads\/sites\/4\/2023\/01\/RB272_01.jpg","datePublished":"2023-01-06T15:18:32+00:00","dateModified":"2026-04-22T14:04:05+00:00","description":"Esschert Design Paillasson coco maisons de canal (RB272, 8714982214745) - Ce paillasson coco est fonctionnel et d\u00e9coratif ! Le motif du paillasson \u00e9voque les maisons bordant ...","breadcrumb":{"@id":"https:\/\/trendsandvision.nl\/fr\/product\/esschert-design-paillasson-coco-maisons-de-canal\/#breadcrumb"},"inLanguage":"fr-FR","potentialAction":[{"@type":"ReadAction","target":["https:\/\/trendsandvision.nl\/fr\/product\/esschert-design-paillasson-coco-maisons-de-canal\/"]}]},{"@type":"ImageObject","inLanguage":"fr-FR","@id":"https:\/\/trendsandvision.nl\/fr\/product\/esschert-design-paillasson-coco-maisons-de-canal\/#primaryimage","url":"https:\/\/trendsandvision.nl\/fr\/wp-content\/uploads\/sites\/4\/2023\/01\/RB272_01.jpg","contentUrl":"https:\/\/trendsandvision.nl\/fr\/wp-content\/uploads\/sites\/4\/2023\/01\/RB272_01.jpg","width":800,"height":800,"caption":"Esschert Design Paillasson coco maisons de canal (RB272 8714982214745) - 01"},{"@type":"BreadcrumbList","@id":"https:\/\/trendsandvision.nl\/fr\/product\/esschert-design-paillasson-coco-maisons-de-canal\/#breadcrumb","itemListElement":[{"@type":"ListItem","position":1,"name":"Home","item":"https:\/\/trendsandvision.nl\/fr\/"},{"@type":"ListItem","position":2,"name":"le magasin","item":"https:\/\/trendsandvision.nl\/fr\/le-magasin\/"},{"@type":"ListItem","position":3,"name":"Esschert Design Paillasson coco maisons de canal"}]},{"@type":"WebSite","@id":"https:\/\/trendsandvision.nl\/fr\/#website","url":"https:\/\/trendsandvision.nl\/fr\/","name":"Trends &amp; Vision (FR)","description":"La boutique en ligne pour les articles Esschert Design","publisher":{"@id":"https:\/\/trendsandvision.nl\/fr\/#organization"},"potentialAction":[{"@type":"SearchAction","target":{"@type":"EntryPoint","urlTemplate":"https:\/\/trendsandvision.nl\/fr\/?s={search_term_string}"},"query-input":{"@type":"PropertyValueSpecification","valueRequired":true,"valueName":"search_term_string"}}],"inLanguage":"fr-FR"},{"@type":"Organization","@id":"https:\/\/trendsandvision.nl\/fr\/#organization","name":"Trends &amp; Vision (FR)","url":"https:\/\/trendsandvision.nl\/fr\/","logo":{"@type":"ImageObject","inLanguage":"fr-FR","@id":"https:\/\/trendsandvision.nl\/fr\/#\/schema\/logo\/image\/","url":"https:\/\/trendsandvision.nl\/fr\/wp-content\/uploads\/sites\/4\/2022\/10\/trends-and-vision-logo.jpg","contentUrl":"https:\/\/trendsandvision.nl\/fr\/wp-content\/uploads\/sites\/4\/2022\/10\/trends-and-vision-logo.jpg","width":213,"height":100,"caption":"Trends &amp; Vision (FR)"},"image":{"@id":"https:\/\/trendsandvision.nl\/fr\/#\/schema\/logo\/image\/"}}]}},"_links":{"self":[{"href":"https:\/\/trendsandvision.nl\/fr\/wp-json\/wp\/v2\/product\/10267","targetHints":{"allow":["GET"]}}],"collection":[{"href":"https:\/\/trendsandvision.nl\/fr\/wp-json\/wp\/v2\/product"}],"about":[{"href":"https:\/\/trendsandvision.nl\/fr\/wp-json\/wp\/v2\/types\/product"}],"wp:featuredmedia":[{"embeddable":true,"href":"https:\/\/trendsandvision.nl\/fr\/wp-json\/wp\/v2\/media\/10268"}],"wp:attachment":[{"href":"https:\/\/trendsandvision.nl\/fr\/wp-json\/wp\/v2\/media?parent=10267"}],"wp:term":[{"taxonomy":"product_brand","embeddable":true,"href":"https:\/\/trendsandvision.nl\/fr\/wp-json\/wp\/v2\/product_brand?post=10267"},{"taxonomy":"product_cat","embeddable":true,"href":"https:\/\/trendsandvision.nl\/fr\/wp-json\/wp\/v2\/product_cat?post=10267"},{"taxonomy":"product_tag","embeddable":true,"href":"https:\/\/trendsandvision.nl\/fr\/wp-json\/wp\/v2\/product_tag?post=10267"}],"curies":[{"name":"wp","href":"https:\/\/api.w.org\/{rel}","templated":true}]}}