{"id":10106,"date":"2023-01-06T16:16:07","date_gmt":"2023-01-06T15:16:07","guid":{"rendered":"https:\/\/trendsandvision.nl\/fr\/product\/esschert-design-table-a-rempoter-avec-etagere-naturelle\/"},"modified":"2026-04-22T15:58:27","modified_gmt":"2026-04-22T13:58:27","slug":"esschert-design-table-a-rempoter-avec-etagere-naturelle","status":"publish","type":"product","link":"https:\/\/trendsandvision.nl\/fr\/product\/esschert-design-table-a-rempoter-avec-etagere-naturelle\/","title":{"rendered":"Esschert Design Table \u00e0 rempoter avec \u00e9tag\u00e8re naturelle"},"content":{"rendered":"<p>Toutes les fournitures de rempotage \u00e0 port\u00e9e de main avec cette table de travail de jardin. Gr\u00e2ce \u00e0 la hauteur de travail de cette table de rempotage, vous \u00e9vitez les probl\u00e8mes de dos. La table de travail blanche a trois tiroirs, un plateau en zinc, une \u00e9tag\u00e8re de rangement et une \u00e9tag\u00e8re sup\u00e9rieure.<\/p>\n<p>&#8211; plateau en zinc &#8211; 3 tiroirs &#8211; \u00e9tag\u00e8re de rangement &#8211; \u00e9tag\u00e8re sup\u00e9rieure &#8211; produit en Europe<\/p>\n","protected":false},"excerpt":{"rendered":"<p>Toutes les fournitures de rempotage \u00e0 port\u00e9e de main avec cette table de travail de jardin. Gr\u00e2ce \u00e0 &#8230;<\/p>\n","protected":false},"featured_media":10107,"template":"","meta":[],"product_brand":[7842,7843],"product_cat":[484],"product_tag":[],"class_list":{"0":"post-10106","1":"product","2":"type-product","3":"status-publish","4":"has-post-thumbnail","6":"product_brand-esschert-design","7":"product_brand-trends-vision","8":"product_cat-esscherts-garden","9":"pa_code-ean-5770","10":"pa_dimensions-801x379x1130-cm","11":"pa_fabricant-esschert-design","12":"pa_materiel-bois-pin-zinc","14":"first","15":"instock","16":"sale","17":"taxable","18":"shipping-taxable","19":"purchasable","20":"product-type-simple","21":"czr-hentry"},"yoast_head":"<!-- This site is optimized with the Yoast SEO Premium plugin v27.4 (Yoast SEO v27.5) - https:\/\/yoast.com\/product\/yoast-seo-premium-wordpress\/ -->\n<title>Esschert Design Table \u00e0 rempoter avec \u00e9tag\u00e8re naturelle (NG141, 8714982225970) - Trends &amp; Vision<\/title>\n<meta name=\"description\" content=\"Esschert Design Table \u00e0 rempoter avec \u00e9tag\u00e8re naturelle (NG141, 8714982225970) - Toutes les fournitures de rempotage \u00e0 port\u00e9e de main avec cette table de travail de jardin. Gr\u00e2ce \u00e0 ...\" \/>\n<meta name=\"robots\" content=\"index, follow, max-snippet:-1, max-image-preview:large, max-video-preview:-1\" \/>\n<link rel=\"canonical\" href=\"https:\/\/trendsandvision.nl\/fr\/product\/esschert-design-table-a-rempoter-avec-etagere-naturelle\/\" \/>\n<meta property=\"og:locale\" content=\"fr_FR\" \/>\n<meta property=\"og:type\" content=\"article\" \/>\n<meta property=\"og:title\" content=\"Esschert Design Table \u00e0 rempoter avec \u00e9tag\u00e8re naturelle\" \/>\n<meta property=\"og:description\" content=\"Esschert Design Table \u00e0 rempoter avec \u00e9tag\u00e8re naturelle (NG141, 8714982225970) - Toutes les fournitures de rempotage \u00e0 port\u00e9e de main avec cette table de travail de jardin. Gr\u00e2ce \u00e0 ...\" \/>\n<meta property=\"og:url\" content=\"https:\/\/trendsandvision.nl\/fr\/product\/esschert-design-table-a-rempoter-avec-etagere-naturelle\/\" \/>\n<meta property=\"og:site_name\" content=\"Trends &amp; Vision (FR)\" \/>\n<meta property=\"article:modified_time\" content=\"2026-04-22T13:58:27+00:00\" \/>\n<meta property=\"og:image\" content=\"https:\/\/trendsandvision.nl\/fr\/wp-content\/uploads\/sites\/4\/2023\/01\/NG141_01.jpg\" \/>\n\t<meta property=\"og:image:width\" content=\"800\" \/>\n\t<meta property=\"og:image:height\" content=\"800\" \/>\n\t<meta property=\"og:image:type\" content=\"image\/jpeg\" \/>\n<meta name=\"twitter:card\" content=\"summary_large_image\" \/>\n<script type=\"application\/ld+json\" class=\"yoast-schema-graph\">{\"@context\":\"https:\\\/\\\/schema.org\",\"@graph\":[{\"@type\":\"WebPage\",\"@id\":\"https:\\\/\\\/trendsandvision.nl\\\/fr\\\/product\\\/esschert-design-table-a-rempoter-avec-etagere-naturelle\\\/\",\"url\":\"https:\\\/\\\/trendsandvision.nl\\\/fr\\\/product\\\/esschert-design-table-a-rempoter-avec-etagere-naturelle\\\/\",\"name\":\"Esschert Design Table \u00e0 rempoter avec \u00e9tag\u00e8re naturelle (NG141, 8714982225970) - Trends & Vision\",\"isPartOf\":{\"@id\":\"https:\\\/\\\/trendsandvision.nl\\\/fr\\\/#website\"},\"primaryImageOfPage\":{\"@id\":\"https:\\\/\\\/trendsandvision.nl\\\/fr\\\/product\\\/esschert-design-table-a-rempoter-avec-etagere-naturelle\\\/#primaryimage\"},\"image\":{\"@id\":\"https:\\\/\\\/trendsandvision.nl\\\/fr\\\/product\\\/esschert-design-table-a-rempoter-avec-etagere-naturelle\\\/#primaryimage\"},\"thumbnailUrl\":\"https:\\\/\\\/trendsandvision.nl\\\/fr\\\/wp-content\\\/uploads\\\/sites\\\/4\\\/2023\\\/01\\\/NG141_01.jpg\",\"datePublished\":\"2023-01-06T15:16:07+00:00\",\"dateModified\":\"2026-04-22T13:58:27+00:00\",\"description\":\"Esschert Design Table \u00e0 rempoter avec \u00e9tag\u00e8re naturelle (NG141, 8714982225970) - Toutes les fournitures de rempotage \u00e0 port\u00e9e de main avec cette table de travail de jardin. Gr\u00e2ce \u00e0 ...\",\"breadcrumb\":{\"@id\":\"https:\\\/\\\/trendsandvision.nl\\\/fr\\\/product\\\/esschert-design-table-a-rempoter-avec-etagere-naturelle\\\/#breadcrumb\"},\"inLanguage\":\"fr-FR\",\"potentialAction\":[{\"@type\":\"ReadAction\",\"target\":[\"https:\\\/\\\/trendsandvision.nl\\\/fr\\\/product\\\/esschert-design-table-a-rempoter-avec-etagere-naturelle\\\/\"]}]},{\"@type\":\"ImageObject\",\"inLanguage\":\"fr-FR\",\"@id\":\"https:\\\/\\\/trendsandvision.nl\\\/fr\\\/product\\\/esschert-design-table-a-rempoter-avec-etagere-naturelle\\\/#primaryimage\",\"url\":\"https:\\\/\\\/trendsandvision.nl\\\/fr\\\/wp-content\\\/uploads\\\/sites\\\/4\\\/2023\\\/01\\\/NG141_01.jpg\",\"contentUrl\":\"https:\\\/\\\/trendsandvision.nl\\\/fr\\\/wp-content\\\/uploads\\\/sites\\\/4\\\/2023\\\/01\\\/NG141_01.jpg\",\"width\":800,\"height\":800,\"caption\":\"Esschert Design Table \u00e0 rempoter avec \u00e9tag\u00e8re naturelle (NG141 8714982225970) - 01\"},{\"@type\":\"BreadcrumbList\",\"@id\":\"https:\\\/\\\/trendsandvision.nl\\\/fr\\\/product\\\/esschert-design-table-a-rempoter-avec-etagere-naturelle\\\/#breadcrumb\",\"itemListElement\":[{\"@type\":\"ListItem\",\"position\":1,\"name\":\"Home\",\"item\":\"https:\\\/\\\/trendsandvision.nl\\\/fr\\\/\"},{\"@type\":\"ListItem\",\"position\":2,\"name\":\"le magasin\",\"item\":\"https:\\\/\\\/trendsandvision.nl\\\/fr\\\/le-magasin\\\/\"},{\"@type\":\"ListItem\",\"position\":3,\"name\":\"Esschert Design Table \u00e0 rempoter avec \u00e9tag\u00e8re naturelle\"}]},{\"@type\":\"WebSite\",\"@id\":\"https:\\\/\\\/trendsandvision.nl\\\/fr\\\/#website\",\"url\":\"https:\\\/\\\/trendsandvision.nl\\\/fr\\\/\",\"name\":\"Trends &amp; Vision (FR)\",\"description\":\"La boutique en ligne pour les articles Esschert Design\",\"publisher\":{\"@id\":\"https:\\\/\\\/trendsandvision.nl\\\/fr\\\/#organization\"},\"potentialAction\":[{\"@type\":\"SearchAction\",\"target\":{\"@type\":\"EntryPoint\",\"urlTemplate\":\"https:\\\/\\\/trendsandvision.nl\\\/fr\\\/?s={search_term_string}\"},\"query-input\":{\"@type\":\"PropertyValueSpecification\",\"valueRequired\":true,\"valueName\":\"search_term_string\"}}],\"inLanguage\":\"fr-FR\"},{\"@type\":\"Organization\",\"@id\":\"https:\\\/\\\/trendsandvision.nl\\\/fr\\\/#organization\",\"name\":\"Trends &amp; Vision (FR)\",\"url\":\"https:\\\/\\\/trendsandvision.nl\\\/fr\\\/\",\"logo\":{\"@type\":\"ImageObject\",\"inLanguage\":\"fr-FR\",\"@id\":\"https:\\\/\\\/trendsandvision.nl\\\/fr\\\/#\\\/schema\\\/logo\\\/image\\\/\",\"url\":\"https:\\\/\\\/trendsandvision.nl\\\/fr\\\/wp-content\\\/uploads\\\/sites\\\/4\\\/2022\\\/10\\\/trends-and-vision-logo.jpg\",\"contentUrl\":\"https:\\\/\\\/trendsandvision.nl\\\/fr\\\/wp-content\\\/uploads\\\/sites\\\/4\\\/2022\\\/10\\\/trends-and-vision-logo.jpg\",\"width\":213,\"height\":100,\"caption\":\"Trends &amp; Vision (FR)\"},\"image\":{\"@id\":\"https:\\\/\\\/trendsandvision.nl\\\/fr\\\/#\\\/schema\\\/logo\\\/image\\\/\"}}]}<\/script>\n<!-- \/ Yoast SEO Premium plugin. -->","yoast_head_json":{"title":"Esschert Design Table \u00e0 rempoter avec \u00e9tag\u00e8re naturelle (NG141, 8714982225970) - Trends & Vision","description":"Esschert Design Table \u00e0 rempoter avec \u00e9tag\u00e8re naturelle (NG141, 8714982225970) - Toutes les fournitures de rempotage \u00e0 port\u00e9e de main avec cette table de travail de jardin. Gr\u00e2ce \u00e0 ...","robots":{"index":"index","follow":"follow","max-snippet":"max-snippet:-1","max-image-preview":"max-image-preview:large","max-video-preview":"max-video-preview:-1"},"canonical":"https:\/\/trendsandvision.nl\/fr\/product\/esschert-design-table-a-rempoter-avec-etagere-naturelle\/","og_locale":"fr_FR","og_type":"article","og_title":"Esschert Design Table \u00e0 rempoter avec \u00e9tag\u00e8re naturelle","og_description":"Esschert Design Table \u00e0 rempoter avec \u00e9tag\u00e8re naturelle (NG141, 8714982225970) - Toutes les fournitures de rempotage \u00e0 port\u00e9e de main avec cette table de travail de jardin. Gr\u00e2ce \u00e0 ...","og_url":"https:\/\/trendsandvision.nl\/fr\/product\/esschert-design-table-a-rempoter-avec-etagere-naturelle\/","og_site_name":"Trends &amp; Vision (FR)","article_modified_time":"2026-04-22T13:58:27+00:00","og_image":[{"width":800,"height":800,"url":"https:\/\/trendsandvision.nl\/fr\/wp-content\/uploads\/sites\/4\/2023\/01\/NG141_01.jpg","type":"image\/jpeg"}],"twitter_card":"summary_large_image","schema":{"@context":"https:\/\/schema.org","@graph":[{"@type":"WebPage","@id":"https:\/\/trendsandvision.nl\/fr\/product\/esschert-design-table-a-rempoter-avec-etagere-naturelle\/","url":"https:\/\/trendsandvision.nl\/fr\/product\/esschert-design-table-a-rempoter-avec-etagere-naturelle\/","name":"Esschert Design Table \u00e0 rempoter avec \u00e9tag\u00e8re naturelle (NG141, 8714982225970) - Trends & Vision","isPartOf":{"@id":"https:\/\/trendsandvision.nl\/fr\/#website"},"primaryImageOfPage":{"@id":"https:\/\/trendsandvision.nl\/fr\/product\/esschert-design-table-a-rempoter-avec-etagere-naturelle\/#primaryimage"},"image":{"@id":"https:\/\/trendsandvision.nl\/fr\/product\/esschert-design-table-a-rempoter-avec-etagere-naturelle\/#primaryimage"},"thumbnailUrl":"https:\/\/trendsandvision.nl\/fr\/wp-content\/uploads\/sites\/4\/2023\/01\/NG141_01.jpg","datePublished":"2023-01-06T15:16:07+00:00","dateModified":"2026-04-22T13:58:27+00:00","description":"Esschert Design Table \u00e0 rempoter avec \u00e9tag\u00e8re naturelle (NG141, 8714982225970) - Toutes les fournitures de rempotage \u00e0 port\u00e9e de main avec cette table de travail de jardin. Gr\u00e2ce \u00e0 ...","breadcrumb":{"@id":"https:\/\/trendsandvision.nl\/fr\/product\/esschert-design-table-a-rempoter-avec-etagere-naturelle\/#breadcrumb"},"inLanguage":"fr-FR","potentialAction":[{"@type":"ReadAction","target":["https:\/\/trendsandvision.nl\/fr\/product\/esschert-design-table-a-rempoter-avec-etagere-naturelle\/"]}]},{"@type":"ImageObject","inLanguage":"fr-FR","@id":"https:\/\/trendsandvision.nl\/fr\/product\/esschert-design-table-a-rempoter-avec-etagere-naturelle\/#primaryimage","url":"https:\/\/trendsandvision.nl\/fr\/wp-content\/uploads\/sites\/4\/2023\/01\/NG141_01.jpg","contentUrl":"https:\/\/trendsandvision.nl\/fr\/wp-content\/uploads\/sites\/4\/2023\/01\/NG141_01.jpg","width":800,"height":800,"caption":"Esschert Design Table \u00e0 rempoter avec \u00e9tag\u00e8re naturelle (NG141 8714982225970) - 01"},{"@type":"BreadcrumbList","@id":"https:\/\/trendsandvision.nl\/fr\/product\/esschert-design-table-a-rempoter-avec-etagere-naturelle\/#breadcrumb","itemListElement":[{"@type":"ListItem","position":1,"name":"Home","item":"https:\/\/trendsandvision.nl\/fr\/"},{"@type":"ListItem","position":2,"name":"le magasin","item":"https:\/\/trendsandvision.nl\/fr\/le-magasin\/"},{"@type":"ListItem","position":3,"name":"Esschert Design Table \u00e0 rempoter avec \u00e9tag\u00e8re naturelle"}]},{"@type":"WebSite","@id":"https:\/\/trendsandvision.nl\/fr\/#website","url":"https:\/\/trendsandvision.nl\/fr\/","name":"Trends &amp; Vision (FR)","description":"La boutique en ligne pour les articles Esschert Design","publisher":{"@id":"https:\/\/trendsandvision.nl\/fr\/#organization"},"potentialAction":[{"@type":"SearchAction","target":{"@type":"EntryPoint","urlTemplate":"https:\/\/trendsandvision.nl\/fr\/?s={search_term_string}"},"query-input":{"@type":"PropertyValueSpecification","valueRequired":true,"valueName":"search_term_string"}}],"inLanguage":"fr-FR"},{"@type":"Organization","@id":"https:\/\/trendsandvision.nl\/fr\/#organization","name":"Trends &amp; Vision (FR)","url":"https:\/\/trendsandvision.nl\/fr\/","logo":{"@type":"ImageObject","inLanguage":"fr-FR","@id":"https:\/\/trendsandvision.nl\/fr\/#\/schema\/logo\/image\/","url":"https:\/\/trendsandvision.nl\/fr\/wp-content\/uploads\/sites\/4\/2022\/10\/trends-and-vision-logo.jpg","contentUrl":"https:\/\/trendsandvision.nl\/fr\/wp-content\/uploads\/sites\/4\/2022\/10\/trends-and-vision-logo.jpg","width":213,"height":100,"caption":"Trends &amp; Vision (FR)"},"image":{"@id":"https:\/\/trendsandvision.nl\/fr\/#\/schema\/logo\/image\/"}}]}},"_links":{"self":[{"href":"https:\/\/trendsandvision.nl\/fr\/wp-json\/wp\/v2\/product\/10106","targetHints":{"allow":["GET"]}}],"collection":[{"href":"https:\/\/trendsandvision.nl\/fr\/wp-json\/wp\/v2\/product"}],"about":[{"href":"https:\/\/trendsandvision.nl\/fr\/wp-json\/wp\/v2\/types\/product"}],"wp:featuredmedia":[{"embeddable":true,"href":"https:\/\/trendsandvision.nl\/fr\/wp-json\/wp\/v2\/media\/10107"}],"wp:attachment":[{"href":"https:\/\/trendsandvision.nl\/fr\/wp-json\/wp\/v2\/media?parent=10106"}],"wp:term":[{"taxonomy":"product_brand","embeddable":true,"href":"https:\/\/trendsandvision.nl\/fr\/wp-json\/wp\/v2\/product_brand?post=10106"},{"taxonomy":"product_cat","embeddable":true,"href":"https:\/\/trendsandvision.nl\/fr\/wp-json\/wp\/v2\/product_cat?post=10106"},{"taxonomy":"product_tag","embeddable":true,"href":"https:\/\/trendsandvision.nl\/fr\/wp-json\/wp\/v2\/product_tag?post=10106"}],"curies":[{"name":"wp","href":"https:\/\/api.w.org\/{rel}","templated":true}]}}