{"id":10078,"date":"2023-01-06T16:15:53","date_gmt":"2023-01-06T15:15:53","guid":{"rendered":"https:\/\/trendsandvision.nl\/fr\/product\/esschert-design-chariot-rond-pour-plantes-dinterieur-marron\/"},"modified":"2023-01-06T16:15:53","modified_gmt":"2023-01-06T15:15:53","slug":"esschert-design-chariot-rond-pour-plantes-dinterieur-marron","status":"publish","type":"product","link":"https:\/\/trendsandvision.nl\/fr\/product\/esschert-design-chariot-rond-pour-plantes-dinterieur-marron\/","title":{"rendered":"Esschert Design Chariot rond pour plantes d&rsquo;int\u00e9rieur marron"},"content":{"rendered":"<p>Ce chariot pour plantes est fabriqu\u00e9 en bois et convient \u00e0 une utilisation en int\u00e9rieur. Le chariot est \u00e9quip\u00e9 de quatre roues pivotantes et prot\u00e8ge les sols contre les rayures et les dommages.<\/p>\n<p>&#8211; 4 roulettes pivotantes<br \/>\n&#8211; pour une utilisation en int\u00e9rieur<br \/>\n&#8211; prot\u00e8ge les sols<\/p>\n","protected":false},"excerpt":{"rendered":"<p>Ce chariot pour plantes est fabriqu\u00e9 en bois et convient \u00e0 une utilisation en int\u00e9rieur. Le chariot &#8230;<\/p>\n","protected":false},"featured_media":10079,"template":"","meta":[],"product_brand":[],"product_cat":[484],"product_tag":[],"class_list":{"0":"post-10078","1":"product","2":"type-product","3":"status-publish","4":"has-post-thumbnail","6":"product_cat-esscherts-garden","7":"pa_code-ean-3675","8":"pa_dimensions-287x288x83-cm","9":"pa_fabricant-esschert-design","10":"pa_materiel-bois-de-pin-pp-caoutchouc","12":"first","13":"instock","14":"sale","15":"taxable","16":"shipping-taxable","17":"purchasable","18":"product-type-simple","19":"czr-hentry"},"yoast_head":"<!-- This site is optimized with the Yoast SEO Premium plugin v26.4 (Yoast SEO v27.3) - https:\/\/yoast.com\/product\/yoast-seo-premium-wordpress\/ -->\n<title>Esschert Design Chariot rond pour plantes d&#039;int\u00e9rieur marron (NG131, 8714982207525) - Trends &amp; Vision<\/title>\n<meta name=\"description\" content=\"Esschert Design Chariot rond pour plantes d&#039;int\u00e9rieur marron (NG131, 8714982207525) - Ce chariot pour plantes est fabriqu\u00e9 en bois et convient \u00e0 une utilisation en int\u00e9rieur. Le chariot ...\" \/>\n<meta name=\"robots\" content=\"index, follow, max-snippet:-1, max-image-preview:large, max-video-preview:-1\" \/>\n<link rel=\"canonical\" href=\"https:\/\/trendsandvision.nl\/fr\/product\/esschert-design-chariot-rond-pour-plantes-dinterieur-marron\/\" \/>\n<meta property=\"og:locale\" content=\"fr_FR\" \/>\n<meta property=\"og:type\" content=\"article\" \/>\n<meta property=\"og:title\" content=\"Esschert Design Chariot rond pour plantes d&#039;int\u00e9rieur marron\" \/>\n<meta property=\"og:description\" content=\"Esschert Design Chariot rond pour plantes d&#039;int\u00e9rieur marron (NG131, 8714982207525) - Ce chariot pour plantes est fabriqu\u00e9 en bois et convient \u00e0 une utilisation en int\u00e9rieur. Le chariot ...\" \/>\n<meta property=\"og:url\" content=\"https:\/\/trendsandvision.nl\/fr\/product\/esschert-design-chariot-rond-pour-plantes-dinterieur-marron\/\" \/>\n<meta property=\"og:site_name\" content=\"Trends &amp; Vision (FR)\" \/>\n<meta property=\"og:image\" content=\"https:\/\/trendsandvision.nl\/fr\/wp-content\/uploads\/sites\/4\/2023\/01\/NG131_01.jpg\" \/>\n\t<meta property=\"og:image:width\" content=\"800\" \/>\n\t<meta property=\"og:image:height\" content=\"800\" \/>\n\t<meta property=\"og:image:type\" content=\"image\/jpeg\" \/>\n<meta name=\"twitter:card\" content=\"summary_large_image\" \/>\n<script type=\"application\/ld+json\" class=\"yoast-schema-graph\">{\"@context\":\"https:\\\/\\\/schema.org\",\"@graph\":[{\"@type\":\"WebPage\",\"@id\":\"https:\\\/\\\/trendsandvision.nl\\\/fr\\\/product\\\/esschert-design-chariot-rond-pour-plantes-dinterieur-marron\\\/\",\"url\":\"https:\\\/\\\/trendsandvision.nl\\\/fr\\\/product\\\/esschert-design-chariot-rond-pour-plantes-dinterieur-marron\\\/\",\"name\":\"Esschert Design Chariot rond pour plantes d'int\u00e9rieur marron (NG131, 8714982207525) - Trends & Vision\",\"isPartOf\":{\"@id\":\"https:\\\/\\\/trendsandvision.nl\\\/fr\\\/#website\"},\"primaryImageOfPage\":{\"@id\":\"https:\\\/\\\/trendsandvision.nl\\\/fr\\\/product\\\/esschert-design-chariot-rond-pour-plantes-dinterieur-marron\\\/#primaryimage\"},\"image\":{\"@id\":\"https:\\\/\\\/trendsandvision.nl\\\/fr\\\/product\\\/esschert-design-chariot-rond-pour-plantes-dinterieur-marron\\\/#primaryimage\"},\"thumbnailUrl\":\"https:\\\/\\\/trendsandvision.nl\\\/fr\\\/wp-content\\\/uploads\\\/sites\\\/4\\\/2023\\\/01\\\/NG131_01.jpg\",\"datePublished\":\"2023-01-06T15:15:53+00:00\",\"description\":\"Esschert Design Chariot rond pour plantes d'int\u00e9rieur marron (NG131, 8714982207525) - Ce chariot pour plantes est fabriqu\u00e9 en bois et convient \u00e0 une utilisation en int\u00e9rieur. Le chariot ...\",\"breadcrumb\":{\"@id\":\"https:\\\/\\\/trendsandvision.nl\\\/fr\\\/product\\\/esschert-design-chariot-rond-pour-plantes-dinterieur-marron\\\/#breadcrumb\"},\"inLanguage\":\"fr-FR\",\"potentialAction\":[{\"@type\":\"ReadAction\",\"target\":[\"https:\\\/\\\/trendsandvision.nl\\\/fr\\\/product\\\/esschert-design-chariot-rond-pour-plantes-dinterieur-marron\\\/\"]}]},{\"@type\":\"ImageObject\",\"inLanguage\":\"fr-FR\",\"@id\":\"https:\\\/\\\/trendsandvision.nl\\\/fr\\\/product\\\/esschert-design-chariot-rond-pour-plantes-dinterieur-marron\\\/#primaryimage\",\"url\":\"https:\\\/\\\/trendsandvision.nl\\\/fr\\\/wp-content\\\/uploads\\\/sites\\\/4\\\/2023\\\/01\\\/NG131_01.jpg\",\"contentUrl\":\"https:\\\/\\\/trendsandvision.nl\\\/fr\\\/wp-content\\\/uploads\\\/sites\\\/4\\\/2023\\\/01\\\/NG131_01.jpg\",\"width\":800,\"height\":800,\"caption\":\"Esschert Design Chariot rond pour plantes d'int\u00e9rieur marron (NG131 8714982207525) - 01\"},{\"@type\":\"BreadcrumbList\",\"@id\":\"https:\\\/\\\/trendsandvision.nl\\\/fr\\\/product\\\/esschert-design-chariot-rond-pour-plantes-dinterieur-marron\\\/#breadcrumb\",\"itemListElement\":[{\"@type\":\"ListItem\",\"position\":1,\"name\":\"Home\",\"item\":\"https:\\\/\\\/trendsandvision.nl\\\/fr\\\/\"},{\"@type\":\"ListItem\",\"position\":2,\"name\":\"le magasin\",\"item\":\"https:\\\/\\\/trendsandvision.nl\\\/fr\\\/le-magasin\\\/\"},{\"@type\":\"ListItem\",\"position\":3,\"name\":\"Esschert Design Chariot rond pour plantes d&#8217;int\u00e9rieur marron\"}]},{\"@type\":\"WebSite\",\"@id\":\"https:\\\/\\\/trendsandvision.nl\\\/fr\\\/#website\",\"url\":\"https:\\\/\\\/trendsandvision.nl\\\/fr\\\/\",\"name\":\"Trends &amp; Vision (FR)\",\"description\":\"La boutique en ligne pour les articles Esschert Design\",\"publisher\":{\"@id\":\"https:\\\/\\\/trendsandvision.nl\\\/fr\\\/#organization\"},\"potentialAction\":[{\"@type\":\"SearchAction\",\"target\":{\"@type\":\"EntryPoint\",\"urlTemplate\":\"https:\\\/\\\/trendsandvision.nl\\\/fr\\\/?s={search_term_string}\"},\"query-input\":{\"@type\":\"PropertyValueSpecification\",\"valueRequired\":true,\"valueName\":\"search_term_string\"}}],\"inLanguage\":\"fr-FR\"},{\"@type\":\"Organization\",\"@id\":\"https:\\\/\\\/trendsandvision.nl\\\/fr\\\/#organization\",\"name\":\"Trends &amp; Vision (FR)\",\"url\":\"https:\\\/\\\/trendsandvision.nl\\\/fr\\\/\",\"logo\":{\"@type\":\"ImageObject\",\"inLanguage\":\"fr-FR\",\"@id\":\"https:\\\/\\\/trendsandvision.nl\\\/fr\\\/#\\\/schema\\\/logo\\\/image\\\/\",\"url\":\"https:\\\/\\\/trendsandvision.nl\\\/fr\\\/wp-content\\\/uploads\\\/sites\\\/4\\\/2022\\\/10\\\/trends-and-vision-logo.jpg\",\"contentUrl\":\"https:\\\/\\\/trendsandvision.nl\\\/fr\\\/wp-content\\\/uploads\\\/sites\\\/4\\\/2022\\\/10\\\/trends-and-vision-logo.jpg\",\"width\":213,\"height\":100,\"caption\":\"Trends &amp; Vision (FR)\"},\"image\":{\"@id\":\"https:\\\/\\\/trendsandvision.nl\\\/fr\\\/#\\\/schema\\\/logo\\\/image\\\/\"}}]}<\/script>\n<!-- \/ Yoast SEO Premium plugin. -->","yoast_head_json":{"title":"Esschert Design Chariot rond pour plantes d'int\u00e9rieur marron (NG131, 8714982207525) - Trends & Vision","description":"Esschert Design Chariot rond pour plantes d'int\u00e9rieur marron (NG131, 8714982207525) - Ce chariot pour plantes est fabriqu\u00e9 en bois et convient \u00e0 une utilisation en int\u00e9rieur. Le chariot ...","robots":{"index":"index","follow":"follow","max-snippet":"max-snippet:-1","max-image-preview":"max-image-preview:large","max-video-preview":"max-video-preview:-1"},"canonical":"https:\/\/trendsandvision.nl\/fr\/product\/esschert-design-chariot-rond-pour-plantes-dinterieur-marron\/","og_locale":"fr_FR","og_type":"article","og_title":"Esschert Design Chariot rond pour plantes d'int\u00e9rieur marron","og_description":"Esschert Design Chariot rond pour plantes d'int\u00e9rieur marron (NG131, 8714982207525) - Ce chariot pour plantes est fabriqu\u00e9 en bois et convient \u00e0 une utilisation en int\u00e9rieur. Le chariot ...","og_url":"https:\/\/trendsandvision.nl\/fr\/product\/esschert-design-chariot-rond-pour-plantes-dinterieur-marron\/","og_site_name":"Trends &amp; Vision (FR)","og_image":[{"width":800,"height":800,"url":"https:\/\/trendsandvision.nl\/fr\/wp-content\/uploads\/sites\/4\/2023\/01\/NG131_01.jpg","type":"image\/jpeg"}],"twitter_card":"summary_large_image","schema":{"@context":"https:\/\/schema.org","@graph":[{"@type":"WebPage","@id":"https:\/\/trendsandvision.nl\/fr\/product\/esschert-design-chariot-rond-pour-plantes-dinterieur-marron\/","url":"https:\/\/trendsandvision.nl\/fr\/product\/esschert-design-chariot-rond-pour-plantes-dinterieur-marron\/","name":"Esschert Design Chariot rond pour plantes d'int\u00e9rieur marron (NG131, 8714982207525) - Trends & Vision","isPartOf":{"@id":"https:\/\/trendsandvision.nl\/fr\/#website"},"primaryImageOfPage":{"@id":"https:\/\/trendsandvision.nl\/fr\/product\/esschert-design-chariot-rond-pour-plantes-dinterieur-marron\/#primaryimage"},"image":{"@id":"https:\/\/trendsandvision.nl\/fr\/product\/esschert-design-chariot-rond-pour-plantes-dinterieur-marron\/#primaryimage"},"thumbnailUrl":"https:\/\/trendsandvision.nl\/fr\/wp-content\/uploads\/sites\/4\/2023\/01\/NG131_01.jpg","datePublished":"2023-01-06T15:15:53+00:00","description":"Esschert Design Chariot rond pour plantes d'int\u00e9rieur marron (NG131, 8714982207525) - Ce chariot pour plantes est fabriqu\u00e9 en bois et convient \u00e0 une utilisation en int\u00e9rieur. Le chariot ...","breadcrumb":{"@id":"https:\/\/trendsandvision.nl\/fr\/product\/esschert-design-chariot-rond-pour-plantes-dinterieur-marron\/#breadcrumb"},"inLanguage":"fr-FR","potentialAction":[{"@type":"ReadAction","target":["https:\/\/trendsandvision.nl\/fr\/product\/esschert-design-chariot-rond-pour-plantes-dinterieur-marron\/"]}]},{"@type":"ImageObject","inLanguage":"fr-FR","@id":"https:\/\/trendsandvision.nl\/fr\/product\/esschert-design-chariot-rond-pour-plantes-dinterieur-marron\/#primaryimage","url":"https:\/\/trendsandvision.nl\/fr\/wp-content\/uploads\/sites\/4\/2023\/01\/NG131_01.jpg","contentUrl":"https:\/\/trendsandvision.nl\/fr\/wp-content\/uploads\/sites\/4\/2023\/01\/NG131_01.jpg","width":800,"height":800,"caption":"Esschert Design Chariot rond pour plantes d'int\u00e9rieur marron (NG131 8714982207525) - 01"},{"@type":"BreadcrumbList","@id":"https:\/\/trendsandvision.nl\/fr\/product\/esschert-design-chariot-rond-pour-plantes-dinterieur-marron\/#breadcrumb","itemListElement":[{"@type":"ListItem","position":1,"name":"Home","item":"https:\/\/trendsandvision.nl\/fr\/"},{"@type":"ListItem","position":2,"name":"le magasin","item":"https:\/\/trendsandvision.nl\/fr\/le-magasin\/"},{"@type":"ListItem","position":3,"name":"Esschert Design Chariot rond pour plantes d&#8217;int\u00e9rieur marron"}]},{"@type":"WebSite","@id":"https:\/\/trendsandvision.nl\/fr\/#website","url":"https:\/\/trendsandvision.nl\/fr\/","name":"Trends &amp; Vision (FR)","description":"La boutique en ligne pour les articles Esschert Design","publisher":{"@id":"https:\/\/trendsandvision.nl\/fr\/#organization"},"potentialAction":[{"@type":"SearchAction","target":{"@type":"EntryPoint","urlTemplate":"https:\/\/trendsandvision.nl\/fr\/?s={search_term_string}"},"query-input":{"@type":"PropertyValueSpecification","valueRequired":true,"valueName":"search_term_string"}}],"inLanguage":"fr-FR"},{"@type":"Organization","@id":"https:\/\/trendsandvision.nl\/fr\/#organization","name":"Trends &amp; Vision (FR)","url":"https:\/\/trendsandvision.nl\/fr\/","logo":{"@type":"ImageObject","inLanguage":"fr-FR","@id":"https:\/\/trendsandvision.nl\/fr\/#\/schema\/logo\/image\/","url":"https:\/\/trendsandvision.nl\/fr\/wp-content\/uploads\/sites\/4\/2022\/10\/trends-and-vision-logo.jpg","contentUrl":"https:\/\/trendsandvision.nl\/fr\/wp-content\/uploads\/sites\/4\/2022\/10\/trends-and-vision-logo.jpg","width":213,"height":100,"caption":"Trends &amp; Vision (FR)"},"image":{"@id":"https:\/\/trendsandvision.nl\/fr\/#\/schema\/logo\/image\/"}}]}},"_links":{"self":[{"href":"https:\/\/trendsandvision.nl\/fr\/wp-json\/wp\/v2\/product\/10078","targetHints":{"allow":["GET"]}}],"collection":[{"href":"https:\/\/trendsandvision.nl\/fr\/wp-json\/wp\/v2\/product"}],"about":[{"href":"https:\/\/trendsandvision.nl\/fr\/wp-json\/wp\/v2\/types\/product"}],"wp:featuredmedia":[{"embeddable":true,"href":"https:\/\/trendsandvision.nl\/fr\/wp-json\/wp\/v2\/media\/10079"}],"wp:attachment":[{"href":"https:\/\/trendsandvision.nl\/fr\/wp-json\/wp\/v2\/media?parent=10078"}],"wp:term":[{"taxonomy":"product_brand","embeddable":true,"href":"https:\/\/trendsandvision.nl\/fr\/wp-json\/wp\/v2\/product_brand?post=10078"},{"taxonomy":"product_cat","embeddable":true,"href":"https:\/\/trendsandvision.nl\/fr\/wp-json\/wp\/v2\/product_cat?post=10078"},{"taxonomy":"product_tag","embeddable":true,"href":"https:\/\/trendsandvision.nl\/fr\/wp-json\/wp\/v2\/product_tag?post=10078"}],"curies":[{"name":"wp","href":"https:\/\/api.w.org\/{rel}","templated":true}]}}