{"id":5,"date":"2022-10-13T11:47:53","date_gmt":"2022-10-13T09:47:53","guid":{"rendered":"https:\/\/trendsandvision.nl\/fr\/?page_id=5"},"modified":"2026-04-12T14:01:13","modified_gmt":"2026-04-12T12:01:13","slug":"home","status":"publish","type":"page","link":"https:\/\/trendsandvision.nl\/fr\/","title":{"rendered":"Home Produits recommand\u00e9s par Esschert Design"},"content":{"rendered":"<h2>Trends &amp; Vision<\/h2>\n<p><img loading=\"lazy\" decoding=\"async\" class=\"alignright size-medium wp-image-55\" src=\"https:\/\/trendsandvision.nl\/fr\/wp-content\/uploads\/sites\/4\/2022\/10\/logottnv-288x300.png\" alt=\"Trends &amp; Vision\" width=\"288\" height=\"300\" srcset=\"https:\/\/trendsandvision.nl\/fr\/wp-content\/uploads\/sites\/4\/2022\/10\/logottnv-288x300.png 288w, https:\/\/trendsandvision.nl\/fr\/wp-content\/uploads\/sites\/4\/2022\/10\/logottnv.png 319w\" sizes=\"auto, (max-width: 288px) 100vw, 288px\" \/>Trends &amp; Vision est le catalogue en ligne officiel de Esschert Design pour le march\u00e9 priv\u00e9. Les g\u00e9nies sont nos produits recommand\u00e9s innovants pour la vie en plein air, au jardin et dans la nature.<br \/>\nTrends &amp; Vision fournit plus de 190 pays \u00e0 travers le monde depuis plus de quarante ans.<br \/>\nD\u00e8s le premier jour, nous recyclons les mat\u00e9riaux d&#8217;emballage. Ces cartons sont stock\u00e9s dans les articles car ils sont recycl\u00e9s, avec du bois FSC\u00ae et dans le respect de la nature.<br \/>\n<strong><a href=\"https:\/\/www.esschertdesign.com\/fr\/\" target=\"_blank\">Esschert Design<\/a><\/strong> d\u00e9veloppe et produit des articles cadeaux uniques pour le jardin et une large gamme d&rsquo;accessoires pour ses propres plan\u00e8tes.<br \/>\n(Des choix r\u00e9fl\u00e9chis pour une meilleure plan\u00e8te : con\u00e7us pour dispara\u00eetre, lutter contre le gaspillage alimentaire, nettoyer, g\u00e9rer l&rsquo;eau et aider les animaux)<\/p>\n<h3>Trends &amp; Vision produits<\/h3>\n<p>La livraison est rapide car nous livrons directement du stock. Nous fournissons tous les groupes de produits Esschert Design, y compris Garden Furniture, Secrets du Potager, Fancy Flames et Best for Birds. Jetez un coup d&rsquo;\u0153il dans notre boutique en ligne pour tous les groupes de produits.<\/p>\n<h3>Trends &amp; Vision garanties<\/h3>\n<p>Chez Trends &amp; Vision, nous avons les garanties suivantes :<\/p>\n<ul>\n<li>Plus de 3.000 produits unique, sont livr\u00e9s de stock<\/li>\n<li>Livraison rapide, bas\u00e9 sur des prix quotidiens comp\u00e9titifs<\/li>\n<li>D\u00e9lai de r\u00e9flexion de 14 jours, conform\u00e9ment aux directives europ\u00e9ennes<\/li>\n<li>Commander quantit\u00e9s ? Aucun probl\u00e8me! Demandez un devis via la page envoyez-nous un e-mail<\/li>\n<\/ul>\n<p>&nbsp;<\/p>\n","protected":false},"excerpt":{"rendered":"<p>Trends &amp; Vision, Livraison imm\u00e9diate. La boutique en ligne de plus de 3\u00a0000 produits Esschert Design.<\/p>\n","protected":false},"author":1,"featured_media":0,"parent":0,"menu_order":0,"comment_status":"closed","ping_status":"closed","template":"","meta":{"footnotes":""},"class_list":["post-5","page","type-page","status-publish","czr-hentry"],"yoast_head":"<!-- This site is optimized with the Yoast SEO Premium plugin v27.4 (Yoast SEO v27.5) - https:\/\/yoast.com\/product\/yoast-seo-premium-wordpress\/ -->\n<title>Trends &amp; Vision (FR) - La boutique en ligne pour les articles Esschert Design<\/title>\n<meta name=\"description\" content=\"Trends &amp; Vision - Livraison \u00e0 partir du stock. La boutique en ligne pour les articles Esschert Design. entre autres Salon de Jardin et Secrets du Potager.\" \/>\n<meta name=\"robots\" content=\"index, follow, max-snippet:-1, max-image-preview:large, max-video-preview:-1\" \/>\n<link rel=\"canonical\" href=\"https:\/\/trendsandvision.nl\/fr\/\" \/>\n<meta property=\"og:locale\" content=\"fr_FR\" \/>\n<meta property=\"og:type\" content=\"article\" \/>\n<meta property=\"og:title\" content=\"Home Produits recommand\u00e9s par Esschert Design\" \/>\n<meta property=\"og:description\" content=\"Trends &amp; Vision - Livraison \u00e0 partir du stock. La boutique en ligne pour les articles Esschert Design. entre autres Salon de Jardin et Secrets du Potager.\" \/>\n<meta property=\"og:url\" content=\"https:\/\/trendsandvision.nl\/fr\/\" \/>\n<meta property=\"og:site_name\" content=\"Trends &amp; Vision (FR)\" \/>\n<meta property=\"article:modified_time\" content=\"2026-04-12T12:01:13+00:00\" \/>\n<meta property=\"og:image\" content=\"https:\/\/trendsandvision.nl\/fr\/wp-content\/uploads\/sites\/4\/2022\/10\/logottnv.png\" \/>\n\t<meta property=\"og:image:width\" content=\"319\" \/>\n\t<meta property=\"og:image:height\" content=\"332\" \/>\n\t<meta property=\"og:image:type\" content=\"image\/png\" \/>\n<meta name=\"twitter:card\" content=\"summary_large_image\" \/>\n<meta name=\"twitter:label1\" content=\"Dur\u00e9e de lecture estim\u00e9e\" \/>\n\t<meta name=\"twitter:data1\" content=\"4 minutes\" \/>\n<script type=\"application\/ld+json\" class=\"yoast-schema-graph\">{\"@context\":\"https:\\\/\\\/schema.org\",\"@graph\":[{\"@type\":\"WebPage\",\"@id\":\"https:\\\/\\\/trendsandvision.nl\\\/fr\\\/\",\"url\":\"https:\\\/\\\/trendsandvision.nl\\\/fr\\\/\",\"name\":\"Trends &amp; Vision (FR) - La boutique en ligne pour les articles Esschert Design\",\"isPartOf\":{\"@id\":\"https:\\\/\\\/trendsandvision.nl\\\/fr\\\/#website\"},\"primaryImageOfPage\":{\"@id\":\"https:\\\/\\\/trendsandvision.nl\\\/fr\\\/#primaryimage\"},\"image\":{\"@id\":\"https:\\\/\\\/trendsandvision.nl\\\/fr\\\/#primaryimage\"},\"thumbnailUrl\":\"https:\\\/\\\/trendsandvision.nl\\\/fr\\\/wp-content\\\/uploads\\\/sites\\\/4\\\/2022\\\/10\\\/logottnv-288x300.png\",\"datePublished\":\"2022-10-13T09:47:53+00:00\",\"dateModified\":\"2026-04-12T12:01:13+00:00\",\"description\":\"Trends & Vision - Livraison \u00e0 partir du stock. La boutique en ligne pour les articles Esschert Design. entre autres Salon de Jardin et Secrets du Potager.\",\"breadcrumb\":{\"@id\":\"https:\\\/\\\/trendsandvision.nl\\\/fr\\\/#breadcrumb\"},\"inLanguage\":\"fr-FR\",\"potentialAction\":[{\"@type\":\"ReadAction\",\"target\":[\"https:\\\/\\\/trendsandvision.nl\\\/fr\\\/\"]}]},{\"@type\":\"ImageObject\",\"inLanguage\":\"fr-FR\",\"@id\":\"https:\\\/\\\/trendsandvision.nl\\\/fr\\\/#primaryimage\",\"url\":\"https:\\\/\\\/trendsandvision.nl\\\/fr\\\/wp-content\\\/uploads\\\/sites\\\/4\\\/2022\\\/10\\\/logottnv.png\",\"contentUrl\":\"https:\\\/\\\/trendsandvision.nl\\\/fr\\\/wp-content\\\/uploads\\\/sites\\\/4\\\/2022\\\/10\\\/logottnv.png\",\"width\":319,\"height\":332,\"caption\":\"Trends & Vision\"},{\"@type\":\"BreadcrumbList\",\"@id\":\"https:\\\/\\\/trendsandvision.nl\\\/fr\\\/#breadcrumb\",\"itemListElement\":[{\"@type\":\"ListItem\",\"position\":1,\"name\":\"Home\",\"item\":\"https:\\\/\\\/trendsandvision.nl\\\/fr\\\/\"},{\"@type\":\"ListItem\",\"position\":2,\"name\":\"Home\"}]},{\"@type\":\"WebSite\",\"@id\":\"https:\\\/\\\/trendsandvision.nl\\\/fr\\\/#website\",\"url\":\"https:\\\/\\\/trendsandvision.nl\\\/fr\\\/\",\"name\":\"Trends &amp; Vision (FR)\",\"description\":\"La boutique en ligne pour les articles Esschert Design\",\"publisher\":{\"@id\":\"https:\\\/\\\/trendsandvision.nl\\\/fr\\\/#organization\"},\"potentialAction\":[{\"@type\":\"SearchAction\",\"target\":{\"@type\":\"EntryPoint\",\"urlTemplate\":\"https:\\\/\\\/trendsandvision.nl\\\/fr\\\/?s={search_term_string}\"},\"query-input\":{\"@type\":\"PropertyValueSpecification\",\"valueRequired\":true,\"valueName\":\"search_term_string\"}}],\"inLanguage\":\"fr-FR\"},{\"@type\":\"Organization\",\"@id\":\"https:\\\/\\\/trendsandvision.nl\\\/fr\\\/#organization\",\"name\":\"Trends &amp; Vision (FR)\",\"url\":\"https:\\\/\\\/trendsandvision.nl\\\/fr\\\/\",\"logo\":{\"@type\":\"ImageObject\",\"inLanguage\":\"fr-FR\",\"@id\":\"https:\\\/\\\/trendsandvision.nl\\\/fr\\\/#\\\/schema\\\/logo\\\/image\\\/\",\"url\":\"https:\\\/\\\/trendsandvision.nl\\\/fr\\\/wp-content\\\/uploads\\\/sites\\\/4\\\/2022\\\/10\\\/trends-and-vision-logo.jpg\",\"contentUrl\":\"https:\\\/\\\/trendsandvision.nl\\\/fr\\\/wp-content\\\/uploads\\\/sites\\\/4\\\/2022\\\/10\\\/trends-and-vision-logo.jpg\",\"width\":213,\"height\":100,\"caption\":\"Trends &amp; Vision (FR)\"},\"image\":{\"@id\":\"https:\\\/\\\/trendsandvision.nl\\\/fr\\\/#\\\/schema\\\/logo\\\/image\\\/\"}}]}<\/script>\n<!-- \/ Yoast SEO Premium plugin. -->","yoast_head_json":{"title":"Trends &amp; Vision (FR) - La boutique en ligne pour les articles Esschert Design","description":"Trends & Vision - Livraison \u00e0 partir du stock. La boutique en ligne pour les articles Esschert Design. entre autres Salon de Jardin et Secrets du Potager.","robots":{"index":"index","follow":"follow","max-snippet":"max-snippet:-1","max-image-preview":"max-image-preview:large","max-video-preview":"max-video-preview:-1"},"canonical":"https:\/\/trendsandvision.nl\/fr\/","og_locale":"fr_FR","og_type":"article","og_title":"Home Produits recommand\u00e9s par Esschert Design","og_description":"Trends & Vision - Livraison \u00e0 partir du stock. La boutique en ligne pour les articles Esschert Design. entre autres Salon de Jardin et Secrets du Potager.","og_url":"https:\/\/trendsandvision.nl\/fr\/","og_site_name":"Trends &amp; Vision (FR)","article_modified_time":"2026-04-12T12:01:13+00:00","og_image":[{"width":319,"height":332,"url":"https:\/\/trendsandvision.nl\/fr\/wp-content\/uploads\/sites\/4\/2022\/10\/logottnv.png","type":"image\/png"}],"twitter_card":"summary_large_image","twitter_misc":{"Dur\u00e9e de lecture estim\u00e9e":"4 minutes"},"schema":{"@context":"https:\/\/schema.org","@graph":[{"@type":"WebPage","@id":"https:\/\/trendsandvision.nl\/fr\/","url":"https:\/\/trendsandvision.nl\/fr\/","name":"Trends &amp; Vision (FR) - La boutique en ligne pour les articles Esschert Design","isPartOf":{"@id":"https:\/\/trendsandvision.nl\/fr\/#website"},"primaryImageOfPage":{"@id":"https:\/\/trendsandvision.nl\/fr\/#primaryimage"},"image":{"@id":"https:\/\/trendsandvision.nl\/fr\/#primaryimage"},"thumbnailUrl":"https:\/\/trendsandvision.nl\/fr\/wp-content\/uploads\/sites\/4\/2022\/10\/logottnv-288x300.png","datePublished":"2022-10-13T09:47:53+00:00","dateModified":"2026-04-12T12:01:13+00:00","description":"Trends & Vision - Livraison \u00e0 partir du stock. La boutique en ligne pour les articles Esschert Design. entre autres Salon de Jardin et Secrets du Potager.","breadcrumb":{"@id":"https:\/\/trendsandvision.nl\/fr\/#breadcrumb"},"inLanguage":"fr-FR","potentialAction":[{"@type":"ReadAction","target":["https:\/\/trendsandvision.nl\/fr\/"]}]},{"@type":"ImageObject","inLanguage":"fr-FR","@id":"https:\/\/trendsandvision.nl\/fr\/#primaryimage","url":"https:\/\/trendsandvision.nl\/fr\/wp-content\/uploads\/sites\/4\/2022\/10\/logottnv.png","contentUrl":"https:\/\/trendsandvision.nl\/fr\/wp-content\/uploads\/sites\/4\/2022\/10\/logottnv.png","width":319,"height":332,"caption":"Trends & Vision"},{"@type":"BreadcrumbList","@id":"https:\/\/trendsandvision.nl\/fr\/#breadcrumb","itemListElement":[{"@type":"ListItem","position":1,"name":"Home","item":"https:\/\/trendsandvision.nl\/fr\/"},{"@type":"ListItem","position":2,"name":"Home"}]},{"@type":"WebSite","@id":"https:\/\/trendsandvision.nl\/fr\/#website","url":"https:\/\/trendsandvision.nl\/fr\/","name":"Trends &amp; Vision (FR)","description":"La boutique en ligne pour les articles Esschert Design","publisher":{"@id":"https:\/\/trendsandvision.nl\/fr\/#organization"},"potentialAction":[{"@type":"SearchAction","target":{"@type":"EntryPoint","urlTemplate":"https:\/\/trendsandvision.nl\/fr\/?s={search_term_string}"},"query-input":{"@type":"PropertyValueSpecification","valueRequired":true,"valueName":"search_term_string"}}],"inLanguage":"fr-FR"},{"@type":"Organization","@id":"https:\/\/trendsandvision.nl\/fr\/#organization","name":"Trends &amp; Vision (FR)","url":"https:\/\/trendsandvision.nl\/fr\/","logo":{"@type":"ImageObject","inLanguage":"fr-FR","@id":"https:\/\/trendsandvision.nl\/fr\/#\/schema\/logo\/image\/","url":"https:\/\/trendsandvision.nl\/fr\/wp-content\/uploads\/sites\/4\/2022\/10\/trends-and-vision-logo.jpg","contentUrl":"https:\/\/trendsandvision.nl\/fr\/wp-content\/uploads\/sites\/4\/2022\/10\/trends-and-vision-logo.jpg","width":213,"height":100,"caption":"Trends &amp; Vision (FR)"},"image":{"@id":"https:\/\/trendsandvision.nl\/fr\/#\/schema\/logo\/image\/"}}]}},"_links":{"self":[{"href":"https:\/\/trendsandvision.nl\/fr\/wp-json\/wp\/v2\/pages\/5","targetHints":{"allow":["GET"]}}],"collection":[{"href":"https:\/\/trendsandvision.nl\/fr\/wp-json\/wp\/v2\/pages"}],"about":[{"href":"https:\/\/trendsandvision.nl\/fr\/wp-json\/wp\/v2\/types\/page"}],"author":[{"embeddable":true,"href":"https:\/\/trendsandvision.nl\/fr\/wp-json\/wp\/v2\/users\/1"}],"replies":[{"embeddable":true,"href":"https:\/\/trendsandvision.nl\/fr\/wp-json\/wp\/v2\/comments?post=5"}],"version-history":[{"count":3,"href":"https:\/\/trendsandvision.nl\/fr\/wp-json\/wp\/v2\/pages\/5\/revisions"}],"predecessor-version":[{"id":17231,"href":"https:\/\/trendsandvision.nl\/fr\/wp-json\/wp\/v2\/pages\/5\/revisions\/17231"}],"wp:attachment":[{"href":"https:\/\/trendsandvision.nl\/fr\/wp-json\/wp\/v2\/media?parent=5"}],"curies":[{"name":"wp","href":"https:\/\/api.w.org\/{rel}","templated":true}]}}