{"id":32,"date":"2022-10-17T14:17:19","date_gmt":"2022-10-17T12:17:19","guid":{"rendered":"https:\/\/trendsandvision.nl\/fr\/?page_id=32"},"modified":"2025-12-15T18:07:08","modified_gmt":"2025-12-15T17:07:08","slug":"liens-pertinents","status":"publish","type":"page","link":"https:\/\/trendsandvision.nl\/fr\/liens-pertinents\/","title":{"rendered":"Liens pertinents"},"content":{"rendered":"<div class=\"col-main\">\n<div class=\"std\">\n<h4>Cette page est uniquement en n\u00e9erlandais&#8230;<\/h4>\n<p><strong><a href=\"http:\/\/www.esschertdesign.nl\" target=\"_blank\" rel=\"noopener noreferrer\">Esschert Design<\/a><\/strong> (waar Outhings, Secrets du Potager &amp;MyBalconia onder vallen) beknopt omschreven:<br \/>\nEsschert Design ontwerpt met een creatief team van ca. vijf mensen producten voor de wereldmarkt.<br \/>\nEsschert Design is in samenwerking met Esschert Design Far East (Guangzhou, China) al ruim tien jaar groothandelaar en ontwikkelaar van unieke tuincadeau en geschenkartikelen voor o.a. tuincentra en cadeaushops.<br \/>\nArtikelen die in eigen beheer worden ontwikkeld en geproduceerd om vervolgens naar meer dan veertig landen te worden ge\u00ebxporteerd.<br \/>\nEsschert Design werkt vanuit Enschede met dertig mensen en heeft daarnaast eigen verkoopkantoren in Duitsland, Belgi\u00eb en VS en gedreven distributeurs in Scandinavi\u00eb, Engeland, Itali\u00eb, Spanje, Portugal, USA, Polen, Japan en Rusland.<\/p>\n<p>Je zoekt een stageplaats als grafisch vormgever of DTP&rsquo;er bij Esschert Design? Klik op deze \u00ab\u00a0<a href=\"http:\/\/www.esschertdesign.nl\/stage\/\" target=\"_blank\" rel=\"noopener noreferrer\"><strong>LINK<\/strong><\/a>\u00a0\u00bb en meld je aan!<br \/>\nEsschert Design staat geregistreerd als GOC en Savantis Erkend Leerbedrijf.<\/p>\n<p>Trends &amp; Vision behartigt voor <a title=\"deze bijzondere collectie\" href=\"https:\/\/www.pinterest.com\/esschertdesign\/\" target=\"_blank\" rel=\"noopener noreferrer\">deze bijzondere collectie<\/a> de online markt, wereldwijd. Naast particulieren zijn ook de BTB klanten welkom, wij trachten een competitieve prijs en kwalitatief hoogwaardige levering te bewerkstelligen.<\/p>\n<p>Daarnaast willen we de tuinliefhebbers vrijblijvend attenderen op de volgende websites.<br \/>\nSuggesties zijn uiteraard welkom -er zijn er er vanzelfsprekend veel meer- hieronder zijn enkele die als persoonlijke favorieten zijn geselecteerd:<\/p>\n<ul>\n<li><a href=\"http:\/\/www.detuinvantrix.nl\/\" target=\"_blank\" rel=\"noopener noreferrer\"><strong>De blog van groenjournaliste Trix van der Putten<\/strong><\/a> (Oa werkzaam voor Tuin &amp; Co, Noorderland, Brabeau ea.)<\/li>\n<li><a href=\"http:\/\/www.rodenburghomeandgarden.nl\" target=\"_blank\" rel=\"noopener noreferrer\"><strong>Tuincentrum Rodenburg Home &amp; Garden <\/strong><\/a><\/li>\n<li><a href=\"http:\/\/www.dickbeijer.nl\/label\" target=\"_blank\" rel=\"noopener noreferrer\"><strong>Dick Beijer Tuinontwerp <\/strong><\/a><\/li>\n<li><a href=\"http:\/\/www.bureautuinleven.nl\/\" target=\"_blank\" rel=\"noopener noreferrer\"><strong>Tuinleven en wel in alle facetten<\/strong><\/a> (Bureau Tuinleven)<\/li>\n<li><a href=\"http:\/\/www.twickel.nl\/\" target=\"_blank\" rel=\"noopener noreferrer\"><strong>Landgoed met diverse stijltuinen<\/strong><\/a> (Landgoed Twickel)<\/li>\n<li><a href=\"http:\/\/www.millingertheetuin.nl\/\" target=\"_blank\" rel=\"noopener noreferrer\"><strong>Met recht een exotisch paradijs<\/strong><\/a> (Millinger theetuin)<\/li>\n<li><a href=\"http:\/\/www.moerheim.nl\/\" target=\"_blank\" rel=\"noopener noreferrer\"><strong>Alle knowhow v\/d laatste eeuw en meer met diverse stijltuinen<\/strong><\/a> (Moerheim)<\/li>\n<li><a href=\"http:\/\/www.kasteleningelderland.nl\/\" target=\"_blank\" rel=\"noopener noreferrer\"><strong>Gelderse kastelen met ieder hun eigen groen-omgeving<\/strong><\/a><\/li>\n<li><a href=\"http:\/\/www.stichting-phb.nl\/\" target=\"_blank\" rel=\"noopener noreferrer\"><strong>Stichting tot behoud van Part. Historische Buitenplaatsen<\/strong><\/a><\/li>\n<li><a href=\"http:\/\/www.gardentours.nl\/\" target=\"_blank\" rel=\"noopener noreferrer\"><strong>Voor perfecte tuintrips<\/strong><\/a> (Garden tours)<\/li>\n<li><a href=\"http:\/\/www.moestuinforum.nl\" target=\"_blank\" rel=\"noopener noreferrer\"><strong>Voor snelle en adequate moestuintips<\/strong><\/a> (Moestuin forum)<\/li>\n<li><a href=\"http:\/\/tuinaccessoires.onafhankelijkecontraexpertisetaxatie.nl\" target=\"_blank\" rel=\"noopener noreferrer\"><strong>Voor al uw tuingerelateerde taxaties<\/strong><\/a> (Onafhankelijk tuin taxatiebureau)Dan de groothandels, ontwerpbureau&rsquo;s en lifestyle organisaties<br \/>\nwaarvoor we ons best doen hen en hun zeer uitgebreide collecties zo representatief mogelijk op het Internet en fysiek te promoten:<\/li>\n<li><a href=\"http:\/\/www.esschertdesign.com\/\" target=\"_blank\" rel=\"noopener noreferrer\"><strong>Groothandel met uitsluitend in eigen beheer, in Twente ontworpen (tuin)producten<\/strong><\/a> (Esschert Design, more than a design)<\/li>\n<li><a href=\"http:\/\/m.sanomamedia.nl\/merken\/overzicht\/\" target=\"_blank\" rel=\"noopener noreferrer\"><strong>Een overzicht van de bladen aangaande onze cross media concepten<\/strong><\/a> (Sanoma)<\/li>\n<li><a href=\"http:\/\/www.outhings.nl\/\" target=\"_blank\" rel=\"noopener noreferrer\"><strong>Groothandel met uitsluitend in eigen beheer ontworpen producten<\/strong><\/a> (Outhings, inmiddels Eschert Design)<\/li>\n<li><strong><strong><a href=\"http:\/\/www.efsa.com\/\" target=\"_blank\" rel=\"noopener noreferrer\">European Floral &amp; Lifestyle Products Suppliers Association<\/a> (EFSA)<\/strong><\/strong><\/li>\n<li><strong><strong><a href=\"https:\/\/www.lissyl.nl\/\" target=\"_blank\" rel=\"noopener noreferrer\">Lissyl<\/a> Betrouwbaar, betaalbaar allround ICT en hostingbedrijf, ook voor Magento<\/strong><\/strong>De vervoerder:Onze steun en toeverlaat als het gaat om halen, brengen en desgewenst verpakken van onze producten:<\/li>\n<li><strong><strong><a href=\"http:\/\/www.dhl.com\/en.html\" target=\"_blank\" rel=\"noopener noreferrer\">DHL<\/a> (daarnaast oa. UPS, TNT, Dachser, DPD)<\/strong><\/strong>Link partners:<\/li>\n<li><\/li>\n<li><strong><a href=\"http:\/\/www.allareacodes.com\/\">http:\/\/www.allareacodes.com\/<\/a> area codes opzoeken in USA<\/strong><\/li>\n<\/ul>\n<p>&nbsp;<\/p>\n<ul>\n<li><strong><strong><a href=\"http:\/\/www.unitedstateszipcodes.org\/\">http:\/\/www.unitedstateszipcodes.org\/<\/a> zip codes opzoeken in USA<\/strong><\/strong>Trends &amp; Vision vermelding op: <a title=\"bitcoinspot\" href=\"http:\/\/www.bitcoinspot.nl\" target=\"_blank\" rel=\"noopener noreferrer\">bitcoinspot<\/a><\/li>\n<li><strong>Trends &amp; Vision vermelding op: <a href=\"http:\/\/www.bestekortingscode.nl\/\" target=\"_blank\" rel=\"noopener noreferrer\">BesteKortingscode.nl <\/a><br \/>\n<\/strong><\/li>\n<li><strong>Trends &amp; Vision vermelding op: <a href=\"http:\/\/www.maneema.nl\/m\/listing\/view\/Alle-Esschert-Design-artikelen-op-voorraad-bij-Trends-Vision\" target=\"_blank\" rel=\"noopener noreferrer\">Maneema<\/a><br \/>\n<\/strong><\/li>\n<li><strong>Trends &amp; Vision advertenties en links op: <a href=\"http:\/\/www.koopjespakker.nl\" target=\"_blank\" rel=\"noopener noreferrer\">KOOPJESPAKKER<\/a> <\/strong><\/li>\n<li><strong><a href=\"http:\/\/www.tuintime.com\">Tuintime.com &#8211; Jouw online tuincentrum<\/a><br \/>\n<\/strong><\/li>\n<li><strong>Trends &amp; Vision vermelding op <a href=\"http:\/\/www.nationalegids.com\/companies\/Enschede\/1212818\/Joldersma Dienstverlening\" target=\"_blank\" rel=\"noopener noreferrer\">DE NATIONALE GIDS<\/a> <\/strong><\/li>\n<li><strong>Trends &amp; Vision vermelding op <a href=\"http:\/\/bijen.startpagina.nl\" target=\"_blank\" rel=\"noopener noreferrer\">Bijen startpagina<\/a> <\/strong><\/li>\n<li><strong>Trends &amp; Vision vermelding op <a href=\"http:\/\/trends.besteoverzicht.nl\" target=\"_blank\" rel=\"noopener noreferrer\">Trends Overzicht<\/a> <\/strong><\/li>\n<li><strong>Trends &amp; Vision vermelding op <a href=\"http:\/\/www.woonwebwinkelen.nl\/about\/links\" target=\"_blank\" rel=\"noopener noreferrer\">Woonwebwinkelen.nl<\/a><\/strong><\/li>\n<li><strong>Trends &amp; Vision vermelding op <a href=\"http:\/\/www.kidswebwinkelen.nl\/about\/links\" target=\"_blank\" rel=\"noopener noreferrer\">KIDSwebwinkelen.nl<\/a> <\/strong><\/li>\n<li><strong>Trends &amp; Vision\/Esschert Design vermelding op <a href=\"http:\/\/www.tuin.vind-nu.nl\" target=\"_blank\" rel=\"noopener noreferrer\">Tuin vind-nu.nl<\/a> <\/strong><\/li>\n<li><strong>Trends &amp; Vision\/Esschert Design vermelding op <a href=\"http:\/\/www.Meubelen-Gids.nl\" target=\"_blank\" rel=\"noopener noreferrer\">Meubelen Gids<\/a> <\/strong><\/li>\n<li><strong>Trends &amp; Vision vermelding op <a title=\"Tuinmeubel\" href=\"http:\/\/tuinmeubel.StartPleintje.com\" target=\"_blank\" rel=\"noopener noreferrer\">Tuinmeubel<\/a><\/strong><\/li>\n<li><strong>Trends &amp; Vision\/Esschert Design vermelding op <a href=\"http:\/\/tuingereedschap.startpagina.nl\/tuingereedschap\/\" target=\"_blank\" rel=\"noopener noreferrer\">Start tuingereedschap<\/a><\/strong><strong><br \/>\n<\/strong><\/li>\n<li><strong>Trends &amp; Vision\/Esschert Design vermelding op <a href=\"http:\/\/nl.list-of-companies.org\/\" target=\"_blank\" rel=\"noopener noreferrer\">Nederlands Lijst van bedrijven<\/a> <\/strong><\/li>\n<li><strong>Trends &amp; Vision\/Esschert Design vermelding op <a href=\"http:\/\/tuin.startpagina.be\/\" target=\"_blank\" rel=\"noopener noreferrer\">Start tuingereedschap Belgi\u00eb<\/a><\/strong><\/li>\n<li><strong>Trends &amp; Vision\/Esschert Design vermelding op <a href=\"http:\/\/www.starr.nl\/\" target=\"_blank\" rel=\"noopener noreferrer\">Meubels op Starr<\/a> <\/strong><\/li>\n<li><strong>Trends &amp; Vision\/Esschert Design vermelding op <a href=\"http:\/\/kruiden.startpagina.be\/\" target=\"_blank\" rel=\"noopener noreferrer\">Start kruiden Belgi\u00eb\/NL<\/a> <\/strong><\/li>\n<li><strong>Trends &amp; Vision\/Esschert Design vermelding op <a href=\"http:\/\/kookboeken.startpagina.be\/\" target=\"_blank\" rel=\"noopener noreferrer\">Start BBQ\/kookboeken Belgi\u00eb\/NL<\/a> <\/strong><\/li>\n<li><strong>Trends &amp; Vision\/Esschert Design vermelding op <a href=\"http:\/\/barbecue.startpagina.be\/\" target=\"_blank\" rel=\"noopener noreferrer\">Start BBQ Belgi\u00eb\/NL<\/a> <\/strong><\/li>\n<li><strong>Trends &amp; Vision vermelding op <a href=\"http:\/\/tuinen.2link.be\" target=\"_blank\" rel=\"noopener noreferrer\">Tuinen.be<\/a> <\/strong><\/li>\n<li><strong> Trends &amp; Vision vermelding op <a href=\"http:\/\/www.2link.be\" target=\"_blank\" rel=\"noopener noreferrer\">2Link<\/a> <\/strong><\/li>\n<li><strong>Ook <a href=\"http:\/\/tuinen.startpagina.nl\" target=\"_blank\" rel=\"noopener noreferrer\">HIER<\/a> kunt u Trends &amp; Vision vinden.<\/strong><\/li>\n<li><strong>Trends &amp; Vision donatietip: <a href=\"http:\/\/www.heemschut.nl\/\" target=\"_blank\" rel=\"noopener noreferrer\">Bescherming van cultuurmonumenten <\/a>)<\/strong><\/li>\n<li><strong>Trends &amp; Vision donatietip: <a href=\"http:\/\/www.vogelbescherming.nl\/\" target=\"_blank\" rel=\"noopener noreferrer\">Vogelbescherming <\/a>) <\/strong><\/li>\n<li><strong>Trends &amp; Vision donatietip: <a href=\"http:\/\/www.wnf.nl\/nl\/wat_wnf_doet\/werkterreinen_wnf\/klimaat\/index.cfm\/\" target=\"_blank\" rel=\"noopener noreferrer\">Wereldnatuurfonds en klimaat<\/a>) <\/strong><\/li>\n<li><strong>Trends &amp; Vision attentie: <a href=\"http:\/\/www.fscnl.org\/nl\/index.phtml\" target=\"_blank\" rel=\"noopener noreferrer\">Duurzame oplossingen, NL<\/a>) <\/strong><\/li>\n<li><strong>Trends &amp; Vision attentie: <a href=\"http:\/\/www.fsc.org\/en\/\" target=\"_blank\" rel=\"noopener noreferrer\">English version, environment &amp; health<\/a>) <\/strong><\/li>\n<li><strong>Trends &amp; Vision donatietip: <a href=\"http:\/\/www.dierenbescherming.nl\/\/\" target=\"_blank\" rel=\"noopener noreferrer\">Dierenbescherming <\/a>) <\/strong><\/li>\n<li><strong>Trends &amp; Vision tip: <a href=\"http:\/\/tuinplanten-struiken-bomen.onafhankelijkecontraexpertisetaxatie.nl\" target=\"_blank\" rel=\"noopener noreferrer\">Voor al uw tuingeretateerde taxaties<\/a> <\/strong><\/li>\n<li><strong>Trends &amp; Vision tip: <a href=\"http:\/\/www.detaxatiesite.nl\" target=\"blank\" rel=\"noopener noreferrer\">De Taxatiesite: taxatiebureau voor al uw tuingerelateerde (bomen, vijvers, ontwerp)<\/a><\/strong><\/li>\n<li><strong>Respect: <a href=\"http:\/\/www.roosboum.nl\/\" target=\"_blank\" rel=\"noopener noreferrer\">Een persoonlijke; gewoon om alert te blijven&#8230; en daarna lekker van je tuin gaan genieten!! <\/a><br \/>\n(startpagina M\u00fcnchhausen by proxy, niet meteen een link welke u hier zou verwachten, maar w\u00e8l een relevante in het kader van: <\/strong><strong>goed met het milieu omgaan, begin bij jezelf!)<\/strong><\/li>\n<\/ul>\n<\/div>\n<\/div>\n","protected":false},"excerpt":{"rendered":"<p>Cette page est uniquement en n\u00e9erlandais&#8230; Esschert Design (waar Outhings, Secrets du Potager &amp;MyBalconia onder vallen) beknopt omschreven: Esschert Design ontwerpt met een creatief team van ca. vijf mensen producten voor de wereldmarkt. Esschert Design is in samenwerking met Esschert Design Far East (Guangzhou, China) al ruim tien jaar groothandelaar en ontwikkelaar van unieke tuincadeau [&hellip;]<\/p>\n","protected":false},"author":1,"featured_media":0,"parent":0,"menu_order":0,"comment_status":"closed","ping_status":"closed","template":"","meta":{"footnotes":""},"class_list":["post-32","page","type-page","status-publish","czr-hentry"],"yoast_head":"<!-- This site is optimized with the Yoast SEO Premium plugin v27.4 (Yoast SEO v27.5) - https:\/\/yoast.com\/product\/yoast-seo-premium-wordpress\/ -->\n<title>Liens pertinents - Trends &amp; Vision (FR)<\/title>\n<meta name=\"robots\" content=\"index, follow, max-snippet:-1, max-image-preview:large, max-video-preview:-1\" \/>\n<link rel=\"canonical\" href=\"https:\/\/trendsandvision.nl\/fr\/liens-pertinents\/\" \/>\n<meta property=\"og:locale\" content=\"fr_FR\" \/>\n<meta property=\"og:type\" content=\"article\" \/>\n<meta property=\"og:title\" content=\"Liens pertinents\" \/>\n<meta property=\"og:description\" content=\"Cette page est uniquement en n\u00e9erlandais&#8230; Esschert Design (waar Outhings, Secrets du Potager &amp;MyBalconia onder vallen) beknopt omschreven: Esschert Design ontwerpt met een creatief team van ca. vijf mensen producten voor de wereldmarkt. Esschert Design is in samenwerking met Esschert Design Far East (Guangzhou, China) al ruim tien jaar groothandelaar en ontwikkelaar van unieke tuincadeau [&hellip;]\" \/>\n<meta property=\"og:url\" content=\"https:\/\/trendsandvision.nl\/fr\/liens-pertinents\/\" \/>\n<meta property=\"og:site_name\" content=\"Trends &amp; Vision (FR)\" \/>\n<meta property=\"article:modified_time\" content=\"2025-12-15T17:07:08+00:00\" \/>\n<meta name=\"twitter:card\" content=\"summary_large_image\" \/>\n<meta name=\"twitter:label1\" content=\"Dur\u00e9e de lecture estim\u00e9e\" \/>\n\t<meta name=\"twitter:data1\" content=\"4 minutes\" \/>\n<script type=\"application\/ld+json\" class=\"yoast-schema-graph\">{\"@context\":\"https:\\\/\\\/schema.org\",\"@graph\":[{\"@type\":\"WebPage\",\"@id\":\"https:\\\/\\\/trendsandvision.nl\\\/fr\\\/liens-pertinents\\\/\",\"url\":\"https:\\\/\\\/trendsandvision.nl\\\/fr\\\/liens-pertinents\\\/\",\"name\":\"Liens pertinents - Trends &amp; Vision (FR)\",\"isPartOf\":{\"@id\":\"https:\\\/\\\/trendsandvision.nl\\\/fr\\\/#website\"},\"datePublished\":\"2022-10-17T12:17:19+00:00\",\"dateModified\":\"2025-12-15T17:07:08+00:00\",\"breadcrumb\":{\"@id\":\"https:\\\/\\\/trendsandvision.nl\\\/fr\\\/liens-pertinents\\\/#breadcrumb\"},\"inLanguage\":\"fr-FR\",\"potentialAction\":[{\"@type\":\"ReadAction\",\"target\":[\"https:\\\/\\\/trendsandvision.nl\\\/fr\\\/liens-pertinents\\\/\"]}]},{\"@type\":\"BreadcrumbList\",\"@id\":\"https:\\\/\\\/trendsandvision.nl\\\/fr\\\/liens-pertinents\\\/#breadcrumb\",\"itemListElement\":[{\"@type\":\"ListItem\",\"position\":1,\"name\":\"Home\",\"item\":\"https:\\\/\\\/trendsandvision.nl\\\/fr\\\/\"},{\"@type\":\"ListItem\",\"position\":2,\"name\":\"Liens pertinents\"}]},{\"@type\":\"WebSite\",\"@id\":\"https:\\\/\\\/trendsandvision.nl\\\/fr\\\/#website\",\"url\":\"https:\\\/\\\/trendsandvision.nl\\\/fr\\\/\",\"name\":\"Trends &amp; Vision (FR)\",\"description\":\"La boutique en ligne pour les articles Esschert Design\",\"publisher\":{\"@id\":\"https:\\\/\\\/trendsandvision.nl\\\/fr\\\/#organization\"},\"potentialAction\":[{\"@type\":\"SearchAction\",\"target\":{\"@type\":\"EntryPoint\",\"urlTemplate\":\"https:\\\/\\\/trendsandvision.nl\\\/fr\\\/?s={search_term_string}\"},\"query-input\":{\"@type\":\"PropertyValueSpecification\",\"valueRequired\":true,\"valueName\":\"search_term_string\"}}],\"inLanguage\":\"fr-FR\"},{\"@type\":\"Organization\",\"@id\":\"https:\\\/\\\/trendsandvision.nl\\\/fr\\\/#organization\",\"name\":\"Trends &amp; Vision (FR)\",\"url\":\"https:\\\/\\\/trendsandvision.nl\\\/fr\\\/\",\"logo\":{\"@type\":\"ImageObject\",\"inLanguage\":\"fr-FR\",\"@id\":\"https:\\\/\\\/trendsandvision.nl\\\/fr\\\/#\\\/schema\\\/logo\\\/image\\\/\",\"url\":\"https:\\\/\\\/trendsandvision.nl\\\/fr\\\/wp-content\\\/uploads\\\/sites\\\/4\\\/2022\\\/10\\\/trends-and-vision-logo.jpg\",\"contentUrl\":\"https:\\\/\\\/trendsandvision.nl\\\/fr\\\/wp-content\\\/uploads\\\/sites\\\/4\\\/2022\\\/10\\\/trends-and-vision-logo.jpg\",\"width\":213,\"height\":100,\"caption\":\"Trends &amp; Vision (FR)\"},\"image\":{\"@id\":\"https:\\\/\\\/trendsandvision.nl\\\/fr\\\/#\\\/schema\\\/logo\\\/image\\\/\"}}]}<\/script>\n<!-- \/ Yoast SEO Premium plugin. -->","yoast_head_json":{"title":"Liens pertinents - Trends &amp; Vision (FR)","robots":{"index":"index","follow":"follow","max-snippet":"max-snippet:-1","max-image-preview":"max-image-preview:large","max-video-preview":"max-video-preview:-1"},"canonical":"https:\/\/trendsandvision.nl\/fr\/liens-pertinents\/","og_locale":"fr_FR","og_type":"article","og_title":"Liens pertinents","og_description":"Cette page est uniquement en n\u00e9erlandais&#8230; Esschert Design (waar Outhings, Secrets du Potager &amp;MyBalconia onder vallen) beknopt omschreven: Esschert Design ontwerpt met een creatief team van ca. vijf mensen producten voor de wereldmarkt. Esschert Design is in samenwerking met Esschert Design Far East (Guangzhou, China) al ruim tien jaar groothandelaar en ontwikkelaar van unieke tuincadeau [&hellip;]","og_url":"https:\/\/trendsandvision.nl\/fr\/liens-pertinents\/","og_site_name":"Trends &amp; Vision (FR)","article_modified_time":"2025-12-15T17:07:08+00:00","twitter_card":"summary_large_image","twitter_misc":{"Dur\u00e9e de lecture estim\u00e9e":"4 minutes"},"schema":{"@context":"https:\/\/schema.org","@graph":[{"@type":"WebPage","@id":"https:\/\/trendsandvision.nl\/fr\/liens-pertinents\/","url":"https:\/\/trendsandvision.nl\/fr\/liens-pertinents\/","name":"Liens pertinents - Trends &amp; Vision (FR)","isPartOf":{"@id":"https:\/\/trendsandvision.nl\/fr\/#website"},"datePublished":"2022-10-17T12:17:19+00:00","dateModified":"2025-12-15T17:07:08+00:00","breadcrumb":{"@id":"https:\/\/trendsandvision.nl\/fr\/liens-pertinents\/#breadcrumb"},"inLanguage":"fr-FR","potentialAction":[{"@type":"ReadAction","target":["https:\/\/trendsandvision.nl\/fr\/liens-pertinents\/"]}]},{"@type":"BreadcrumbList","@id":"https:\/\/trendsandvision.nl\/fr\/liens-pertinents\/#breadcrumb","itemListElement":[{"@type":"ListItem","position":1,"name":"Home","item":"https:\/\/trendsandvision.nl\/fr\/"},{"@type":"ListItem","position":2,"name":"Liens pertinents"}]},{"@type":"WebSite","@id":"https:\/\/trendsandvision.nl\/fr\/#website","url":"https:\/\/trendsandvision.nl\/fr\/","name":"Trends &amp; Vision (FR)","description":"La boutique en ligne pour les articles Esschert Design","publisher":{"@id":"https:\/\/trendsandvision.nl\/fr\/#organization"},"potentialAction":[{"@type":"SearchAction","target":{"@type":"EntryPoint","urlTemplate":"https:\/\/trendsandvision.nl\/fr\/?s={search_term_string}"},"query-input":{"@type":"PropertyValueSpecification","valueRequired":true,"valueName":"search_term_string"}}],"inLanguage":"fr-FR"},{"@type":"Organization","@id":"https:\/\/trendsandvision.nl\/fr\/#organization","name":"Trends &amp; Vision (FR)","url":"https:\/\/trendsandvision.nl\/fr\/","logo":{"@type":"ImageObject","inLanguage":"fr-FR","@id":"https:\/\/trendsandvision.nl\/fr\/#\/schema\/logo\/image\/","url":"https:\/\/trendsandvision.nl\/fr\/wp-content\/uploads\/sites\/4\/2022\/10\/trends-and-vision-logo.jpg","contentUrl":"https:\/\/trendsandvision.nl\/fr\/wp-content\/uploads\/sites\/4\/2022\/10\/trends-and-vision-logo.jpg","width":213,"height":100,"caption":"Trends &amp; Vision (FR)"},"image":{"@id":"https:\/\/trendsandvision.nl\/fr\/#\/schema\/logo\/image\/"}}]}},"_links":{"self":[{"href":"https:\/\/trendsandvision.nl\/fr\/wp-json\/wp\/v2\/pages\/32","targetHints":{"allow":["GET"]}}],"collection":[{"href":"https:\/\/trendsandvision.nl\/fr\/wp-json\/wp\/v2\/pages"}],"about":[{"href":"https:\/\/trendsandvision.nl\/fr\/wp-json\/wp\/v2\/types\/page"}],"author":[{"embeddable":true,"href":"https:\/\/trendsandvision.nl\/fr\/wp-json\/wp\/v2\/users\/1"}],"replies":[{"embeddable":true,"href":"https:\/\/trendsandvision.nl\/fr\/wp-json\/wp\/v2\/comments?post=32"}],"version-history":[{"count":1,"href":"https:\/\/trendsandvision.nl\/fr\/wp-json\/wp\/v2\/pages\/32\/revisions"}],"predecessor-version":[{"id":17245,"href":"https:\/\/trendsandvision.nl\/fr\/wp-json\/wp\/v2\/pages\/32\/revisions\/17245"}],"wp:attachment":[{"href":"https:\/\/trendsandvision.nl\/fr\/wp-json\/wp\/v2\/media?parent=32"}],"curies":[{"name":"wp","href":"https:\/\/api.w.org\/{rel}","templated":true}]}}