{"id":16,"date":"2022-10-27T15:05:21","date_gmt":"2022-10-27T13:05:21","guid":{"rendered":"https:\/\/trendsandvision.nl\/fr\/?page_id=16"},"modified":"2025-12-14T11:51:08","modified_gmt":"2025-12-14T10:51:08","slug":"presse","status":"publish","type":"page","link":"https:\/\/trendsandvision.nl\/fr\/presse\/","title":{"rendered":"Presse-Cross Media Concepts"},"content":{"rendered":"<div class=\"col-main\">\n<div class=\"page-title\">\n<h2>Trends &amp; Vision Cross Media Concepts<\/h2>\n<\/div>\n<div class=\"std\">\n<p>Si vous \u00eates un membre de la presse, vous \u00eates admissible \u00e0 \u00eatre inform\u00e9 \u00e0 l&rsquo;avance de toutes nos nouveaut\u00e9s.<br \/>\nEn pointe pour \u00eatre inform\u00e9 \u00e0 l&rsquo;avance des nouveaut\u00e9s, vous aurez \u00e9galement acc\u00e8s \u00e0 des images haute r\u00e9solution (300dpi RH \/ Mood). Dans le cas o\u00f9 vous avez besoin tout de suite les photos que s&rsquo;il vous pla\u00eet article nous contacter \u00e0 <a href=\"mailto:admin@trendsandvision.com\">admin@trendsandvision.com<\/a><\/p>\n<p>En plus du r\u00e9dactionnel vous aurez la possibilit\u00e9 de t\u00e9l\u00e9charger (par wetransfer.com) des photos des nouveaut\u00e9s en haute r\u00e9solution.<\/p>\n<p>Trends &amp; Vision Cross Media Concepts.<\/p>\n<\/div>\n<\/div>\n","protected":false},"excerpt":{"rendered":"<p>Trends &amp; Vision Cross Media Concepts Si vous \u00eates un membre de la presse, vous \u00eates admissible \u00e0 \u00eatre inform\u00e9 \u00e0 l&rsquo;avance de toutes nos nouveaut\u00e9s. En pointe pour \u00eatre inform\u00e9 \u00e0 l&rsquo;avance des nouveaut\u00e9s, vous aurez \u00e9galement acc\u00e8s \u00e0 des images haute r\u00e9solution (300dpi RH \/ Mood). Dans le cas o\u00f9 vous avez besoin [&hellip;]<\/p>\n","protected":false},"author":1,"featured_media":0,"parent":0,"menu_order":0,"comment_status":"closed","ping_status":"closed","template":"","meta":{"footnotes":""},"class_list":["post-16","page","type-page","status-publish","czr-hentry"],"yoast_head":"<!-- This site is optimized with the Yoast SEO Premium plugin v26.4 (Yoast SEO v27.3) - https:\/\/yoast.com\/product\/yoast-seo-premium-wordpress\/ -->\n<title>Presse-Cross Media Concepts - Trends &amp; Vision (FR)<\/title>\n<meta name=\"robots\" content=\"index, follow, max-snippet:-1, max-image-preview:large, max-video-preview:-1\" \/>\n<link rel=\"canonical\" href=\"https:\/\/trendsandvision.nl\/fr\/presse\/\" \/>\n<meta property=\"og:locale\" content=\"fr_FR\" \/>\n<meta property=\"og:type\" content=\"article\" \/>\n<meta property=\"og:title\" content=\"Presse-Cross Media Concepts\" \/>\n<meta property=\"og:description\" content=\"Trends &amp; Vision Cross Media Concepts Si vous \u00eates un membre de la presse, vous \u00eates admissible \u00e0 \u00eatre inform\u00e9 \u00e0 l&rsquo;avance de toutes nos nouveaut\u00e9s. En pointe pour \u00eatre inform\u00e9 \u00e0 l&rsquo;avance des nouveaut\u00e9s, vous aurez \u00e9galement acc\u00e8s \u00e0 des images haute r\u00e9solution (300dpi RH \/ Mood). Dans le cas o\u00f9 vous avez besoin [&hellip;]\" \/>\n<meta property=\"og:url\" content=\"https:\/\/trendsandvision.nl\/fr\/presse\/\" \/>\n<meta property=\"og:site_name\" content=\"Trends &amp; Vision (FR)\" \/>\n<meta property=\"article:modified_time\" content=\"2025-12-14T10:51:08+00:00\" \/>\n<meta name=\"twitter:card\" content=\"summary_large_image\" \/>\n<meta name=\"twitter:label1\" content=\"Dur\u00e9e de lecture estim\u00e9e\" \/>\n\t<meta name=\"twitter:data1\" content=\"1 minute\" \/>\n<script type=\"application\/ld+json\" class=\"yoast-schema-graph\">{\"@context\":\"https:\\\/\\\/schema.org\",\"@graph\":[{\"@type\":\"WebPage\",\"@id\":\"https:\\\/\\\/trendsandvision.nl\\\/fr\\\/presse\\\/\",\"url\":\"https:\\\/\\\/trendsandvision.nl\\\/fr\\\/presse\\\/\",\"name\":\"Presse-Cross Media Concepts - Trends &amp; Vision (FR)\",\"isPartOf\":{\"@id\":\"https:\\\/\\\/trendsandvision.nl\\\/fr\\\/#website\"},\"datePublished\":\"2022-10-27T13:05:21+00:00\",\"dateModified\":\"2025-12-14T10:51:08+00:00\",\"breadcrumb\":{\"@id\":\"https:\\\/\\\/trendsandvision.nl\\\/fr\\\/presse\\\/#breadcrumb\"},\"inLanguage\":\"fr-FR\",\"potentialAction\":[{\"@type\":\"ReadAction\",\"target\":[\"https:\\\/\\\/trendsandvision.nl\\\/fr\\\/presse\\\/\"]}]},{\"@type\":\"BreadcrumbList\",\"@id\":\"https:\\\/\\\/trendsandvision.nl\\\/fr\\\/presse\\\/#breadcrumb\",\"itemListElement\":[{\"@type\":\"ListItem\",\"position\":1,\"name\":\"Home\",\"item\":\"https:\\\/\\\/trendsandvision.nl\\\/fr\\\/\"},{\"@type\":\"ListItem\",\"position\":2,\"name\":\"Presse\"}]},{\"@type\":\"WebSite\",\"@id\":\"https:\\\/\\\/trendsandvision.nl\\\/fr\\\/#website\",\"url\":\"https:\\\/\\\/trendsandvision.nl\\\/fr\\\/\",\"name\":\"Trends &amp; Vision (FR)\",\"description\":\"La boutique en ligne pour les articles Esschert Design\",\"publisher\":{\"@id\":\"https:\\\/\\\/trendsandvision.nl\\\/fr\\\/#organization\"},\"potentialAction\":[{\"@type\":\"SearchAction\",\"target\":{\"@type\":\"EntryPoint\",\"urlTemplate\":\"https:\\\/\\\/trendsandvision.nl\\\/fr\\\/?s={search_term_string}\"},\"query-input\":{\"@type\":\"PropertyValueSpecification\",\"valueRequired\":true,\"valueName\":\"search_term_string\"}}],\"inLanguage\":\"fr-FR\"},{\"@type\":\"Organization\",\"@id\":\"https:\\\/\\\/trendsandvision.nl\\\/fr\\\/#organization\",\"name\":\"Trends &amp; Vision (FR)\",\"url\":\"https:\\\/\\\/trendsandvision.nl\\\/fr\\\/\",\"logo\":{\"@type\":\"ImageObject\",\"inLanguage\":\"fr-FR\",\"@id\":\"https:\\\/\\\/trendsandvision.nl\\\/fr\\\/#\\\/schema\\\/logo\\\/image\\\/\",\"url\":\"https:\\\/\\\/trendsandvision.nl\\\/fr\\\/wp-content\\\/uploads\\\/sites\\\/4\\\/2022\\\/10\\\/trends-and-vision-logo.jpg\",\"contentUrl\":\"https:\\\/\\\/trendsandvision.nl\\\/fr\\\/wp-content\\\/uploads\\\/sites\\\/4\\\/2022\\\/10\\\/trends-and-vision-logo.jpg\",\"width\":213,\"height\":100,\"caption\":\"Trends &amp; Vision (FR)\"},\"image\":{\"@id\":\"https:\\\/\\\/trendsandvision.nl\\\/fr\\\/#\\\/schema\\\/logo\\\/image\\\/\"}}]}<\/script>\n<!-- \/ Yoast SEO Premium plugin. -->","yoast_head_json":{"title":"Presse-Cross Media Concepts - Trends &amp; Vision (FR)","robots":{"index":"index","follow":"follow","max-snippet":"max-snippet:-1","max-image-preview":"max-image-preview:large","max-video-preview":"max-video-preview:-1"},"canonical":"https:\/\/trendsandvision.nl\/fr\/presse\/","og_locale":"fr_FR","og_type":"article","og_title":"Presse-Cross Media Concepts","og_description":"Trends &amp; Vision Cross Media Concepts Si vous \u00eates un membre de la presse, vous \u00eates admissible \u00e0 \u00eatre inform\u00e9 \u00e0 l&rsquo;avance de toutes nos nouveaut\u00e9s. En pointe pour \u00eatre inform\u00e9 \u00e0 l&rsquo;avance des nouveaut\u00e9s, vous aurez \u00e9galement acc\u00e8s \u00e0 des images haute r\u00e9solution (300dpi RH \/ Mood). Dans le cas o\u00f9 vous avez besoin [&hellip;]","og_url":"https:\/\/trendsandvision.nl\/fr\/presse\/","og_site_name":"Trends &amp; Vision (FR)","article_modified_time":"2025-12-14T10:51:08+00:00","twitter_card":"summary_large_image","twitter_misc":{"Dur\u00e9e de lecture estim\u00e9e":"1 minute"},"schema":{"@context":"https:\/\/schema.org","@graph":[{"@type":"WebPage","@id":"https:\/\/trendsandvision.nl\/fr\/presse\/","url":"https:\/\/trendsandvision.nl\/fr\/presse\/","name":"Presse-Cross Media Concepts - Trends &amp; Vision (FR)","isPartOf":{"@id":"https:\/\/trendsandvision.nl\/fr\/#website"},"datePublished":"2022-10-27T13:05:21+00:00","dateModified":"2025-12-14T10:51:08+00:00","breadcrumb":{"@id":"https:\/\/trendsandvision.nl\/fr\/presse\/#breadcrumb"},"inLanguage":"fr-FR","potentialAction":[{"@type":"ReadAction","target":["https:\/\/trendsandvision.nl\/fr\/presse\/"]}]},{"@type":"BreadcrumbList","@id":"https:\/\/trendsandvision.nl\/fr\/presse\/#breadcrumb","itemListElement":[{"@type":"ListItem","position":1,"name":"Home","item":"https:\/\/trendsandvision.nl\/fr\/"},{"@type":"ListItem","position":2,"name":"Presse"}]},{"@type":"WebSite","@id":"https:\/\/trendsandvision.nl\/fr\/#website","url":"https:\/\/trendsandvision.nl\/fr\/","name":"Trends &amp; Vision (FR)","description":"La boutique en ligne pour les articles Esschert Design","publisher":{"@id":"https:\/\/trendsandvision.nl\/fr\/#organization"},"potentialAction":[{"@type":"SearchAction","target":{"@type":"EntryPoint","urlTemplate":"https:\/\/trendsandvision.nl\/fr\/?s={search_term_string}"},"query-input":{"@type":"PropertyValueSpecification","valueRequired":true,"valueName":"search_term_string"}}],"inLanguage":"fr-FR"},{"@type":"Organization","@id":"https:\/\/trendsandvision.nl\/fr\/#organization","name":"Trends &amp; Vision (FR)","url":"https:\/\/trendsandvision.nl\/fr\/","logo":{"@type":"ImageObject","inLanguage":"fr-FR","@id":"https:\/\/trendsandvision.nl\/fr\/#\/schema\/logo\/image\/","url":"https:\/\/trendsandvision.nl\/fr\/wp-content\/uploads\/sites\/4\/2022\/10\/trends-and-vision-logo.jpg","contentUrl":"https:\/\/trendsandvision.nl\/fr\/wp-content\/uploads\/sites\/4\/2022\/10\/trends-and-vision-logo.jpg","width":213,"height":100,"caption":"Trends &amp; Vision (FR)"},"image":{"@id":"https:\/\/trendsandvision.nl\/fr\/#\/schema\/logo\/image\/"}}]}},"_links":{"self":[{"href":"https:\/\/trendsandvision.nl\/fr\/wp-json\/wp\/v2\/pages\/16","targetHints":{"allow":["GET"]}}],"collection":[{"href":"https:\/\/trendsandvision.nl\/fr\/wp-json\/wp\/v2\/pages"}],"about":[{"href":"https:\/\/trendsandvision.nl\/fr\/wp-json\/wp\/v2\/types\/page"}],"author":[{"embeddable":true,"href":"https:\/\/trendsandvision.nl\/fr\/wp-json\/wp\/v2\/users\/1"}],"replies":[{"embeddable":true,"href":"https:\/\/trendsandvision.nl\/fr\/wp-json\/wp\/v2\/comments?post=16"}],"version-history":[{"count":2,"href":"https:\/\/trendsandvision.nl\/fr\/wp-json\/wp\/v2\/pages\/16\/revisions"}],"predecessor-version":[{"id":17242,"href":"https:\/\/trendsandvision.nl\/fr\/wp-json\/wp\/v2\/pages\/16\/revisions\/17242"}],"wp:attachment":[{"href":"https:\/\/trendsandvision.nl\/fr\/wp-json\/wp\/v2\/media?parent=16"}],"curies":[{"name":"wp","href":"https:\/\/api.w.org\/{rel}","templated":true}]}}