{"id":9990,"date":"2023-01-06T15:48:21","date_gmt":"2023-01-06T14:48:21","guid":{"rendered":"https:\/\/trendsandvision.nl\/de\/product\/esschert-design-ausmalregenschirm-hunde\/"},"modified":"2026-04-07T10:38:05","modified_gmt":"2026-04-07T08:38:05","slug":"esschert-design-ausmalregenschirm-hunde","status":"publish","type":"product","link":"https:\/\/trendsandvision.nl\/de\/product\/esschert-design-ausmalregenschirm-hunde\/","title":{"rendered":"Esschert Design Ausmalregenschirm &#8222;Hunde&#8220;"},"content":{"rendered":"<p>Machen Sie einen Spaziergang im Regen zu einer Party! Dieser \u201ePaint it Yourself\u201c-Regenschirm mit Hunden kann ganz nach Ihren W\u00fcnschen bemalt werden! Der Schirm ist mit Markern ausgestattet, mit denen der Schirm eingef\u00e4rbt werden kann. Lassen Sie Kinder ihre eigene Kreation erstellen. Die Gr\u00f6\u00dfe und Verwendung sind speziell auf Kinderh\u00e4nde abgestimmt.<\/p>\n<p>Artikelname: PIY Regenschirm Hunde<br \/>\nArtikelnummer KG279<br \/>\nProduktgruppe(n) Taschen&amp;Schirme, Regenschirme, Kinder, Regenschirme<br \/>\nProduktabmessungen in cm L 70,5 x T 70,5 x H 69,2<br \/>\nMaterial EVA, Fiberglas, Stahl, PP, ABS, Tinte (35-45% Ethylalkohol, 55-65% Pigmente, Harze, Wasser, Tenside)<br \/>\nNettogewicht 0,277 kg<br \/>\nBarcode 8714982225758<br \/>\n&#8211; mit CE-Kennzeichnung<br \/>\n&#8211; CE-zertifiziert<br \/>\n&#8211; geeignet ab 3 Jahren<\/p>\n","protected":false},"excerpt":{"rendered":"<p>&#8211; PIY Regenschirm Hunde<br \/>\n&#8211; Artikelnummer KG279<br \/>\n&#8211; L 70,5 x T 70,5 x H 69,2 cm<br \/>\n&#8211; Material EVA, Fiberglas, Stahl<br \/>\n&#8211; PP, ABS, Tinte (35-45% Ethylalkohol<br \/>\n&#8211; 55-65% Pigmente, Harze, Wasser, Tenside)<br \/>\n&#8211; Nettogewicht 0,277 kg<br \/>\n&#8211; Barcode 8714982225758<br \/>\n&#8211; mit CE-Kennzeichnung<br \/>\n&#8211; CE-zertifiziert<br \/>\n&#8211; geeignet ab 3 Jahren<br \/>\n&#8211; CE-zertifiziert<br \/>\n&#8211; geeignet ab 3 Jahren<\/p>\n","protected":false},"featured_media":9991,"template":"","meta":[],"product_brand":[9597,9598],"product_cat":[3056],"product_tag":[7025,6753,10833,7288,8715],"class_list":{"0":"post-9990","1":"product","2":"type-product","3":"status-publish","4":"has-post-thumbnail","6":"product_brand-esschert-design","7":"product_brand-trends-and-vision","8":"product_cat-kids-in-the-garden","9":"product_tag-edukativ","10":"product_tag-hunde","11":"product_tag-kinderregenschirmen","12":"product_tag-piy","13":"product_tag-regenschirmen","14":"pa_anbieter-esschert-design","15":"pa_ean-code-5563","16":"pa_material-eva-fiberglas-stahl-pp-abs-tinte-35-45-ethylalkohol-55-65-pigmente-harze-wasser-tenside","17":"pa_messungen-705x705x692-cm","19":"first","20":"instock","21":"sale","22":"taxable","23":"shipping-taxable","24":"purchasable","25":"product-type-simple","26":"czr-hentry"},"yoast_head":"<!-- This site is optimized with the Yoast SEO Premium plugin v26.4 (Yoast SEO v27.3) - https:\/\/yoast.com\/product\/yoast-seo-premium-wordpress\/ -->\n<title>Esschert Design Ausmalregenschirm &quot;Hunde&quot; (KG279, 8714982225758) - Trends &amp; Vision<\/title>\n<meta name=\"description\" content=\"Esschert Design Ausmalregenschirm &quot;Hunde&quot; (KG279, 8714982225758) - ...\" \/>\n<meta name=\"robots\" content=\"index, follow, max-snippet:-1, max-image-preview:large, max-video-preview:-1\" \/>\n<link rel=\"canonical\" href=\"https:\/\/trendsandvision.nl\/de\/product\/esschert-design-ausmalregenschirm-hunde\/\" \/>\n<meta property=\"og:locale\" content=\"de_DE\" \/>\n<meta property=\"og:type\" content=\"article\" \/>\n<meta property=\"og:title\" content=\"Esschert Design Ausmalregenschirm &quot;Hunde&quot;\" \/>\n<meta property=\"og:description\" content=\"Esschert Design Ausmalregenschirm &quot;Hunde&quot; (KG279, 8714982225758) - ...\" \/>\n<meta property=\"og:url\" content=\"https:\/\/trendsandvision.nl\/de\/product\/esschert-design-ausmalregenschirm-hunde\/\" \/>\n<meta property=\"og:site_name\" content=\"Trends &amp; Vision (DE)\" \/>\n<meta property=\"article:modified_time\" content=\"2026-04-07T08:38:05+00:00\" \/>\n<meta property=\"og:image\" content=\"https:\/\/trendsandvision.nl\/de\/wp-content\/uploads\/sites\/3\/2023\/01\/KG279_01.jpg\" \/>\n\t<meta property=\"og:image:width\" content=\"800\" \/>\n\t<meta property=\"og:image:height\" content=\"800\" \/>\n\t<meta property=\"og:image:type\" content=\"image\/jpeg\" \/>\n<meta name=\"twitter:card\" content=\"summary_large_image\" \/>\n<meta name=\"twitter:label1\" content=\"Gesch\u00e4tzte Lesezeit\" \/>\n\t<meta name=\"twitter:data1\" content=\"1\u00a0Minute\" \/>\n<script type=\"application\/ld+json\" class=\"yoast-schema-graph\">{\"@context\":\"https:\\\/\\\/schema.org\",\"@graph\":[{\"@type\":\"WebPage\",\"@id\":\"https:\\\/\\\/trendsandvision.nl\\\/de\\\/product\\\/esschert-design-ausmalregenschirm-hunde\\\/\",\"url\":\"https:\\\/\\\/trendsandvision.nl\\\/de\\\/product\\\/esschert-design-ausmalregenschirm-hunde\\\/\",\"name\":\"Esschert Design Ausmalregenschirm \\\"Hunde\\\" (KG279, 8714982225758) - Trends & Vision\",\"isPartOf\":{\"@id\":\"https:\\\/\\\/trendsandvision.nl\\\/de\\\/#website\"},\"primaryImageOfPage\":{\"@id\":\"https:\\\/\\\/trendsandvision.nl\\\/de\\\/product\\\/esschert-design-ausmalregenschirm-hunde\\\/#primaryimage\"},\"image\":{\"@id\":\"https:\\\/\\\/trendsandvision.nl\\\/de\\\/product\\\/esschert-design-ausmalregenschirm-hunde\\\/#primaryimage\"},\"thumbnailUrl\":\"https:\\\/\\\/trendsandvision.nl\\\/de\\\/wp-content\\\/uploads\\\/sites\\\/3\\\/2023\\\/01\\\/KG279_01.jpg\",\"datePublished\":\"2023-01-06T14:48:21+00:00\",\"dateModified\":\"2026-04-07T08:38:05+00:00\",\"description\":\"Esschert Design Ausmalregenschirm \\\"Hunde\\\" (KG279, 8714982225758) - ...\",\"breadcrumb\":{\"@id\":\"https:\\\/\\\/trendsandvision.nl\\\/de\\\/product\\\/esschert-design-ausmalregenschirm-hunde\\\/#breadcrumb\"},\"inLanguage\":\"de\",\"potentialAction\":[{\"@type\":\"ReadAction\",\"target\":[\"https:\\\/\\\/trendsandvision.nl\\\/de\\\/product\\\/esschert-design-ausmalregenschirm-hunde\\\/\"]}]},{\"@type\":\"ImageObject\",\"inLanguage\":\"de\",\"@id\":\"https:\\\/\\\/trendsandvision.nl\\\/de\\\/product\\\/esschert-design-ausmalregenschirm-hunde\\\/#primaryimage\",\"url\":\"https:\\\/\\\/trendsandvision.nl\\\/de\\\/wp-content\\\/uploads\\\/sites\\\/3\\\/2023\\\/01\\\/KG279_01.jpg\",\"contentUrl\":\"https:\\\/\\\/trendsandvision.nl\\\/de\\\/wp-content\\\/uploads\\\/sites\\\/3\\\/2023\\\/01\\\/KG279_01.jpg\",\"width\":800,\"height\":800,\"caption\":\"Esschert Design Ausmalregenschirm \\\"Hunde\\\" (KG279 8714982225758) - 01\"},{\"@type\":\"BreadcrumbList\",\"@id\":\"https:\\\/\\\/trendsandvision.nl\\\/de\\\/product\\\/esschert-design-ausmalregenschirm-hunde\\\/#breadcrumb\",\"itemListElement\":[{\"@type\":\"ListItem\",\"position\":1,\"name\":\"Home\",\"item\":\"https:\\\/\\\/trendsandvision.nl\\\/de\\\/\"},{\"@type\":\"ListItem\",\"position\":2,\"name\":\"Gesch\u00e4ft\",\"item\":\"https:\\\/\\\/trendsandvision.nl\\\/de\\\/geschaft\\\/\"},{\"@type\":\"ListItem\",\"position\":3,\"name\":\"Esschert Design Ausmalregenschirm &#8222;Hunde&#8220;\"}]},{\"@type\":\"WebSite\",\"@id\":\"https:\\\/\\\/trendsandvision.nl\\\/de\\\/#website\",\"url\":\"https:\\\/\\\/trendsandvision.nl\\\/de\\\/\",\"name\":\"Trends &amp; Vision (DE)\",\"description\":\"Der Webshop f\u00fcr Esschert Design Artikel\",\"publisher\":{\"@id\":\"https:\\\/\\\/trendsandvision.nl\\\/de\\\/#organization\"},\"potentialAction\":[{\"@type\":\"SearchAction\",\"target\":{\"@type\":\"EntryPoint\",\"urlTemplate\":\"https:\\\/\\\/trendsandvision.nl\\\/de\\\/?s={search_term_string}\"},\"query-input\":{\"@type\":\"PropertyValueSpecification\",\"valueRequired\":true,\"valueName\":\"search_term_string\"}}],\"inLanguage\":\"de\"},{\"@type\":\"Organization\",\"@id\":\"https:\\\/\\\/trendsandvision.nl\\\/de\\\/#organization\",\"name\":\"Trends &amp; Vision (DE)\",\"url\":\"https:\\\/\\\/trendsandvision.nl\\\/de\\\/\",\"logo\":{\"@type\":\"ImageObject\",\"inLanguage\":\"de\",\"@id\":\"https:\\\/\\\/trendsandvision.nl\\\/de\\\/#\\\/schema\\\/logo\\\/image\\\/\",\"url\":\"https:\\\/\\\/trendsandvision.nl\\\/de\\\/wp-content\\\/uploads\\\/sites\\\/3\\\/2022\\\/04\\\/trends-and-vision-logo.jpg\",\"contentUrl\":\"https:\\\/\\\/trendsandvision.nl\\\/de\\\/wp-content\\\/uploads\\\/sites\\\/3\\\/2022\\\/04\\\/trends-and-vision-logo.jpg\",\"width\":213,\"height\":100,\"caption\":\"Trends &amp; Vision (DE)\"},\"image\":{\"@id\":\"https:\\\/\\\/trendsandvision.nl\\\/de\\\/#\\\/schema\\\/logo\\\/image\\\/\"}}]}<\/script>\n<!-- \/ Yoast SEO Premium plugin. -->","yoast_head_json":{"title":"Esschert Design Ausmalregenschirm \"Hunde\" (KG279, 8714982225758) - Trends & Vision","description":"Esschert Design Ausmalregenschirm \"Hunde\" (KG279, 8714982225758) - ...","robots":{"index":"index","follow":"follow","max-snippet":"max-snippet:-1","max-image-preview":"max-image-preview:large","max-video-preview":"max-video-preview:-1"},"canonical":"https:\/\/trendsandvision.nl\/de\/product\/esschert-design-ausmalregenschirm-hunde\/","og_locale":"de_DE","og_type":"article","og_title":"Esschert Design Ausmalregenschirm \"Hunde\"","og_description":"Esschert Design Ausmalregenschirm \"Hunde\" (KG279, 8714982225758) - ...","og_url":"https:\/\/trendsandvision.nl\/de\/product\/esschert-design-ausmalregenschirm-hunde\/","og_site_name":"Trends &amp; Vision (DE)","article_modified_time":"2026-04-07T08:38:05+00:00","og_image":[{"width":800,"height":800,"url":"https:\/\/trendsandvision.nl\/de\/wp-content\/uploads\/sites\/3\/2023\/01\/KG279_01.jpg","type":"image\/jpeg"}],"twitter_card":"summary_large_image","twitter_misc":{"Gesch\u00e4tzte Lesezeit":"1\u00a0Minute"},"schema":{"@context":"https:\/\/schema.org","@graph":[{"@type":"WebPage","@id":"https:\/\/trendsandvision.nl\/de\/product\/esschert-design-ausmalregenschirm-hunde\/","url":"https:\/\/trendsandvision.nl\/de\/product\/esschert-design-ausmalregenschirm-hunde\/","name":"Esschert Design Ausmalregenschirm \"Hunde\" (KG279, 8714982225758) - Trends & Vision","isPartOf":{"@id":"https:\/\/trendsandvision.nl\/de\/#website"},"primaryImageOfPage":{"@id":"https:\/\/trendsandvision.nl\/de\/product\/esschert-design-ausmalregenschirm-hunde\/#primaryimage"},"image":{"@id":"https:\/\/trendsandvision.nl\/de\/product\/esschert-design-ausmalregenschirm-hunde\/#primaryimage"},"thumbnailUrl":"https:\/\/trendsandvision.nl\/de\/wp-content\/uploads\/sites\/3\/2023\/01\/KG279_01.jpg","datePublished":"2023-01-06T14:48:21+00:00","dateModified":"2026-04-07T08:38:05+00:00","description":"Esschert Design Ausmalregenschirm \"Hunde\" (KG279, 8714982225758) - ...","breadcrumb":{"@id":"https:\/\/trendsandvision.nl\/de\/product\/esschert-design-ausmalregenschirm-hunde\/#breadcrumb"},"inLanguage":"de","potentialAction":[{"@type":"ReadAction","target":["https:\/\/trendsandvision.nl\/de\/product\/esschert-design-ausmalregenschirm-hunde\/"]}]},{"@type":"ImageObject","inLanguage":"de","@id":"https:\/\/trendsandvision.nl\/de\/product\/esschert-design-ausmalregenschirm-hunde\/#primaryimage","url":"https:\/\/trendsandvision.nl\/de\/wp-content\/uploads\/sites\/3\/2023\/01\/KG279_01.jpg","contentUrl":"https:\/\/trendsandvision.nl\/de\/wp-content\/uploads\/sites\/3\/2023\/01\/KG279_01.jpg","width":800,"height":800,"caption":"Esschert Design Ausmalregenschirm \"Hunde\" (KG279 8714982225758) - 01"},{"@type":"BreadcrumbList","@id":"https:\/\/trendsandvision.nl\/de\/product\/esschert-design-ausmalregenschirm-hunde\/#breadcrumb","itemListElement":[{"@type":"ListItem","position":1,"name":"Home","item":"https:\/\/trendsandvision.nl\/de\/"},{"@type":"ListItem","position":2,"name":"Gesch\u00e4ft","item":"https:\/\/trendsandvision.nl\/de\/geschaft\/"},{"@type":"ListItem","position":3,"name":"Esschert Design Ausmalregenschirm &#8222;Hunde&#8220;"}]},{"@type":"WebSite","@id":"https:\/\/trendsandvision.nl\/de\/#website","url":"https:\/\/trendsandvision.nl\/de\/","name":"Trends &amp; Vision (DE)","description":"Der Webshop f\u00fcr Esschert Design Artikel","publisher":{"@id":"https:\/\/trendsandvision.nl\/de\/#organization"},"potentialAction":[{"@type":"SearchAction","target":{"@type":"EntryPoint","urlTemplate":"https:\/\/trendsandvision.nl\/de\/?s={search_term_string}"},"query-input":{"@type":"PropertyValueSpecification","valueRequired":true,"valueName":"search_term_string"}}],"inLanguage":"de"},{"@type":"Organization","@id":"https:\/\/trendsandvision.nl\/de\/#organization","name":"Trends &amp; Vision (DE)","url":"https:\/\/trendsandvision.nl\/de\/","logo":{"@type":"ImageObject","inLanguage":"de","@id":"https:\/\/trendsandvision.nl\/de\/#\/schema\/logo\/image\/","url":"https:\/\/trendsandvision.nl\/de\/wp-content\/uploads\/sites\/3\/2022\/04\/trends-and-vision-logo.jpg","contentUrl":"https:\/\/trendsandvision.nl\/de\/wp-content\/uploads\/sites\/3\/2022\/04\/trends-and-vision-logo.jpg","width":213,"height":100,"caption":"Trends &amp; Vision (DE)"},"image":{"@id":"https:\/\/trendsandvision.nl\/de\/#\/schema\/logo\/image\/"}}]}},"_links":{"self":[{"href":"https:\/\/trendsandvision.nl\/de\/wp-json\/wp\/v2\/product\/9990","targetHints":{"allow":["GET"]}}],"collection":[{"href":"https:\/\/trendsandvision.nl\/de\/wp-json\/wp\/v2\/product"}],"about":[{"href":"https:\/\/trendsandvision.nl\/de\/wp-json\/wp\/v2\/types\/product"}],"wp:featuredmedia":[{"embeddable":true,"href":"https:\/\/trendsandvision.nl\/de\/wp-json\/wp\/v2\/media\/9991"}],"wp:attachment":[{"href":"https:\/\/trendsandvision.nl\/de\/wp-json\/wp\/v2\/media?parent=9990"}],"wp:term":[{"taxonomy":"product_brand","embeddable":true,"href":"https:\/\/trendsandvision.nl\/de\/wp-json\/wp\/v2\/product_brand?post=9990"},{"taxonomy":"product_cat","embeddable":true,"href":"https:\/\/trendsandvision.nl\/de\/wp-json\/wp\/v2\/product_cat?post=9990"},{"taxonomy":"product_tag","embeddable":true,"href":"https:\/\/trendsandvision.nl\/de\/wp-json\/wp\/v2\/product_tag?post=9990"}],"curies":[{"name":"wp","href":"https:\/\/api.w.org\/{rel}","templated":true}]}}