{"id":9952,"date":"2023-01-06T15:47:29","date_gmt":"2023-01-06T14:47:29","guid":{"rendered":"https:\/\/trendsandvision.nl\/de\/product\/esschert-design-kinderguertel-mit-gartengeraete-insekten\/"},"modified":"2026-04-07T10:37:53","modified_gmt":"2026-04-07T08:37:53","slug":"esschert-design-kinderguertel-mit-gartengeraete-insekten","status":"publish","type":"product","link":"https:\/\/trendsandvision.nl\/de\/product\/esschert-design-kinderguertel-mit-gartengeraete-insekten\/","title":{"rendered":"Esschert Design Kinderg\u00fcrtel mit Gartenger\u00e4te Insekten"},"content":{"rendered":"<p>Dieser Insekten-Werkzeugg\u00fcrtel f\u00fcr Kinder ist ideal f\u00fcr stundenlangen Spa\u00df im Garten.<br \/>\nKinder werden zu echten G\u00e4rtnern mit ihren eigenen Gartenger\u00e4ten, die sie dank des praktischen G\u00fcrtels leicht zur Hand haben.<br \/>\nDas Set hat einen wundersch\u00f6nen Insektenaufdruck.<br \/>\nDer verstellbare Riemen bietet Aufbewahrungsm\u00f6glichkeiten f\u00fcr Handwerkzeuge.<br \/>\nMit verstellbarer Riemen,ohne Werkzeug<\/p>\n<p>Artikelname: Kinderg\u00fcrtel mit Ger\u00e4ten Insekten<br \/>\nArtikelnummer KG267<br \/>\nProduktgruppe(n) Garten&amp;Terrasse, Kinder, Kinder, Gartenwerkzeuge, Metall\/Stahl\/Zink<br \/>\nProduktabmessungen in cm L 90 x T 3,7 x H 25,4<br \/>\nMaterial Eisen, Kiefernholz, Polyester, PP<br \/>\nNettogewicht 0,235 kg<br \/>\nBarcode 8714982221156<br \/>\nFSC\u00ae FSC 100%<br \/>\nmit CE-Kennzeichnung<\/p>\n","protected":false},"excerpt":{"rendered":"<p>Kinderg\u00fcrtel mit Ger\u00e4ten Insekten<br \/>\nArtikelnummer KG267<br \/>\nL 90 x T 3,7 x H 25,4 cm<br \/>\nMaterial Eisen, Kiefernholz, Polyester, PP<br \/>\nNettogewicht 0,235 kg<br \/>\nBarcode 8714982221156<br \/>\nFSC\u00ae FSC 100%<br \/>\nmit CE-Kennzeichnung<\/p>\n","protected":false},"featured_media":9953,"template":"","meta":[],"product_brand":[9597,9598],"product_cat":[3056],"product_tag":[6755,7251,8649,7024,7973],"class_list":{"0":"post-9952","1":"product","2":"type-product","3":"status-publish","4":"has-post-thumbnail","6":"product_brand-esschert-design","7":"product_brand-trends-and-vision","8":"product_cat-kids-in-the-garden","9":"product_tag-gartengeraete","10":"product_tag-insekten","11":"product_tag-kinderguertel","12":"product_tag-lehrsam","13":"product_tag-print","14":"pa_anbieter-esschert-design","15":"pa_ean-code-5543","16":"pa_material-eisen-kiefernholz-oxford-polyestergewebe-pp","17":"pa_messungen-00x00x00-cm","19":"first","20":"instock","21":"sale","22":"taxable","23":"shipping-taxable","24":"purchasable","25":"product-type-simple","26":"czr-hentry"},"yoast_head":"<!-- This site is optimized with the Yoast SEO Premium plugin v26.4 (Yoast SEO v27.3) - https:\/\/yoast.com\/product\/yoast-seo-premium-wordpress\/ -->\n<title>Esschert Design Kinderg\u00fcrtel mit Gartenger\u00e4te Insekten (KG267, 8714982221156) - Trends &amp; Vision<\/title>\n<meta name=\"description\" content=\"Esschert Design Kinderg\u00fcrtel mit Gartenger\u00e4te Insekten (KG267, 8714982221156) - ...\" \/>\n<meta name=\"robots\" content=\"index, follow, max-snippet:-1, max-image-preview:large, max-video-preview:-1\" \/>\n<link rel=\"canonical\" href=\"https:\/\/trendsandvision.nl\/de\/product\/esschert-design-kinderguertel-mit-gartengeraete-insekten\/\" \/>\n<meta property=\"og:locale\" content=\"de_DE\" \/>\n<meta property=\"og:type\" content=\"article\" \/>\n<meta property=\"og:title\" content=\"Esschert Design Kinderg\u00fcrtel mit Gartenger\u00e4te Insekten\" \/>\n<meta property=\"og:description\" content=\"Esschert Design Kinderg\u00fcrtel mit Gartenger\u00e4te Insekten (KG267, 8714982221156) - ...\" \/>\n<meta property=\"og:url\" content=\"https:\/\/trendsandvision.nl\/de\/product\/esschert-design-kinderguertel-mit-gartengeraete-insekten\/\" \/>\n<meta property=\"og:site_name\" content=\"Trends &amp; Vision (DE)\" \/>\n<meta property=\"article:modified_time\" content=\"2026-04-07T08:37:53+00:00\" \/>\n<meta property=\"og:image\" content=\"https:\/\/trendsandvision.nl\/de\/wp-content\/uploads\/sites\/3\/2023\/01\/KG267_01.jpg\" \/>\n\t<meta property=\"og:image:width\" content=\"800\" \/>\n\t<meta property=\"og:image:height\" content=\"800\" \/>\n\t<meta property=\"og:image:type\" content=\"image\/jpeg\" \/>\n<meta name=\"twitter:card\" content=\"summary_large_image\" \/>\n<meta name=\"twitter:label1\" content=\"Gesch\u00e4tzte Lesezeit\" \/>\n\t<meta name=\"twitter:data1\" content=\"1\u00a0Minute\" \/>\n<script type=\"application\/ld+json\" class=\"yoast-schema-graph\">{\"@context\":\"https:\\\/\\\/schema.org\",\"@graph\":[{\"@type\":\"WebPage\",\"@id\":\"https:\\\/\\\/trendsandvision.nl\\\/de\\\/product\\\/esschert-design-kinderguertel-mit-gartengeraete-insekten\\\/\",\"url\":\"https:\\\/\\\/trendsandvision.nl\\\/de\\\/product\\\/esschert-design-kinderguertel-mit-gartengeraete-insekten\\\/\",\"name\":\"Esschert Design Kinderg\u00fcrtel mit Gartenger\u00e4te Insekten (KG267, 8714982221156) - Trends & Vision\",\"isPartOf\":{\"@id\":\"https:\\\/\\\/trendsandvision.nl\\\/de\\\/#website\"},\"primaryImageOfPage\":{\"@id\":\"https:\\\/\\\/trendsandvision.nl\\\/de\\\/product\\\/esschert-design-kinderguertel-mit-gartengeraete-insekten\\\/#primaryimage\"},\"image\":{\"@id\":\"https:\\\/\\\/trendsandvision.nl\\\/de\\\/product\\\/esschert-design-kinderguertel-mit-gartengeraete-insekten\\\/#primaryimage\"},\"thumbnailUrl\":\"https:\\\/\\\/trendsandvision.nl\\\/de\\\/wp-content\\\/uploads\\\/sites\\\/3\\\/2023\\\/01\\\/KG267_01.jpg\",\"datePublished\":\"2023-01-06T14:47:29+00:00\",\"dateModified\":\"2026-04-07T08:37:53+00:00\",\"description\":\"Esschert Design Kinderg\u00fcrtel mit Gartenger\u00e4te Insekten (KG267, 8714982221156) - ...\",\"breadcrumb\":{\"@id\":\"https:\\\/\\\/trendsandvision.nl\\\/de\\\/product\\\/esschert-design-kinderguertel-mit-gartengeraete-insekten\\\/#breadcrumb\"},\"inLanguage\":\"de\",\"potentialAction\":[{\"@type\":\"ReadAction\",\"target\":[\"https:\\\/\\\/trendsandvision.nl\\\/de\\\/product\\\/esschert-design-kinderguertel-mit-gartengeraete-insekten\\\/\"]}]},{\"@type\":\"ImageObject\",\"inLanguage\":\"de\",\"@id\":\"https:\\\/\\\/trendsandvision.nl\\\/de\\\/product\\\/esschert-design-kinderguertel-mit-gartengeraete-insekten\\\/#primaryimage\",\"url\":\"https:\\\/\\\/trendsandvision.nl\\\/de\\\/wp-content\\\/uploads\\\/sites\\\/3\\\/2023\\\/01\\\/KG267_01.jpg\",\"contentUrl\":\"https:\\\/\\\/trendsandvision.nl\\\/de\\\/wp-content\\\/uploads\\\/sites\\\/3\\\/2023\\\/01\\\/KG267_01.jpg\",\"width\":800,\"height\":800,\"caption\":\"Esschert Design Kinderg\u00fcrtel mit Gartenger\u00e4te Insekten (KG267 8714982221156) - 01\"},{\"@type\":\"BreadcrumbList\",\"@id\":\"https:\\\/\\\/trendsandvision.nl\\\/de\\\/product\\\/esschert-design-kinderguertel-mit-gartengeraete-insekten\\\/#breadcrumb\",\"itemListElement\":[{\"@type\":\"ListItem\",\"position\":1,\"name\":\"Home\",\"item\":\"https:\\\/\\\/trendsandvision.nl\\\/de\\\/\"},{\"@type\":\"ListItem\",\"position\":2,\"name\":\"Gesch\u00e4ft\",\"item\":\"https:\\\/\\\/trendsandvision.nl\\\/de\\\/geschaft\\\/\"},{\"@type\":\"ListItem\",\"position\":3,\"name\":\"Esschert Design Kinderg\u00fcrtel mit Gartenger\u00e4te Insekten\"}]},{\"@type\":\"WebSite\",\"@id\":\"https:\\\/\\\/trendsandvision.nl\\\/de\\\/#website\",\"url\":\"https:\\\/\\\/trendsandvision.nl\\\/de\\\/\",\"name\":\"Trends &amp; Vision (DE)\",\"description\":\"Der Webshop f\u00fcr Esschert Design Artikel\",\"publisher\":{\"@id\":\"https:\\\/\\\/trendsandvision.nl\\\/de\\\/#organization\"},\"potentialAction\":[{\"@type\":\"SearchAction\",\"target\":{\"@type\":\"EntryPoint\",\"urlTemplate\":\"https:\\\/\\\/trendsandvision.nl\\\/de\\\/?s={search_term_string}\"},\"query-input\":{\"@type\":\"PropertyValueSpecification\",\"valueRequired\":true,\"valueName\":\"search_term_string\"}}],\"inLanguage\":\"de\"},{\"@type\":\"Organization\",\"@id\":\"https:\\\/\\\/trendsandvision.nl\\\/de\\\/#organization\",\"name\":\"Trends &amp; Vision (DE)\",\"url\":\"https:\\\/\\\/trendsandvision.nl\\\/de\\\/\",\"logo\":{\"@type\":\"ImageObject\",\"inLanguage\":\"de\",\"@id\":\"https:\\\/\\\/trendsandvision.nl\\\/de\\\/#\\\/schema\\\/logo\\\/image\\\/\",\"url\":\"https:\\\/\\\/trendsandvision.nl\\\/de\\\/wp-content\\\/uploads\\\/sites\\\/3\\\/2022\\\/04\\\/trends-and-vision-logo.jpg\",\"contentUrl\":\"https:\\\/\\\/trendsandvision.nl\\\/de\\\/wp-content\\\/uploads\\\/sites\\\/3\\\/2022\\\/04\\\/trends-and-vision-logo.jpg\",\"width\":213,\"height\":100,\"caption\":\"Trends &amp; Vision (DE)\"},\"image\":{\"@id\":\"https:\\\/\\\/trendsandvision.nl\\\/de\\\/#\\\/schema\\\/logo\\\/image\\\/\"}}]}<\/script>\n<!-- \/ Yoast SEO Premium plugin. -->","yoast_head_json":{"title":"Esschert Design Kinderg\u00fcrtel mit Gartenger\u00e4te Insekten (KG267, 8714982221156) - Trends & Vision","description":"Esschert Design Kinderg\u00fcrtel mit Gartenger\u00e4te Insekten (KG267, 8714982221156) - ...","robots":{"index":"index","follow":"follow","max-snippet":"max-snippet:-1","max-image-preview":"max-image-preview:large","max-video-preview":"max-video-preview:-1"},"canonical":"https:\/\/trendsandvision.nl\/de\/product\/esschert-design-kinderguertel-mit-gartengeraete-insekten\/","og_locale":"de_DE","og_type":"article","og_title":"Esschert Design Kinderg\u00fcrtel mit Gartenger\u00e4te Insekten","og_description":"Esschert Design Kinderg\u00fcrtel mit Gartenger\u00e4te Insekten (KG267, 8714982221156) - ...","og_url":"https:\/\/trendsandvision.nl\/de\/product\/esschert-design-kinderguertel-mit-gartengeraete-insekten\/","og_site_name":"Trends &amp; Vision (DE)","article_modified_time":"2026-04-07T08:37:53+00:00","og_image":[{"width":800,"height":800,"url":"https:\/\/trendsandvision.nl\/de\/wp-content\/uploads\/sites\/3\/2023\/01\/KG267_01.jpg","type":"image\/jpeg"}],"twitter_card":"summary_large_image","twitter_misc":{"Gesch\u00e4tzte Lesezeit":"1\u00a0Minute"},"schema":{"@context":"https:\/\/schema.org","@graph":[{"@type":"WebPage","@id":"https:\/\/trendsandvision.nl\/de\/product\/esschert-design-kinderguertel-mit-gartengeraete-insekten\/","url":"https:\/\/trendsandvision.nl\/de\/product\/esschert-design-kinderguertel-mit-gartengeraete-insekten\/","name":"Esschert Design Kinderg\u00fcrtel mit Gartenger\u00e4te Insekten (KG267, 8714982221156) - Trends & Vision","isPartOf":{"@id":"https:\/\/trendsandvision.nl\/de\/#website"},"primaryImageOfPage":{"@id":"https:\/\/trendsandvision.nl\/de\/product\/esschert-design-kinderguertel-mit-gartengeraete-insekten\/#primaryimage"},"image":{"@id":"https:\/\/trendsandvision.nl\/de\/product\/esschert-design-kinderguertel-mit-gartengeraete-insekten\/#primaryimage"},"thumbnailUrl":"https:\/\/trendsandvision.nl\/de\/wp-content\/uploads\/sites\/3\/2023\/01\/KG267_01.jpg","datePublished":"2023-01-06T14:47:29+00:00","dateModified":"2026-04-07T08:37:53+00:00","description":"Esschert Design Kinderg\u00fcrtel mit Gartenger\u00e4te Insekten (KG267, 8714982221156) - ...","breadcrumb":{"@id":"https:\/\/trendsandvision.nl\/de\/product\/esschert-design-kinderguertel-mit-gartengeraete-insekten\/#breadcrumb"},"inLanguage":"de","potentialAction":[{"@type":"ReadAction","target":["https:\/\/trendsandvision.nl\/de\/product\/esschert-design-kinderguertel-mit-gartengeraete-insekten\/"]}]},{"@type":"ImageObject","inLanguage":"de","@id":"https:\/\/trendsandvision.nl\/de\/product\/esschert-design-kinderguertel-mit-gartengeraete-insekten\/#primaryimage","url":"https:\/\/trendsandvision.nl\/de\/wp-content\/uploads\/sites\/3\/2023\/01\/KG267_01.jpg","contentUrl":"https:\/\/trendsandvision.nl\/de\/wp-content\/uploads\/sites\/3\/2023\/01\/KG267_01.jpg","width":800,"height":800,"caption":"Esschert Design Kinderg\u00fcrtel mit Gartenger\u00e4te Insekten (KG267 8714982221156) - 01"},{"@type":"BreadcrumbList","@id":"https:\/\/trendsandvision.nl\/de\/product\/esschert-design-kinderguertel-mit-gartengeraete-insekten\/#breadcrumb","itemListElement":[{"@type":"ListItem","position":1,"name":"Home","item":"https:\/\/trendsandvision.nl\/de\/"},{"@type":"ListItem","position":2,"name":"Gesch\u00e4ft","item":"https:\/\/trendsandvision.nl\/de\/geschaft\/"},{"@type":"ListItem","position":3,"name":"Esschert Design Kinderg\u00fcrtel mit Gartenger\u00e4te Insekten"}]},{"@type":"WebSite","@id":"https:\/\/trendsandvision.nl\/de\/#website","url":"https:\/\/trendsandvision.nl\/de\/","name":"Trends &amp; Vision (DE)","description":"Der Webshop f\u00fcr Esschert Design Artikel","publisher":{"@id":"https:\/\/trendsandvision.nl\/de\/#organization"},"potentialAction":[{"@type":"SearchAction","target":{"@type":"EntryPoint","urlTemplate":"https:\/\/trendsandvision.nl\/de\/?s={search_term_string}"},"query-input":{"@type":"PropertyValueSpecification","valueRequired":true,"valueName":"search_term_string"}}],"inLanguage":"de"},{"@type":"Organization","@id":"https:\/\/trendsandvision.nl\/de\/#organization","name":"Trends &amp; Vision (DE)","url":"https:\/\/trendsandvision.nl\/de\/","logo":{"@type":"ImageObject","inLanguage":"de","@id":"https:\/\/trendsandvision.nl\/de\/#\/schema\/logo\/image\/","url":"https:\/\/trendsandvision.nl\/de\/wp-content\/uploads\/sites\/3\/2022\/04\/trends-and-vision-logo.jpg","contentUrl":"https:\/\/trendsandvision.nl\/de\/wp-content\/uploads\/sites\/3\/2022\/04\/trends-and-vision-logo.jpg","width":213,"height":100,"caption":"Trends &amp; Vision (DE)"},"image":{"@id":"https:\/\/trendsandvision.nl\/de\/#\/schema\/logo\/image\/"}}]}},"_links":{"self":[{"href":"https:\/\/trendsandvision.nl\/de\/wp-json\/wp\/v2\/product\/9952","targetHints":{"allow":["GET"]}}],"collection":[{"href":"https:\/\/trendsandvision.nl\/de\/wp-json\/wp\/v2\/product"}],"about":[{"href":"https:\/\/trendsandvision.nl\/de\/wp-json\/wp\/v2\/types\/product"}],"wp:featuredmedia":[{"embeddable":true,"href":"https:\/\/trendsandvision.nl\/de\/wp-json\/wp\/v2\/media\/9953"}],"wp:attachment":[{"href":"https:\/\/trendsandvision.nl\/de\/wp-json\/wp\/v2\/media?parent=9952"}],"wp:term":[{"taxonomy":"product_brand","embeddable":true,"href":"https:\/\/trendsandvision.nl\/de\/wp-json\/wp\/v2\/product_brand?post=9952"},{"taxonomy":"product_cat","embeddable":true,"href":"https:\/\/trendsandvision.nl\/de\/wp-json\/wp\/v2\/product_cat?post=9952"},{"taxonomy":"product_tag","embeddable":true,"href":"https:\/\/trendsandvision.nl\/de\/wp-json\/wp\/v2\/product_tag?post=9952"}],"curies":[{"name":"wp","href":"https:\/\/api.w.org\/{rel}","templated":true}]}}