{"id":9739,"date":"2023-01-06T15:42:31","date_gmt":"2023-01-06T14:42:31","guid":{"rendered":"https:\/\/trendsandvision.nl\/de\/product\/esschert-design-holzpelletfeuerkorb\/"},"modified":"2026-04-07T10:30:06","modified_gmt":"2026-04-07T08:30:06","slug":"esschert-design-holzpelletfeuerkorb","status":"publish","type":"product","link":"https:\/\/trendsandvision.nl\/de\/product\/esschert-design-holzpelletfeuerkorb\/","title":{"rendered":"Esschert Design Holzpelletfeuerkorb"},"content":{"rendered":"<p>Esschert Design: Holzpellet-Feuerkorb<br \/>\nWas k\u00f6nnte an einem lauen Sommerabend gem\u00fctlicher sein als eine sch\u00f6ne Flamme auf Ihrer Terrasse?<br \/>\nDieser Feuerkorb bezieht seine W\u00e4rme aus Pellets. Diese komprimierten Holzpellets, die auch im Pelletofen und unserem Terrassenheizer verwendet werden, sorgen f\u00fcr eine dichte, stabile Flamme, die sehr schnell die gew\u00fcnschte Temperatur erreicht.<br \/>\nDiese Form der Verbrennung (Pyrolyse) ist v\u00f6llig rauchfrei. So k\u00f6nnen Sie ohne Bel\u00e4stigung bequem und warm drau\u00dfen sitzen.<\/p>\n<p>Sehen Sie sich die <strong><a href=\"https:\/\/trendsandvision.de\/?s=pellet&amp;post_type=product&amp;dgwt_wcas=1\">andere Pellet<\/a><\/strong>-Produkte an<\/p>\n<p>Artikelname: Holzpelletfeuerkorb CO2 NEUTRAL BURNING<br \/>\nArtikelnummer FF543<br \/>\nProduktgruppe(n) Feuer, Feuerk\u00f6rbe und Feuerschalen<br \/>\nProduktabmessungen in cm L 39,1 x T 39,1 x H 35,5<br \/>\nMaterial Stahl<br \/>\nNettogewicht 3,817 kg<br \/>\nBarcode 8714982225024<\/p>\n","protected":false},"excerpt":{"rendered":"<p>Holzpelletfeuerkorb<br \/>\nArtikelnummer FF543<br \/>\nL 39,1 x T 39,1 x H 35,5 cm<br \/>\nMaterial Stahl<br \/>\nNettogewicht 3,817 kg<br \/>\nBarcode 8714982225024<br \/>\nSehen Sie sich die <strong><a href=\"https:\/\/trendsandvision.de\/?s=pellet&amp;post_type=product&amp;dgwt_wcas=1\">andere Pellet<\/a><\/strong>-Produkte an<\/p>\n","protected":false},"featured_media":9740,"template":"","meta":[],"product_brand":[9597,9598],"product_cat":[1124],"product_tag":[11262,7397,7759,8671,9401,7470,9400,9402,8081],"class_list":{"0":"post-9739","1":"product","2":"type-product","3":"status-publish","4":"has-post-thumbnail","6":"product_brand-esschert-design","7":"product_brand-trends-and-vision","8":"product_cat-fancy-flames","9":"product_tag-co2-neutral-burning","10":"product_tag-feuerkoerbe","11":"product_tag-gartenmoebel","12":"product_tag-holz-pellet","13":"product_tag-krisenvorsorge","14":"product_tag-metall","15":"product_tag-notfallvorsorge","16":"product_tag-notpaket","17":"product_tag-schwarz","18":"pa_anbieter-esschert-design","19":"pa_ean-code-5431","20":"pa_material-stahl","21":"pa_messungen-391x391x355-cm","23":"first","24":"instock","25":"sale","26":"taxable","27":"shipping-taxable","28":"purchasable","29":"product-type-simple","30":"czr-hentry"},"yoast_head":"<!-- This site is optimized with the Yoast SEO Premium plugin v26.4 (Yoast SEO v27.3) - https:\/\/yoast.com\/product\/yoast-seo-premium-wordpress\/ -->\n<title>Esschert Design Holzpelletfeuerkorb (FF543, 8714982225024) - Trends &amp; Vision<\/title>\n<meta name=\"description\" content=\"Esschert Design Holzpelletfeuerkorb (FF543, 8714982225024) - ...\" \/>\n<meta name=\"robots\" content=\"index, follow, max-snippet:-1, max-image-preview:large, max-video-preview:-1\" \/>\n<link rel=\"canonical\" href=\"https:\/\/trendsandvision.nl\/de\/product\/esschert-design-holzpelletfeuerkorb\/\" \/>\n<meta property=\"og:locale\" content=\"de_DE\" \/>\n<meta property=\"og:type\" content=\"article\" \/>\n<meta property=\"og:title\" content=\"Esschert Design Holzpelletfeuerkorb\" \/>\n<meta property=\"og:description\" content=\"Esschert Design Holzpelletfeuerkorb (FF543, 8714982225024) - ...\" \/>\n<meta property=\"og:url\" content=\"https:\/\/trendsandvision.nl\/de\/product\/esschert-design-holzpelletfeuerkorb\/\" \/>\n<meta property=\"og:site_name\" content=\"Trends &amp; Vision (DE)\" \/>\n<meta property=\"article:modified_time\" content=\"2026-04-07T08:30:06+00:00\" \/>\n<meta property=\"og:image\" content=\"https:\/\/trendsandvision.nl\/de\/wp-content\/uploads\/sites\/3\/2023\/01\/FF543_01.jpg\" \/>\n\t<meta property=\"og:image:width\" content=\"800\" \/>\n\t<meta property=\"og:image:height\" content=\"800\" \/>\n\t<meta property=\"og:image:type\" content=\"image\/jpeg\" \/>\n<meta name=\"twitter:card\" content=\"summary_large_image\" \/>\n<meta name=\"twitter:label1\" content=\"Gesch\u00e4tzte Lesezeit\" \/>\n\t<meta name=\"twitter:data1\" content=\"1\u00a0Minute\" \/>\n<script type=\"application\/ld+json\" class=\"yoast-schema-graph\">{\"@context\":\"https:\\\/\\\/schema.org\",\"@graph\":[{\"@type\":\"WebPage\",\"@id\":\"https:\\\/\\\/trendsandvision.nl\\\/de\\\/product\\\/esschert-design-holzpelletfeuerkorb\\\/\",\"url\":\"https:\\\/\\\/trendsandvision.nl\\\/de\\\/product\\\/esschert-design-holzpelletfeuerkorb\\\/\",\"name\":\"Esschert Design Holzpelletfeuerkorb (FF543, 8714982225024) - Trends & Vision\",\"isPartOf\":{\"@id\":\"https:\\\/\\\/trendsandvision.nl\\\/de\\\/#website\"},\"primaryImageOfPage\":{\"@id\":\"https:\\\/\\\/trendsandvision.nl\\\/de\\\/product\\\/esschert-design-holzpelletfeuerkorb\\\/#primaryimage\"},\"image\":{\"@id\":\"https:\\\/\\\/trendsandvision.nl\\\/de\\\/product\\\/esschert-design-holzpelletfeuerkorb\\\/#primaryimage\"},\"thumbnailUrl\":\"https:\\\/\\\/trendsandvision.nl\\\/de\\\/wp-content\\\/uploads\\\/sites\\\/3\\\/2023\\\/01\\\/FF543_01.jpg\",\"datePublished\":\"2023-01-06T14:42:31+00:00\",\"dateModified\":\"2026-04-07T08:30:06+00:00\",\"description\":\"Esschert Design Holzpelletfeuerkorb (FF543, 8714982225024) - ...\",\"breadcrumb\":{\"@id\":\"https:\\\/\\\/trendsandvision.nl\\\/de\\\/product\\\/esschert-design-holzpelletfeuerkorb\\\/#breadcrumb\"},\"inLanguage\":\"de\",\"potentialAction\":[{\"@type\":\"ReadAction\",\"target\":[\"https:\\\/\\\/trendsandvision.nl\\\/de\\\/product\\\/esschert-design-holzpelletfeuerkorb\\\/\"]}]},{\"@type\":\"ImageObject\",\"inLanguage\":\"de\",\"@id\":\"https:\\\/\\\/trendsandvision.nl\\\/de\\\/product\\\/esschert-design-holzpelletfeuerkorb\\\/#primaryimage\",\"url\":\"https:\\\/\\\/trendsandvision.nl\\\/de\\\/wp-content\\\/uploads\\\/sites\\\/3\\\/2023\\\/01\\\/FF543_01.jpg\",\"contentUrl\":\"https:\\\/\\\/trendsandvision.nl\\\/de\\\/wp-content\\\/uploads\\\/sites\\\/3\\\/2023\\\/01\\\/FF543_01.jpg\",\"width\":800,\"height\":800,\"caption\":\"Esschert Design Holzpelletfeuerkorb (FF543 8714982225024) - 01\"},{\"@type\":\"BreadcrumbList\",\"@id\":\"https:\\\/\\\/trendsandvision.nl\\\/de\\\/product\\\/esschert-design-holzpelletfeuerkorb\\\/#breadcrumb\",\"itemListElement\":[{\"@type\":\"ListItem\",\"position\":1,\"name\":\"Home\",\"item\":\"https:\\\/\\\/trendsandvision.nl\\\/de\\\/\"},{\"@type\":\"ListItem\",\"position\":2,\"name\":\"Gesch\u00e4ft\",\"item\":\"https:\\\/\\\/trendsandvision.nl\\\/de\\\/geschaft\\\/\"},{\"@type\":\"ListItem\",\"position\":3,\"name\":\"Esschert Design Holzpelletfeuerkorb\"}]},{\"@type\":\"WebSite\",\"@id\":\"https:\\\/\\\/trendsandvision.nl\\\/de\\\/#website\",\"url\":\"https:\\\/\\\/trendsandvision.nl\\\/de\\\/\",\"name\":\"Trends &amp; Vision (DE)\",\"description\":\"Der Webshop f\u00fcr Esschert Design Artikel\",\"publisher\":{\"@id\":\"https:\\\/\\\/trendsandvision.nl\\\/de\\\/#organization\"},\"potentialAction\":[{\"@type\":\"SearchAction\",\"target\":{\"@type\":\"EntryPoint\",\"urlTemplate\":\"https:\\\/\\\/trendsandvision.nl\\\/de\\\/?s={search_term_string}\"},\"query-input\":{\"@type\":\"PropertyValueSpecification\",\"valueRequired\":true,\"valueName\":\"search_term_string\"}}],\"inLanguage\":\"de\"},{\"@type\":\"Organization\",\"@id\":\"https:\\\/\\\/trendsandvision.nl\\\/de\\\/#organization\",\"name\":\"Trends &amp; Vision (DE)\",\"url\":\"https:\\\/\\\/trendsandvision.nl\\\/de\\\/\",\"logo\":{\"@type\":\"ImageObject\",\"inLanguage\":\"de\",\"@id\":\"https:\\\/\\\/trendsandvision.nl\\\/de\\\/#\\\/schema\\\/logo\\\/image\\\/\",\"url\":\"https:\\\/\\\/trendsandvision.nl\\\/de\\\/wp-content\\\/uploads\\\/sites\\\/3\\\/2022\\\/04\\\/trends-and-vision-logo.jpg\",\"contentUrl\":\"https:\\\/\\\/trendsandvision.nl\\\/de\\\/wp-content\\\/uploads\\\/sites\\\/3\\\/2022\\\/04\\\/trends-and-vision-logo.jpg\",\"width\":213,\"height\":100,\"caption\":\"Trends &amp; Vision (DE)\"},\"image\":{\"@id\":\"https:\\\/\\\/trendsandvision.nl\\\/de\\\/#\\\/schema\\\/logo\\\/image\\\/\"}}]}<\/script>\n<!-- \/ Yoast SEO Premium plugin. -->","yoast_head_json":{"title":"Esschert Design Holzpelletfeuerkorb (FF543, 8714982225024) - Trends & Vision","description":"Esschert Design Holzpelletfeuerkorb (FF543, 8714982225024) - ...","robots":{"index":"index","follow":"follow","max-snippet":"max-snippet:-1","max-image-preview":"max-image-preview:large","max-video-preview":"max-video-preview:-1"},"canonical":"https:\/\/trendsandvision.nl\/de\/product\/esschert-design-holzpelletfeuerkorb\/","og_locale":"de_DE","og_type":"article","og_title":"Esschert Design Holzpelletfeuerkorb","og_description":"Esschert Design Holzpelletfeuerkorb (FF543, 8714982225024) - ...","og_url":"https:\/\/trendsandvision.nl\/de\/product\/esschert-design-holzpelletfeuerkorb\/","og_site_name":"Trends &amp; Vision (DE)","article_modified_time":"2026-04-07T08:30:06+00:00","og_image":[{"width":800,"height":800,"url":"https:\/\/trendsandvision.nl\/de\/wp-content\/uploads\/sites\/3\/2023\/01\/FF543_01.jpg","type":"image\/jpeg"}],"twitter_card":"summary_large_image","twitter_misc":{"Gesch\u00e4tzte Lesezeit":"1\u00a0Minute"},"schema":{"@context":"https:\/\/schema.org","@graph":[{"@type":"WebPage","@id":"https:\/\/trendsandvision.nl\/de\/product\/esschert-design-holzpelletfeuerkorb\/","url":"https:\/\/trendsandvision.nl\/de\/product\/esschert-design-holzpelletfeuerkorb\/","name":"Esschert Design Holzpelletfeuerkorb (FF543, 8714982225024) - Trends & Vision","isPartOf":{"@id":"https:\/\/trendsandvision.nl\/de\/#website"},"primaryImageOfPage":{"@id":"https:\/\/trendsandvision.nl\/de\/product\/esschert-design-holzpelletfeuerkorb\/#primaryimage"},"image":{"@id":"https:\/\/trendsandvision.nl\/de\/product\/esschert-design-holzpelletfeuerkorb\/#primaryimage"},"thumbnailUrl":"https:\/\/trendsandvision.nl\/de\/wp-content\/uploads\/sites\/3\/2023\/01\/FF543_01.jpg","datePublished":"2023-01-06T14:42:31+00:00","dateModified":"2026-04-07T08:30:06+00:00","description":"Esschert Design Holzpelletfeuerkorb (FF543, 8714982225024) - ...","breadcrumb":{"@id":"https:\/\/trendsandvision.nl\/de\/product\/esschert-design-holzpelletfeuerkorb\/#breadcrumb"},"inLanguage":"de","potentialAction":[{"@type":"ReadAction","target":["https:\/\/trendsandvision.nl\/de\/product\/esschert-design-holzpelletfeuerkorb\/"]}]},{"@type":"ImageObject","inLanguage":"de","@id":"https:\/\/trendsandvision.nl\/de\/product\/esschert-design-holzpelletfeuerkorb\/#primaryimage","url":"https:\/\/trendsandvision.nl\/de\/wp-content\/uploads\/sites\/3\/2023\/01\/FF543_01.jpg","contentUrl":"https:\/\/trendsandvision.nl\/de\/wp-content\/uploads\/sites\/3\/2023\/01\/FF543_01.jpg","width":800,"height":800,"caption":"Esschert Design Holzpelletfeuerkorb (FF543 8714982225024) - 01"},{"@type":"BreadcrumbList","@id":"https:\/\/trendsandvision.nl\/de\/product\/esschert-design-holzpelletfeuerkorb\/#breadcrumb","itemListElement":[{"@type":"ListItem","position":1,"name":"Home","item":"https:\/\/trendsandvision.nl\/de\/"},{"@type":"ListItem","position":2,"name":"Gesch\u00e4ft","item":"https:\/\/trendsandvision.nl\/de\/geschaft\/"},{"@type":"ListItem","position":3,"name":"Esschert Design Holzpelletfeuerkorb"}]},{"@type":"WebSite","@id":"https:\/\/trendsandvision.nl\/de\/#website","url":"https:\/\/trendsandvision.nl\/de\/","name":"Trends &amp; Vision (DE)","description":"Der Webshop f\u00fcr Esschert Design Artikel","publisher":{"@id":"https:\/\/trendsandvision.nl\/de\/#organization"},"potentialAction":[{"@type":"SearchAction","target":{"@type":"EntryPoint","urlTemplate":"https:\/\/trendsandvision.nl\/de\/?s={search_term_string}"},"query-input":{"@type":"PropertyValueSpecification","valueRequired":true,"valueName":"search_term_string"}}],"inLanguage":"de"},{"@type":"Organization","@id":"https:\/\/trendsandvision.nl\/de\/#organization","name":"Trends &amp; Vision (DE)","url":"https:\/\/trendsandvision.nl\/de\/","logo":{"@type":"ImageObject","inLanguage":"de","@id":"https:\/\/trendsandvision.nl\/de\/#\/schema\/logo\/image\/","url":"https:\/\/trendsandvision.nl\/de\/wp-content\/uploads\/sites\/3\/2022\/04\/trends-and-vision-logo.jpg","contentUrl":"https:\/\/trendsandvision.nl\/de\/wp-content\/uploads\/sites\/3\/2022\/04\/trends-and-vision-logo.jpg","width":213,"height":100,"caption":"Trends &amp; Vision (DE)"},"image":{"@id":"https:\/\/trendsandvision.nl\/de\/#\/schema\/logo\/image\/"}}]}},"_links":{"self":[{"href":"https:\/\/trendsandvision.nl\/de\/wp-json\/wp\/v2\/product\/9739","targetHints":{"allow":["GET"]}}],"collection":[{"href":"https:\/\/trendsandvision.nl\/de\/wp-json\/wp\/v2\/product"}],"about":[{"href":"https:\/\/trendsandvision.nl\/de\/wp-json\/wp\/v2\/types\/product"}],"wp:featuredmedia":[{"embeddable":true,"href":"https:\/\/trendsandvision.nl\/de\/wp-json\/wp\/v2\/media\/9740"}],"wp:attachment":[{"href":"https:\/\/trendsandvision.nl\/de\/wp-json\/wp\/v2\/media?parent=9739"}],"wp:term":[{"taxonomy":"product_brand","embeddable":true,"href":"https:\/\/trendsandvision.nl\/de\/wp-json\/wp\/v2\/product_brand?post=9739"},{"taxonomy":"product_cat","embeddable":true,"href":"https:\/\/trendsandvision.nl\/de\/wp-json\/wp\/v2\/product_cat?post=9739"},{"taxonomy":"product_tag","embeddable":true,"href":"https:\/\/trendsandvision.nl\/de\/wp-json\/wp\/v2\/product_tag?post=9739"}],"curies":[{"name":"wp","href":"https:\/\/api.w.org\/{rel}","templated":true}]}}