{"id":9723,"date":"2023-01-06T15:42:15","date_gmt":"2023-01-06T14:42:15","guid":{"rendered":"https:\/\/trendsandvision.nl\/de\/product\/esschert-design-feuerschale-mit-holzfach-80-cm-schwarz\/"},"modified":"2026-04-07T10:30:01","modified_gmt":"2026-04-07T08:30:01","slug":"esschert-design-feuerschale-mit-holzfach-80-cm-schwarz","status":"publish","type":"product","link":"https:\/\/trendsandvision.nl\/de\/product\/esschert-design-feuerschale-mit-holzfach-80-cm-schwarz\/","title":{"rendered":"Esschert Design Feuerschale mit Holzfach 80 cm schwarz"},"content":{"rendered":"<p>Funktionalit\u00e4t und Stil sind bei dieser Feuerschale mit Holzaufbewahrung perfekt vereint. Die erh\u00f6hte Feuerschale in schwarzer Farbe bietet ausreichend Stauraum zur Holzaufbewahrung, damit Sie das Holz immer griffbereit haben. Dieser Blickfang schafft eine warme Atmosph\u00e4re und eignet sich f\u00fcr wunderbare Abende im Garten mit Freunden oder der Familie.<br \/>\nIm Boden befindet sich eine gro\u00dfe \u00d6ffnung, die das Anz\u00fcnden des Feuers erleichtert.<br \/>\nSchale wird beim Transport ins Holzfach gestellt authentische Optik.<\/p>\n<p>Artikelname: Feuerschale mit Holzfach 80 cm schwarz<br \/>\nArtikelnummer FF528<br \/>\nProduktgruppe(n) Feuer, Feuerk\u00f6rbe und Feuerschalen<br \/>\nProduktabmessungen in cm L 80,8 x T 80,8 x H 63,2<br \/>\nMaterial Stahl<br \/>\nNettogewicht 27,7 kg<br \/>\nBarcode 8714982215971<\/p>\n","protected":false},"excerpt":{"rendered":"<p>Feuerschale: mit Holzfach 80 cm schwarz<br \/>\nArtikelnummer FF528<br \/>\nProduktgruppe(n) Feuer, Feuerk\u00f6rbe und Feuerschalen<br \/>\nProduktabmessungen in cm L 80,8 x T 80,8 x H 63,2<br \/>\nMaterial Stahl<br \/>\nNettogewicht 27,7 kg<br \/>\nBarcode 8714982215971<\/p>\n","protected":false},"featured_media":9724,"template":"","meta":[],"product_brand":[9597,9598],"product_cat":[1124],"product_tag":[6969,8675,7403,7470,7172],"class_list":{"0":"post-9723","1":"product","2":"type-product","3":"status-publish","4":"has-post-thumbnail","6":"product_brand-esschert-design","7":"product_brand-trends-and-vision","8":"product_cat-fancy-flames","9":"product_tag-feuerschalen","10":"product_tag-holzfach","11":"product_tag-holzlagerung","12":"product_tag-metall","13":"product_tag-stahl","14":"pa_anbieter-esschert-design","15":"pa_ean-code-5419","16":"pa_messungen-805x805x632-cm","18":"first","19":"instock","20":"sale","21":"taxable","22":"shipping-taxable","23":"purchasable","24":"product-type-simple","25":"czr-hentry"},"yoast_head":"<!-- This site is optimized with the Yoast SEO Premium plugin v26.4 (Yoast SEO v27.4) - https:\/\/yoast.com\/product\/yoast-seo-premium-wordpress\/ -->\n<title>Esschert Design Feuerschale mit Holzfach 80 cm schwarz (FF528, 8714982215971) - Trends &amp; Vision<\/title>\n<meta name=\"description\" content=\"Esschert Design Feuerschale mit Holzfach 80 cm schwarz (FF528, 8714982215971) - Funktionalit\u00e4t und Stil sind bei dieser Feuerschale mit Holzaufbewahrung perfekt vereint. Die erh\u00f6ht...\" \/>\n<meta name=\"robots\" content=\"index, follow, max-snippet:-1, max-image-preview:large, max-video-preview:-1\" \/>\n<link rel=\"canonical\" href=\"https:\/\/trendsandvision.nl\/de\/product\/esschert-design-feuerschale-mit-holzfach-80-cm-schwarz\/\" \/>\n<meta property=\"og:locale\" content=\"de_DE\" \/>\n<meta property=\"og:type\" content=\"article\" \/>\n<meta property=\"og:title\" content=\"Esschert Design Feuerschale mit Holzfach 80 cm schwarz\" \/>\n<meta property=\"og:description\" content=\"Esschert Design Feuerschale mit Holzfach 80 cm schwarz (FF528, 8714982215971) - Funktionalit\u00e4t und Stil sind bei dieser Feuerschale mit Holzaufbewahrung perfekt vereint. Die erh\u00f6ht...\" \/>\n<meta property=\"og:url\" content=\"https:\/\/trendsandvision.nl\/de\/product\/esschert-design-feuerschale-mit-holzfach-80-cm-schwarz\/\" \/>\n<meta property=\"og:site_name\" content=\"Trends &amp; Vision (DE)\" \/>\n<meta property=\"article:modified_time\" content=\"2026-04-07T08:30:01+00:00\" \/>\n<meta property=\"og:image\" content=\"https:\/\/trendsandvision.nl\/de\/wp-content\/uploads\/sites\/3\/2023\/01\/FF528_01.jpg\" \/>\n\t<meta property=\"og:image:width\" content=\"800\" \/>\n\t<meta property=\"og:image:height\" content=\"800\" \/>\n\t<meta property=\"og:image:type\" content=\"image\/jpeg\" \/>\n<meta name=\"twitter:card\" content=\"summary_large_image\" \/>\n<meta name=\"twitter:label1\" content=\"Gesch\u00e4tzte Lesezeit\" \/>\n\t<meta name=\"twitter:data1\" content=\"1\u00a0Minute\" \/>\n<script type=\"application\/ld+json\" class=\"yoast-schema-graph\">{\"@context\":\"https:\\\/\\\/schema.org\",\"@graph\":[{\"@type\":\"WebPage\",\"@id\":\"https:\\\/\\\/trendsandvision.nl\\\/de\\\/product\\\/esschert-design-feuerschale-mit-holzfach-80-cm-schwarz\\\/\",\"url\":\"https:\\\/\\\/trendsandvision.nl\\\/de\\\/product\\\/esschert-design-feuerschale-mit-holzfach-80-cm-schwarz\\\/\",\"name\":\"Esschert Design Feuerschale mit Holzfach 80 cm schwarz (FF528, 8714982215971) - Trends & Vision\",\"isPartOf\":{\"@id\":\"https:\\\/\\\/trendsandvision.nl\\\/de\\\/#website\"},\"primaryImageOfPage\":{\"@id\":\"https:\\\/\\\/trendsandvision.nl\\\/de\\\/product\\\/esschert-design-feuerschale-mit-holzfach-80-cm-schwarz\\\/#primaryimage\"},\"image\":{\"@id\":\"https:\\\/\\\/trendsandvision.nl\\\/de\\\/product\\\/esschert-design-feuerschale-mit-holzfach-80-cm-schwarz\\\/#primaryimage\"},\"thumbnailUrl\":\"https:\\\/\\\/trendsandvision.nl\\\/de\\\/wp-content\\\/uploads\\\/sites\\\/3\\\/2023\\\/01\\\/FF528_01.jpg\",\"datePublished\":\"2023-01-06T14:42:15+00:00\",\"dateModified\":\"2026-04-07T08:30:01+00:00\",\"description\":\"Esschert Design Feuerschale mit Holzfach 80 cm schwarz (FF528, 8714982215971) - Funktionalit\u00e4t und Stil sind bei dieser Feuerschale mit Holzaufbewahrung perfekt vereint. Die erh\u00f6ht...\",\"breadcrumb\":{\"@id\":\"https:\\\/\\\/trendsandvision.nl\\\/de\\\/product\\\/esschert-design-feuerschale-mit-holzfach-80-cm-schwarz\\\/#breadcrumb\"},\"inLanguage\":\"de\",\"potentialAction\":[{\"@type\":\"ReadAction\",\"target\":[\"https:\\\/\\\/trendsandvision.nl\\\/de\\\/product\\\/esschert-design-feuerschale-mit-holzfach-80-cm-schwarz\\\/\"]}]},{\"@type\":\"ImageObject\",\"inLanguage\":\"de\",\"@id\":\"https:\\\/\\\/trendsandvision.nl\\\/de\\\/product\\\/esschert-design-feuerschale-mit-holzfach-80-cm-schwarz\\\/#primaryimage\",\"url\":\"https:\\\/\\\/trendsandvision.nl\\\/de\\\/wp-content\\\/uploads\\\/sites\\\/3\\\/2023\\\/01\\\/FF528_01.jpg\",\"contentUrl\":\"https:\\\/\\\/trendsandvision.nl\\\/de\\\/wp-content\\\/uploads\\\/sites\\\/3\\\/2023\\\/01\\\/FF528_01.jpg\",\"width\":800,\"height\":800,\"caption\":\"Esschert Design Feuerschale mit Holzfach 80 cm schwarz (FF528 8714982215971) - 01\"},{\"@type\":\"BreadcrumbList\",\"@id\":\"https:\\\/\\\/trendsandvision.nl\\\/de\\\/product\\\/esschert-design-feuerschale-mit-holzfach-80-cm-schwarz\\\/#breadcrumb\",\"itemListElement\":[{\"@type\":\"ListItem\",\"position\":1,\"name\":\"Home\",\"item\":\"https:\\\/\\\/trendsandvision.nl\\\/de\\\/\"},{\"@type\":\"ListItem\",\"position\":2,\"name\":\"Gesch\u00e4ft\",\"item\":\"https:\\\/\\\/trendsandvision.nl\\\/de\\\/geschaft\\\/\"},{\"@type\":\"ListItem\",\"position\":3,\"name\":\"Esschert Design Feuerschale mit Holzfach 80 cm schwarz\"}]},{\"@type\":\"WebSite\",\"@id\":\"https:\\\/\\\/trendsandvision.nl\\\/de\\\/#website\",\"url\":\"https:\\\/\\\/trendsandvision.nl\\\/de\\\/\",\"name\":\"Trends &amp; Vision (DE)\",\"description\":\"Der Webshop f\u00fcr Esschert Design Artikel\",\"publisher\":{\"@id\":\"https:\\\/\\\/trendsandvision.nl\\\/de\\\/#organization\"},\"potentialAction\":[{\"@type\":\"SearchAction\",\"target\":{\"@type\":\"EntryPoint\",\"urlTemplate\":\"https:\\\/\\\/trendsandvision.nl\\\/de\\\/?s={search_term_string}\"},\"query-input\":{\"@type\":\"PropertyValueSpecification\",\"valueRequired\":true,\"valueName\":\"search_term_string\"}}],\"inLanguage\":\"de\"},{\"@type\":\"Organization\",\"@id\":\"https:\\\/\\\/trendsandvision.nl\\\/de\\\/#organization\",\"name\":\"Trends &amp; Vision (DE)\",\"url\":\"https:\\\/\\\/trendsandvision.nl\\\/de\\\/\",\"logo\":{\"@type\":\"ImageObject\",\"inLanguage\":\"de\",\"@id\":\"https:\\\/\\\/trendsandvision.nl\\\/de\\\/#\\\/schema\\\/logo\\\/image\\\/\",\"url\":\"https:\\\/\\\/trendsandvision.nl\\\/de\\\/wp-content\\\/uploads\\\/sites\\\/3\\\/2022\\\/04\\\/trends-and-vision-logo.jpg\",\"contentUrl\":\"https:\\\/\\\/trendsandvision.nl\\\/de\\\/wp-content\\\/uploads\\\/sites\\\/3\\\/2022\\\/04\\\/trends-and-vision-logo.jpg\",\"width\":213,\"height\":100,\"caption\":\"Trends &amp; Vision (DE)\"},\"image\":{\"@id\":\"https:\\\/\\\/trendsandvision.nl\\\/de\\\/#\\\/schema\\\/logo\\\/image\\\/\"}}]}<\/script>\n<!-- \/ Yoast SEO Premium plugin. -->","yoast_head_json":{"title":"Esschert Design Feuerschale mit Holzfach 80 cm schwarz (FF528, 8714982215971) - Trends & Vision","description":"Esschert Design Feuerschale mit Holzfach 80 cm schwarz (FF528, 8714982215971) - Funktionalit\u00e4t und Stil sind bei dieser Feuerschale mit Holzaufbewahrung perfekt vereint. Die erh\u00f6ht...","robots":{"index":"index","follow":"follow","max-snippet":"max-snippet:-1","max-image-preview":"max-image-preview:large","max-video-preview":"max-video-preview:-1"},"canonical":"https:\/\/trendsandvision.nl\/de\/product\/esschert-design-feuerschale-mit-holzfach-80-cm-schwarz\/","og_locale":"de_DE","og_type":"article","og_title":"Esschert Design Feuerschale mit Holzfach 80 cm schwarz","og_description":"Esschert Design Feuerschale mit Holzfach 80 cm schwarz (FF528, 8714982215971) - Funktionalit\u00e4t und Stil sind bei dieser Feuerschale mit Holzaufbewahrung perfekt vereint. Die erh\u00f6ht...","og_url":"https:\/\/trendsandvision.nl\/de\/product\/esschert-design-feuerschale-mit-holzfach-80-cm-schwarz\/","og_site_name":"Trends &amp; Vision (DE)","article_modified_time":"2026-04-07T08:30:01+00:00","og_image":[{"width":800,"height":800,"url":"https:\/\/trendsandvision.nl\/de\/wp-content\/uploads\/sites\/3\/2023\/01\/FF528_01.jpg","type":"image\/jpeg"}],"twitter_card":"summary_large_image","twitter_misc":{"Gesch\u00e4tzte Lesezeit":"1\u00a0Minute"},"schema":{"@context":"https:\/\/schema.org","@graph":[{"@type":"WebPage","@id":"https:\/\/trendsandvision.nl\/de\/product\/esschert-design-feuerschale-mit-holzfach-80-cm-schwarz\/","url":"https:\/\/trendsandvision.nl\/de\/product\/esschert-design-feuerschale-mit-holzfach-80-cm-schwarz\/","name":"Esschert Design Feuerschale mit Holzfach 80 cm schwarz (FF528, 8714982215971) - Trends & Vision","isPartOf":{"@id":"https:\/\/trendsandvision.nl\/de\/#website"},"primaryImageOfPage":{"@id":"https:\/\/trendsandvision.nl\/de\/product\/esschert-design-feuerschale-mit-holzfach-80-cm-schwarz\/#primaryimage"},"image":{"@id":"https:\/\/trendsandvision.nl\/de\/product\/esschert-design-feuerschale-mit-holzfach-80-cm-schwarz\/#primaryimage"},"thumbnailUrl":"https:\/\/trendsandvision.nl\/de\/wp-content\/uploads\/sites\/3\/2023\/01\/FF528_01.jpg","datePublished":"2023-01-06T14:42:15+00:00","dateModified":"2026-04-07T08:30:01+00:00","description":"Esschert Design Feuerschale mit Holzfach 80 cm schwarz (FF528, 8714982215971) - Funktionalit\u00e4t und Stil sind bei dieser Feuerschale mit Holzaufbewahrung perfekt vereint. Die erh\u00f6ht...","breadcrumb":{"@id":"https:\/\/trendsandvision.nl\/de\/product\/esschert-design-feuerschale-mit-holzfach-80-cm-schwarz\/#breadcrumb"},"inLanguage":"de","potentialAction":[{"@type":"ReadAction","target":["https:\/\/trendsandvision.nl\/de\/product\/esschert-design-feuerschale-mit-holzfach-80-cm-schwarz\/"]}]},{"@type":"ImageObject","inLanguage":"de","@id":"https:\/\/trendsandvision.nl\/de\/product\/esschert-design-feuerschale-mit-holzfach-80-cm-schwarz\/#primaryimage","url":"https:\/\/trendsandvision.nl\/de\/wp-content\/uploads\/sites\/3\/2023\/01\/FF528_01.jpg","contentUrl":"https:\/\/trendsandvision.nl\/de\/wp-content\/uploads\/sites\/3\/2023\/01\/FF528_01.jpg","width":800,"height":800,"caption":"Esschert Design Feuerschale mit Holzfach 80 cm schwarz (FF528 8714982215971) - 01"},{"@type":"BreadcrumbList","@id":"https:\/\/trendsandvision.nl\/de\/product\/esschert-design-feuerschale-mit-holzfach-80-cm-schwarz\/#breadcrumb","itemListElement":[{"@type":"ListItem","position":1,"name":"Home","item":"https:\/\/trendsandvision.nl\/de\/"},{"@type":"ListItem","position":2,"name":"Gesch\u00e4ft","item":"https:\/\/trendsandvision.nl\/de\/geschaft\/"},{"@type":"ListItem","position":3,"name":"Esschert Design Feuerschale mit Holzfach 80 cm schwarz"}]},{"@type":"WebSite","@id":"https:\/\/trendsandvision.nl\/de\/#website","url":"https:\/\/trendsandvision.nl\/de\/","name":"Trends &amp; Vision (DE)","description":"Der Webshop f\u00fcr Esschert Design Artikel","publisher":{"@id":"https:\/\/trendsandvision.nl\/de\/#organization"},"potentialAction":[{"@type":"SearchAction","target":{"@type":"EntryPoint","urlTemplate":"https:\/\/trendsandvision.nl\/de\/?s={search_term_string}"},"query-input":{"@type":"PropertyValueSpecification","valueRequired":true,"valueName":"search_term_string"}}],"inLanguage":"de"},{"@type":"Organization","@id":"https:\/\/trendsandvision.nl\/de\/#organization","name":"Trends &amp; Vision (DE)","url":"https:\/\/trendsandvision.nl\/de\/","logo":{"@type":"ImageObject","inLanguage":"de","@id":"https:\/\/trendsandvision.nl\/de\/#\/schema\/logo\/image\/","url":"https:\/\/trendsandvision.nl\/de\/wp-content\/uploads\/sites\/3\/2022\/04\/trends-and-vision-logo.jpg","contentUrl":"https:\/\/trendsandvision.nl\/de\/wp-content\/uploads\/sites\/3\/2022\/04\/trends-and-vision-logo.jpg","width":213,"height":100,"caption":"Trends &amp; Vision (DE)"},"image":{"@id":"https:\/\/trendsandvision.nl\/de\/#\/schema\/logo\/image\/"}}]}},"_links":{"self":[{"href":"https:\/\/trendsandvision.nl\/de\/wp-json\/wp\/v2\/product\/9723","targetHints":{"allow":["GET"]}}],"collection":[{"href":"https:\/\/trendsandvision.nl\/de\/wp-json\/wp\/v2\/product"}],"about":[{"href":"https:\/\/trendsandvision.nl\/de\/wp-json\/wp\/v2\/types\/product"}],"wp:featuredmedia":[{"embeddable":true,"href":"https:\/\/trendsandvision.nl\/de\/wp-json\/wp\/v2\/media\/9724"}],"wp:attachment":[{"href":"https:\/\/trendsandvision.nl\/de\/wp-json\/wp\/v2\/media?parent=9723"}],"wp:term":[{"taxonomy":"product_brand","embeddable":true,"href":"https:\/\/trendsandvision.nl\/de\/wp-json\/wp\/v2\/product_brand?post=9723"},{"taxonomy":"product_cat","embeddable":true,"href":"https:\/\/trendsandvision.nl\/de\/wp-json\/wp\/v2\/product_cat?post=9723"},{"taxonomy":"product_tag","embeddable":true,"href":"https:\/\/trendsandvision.nl\/de\/wp-json\/wp\/v2\/product_tag?post=9723"}],"curies":[{"name":"wp","href":"https:\/\/api.w.org\/{rel}","templated":true}]}}