{"id":9709,"date":"2023-01-06T15:42:04","date_gmt":"2023-01-06T14:42:04","guid":{"rendered":"https:\/\/trendsandvision.nl\/de\/product\/esschert-design-feuerschale-mit-holzfach-60-cm-rost\/"},"modified":"2026-02-04T00:26:43","modified_gmt":"2026-02-03T23:26:43","slug":"esschert-design-feuerschale-mit-holzfach-60-cm-rost","status":"publish","type":"product","link":"https:\/\/trendsandvision.nl\/de\/product\/esschert-design-feuerschale-mit-holzfach-60-cm-rost\/","title":{"rendered":"Esschert Design Feuerschale mit Holzfach 60 cm Rost"},"content":{"rendered":"<p>Funktionalit\u00e4t und Stil sind bei dieser Feuerschale mit Holzaufbewahrung perfekt vereint. Die erh\u00f6hte rostbraune Feuerschale bietet ausreichend Stauraum zur Holzaufbewahrung, damit Sie das Holz immer griffbereit haben. Mit der Zeit erh\u00e4lt die rostbraune Farbe durch Witterungs- und Feuereinfl\u00fcsse eine Patina, die die  Feuerschale noch authentischer wirken lassen. Dieser Blickfang schafft eine warme Atmosph\u00e4re und eignet sich f\u00fcr wunderbare Abende im Garten mit Freunden oder der Familie.<br \/>\nIm Boden befindet sich eine gro\u00dfe \u00d6ffnung, die das Anz\u00fcnden des Feuers erleichtert.<br \/>\nSchale wird beim Transport ins Holzfach gestellt &#8211; authentische Optik<br \/>\nArtikelname Feuerschale mit Holzfach 60 cm Rost<\/p>\n<p>Artikelnummer FF525<br \/>\nProduktgruppe(n) Feuer, Feuerk\u00f6rbe und Feuerschalen<br \/>\nProduktabmessungen in cm L 60,8 x T 60,8 x H 61,8<br \/>\nMaterial Stahl<br \/>\nBruttogewicht 18,745 kg<br \/>\nNettogewicht 17,02 kg<br \/>\nBarcode 8714982215940<\/p>\n","protected":false},"excerpt":{"rendered":"<p>L 60,8 x T 60,8 x H 61,8 cm<br \/>\nMaterial Stahl<br \/>\nNettogewicht 17,02 kg<br \/>\nBarcode 8714982215940<\/p>\n","protected":false},"featured_media":9710,"template":"","meta":[],"product_brand":[9597,9598],"product_cat":[1124],"product_tag":[7384,7915],"class_list":{"0":"post-9709","1":"product","2":"type-product","3":"status-publish","4":"has-post-thumbnail","6":"product_brand-esschert-design","7":"product_brand-trends-and-vision","8":"product_cat-fancy-flames","9":"product_tag-feuer","10":"product_tag-feuerkoerbe-und-feuerschalen","11":"pa_anbieter-esschert-design","12":"pa_ean-code-5415","13":"pa_messungen-610x610x620-cm","15":"first","16":"instock","17":"sale","18":"taxable","19":"shipping-taxable","20":"purchasable","21":"product-type-simple","22":"czr-hentry"},"yoast_head":"<!-- This site is optimized with the Yoast SEO Premium plugin v26.4 (Yoast SEO v27.3) - https:\/\/yoast.com\/product\/yoast-seo-premium-wordpress\/ -->\n<title>Esschert Design Feuerschale mit Holzfach 60 cm Rost (FF525, 8714982215940) - Trends &amp; Vision<\/title>\n<meta name=\"description\" content=\"Esschert Design Feuerschale mit Holzfach 60 cm Rost (FF525, 8714982215940) - Funktionalit\u00e4t und Stil sind bei dieser Feuerschale mit Holzaufbewahrung perfekt vereint. Die erh\u00f6ht...\" \/>\n<meta name=\"robots\" content=\"index, follow, max-snippet:-1, max-image-preview:large, max-video-preview:-1\" \/>\n<link rel=\"canonical\" href=\"https:\/\/trendsandvision.nl\/de\/product\/esschert-design-feuerschale-mit-holzfach-60-cm-rost\/\" \/>\n<meta property=\"og:locale\" content=\"de_DE\" \/>\n<meta property=\"og:type\" content=\"article\" \/>\n<meta property=\"og:title\" content=\"Esschert Design Feuerschale mit Holzfach 60 cm Rost\" \/>\n<meta property=\"og:description\" content=\"Esschert Design Feuerschale mit Holzfach 60 cm Rost (FF525, 8714982215940) - Funktionalit\u00e4t und Stil sind bei dieser Feuerschale mit Holzaufbewahrung perfekt vereint. Die erh\u00f6ht...\" \/>\n<meta property=\"og:url\" content=\"https:\/\/trendsandvision.nl\/de\/product\/esschert-design-feuerschale-mit-holzfach-60-cm-rost\/\" \/>\n<meta property=\"og:site_name\" content=\"Trends &amp; Vision (DE)\" \/>\n<meta property=\"article:modified_time\" content=\"2026-02-03T23:26:43+00:00\" \/>\n<meta property=\"og:image\" content=\"https:\/\/trendsandvision.nl\/de\/wp-content\/uploads\/sites\/3\/2023\/01\/FF525_01.jpg\" \/>\n\t<meta property=\"og:image:width\" content=\"800\" \/>\n\t<meta property=\"og:image:height\" content=\"800\" \/>\n\t<meta property=\"og:image:type\" content=\"image\/jpeg\" \/>\n<meta name=\"twitter:card\" content=\"summary_large_image\" \/>\n<meta name=\"twitter:label1\" content=\"Gesch\u00e4tzte Lesezeit\" \/>\n\t<meta name=\"twitter:data1\" content=\"1\u00a0Minute\" \/>\n<script type=\"application\/ld+json\" class=\"yoast-schema-graph\">{\"@context\":\"https:\\\/\\\/schema.org\",\"@graph\":[{\"@type\":\"WebPage\",\"@id\":\"https:\\\/\\\/trendsandvision.nl\\\/de\\\/product\\\/esschert-design-feuerschale-mit-holzfach-60-cm-rost\\\/\",\"url\":\"https:\\\/\\\/trendsandvision.nl\\\/de\\\/product\\\/esschert-design-feuerschale-mit-holzfach-60-cm-rost\\\/\",\"name\":\"Esschert Design Feuerschale mit Holzfach 60 cm Rost (FF525, 8714982215940) - Trends & Vision\",\"isPartOf\":{\"@id\":\"https:\\\/\\\/trendsandvision.nl\\\/de\\\/#website\"},\"primaryImageOfPage\":{\"@id\":\"https:\\\/\\\/trendsandvision.nl\\\/de\\\/product\\\/esschert-design-feuerschale-mit-holzfach-60-cm-rost\\\/#primaryimage\"},\"image\":{\"@id\":\"https:\\\/\\\/trendsandvision.nl\\\/de\\\/product\\\/esschert-design-feuerschale-mit-holzfach-60-cm-rost\\\/#primaryimage\"},\"thumbnailUrl\":\"https:\\\/\\\/trendsandvision.nl\\\/de\\\/wp-content\\\/uploads\\\/sites\\\/3\\\/2023\\\/01\\\/FF525_01.jpg\",\"datePublished\":\"2023-01-06T14:42:04+00:00\",\"dateModified\":\"2026-02-03T23:26:43+00:00\",\"description\":\"Esschert Design Feuerschale mit Holzfach 60 cm Rost (FF525, 8714982215940) - Funktionalit\u00e4t und Stil sind bei dieser Feuerschale mit Holzaufbewahrung perfekt vereint. Die erh\u00f6ht...\",\"breadcrumb\":{\"@id\":\"https:\\\/\\\/trendsandvision.nl\\\/de\\\/product\\\/esschert-design-feuerschale-mit-holzfach-60-cm-rost\\\/#breadcrumb\"},\"inLanguage\":\"de\",\"potentialAction\":[{\"@type\":\"ReadAction\",\"target\":[\"https:\\\/\\\/trendsandvision.nl\\\/de\\\/product\\\/esschert-design-feuerschale-mit-holzfach-60-cm-rost\\\/\"]}]},{\"@type\":\"ImageObject\",\"inLanguage\":\"de\",\"@id\":\"https:\\\/\\\/trendsandvision.nl\\\/de\\\/product\\\/esschert-design-feuerschale-mit-holzfach-60-cm-rost\\\/#primaryimage\",\"url\":\"https:\\\/\\\/trendsandvision.nl\\\/de\\\/wp-content\\\/uploads\\\/sites\\\/3\\\/2023\\\/01\\\/FF525_01.jpg\",\"contentUrl\":\"https:\\\/\\\/trendsandvision.nl\\\/de\\\/wp-content\\\/uploads\\\/sites\\\/3\\\/2023\\\/01\\\/FF525_01.jpg\",\"width\":800,\"height\":800,\"caption\":\"Esschert Design Feuerschale mit Holzfach 60 cm Rost (FF525 8714982215940) - 01\"},{\"@type\":\"BreadcrumbList\",\"@id\":\"https:\\\/\\\/trendsandvision.nl\\\/de\\\/product\\\/esschert-design-feuerschale-mit-holzfach-60-cm-rost\\\/#breadcrumb\",\"itemListElement\":[{\"@type\":\"ListItem\",\"position\":1,\"name\":\"Home\",\"item\":\"https:\\\/\\\/trendsandvision.nl\\\/de\\\/\"},{\"@type\":\"ListItem\",\"position\":2,\"name\":\"Gesch\u00e4ft\",\"item\":\"https:\\\/\\\/trendsandvision.nl\\\/de\\\/geschaft\\\/\"},{\"@type\":\"ListItem\",\"position\":3,\"name\":\"Esschert Design Feuerschale mit Holzfach 60 cm Rost\"}]},{\"@type\":\"WebSite\",\"@id\":\"https:\\\/\\\/trendsandvision.nl\\\/de\\\/#website\",\"url\":\"https:\\\/\\\/trendsandvision.nl\\\/de\\\/\",\"name\":\"Trends &amp; Vision (DE)\",\"description\":\"Der Webshop f\u00fcr Esschert Design Artikel\",\"publisher\":{\"@id\":\"https:\\\/\\\/trendsandvision.nl\\\/de\\\/#organization\"},\"potentialAction\":[{\"@type\":\"SearchAction\",\"target\":{\"@type\":\"EntryPoint\",\"urlTemplate\":\"https:\\\/\\\/trendsandvision.nl\\\/de\\\/?s={search_term_string}\"},\"query-input\":{\"@type\":\"PropertyValueSpecification\",\"valueRequired\":true,\"valueName\":\"search_term_string\"}}],\"inLanguage\":\"de\"},{\"@type\":\"Organization\",\"@id\":\"https:\\\/\\\/trendsandvision.nl\\\/de\\\/#organization\",\"name\":\"Trends &amp; Vision (DE)\",\"url\":\"https:\\\/\\\/trendsandvision.nl\\\/de\\\/\",\"logo\":{\"@type\":\"ImageObject\",\"inLanguage\":\"de\",\"@id\":\"https:\\\/\\\/trendsandvision.nl\\\/de\\\/#\\\/schema\\\/logo\\\/image\\\/\",\"url\":\"https:\\\/\\\/trendsandvision.nl\\\/de\\\/wp-content\\\/uploads\\\/sites\\\/3\\\/2022\\\/04\\\/trends-and-vision-logo.jpg\",\"contentUrl\":\"https:\\\/\\\/trendsandvision.nl\\\/de\\\/wp-content\\\/uploads\\\/sites\\\/3\\\/2022\\\/04\\\/trends-and-vision-logo.jpg\",\"width\":213,\"height\":100,\"caption\":\"Trends &amp; Vision (DE)\"},\"image\":{\"@id\":\"https:\\\/\\\/trendsandvision.nl\\\/de\\\/#\\\/schema\\\/logo\\\/image\\\/\"}}]}<\/script>\n<!-- \/ Yoast SEO Premium plugin. -->","yoast_head_json":{"title":"Esschert Design Feuerschale mit Holzfach 60 cm Rost (FF525, 8714982215940) - Trends & Vision","description":"Esschert Design Feuerschale mit Holzfach 60 cm Rost (FF525, 8714982215940) - Funktionalit\u00e4t und Stil sind bei dieser Feuerschale mit Holzaufbewahrung perfekt vereint. Die erh\u00f6ht...","robots":{"index":"index","follow":"follow","max-snippet":"max-snippet:-1","max-image-preview":"max-image-preview:large","max-video-preview":"max-video-preview:-1"},"canonical":"https:\/\/trendsandvision.nl\/de\/product\/esschert-design-feuerschale-mit-holzfach-60-cm-rost\/","og_locale":"de_DE","og_type":"article","og_title":"Esschert Design Feuerschale mit Holzfach 60 cm Rost","og_description":"Esschert Design Feuerschale mit Holzfach 60 cm Rost (FF525, 8714982215940) - Funktionalit\u00e4t und Stil sind bei dieser Feuerschale mit Holzaufbewahrung perfekt vereint. Die erh\u00f6ht...","og_url":"https:\/\/trendsandvision.nl\/de\/product\/esschert-design-feuerschale-mit-holzfach-60-cm-rost\/","og_site_name":"Trends &amp; Vision (DE)","article_modified_time":"2026-02-03T23:26:43+00:00","og_image":[{"width":800,"height":800,"url":"https:\/\/trendsandvision.nl\/de\/wp-content\/uploads\/sites\/3\/2023\/01\/FF525_01.jpg","type":"image\/jpeg"}],"twitter_card":"summary_large_image","twitter_misc":{"Gesch\u00e4tzte Lesezeit":"1\u00a0Minute"},"schema":{"@context":"https:\/\/schema.org","@graph":[{"@type":"WebPage","@id":"https:\/\/trendsandvision.nl\/de\/product\/esschert-design-feuerschale-mit-holzfach-60-cm-rost\/","url":"https:\/\/trendsandvision.nl\/de\/product\/esschert-design-feuerschale-mit-holzfach-60-cm-rost\/","name":"Esschert Design Feuerschale mit Holzfach 60 cm Rost (FF525, 8714982215940) - Trends & Vision","isPartOf":{"@id":"https:\/\/trendsandvision.nl\/de\/#website"},"primaryImageOfPage":{"@id":"https:\/\/trendsandvision.nl\/de\/product\/esschert-design-feuerschale-mit-holzfach-60-cm-rost\/#primaryimage"},"image":{"@id":"https:\/\/trendsandvision.nl\/de\/product\/esschert-design-feuerschale-mit-holzfach-60-cm-rost\/#primaryimage"},"thumbnailUrl":"https:\/\/trendsandvision.nl\/de\/wp-content\/uploads\/sites\/3\/2023\/01\/FF525_01.jpg","datePublished":"2023-01-06T14:42:04+00:00","dateModified":"2026-02-03T23:26:43+00:00","description":"Esschert Design Feuerschale mit Holzfach 60 cm Rost (FF525, 8714982215940) - Funktionalit\u00e4t und Stil sind bei dieser Feuerschale mit Holzaufbewahrung perfekt vereint. Die erh\u00f6ht...","breadcrumb":{"@id":"https:\/\/trendsandvision.nl\/de\/product\/esschert-design-feuerschale-mit-holzfach-60-cm-rost\/#breadcrumb"},"inLanguage":"de","potentialAction":[{"@type":"ReadAction","target":["https:\/\/trendsandvision.nl\/de\/product\/esschert-design-feuerschale-mit-holzfach-60-cm-rost\/"]}]},{"@type":"ImageObject","inLanguage":"de","@id":"https:\/\/trendsandvision.nl\/de\/product\/esschert-design-feuerschale-mit-holzfach-60-cm-rost\/#primaryimage","url":"https:\/\/trendsandvision.nl\/de\/wp-content\/uploads\/sites\/3\/2023\/01\/FF525_01.jpg","contentUrl":"https:\/\/trendsandvision.nl\/de\/wp-content\/uploads\/sites\/3\/2023\/01\/FF525_01.jpg","width":800,"height":800,"caption":"Esschert Design Feuerschale mit Holzfach 60 cm Rost (FF525 8714982215940) - 01"},{"@type":"BreadcrumbList","@id":"https:\/\/trendsandvision.nl\/de\/product\/esschert-design-feuerschale-mit-holzfach-60-cm-rost\/#breadcrumb","itemListElement":[{"@type":"ListItem","position":1,"name":"Home","item":"https:\/\/trendsandvision.nl\/de\/"},{"@type":"ListItem","position":2,"name":"Gesch\u00e4ft","item":"https:\/\/trendsandvision.nl\/de\/geschaft\/"},{"@type":"ListItem","position":3,"name":"Esschert Design Feuerschale mit Holzfach 60 cm Rost"}]},{"@type":"WebSite","@id":"https:\/\/trendsandvision.nl\/de\/#website","url":"https:\/\/trendsandvision.nl\/de\/","name":"Trends &amp; Vision (DE)","description":"Der Webshop f\u00fcr Esschert Design Artikel","publisher":{"@id":"https:\/\/trendsandvision.nl\/de\/#organization"},"potentialAction":[{"@type":"SearchAction","target":{"@type":"EntryPoint","urlTemplate":"https:\/\/trendsandvision.nl\/de\/?s={search_term_string}"},"query-input":{"@type":"PropertyValueSpecification","valueRequired":true,"valueName":"search_term_string"}}],"inLanguage":"de"},{"@type":"Organization","@id":"https:\/\/trendsandvision.nl\/de\/#organization","name":"Trends &amp; Vision (DE)","url":"https:\/\/trendsandvision.nl\/de\/","logo":{"@type":"ImageObject","inLanguage":"de","@id":"https:\/\/trendsandvision.nl\/de\/#\/schema\/logo\/image\/","url":"https:\/\/trendsandvision.nl\/de\/wp-content\/uploads\/sites\/3\/2022\/04\/trends-and-vision-logo.jpg","contentUrl":"https:\/\/trendsandvision.nl\/de\/wp-content\/uploads\/sites\/3\/2022\/04\/trends-and-vision-logo.jpg","width":213,"height":100,"caption":"Trends &amp; Vision (DE)"},"image":{"@id":"https:\/\/trendsandvision.nl\/de\/#\/schema\/logo\/image\/"}}]}},"_links":{"self":[{"href":"https:\/\/trendsandvision.nl\/de\/wp-json\/wp\/v2\/product\/9709","targetHints":{"allow":["GET"]}}],"collection":[{"href":"https:\/\/trendsandvision.nl\/de\/wp-json\/wp\/v2\/product"}],"about":[{"href":"https:\/\/trendsandvision.nl\/de\/wp-json\/wp\/v2\/types\/product"}],"wp:featuredmedia":[{"embeddable":true,"href":"https:\/\/trendsandvision.nl\/de\/wp-json\/wp\/v2\/media\/9710"}],"wp:attachment":[{"href":"https:\/\/trendsandvision.nl\/de\/wp-json\/wp\/v2\/media?parent=9709"}],"wp:term":[{"taxonomy":"product_brand","embeddable":true,"href":"https:\/\/trendsandvision.nl\/de\/wp-json\/wp\/v2\/product_brand?post=9709"},{"taxonomy":"product_cat","embeddable":true,"href":"https:\/\/trendsandvision.nl\/de\/wp-json\/wp\/v2\/product_cat?post=9709"},{"taxonomy":"product_tag","embeddable":true,"href":"https:\/\/trendsandvision.nl\/de\/wp-json\/wp\/v2\/product_tag?post=9709"}],"curies":[{"name":"wp","href":"https:\/\/api.w.org\/{rel}","templated":true}]}}