{"id":9699,"date":"2023-01-06T15:41:53","date_gmt":"2023-01-06T14:41:53","guid":{"rendered":"https:\/\/trendsandvision.nl\/de\/product\/esschert-design-terrassenofen-holzlager-rost-xl\/"},"modified":"2025-12-30T00:02:12","modified_gmt":"2025-12-29T23:02:12","slug":"esschert-design-terrassenofen-holzlager-rost-xl","status":"publish","type":"product","link":"https:\/\/trendsandvision.nl\/de\/product\/esschert-design-terrassenofen-holzlager-rost-xl\/","title":{"rendered":"Esschert Design Terrassenofen +Holzlager Rost XL"},"content":{"rendered":"<p>Der Terrassenofen + Holzlagerrost XL passt perfekt in jeden Garten. Der extra gro\u00dfe Kaminofen sorgt f\u00fcr stimmungsvolle Abende am Feuer. Die Rostfarbe verleiht dem Ofen einen authentischen Look, der mit der Zeit immer authentischer wird. Dieser Terrassenofen ist auch mit einem Holzlager ausgestattet. Die gro\u00dfe \u00d6ffnung an der Unterseite erm\u00f6glicht ein einfaches Holznachf\u00fcllen. So haben Sie immer genug Holz vorhanden, um das Feuer zu sch\u00fcren.<\/p>\n<p>&#8211; extra gro\u00df<br \/>\n&#8211; hergestellt in Europa<br \/>\n&#8211; verpackt in braunem Karton mit vollfarbigem Aufkleber<br \/>\n&#8211; zeitloses Design<br \/>\n&#8211; leicht zu reinigen<br \/>\n&#8211; praktische Holzaufbewahrung<br \/>\n&#8211; einfacher Aufbau<\/p>\n<p>Artikelname: Terrassenofen + Holzlager Rost XL<br \/>\nArtikelnummer FF521<br \/>\nProduktgruppe(n) Feuer, Garten- und Terrassenofen<br \/>\nProduktabmessungen in cm L 76,1 x T 38,4 x H 205,7<br \/>\nMaterial Stahl<br \/>\nNettogewicht 45,52 kg<br \/>\nBarcode 8714982211119<\/p>\n<p>Sehr geehrter Kunde, die Versandkosten f\u00fcr diesen Artikel sind h\u00f6her als das (Versand)Angebot im Shop angebt.<br \/>\nF\u00fcr die sichere Lieferung dieses Artikels sind die tats\u00e4chlichen Versandkosten vielleicht h\u00f6her.<br \/>\nNach der Bestellung erhalten Sie ein E-Mail mit IDEAL \u201eLink\u201c wohin die m\u00f6gliche Mehrkosten sind berechnet.<\/p>\n","protected":false},"excerpt":{"rendered":"<p>&#8211; Terrassenofen + Holzlager Rost XL<br \/>\n&#8211; Artikelnummer FF521<br \/>\n&#8211; L 76,1 x T 38,4 x H 205,7 cm<br \/>\n&#8211; Material Stahl<br \/>\n&#8211; Nettogewicht 45,52 kg<br \/>\n&#8211; Barcode 8714982211119<br \/>\n&#8211; extra gro\u00df<br \/>\n&#8211; hergestellt in Europa<br \/>\n&#8211; verpackt in braunem Karton mit<br \/>\n  vollfarbigem Aufkleber<br \/>\n&#8211; zeitloses Design<br \/>\n&#8211; leicht zu reinigen<br \/>\n&#8211; praktische Holzaufbewahrung<br \/>\n&#8211; einfacher Aufbau<br \/>\n&#8211; Sperrgut<\/p>\n","protected":false},"featured_media":9700,"template":"","meta":[],"product_brand":[9597,9598],"product_cat":[1124],"product_tag":[7384,6969,8675,7916,7403,7470,7172,6968],"class_list":{"0":"post-9699","1":"product","2":"type-product","3":"status-publish","4":"has-post-thumbnail","6":"product_brand-esschert-design","7":"product_brand-trends-and-vision","8":"product_cat-fancy-flames","9":"product_tag-feuer","10":"product_tag-feuerschalen","11":"product_tag-holzfach","12":"product_tag-holzlager-rost","13":"product_tag-holzlagerung","14":"product_tag-metall","15":"product_tag-stahl","16":"product_tag-terrassenofen","17":"pa_anbieter-esschert-design","18":"pa_ean-code-5409","19":"pa_material-stahl","20":"pa_messungen-764x388x2054-cm","22":"first","23":"instock","24":"sale","25":"taxable","26":"shipping-taxable","27":"purchasable","28":"product-type-simple","29":"czr-hentry"},"yoast_head":"<!-- This site is optimized with the Yoast SEO Premium plugin v26.4 (Yoast SEO v27.3) - https:\/\/yoast.com\/product\/yoast-seo-premium-wordpress\/ -->\n<title>Esschert Design Terrassenofen +Holzlager Rost XL (FF521, 8714982211119) - Trends &amp; Vision<\/title>\n<meta name=\"description\" content=\"Esschert Design Terrassenofen +Holzlager Rost XL (FF521, 8714982211119) - Der Terrassenofen + Holzlagerrost XL passt perfekt in jeden Garten. Der extra gro\u00dfe Kaminofen sorgt ...\" \/>\n<meta name=\"robots\" content=\"index, follow, max-snippet:-1, max-image-preview:large, max-video-preview:-1\" \/>\n<link rel=\"canonical\" href=\"https:\/\/trendsandvision.nl\/de\/product\/esschert-design-terrassenofen-holzlager-rost-xl\/\" \/>\n<meta property=\"og:locale\" content=\"de_DE\" \/>\n<meta property=\"og:type\" content=\"article\" \/>\n<meta property=\"og:title\" content=\"Esschert Design Terrassenofen +Holzlager Rost XL\" \/>\n<meta property=\"og:description\" content=\"Esschert Design Terrassenofen +Holzlager Rost XL (FF521, 8714982211119) - Der Terrassenofen + Holzlagerrost XL passt perfekt in jeden Garten. Der extra gro\u00dfe Kaminofen sorgt ...\" \/>\n<meta property=\"og:url\" content=\"https:\/\/trendsandvision.nl\/de\/product\/esschert-design-terrassenofen-holzlager-rost-xl\/\" \/>\n<meta property=\"og:site_name\" content=\"Trends &amp; Vision (DE)\" \/>\n<meta property=\"article:modified_time\" content=\"2025-12-29T23:02:12+00:00\" \/>\n<meta property=\"og:image\" content=\"https:\/\/trendsandvision.nl\/de\/wp-content\/uploads\/sites\/3\/2023\/01\/FF521_01.jpg\" \/>\n\t<meta property=\"og:image:width\" content=\"800\" \/>\n\t<meta property=\"og:image:height\" content=\"800\" \/>\n\t<meta property=\"og:image:type\" content=\"image\/jpeg\" \/>\n<meta name=\"twitter:card\" content=\"summary_large_image\" \/>\n<meta name=\"twitter:label1\" content=\"Gesch\u00e4tzte Lesezeit\" \/>\n\t<meta name=\"twitter:data1\" content=\"2\u00a0Minuten\" \/>\n<script type=\"application\/ld+json\" class=\"yoast-schema-graph\">{\"@context\":\"https:\\\/\\\/schema.org\",\"@graph\":[{\"@type\":\"WebPage\",\"@id\":\"https:\\\/\\\/trendsandvision.nl\\\/de\\\/product\\\/esschert-design-terrassenofen-holzlager-rost-xl\\\/\",\"url\":\"https:\\\/\\\/trendsandvision.nl\\\/de\\\/product\\\/esschert-design-terrassenofen-holzlager-rost-xl\\\/\",\"name\":\"Esschert Design Terrassenofen +Holzlager Rost XL (FF521, 8714982211119) - Trends & Vision\",\"isPartOf\":{\"@id\":\"https:\\\/\\\/trendsandvision.nl\\\/de\\\/#website\"},\"primaryImageOfPage\":{\"@id\":\"https:\\\/\\\/trendsandvision.nl\\\/de\\\/product\\\/esschert-design-terrassenofen-holzlager-rost-xl\\\/#primaryimage\"},\"image\":{\"@id\":\"https:\\\/\\\/trendsandvision.nl\\\/de\\\/product\\\/esschert-design-terrassenofen-holzlager-rost-xl\\\/#primaryimage\"},\"thumbnailUrl\":\"https:\\\/\\\/trendsandvision.nl\\\/de\\\/wp-content\\\/uploads\\\/sites\\\/3\\\/2023\\\/01\\\/FF521_01.jpg\",\"datePublished\":\"2023-01-06T14:41:53+00:00\",\"dateModified\":\"2025-12-29T23:02:12+00:00\",\"description\":\"Esschert Design Terrassenofen +Holzlager Rost XL (FF521, 8714982211119) - Der Terrassenofen + Holzlagerrost XL passt perfekt in jeden Garten. Der extra gro\u00dfe Kaminofen sorgt ...\",\"breadcrumb\":{\"@id\":\"https:\\\/\\\/trendsandvision.nl\\\/de\\\/product\\\/esschert-design-terrassenofen-holzlager-rost-xl\\\/#breadcrumb\"},\"inLanguage\":\"de\",\"potentialAction\":[{\"@type\":\"ReadAction\",\"target\":[\"https:\\\/\\\/trendsandvision.nl\\\/de\\\/product\\\/esschert-design-terrassenofen-holzlager-rost-xl\\\/\"]}]},{\"@type\":\"ImageObject\",\"inLanguage\":\"de\",\"@id\":\"https:\\\/\\\/trendsandvision.nl\\\/de\\\/product\\\/esschert-design-terrassenofen-holzlager-rost-xl\\\/#primaryimage\",\"url\":\"https:\\\/\\\/trendsandvision.nl\\\/de\\\/wp-content\\\/uploads\\\/sites\\\/3\\\/2023\\\/01\\\/FF521_01.jpg\",\"contentUrl\":\"https:\\\/\\\/trendsandvision.nl\\\/de\\\/wp-content\\\/uploads\\\/sites\\\/3\\\/2023\\\/01\\\/FF521_01.jpg\",\"width\":800,\"height\":800,\"caption\":\"Esschert Design Terrassenofen +Holzlager Rost XL (FF521 8714982211119) - 01\"},{\"@type\":\"BreadcrumbList\",\"@id\":\"https:\\\/\\\/trendsandvision.nl\\\/de\\\/product\\\/esschert-design-terrassenofen-holzlager-rost-xl\\\/#breadcrumb\",\"itemListElement\":[{\"@type\":\"ListItem\",\"position\":1,\"name\":\"Home\",\"item\":\"https:\\\/\\\/trendsandvision.nl\\\/de\\\/\"},{\"@type\":\"ListItem\",\"position\":2,\"name\":\"Gesch\u00e4ft\",\"item\":\"https:\\\/\\\/trendsandvision.nl\\\/de\\\/geschaft\\\/\"},{\"@type\":\"ListItem\",\"position\":3,\"name\":\"Esschert Design Terrassenofen +Holzlager Rost XL\"}]},{\"@type\":\"WebSite\",\"@id\":\"https:\\\/\\\/trendsandvision.nl\\\/de\\\/#website\",\"url\":\"https:\\\/\\\/trendsandvision.nl\\\/de\\\/\",\"name\":\"Trends &amp; Vision (DE)\",\"description\":\"Der Webshop f\u00fcr Esschert Design Artikel\",\"publisher\":{\"@id\":\"https:\\\/\\\/trendsandvision.nl\\\/de\\\/#organization\"},\"potentialAction\":[{\"@type\":\"SearchAction\",\"target\":{\"@type\":\"EntryPoint\",\"urlTemplate\":\"https:\\\/\\\/trendsandvision.nl\\\/de\\\/?s={search_term_string}\"},\"query-input\":{\"@type\":\"PropertyValueSpecification\",\"valueRequired\":true,\"valueName\":\"search_term_string\"}}],\"inLanguage\":\"de\"},{\"@type\":\"Organization\",\"@id\":\"https:\\\/\\\/trendsandvision.nl\\\/de\\\/#organization\",\"name\":\"Trends &amp; Vision (DE)\",\"url\":\"https:\\\/\\\/trendsandvision.nl\\\/de\\\/\",\"logo\":{\"@type\":\"ImageObject\",\"inLanguage\":\"de\",\"@id\":\"https:\\\/\\\/trendsandvision.nl\\\/de\\\/#\\\/schema\\\/logo\\\/image\\\/\",\"url\":\"https:\\\/\\\/trendsandvision.nl\\\/de\\\/wp-content\\\/uploads\\\/sites\\\/3\\\/2022\\\/04\\\/trends-and-vision-logo.jpg\",\"contentUrl\":\"https:\\\/\\\/trendsandvision.nl\\\/de\\\/wp-content\\\/uploads\\\/sites\\\/3\\\/2022\\\/04\\\/trends-and-vision-logo.jpg\",\"width\":213,\"height\":100,\"caption\":\"Trends &amp; Vision (DE)\"},\"image\":{\"@id\":\"https:\\\/\\\/trendsandvision.nl\\\/de\\\/#\\\/schema\\\/logo\\\/image\\\/\"}}]}<\/script>\n<!-- \/ Yoast SEO Premium plugin. -->","yoast_head_json":{"title":"Esschert Design Terrassenofen +Holzlager Rost XL (FF521, 8714982211119) - Trends & Vision","description":"Esschert Design Terrassenofen +Holzlager Rost XL (FF521, 8714982211119) - Der Terrassenofen + Holzlagerrost XL passt perfekt in jeden Garten. Der extra gro\u00dfe Kaminofen sorgt ...","robots":{"index":"index","follow":"follow","max-snippet":"max-snippet:-1","max-image-preview":"max-image-preview:large","max-video-preview":"max-video-preview:-1"},"canonical":"https:\/\/trendsandvision.nl\/de\/product\/esschert-design-terrassenofen-holzlager-rost-xl\/","og_locale":"de_DE","og_type":"article","og_title":"Esschert Design Terrassenofen +Holzlager Rost XL","og_description":"Esschert Design Terrassenofen +Holzlager Rost XL (FF521, 8714982211119) - Der Terrassenofen + Holzlagerrost XL passt perfekt in jeden Garten. Der extra gro\u00dfe Kaminofen sorgt ...","og_url":"https:\/\/trendsandvision.nl\/de\/product\/esschert-design-terrassenofen-holzlager-rost-xl\/","og_site_name":"Trends &amp; Vision (DE)","article_modified_time":"2025-12-29T23:02:12+00:00","og_image":[{"width":800,"height":800,"url":"https:\/\/trendsandvision.nl\/de\/wp-content\/uploads\/sites\/3\/2023\/01\/FF521_01.jpg","type":"image\/jpeg"}],"twitter_card":"summary_large_image","twitter_misc":{"Gesch\u00e4tzte Lesezeit":"2\u00a0Minuten"},"schema":{"@context":"https:\/\/schema.org","@graph":[{"@type":"WebPage","@id":"https:\/\/trendsandvision.nl\/de\/product\/esschert-design-terrassenofen-holzlager-rost-xl\/","url":"https:\/\/trendsandvision.nl\/de\/product\/esschert-design-terrassenofen-holzlager-rost-xl\/","name":"Esschert Design Terrassenofen +Holzlager Rost XL (FF521, 8714982211119) - Trends & Vision","isPartOf":{"@id":"https:\/\/trendsandvision.nl\/de\/#website"},"primaryImageOfPage":{"@id":"https:\/\/trendsandvision.nl\/de\/product\/esschert-design-terrassenofen-holzlager-rost-xl\/#primaryimage"},"image":{"@id":"https:\/\/trendsandvision.nl\/de\/product\/esschert-design-terrassenofen-holzlager-rost-xl\/#primaryimage"},"thumbnailUrl":"https:\/\/trendsandvision.nl\/de\/wp-content\/uploads\/sites\/3\/2023\/01\/FF521_01.jpg","datePublished":"2023-01-06T14:41:53+00:00","dateModified":"2025-12-29T23:02:12+00:00","description":"Esschert Design Terrassenofen +Holzlager Rost XL (FF521, 8714982211119) - Der Terrassenofen + Holzlagerrost XL passt perfekt in jeden Garten. Der extra gro\u00dfe Kaminofen sorgt ...","breadcrumb":{"@id":"https:\/\/trendsandvision.nl\/de\/product\/esschert-design-terrassenofen-holzlager-rost-xl\/#breadcrumb"},"inLanguage":"de","potentialAction":[{"@type":"ReadAction","target":["https:\/\/trendsandvision.nl\/de\/product\/esschert-design-terrassenofen-holzlager-rost-xl\/"]}]},{"@type":"ImageObject","inLanguage":"de","@id":"https:\/\/trendsandvision.nl\/de\/product\/esschert-design-terrassenofen-holzlager-rost-xl\/#primaryimage","url":"https:\/\/trendsandvision.nl\/de\/wp-content\/uploads\/sites\/3\/2023\/01\/FF521_01.jpg","contentUrl":"https:\/\/trendsandvision.nl\/de\/wp-content\/uploads\/sites\/3\/2023\/01\/FF521_01.jpg","width":800,"height":800,"caption":"Esschert Design Terrassenofen +Holzlager Rost XL (FF521 8714982211119) - 01"},{"@type":"BreadcrumbList","@id":"https:\/\/trendsandvision.nl\/de\/product\/esschert-design-terrassenofen-holzlager-rost-xl\/#breadcrumb","itemListElement":[{"@type":"ListItem","position":1,"name":"Home","item":"https:\/\/trendsandvision.nl\/de\/"},{"@type":"ListItem","position":2,"name":"Gesch\u00e4ft","item":"https:\/\/trendsandvision.nl\/de\/geschaft\/"},{"@type":"ListItem","position":3,"name":"Esschert Design Terrassenofen +Holzlager Rost XL"}]},{"@type":"WebSite","@id":"https:\/\/trendsandvision.nl\/de\/#website","url":"https:\/\/trendsandvision.nl\/de\/","name":"Trends &amp; Vision (DE)","description":"Der Webshop f\u00fcr Esschert Design Artikel","publisher":{"@id":"https:\/\/trendsandvision.nl\/de\/#organization"},"potentialAction":[{"@type":"SearchAction","target":{"@type":"EntryPoint","urlTemplate":"https:\/\/trendsandvision.nl\/de\/?s={search_term_string}"},"query-input":{"@type":"PropertyValueSpecification","valueRequired":true,"valueName":"search_term_string"}}],"inLanguage":"de"},{"@type":"Organization","@id":"https:\/\/trendsandvision.nl\/de\/#organization","name":"Trends &amp; Vision (DE)","url":"https:\/\/trendsandvision.nl\/de\/","logo":{"@type":"ImageObject","inLanguage":"de","@id":"https:\/\/trendsandvision.nl\/de\/#\/schema\/logo\/image\/","url":"https:\/\/trendsandvision.nl\/de\/wp-content\/uploads\/sites\/3\/2022\/04\/trends-and-vision-logo.jpg","contentUrl":"https:\/\/trendsandvision.nl\/de\/wp-content\/uploads\/sites\/3\/2022\/04\/trends-and-vision-logo.jpg","width":213,"height":100,"caption":"Trends &amp; Vision (DE)"},"image":{"@id":"https:\/\/trendsandvision.nl\/de\/#\/schema\/logo\/image\/"}}]}},"_links":{"self":[{"href":"https:\/\/trendsandvision.nl\/de\/wp-json\/wp\/v2\/product\/9699","targetHints":{"allow":["GET"]}}],"collection":[{"href":"https:\/\/trendsandvision.nl\/de\/wp-json\/wp\/v2\/product"}],"about":[{"href":"https:\/\/trendsandvision.nl\/de\/wp-json\/wp\/v2\/types\/product"}],"wp:featuredmedia":[{"embeddable":true,"href":"https:\/\/trendsandvision.nl\/de\/wp-json\/wp\/v2\/media\/9700"}],"wp:attachment":[{"href":"https:\/\/trendsandvision.nl\/de\/wp-json\/wp\/v2\/media?parent=9699"}],"wp:term":[{"taxonomy":"product_brand","embeddable":true,"href":"https:\/\/trendsandvision.nl\/de\/wp-json\/wp\/v2\/product_brand?post=9699"},{"taxonomy":"product_cat","embeddable":true,"href":"https:\/\/trendsandvision.nl\/de\/wp-json\/wp\/v2\/product_cat?post=9699"},{"taxonomy":"product_tag","embeddable":true,"href":"https:\/\/trendsandvision.nl\/de\/wp-json\/wp\/v2\/product_tag?post=9699"}],"curies":[{"name":"wp","href":"https:\/\/api.w.org\/{rel}","templated":true}]}}