{"id":9697,"date":"2023-01-06T15:41:50","date_gmt":"2023-01-06T14:41:50","guid":{"rendered":"https:\/\/trendsandvision.nl\/de\/product\/esschert-design-terrassenofen-holzlager-schwarz-l\/"},"modified":"2026-04-22T15:02:06","modified_gmt":"2026-04-22T13:02:06","slug":"esschert-design-terrassenofen-holzlager-schwarz-l","status":"publish","type":"product","link":"https:\/\/trendsandvision.nl\/de\/product\/esschert-design-terrassenofen-holzlager-schwarz-l\/","title":{"rendered":"Esschert Design Terrassenofen +Holzlager schwarz L"},"content":{"rendered":"<p>Der Terrassenofen + Holzspeicher schwarz L passt perfekt in jeden Garten. Der Kaminofen sorgt f\u00fcr stimmungsvolle Abende rund ums Feuer. Die schwarze Farbe verleiht dem Ofen einen trendigen Look. Dieser Terrassenofen ist auch mit einem Holzlager ausgestattet. Die gro\u00dfe \u00d6ffnung an der Unterseite erm\u00f6glicht ein einfaches Holznachf\u00fcllen. So haben Sie immer genug Holz vorhanden, um das Feuer zu sch\u00fcren.<\/p>\n<p>&#8211; hergestellt in Europa<br \/>\n&#8211; verpackt in braunem Karton mit farbigem Aufkleber<br \/>\n&#8211; zeitloses Design<br \/>\n&#8211; leicht zu reinigen<br \/>\n&#8211; praktische Holzaufbewahrung<br \/>\n&#8211; einfacher Aufbau<\/p>\n<p>Artikelname:Terrassenofen + Holzlager schwarz L<br \/>\nArtikelnummer FF520<br \/>\nProduktgruppe(n) Feuer, Garten- und Terrassenofen<br \/>\nProduktabmessungen in cm L 75,9 x T 38,3 x H 134,8<br \/>\nMaterial Stahl<br \/>\nNettogewicht 23,8 kg<br \/>\nBarcode 8714982211041<\/p>\n<p>Sehr geehrter Kunde, die Versandkosten f\u00fcr diesen Artikel sind h\u00f6her als das (Versand)Angebot im Shop angebt.<br \/>\nF\u00fcr die sichere Lieferung dieses Artikels sind die tats\u00e4chlichen Versandkosten vielleicht h\u00f6her.<br \/>\nNach der Bestellung erhalten Sie ein E-Mail mit IDEAL \u201eLink\u201c wohin die m\u00f6gliche Mehrkosten sind berechnet.<\/p>\n","protected":false},"excerpt":{"rendered":"<p>&#8211; Terrassenofen + Holzlager schwarz L<br \/>\n&#8211; Artikelnummer FF520<br \/>\n&#8211; L 75,9 x T 38,3 x H 134,8 cm<br \/>\n&#8211; Material Stahl<br \/>\n&#8211; Nettogewicht 23,8 kg<br \/>\n&#8211; Barcode 8714982211041<br \/>\n&#8211; Hergestellt in Europa<br \/>\n&#8211; Verpackt in braunem Karton mit farbigem Aufkleber<br \/>\n&#8211; Zeitloses Design<br \/>\n&#8211; leicht zu reinigen<br \/>\n&#8211; Praktische Holzaufbewahrung<br \/>\n&#8211; Einfacher Aufbau<br \/>\n&#8211; Sperrgut<\/p>\n","protected":false},"featured_media":9698,"template":"","meta":[],"product_brand":[9597,9598],"product_cat":[1124],"product_tag":[6969,8675,7403,7470,7172,6968],"class_list":{"0":"post-9697","1":"product","2":"type-product","3":"status-publish","4":"has-post-thumbnail","6":"product_brand-esschert-design","7":"product_brand-trends-and-vision","8":"product_cat-fancy-flames","9":"product_tag-feuerschalen","10":"product_tag-holzfach","11":"product_tag-holzlagerung","12":"product_tag-metall","13":"product_tag-stahl","14":"product_tag-terrassenofen","15":"pa_anbieter-esschert-design","16":"pa_ean-code-5407","17":"pa_material-stahl","18":"pa_messungen-764x388x1371-cm","20":"first","21":"instock","22":"sale","23":"taxable","24":"shipping-taxable","25":"purchasable","26":"product-type-simple","27":"czr-hentry"},"yoast_head":"<!-- This site is optimized with the Yoast SEO Premium plugin v27.4 (Yoast SEO v27.4) - https:\/\/yoast.com\/product\/yoast-seo-premium-wordpress\/ -->\n<title>Esschert Design Terrassenofen +Holzlager schwarz L (FF520, 8714982211041) - Trends &amp; Vision<\/title>\n<meta name=\"description\" content=\"Esschert Design Terrassenofen +Holzlager schwarz L (FF520, 8714982211041) - Der Terrassenofen + Holzspeicher schwarz L passt perfekt in jeden Garten. Der Kaminofen sorgt f\u00fcr st...\" \/>\n<meta name=\"robots\" content=\"index, follow, max-snippet:-1, max-image-preview:large, max-video-preview:-1\" \/>\n<link rel=\"canonical\" href=\"https:\/\/trendsandvision.nl\/de\/product\/esschert-design-terrassenofen-holzlager-schwarz-l\/\" \/>\n<meta property=\"og:locale\" content=\"de_DE\" \/>\n<meta property=\"og:type\" content=\"article\" \/>\n<meta property=\"og:title\" content=\"Esschert Design Terrassenofen +Holzlager schwarz L\" \/>\n<meta property=\"og:description\" content=\"Esschert Design Terrassenofen +Holzlager schwarz L (FF520, 8714982211041) - Der Terrassenofen + Holzspeicher schwarz L passt perfekt in jeden Garten. Der Kaminofen sorgt f\u00fcr st...\" \/>\n<meta property=\"og:url\" content=\"https:\/\/trendsandvision.nl\/de\/product\/esschert-design-terrassenofen-holzlager-schwarz-l\/\" \/>\n<meta property=\"og:site_name\" content=\"Trends &amp; Vision (DE)\" \/>\n<meta property=\"article:modified_time\" content=\"2026-04-22T13:02:06+00:00\" \/>\n<meta property=\"og:image\" content=\"https:\/\/trendsandvision.nl\/de\/wp-content\/uploads\/sites\/3\/2023\/01\/FF520_01.jpg\" \/>\n\t<meta property=\"og:image:width\" content=\"800\" \/>\n\t<meta property=\"og:image:height\" content=\"800\" \/>\n\t<meta property=\"og:image:type\" content=\"image\/jpeg\" \/>\n<meta name=\"twitter:card\" content=\"summary_large_image\" \/>\n<meta name=\"twitter:label1\" content=\"Gesch\u00e4tzte Lesezeit\" \/>\n\t<meta name=\"twitter:data1\" content=\"2\u00a0Minuten\" \/>\n<script type=\"application\/ld+json\" class=\"yoast-schema-graph\">{\"@context\":\"https:\\\/\\\/schema.org\",\"@graph\":[{\"@type\":\"WebPage\",\"@id\":\"https:\\\/\\\/trendsandvision.nl\\\/de\\\/product\\\/esschert-design-terrassenofen-holzlager-schwarz-l\\\/\",\"url\":\"https:\\\/\\\/trendsandvision.nl\\\/de\\\/product\\\/esschert-design-terrassenofen-holzlager-schwarz-l\\\/\",\"name\":\"Esschert Design Terrassenofen +Holzlager schwarz L (FF520, 8714982211041) - Trends & Vision\",\"isPartOf\":{\"@id\":\"https:\\\/\\\/trendsandvision.nl\\\/de\\\/#website\"},\"primaryImageOfPage\":{\"@id\":\"https:\\\/\\\/trendsandvision.nl\\\/de\\\/product\\\/esschert-design-terrassenofen-holzlager-schwarz-l\\\/#primaryimage\"},\"image\":{\"@id\":\"https:\\\/\\\/trendsandvision.nl\\\/de\\\/product\\\/esschert-design-terrassenofen-holzlager-schwarz-l\\\/#primaryimage\"},\"thumbnailUrl\":\"https:\\\/\\\/trendsandvision.nl\\\/de\\\/wp-content\\\/uploads\\\/sites\\\/3\\\/2023\\\/01\\\/FF520_01.jpg\",\"datePublished\":\"2023-01-06T14:41:50+00:00\",\"dateModified\":\"2026-04-22T13:02:06+00:00\",\"description\":\"Esschert Design Terrassenofen +Holzlager schwarz L (FF520, 8714982211041) - Der Terrassenofen + Holzspeicher schwarz L passt perfekt in jeden Garten. Der Kaminofen sorgt f\u00fcr st...\",\"breadcrumb\":{\"@id\":\"https:\\\/\\\/trendsandvision.nl\\\/de\\\/product\\\/esschert-design-terrassenofen-holzlager-schwarz-l\\\/#breadcrumb\"},\"inLanguage\":\"de\",\"potentialAction\":[{\"@type\":\"ReadAction\",\"target\":[\"https:\\\/\\\/trendsandvision.nl\\\/de\\\/product\\\/esschert-design-terrassenofen-holzlager-schwarz-l\\\/\"]}]},{\"@type\":\"ImageObject\",\"inLanguage\":\"de\",\"@id\":\"https:\\\/\\\/trendsandvision.nl\\\/de\\\/product\\\/esschert-design-terrassenofen-holzlager-schwarz-l\\\/#primaryimage\",\"url\":\"https:\\\/\\\/trendsandvision.nl\\\/de\\\/wp-content\\\/uploads\\\/sites\\\/3\\\/2023\\\/01\\\/FF520_01.jpg\",\"contentUrl\":\"https:\\\/\\\/trendsandvision.nl\\\/de\\\/wp-content\\\/uploads\\\/sites\\\/3\\\/2023\\\/01\\\/FF520_01.jpg\",\"width\":800,\"height\":800,\"caption\":\"Esschert Design Terrassenofen +Holzlager schwarz L (FF520 8714982211041) - 01\"},{\"@type\":\"BreadcrumbList\",\"@id\":\"https:\\\/\\\/trendsandvision.nl\\\/de\\\/product\\\/esschert-design-terrassenofen-holzlager-schwarz-l\\\/#breadcrumb\",\"itemListElement\":[{\"@type\":\"ListItem\",\"position\":1,\"name\":\"Home\",\"item\":\"https:\\\/\\\/trendsandvision.nl\\\/de\\\/\"},{\"@type\":\"ListItem\",\"position\":2,\"name\":\"Gesch\u00e4ft\",\"item\":\"https:\\\/\\\/trendsandvision.nl\\\/de\\\/geschaft\\\/\"},{\"@type\":\"ListItem\",\"position\":3,\"name\":\"Esschert Design Terrassenofen +Holzlager schwarz L\"}]},{\"@type\":\"WebSite\",\"@id\":\"https:\\\/\\\/trendsandvision.nl\\\/de\\\/#website\",\"url\":\"https:\\\/\\\/trendsandvision.nl\\\/de\\\/\",\"name\":\"Trends &amp; Vision (DE)\",\"description\":\"Der Webshop f\u00fcr Esschert Design Artikel\",\"publisher\":{\"@id\":\"https:\\\/\\\/trendsandvision.nl\\\/de\\\/#organization\"},\"potentialAction\":[{\"@type\":\"SearchAction\",\"target\":{\"@type\":\"EntryPoint\",\"urlTemplate\":\"https:\\\/\\\/trendsandvision.nl\\\/de\\\/?s={search_term_string}\"},\"query-input\":{\"@type\":\"PropertyValueSpecification\",\"valueRequired\":true,\"valueName\":\"search_term_string\"}}],\"inLanguage\":\"de\"},{\"@type\":\"Organization\",\"@id\":\"https:\\\/\\\/trendsandvision.nl\\\/de\\\/#organization\",\"name\":\"Trends &amp; Vision (DE)\",\"url\":\"https:\\\/\\\/trendsandvision.nl\\\/de\\\/\",\"logo\":{\"@type\":\"ImageObject\",\"inLanguage\":\"de\",\"@id\":\"https:\\\/\\\/trendsandvision.nl\\\/de\\\/#\\\/schema\\\/logo\\\/image\\\/\",\"url\":\"https:\\\/\\\/trendsandvision.nl\\\/de\\\/wp-content\\\/uploads\\\/sites\\\/3\\\/2022\\\/04\\\/trends-and-vision-logo.jpg\",\"contentUrl\":\"https:\\\/\\\/trendsandvision.nl\\\/de\\\/wp-content\\\/uploads\\\/sites\\\/3\\\/2022\\\/04\\\/trends-and-vision-logo.jpg\",\"width\":213,\"height\":100,\"caption\":\"Trends &amp; Vision (DE)\"},\"image\":{\"@id\":\"https:\\\/\\\/trendsandvision.nl\\\/de\\\/#\\\/schema\\\/logo\\\/image\\\/\"}}]}<\/script>\n<!-- \/ Yoast SEO Premium plugin. -->","yoast_head_json":{"title":"Esschert Design Terrassenofen +Holzlager schwarz L (FF520, 8714982211041) - Trends & Vision","description":"Esschert Design Terrassenofen +Holzlager schwarz L (FF520, 8714982211041) - Der Terrassenofen + Holzspeicher schwarz L passt perfekt in jeden Garten. Der Kaminofen sorgt f\u00fcr st...","robots":{"index":"index","follow":"follow","max-snippet":"max-snippet:-1","max-image-preview":"max-image-preview:large","max-video-preview":"max-video-preview:-1"},"canonical":"https:\/\/trendsandvision.nl\/de\/product\/esschert-design-terrassenofen-holzlager-schwarz-l\/","og_locale":"de_DE","og_type":"article","og_title":"Esschert Design Terrassenofen +Holzlager schwarz L","og_description":"Esschert Design Terrassenofen +Holzlager schwarz L (FF520, 8714982211041) - Der Terrassenofen + Holzspeicher schwarz L passt perfekt in jeden Garten. Der Kaminofen sorgt f\u00fcr st...","og_url":"https:\/\/trendsandvision.nl\/de\/product\/esschert-design-terrassenofen-holzlager-schwarz-l\/","og_site_name":"Trends &amp; Vision (DE)","article_modified_time":"2026-04-22T13:02:06+00:00","og_image":[{"width":800,"height":800,"url":"https:\/\/trendsandvision.nl\/de\/wp-content\/uploads\/sites\/3\/2023\/01\/FF520_01.jpg","type":"image\/jpeg"}],"twitter_card":"summary_large_image","twitter_misc":{"Gesch\u00e4tzte Lesezeit":"2\u00a0Minuten"},"schema":{"@context":"https:\/\/schema.org","@graph":[{"@type":"WebPage","@id":"https:\/\/trendsandvision.nl\/de\/product\/esschert-design-terrassenofen-holzlager-schwarz-l\/","url":"https:\/\/trendsandvision.nl\/de\/product\/esschert-design-terrassenofen-holzlager-schwarz-l\/","name":"Esschert Design Terrassenofen +Holzlager schwarz L (FF520, 8714982211041) - Trends & Vision","isPartOf":{"@id":"https:\/\/trendsandvision.nl\/de\/#website"},"primaryImageOfPage":{"@id":"https:\/\/trendsandvision.nl\/de\/product\/esschert-design-terrassenofen-holzlager-schwarz-l\/#primaryimage"},"image":{"@id":"https:\/\/trendsandvision.nl\/de\/product\/esschert-design-terrassenofen-holzlager-schwarz-l\/#primaryimage"},"thumbnailUrl":"https:\/\/trendsandvision.nl\/de\/wp-content\/uploads\/sites\/3\/2023\/01\/FF520_01.jpg","datePublished":"2023-01-06T14:41:50+00:00","dateModified":"2026-04-22T13:02:06+00:00","description":"Esschert Design Terrassenofen +Holzlager schwarz L (FF520, 8714982211041) - Der Terrassenofen + Holzspeicher schwarz L passt perfekt in jeden Garten. Der Kaminofen sorgt f\u00fcr st...","breadcrumb":{"@id":"https:\/\/trendsandvision.nl\/de\/product\/esschert-design-terrassenofen-holzlager-schwarz-l\/#breadcrumb"},"inLanguage":"de","potentialAction":[{"@type":"ReadAction","target":["https:\/\/trendsandvision.nl\/de\/product\/esschert-design-terrassenofen-holzlager-schwarz-l\/"]}]},{"@type":"ImageObject","inLanguage":"de","@id":"https:\/\/trendsandvision.nl\/de\/product\/esschert-design-terrassenofen-holzlager-schwarz-l\/#primaryimage","url":"https:\/\/trendsandvision.nl\/de\/wp-content\/uploads\/sites\/3\/2023\/01\/FF520_01.jpg","contentUrl":"https:\/\/trendsandvision.nl\/de\/wp-content\/uploads\/sites\/3\/2023\/01\/FF520_01.jpg","width":800,"height":800,"caption":"Esschert Design Terrassenofen +Holzlager schwarz L (FF520 8714982211041) - 01"},{"@type":"BreadcrumbList","@id":"https:\/\/trendsandvision.nl\/de\/product\/esschert-design-terrassenofen-holzlager-schwarz-l\/#breadcrumb","itemListElement":[{"@type":"ListItem","position":1,"name":"Home","item":"https:\/\/trendsandvision.nl\/de\/"},{"@type":"ListItem","position":2,"name":"Gesch\u00e4ft","item":"https:\/\/trendsandvision.nl\/de\/geschaft\/"},{"@type":"ListItem","position":3,"name":"Esschert Design Terrassenofen +Holzlager schwarz L"}]},{"@type":"WebSite","@id":"https:\/\/trendsandvision.nl\/de\/#website","url":"https:\/\/trendsandvision.nl\/de\/","name":"Trends &amp; Vision (DE)","description":"Der Webshop f\u00fcr Esschert Design Artikel","publisher":{"@id":"https:\/\/trendsandvision.nl\/de\/#organization"},"potentialAction":[{"@type":"SearchAction","target":{"@type":"EntryPoint","urlTemplate":"https:\/\/trendsandvision.nl\/de\/?s={search_term_string}"},"query-input":{"@type":"PropertyValueSpecification","valueRequired":true,"valueName":"search_term_string"}}],"inLanguage":"de"},{"@type":"Organization","@id":"https:\/\/trendsandvision.nl\/de\/#organization","name":"Trends &amp; Vision (DE)","url":"https:\/\/trendsandvision.nl\/de\/","logo":{"@type":"ImageObject","inLanguage":"de","@id":"https:\/\/trendsandvision.nl\/de\/#\/schema\/logo\/image\/","url":"https:\/\/trendsandvision.nl\/de\/wp-content\/uploads\/sites\/3\/2022\/04\/trends-and-vision-logo.jpg","contentUrl":"https:\/\/trendsandvision.nl\/de\/wp-content\/uploads\/sites\/3\/2022\/04\/trends-and-vision-logo.jpg","width":213,"height":100,"caption":"Trends &amp; Vision (DE)"},"image":{"@id":"https:\/\/trendsandvision.nl\/de\/#\/schema\/logo\/image\/"}}]}},"_links":{"self":[{"href":"https:\/\/trendsandvision.nl\/de\/wp-json\/wp\/v2\/product\/9697","targetHints":{"allow":["GET"]}}],"collection":[{"href":"https:\/\/trendsandvision.nl\/de\/wp-json\/wp\/v2\/product"}],"about":[{"href":"https:\/\/trendsandvision.nl\/de\/wp-json\/wp\/v2\/types\/product"}],"wp:featuredmedia":[{"embeddable":true,"href":"https:\/\/trendsandvision.nl\/de\/wp-json\/wp\/v2\/media\/9698"}],"wp:attachment":[{"href":"https:\/\/trendsandvision.nl\/de\/wp-json\/wp\/v2\/media?parent=9697"}],"wp:term":[{"taxonomy":"product_brand","embeddable":true,"href":"https:\/\/trendsandvision.nl\/de\/wp-json\/wp\/v2\/product_brand?post=9697"},{"taxonomy":"product_cat","embeddable":true,"href":"https:\/\/trendsandvision.nl\/de\/wp-json\/wp\/v2\/product_cat?post=9697"},{"taxonomy":"product_tag","embeddable":true,"href":"https:\/\/trendsandvision.nl\/de\/wp-json\/wp\/v2\/product_tag?post=9697"}],"curies":[{"name":"wp","href":"https:\/\/api.w.org\/{rel}","templated":true}]}}