{"id":9685,"date":"2023-01-06T15:41:34","date_gmt":"2023-01-06T14:41:34","guid":{"rendered":"https:\/\/trendsandvision.nl\/de\/product\/esschert-design-terrassenofen-pizzaofen-rost\/"},"modified":"2026-04-22T15:02:02","modified_gmt":"2026-04-22T13:02:02","slug":"esschert-design-terrassenofen-pizzaofen-rost","status":"publish","type":"product","link":"https:\/\/trendsandvision.nl\/de\/product\/esschert-design-terrassenofen-pizzaofen-rost\/","title":{"rendered":"Esschert Design Terrassenofen + Pizzaofen Rost"},"content":{"rendered":"<p>Dieser attraktive Terrassenofen + Pizzaofen Rost ist multifunktional. Es ist ein sch\u00f6ner Ofen f\u00fcr herrliche Abende am Feuer, in dem Sie auch die leckersten Pizzagerichte zubereiten k\u00f6nnen. Der Pizzaofen ist im oberen Teil des Kamins integriert. Die Rostfarbe dieses Terrassenofens ist zeitlos, attraktiv und passt in jeden Garten. Das Feuer l\u00e4sst sich in diesem Ofen leicht entfachen. Mit der Zeit erh\u00e4lt die Rostfarbe unter dem Einfluss von Feuer, Witterung und Zeit ein noch authentischeres Aussehen.<\/p>\n<p>&#8211; verpackt in braunem Karton mit FC-Aufkleber<br \/>\n&#8211; inklusive Pizzastein<br \/>\n&#8211; inklusive Grillrost<br \/>\n&#8211; einfache Montage<\/p>\n<p>Artikelname: Terrassenofen + Pizzaofen Rost<br \/>\nArtikelnummer FF515<br \/>\nProduktgruppe(n) Feuer, Garten- und Terrassenofen, drau\u00dfen grillen und kochen<br \/>\nProduktabmessungen in cm L 38,9 x T 39,9 x H 140,5<br \/>\nMaterial Stahl, Schamotte (Feuerlehm)<br \/>\nNettogewicht 26,36 kg<br \/>\nBarcode 8714982210693<\/p>\n<p>Sehr geehrter Kunde, die Versandkosten f\u00fcr diesen Artikel sind h\u00f6her als das (Versand)Angebot im Shop angebt.<br \/>\nF\u00fcr die sichere Lieferung dieses Artikels sind die tats\u00e4chlichen Versandkosten vielleicht h\u00f6her.<br \/>\nNach der Bestellung erhalten Sie ein E-Mail mit IDEAL \u201eLink\u201c wohin die m\u00f6gliche Mehrkosten sind berechnet.<\/p>\n","protected":false},"excerpt":{"rendered":"<p>&#8211; Terrassenofen + Pizzaofen Rost<br \/>\n&#8211; Artikelnummer FF515<br \/>\n&#8211; L 38,9 x T 39,9 x H 140,5 cm<br \/>\n&#8211; Material Stahl, Schamotte (Feuerlehm)<br \/>\n&#8211; Nettogewicht 26,36 kg<br \/>\n&#8211; Barcode 8714982210693<br \/>\n&#8211; verpackt in braunem Karton<br \/>\n  mit FC-Aufkleber<br \/>\n&#8211; inklusive Pizzastein<br \/>\n&#8211; inklusive Grillrost<br \/>\n&#8211; einfache Montage<br \/>\n&#8211; Sperrgut<\/p>\n","protected":false},"featured_media":9686,"template":"","meta":[],"product_brand":[9597,9598],"product_cat":[1124],"product_tag":[6969,7470,8676,8672,7172,6968],"class_list":{"0":"post-9685","1":"product","2":"type-product","3":"status-publish","4":"has-post-thumbnail","6":"product_brand-esschert-design","7":"product_brand-trends-and-vision","8":"product_cat-fancy-flames","9":"product_tag-feuerschalen","10":"product_tag-metall","11":"product_tag-pizzaofen","12":"product_tag-pizzas","13":"product_tag-stahl","14":"product_tag-terrassenofen","15":"pa_anbieter-esschert-design","16":"pa_ean-code-5400","17":"pa_messungen-3780x405x1380-cm","19":"first","20":"instock","21":"sale","22":"taxable","23":"shipping-taxable","24":"purchasable","25":"product-type-simple","26":"czr-hentry"},"yoast_head":"<!-- This site is optimized with the Yoast SEO Premium plugin v27.4 (Yoast SEO v27.4) - https:\/\/yoast.com\/product\/yoast-seo-premium-wordpress\/ -->\n<title>Esschert Design Terrassenofen + Pizzaofen Rost (FF515, 8714982210693) - Trends &amp; Vision<\/title>\n<meta name=\"description\" content=\"Esschert Design Terrassenofen + Pizzaofen Rost (FF515, 8714982210693) - Dieser attraktive Terrassenofen + Pizzaofen Rost ist multifunktional. Es ist ein sch\u00f6ner Ofen f\u00fcr he...\" \/>\n<meta name=\"robots\" content=\"index, follow, max-snippet:-1, max-image-preview:large, max-video-preview:-1\" \/>\n<link rel=\"canonical\" href=\"https:\/\/trendsandvision.nl\/de\/product\/esschert-design-terrassenofen-pizzaofen-rost\/\" \/>\n<meta property=\"og:locale\" content=\"de_DE\" \/>\n<meta property=\"og:type\" content=\"article\" \/>\n<meta property=\"og:title\" content=\"Esschert Design Terrassenofen + Pizzaofen Rost\" \/>\n<meta property=\"og:description\" content=\"Esschert Design Terrassenofen + Pizzaofen Rost (FF515, 8714982210693) - Dieser attraktive Terrassenofen + Pizzaofen Rost ist multifunktional. Es ist ein sch\u00f6ner Ofen f\u00fcr he...\" \/>\n<meta property=\"og:url\" content=\"https:\/\/trendsandvision.nl\/de\/product\/esschert-design-terrassenofen-pizzaofen-rost\/\" \/>\n<meta property=\"og:site_name\" content=\"Trends &amp; Vision (DE)\" \/>\n<meta property=\"article:modified_time\" content=\"2026-04-22T13:02:02+00:00\" \/>\n<meta property=\"og:image\" content=\"https:\/\/trendsandvision.nl\/de\/wp-content\/uploads\/sites\/3\/2023\/01\/FF515_01.jpg\" \/>\n\t<meta property=\"og:image:width\" content=\"800\" \/>\n\t<meta property=\"og:image:height\" content=\"800\" \/>\n\t<meta property=\"og:image:type\" content=\"image\/jpeg\" \/>\n<meta name=\"twitter:card\" content=\"summary_large_image\" \/>\n<meta name=\"twitter:label1\" content=\"Gesch\u00e4tzte Lesezeit\" \/>\n\t<meta name=\"twitter:data1\" content=\"2\u00a0Minuten\" \/>\n<script type=\"application\/ld+json\" class=\"yoast-schema-graph\">{\"@context\":\"https:\\\/\\\/schema.org\",\"@graph\":[{\"@type\":\"WebPage\",\"@id\":\"https:\\\/\\\/trendsandvision.nl\\\/de\\\/product\\\/esschert-design-terrassenofen-pizzaofen-rost\\\/\",\"url\":\"https:\\\/\\\/trendsandvision.nl\\\/de\\\/product\\\/esschert-design-terrassenofen-pizzaofen-rost\\\/\",\"name\":\"Esschert Design Terrassenofen + Pizzaofen Rost (FF515, 8714982210693) - Trends & Vision\",\"isPartOf\":{\"@id\":\"https:\\\/\\\/trendsandvision.nl\\\/de\\\/#website\"},\"primaryImageOfPage\":{\"@id\":\"https:\\\/\\\/trendsandvision.nl\\\/de\\\/product\\\/esschert-design-terrassenofen-pizzaofen-rost\\\/#primaryimage\"},\"image\":{\"@id\":\"https:\\\/\\\/trendsandvision.nl\\\/de\\\/product\\\/esschert-design-terrassenofen-pizzaofen-rost\\\/#primaryimage\"},\"thumbnailUrl\":\"https:\\\/\\\/trendsandvision.nl\\\/de\\\/wp-content\\\/uploads\\\/sites\\\/3\\\/2023\\\/01\\\/FF515_01.jpg\",\"datePublished\":\"2023-01-06T14:41:34+00:00\",\"dateModified\":\"2026-04-22T13:02:02+00:00\",\"description\":\"Esschert Design Terrassenofen + Pizzaofen Rost (FF515, 8714982210693) - Dieser attraktive Terrassenofen + Pizzaofen Rost ist multifunktional. Es ist ein sch\u00f6ner Ofen f\u00fcr he...\",\"breadcrumb\":{\"@id\":\"https:\\\/\\\/trendsandvision.nl\\\/de\\\/product\\\/esschert-design-terrassenofen-pizzaofen-rost\\\/#breadcrumb\"},\"inLanguage\":\"de\",\"potentialAction\":[{\"@type\":\"ReadAction\",\"target\":[\"https:\\\/\\\/trendsandvision.nl\\\/de\\\/product\\\/esschert-design-terrassenofen-pizzaofen-rost\\\/\"]}]},{\"@type\":\"ImageObject\",\"inLanguage\":\"de\",\"@id\":\"https:\\\/\\\/trendsandvision.nl\\\/de\\\/product\\\/esschert-design-terrassenofen-pizzaofen-rost\\\/#primaryimage\",\"url\":\"https:\\\/\\\/trendsandvision.nl\\\/de\\\/wp-content\\\/uploads\\\/sites\\\/3\\\/2023\\\/01\\\/FF515_01.jpg\",\"contentUrl\":\"https:\\\/\\\/trendsandvision.nl\\\/de\\\/wp-content\\\/uploads\\\/sites\\\/3\\\/2023\\\/01\\\/FF515_01.jpg\",\"width\":800,\"height\":800,\"caption\":\"Esschert Design Terrassenofen + Pizzaofen Rost (FF515 8714982210693) - 01\"},{\"@type\":\"BreadcrumbList\",\"@id\":\"https:\\\/\\\/trendsandvision.nl\\\/de\\\/product\\\/esschert-design-terrassenofen-pizzaofen-rost\\\/#breadcrumb\",\"itemListElement\":[{\"@type\":\"ListItem\",\"position\":1,\"name\":\"Home\",\"item\":\"https:\\\/\\\/trendsandvision.nl\\\/de\\\/\"},{\"@type\":\"ListItem\",\"position\":2,\"name\":\"Gesch\u00e4ft\",\"item\":\"https:\\\/\\\/trendsandvision.nl\\\/de\\\/geschaft\\\/\"},{\"@type\":\"ListItem\",\"position\":3,\"name\":\"Esschert Design Terrassenofen + Pizzaofen Rost\"}]},{\"@type\":\"WebSite\",\"@id\":\"https:\\\/\\\/trendsandvision.nl\\\/de\\\/#website\",\"url\":\"https:\\\/\\\/trendsandvision.nl\\\/de\\\/\",\"name\":\"Trends &amp; Vision (DE)\",\"description\":\"Der Webshop f\u00fcr Esschert Design Artikel\",\"publisher\":{\"@id\":\"https:\\\/\\\/trendsandvision.nl\\\/de\\\/#organization\"},\"potentialAction\":[{\"@type\":\"SearchAction\",\"target\":{\"@type\":\"EntryPoint\",\"urlTemplate\":\"https:\\\/\\\/trendsandvision.nl\\\/de\\\/?s={search_term_string}\"},\"query-input\":{\"@type\":\"PropertyValueSpecification\",\"valueRequired\":true,\"valueName\":\"search_term_string\"}}],\"inLanguage\":\"de\"},{\"@type\":\"Organization\",\"@id\":\"https:\\\/\\\/trendsandvision.nl\\\/de\\\/#organization\",\"name\":\"Trends &amp; Vision (DE)\",\"url\":\"https:\\\/\\\/trendsandvision.nl\\\/de\\\/\",\"logo\":{\"@type\":\"ImageObject\",\"inLanguage\":\"de\",\"@id\":\"https:\\\/\\\/trendsandvision.nl\\\/de\\\/#\\\/schema\\\/logo\\\/image\\\/\",\"url\":\"https:\\\/\\\/trendsandvision.nl\\\/de\\\/wp-content\\\/uploads\\\/sites\\\/3\\\/2022\\\/04\\\/trends-and-vision-logo.jpg\",\"contentUrl\":\"https:\\\/\\\/trendsandvision.nl\\\/de\\\/wp-content\\\/uploads\\\/sites\\\/3\\\/2022\\\/04\\\/trends-and-vision-logo.jpg\",\"width\":213,\"height\":100,\"caption\":\"Trends &amp; Vision (DE)\"},\"image\":{\"@id\":\"https:\\\/\\\/trendsandvision.nl\\\/de\\\/#\\\/schema\\\/logo\\\/image\\\/\"}}]}<\/script>\n<!-- \/ Yoast SEO Premium plugin. -->","yoast_head_json":{"title":"Esschert Design Terrassenofen + Pizzaofen Rost (FF515, 8714982210693) - Trends & Vision","description":"Esschert Design Terrassenofen + Pizzaofen Rost (FF515, 8714982210693) - Dieser attraktive Terrassenofen + Pizzaofen Rost ist multifunktional. Es ist ein sch\u00f6ner Ofen f\u00fcr he...","robots":{"index":"index","follow":"follow","max-snippet":"max-snippet:-1","max-image-preview":"max-image-preview:large","max-video-preview":"max-video-preview:-1"},"canonical":"https:\/\/trendsandvision.nl\/de\/product\/esschert-design-terrassenofen-pizzaofen-rost\/","og_locale":"de_DE","og_type":"article","og_title":"Esschert Design Terrassenofen + Pizzaofen Rost","og_description":"Esschert Design Terrassenofen + Pizzaofen Rost (FF515, 8714982210693) - Dieser attraktive Terrassenofen + Pizzaofen Rost ist multifunktional. Es ist ein sch\u00f6ner Ofen f\u00fcr he...","og_url":"https:\/\/trendsandvision.nl\/de\/product\/esschert-design-terrassenofen-pizzaofen-rost\/","og_site_name":"Trends &amp; Vision (DE)","article_modified_time":"2026-04-22T13:02:02+00:00","og_image":[{"width":800,"height":800,"url":"https:\/\/trendsandvision.nl\/de\/wp-content\/uploads\/sites\/3\/2023\/01\/FF515_01.jpg","type":"image\/jpeg"}],"twitter_card":"summary_large_image","twitter_misc":{"Gesch\u00e4tzte Lesezeit":"2\u00a0Minuten"},"schema":{"@context":"https:\/\/schema.org","@graph":[{"@type":"WebPage","@id":"https:\/\/trendsandvision.nl\/de\/product\/esschert-design-terrassenofen-pizzaofen-rost\/","url":"https:\/\/trendsandvision.nl\/de\/product\/esschert-design-terrassenofen-pizzaofen-rost\/","name":"Esschert Design Terrassenofen + Pizzaofen Rost (FF515, 8714982210693) - Trends & Vision","isPartOf":{"@id":"https:\/\/trendsandvision.nl\/de\/#website"},"primaryImageOfPage":{"@id":"https:\/\/trendsandvision.nl\/de\/product\/esschert-design-terrassenofen-pizzaofen-rost\/#primaryimage"},"image":{"@id":"https:\/\/trendsandvision.nl\/de\/product\/esschert-design-terrassenofen-pizzaofen-rost\/#primaryimage"},"thumbnailUrl":"https:\/\/trendsandvision.nl\/de\/wp-content\/uploads\/sites\/3\/2023\/01\/FF515_01.jpg","datePublished":"2023-01-06T14:41:34+00:00","dateModified":"2026-04-22T13:02:02+00:00","description":"Esschert Design Terrassenofen + Pizzaofen Rost (FF515, 8714982210693) - Dieser attraktive Terrassenofen + Pizzaofen Rost ist multifunktional. Es ist ein sch\u00f6ner Ofen f\u00fcr he...","breadcrumb":{"@id":"https:\/\/trendsandvision.nl\/de\/product\/esschert-design-terrassenofen-pizzaofen-rost\/#breadcrumb"},"inLanguage":"de","potentialAction":[{"@type":"ReadAction","target":["https:\/\/trendsandvision.nl\/de\/product\/esschert-design-terrassenofen-pizzaofen-rost\/"]}]},{"@type":"ImageObject","inLanguage":"de","@id":"https:\/\/trendsandvision.nl\/de\/product\/esschert-design-terrassenofen-pizzaofen-rost\/#primaryimage","url":"https:\/\/trendsandvision.nl\/de\/wp-content\/uploads\/sites\/3\/2023\/01\/FF515_01.jpg","contentUrl":"https:\/\/trendsandvision.nl\/de\/wp-content\/uploads\/sites\/3\/2023\/01\/FF515_01.jpg","width":800,"height":800,"caption":"Esschert Design Terrassenofen + Pizzaofen Rost (FF515 8714982210693) - 01"},{"@type":"BreadcrumbList","@id":"https:\/\/trendsandvision.nl\/de\/product\/esschert-design-terrassenofen-pizzaofen-rost\/#breadcrumb","itemListElement":[{"@type":"ListItem","position":1,"name":"Home","item":"https:\/\/trendsandvision.nl\/de\/"},{"@type":"ListItem","position":2,"name":"Gesch\u00e4ft","item":"https:\/\/trendsandvision.nl\/de\/geschaft\/"},{"@type":"ListItem","position":3,"name":"Esschert Design Terrassenofen + Pizzaofen Rost"}]},{"@type":"WebSite","@id":"https:\/\/trendsandvision.nl\/de\/#website","url":"https:\/\/trendsandvision.nl\/de\/","name":"Trends &amp; Vision (DE)","description":"Der Webshop f\u00fcr Esschert Design Artikel","publisher":{"@id":"https:\/\/trendsandvision.nl\/de\/#organization"},"potentialAction":[{"@type":"SearchAction","target":{"@type":"EntryPoint","urlTemplate":"https:\/\/trendsandvision.nl\/de\/?s={search_term_string}"},"query-input":{"@type":"PropertyValueSpecification","valueRequired":true,"valueName":"search_term_string"}}],"inLanguage":"de"},{"@type":"Organization","@id":"https:\/\/trendsandvision.nl\/de\/#organization","name":"Trends &amp; Vision (DE)","url":"https:\/\/trendsandvision.nl\/de\/","logo":{"@type":"ImageObject","inLanguage":"de","@id":"https:\/\/trendsandvision.nl\/de\/#\/schema\/logo\/image\/","url":"https:\/\/trendsandvision.nl\/de\/wp-content\/uploads\/sites\/3\/2022\/04\/trends-and-vision-logo.jpg","contentUrl":"https:\/\/trendsandvision.nl\/de\/wp-content\/uploads\/sites\/3\/2022\/04\/trends-and-vision-logo.jpg","width":213,"height":100,"caption":"Trends &amp; Vision (DE)"},"image":{"@id":"https:\/\/trendsandvision.nl\/de\/#\/schema\/logo\/image\/"}}]}},"_links":{"self":[{"href":"https:\/\/trendsandvision.nl\/de\/wp-json\/wp\/v2\/product\/9685","targetHints":{"allow":["GET"]}}],"collection":[{"href":"https:\/\/trendsandvision.nl\/de\/wp-json\/wp\/v2\/product"}],"about":[{"href":"https:\/\/trendsandvision.nl\/de\/wp-json\/wp\/v2\/types\/product"}],"wp:featuredmedia":[{"embeddable":true,"href":"https:\/\/trendsandvision.nl\/de\/wp-json\/wp\/v2\/media\/9686"}],"wp:attachment":[{"href":"https:\/\/trendsandvision.nl\/de\/wp-json\/wp\/v2\/media?parent=9685"}],"wp:term":[{"taxonomy":"product_brand","embeddable":true,"href":"https:\/\/trendsandvision.nl\/de\/wp-json\/wp\/v2\/product_brand?post=9685"},{"taxonomy":"product_cat","embeddable":true,"href":"https:\/\/trendsandvision.nl\/de\/wp-json\/wp\/v2\/product_cat?post=9685"},{"taxonomy":"product_tag","embeddable":true,"href":"https:\/\/trendsandvision.nl\/de\/wp-json\/wp\/v2\/product_tag?post=9685"}],"curies":[{"name":"wp","href":"https:\/\/api.w.org\/{rel}","templated":true}]}}