{"id":9637,"date":"2023-01-06T15:40:14","date_gmt":"2023-01-06T14:40:14","guid":{"rendered":"https:\/\/trendsandvision.nl\/de\/product\/esschert-design-erdnussbutter-mit-mehlwuermern\/"},"modified":"2026-04-07T10:28:02","modified_gmt":"2026-04-07T08:28:02","slug":"esschert-design-erdnussbutter-mit-mehlwuermern","status":"publish","type":"product","link":"https:\/\/trendsandvision.nl\/de\/product\/esschert-design-erdnussbutter-mit-mehlwuermern\/","title":{"rendered":"Esschert Design Erdnussbutter mit Mehlw\u00fcrmern"},"content":{"rendered":"<p>Vogel-Erdnussbutter ist ein wahrer Leckerbissen f\u00fcr V\u00f6gel! Es enth\u00e4lt gute N\u00e4hrstoffe f\u00fcr V\u00f6gel, ist kalorienreich, nahrhaft und gesund. Normale Erdnussbutter enth\u00e4lt viel zu viel Salz und das ist schlecht f\u00fcr V\u00f6gel. Diese Mehlwurm-Erdnussbutter wurde speziell f\u00fcr V\u00f6gel hergestellt und enth\u00e4lt viele der wesentlichen Zutaten, die Gartenv\u00f6gel ben\u00f6tigen, ohne Zusatz von Salz. Legen Sie die Erdnussbutter in das spezielle Erdnussbutterhaus und genie\u00dfen Sie die Gartenv\u00f6gel, die es anzieht.<br \/>\nohne Salzzusatz<br \/>\ngeeignet f\u00fcr z. B. Meisen, Blaumeisen und Kleiber<br \/>\nArtikelname: Erdnussbutter mit Mehlw\u00fcrmern<br \/>\nArtikelnummer FB929<br \/>\nProduktgruppe(n) V\u00f6gel&amp;Gartentiere, Futter, Erdnussbutter<br \/>\nProduktabmessungen in cm L 8 x T 8 x H 10,2<br \/>\nMaterial Zutaten: Mehlw\u00fcrmer 1%, Rindertalg, Raps\u00f6l, Mais, Mehl, Erdn\u00fcsse Analyse: Kohlenhydrate 34,9%, 25%, Rohprotein 11,42%, Rohfaser 8,2%, Feuchtigkeit 5,4%,<br \/>\nRohasche 1,39%<br \/>\nNettogewicht 0,529 kg<br \/>\nBarcode 8714982225710<\/p>\n","protected":false},"excerpt":{"rendered":"<p>Erdnussbutter mit Mehlw\u00fcrmern<br \/>\nArtikelnummer FB929<br \/>\nNettogewicht 0,529 kg<br \/>\nBarcode 8714982225710<\/p>\n","protected":false},"featured_media":9638,"template":"","meta":[],"product_brand":[9597,9598],"product_cat":[1315],"product_tag":[6946,6953],"class_list":{"0":"post-9637","1":"product","2":"type-product","3":"status-publish","4":"has-post-thumbnail","6":"product_brand-esschert-design","7":"product_brand-trends-and-vision","8":"product_cat-best-for-birds","9":"product_tag-erdnussbutter","10":"product_tag-vogelfutter","11":"pa_anbieter-esschert-design","12":"pa_ean-code-5378","13":"pa_messungen-79x79x100-cm","15":"first","16":"instock","17":"sale","18":"taxable","19":"shipping-taxable","20":"purchasable","21":"product-type-simple","22":"czr-hentry"},"yoast_head":"<!-- This site is optimized with the Yoast SEO Premium plugin v26.4 (Yoast SEO v27.3) - https:\/\/yoast.com\/product\/yoast-seo-premium-wordpress\/ -->\n<title>Esschert Design Erdnussbutter mit Mehlw\u00fcrmern (FB929, 8714982225710) - Trends &amp; Vision<\/title>\n<meta name=\"description\" content=\"Esschert Design Erdnussbutter mit Mehlw\u00fcrmern (FB929, 8714982225710) - ...\" \/>\n<meta name=\"robots\" content=\"index, follow, max-snippet:-1, max-image-preview:large, max-video-preview:-1\" \/>\n<link rel=\"canonical\" href=\"https:\/\/trendsandvision.nl\/de\/product\/esschert-design-erdnussbutter-mit-mehlwuermern\/\" \/>\n<meta property=\"og:locale\" content=\"de_DE\" \/>\n<meta property=\"og:type\" content=\"article\" \/>\n<meta property=\"og:title\" content=\"Esschert Design Erdnussbutter mit Mehlw\u00fcrmern\" \/>\n<meta property=\"og:description\" content=\"Esschert Design Erdnussbutter mit Mehlw\u00fcrmern (FB929, 8714982225710) - ...\" \/>\n<meta property=\"og:url\" content=\"https:\/\/trendsandvision.nl\/de\/product\/esschert-design-erdnussbutter-mit-mehlwuermern\/\" \/>\n<meta property=\"og:site_name\" content=\"Trends &amp; Vision (DE)\" \/>\n<meta property=\"article:modified_time\" content=\"2026-04-07T08:28:02+00:00\" \/>\n<meta property=\"og:image\" content=\"https:\/\/trendsandvision.nl\/de\/wp-content\/uploads\/sites\/3\/2023\/01\/FB929_01.jpg\" \/>\n\t<meta property=\"og:image:width\" content=\"800\" \/>\n\t<meta property=\"og:image:height\" content=\"800\" \/>\n\t<meta property=\"og:image:type\" content=\"image\/jpeg\" \/>\n<meta name=\"twitter:card\" content=\"summary_large_image\" \/>\n<meta name=\"twitter:label1\" content=\"Gesch\u00e4tzte Lesezeit\" \/>\n\t<meta name=\"twitter:data1\" content=\"1\u00a0Minute\" \/>\n<script type=\"application\/ld+json\" class=\"yoast-schema-graph\">{\"@context\":\"https:\\\/\\\/schema.org\",\"@graph\":[{\"@type\":\"WebPage\",\"@id\":\"https:\\\/\\\/trendsandvision.nl\\\/de\\\/product\\\/esschert-design-erdnussbutter-mit-mehlwuermern\\\/\",\"url\":\"https:\\\/\\\/trendsandvision.nl\\\/de\\\/product\\\/esschert-design-erdnussbutter-mit-mehlwuermern\\\/\",\"name\":\"Esschert Design Erdnussbutter mit Mehlw\u00fcrmern (FB929, 8714982225710) - Trends & Vision\",\"isPartOf\":{\"@id\":\"https:\\\/\\\/trendsandvision.nl\\\/de\\\/#website\"},\"primaryImageOfPage\":{\"@id\":\"https:\\\/\\\/trendsandvision.nl\\\/de\\\/product\\\/esschert-design-erdnussbutter-mit-mehlwuermern\\\/#primaryimage\"},\"image\":{\"@id\":\"https:\\\/\\\/trendsandvision.nl\\\/de\\\/product\\\/esschert-design-erdnussbutter-mit-mehlwuermern\\\/#primaryimage\"},\"thumbnailUrl\":\"https:\\\/\\\/trendsandvision.nl\\\/de\\\/wp-content\\\/uploads\\\/sites\\\/3\\\/2023\\\/01\\\/FB929_01.jpg\",\"datePublished\":\"2023-01-06T14:40:14+00:00\",\"dateModified\":\"2026-04-07T08:28:02+00:00\",\"description\":\"Esschert Design Erdnussbutter mit Mehlw\u00fcrmern (FB929, 8714982225710) - ...\",\"breadcrumb\":{\"@id\":\"https:\\\/\\\/trendsandvision.nl\\\/de\\\/product\\\/esschert-design-erdnussbutter-mit-mehlwuermern\\\/#breadcrumb\"},\"inLanguage\":\"de\",\"potentialAction\":[{\"@type\":\"ReadAction\",\"target\":[\"https:\\\/\\\/trendsandvision.nl\\\/de\\\/product\\\/esschert-design-erdnussbutter-mit-mehlwuermern\\\/\"]}]},{\"@type\":\"ImageObject\",\"inLanguage\":\"de\",\"@id\":\"https:\\\/\\\/trendsandvision.nl\\\/de\\\/product\\\/esschert-design-erdnussbutter-mit-mehlwuermern\\\/#primaryimage\",\"url\":\"https:\\\/\\\/trendsandvision.nl\\\/de\\\/wp-content\\\/uploads\\\/sites\\\/3\\\/2023\\\/01\\\/FB929_01.jpg\",\"contentUrl\":\"https:\\\/\\\/trendsandvision.nl\\\/de\\\/wp-content\\\/uploads\\\/sites\\\/3\\\/2023\\\/01\\\/FB929_01.jpg\",\"width\":800,\"height\":800,\"caption\":\"Esschert Design Erdnussbutter mit Mehlw\u00fcrmern (FB929 8714982225710) - 01\"},{\"@type\":\"BreadcrumbList\",\"@id\":\"https:\\\/\\\/trendsandvision.nl\\\/de\\\/product\\\/esschert-design-erdnussbutter-mit-mehlwuermern\\\/#breadcrumb\",\"itemListElement\":[{\"@type\":\"ListItem\",\"position\":1,\"name\":\"Home\",\"item\":\"https:\\\/\\\/trendsandvision.nl\\\/de\\\/\"},{\"@type\":\"ListItem\",\"position\":2,\"name\":\"Gesch\u00e4ft\",\"item\":\"https:\\\/\\\/trendsandvision.nl\\\/de\\\/geschaft\\\/\"},{\"@type\":\"ListItem\",\"position\":3,\"name\":\"Esschert Design Erdnussbutter mit Mehlw\u00fcrmern\"}]},{\"@type\":\"WebSite\",\"@id\":\"https:\\\/\\\/trendsandvision.nl\\\/de\\\/#website\",\"url\":\"https:\\\/\\\/trendsandvision.nl\\\/de\\\/\",\"name\":\"Trends &amp; Vision (DE)\",\"description\":\"Der Webshop f\u00fcr Esschert Design Artikel\",\"publisher\":{\"@id\":\"https:\\\/\\\/trendsandvision.nl\\\/de\\\/#organization\"},\"potentialAction\":[{\"@type\":\"SearchAction\",\"target\":{\"@type\":\"EntryPoint\",\"urlTemplate\":\"https:\\\/\\\/trendsandvision.nl\\\/de\\\/?s={search_term_string}\"},\"query-input\":{\"@type\":\"PropertyValueSpecification\",\"valueRequired\":true,\"valueName\":\"search_term_string\"}}],\"inLanguage\":\"de\"},{\"@type\":\"Organization\",\"@id\":\"https:\\\/\\\/trendsandvision.nl\\\/de\\\/#organization\",\"name\":\"Trends &amp; Vision (DE)\",\"url\":\"https:\\\/\\\/trendsandvision.nl\\\/de\\\/\",\"logo\":{\"@type\":\"ImageObject\",\"inLanguage\":\"de\",\"@id\":\"https:\\\/\\\/trendsandvision.nl\\\/de\\\/#\\\/schema\\\/logo\\\/image\\\/\",\"url\":\"https:\\\/\\\/trendsandvision.nl\\\/de\\\/wp-content\\\/uploads\\\/sites\\\/3\\\/2022\\\/04\\\/trends-and-vision-logo.jpg\",\"contentUrl\":\"https:\\\/\\\/trendsandvision.nl\\\/de\\\/wp-content\\\/uploads\\\/sites\\\/3\\\/2022\\\/04\\\/trends-and-vision-logo.jpg\",\"width\":213,\"height\":100,\"caption\":\"Trends &amp; Vision (DE)\"},\"image\":{\"@id\":\"https:\\\/\\\/trendsandvision.nl\\\/de\\\/#\\\/schema\\\/logo\\\/image\\\/\"}}]}<\/script>\n<!-- \/ Yoast SEO Premium plugin. -->","yoast_head_json":{"title":"Esschert Design Erdnussbutter mit Mehlw\u00fcrmern (FB929, 8714982225710) - Trends & Vision","description":"Esschert Design Erdnussbutter mit Mehlw\u00fcrmern (FB929, 8714982225710) - ...","robots":{"index":"index","follow":"follow","max-snippet":"max-snippet:-1","max-image-preview":"max-image-preview:large","max-video-preview":"max-video-preview:-1"},"canonical":"https:\/\/trendsandvision.nl\/de\/product\/esschert-design-erdnussbutter-mit-mehlwuermern\/","og_locale":"de_DE","og_type":"article","og_title":"Esschert Design Erdnussbutter mit Mehlw\u00fcrmern","og_description":"Esschert Design Erdnussbutter mit Mehlw\u00fcrmern (FB929, 8714982225710) - ...","og_url":"https:\/\/trendsandvision.nl\/de\/product\/esschert-design-erdnussbutter-mit-mehlwuermern\/","og_site_name":"Trends &amp; Vision (DE)","article_modified_time":"2026-04-07T08:28:02+00:00","og_image":[{"width":800,"height":800,"url":"https:\/\/trendsandvision.nl\/de\/wp-content\/uploads\/sites\/3\/2023\/01\/FB929_01.jpg","type":"image\/jpeg"}],"twitter_card":"summary_large_image","twitter_misc":{"Gesch\u00e4tzte Lesezeit":"1\u00a0Minute"},"schema":{"@context":"https:\/\/schema.org","@graph":[{"@type":"WebPage","@id":"https:\/\/trendsandvision.nl\/de\/product\/esschert-design-erdnussbutter-mit-mehlwuermern\/","url":"https:\/\/trendsandvision.nl\/de\/product\/esschert-design-erdnussbutter-mit-mehlwuermern\/","name":"Esschert Design Erdnussbutter mit Mehlw\u00fcrmern (FB929, 8714982225710) - Trends & Vision","isPartOf":{"@id":"https:\/\/trendsandvision.nl\/de\/#website"},"primaryImageOfPage":{"@id":"https:\/\/trendsandvision.nl\/de\/product\/esschert-design-erdnussbutter-mit-mehlwuermern\/#primaryimage"},"image":{"@id":"https:\/\/trendsandvision.nl\/de\/product\/esschert-design-erdnussbutter-mit-mehlwuermern\/#primaryimage"},"thumbnailUrl":"https:\/\/trendsandvision.nl\/de\/wp-content\/uploads\/sites\/3\/2023\/01\/FB929_01.jpg","datePublished":"2023-01-06T14:40:14+00:00","dateModified":"2026-04-07T08:28:02+00:00","description":"Esschert Design Erdnussbutter mit Mehlw\u00fcrmern (FB929, 8714982225710) - ...","breadcrumb":{"@id":"https:\/\/trendsandvision.nl\/de\/product\/esschert-design-erdnussbutter-mit-mehlwuermern\/#breadcrumb"},"inLanguage":"de","potentialAction":[{"@type":"ReadAction","target":["https:\/\/trendsandvision.nl\/de\/product\/esschert-design-erdnussbutter-mit-mehlwuermern\/"]}]},{"@type":"ImageObject","inLanguage":"de","@id":"https:\/\/trendsandvision.nl\/de\/product\/esschert-design-erdnussbutter-mit-mehlwuermern\/#primaryimage","url":"https:\/\/trendsandvision.nl\/de\/wp-content\/uploads\/sites\/3\/2023\/01\/FB929_01.jpg","contentUrl":"https:\/\/trendsandvision.nl\/de\/wp-content\/uploads\/sites\/3\/2023\/01\/FB929_01.jpg","width":800,"height":800,"caption":"Esschert Design Erdnussbutter mit Mehlw\u00fcrmern (FB929 8714982225710) - 01"},{"@type":"BreadcrumbList","@id":"https:\/\/trendsandvision.nl\/de\/product\/esschert-design-erdnussbutter-mit-mehlwuermern\/#breadcrumb","itemListElement":[{"@type":"ListItem","position":1,"name":"Home","item":"https:\/\/trendsandvision.nl\/de\/"},{"@type":"ListItem","position":2,"name":"Gesch\u00e4ft","item":"https:\/\/trendsandvision.nl\/de\/geschaft\/"},{"@type":"ListItem","position":3,"name":"Esschert Design Erdnussbutter mit Mehlw\u00fcrmern"}]},{"@type":"WebSite","@id":"https:\/\/trendsandvision.nl\/de\/#website","url":"https:\/\/trendsandvision.nl\/de\/","name":"Trends &amp; Vision (DE)","description":"Der Webshop f\u00fcr Esschert Design Artikel","publisher":{"@id":"https:\/\/trendsandvision.nl\/de\/#organization"},"potentialAction":[{"@type":"SearchAction","target":{"@type":"EntryPoint","urlTemplate":"https:\/\/trendsandvision.nl\/de\/?s={search_term_string}"},"query-input":{"@type":"PropertyValueSpecification","valueRequired":true,"valueName":"search_term_string"}}],"inLanguage":"de"},{"@type":"Organization","@id":"https:\/\/trendsandvision.nl\/de\/#organization","name":"Trends &amp; Vision (DE)","url":"https:\/\/trendsandvision.nl\/de\/","logo":{"@type":"ImageObject","inLanguage":"de","@id":"https:\/\/trendsandvision.nl\/de\/#\/schema\/logo\/image\/","url":"https:\/\/trendsandvision.nl\/de\/wp-content\/uploads\/sites\/3\/2022\/04\/trends-and-vision-logo.jpg","contentUrl":"https:\/\/trendsandvision.nl\/de\/wp-content\/uploads\/sites\/3\/2022\/04\/trends-and-vision-logo.jpg","width":213,"height":100,"caption":"Trends &amp; Vision (DE)"},"image":{"@id":"https:\/\/trendsandvision.nl\/de\/#\/schema\/logo\/image\/"}}]}},"_links":{"self":[{"href":"https:\/\/trendsandvision.nl\/de\/wp-json\/wp\/v2\/product\/9637","targetHints":{"allow":["GET"]}}],"collection":[{"href":"https:\/\/trendsandvision.nl\/de\/wp-json\/wp\/v2\/product"}],"about":[{"href":"https:\/\/trendsandvision.nl\/de\/wp-json\/wp\/v2\/types\/product"}],"wp:featuredmedia":[{"embeddable":true,"href":"https:\/\/trendsandvision.nl\/de\/wp-json\/wp\/v2\/media\/9638"}],"wp:attachment":[{"href":"https:\/\/trendsandvision.nl\/de\/wp-json\/wp\/v2\/media?parent=9637"}],"wp:term":[{"taxonomy":"product_brand","embeddable":true,"href":"https:\/\/trendsandvision.nl\/de\/wp-json\/wp\/v2\/product_brand?post=9637"},{"taxonomy":"product_cat","embeddable":true,"href":"https:\/\/trendsandvision.nl\/de\/wp-json\/wp\/v2\/product_cat?post=9637"},{"taxonomy":"product_tag","embeddable":true,"href":"https:\/\/trendsandvision.nl\/de\/wp-json\/wp\/v2\/product_tag?post=9637"}],"curies":[{"name":"wp","href":"https:\/\/api.w.org\/{rel}","templated":true}]}}