{"id":9634,"date":"2023-01-06T15:40:07","date_gmt":"2023-01-06T14:40:07","guid":{"rendered":"https:\/\/trendsandvision.nl\/de\/product\/esschert-design-erdnussbutter-12-stk-mixtray-1-1epd\/"},"modified":"2026-04-22T14:59:59","modified_gmt":"2026-04-22T12:59:59","slug":"esschert-design-erdnussbutter-12-stk-mixtray-1-1epd","status":"publish","type":"product","link":"https:\/\/trendsandvision.nl\/de\/product\/esschert-design-erdnussbutter-12-stk-mixtray-1-1epd\/","title":{"rendered":"Esschert Design Erdnussbutter 12 Stk Mixtray 1\/1EPD"},"content":{"rendered":"<p>Vogel-Erdnussbutter ist ein echter Leckerbissen f\u00fcr V\u00f6gel. Erdnussbutter enth\u00e4lt gute N\u00e4hrstoffe, ist kalorienreich, nahrhaft und gesund. Normale Erdnussbutter enth\u00e4lt viel zu viel Salz und das ist schlecht f\u00fcr V\u00f6gel. Diese artgerechte Erdnussbutterbutter f\u00fcr V\u00f6gel wurde speziell f\u00fcr V\u00f6gel hergestellt und enth\u00e4lt viele der wesentlichen Zutaten, die Gartenv\u00f6gel ben\u00f6tigen, ohne Zusatz von Salz. Legen Sie die Erdnussbutter in das spezielle Erdnussbutterhaus und genie\u00dfen Sie die V\u00f6gel im Garten.<br \/>\nohne Salzzusatz<br \/>\ngeeignet f\u00fcr z. B. Meisen, Blaumeisen und Kleiber<br \/>\nverpackt im Euro-Paletten-Display<br \/>\nArtikelname:Erdnussbutter 12 Stk Tray 1\/1EPD<br \/>\nArtikelnummer FB927DF<br \/>\nProduktgruppe(n) V\u00f6gel&amp;Gartentiere, Futter, Erdnussbutter<br \/>\nProduktabmessungen in cm L 80 x T 120 x H 125<br \/>\nMaterial Zutaten: Fett, Maismehl, Erdnu\u00dfmehl, Hirse, Sorghum. Analyse: Fett 49,2%, Kohlenhydrate 34,9%, Protein 8,2%, Feuchtigkeit 3,6%, Rohfaser 2,4%, Rohasche 1,75%<br \/>\nNettogewicht 690,807 kg<br \/>\nBarcode 8714982239243<\/p>\n","protected":false},"excerpt":{"rendered":"<p>Erdnussbutter 12 Stk Mixtray 1\/1EPD<br \/>\nArtikelnummer FB927DF<br \/>\nNettogewicht 690,807 kg<br \/>\nBarcode 8714982239243<\/p>\n","protected":false},"featured_media":9635,"template":"","meta":[],"product_brand":[9597,9598],"product_cat":[1315],"product_tag":[6946,6954,6953],"class_list":{"0":"post-9634","1":"product","2":"type-product","3":"status-publish","4":"has-post-thumbnail","6":"product_brand-esschert-design","7":"product_brand-trends-and-vision","8":"product_cat-best-for-birds","9":"product_tag-erdnussbutter","10":"product_tag-palette","11":"product_tag-vogelfutter","12":"pa_anbieter-esschert-design","13":"pa_ean-code-5376","14":"pa_messungen-00x00x00-cm","16":"first","17":"instock","18":"sale","19":"taxable","20":"shipping-taxable","21":"purchasable","22":"product-type-simple","23":"czr-hentry"},"yoast_head":"<!-- This site is optimized with the Yoast SEO Premium plugin v27.4 (Yoast SEO v27.4) - https:\/\/yoast.com\/product\/yoast-seo-premium-wordpress\/ -->\n<title>Esschert Design Erdnussbutter 12 Stk Mixtray 1\/1EPD (FB928DF, 8714982224256) - Trends &amp; Vision<\/title>\n<meta name=\"description\" content=\"Esschert Design Erdnussbutter 12 Stk Mixtray 1\/1EPD (FB928DF, 8714982224256) - Erdnussbutter 12 Stk Mixtray 1\/1EPD...\" \/>\n<meta name=\"robots\" content=\"index, follow, max-snippet:-1, max-image-preview:large, max-video-preview:-1\" \/>\n<link rel=\"canonical\" href=\"https:\/\/trendsandvision.nl\/de\/product\/esschert-design-erdnussbutter-12-stk-mixtray-1-1epd\/\" \/>\n<meta property=\"og:locale\" content=\"de_DE\" \/>\n<meta property=\"og:type\" content=\"article\" \/>\n<meta property=\"og:title\" content=\"Esschert Design Erdnussbutter 12 Stk Mixtray 1\/1EPD\" \/>\n<meta property=\"og:description\" content=\"Esschert Design Erdnussbutter 12 Stk Mixtray 1\/1EPD (FB928DF, 8714982224256) - Erdnussbutter 12 Stk Mixtray 1\/1EPD...\" \/>\n<meta property=\"og:url\" content=\"https:\/\/trendsandvision.nl\/de\/product\/esschert-design-erdnussbutter-12-stk-mixtray-1-1epd\/\" \/>\n<meta property=\"og:site_name\" content=\"Trends &amp; Vision (DE)\" \/>\n<meta property=\"article:modified_time\" content=\"2026-04-22T12:59:59+00:00\" \/>\n<meta property=\"og:image\" content=\"https:\/\/trendsandvision.nl\/de\/wp-content\/uploads\/sites\/3\/2023\/01\/FB928DF_01.jpg\" \/>\n\t<meta property=\"og:image:width\" content=\"800\" \/>\n\t<meta property=\"og:image:height\" content=\"800\" \/>\n\t<meta property=\"og:image:type\" content=\"image\/jpeg\" \/>\n<meta name=\"twitter:card\" content=\"summary_large_image\" \/>\n<meta name=\"twitter:label1\" content=\"Gesch\u00e4tzte Lesezeit\" \/>\n\t<meta name=\"twitter:data1\" content=\"1\u00a0Minute\" \/>\n<script type=\"application\/ld+json\" class=\"yoast-schema-graph\">{\"@context\":\"https:\\\/\\\/schema.org\",\"@graph\":[{\"@type\":\"WebPage\",\"@id\":\"https:\\\/\\\/trendsandvision.nl\\\/de\\\/product\\\/esschert-design-erdnussbutter-12-stk-mixtray-1-1epd\\\/\",\"url\":\"https:\\\/\\\/trendsandvision.nl\\\/de\\\/product\\\/esschert-design-erdnussbutter-12-stk-mixtray-1-1epd\\\/\",\"name\":\"Esschert Design Erdnussbutter 12 Stk Mixtray 1\\\/1EPD (FB928DF, 8714982224256) - Trends & Vision\",\"isPartOf\":{\"@id\":\"https:\\\/\\\/trendsandvision.nl\\\/de\\\/#website\"},\"primaryImageOfPage\":{\"@id\":\"https:\\\/\\\/trendsandvision.nl\\\/de\\\/product\\\/esschert-design-erdnussbutter-12-stk-mixtray-1-1epd\\\/#primaryimage\"},\"image\":{\"@id\":\"https:\\\/\\\/trendsandvision.nl\\\/de\\\/product\\\/esschert-design-erdnussbutter-12-stk-mixtray-1-1epd\\\/#primaryimage\"},\"thumbnailUrl\":\"https:\\\/\\\/trendsandvision.nl\\\/de\\\/wp-content\\\/uploads\\\/sites\\\/3\\\/2023\\\/01\\\/FB928DF_01.jpg\",\"datePublished\":\"2023-01-06T14:40:07+00:00\",\"dateModified\":\"2026-04-22T12:59:59+00:00\",\"description\":\"Esschert Design Erdnussbutter 12 Stk Mixtray 1\\\/1EPD (FB928DF, 8714982224256) - Erdnussbutter 12 Stk Mixtray 1\\\/1EPD...\",\"breadcrumb\":{\"@id\":\"https:\\\/\\\/trendsandvision.nl\\\/de\\\/product\\\/esschert-design-erdnussbutter-12-stk-mixtray-1-1epd\\\/#breadcrumb\"},\"inLanguage\":\"de\",\"potentialAction\":[{\"@type\":\"ReadAction\",\"target\":[\"https:\\\/\\\/trendsandvision.nl\\\/de\\\/product\\\/esschert-design-erdnussbutter-12-stk-mixtray-1-1epd\\\/\"]}]},{\"@type\":\"ImageObject\",\"inLanguage\":\"de\",\"@id\":\"https:\\\/\\\/trendsandvision.nl\\\/de\\\/product\\\/esschert-design-erdnussbutter-12-stk-mixtray-1-1epd\\\/#primaryimage\",\"url\":\"https:\\\/\\\/trendsandvision.nl\\\/de\\\/wp-content\\\/uploads\\\/sites\\\/3\\\/2023\\\/01\\\/FB928DF_01.jpg\",\"contentUrl\":\"https:\\\/\\\/trendsandvision.nl\\\/de\\\/wp-content\\\/uploads\\\/sites\\\/3\\\/2023\\\/01\\\/FB928DF_01.jpg\",\"width\":800,\"height\":800,\"caption\":\"Esschert Design Erdnussbutter 12 Stk Mixtray 1\\\/1EPD (FB928DF 8714982224256) - 01\"},{\"@type\":\"BreadcrumbList\",\"@id\":\"https:\\\/\\\/trendsandvision.nl\\\/de\\\/product\\\/esschert-design-erdnussbutter-12-stk-mixtray-1-1epd\\\/#breadcrumb\",\"itemListElement\":[{\"@type\":\"ListItem\",\"position\":1,\"name\":\"Home\",\"item\":\"https:\\\/\\\/trendsandvision.nl\\\/de\\\/\"},{\"@type\":\"ListItem\",\"position\":2,\"name\":\"Gesch\u00e4ft\",\"item\":\"https:\\\/\\\/trendsandvision.nl\\\/de\\\/geschaft\\\/\"},{\"@type\":\"ListItem\",\"position\":3,\"name\":\"Esschert Design Erdnussbutter 12 Stk Mixtray 1\\\/1EPD\"}]},{\"@type\":\"WebSite\",\"@id\":\"https:\\\/\\\/trendsandvision.nl\\\/de\\\/#website\",\"url\":\"https:\\\/\\\/trendsandvision.nl\\\/de\\\/\",\"name\":\"Trends &amp; Vision (DE)\",\"description\":\"Der Webshop f\u00fcr Esschert Design Artikel\",\"publisher\":{\"@id\":\"https:\\\/\\\/trendsandvision.nl\\\/de\\\/#organization\"},\"potentialAction\":[{\"@type\":\"SearchAction\",\"target\":{\"@type\":\"EntryPoint\",\"urlTemplate\":\"https:\\\/\\\/trendsandvision.nl\\\/de\\\/?s={search_term_string}\"},\"query-input\":{\"@type\":\"PropertyValueSpecification\",\"valueRequired\":true,\"valueName\":\"search_term_string\"}}],\"inLanguage\":\"de\"},{\"@type\":\"Organization\",\"@id\":\"https:\\\/\\\/trendsandvision.nl\\\/de\\\/#organization\",\"name\":\"Trends &amp; Vision (DE)\",\"url\":\"https:\\\/\\\/trendsandvision.nl\\\/de\\\/\",\"logo\":{\"@type\":\"ImageObject\",\"inLanguage\":\"de\",\"@id\":\"https:\\\/\\\/trendsandvision.nl\\\/de\\\/#\\\/schema\\\/logo\\\/image\\\/\",\"url\":\"https:\\\/\\\/trendsandvision.nl\\\/de\\\/wp-content\\\/uploads\\\/sites\\\/3\\\/2022\\\/04\\\/trends-and-vision-logo.jpg\",\"contentUrl\":\"https:\\\/\\\/trendsandvision.nl\\\/de\\\/wp-content\\\/uploads\\\/sites\\\/3\\\/2022\\\/04\\\/trends-and-vision-logo.jpg\",\"width\":213,\"height\":100,\"caption\":\"Trends &amp; Vision (DE)\"},\"image\":{\"@id\":\"https:\\\/\\\/trendsandvision.nl\\\/de\\\/#\\\/schema\\\/logo\\\/image\\\/\"}}]}<\/script>\n<!-- \/ Yoast SEO Premium plugin. -->","yoast_head_json":{"title":"Esschert Design Erdnussbutter 12 Stk Mixtray 1\/1EPD (FB928DF, 8714982224256) - Trends & Vision","description":"Esschert Design Erdnussbutter 12 Stk Mixtray 1\/1EPD (FB928DF, 8714982224256) - Erdnussbutter 12 Stk Mixtray 1\/1EPD...","robots":{"index":"index","follow":"follow","max-snippet":"max-snippet:-1","max-image-preview":"max-image-preview:large","max-video-preview":"max-video-preview:-1"},"canonical":"https:\/\/trendsandvision.nl\/de\/product\/esschert-design-erdnussbutter-12-stk-mixtray-1-1epd\/","og_locale":"de_DE","og_type":"article","og_title":"Esschert Design Erdnussbutter 12 Stk Mixtray 1\/1EPD","og_description":"Esschert Design Erdnussbutter 12 Stk Mixtray 1\/1EPD (FB928DF, 8714982224256) - Erdnussbutter 12 Stk Mixtray 1\/1EPD...","og_url":"https:\/\/trendsandvision.nl\/de\/product\/esschert-design-erdnussbutter-12-stk-mixtray-1-1epd\/","og_site_name":"Trends &amp; Vision (DE)","article_modified_time":"2026-04-22T12:59:59+00:00","og_image":[{"width":800,"height":800,"url":"https:\/\/trendsandvision.nl\/de\/wp-content\/uploads\/sites\/3\/2023\/01\/FB928DF_01.jpg","type":"image\/jpeg"}],"twitter_card":"summary_large_image","twitter_misc":{"Gesch\u00e4tzte Lesezeit":"1\u00a0Minute"},"schema":{"@context":"https:\/\/schema.org","@graph":[{"@type":"WebPage","@id":"https:\/\/trendsandvision.nl\/de\/product\/esschert-design-erdnussbutter-12-stk-mixtray-1-1epd\/","url":"https:\/\/trendsandvision.nl\/de\/product\/esschert-design-erdnussbutter-12-stk-mixtray-1-1epd\/","name":"Esschert Design Erdnussbutter 12 Stk Mixtray 1\/1EPD (FB928DF, 8714982224256) - Trends & Vision","isPartOf":{"@id":"https:\/\/trendsandvision.nl\/de\/#website"},"primaryImageOfPage":{"@id":"https:\/\/trendsandvision.nl\/de\/product\/esschert-design-erdnussbutter-12-stk-mixtray-1-1epd\/#primaryimage"},"image":{"@id":"https:\/\/trendsandvision.nl\/de\/product\/esschert-design-erdnussbutter-12-stk-mixtray-1-1epd\/#primaryimage"},"thumbnailUrl":"https:\/\/trendsandvision.nl\/de\/wp-content\/uploads\/sites\/3\/2023\/01\/FB928DF_01.jpg","datePublished":"2023-01-06T14:40:07+00:00","dateModified":"2026-04-22T12:59:59+00:00","description":"Esschert Design Erdnussbutter 12 Stk Mixtray 1\/1EPD (FB928DF, 8714982224256) - Erdnussbutter 12 Stk Mixtray 1\/1EPD...","breadcrumb":{"@id":"https:\/\/trendsandvision.nl\/de\/product\/esschert-design-erdnussbutter-12-stk-mixtray-1-1epd\/#breadcrumb"},"inLanguage":"de","potentialAction":[{"@type":"ReadAction","target":["https:\/\/trendsandvision.nl\/de\/product\/esschert-design-erdnussbutter-12-stk-mixtray-1-1epd\/"]}]},{"@type":"ImageObject","inLanguage":"de","@id":"https:\/\/trendsandvision.nl\/de\/product\/esschert-design-erdnussbutter-12-stk-mixtray-1-1epd\/#primaryimage","url":"https:\/\/trendsandvision.nl\/de\/wp-content\/uploads\/sites\/3\/2023\/01\/FB928DF_01.jpg","contentUrl":"https:\/\/trendsandvision.nl\/de\/wp-content\/uploads\/sites\/3\/2023\/01\/FB928DF_01.jpg","width":800,"height":800,"caption":"Esschert Design Erdnussbutter 12 Stk Mixtray 1\/1EPD (FB928DF 8714982224256) - 01"},{"@type":"BreadcrumbList","@id":"https:\/\/trendsandvision.nl\/de\/product\/esschert-design-erdnussbutter-12-stk-mixtray-1-1epd\/#breadcrumb","itemListElement":[{"@type":"ListItem","position":1,"name":"Home","item":"https:\/\/trendsandvision.nl\/de\/"},{"@type":"ListItem","position":2,"name":"Gesch\u00e4ft","item":"https:\/\/trendsandvision.nl\/de\/geschaft\/"},{"@type":"ListItem","position":3,"name":"Esschert Design Erdnussbutter 12 Stk Mixtray 1\/1EPD"}]},{"@type":"WebSite","@id":"https:\/\/trendsandvision.nl\/de\/#website","url":"https:\/\/trendsandvision.nl\/de\/","name":"Trends &amp; Vision (DE)","description":"Der Webshop f\u00fcr Esschert Design Artikel","publisher":{"@id":"https:\/\/trendsandvision.nl\/de\/#organization"},"potentialAction":[{"@type":"SearchAction","target":{"@type":"EntryPoint","urlTemplate":"https:\/\/trendsandvision.nl\/de\/?s={search_term_string}"},"query-input":{"@type":"PropertyValueSpecification","valueRequired":true,"valueName":"search_term_string"}}],"inLanguage":"de"},{"@type":"Organization","@id":"https:\/\/trendsandvision.nl\/de\/#organization","name":"Trends &amp; Vision (DE)","url":"https:\/\/trendsandvision.nl\/de\/","logo":{"@type":"ImageObject","inLanguage":"de","@id":"https:\/\/trendsandvision.nl\/de\/#\/schema\/logo\/image\/","url":"https:\/\/trendsandvision.nl\/de\/wp-content\/uploads\/sites\/3\/2022\/04\/trends-and-vision-logo.jpg","contentUrl":"https:\/\/trendsandvision.nl\/de\/wp-content\/uploads\/sites\/3\/2022\/04\/trends-and-vision-logo.jpg","width":213,"height":100,"caption":"Trends &amp; Vision (DE)"},"image":{"@id":"https:\/\/trendsandvision.nl\/de\/#\/schema\/logo\/image\/"}}]}},"_links":{"self":[{"href":"https:\/\/trendsandvision.nl\/de\/wp-json\/wp\/v2\/product\/9634","targetHints":{"allow":["GET"]}}],"collection":[{"href":"https:\/\/trendsandvision.nl\/de\/wp-json\/wp\/v2\/product"}],"about":[{"href":"https:\/\/trendsandvision.nl\/de\/wp-json\/wp\/v2\/types\/product"}],"wp:featuredmedia":[{"embeddable":true,"href":"https:\/\/trendsandvision.nl\/de\/wp-json\/wp\/v2\/media\/9635"}],"wp:attachment":[{"href":"https:\/\/trendsandvision.nl\/de\/wp-json\/wp\/v2\/media?parent=9634"}],"wp:term":[{"taxonomy":"product_brand","embeddable":true,"href":"https:\/\/trendsandvision.nl\/de\/wp-json\/wp\/v2\/product_brand?post=9634"},{"taxonomy":"product_cat","embeddable":true,"href":"https:\/\/trendsandvision.nl\/de\/wp-json\/wp\/v2\/product_cat?post=9634"},{"taxonomy":"product_tag","embeddable":true,"href":"https:\/\/trendsandvision.nl\/de\/wp-json\/wp\/v2\/product_tag?post=9634"}],"curies":[{"name":"wp","href":"https:\/\/api.w.org\/{rel}","templated":true}]}}