{"id":9631,"date":"2023-01-06T15:39:56","date_gmt":"2023-01-06T14:39:56","guid":{"rendered":"https:\/\/trendsandvision.nl\/de\/product\/esschert-design-erdnussbutter-12-stk-tray-1-1epd\/"},"modified":"2025-08-19T10:37:29","modified_gmt":"2025-08-19T08:37:29","slug":"esschert-design-erdnussbutter-12-stk-tray-1-1epd","status":"publish","type":"product","link":"https:\/\/trendsandvision.nl\/de\/product\/esschert-design-erdnussbutter-12-stk-tray-1-1epd\/","title":{"rendered":"Esschert Design Erdnussbutter 12 Stk Tray 1\/1EPD"},"content":{"rendered":"<p>Vogel-Erdnussbutter ist ein echter Leckerbissen f\u00fcr V\u00f6gel.<br \/>\nErdnussbutter enth\u00e4lt gute N\u00e4hrstoffe, ist kalorienreich, nahrhaft und gesund. Normale Erdnussbutter enth\u00e4lt viel zu viel Salz und das ist schlecht f\u00fcr V\u00f6gel.<br \/>\nDiese artgerechte Erdnussbutterbutter f\u00fcr V\u00f6gel wurde speziell f\u00fcr V\u00f6gel hergestellt und enth\u00e4lt viele der wesentlichen Zutaten, die Gartenv\u00f6gel ben\u00f6tigen, ohne Zusatz von Salz. Legen Sie die Erdnussbutter in das spezielle Erdnussbutterhaus und genie\u00dfen Sie die V\u00f6gel im Garten.<br \/>\nOhne Salzzusatz geeignet f\u00fcr z. B. Meisen, Blaumeisen und Kleiber.<br \/>\nVerpackt im Euro-Paletten-Display.<\/p>\n<p>Artikelname: Erdnussbutter 12 Stk Tray 1\/1EPD<br \/>\nArtikelnummer FB927DF<br \/>\nProduktgruppe(n) V\u00f6gel&amp;Gartentiere, Futter, Erdnussbutter<br \/>\nProduktabmessungen in cm L 80 x T 120 x H 125<br \/>\nMaterial Zutaten: Fett, Maismehl, Erdnu\u00dfmehl, Hirse, Sorghum. Analyse: Fett 49,2%, Kohlenhydrate 34,9%, Protein 8,2%, Feuchtigkeit 3,6%, Rohfaser 2,4%, Rohasche 1,75%<br \/>\nNettogewicht 690,807 kg<br \/>\nBarcode 8714982239243<\/p>\n","protected":false},"excerpt":{"rendered":"<p>Erdnussbutter 12 Stk Tray 1\/1EPD<br \/>\nArtikelnummer FB927DF<br \/>\nNettogewicht 690,807 kg<br \/>\nBarcode 8714982239243<\/p>\n","protected":false},"featured_media":9632,"template":"","meta":[],"product_brand":[9597,9598],"product_cat":[1315],"product_tag":[6946,6954,6953],"class_list":{"0":"post-9631","1":"product","2":"type-product","3":"status-publish","4":"has-post-thumbnail","6":"product_brand-esschert-design","7":"product_brand-trends-and-vision","8":"product_cat-best-for-birds","9":"product_tag-erdnussbutter","10":"product_tag-palette","11":"product_tag-vogelfutter","12":"pa_anbieter-esschert-design","13":"pa_ean-code-5375","14":"pa_material-zutaten-fett-maismehl-erdnussmehl-hirse-sorghum-analyse-fett-492-kohlenhydrate-349-protein-82-feuchtigkeit-36-rohfaser-24-rohasche-175","15":"pa_messungen-00x00x00-cm","17":"first","18":"instock","19":"sale","20":"taxable","21":"shipping-taxable","22":"purchasable","23":"product-type-simple","24":"czr-hentry"},"yoast_head":"<!-- This site is optimized with the Yoast SEO Premium plugin v26.4 (Yoast SEO v27.3) - https:\/\/yoast.com\/product\/yoast-seo-premium-wordpress\/ -->\n<title>Esschert Design Erdnussbutter 12 Stk Tray 1\/1EPD (FB927DF, 8714982239243) - Trends &amp; Vision<\/title>\n<meta name=\"description\" content=\"Esschert Design Erdnussbutter 12 Stk Tray 1\/1EPD (FB927DF, 8714982239243) - Erdnussbutter 12 Stk Tray 1\/1EPD...\" \/>\n<meta name=\"robots\" content=\"index, follow, max-snippet:-1, max-image-preview:large, max-video-preview:-1\" \/>\n<link rel=\"canonical\" href=\"https:\/\/trendsandvision.nl\/de\/product\/esschert-design-erdnussbutter-12-stk-tray-1-1epd\/\" \/>\n<meta property=\"og:locale\" content=\"de_DE\" \/>\n<meta property=\"og:type\" content=\"article\" \/>\n<meta property=\"og:title\" content=\"Esschert Design Erdnussbutter 12 Stk Tray 1\/1EPD\" \/>\n<meta property=\"og:description\" content=\"Esschert Design Erdnussbutter 12 Stk Tray 1\/1EPD (FB927DF, 8714982239243) - Erdnussbutter 12 Stk Tray 1\/1EPD...\" \/>\n<meta property=\"og:url\" content=\"https:\/\/trendsandvision.nl\/de\/product\/esschert-design-erdnussbutter-12-stk-tray-1-1epd\/\" \/>\n<meta property=\"og:site_name\" content=\"Trends &amp; Vision (DE)\" \/>\n<meta property=\"article:modified_time\" content=\"2025-08-19T08:37:29+00:00\" \/>\n<meta property=\"og:image\" content=\"https:\/\/trendsandvision.nl\/de\/wp-content\/uploads\/sites\/3\/2023\/01\/FB927DF_01.jpg\" \/>\n\t<meta property=\"og:image:width\" content=\"800\" \/>\n\t<meta property=\"og:image:height\" content=\"800\" \/>\n\t<meta property=\"og:image:type\" content=\"image\/jpeg\" \/>\n<meta name=\"twitter:card\" content=\"summary_large_image\" \/>\n<meta name=\"twitter:label1\" content=\"Gesch\u00e4tzte Lesezeit\" \/>\n\t<meta name=\"twitter:data1\" content=\"1\u00a0Minute\" \/>\n<script type=\"application\/ld+json\" class=\"yoast-schema-graph\">{\"@context\":\"https:\\\/\\\/schema.org\",\"@graph\":[{\"@type\":\"WebPage\",\"@id\":\"https:\\\/\\\/trendsandvision.nl\\\/de\\\/product\\\/esschert-design-erdnussbutter-12-stk-tray-1-1epd\\\/\",\"url\":\"https:\\\/\\\/trendsandvision.nl\\\/de\\\/product\\\/esschert-design-erdnussbutter-12-stk-tray-1-1epd\\\/\",\"name\":\"Esschert Design Erdnussbutter 12 Stk Tray 1\\\/1EPD (FB927DF, 8714982239243) - Trends & Vision\",\"isPartOf\":{\"@id\":\"https:\\\/\\\/trendsandvision.nl\\\/de\\\/#website\"},\"primaryImageOfPage\":{\"@id\":\"https:\\\/\\\/trendsandvision.nl\\\/de\\\/product\\\/esschert-design-erdnussbutter-12-stk-tray-1-1epd\\\/#primaryimage\"},\"image\":{\"@id\":\"https:\\\/\\\/trendsandvision.nl\\\/de\\\/product\\\/esschert-design-erdnussbutter-12-stk-tray-1-1epd\\\/#primaryimage\"},\"thumbnailUrl\":\"https:\\\/\\\/trendsandvision.nl\\\/de\\\/wp-content\\\/uploads\\\/sites\\\/3\\\/2023\\\/01\\\/FB927DF_01.jpg\",\"datePublished\":\"2023-01-06T14:39:56+00:00\",\"dateModified\":\"2025-08-19T08:37:29+00:00\",\"description\":\"Esschert Design Erdnussbutter 12 Stk Tray 1\\\/1EPD (FB927DF, 8714982239243) - Erdnussbutter 12 Stk Tray 1\\\/1EPD...\",\"breadcrumb\":{\"@id\":\"https:\\\/\\\/trendsandvision.nl\\\/de\\\/product\\\/esschert-design-erdnussbutter-12-stk-tray-1-1epd\\\/#breadcrumb\"},\"inLanguage\":\"de\",\"potentialAction\":[{\"@type\":\"ReadAction\",\"target\":[\"https:\\\/\\\/trendsandvision.nl\\\/de\\\/product\\\/esschert-design-erdnussbutter-12-stk-tray-1-1epd\\\/\"]}]},{\"@type\":\"ImageObject\",\"inLanguage\":\"de\",\"@id\":\"https:\\\/\\\/trendsandvision.nl\\\/de\\\/product\\\/esschert-design-erdnussbutter-12-stk-tray-1-1epd\\\/#primaryimage\",\"url\":\"https:\\\/\\\/trendsandvision.nl\\\/de\\\/wp-content\\\/uploads\\\/sites\\\/3\\\/2023\\\/01\\\/FB927DF_01.jpg\",\"contentUrl\":\"https:\\\/\\\/trendsandvision.nl\\\/de\\\/wp-content\\\/uploads\\\/sites\\\/3\\\/2023\\\/01\\\/FB927DF_01.jpg\",\"width\":800,\"height\":800,\"caption\":\"Esschert Design Erdnussbutter 12 Stk Tray 1\\\/1EPD (FB927DF 8714982239243) - 01\"},{\"@type\":\"BreadcrumbList\",\"@id\":\"https:\\\/\\\/trendsandvision.nl\\\/de\\\/product\\\/esschert-design-erdnussbutter-12-stk-tray-1-1epd\\\/#breadcrumb\",\"itemListElement\":[{\"@type\":\"ListItem\",\"position\":1,\"name\":\"Home\",\"item\":\"https:\\\/\\\/trendsandvision.nl\\\/de\\\/\"},{\"@type\":\"ListItem\",\"position\":2,\"name\":\"Gesch\u00e4ft\",\"item\":\"https:\\\/\\\/trendsandvision.nl\\\/de\\\/geschaft\\\/\"},{\"@type\":\"ListItem\",\"position\":3,\"name\":\"Esschert Design Erdnussbutter 12 Stk Tray 1\\\/1EPD\"}]},{\"@type\":\"WebSite\",\"@id\":\"https:\\\/\\\/trendsandvision.nl\\\/de\\\/#website\",\"url\":\"https:\\\/\\\/trendsandvision.nl\\\/de\\\/\",\"name\":\"Trends &amp; Vision (DE)\",\"description\":\"Der Webshop f\u00fcr Esschert Design Artikel\",\"publisher\":{\"@id\":\"https:\\\/\\\/trendsandvision.nl\\\/de\\\/#organization\"},\"potentialAction\":[{\"@type\":\"SearchAction\",\"target\":{\"@type\":\"EntryPoint\",\"urlTemplate\":\"https:\\\/\\\/trendsandvision.nl\\\/de\\\/?s={search_term_string}\"},\"query-input\":{\"@type\":\"PropertyValueSpecification\",\"valueRequired\":true,\"valueName\":\"search_term_string\"}}],\"inLanguage\":\"de\"},{\"@type\":\"Organization\",\"@id\":\"https:\\\/\\\/trendsandvision.nl\\\/de\\\/#organization\",\"name\":\"Trends &amp; Vision (DE)\",\"url\":\"https:\\\/\\\/trendsandvision.nl\\\/de\\\/\",\"logo\":{\"@type\":\"ImageObject\",\"inLanguage\":\"de\",\"@id\":\"https:\\\/\\\/trendsandvision.nl\\\/de\\\/#\\\/schema\\\/logo\\\/image\\\/\",\"url\":\"https:\\\/\\\/trendsandvision.nl\\\/de\\\/wp-content\\\/uploads\\\/sites\\\/3\\\/2022\\\/04\\\/trends-and-vision-logo.jpg\",\"contentUrl\":\"https:\\\/\\\/trendsandvision.nl\\\/de\\\/wp-content\\\/uploads\\\/sites\\\/3\\\/2022\\\/04\\\/trends-and-vision-logo.jpg\",\"width\":213,\"height\":100,\"caption\":\"Trends &amp; Vision (DE)\"},\"image\":{\"@id\":\"https:\\\/\\\/trendsandvision.nl\\\/de\\\/#\\\/schema\\\/logo\\\/image\\\/\"}}]}<\/script>\n<!-- \/ Yoast SEO Premium plugin. -->","yoast_head_json":{"title":"Esschert Design Erdnussbutter 12 Stk Tray 1\/1EPD (FB927DF, 8714982239243) - Trends & Vision","description":"Esschert Design Erdnussbutter 12 Stk Tray 1\/1EPD (FB927DF, 8714982239243) - Erdnussbutter 12 Stk Tray 1\/1EPD...","robots":{"index":"index","follow":"follow","max-snippet":"max-snippet:-1","max-image-preview":"max-image-preview:large","max-video-preview":"max-video-preview:-1"},"canonical":"https:\/\/trendsandvision.nl\/de\/product\/esschert-design-erdnussbutter-12-stk-tray-1-1epd\/","og_locale":"de_DE","og_type":"article","og_title":"Esschert Design Erdnussbutter 12 Stk Tray 1\/1EPD","og_description":"Esschert Design Erdnussbutter 12 Stk Tray 1\/1EPD (FB927DF, 8714982239243) - Erdnussbutter 12 Stk Tray 1\/1EPD...","og_url":"https:\/\/trendsandvision.nl\/de\/product\/esschert-design-erdnussbutter-12-stk-tray-1-1epd\/","og_site_name":"Trends &amp; Vision (DE)","article_modified_time":"2025-08-19T08:37:29+00:00","og_image":[{"width":800,"height":800,"url":"https:\/\/trendsandvision.nl\/de\/wp-content\/uploads\/sites\/3\/2023\/01\/FB927DF_01.jpg","type":"image\/jpeg"}],"twitter_card":"summary_large_image","twitter_misc":{"Gesch\u00e4tzte Lesezeit":"1\u00a0Minute"},"schema":{"@context":"https:\/\/schema.org","@graph":[{"@type":"WebPage","@id":"https:\/\/trendsandvision.nl\/de\/product\/esschert-design-erdnussbutter-12-stk-tray-1-1epd\/","url":"https:\/\/trendsandvision.nl\/de\/product\/esschert-design-erdnussbutter-12-stk-tray-1-1epd\/","name":"Esschert Design Erdnussbutter 12 Stk Tray 1\/1EPD (FB927DF, 8714982239243) - Trends & Vision","isPartOf":{"@id":"https:\/\/trendsandvision.nl\/de\/#website"},"primaryImageOfPage":{"@id":"https:\/\/trendsandvision.nl\/de\/product\/esschert-design-erdnussbutter-12-stk-tray-1-1epd\/#primaryimage"},"image":{"@id":"https:\/\/trendsandvision.nl\/de\/product\/esschert-design-erdnussbutter-12-stk-tray-1-1epd\/#primaryimage"},"thumbnailUrl":"https:\/\/trendsandvision.nl\/de\/wp-content\/uploads\/sites\/3\/2023\/01\/FB927DF_01.jpg","datePublished":"2023-01-06T14:39:56+00:00","dateModified":"2025-08-19T08:37:29+00:00","description":"Esschert Design Erdnussbutter 12 Stk Tray 1\/1EPD (FB927DF, 8714982239243) - Erdnussbutter 12 Stk Tray 1\/1EPD...","breadcrumb":{"@id":"https:\/\/trendsandvision.nl\/de\/product\/esschert-design-erdnussbutter-12-stk-tray-1-1epd\/#breadcrumb"},"inLanguage":"de","potentialAction":[{"@type":"ReadAction","target":["https:\/\/trendsandvision.nl\/de\/product\/esschert-design-erdnussbutter-12-stk-tray-1-1epd\/"]}]},{"@type":"ImageObject","inLanguage":"de","@id":"https:\/\/trendsandvision.nl\/de\/product\/esschert-design-erdnussbutter-12-stk-tray-1-1epd\/#primaryimage","url":"https:\/\/trendsandvision.nl\/de\/wp-content\/uploads\/sites\/3\/2023\/01\/FB927DF_01.jpg","contentUrl":"https:\/\/trendsandvision.nl\/de\/wp-content\/uploads\/sites\/3\/2023\/01\/FB927DF_01.jpg","width":800,"height":800,"caption":"Esschert Design Erdnussbutter 12 Stk Tray 1\/1EPD (FB927DF 8714982239243) - 01"},{"@type":"BreadcrumbList","@id":"https:\/\/trendsandvision.nl\/de\/product\/esschert-design-erdnussbutter-12-stk-tray-1-1epd\/#breadcrumb","itemListElement":[{"@type":"ListItem","position":1,"name":"Home","item":"https:\/\/trendsandvision.nl\/de\/"},{"@type":"ListItem","position":2,"name":"Gesch\u00e4ft","item":"https:\/\/trendsandvision.nl\/de\/geschaft\/"},{"@type":"ListItem","position":3,"name":"Esschert Design Erdnussbutter 12 Stk Tray 1\/1EPD"}]},{"@type":"WebSite","@id":"https:\/\/trendsandvision.nl\/de\/#website","url":"https:\/\/trendsandvision.nl\/de\/","name":"Trends &amp; Vision (DE)","description":"Der Webshop f\u00fcr Esschert Design Artikel","publisher":{"@id":"https:\/\/trendsandvision.nl\/de\/#organization"},"potentialAction":[{"@type":"SearchAction","target":{"@type":"EntryPoint","urlTemplate":"https:\/\/trendsandvision.nl\/de\/?s={search_term_string}"},"query-input":{"@type":"PropertyValueSpecification","valueRequired":true,"valueName":"search_term_string"}}],"inLanguage":"de"},{"@type":"Organization","@id":"https:\/\/trendsandvision.nl\/de\/#organization","name":"Trends &amp; Vision (DE)","url":"https:\/\/trendsandvision.nl\/de\/","logo":{"@type":"ImageObject","inLanguage":"de","@id":"https:\/\/trendsandvision.nl\/de\/#\/schema\/logo\/image\/","url":"https:\/\/trendsandvision.nl\/de\/wp-content\/uploads\/sites\/3\/2022\/04\/trends-and-vision-logo.jpg","contentUrl":"https:\/\/trendsandvision.nl\/de\/wp-content\/uploads\/sites\/3\/2022\/04\/trends-and-vision-logo.jpg","width":213,"height":100,"caption":"Trends &amp; Vision (DE)"},"image":{"@id":"https:\/\/trendsandvision.nl\/de\/#\/schema\/logo\/image\/"}}]}},"_links":{"self":[{"href":"https:\/\/trendsandvision.nl\/de\/wp-json\/wp\/v2\/product\/9631","targetHints":{"allow":["GET"]}}],"collection":[{"href":"https:\/\/trendsandvision.nl\/de\/wp-json\/wp\/v2\/product"}],"about":[{"href":"https:\/\/trendsandvision.nl\/de\/wp-json\/wp\/v2\/types\/product"}],"wp:featuredmedia":[{"embeddable":true,"href":"https:\/\/trendsandvision.nl\/de\/wp-json\/wp\/v2\/media\/9632"}],"wp:attachment":[{"href":"https:\/\/trendsandvision.nl\/de\/wp-json\/wp\/v2\/media?parent=9631"}],"wp:term":[{"taxonomy":"product_brand","embeddable":true,"href":"https:\/\/trendsandvision.nl\/de\/wp-json\/wp\/v2\/product_brand?post=9631"},{"taxonomy":"product_cat","embeddable":true,"href":"https:\/\/trendsandvision.nl\/de\/wp-json\/wp\/v2\/product_cat?post=9631"},{"taxonomy":"product_tag","embeddable":true,"href":"https:\/\/trendsandvision.nl\/de\/wp-json\/wp\/v2\/product_tag?post=9631"}],"curies":[{"name":"wp","href":"https:\/\/api.w.org\/{rel}","templated":true}]}}