{"id":963,"date":"2022-04-22T16:53:41","date_gmt":"2022-04-22T14:53:41","guid":{"rendered":"https:\/\/trendsandvision.nl\/de\/product\/esschert-design-diy-set-terrariumflasche-5-liter\/"},"modified":"2026-04-22T14:50:52","modified_gmt":"2026-04-22T12:50:52","slug":"esschert-design-diy-set-terrariumflasche-5-liter","status":"publish","type":"product","link":"https:\/\/trendsandvision.nl\/de\/product\/esschert-design-diy-set-terrariumflasche-5-liter\/","title":{"rendered":"Esschert Design DIY Set Terrariumflasche 5 Liter"},"content":{"rendered":"<p>Mit diesem DIY Set gestalten Sie Ihr eigenes Pflanzenterrarium. Pflanzen k\u00f6nnen in einer geschlossenen Flasche mit recycelter Luft, Wasser und N\u00e4hrstoffen \u00fcberleben, da diese ein geschlossenes \u00d6kosystem darstellt. Dieses Set ist gut verpackt in einer Geschenkverpackung und daher leicht zu versenden.<\/p>\n<p>Artikelname DIY Set Terrariumflasche 5 Liter<br \/>\nArtikelnummer AGG62<br \/>\nProduktgruppe(n) Indoor, Pflanzen Terrarium, Geschlossen<br \/>\nProduktabmessungen in cm L 29,5 x T 29,5 x H 43,7<br \/>\nVolumen in Litern 5<br \/>\nMaterial Recyceltes Glas, Steine, Erde, PE, Edelstahl, Kork, Kohlenstoff<br \/>\nNettogewicht 2,2 kg<br \/>\nBarcode 8714982157387<\/p>\n","protected":false},"excerpt":{"rendered":"<p>&#8211; L 29,5 x T 29,5 x H 43,7 cm<br \/>\n&#8211; Volumen in Litern 5<br \/>\n&#8211; Material Recyceltes Glas, Steine, Erde, PE, Edelstahl, Kork, Kohlenstoff<br \/>\n&#8211; Nettogewicht 2,2 kg<br \/>\n&#8211; Barcode 8714982157387<\/p>\n","protected":false},"featured_media":964,"template":"","meta":[],"product_brand":[9597,9598],"product_cat":[503],"product_tag":[7477,7931,6729,7930],"class_list":{"0":"post-963","1":"product","2":"type-product","3":"status-publish","4":"has-post-thumbnail","6":"product_brand-esschert-design","7":"product_brand-trends-and-vision","8":"product_cat-esscherts-garden","9":"product_tag-glas","10":"product_tag-mehrere-groesse","11":"product_tag-set","12":"product_tag-terraria","13":"pa_anbieter-esschert-design","14":"pa_ean-code-534","15":"pa_material-recyceltes-glas-steine-erde-pe-edelstahl-kork-kohlenstoff","16":"pa_messungen-295x295x437","18":"first","19":"instock","20":"sale","21":"taxable","22":"shipping-taxable","23":"purchasable","24":"product-type-simple","25":"czr-hentry"},"yoast_head":"<!-- This site is optimized with the Yoast SEO Premium plugin v27.4 (Yoast SEO v27.5) - https:\/\/yoast.com\/product\/yoast-seo-premium-wordpress\/ -->\n<title>Esschert Design DIY Set Terrariumflasche 5 Liter (AGG62, 8714982157387) - Trends &amp; Vision<\/title>\n<meta name=\"description\" content=\"Esschert Design DIY Set Terrariumflasche 5 Liter: Mit diesem DIY Set gestal\ufffd\" \/>\n<meta name=\"robots\" content=\"index, follow, max-snippet:-1, max-image-preview:large, max-video-preview:-1\" \/>\n<link rel=\"canonical\" href=\"https:\/\/trendsandvision.nl\/de\/product\/esschert-design-diy-set-terrariumflasche-5-liter\/\" \/>\n<meta property=\"og:locale\" content=\"de_DE\" \/>\n<meta property=\"og:type\" content=\"article\" \/>\n<meta property=\"og:title\" content=\"Esschert Design DIY Set Terrariumflasche 5 Liter\" \/>\n<meta property=\"og:description\" content=\"Esschert Design DIY Set Terrariumflasche 5 Liter: Mit diesem DIY Set gestal\ufffd\" \/>\n<meta property=\"og:url\" content=\"https:\/\/trendsandvision.nl\/de\/product\/esschert-design-diy-set-terrariumflasche-5-liter\/\" \/>\n<meta property=\"og:site_name\" content=\"Trends &amp; Vision (DE)\" \/>\n<meta property=\"article:modified_time\" content=\"2026-04-22T12:50:52+00:00\" \/>\n<meta property=\"og:image\" content=\"https:\/\/trendsandvision.nl\/de\/wp-content\/uploads\/sites\/3\/2022\/04\/AGG62_01.jpg\" \/>\n\t<meta property=\"og:image:width\" content=\"800\" \/>\n\t<meta property=\"og:image:height\" content=\"800\" \/>\n\t<meta property=\"og:image:type\" content=\"image\/jpeg\" \/>\n<meta name=\"twitter:card\" content=\"summary_large_image\" \/>\n<meta name=\"twitter:label1\" content=\"Gesch\u00e4tzte Lesezeit\" \/>\n\t<meta name=\"twitter:data1\" content=\"1\u00a0Minute\" \/>\n<script type=\"application\/ld+json\" class=\"yoast-schema-graph\">{\"@context\":\"https:\\\/\\\/schema.org\",\"@graph\":[{\"@type\":\"WebPage\",\"@id\":\"https:\\\/\\\/trendsandvision.nl\\\/de\\\/product\\\/esschert-design-diy-set-terrariumflasche-5-liter\\\/\",\"url\":\"https:\\\/\\\/trendsandvision.nl\\\/de\\\/product\\\/esschert-design-diy-set-terrariumflasche-5-liter\\\/\",\"name\":\"Esschert Design DIY Set Terrariumflasche 5 Liter (AGG62, 8714982157387) - Trends & Vision\",\"isPartOf\":{\"@id\":\"https:\\\/\\\/trendsandvision.nl\\\/de\\\/#website\"},\"primaryImageOfPage\":{\"@id\":\"https:\\\/\\\/trendsandvision.nl\\\/de\\\/product\\\/esschert-design-diy-set-terrariumflasche-5-liter\\\/#primaryimage\"},\"image\":{\"@id\":\"https:\\\/\\\/trendsandvision.nl\\\/de\\\/product\\\/esschert-design-diy-set-terrariumflasche-5-liter\\\/#primaryimage\"},\"thumbnailUrl\":\"https:\\\/\\\/trendsandvision.nl\\\/de\\\/wp-content\\\/uploads\\\/sites\\\/3\\\/2022\\\/04\\\/AGG62_01.jpg\",\"datePublished\":\"2022-04-22T14:53:41+00:00\",\"dateModified\":\"2026-04-22T12:50:52+00:00\",\"description\":\"Esschert Design DIY Set Terrariumflasche 5 Liter: Mit diesem DIY Set gestal\ufffd\",\"breadcrumb\":{\"@id\":\"https:\\\/\\\/trendsandvision.nl\\\/de\\\/product\\\/esschert-design-diy-set-terrariumflasche-5-liter\\\/#breadcrumb\"},\"inLanguage\":\"de\",\"potentialAction\":[{\"@type\":\"ReadAction\",\"target\":[\"https:\\\/\\\/trendsandvision.nl\\\/de\\\/product\\\/esschert-design-diy-set-terrariumflasche-5-liter\\\/\"]}]},{\"@type\":\"ImageObject\",\"inLanguage\":\"de\",\"@id\":\"https:\\\/\\\/trendsandvision.nl\\\/de\\\/product\\\/esschert-design-diy-set-terrariumflasche-5-liter\\\/#primaryimage\",\"url\":\"https:\\\/\\\/trendsandvision.nl\\\/de\\\/wp-content\\\/uploads\\\/sites\\\/3\\\/2022\\\/04\\\/AGG62_01.jpg\",\"contentUrl\":\"https:\\\/\\\/trendsandvision.nl\\\/de\\\/wp-content\\\/uploads\\\/sites\\\/3\\\/2022\\\/04\\\/AGG62_01.jpg\",\"width\":800,\"height\":800,\"caption\":\"Esschert Design DIY Set Terrariumflasche 5 Liter (AGG62\"},{\"@type\":\"BreadcrumbList\",\"@id\":\"https:\\\/\\\/trendsandvision.nl\\\/de\\\/product\\\/esschert-design-diy-set-terrariumflasche-5-liter\\\/#breadcrumb\",\"itemListElement\":[{\"@type\":\"ListItem\",\"position\":1,\"name\":\"Home\",\"item\":\"https:\\\/\\\/trendsandvision.nl\\\/de\\\/\"},{\"@type\":\"ListItem\",\"position\":2,\"name\":\"Gesch\u00e4ft\",\"item\":\"https:\\\/\\\/trendsandvision.nl\\\/de\\\/geschaft\\\/\"},{\"@type\":\"ListItem\",\"position\":3,\"name\":\"Esschert Design DIY Set Terrariumflasche 5 Liter\"}]},{\"@type\":\"WebSite\",\"@id\":\"https:\\\/\\\/trendsandvision.nl\\\/de\\\/#website\",\"url\":\"https:\\\/\\\/trendsandvision.nl\\\/de\\\/\",\"name\":\"Trends &amp; Vision (DE)\",\"description\":\"Der Webshop f\u00fcr Esschert Design Artikel\",\"publisher\":{\"@id\":\"https:\\\/\\\/trendsandvision.nl\\\/de\\\/#organization\"},\"potentialAction\":[{\"@type\":\"SearchAction\",\"target\":{\"@type\":\"EntryPoint\",\"urlTemplate\":\"https:\\\/\\\/trendsandvision.nl\\\/de\\\/?s={search_term_string}\"},\"query-input\":{\"@type\":\"PropertyValueSpecification\",\"valueRequired\":true,\"valueName\":\"search_term_string\"}}],\"inLanguage\":\"de\"},{\"@type\":\"Organization\",\"@id\":\"https:\\\/\\\/trendsandvision.nl\\\/de\\\/#organization\",\"name\":\"Trends &amp; Vision (DE)\",\"url\":\"https:\\\/\\\/trendsandvision.nl\\\/de\\\/\",\"logo\":{\"@type\":\"ImageObject\",\"inLanguage\":\"de\",\"@id\":\"https:\\\/\\\/trendsandvision.nl\\\/de\\\/#\\\/schema\\\/logo\\\/image\\\/\",\"url\":\"https:\\\/\\\/trendsandvision.nl\\\/de\\\/wp-content\\\/uploads\\\/sites\\\/3\\\/2022\\\/04\\\/trends-and-vision-logo.jpg\",\"contentUrl\":\"https:\\\/\\\/trendsandvision.nl\\\/de\\\/wp-content\\\/uploads\\\/sites\\\/3\\\/2022\\\/04\\\/trends-and-vision-logo.jpg\",\"width\":213,\"height\":100,\"caption\":\"Trends &amp; Vision (DE)\"},\"image\":{\"@id\":\"https:\\\/\\\/trendsandvision.nl\\\/de\\\/#\\\/schema\\\/logo\\\/image\\\/\"}}]}<\/script>\n<!-- \/ Yoast SEO Premium plugin. -->","yoast_head_json":{"title":"Esschert Design DIY Set Terrariumflasche 5 Liter (AGG62, 8714982157387) - Trends & Vision","description":"Esschert Design DIY Set Terrariumflasche 5 Liter: Mit diesem DIY Set gestal\ufffd","robots":{"index":"index","follow":"follow","max-snippet":"max-snippet:-1","max-image-preview":"max-image-preview:large","max-video-preview":"max-video-preview:-1"},"canonical":"https:\/\/trendsandvision.nl\/de\/product\/esschert-design-diy-set-terrariumflasche-5-liter\/","og_locale":"de_DE","og_type":"article","og_title":"Esschert Design DIY Set Terrariumflasche 5 Liter","og_description":"Esschert Design DIY Set Terrariumflasche 5 Liter: Mit diesem DIY Set gestal\ufffd","og_url":"https:\/\/trendsandvision.nl\/de\/product\/esschert-design-diy-set-terrariumflasche-5-liter\/","og_site_name":"Trends &amp; Vision (DE)","article_modified_time":"2026-04-22T12:50:52+00:00","og_image":[{"width":800,"height":800,"url":"https:\/\/trendsandvision.nl\/de\/wp-content\/uploads\/sites\/3\/2022\/04\/AGG62_01.jpg","type":"image\/jpeg"}],"twitter_card":"summary_large_image","twitter_misc":{"Gesch\u00e4tzte Lesezeit":"1\u00a0Minute"},"schema":{"@context":"https:\/\/schema.org","@graph":[{"@type":"WebPage","@id":"https:\/\/trendsandvision.nl\/de\/product\/esschert-design-diy-set-terrariumflasche-5-liter\/","url":"https:\/\/trendsandvision.nl\/de\/product\/esschert-design-diy-set-terrariumflasche-5-liter\/","name":"Esschert Design DIY Set Terrariumflasche 5 Liter (AGG62, 8714982157387) - Trends & Vision","isPartOf":{"@id":"https:\/\/trendsandvision.nl\/de\/#website"},"primaryImageOfPage":{"@id":"https:\/\/trendsandvision.nl\/de\/product\/esschert-design-diy-set-terrariumflasche-5-liter\/#primaryimage"},"image":{"@id":"https:\/\/trendsandvision.nl\/de\/product\/esschert-design-diy-set-terrariumflasche-5-liter\/#primaryimage"},"thumbnailUrl":"https:\/\/trendsandvision.nl\/de\/wp-content\/uploads\/sites\/3\/2022\/04\/AGG62_01.jpg","datePublished":"2022-04-22T14:53:41+00:00","dateModified":"2026-04-22T12:50:52+00:00","description":"Esschert Design DIY Set Terrariumflasche 5 Liter: Mit diesem DIY Set gestal\ufffd","breadcrumb":{"@id":"https:\/\/trendsandvision.nl\/de\/product\/esschert-design-diy-set-terrariumflasche-5-liter\/#breadcrumb"},"inLanguage":"de","potentialAction":[{"@type":"ReadAction","target":["https:\/\/trendsandvision.nl\/de\/product\/esschert-design-diy-set-terrariumflasche-5-liter\/"]}]},{"@type":"ImageObject","inLanguage":"de","@id":"https:\/\/trendsandvision.nl\/de\/product\/esschert-design-diy-set-terrariumflasche-5-liter\/#primaryimage","url":"https:\/\/trendsandvision.nl\/de\/wp-content\/uploads\/sites\/3\/2022\/04\/AGG62_01.jpg","contentUrl":"https:\/\/trendsandvision.nl\/de\/wp-content\/uploads\/sites\/3\/2022\/04\/AGG62_01.jpg","width":800,"height":800,"caption":"Esschert Design DIY Set Terrariumflasche 5 Liter (AGG62"},{"@type":"BreadcrumbList","@id":"https:\/\/trendsandvision.nl\/de\/product\/esschert-design-diy-set-terrariumflasche-5-liter\/#breadcrumb","itemListElement":[{"@type":"ListItem","position":1,"name":"Home","item":"https:\/\/trendsandvision.nl\/de\/"},{"@type":"ListItem","position":2,"name":"Gesch\u00e4ft","item":"https:\/\/trendsandvision.nl\/de\/geschaft\/"},{"@type":"ListItem","position":3,"name":"Esschert Design DIY Set Terrariumflasche 5 Liter"}]},{"@type":"WebSite","@id":"https:\/\/trendsandvision.nl\/de\/#website","url":"https:\/\/trendsandvision.nl\/de\/","name":"Trends &amp; Vision (DE)","description":"Der Webshop f\u00fcr Esschert Design Artikel","publisher":{"@id":"https:\/\/trendsandvision.nl\/de\/#organization"},"potentialAction":[{"@type":"SearchAction","target":{"@type":"EntryPoint","urlTemplate":"https:\/\/trendsandvision.nl\/de\/?s={search_term_string}"},"query-input":{"@type":"PropertyValueSpecification","valueRequired":true,"valueName":"search_term_string"}}],"inLanguage":"de"},{"@type":"Organization","@id":"https:\/\/trendsandvision.nl\/de\/#organization","name":"Trends &amp; Vision (DE)","url":"https:\/\/trendsandvision.nl\/de\/","logo":{"@type":"ImageObject","inLanguage":"de","@id":"https:\/\/trendsandvision.nl\/de\/#\/schema\/logo\/image\/","url":"https:\/\/trendsandvision.nl\/de\/wp-content\/uploads\/sites\/3\/2022\/04\/trends-and-vision-logo.jpg","contentUrl":"https:\/\/trendsandvision.nl\/de\/wp-content\/uploads\/sites\/3\/2022\/04\/trends-and-vision-logo.jpg","width":213,"height":100,"caption":"Trends &amp; Vision (DE)"},"image":{"@id":"https:\/\/trendsandvision.nl\/de\/#\/schema\/logo\/image\/"}}]}},"_links":{"self":[{"href":"https:\/\/trendsandvision.nl\/de\/wp-json\/wp\/v2\/product\/963","targetHints":{"allow":["GET"]}}],"collection":[{"href":"https:\/\/trendsandvision.nl\/de\/wp-json\/wp\/v2\/product"}],"about":[{"href":"https:\/\/trendsandvision.nl\/de\/wp-json\/wp\/v2\/types\/product"}],"wp:featuredmedia":[{"embeddable":true,"href":"https:\/\/trendsandvision.nl\/de\/wp-json\/wp\/v2\/media\/964"}],"wp:attachment":[{"href":"https:\/\/trendsandvision.nl\/de\/wp-json\/wp\/v2\/media?parent=963"}],"wp:term":[{"taxonomy":"product_brand","embeddable":true,"href":"https:\/\/trendsandvision.nl\/de\/wp-json\/wp\/v2\/product_brand?post=963"},{"taxonomy":"product_cat","embeddable":true,"href":"https:\/\/trendsandvision.nl\/de\/wp-json\/wp\/v2\/product_cat?post=963"},{"taxonomy":"product_tag","embeddable":true,"href":"https:\/\/trendsandvision.nl\/de\/wp-json\/wp\/v2\/product_tag?post=963"}],"curies":[{"name":"wp","href":"https:\/\/api.w.org\/{rel}","templated":true}]}}