{"id":9478,"date":"2022-04-23T00:11:35","date_gmt":"2022-04-22T22:11:35","guid":{"rendered":"https:\/\/trendsandvision.nl\/de\/product\/esschert-design-stocking-hanger-hert\/"},"modified":"2026-02-04T00:53:13","modified_gmt":"2026-02-03T23:53:13","slug":"esschert-design-stocking-hanger-hirsch","status":"publish","type":"product","link":"https:\/\/trendsandvision.nl\/de\/product\/esschert-design-stocking-hanger-hirsch\/","title":{"rendered":"Esschert Design Stocking hanger Hirsch"},"content":{"rendered":"<p>Vergessen Sie nicht mit <strong>Weihnachten<\/strong>  rechtzeitig eine Socke aufzuh\u00e4ngen!<br \/>\nDieser dekorative, gusseiserne H\u00e4nger mit einem liegenden Hirschen bietet eine solide Aufh\u00e4ngem\u00f6glichkeit auf dem Kaminsims oder Fensterbank.<br \/>\nEr ist aus einem St\u00fcck per Hand nach einer jahrhundertalten Handwerkskunst gegossen.<\/p>\n<p>Artikelname: Sockenh\u00e4nger Hirsch<br \/>\nArtikelnummer XM82<br \/>\nProduktgruppe(n) T\u00fcr&amp;Halle, Haken, Gusseisen, Haken, Weinachten<br \/>\nProduktabmessungen in cm L 12,5 x T 13,8 x H 20,6<br \/>\nMaterial Gusseisen<br \/>\nBruttogewicht 1,26 kg<br \/>\nNettogewicht 1,053 kg<br \/>\nBarcode 8714982119279<\/p>\n","protected":false},"excerpt":{"rendered":"<p>Sockenh\u00e4nger Hirsch<br \/>\nArtikelnummer XM82<br \/>\nL 12,5 x T 13,8 x H 20,6 cm<br \/>\nMaterial Gusseisen<br \/>\nNettogewicht 1,053 kg<br \/>\nBarcode 8714982119279<\/p>\n","protected":false},"featured_media":9479,"template":"","meta":[],"product_brand":[9597,9598],"product_cat":[851],"product_tag":[6790,8056,8681,8682,8536],"class_list":{"0":"post-9478","1":"product","2":"type-product","3":"status-publish","4":"has-post-thumbnail","6":"product_brand-esschert-design","7":"product_brand-trends-and-vision","8":"product_cat-best-for-boots","9":"product_tag-gusseisen","10":"product_tag-hirsche","11":"product_tag-stocking-hanger","12":"product_tag-strumpfhalter","13":"product_tag-weinachten","14":"pa_anbieter-esschert-design","15":"pa_ean-code-5309","16":"pa_material-gietijzer","17":"pa_messungen-125x138x206-cm","19":"first","20":"instock","21":"sale","22":"taxable","23":"shipping-taxable","24":"purchasable","25":"product-type-simple","26":"czr-hentry"},"yoast_head":"<!-- This site is optimized with the Yoast SEO Premium plugin v26.4 (Yoast SEO v27.3) - https:\/\/yoast.com\/product\/yoast-seo-premium-wordpress\/ -->\n<title>Esschert Design Stocking hanger hert (XM82, 8714982119279) - Trends &amp; Vision<\/title>\n<meta name=\"description\" content=\"Esschert Design Stocking hanger hert: Vergeet niet een sok op te hangen. Deze decoratieve gietijzeren hanger met liggend hert biedt een solide ophangmogelijkheid op de schouw en is per stu...\" \/>\n<meta name=\"robots\" content=\"index, follow, max-snippet:-1, max-image-preview:large, max-video-preview:-1\" \/>\n<link rel=\"canonical\" href=\"https:\/\/trendsandvision.nl\/de\/product\/esschert-design-stocking-hanger-hirsch\/\" \/>\n<meta property=\"og:locale\" content=\"de_DE\" \/>\n<meta property=\"og:type\" content=\"article\" \/>\n<meta property=\"og:title\" content=\"Esschert Design Stocking hanger Hirsch\" \/>\n<meta property=\"og:description\" content=\"Esschert Design Stocking hanger hert: Vergeet niet een sok op te hangen. Deze decoratieve gietijzeren hanger met liggend hert biedt een solide ophangmogelijkheid op de schouw en is per stu...\" \/>\n<meta property=\"og:url\" content=\"https:\/\/trendsandvision.nl\/de\/product\/esschert-design-stocking-hanger-hirsch\/\" \/>\n<meta property=\"og:site_name\" content=\"Trends &amp; Vision (DE)\" \/>\n<meta property=\"article:modified_time\" content=\"2026-02-03T23:53:13+00:00\" \/>\n<meta property=\"og:image\" content=\"https:\/\/trendsandvision.nl\/de\/wp-content\/uploads\/sites\/3\/2022\/04\/XM82_01.jpg\" \/>\n\t<meta property=\"og:image:width\" content=\"800\" \/>\n\t<meta property=\"og:image:height\" content=\"800\" \/>\n\t<meta property=\"og:image:type\" content=\"image\/jpeg\" \/>\n<meta name=\"twitter:card\" content=\"summary_large_image\" \/>\n<meta name=\"twitter:label1\" content=\"Gesch\u00e4tzte Lesezeit\" \/>\n\t<meta name=\"twitter:data1\" content=\"1\u00a0Minute\" \/>\n<script type=\"application\/ld+json\" class=\"yoast-schema-graph\">{\"@context\":\"https:\\\/\\\/schema.org\",\"@graph\":[{\"@type\":\"WebPage\",\"@id\":\"https:\\\/\\\/trendsandvision.nl\\\/de\\\/product\\\/esschert-design-stocking-hanger-hirsch\\\/\",\"url\":\"https:\\\/\\\/trendsandvision.nl\\\/de\\\/product\\\/esschert-design-stocking-hanger-hirsch\\\/\",\"name\":\"Esschert Design Stocking hanger hert (XM82, 8714982119279) - Trends & Vision\",\"isPartOf\":{\"@id\":\"https:\\\/\\\/trendsandvision.nl\\\/de\\\/#website\"},\"primaryImageOfPage\":{\"@id\":\"https:\\\/\\\/trendsandvision.nl\\\/de\\\/product\\\/esschert-design-stocking-hanger-hirsch\\\/#primaryimage\"},\"image\":{\"@id\":\"https:\\\/\\\/trendsandvision.nl\\\/de\\\/product\\\/esschert-design-stocking-hanger-hirsch\\\/#primaryimage\"},\"thumbnailUrl\":\"https:\\\/\\\/trendsandvision.nl\\\/de\\\/wp-content\\\/uploads\\\/sites\\\/3\\\/2022\\\/04\\\/XM82_01.jpg\",\"datePublished\":\"2022-04-22T22:11:35+00:00\",\"dateModified\":\"2026-02-03T23:53:13+00:00\",\"description\":\"Esschert Design Stocking hanger hert: Vergeet niet een sok op te hangen. Deze decoratieve gietijzeren hanger met liggend hert biedt een solide ophangmogelijkheid op de schouw en is per stu...\",\"breadcrumb\":{\"@id\":\"https:\\\/\\\/trendsandvision.nl\\\/de\\\/product\\\/esschert-design-stocking-hanger-hirsch\\\/#breadcrumb\"},\"inLanguage\":\"de\",\"potentialAction\":[{\"@type\":\"ReadAction\",\"target\":[\"https:\\\/\\\/trendsandvision.nl\\\/de\\\/product\\\/esschert-design-stocking-hanger-hirsch\\\/\"]}]},{\"@type\":\"ImageObject\",\"inLanguage\":\"de\",\"@id\":\"https:\\\/\\\/trendsandvision.nl\\\/de\\\/product\\\/esschert-design-stocking-hanger-hirsch\\\/#primaryimage\",\"url\":\"https:\\\/\\\/trendsandvision.nl\\\/de\\\/wp-content\\\/uploads\\\/sites\\\/3\\\/2022\\\/04\\\/XM82_01.jpg\",\"contentUrl\":\"https:\\\/\\\/trendsandvision.nl\\\/de\\\/wp-content\\\/uploads\\\/sites\\\/3\\\/2022\\\/04\\\/XM82_01.jpg\",\"width\":800,\"height\":800,\"caption\":\"Esschert Design Stocking hanger hert (XM82\"},{\"@type\":\"BreadcrumbList\",\"@id\":\"https:\\\/\\\/trendsandvision.nl\\\/de\\\/product\\\/esschert-design-stocking-hanger-hirsch\\\/#breadcrumb\",\"itemListElement\":[{\"@type\":\"ListItem\",\"position\":1,\"name\":\"Home\",\"item\":\"https:\\\/\\\/trendsandvision.nl\\\/de\\\/\"},{\"@type\":\"ListItem\",\"position\":2,\"name\":\"Gesch\u00e4ft\",\"item\":\"https:\\\/\\\/trendsandvision.nl\\\/de\\\/geschaft\\\/\"},{\"@type\":\"ListItem\",\"position\":3,\"name\":\"Esschert Design Stocking hanger Hirsch\"}]},{\"@type\":\"WebSite\",\"@id\":\"https:\\\/\\\/trendsandvision.nl\\\/de\\\/#website\",\"url\":\"https:\\\/\\\/trendsandvision.nl\\\/de\\\/\",\"name\":\"Trends &amp; Vision (DE)\",\"description\":\"Der Webshop f\u00fcr Esschert Design Artikel\",\"publisher\":{\"@id\":\"https:\\\/\\\/trendsandvision.nl\\\/de\\\/#organization\"},\"potentialAction\":[{\"@type\":\"SearchAction\",\"target\":{\"@type\":\"EntryPoint\",\"urlTemplate\":\"https:\\\/\\\/trendsandvision.nl\\\/de\\\/?s={search_term_string}\"},\"query-input\":{\"@type\":\"PropertyValueSpecification\",\"valueRequired\":true,\"valueName\":\"search_term_string\"}}],\"inLanguage\":\"de\"},{\"@type\":\"Organization\",\"@id\":\"https:\\\/\\\/trendsandvision.nl\\\/de\\\/#organization\",\"name\":\"Trends &amp; Vision (DE)\",\"url\":\"https:\\\/\\\/trendsandvision.nl\\\/de\\\/\",\"logo\":{\"@type\":\"ImageObject\",\"inLanguage\":\"de\",\"@id\":\"https:\\\/\\\/trendsandvision.nl\\\/de\\\/#\\\/schema\\\/logo\\\/image\\\/\",\"url\":\"https:\\\/\\\/trendsandvision.nl\\\/de\\\/wp-content\\\/uploads\\\/sites\\\/3\\\/2022\\\/04\\\/trends-and-vision-logo.jpg\",\"contentUrl\":\"https:\\\/\\\/trendsandvision.nl\\\/de\\\/wp-content\\\/uploads\\\/sites\\\/3\\\/2022\\\/04\\\/trends-and-vision-logo.jpg\",\"width\":213,\"height\":100,\"caption\":\"Trends &amp; Vision (DE)\"},\"image\":{\"@id\":\"https:\\\/\\\/trendsandvision.nl\\\/de\\\/#\\\/schema\\\/logo\\\/image\\\/\"}}]}<\/script>\n<!-- \/ Yoast SEO Premium plugin. -->","yoast_head_json":{"title":"Esschert Design Stocking hanger hert (XM82, 8714982119279) - Trends & Vision","description":"Esschert Design Stocking hanger hert: Vergeet niet een sok op te hangen. Deze decoratieve gietijzeren hanger met liggend hert biedt een solide ophangmogelijkheid op de schouw en is per stu...","robots":{"index":"index","follow":"follow","max-snippet":"max-snippet:-1","max-image-preview":"max-image-preview:large","max-video-preview":"max-video-preview:-1"},"canonical":"https:\/\/trendsandvision.nl\/de\/product\/esschert-design-stocking-hanger-hirsch\/","og_locale":"de_DE","og_type":"article","og_title":"Esschert Design Stocking hanger Hirsch","og_description":"Esschert Design Stocking hanger hert: Vergeet niet een sok op te hangen. Deze decoratieve gietijzeren hanger met liggend hert biedt een solide ophangmogelijkheid op de schouw en is per stu...","og_url":"https:\/\/trendsandvision.nl\/de\/product\/esschert-design-stocking-hanger-hirsch\/","og_site_name":"Trends &amp; Vision (DE)","article_modified_time":"2026-02-03T23:53:13+00:00","og_image":[{"width":800,"height":800,"url":"https:\/\/trendsandvision.nl\/de\/wp-content\/uploads\/sites\/3\/2022\/04\/XM82_01.jpg","type":"image\/jpeg"}],"twitter_card":"summary_large_image","twitter_misc":{"Gesch\u00e4tzte Lesezeit":"1\u00a0Minute"},"schema":{"@context":"https:\/\/schema.org","@graph":[{"@type":"WebPage","@id":"https:\/\/trendsandvision.nl\/de\/product\/esschert-design-stocking-hanger-hirsch\/","url":"https:\/\/trendsandvision.nl\/de\/product\/esschert-design-stocking-hanger-hirsch\/","name":"Esschert Design Stocking hanger hert (XM82, 8714982119279) - Trends & Vision","isPartOf":{"@id":"https:\/\/trendsandvision.nl\/de\/#website"},"primaryImageOfPage":{"@id":"https:\/\/trendsandvision.nl\/de\/product\/esschert-design-stocking-hanger-hirsch\/#primaryimage"},"image":{"@id":"https:\/\/trendsandvision.nl\/de\/product\/esschert-design-stocking-hanger-hirsch\/#primaryimage"},"thumbnailUrl":"https:\/\/trendsandvision.nl\/de\/wp-content\/uploads\/sites\/3\/2022\/04\/XM82_01.jpg","datePublished":"2022-04-22T22:11:35+00:00","dateModified":"2026-02-03T23:53:13+00:00","description":"Esschert Design Stocking hanger hert: Vergeet niet een sok op te hangen. Deze decoratieve gietijzeren hanger met liggend hert biedt een solide ophangmogelijkheid op de schouw en is per stu...","breadcrumb":{"@id":"https:\/\/trendsandvision.nl\/de\/product\/esschert-design-stocking-hanger-hirsch\/#breadcrumb"},"inLanguage":"de","potentialAction":[{"@type":"ReadAction","target":["https:\/\/trendsandvision.nl\/de\/product\/esschert-design-stocking-hanger-hirsch\/"]}]},{"@type":"ImageObject","inLanguage":"de","@id":"https:\/\/trendsandvision.nl\/de\/product\/esschert-design-stocking-hanger-hirsch\/#primaryimage","url":"https:\/\/trendsandvision.nl\/de\/wp-content\/uploads\/sites\/3\/2022\/04\/XM82_01.jpg","contentUrl":"https:\/\/trendsandvision.nl\/de\/wp-content\/uploads\/sites\/3\/2022\/04\/XM82_01.jpg","width":800,"height":800,"caption":"Esschert Design Stocking hanger hert (XM82"},{"@type":"BreadcrumbList","@id":"https:\/\/trendsandvision.nl\/de\/product\/esschert-design-stocking-hanger-hirsch\/#breadcrumb","itemListElement":[{"@type":"ListItem","position":1,"name":"Home","item":"https:\/\/trendsandvision.nl\/de\/"},{"@type":"ListItem","position":2,"name":"Gesch\u00e4ft","item":"https:\/\/trendsandvision.nl\/de\/geschaft\/"},{"@type":"ListItem","position":3,"name":"Esschert Design Stocking hanger Hirsch"}]},{"@type":"WebSite","@id":"https:\/\/trendsandvision.nl\/de\/#website","url":"https:\/\/trendsandvision.nl\/de\/","name":"Trends &amp; Vision (DE)","description":"Der Webshop f\u00fcr Esschert Design Artikel","publisher":{"@id":"https:\/\/trendsandvision.nl\/de\/#organization"},"potentialAction":[{"@type":"SearchAction","target":{"@type":"EntryPoint","urlTemplate":"https:\/\/trendsandvision.nl\/de\/?s={search_term_string}"},"query-input":{"@type":"PropertyValueSpecification","valueRequired":true,"valueName":"search_term_string"}}],"inLanguage":"de"},{"@type":"Organization","@id":"https:\/\/trendsandvision.nl\/de\/#organization","name":"Trends &amp; Vision (DE)","url":"https:\/\/trendsandvision.nl\/de\/","logo":{"@type":"ImageObject","inLanguage":"de","@id":"https:\/\/trendsandvision.nl\/de\/#\/schema\/logo\/image\/","url":"https:\/\/trendsandvision.nl\/de\/wp-content\/uploads\/sites\/3\/2022\/04\/trends-and-vision-logo.jpg","contentUrl":"https:\/\/trendsandvision.nl\/de\/wp-content\/uploads\/sites\/3\/2022\/04\/trends-and-vision-logo.jpg","width":213,"height":100,"caption":"Trends &amp; Vision (DE)"},"image":{"@id":"https:\/\/trendsandvision.nl\/de\/#\/schema\/logo\/image\/"}}]}},"_links":{"self":[{"href":"https:\/\/trendsandvision.nl\/de\/wp-json\/wp\/v2\/product\/9478","targetHints":{"allow":["GET"]}}],"collection":[{"href":"https:\/\/trendsandvision.nl\/de\/wp-json\/wp\/v2\/product"}],"about":[{"href":"https:\/\/trendsandvision.nl\/de\/wp-json\/wp\/v2\/types\/product"}],"wp:featuredmedia":[{"embeddable":true,"href":"https:\/\/trendsandvision.nl\/de\/wp-json\/wp\/v2\/media\/9479"}],"wp:attachment":[{"href":"https:\/\/trendsandvision.nl\/de\/wp-json\/wp\/v2\/media?parent=9478"}],"wp:term":[{"taxonomy":"product_brand","embeddable":true,"href":"https:\/\/trendsandvision.nl\/de\/wp-json\/wp\/v2\/product_brand?post=9478"},{"taxonomy":"product_cat","embeddable":true,"href":"https:\/\/trendsandvision.nl\/de\/wp-json\/wp\/v2\/product_cat?post=9478"},{"taxonomy":"product_tag","embeddable":true,"href":"https:\/\/trendsandvision.nl\/de\/wp-json\/wp\/v2\/product_tag?post=9478"}],"curies":[{"name":"wp","href":"https:\/\/api.w.org\/{rel}","templated":true}]}}