{"id":9445,"date":"2022-04-23T00:10:19","date_gmt":"2022-04-22T22:10:19","guid":{"rendered":"https:\/\/trendsandvision.nl\/de\/product\/esschert-design-franzoesische-pflanzvase-25-cm-a-br\/"},"modified":"2026-04-22T15:28:21","modified_gmt":"2026-04-22T13:28:21","slug":"esschert-design-franzoesische-pflanzvase-25-cm-a-br","status":"publish","type":"product","link":"https:\/\/trendsandvision.nl\/de\/product\/esschert-design-franzoesische-pflanzvase-25-cm-a-br\/","title":{"rendered":"Esschert Design Franz\u00f6sische Pflanzvase 25 cm. a.br."},"content":{"rendered":"<p>Franz\u00f6sische Vasen haben eine dekorative Ausstrahlung und sind ein echter Blickf\u00e4nger im Garten, vor allem am Ende eines Weges oder einer Sichtachse. Die eleganten Kurven, der detailliert gefertigte Fu\u00df und Rand machen es zu einem wahren Eyecatcher. Die Vasen stammen aus der R\u00f6merzeit und wurden in der Renaissance wiederentdeckt. Aufgrund ihrer Form sind sie klassisch und zeitlos. Diese gusseiserne Variante ist aus einem St\u00fcck per Hand nach einer jahrhundertalten Handwerkskunst gegossen.<\/p>\n<p>-Entw\u00e4sserungsloch<\/p>\n<p>Artikelname: Franz\u00f6sische Vase hoch S<br \/>\nArtikelnummer XH63-AR<br \/>\nProduktgruppe(n) Garten&amp;Terrasse, T\u00f6pfe und Vasen, Vasen<br \/>\nProduktabmessungen in cm L 17,3 x T 17,3 x H 23,1<br \/>\nMaterial Gusseisen<br \/>\nNettogewicht 2,955 kg<br \/>\nBarcode 8714982013911<\/p>\n","protected":false},"excerpt":{"rendered":"<p>Franz\u00f6sische Vase hoch S<br \/>\nArtikelnummer XH63-AR<br \/>\nL 17,3 x T 17,3 x H 23,1 cm<br \/>\nMaterial Gusseisen<br \/>\nNettogewicht 2,955 kg<br \/>\nBarcode 8714982013911.<\/p>\n","protected":false},"featured_media":9446,"template":"","meta":[],"product_brand":[9597,9598],"product_cat":[503],"product_tag":[8484,8483,6790,8064],"class_list":{"0":"post-9445","1":"product","2":"type-product","3":"status-publish","4":"has-post-thumbnail","6":"product_brand-esschert-design","7":"product_brand-trends-and-vision","8":"product_cat-esscherts-garden","9":"product_tag-franzoesisch","10":"product_tag-gartendekoration","11":"product_tag-gusseisen","12":"product_tag-vasen","13":"pa_anbieter-esschert-design","14":"pa_ean-code-5281","15":"pa_material-gietijzer","16":"pa_messungen-173x173x22-cm","18":"first","19":"instock","20":"sale","21":"taxable","22":"shipping-taxable","23":"purchasable","24":"product-type-simple","25":"czr-hentry"},"yoast_head":"<!-- This site is optimized with the Yoast SEO Premium plugin v27.4 (Yoast SEO v27.4) - https:\/\/yoast.com\/product\/yoast-seo-premium-wordpress\/ -->\n<title>Esschert Design Franz\u00f6sische Pflanzvase 25 cm. a.br. (XH63-AR, 8714982013911) - Trends &amp; Vision<\/title>\n<meta name=\"description\" content=\"Esschert Design Franz\u00f6sische Pflanzvase 25 cm. a.br.: Franz\u00f6sische Urne 25 cm. a.br.\" \/>\n<meta name=\"robots\" content=\"index, follow, max-snippet:-1, max-image-preview:large, max-video-preview:-1\" \/>\n<link rel=\"canonical\" href=\"https:\/\/trendsandvision.nl\/de\/product\/esschert-design-franzoesische-pflanzvase-25-cm-a-br\/\" \/>\n<meta property=\"og:locale\" content=\"de_DE\" \/>\n<meta property=\"og:type\" content=\"article\" \/>\n<meta property=\"og:title\" content=\"Esschert Design Franz\u00f6sische Pflanzvase 25 cm. a.br.\" \/>\n<meta property=\"og:description\" content=\"Esschert Design Franz\u00f6sische Pflanzvase 25 cm. a.br.: Franz\u00f6sische Urne 25 cm. a.br.\" \/>\n<meta property=\"og:url\" content=\"https:\/\/trendsandvision.nl\/de\/product\/esschert-design-franzoesische-pflanzvase-25-cm-a-br\/\" \/>\n<meta property=\"og:site_name\" content=\"Trends &amp; Vision (DE)\" \/>\n<meta property=\"article:modified_time\" content=\"2026-04-22T13:28:21+00:00\" \/>\n<meta property=\"og:image\" content=\"https:\/\/trendsandvision.nl\/de\/wp-content\/uploads\/sites\/3\/2022\/04\/XH63-AR_01.jpg\" \/>\n\t<meta property=\"og:image:width\" content=\"800\" \/>\n\t<meta property=\"og:image:height\" content=\"800\" \/>\n\t<meta property=\"og:image:type\" content=\"image\/jpeg\" \/>\n<meta name=\"twitter:card\" content=\"summary_large_image\" \/>\n<meta name=\"twitter:label1\" content=\"Gesch\u00e4tzte Lesezeit\" \/>\n\t<meta name=\"twitter:data1\" content=\"1\u00a0Minute\" \/>\n<script type=\"application\/ld+json\" class=\"yoast-schema-graph\">{\"@context\":\"https:\\\/\\\/schema.org\",\"@graph\":[{\"@type\":\"WebPage\",\"@id\":\"https:\\\/\\\/trendsandvision.nl\\\/de\\\/product\\\/esschert-design-franzoesische-pflanzvase-25-cm-a-br\\\/\",\"url\":\"https:\\\/\\\/trendsandvision.nl\\\/de\\\/product\\\/esschert-design-franzoesische-pflanzvase-25-cm-a-br\\\/\",\"name\":\"Esschert Design Franz\u00f6sische Pflanzvase 25 cm. a.br. (XH63-AR, 8714982013911) - Trends & Vision\",\"isPartOf\":{\"@id\":\"https:\\\/\\\/trendsandvision.nl\\\/de\\\/#website\"},\"primaryImageOfPage\":{\"@id\":\"https:\\\/\\\/trendsandvision.nl\\\/de\\\/product\\\/esschert-design-franzoesische-pflanzvase-25-cm-a-br\\\/#primaryimage\"},\"image\":{\"@id\":\"https:\\\/\\\/trendsandvision.nl\\\/de\\\/product\\\/esschert-design-franzoesische-pflanzvase-25-cm-a-br\\\/#primaryimage\"},\"thumbnailUrl\":\"https:\\\/\\\/trendsandvision.nl\\\/de\\\/wp-content\\\/uploads\\\/sites\\\/3\\\/2022\\\/04\\\/XH63-AR_01.jpg\",\"datePublished\":\"2022-04-22T22:10:19+00:00\",\"dateModified\":\"2026-04-22T13:28:21+00:00\",\"description\":\"Esschert Design Franz\u00f6sische Pflanzvase 25 cm. a.br.: Franz\u00f6sische Urne 25 cm. a.br.\",\"breadcrumb\":{\"@id\":\"https:\\\/\\\/trendsandvision.nl\\\/de\\\/product\\\/esschert-design-franzoesische-pflanzvase-25-cm-a-br\\\/#breadcrumb\"},\"inLanguage\":\"de\",\"potentialAction\":[{\"@type\":\"ReadAction\",\"target\":[\"https:\\\/\\\/trendsandvision.nl\\\/de\\\/product\\\/esschert-design-franzoesische-pflanzvase-25-cm-a-br\\\/\"]}]},{\"@type\":\"ImageObject\",\"inLanguage\":\"de\",\"@id\":\"https:\\\/\\\/trendsandvision.nl\\\/de\\\/product\\\/esschert-design-franzoesische-pflanzvase-25-cm-a-br\\\/#primaryimage\",\"url\":\"https:\\\/\\\/trendsandvision.nl\\\/de\\\/wp-content\\\/uploads\\\/sites\\\/3\\\/2022\\\/04\\\/XH63-AR_01.jpg\",\"contentUrl\":\"https:\\\/\\\/trendsandvision.nl\\\/de\\\/wp-content\\\/uploads\\\/sites\\\/3\\\/2022\\\/04\\\/XH63-AR_01.jpg\",\"width\":800,\"height\":800,\"caption\":\"Esschert Design Franz\u00f6sische Pflanzvase 25 cm. a.br. (XH63-AR\"},{\"@type\":\"BreadcrumbList\",\"@id\":\"https:\\\/\\\/trendsandvision.nl\\\/de\\\/product\\\/esschert-design-franzoesische-pflanzvase-25-cm-a-br\\\/#breadcrumb\",\"itemListElement\":[{\"@type\":\"ListItem\",\"position\":1,\"name\":\"Home\",\"item\":\"https:\\\/\\\/trendsandvision.nl\\\/de\\\/\"},{\"@type\":\"ListItem\",\"position\":2,\"name\":\"Gesch\u00e4ft\",\"item\":\"https:\\\/\\\/trendsandvision.nl\\\/de\\\/geschaft\\\/\"},{\"@type\":\"ListItem\",\"position\":3,\"name\":\"Esschert Design Franz\u00f6sische Pflanzvase 25 cm. a.br.\"}]},{\"@type\":\"WebSite\",\"@id\":\"https:\\\/\\\/trendsandvision.nl\\\/de\\\/#website\",\"url\":\"https:\\\/\\\/trendsandvision.nl\\\/de\\\/\",\"name\":\"Trends &amp; Vision (DE)\",\"description\":\"Der Webshop f\u00fcr Esschert Design Artikel\",\"publisher\":{\"@id\":\"https:\\\/\\\/trendsandvision.nl\\\/de\\\/#organization\"},\"potentialAction\":[{\"@type\":\"SearchAction\",\"target\":{\"@type\":\"EntryPoint\",\"urlTemplate\":\"https:\\\/\\\/trendsandvision.nl\\\/de\\\/?s={search_term_string}\"},\"query-input\":{\"@type\":\"PropertyValueSpecification\",\"valueRequired\":true,\"valueName\":\"search_term_string\"}}],\"inLanguage\":\"de\"},{\"@type\":\"Organization\",\"@id\":\"https:\\\/\\\/trendsandvision.nl\\\/de\\\/#organization\",\"name\":\"Trends &amp; Vision (DE)\",\"url\":\"https:\\\/\\\/trendsandvision.nl\\\/de\\\/\",\"logo\":{\"@type\":\"ImageObject\",\"inLanguage\":\"de\",\"@id\":\"https:\\\/\\\/trendsandvision.nl\\\/de\\\/#\\\/schema\\\/logo\\\/image\\\/\",\"url\":\"https:\\\/\\\/trendsandvision.nl\\\/de\\\/wp-content\\\/uploads\\\/sites\\\/3\\\/2022\\\/04\\\/trends-and-vision-logo.jpg\",\"contentUrl\":\"https:\\\/\\\/trendsandvision.nl\\\/de\\\/wp-content\\\/uploads\\\/sites\\\/3\\\/2022\\\/04\\\/trends-and-vision-logo.jpg\",\"width\":213,\"height\":100,\"caption\":\"Trends &amp; Vision (DE)\"},\"image\":{\"@id\":\"https:\\\/\\\/trendsandvision.nl\\\/de\\\/#\\\/schema\\\/logo\\\/image\\\/\"}}]}<\/script>\n<!-- \/ Yoast SEO Premium plugin. -->","yoast_head_json":{"title":"Esschert Design Franz\u00f6sische Pflanzvase 25 cm. a.br. (XH63-AR, 8714982013911) - Trends & Vision","description":"Esschert Design Franz\u00f6sische Pflanzvase 25 cm. a.br.: Franz\u00f6sische Urne 25 cm. a.br.","robots":{"index":"index","follow":"follow","max-snippet":"max-snippet:-1","max-image-preview":"max-image-preview:large","max-video-preview":"max-video-preview:-1"},"canonical":"https:\/\/trendsandvision.nl\/de\/product\/esschert-design-franzoesische-pflanzvase-25-cm-a-br\/","og_locale":"de_DE","og_type":"article","og_title":"Esschert Design Franz\u00f6sische Pflanzvase 25 cm. a.br.","og_description":"Esschert Design Franz\u00f6sische Pflanzvase 25 cm. a.br.: Franz\u00f6sische Urne 25 cm. a.br.","og_url":"https:\/\/trendsandvision.nl\/de\/product\/esschert-design-franzoesische-pflanzvase-25-cm-a-br\/","og_site_name":"Trends &amp; Vision (DE)","article_modified_time":"2026-04-22T13:28:21+00:00","og_image":[{"width":800,"height":800,"url":"https:\/\/trendsandvision.nl\/de\/wp-content\/uploads\/sites\/3\/2022\/04\/XH63-AR_01.jpg","type":"image\/jpeg"}],"twitter_card":"summary_large_image","twitter_misc":{"Gesch\u00e4tzte Lesezeit":"1\u00a0Minute"},"schema":{"@context":"https:\/\/schema.org","@graph":[{"@type":"WebPage","@id":"https:\/\/trendsandvision.nl\/de\/product\/esschert-design-franzoesische-pflanzvase-25-cm-a-br\/","url":"https:\/\/trendsandvision.nl\/de\/product\/esschert-design-franzoesische-pflanzvase-25-cm-a-br\/","name":"Esschert Design Franz\u00f6sische Pflanzvase 25 cm. a.br. (XH63-AR, 8714982013911) - Trends & Vision","isPartOf":{"@id":"https:\/\/trendsandvision.nl\/de\/#website"},"primaryImageOfPage":{"@id":"https:\/\/trendsandvision.nl\/de\/product\/esschert-design-franzoesische-pflanzvase-25-cm-a-br\/#primaryimage"},"image":{"@id":"https:\/\/trendsandvision.nl\/de\/product\/esschert-design-franzoesische-pflanzvase-25-cm-a-br\/#primaryimage"},"thumbnailUrl":"https:\/\/trendsandvision.nl\/de\/wp-content\/uploads\/sites\/3\/2022\/04\/XH63-AR_01.jpg","datePublished":"2022-04-22T22:10:19+00:00","dateModified":"2026-04-22T13:28:21+00:00","description":"Esschert Design Franz\u00f6sische Pflanzvase 25 cm. a.br.: Franz\u00f6sische Urne 25 cm. a.br.","breadcrumb":{"@id":"https:\/\/trendsandvision.nl\/de\/product\/esschert-design-franzoesische-pflanzvase-25-cm-a-br\/#breadcrumb"},"inLanguage":"de","potentialAction":[{"@type":"ReadAction","target":["https:\/\/trendsandvision.nl\/de\/product\/esschert-design-franzoesische-pflanzvase-25-cm-a-br\/"]}]},{"@type":"ImageObject","inLanguage":"de","@id":"https:\/\/trendsandvision.nl\/de\/product\/esschert-design-franzoesische-pflanzvase-25-cm-a-br\/#primaryimage","url":"https:\/\/trendsandvision.nl\/de\/wp-content\/uploads\/sites\/3\/2022\/04\/XH63-AR_01.jpg","contentUrl":"https:\/\/trendsandvision.nl\/de\/wp-content\/uploads\/sites\/3\/2022\/04\/XH63-AR_01.jpg","width":800,"height":800,"caption":"Esschert Design Franz\u00f6sische Pflanzvase 25 cm. a.br. (XH63-AR"},{"@type":"BreadcrumbList","@id":"https:\/\/trendsandvision.nl\/de\/product\/esschert-design-franzoesische-pflanzvase-25-cm-a-br\/#breadcrumb","itemListElement":[{"@type":"ListItem","position":1,"name":"Home","item":"https:\/\/trendsandvision.nl\/de\/"},{"@type":"ListItem","position":2,"name":"Gesch\u00e4ft","item":"https:\/\/trendsandvision.nl\/de\/geschaft\/"},{"@type":"ListItem","position":3,"name":"Esschert Design Franz\u00f6sische Pflanzvase 25 cm. a.br."}]},{"@type":"WebSite","@id":"https:\/\/trendsandvision.nl\/de\/#website","url":"https:\/\/trendsandvision.nl\/de\/","name":"Trends &amp; Vision (DE)","description":"Der Webshop f\u00fcr Esschert Design Artikel","publisher":{"@id":"https:\/\/trendsandvision.nl\/de\/#organization"},"potentialAction":[{"@type":"SearchAction","target":{"@type":"EntryPoint","urlTemplate":"https:\/\/trendsandvision.nl\/de\/?s={search_term_string}"},"query-input":{"@type":"PropertyValueSpecification","valueRequired":true,"valueName":"search_term_string"}}],"inLanguage":"de"},{"@type":"Organization","@id":"https:\/\/trendsandvision.nl\/de\/#organization","name":"Trends &amp; Vision (DE)","url":"https:\/\/trendsandvision.nl\/de\/","logo":{"@type":"ImageObject","inLanguage":"de","@id":"https:\/\/trendsandvision.nl\/de\/#\/schema\/logo\/image\/","url":"https:\/\/trendsandvision.nl\/de\/wp-content\/uploads\/sites\/3\/2022\/04\/trends-and-vision-logo.jpg","contentUrl":"https:\/\/trendsandvision.nl\/de\/wp-content\/uploads\/sites\/3\/2022\/04\/trends-and-vision-logo.jpg","width":213,"height":100,"caption":"Trends &amp; Vision (DE)"},"image":{"@id":"https:\/\/trendsandvision.nl\/de\/#\/schema\/logo\/image\/"}}]}},"_links":{"self":[{"href":"https:\/\/trendsandvision.nl\/de\/wp-json\/wp\/v2\/product\/9445","targetHints":{"allow":["GET"]}}],"collection":[{"href":"https:\/\/trendsandvision.nl\/de\/wp-json\/wp\/v2\/product"}],"about":[{"href":"https:\/\/trendsandvision.nl\/de\/wp-json\/wp\/v2\/types\/product"}],"wp:featuredmedia":[{"embeddable":true,"href":"https:\/\/trendsandvision.nl\/de\/wp-json\/wp\/v2\/media\/9446"}],"wp:attachment":[{"href":"https:\/\/trendsandvision.nl\/de\/wp-json\/wp\/v2\/media?parent=9445"}],"wp:term":[{"taxonomy":"product_brand","embeddable":true,"href":"https:\/\/trendsandvision.nl\/de\/wp-json\/wp\/v2\/product_brand?post=9445"},{"taxonomy":"product_cat","embeddable":true,"href":"https:\/\/trendsandvision.nl\/de\/wp-json\/wp\/v2\/product_cat?post=9445"},{"taxonomy":"product_tag","embeddable":true,"href":"https:\/\/trendsandvision.nl\/de\/wp-json\/wp\/v2\/product_tag?post=9445"}],"curies":[{"name":"wp","href":"https:\/\/api.w.org\/{rel}","templated":true}]}}