{"id":9325,"date":"2022-04-23T00:06:40","date_gmt":"2022-04-22T22:06:40","guid":{"rendered":"https:\/\/trendsandvision.nl\/de\/product\/esschert-design-theelicht-hanglamp-metaal\/"},"modified":"2025-08-19T10:47:20","modified_gmt":"2025-08-19T08:47:20","slug":"esschert-design-theelicht-teelichthaengelampe-draht","status":"publish","type":"product","link":"https:\/\/trendsandvision.nl\/de\/product\/esschert-design-theelicht-teelichthaengelampe-draht\/","title":{"rendered":"Esschert Design Theelicht Teelichth\u00e4ngelampe Draht"},"content":{"rendered":"<p>Verwandeln Sie Ihren Garten in ein Wohnzimmer mit dieser modernen Variante von Gro\u00dfmutters Lampenschirm in einer Drahtausf\u00fchrung.<br \/>\nGeben Sie ein Teelicht in das Windlicht in der Form einer altern Gl\u00fchbirne und sorgen Sie somit f\u00fcr eine stimmungsvolle Lichtquelle zwischen Ihren Blumen. Alternativ kann auch Vogelfutter in den Glasbeh\u00e4lter gegeben werden, sodass ein Futterplatz f\u00fcr V\u00f6gel entsteht.<br \/>\nDer Lampenschirm sorgt in diesem Fall dann daf\u00fcr, dass gr\u00f6\u00dfere V\u00f6gel nicht an das Futter gelangen k\u00f6nnen.<\/p>\n<p>&#8211; Sortiment von 3 Farben und Formen (schwarz, rot und wei\u00df)<br \/>\n&#8211; Eignet sich sowohl als Windlicht als auch als Vogelfutterstelle<br \/>\n&#8211; Inklusiv Aufh\u00e4ngeschlaufe<\/p>\n<p>Artikelname: Teelichth\u00e4ngelampe Draht<br \/>\nArtikelnummer WL47<br \/>\nSortiment Ja, Sortiment von 3 preis ist pro stuck<br \/>\nProduktgruppe(n) Feuer, Atmosph\u00e4rische Beleuchtung, Kerzenleuchter, Garten&amp;Terrasse, Atmosph\u00e4rische Beleuchtung, Teelichthalter<br \/>\nProduktabmessungen in cm L 25,2 x T 25,2 x H 22,8<br \/>\nMaterial Eisen, Glas, Polyester<br \/>\nNettogewicht 0,455 kg<br \/>\nBarcode 8714982114847<\/p>\n","protected":false},"excerpt":{"rendered":"<p>Teelichth\u00e4ngelampe Draht<br \/>\nArtikelnummer WL47<br \/>\n25,2 x T 25,2 x H 22,8 cm<br \/>\nMaterial Eisen, Glas, Polyester<br \/>\nNettogewicht 0,455 kg<br \/>\nBarcode 8714982114847<\/p>\n","protected":false},"featured_media":9326,"template":"","meta":[],"product_brand":[9597,9598],"product_cat":[1124],"product_tag":[8489,7175,7959,7470,6958],"class_list":{"0":"post-9325","1":"product","2":"type-product","3":"status-publish","4":"has-post-thumbnail","6":"product_brand-esschert-design","7":"product_brand-trends-and-vision","8":"product_cat-fancy-flames","9":"product_tag-garten-leuchter","10":"product_tag-haengend","11":"product_tag-laternen","12":"product_tag-metall","13":"product_tag-windlichter","14":"pa_anbieter-esschert-design","15":"pa_ean-code-5196","16":"pa_material-iron","17":"pa_messungen-25-x-25-x-23-cm","19":"first","20":"outofstock","21":"sale","22":"taxable","23":"shipping-taxable","24":"purchasable","25":"product-type-simple","26":"czr-hentry"},"yoast_head":"<!-- This site is optimized with the Yoast SEO Premium plugin v26.4 (Yoast SEO v27.4) - https:\/\/yoast.com\/product\/yoast-seo-premium-wordpress\/ -->\n<title>Esschert Design Theelicht hanglamp metaal (WL47, 8714982114847) - Trends &amp; Vision<\/title>\n<meta name=\"description\" content=\"Esschert Design Theelicht hanglamp metaal: Theelicht hanglamp metaal, kleurkeuze\" \/>\n<meta name=\"robots\" content=\"index, follow, max-snippet:-1, max-image-preview:large, max-video-preview:-1\" \/>\n<link rel=\"canonical\" href=\"https:\/\/trendsandvision.nl\/de\/product\/esschert-design-theelicht-teelichthaengelampe-draht\/\" \/>\n<meta property=\"og:locale\" content=\"de_DE\" \/>\n<meta property=\"og:type\" content=\"article\" \/>\n<meta property=\"og:title\" content=\"Esschert Design Theelicht Teelichth\u00e4ngelampe Draht\" \/>\n<meta property=\"og:description\" content=\"Esschert Design Theelicht hanglamp metaal: Theelicht hanglamp metaal, kleurkeuze\" \/>\n<meta property=\"og:url\" content=\"https:\/\/trendsandvision.nl\/de\/product\/esschert-design-theelicht-teelichthaengelampe-draht\/\" \/>\n<meta property=\"og:site_name\" content=\"Trends &amp; Vision (DE)\" \/>\n<meta property=\"article:modified_time\" content=\"2025-08-19T08:47:20+00:00\" \/>\n<meta property=\"og:image\" content=\"https:\/\/trendsandvision.nl\/de\/wp-content\/uploads\/sites\/3\/2022\/04\/WL47_01.jpg\" \/>\n\t<meta property=\"og:image:width\" content=\"800\" \/>\n\t<meta property=\"og:image:height\" content=\"800\" \/>\n\t<meta property=\"og:image:type\" content=\"image\/jpeg\" \/>\n<meta name=\"twitter:card\" content=\"summary_large_image\" \/>\n<meta name=\"twitter:label1\" content=\"Gesch\u00e4tzte Lesezeit\" \/>\n\t<meta name=\"twitter:data1\" content=\"1\u00a0Minute\" \/>\n<script type=\"application\/ld+json\" class=\"yoast-schema-graph\">{\"@context\":\"https:\\\/\\\/schema.org\",\"@graph\":[{\"@type\":\"WebPage\",\"@id\":\"https:\\\/\\\/trendsandvision.nl\\\/de\\\/product\\\/esschert-design-theelicht-teelichthaengelampe-draht\\\/\",\"url\":\"https:\\\/\\\/trendsandvision.nl\\\/de\\\/product\\\/esschert-design-theelicht-teelichthaengelampe-draht\\\/\",\"name\":\"Esschert Design Theelicht hanglamp metaal (WL47, 8714982114847) - Trends & Vision\",\"isPartOf\":{\"@id\":\"https:\\\/\\\/trendsandvision.nl\\\/de\\\/#website\"},\"primaryImageOfPage\":{\"@id\":\"https:\\\/\\\/trendsandvision.nl\\\/de\\\/product\\\/esschert-design-theelicht-teelichthaengelampe-draht\\\/#primaryimage\"},\"image\":{\"@id\":\"https:\\\/\\\/trendsandvision.nl\\\/de\\\/product\\\/esschert-design-theelicht-teelichthaengelampe-draht\\\/#primaryimage\"},\"thumbnailUrl\":\"https:\\\/\\\/trendsandvision.nl\\\/de\\\/wp-content\\\/uploads\\\/sites\\\/3\\\/2022\\\/04\\\/WL47_01.jpg\",\"datePublished\":\"2022-04-22T22:06:40+00:00\",\"dateModified\":\"2025-08-19T08:47:20+00:00\",\"description\":\"Esschert Design Theelicht hanglamp metaal: Theelicht hanglamp metaal, kleurkeuze\",\"breadcrumb\":{\"@id\":\"https:\\\/\\\/trendsandvision.nl\\\/de\\\/product\\\/esschert-design-theelicht-teelichthaengelampe-draht\\\/#breadcrumb\"},\"inLanguage\":\"de\",\"potentialAction\":[{\"@type\":\"ReadAction\",\"target\":[\"https:\\\/\\\/trendsandvision.nl\\\/de\\\/product\\\/esschert-design-theelicht-teelichthaengelampe-draht\\\/\"]}]},{\"@type\":\"ImageObject\",\"inLanguage\":\"de\",\"@id\":\"https:\\\/\\\/trendsandvision.nl\\\/de\\\/product\\\/esschert-design-theelicht-teelichthaengelampe-draht\\\/#primaryimage\",\"url\":\"https:\\\/\\\/trendsandvision.nl\\\/de\\\/wp-content\\\/uploads\\\/sites\\\/3\\\/2022\\\/04\\\/WL47_01.jpg\",\"contentUrl\":\"https:\\\/\\\/trendsandvision.nl\\\/de\\\/wp-content\\\/uploads\\\/sites\\\/3\\\/2022\\\/04\\\/WL47_01.jpg\",\"width\":800,\"height\":800,\"caption\":\"Esschert Design Theelicht hanglamp metaal (WL47\"},{\"@type\":\"BreadcrumbList\",\"@id\":\"https:\\\/\\\/trendsandvision.nl\\\/de\\\/product\\\/esschert-design-theelicht-teelichthaengelampe-draht\\\/#breadcrumb\",\"itemListElement\":[{\"@type\":\"ListItem\",\"position\":1,\"name\":\"Home\",\"item\":\"https:\\\/\\\/trendsandvision.nl\\\/de\\\/\"},{\"@type\":\"ListItem\",\"position\":2,\"name\":\"Gesch\u00e4ft\",\"item\":\"https:\\\/\\\/trendsandvision.nl\\\/de\\\/geschaft\\\/\"},{\"@type\":\"ListItem\",\"position\":3,\"name\":\"Esschert Design Theelicht Teelichth\u00e4ngelampe Draht\"}]},{\"@type\":\"WebSite\",\"@id\":\"https:\\\/\\\/trendsandvision.nl\\\/de\\\/#website\",\"url\":\"https:\\\/\\\/trendsandvision.nl\\\/de\\\/\",\"name\":\"Trends &amp; Vision (DE)\",\"description\":\"Der Webshop f\u00fcr Esschert Design Artikel\",\"publisher\":{\"@id\":\"https:\\\/\\\/trendsandvision.nl\\\/de\\\/#organization\"},\"potentialAction\":[{\"@type\":\"SearchAction\",\"target\":{\"@type\":\"EntryPoint\",\"urlTemplate\":\"https:\\\/\\\/trendsandvision.nl\\\/de\\\/?s={search_term_string}\"},\"query-input\":{\"@type\":\"PropertyValueSpecification\",\"valueRequired\":true,\"valueName\":\"search_term_string\"}}],\"inLanguage\":\"de\"},{\"@type\":\"Organization\",\"@id\":\"https:\\\/\\\/trendsandvision.nl\\\/de\\\/#organization\",\"name\":\"Trends &amp; Vision (DE)\",\"url\":\"https:\\\/\\\/trendsandvision.nl\\\/de\\\/\",\"logo\":{\"@type\":\"ImageObject\",\"inLanguage\":\"de\",\"@id\":\"https:\\\/\\\/trendsandvision.nl\\\/de\\\/#\\\/schema\\\/logo\\\/image\\\/\",\"url\":\"https:\\\/\\\/trendsandvision.nl\\\/de\\\/wp-content\\\/uploads\\\/sites\\\/3\\\/2022\\\/04\\\/trends-and-vision-logo.jpg\",\"contentUrl\":\"https:\\\/\\\/trendsandvision.nl\\\/de\\\/wp-content\\\/uploads\\\/sites\\\/3\\\/2022\\\/04\\\/trends-and-vision-logo.jpg\",\"width\":213,\"height\":100,\"caption\":\"Trends &amp; Vision (DE)\"},\"image\":{\"@id\":\"https:\\\/\\\/trendsandvision.nl\\\/de\\\/#\\\/schema\\\/logo\\\/image\\\/\"}}]}<\/script>\n<!-- \/ Yoast SEO Premium plugin. -->","yoast_head_json":{"title":"Esschert Design Theelicht hanglamp metaal (WL47, 8714982114847) - Trends & Vision","description":"Esschert Design Theelicht hanglamp metaal: Theelicht hanglamp metaal, kleurkeuze","robots":{"index":"index","follow":"follow","max-snippet":"max-snippet:-1","max-image-preview":"max-image-preview:large","max-video-preview":"max-video-preview:-1"},"canonical":"https:\/\/trendsandvision.nl\/de\/product\/esschert-design-theelicht-teelichthaengelampe-draht\/","og_locale":"de_DE","og_type":"article","og_title":"Esschert Design Theelicht Teelichth\u00e4ngelampe Draht","og_description":"Esschert Design Theelicht hanglamp metaal: Theelicht hanglamp metaal, kleurkeuze","og_url":"https:\/\/trendsandvision.nl\/de\/product\/esschert-design-theelicht-teelichthaengelampe-draht\/","og_site_name":"Trends &amp; Vision (DE)","article_modified_time":"2025-08-19T08:47:20+00:00","og_image":[{"width":800,"height":800,"url":"https:\/\/trendsandvision.nl\/de\/wp-content\/uploads\/sites\/3\/2022\/04\/WL47_01.jpg","type":"image\/jpeg"}],"twitter_card":"summary_large_image","twitter_misc":{"Gesch\u00e4tzte Lesezeit":"1\u00a0Minute"},"schema":{"@context":"https:\/\/schema.org","@graph":[{"@type":"WebPage","@id":"https:\/\/trendsandvision.nl\/de\/product\/esschert-design-theelicht-teelichthaengelampe-draht\/","url":"https:\/\/trendsandvision.nl\/de\/product\/esschert-design-theelicht-teelichthaengelampe-draht\/","name":"Esschert Design Theelicht hanglamp metaal (WL47, 8714982114847) - Trends & Vision","isPartOf":{"@id":"https:\/\/trendsandvision.nl\/de\/#website"},"primaryImageOfPage":{"@id":"https:\/\/trendsandvision.nl\/de\/product\/esschert-design-theelicht-teelichthaengelampe-draht\/#primaryimage"},"image":{"@id":"https:\/\/trendsandvision.nl\/de\/product\/esschert-design-theelicht-teelichthaengelampe-draht\/#primaryimage"},"thumbnailUrl":"https:\/\/trendsandvision.nl\/de\/wp-content\/uploads\/sites\/3\/2022\/04\/WL47_01.jpg","datePublished":"2022-04-22T22:06:40+00:00","dateModified":"2025-08-19T08:47:20+00:00","description":"Esschert Design Theelicht hanglamp metaal: Theelicht hanglamp metaal, kleurkeuze","breadcrumb":{"@id":"https:\/\/trendsandvision.nl\/de\/product\/esschert-design-theelicht-teelichthaengelampe-draht\/#breadcrumb"},"inLanguage":"de","potentialAction":[{"@type":"ReadAction","target":["https:\/\/trendsandvision.nl\/de\/product\/esschert-design-theelicht-teelichthaengelampe-draht\/"]}]},{"@type":"ImageObject","inLanguage":"de","@id":"https:\/\/trendsandvision.nl\/de\/product\/esschert-design-theelicht-teelichthaengelampe-draht\/#primaryimage","url":"https:\/\/trendsandvision.nl\/de\/wp-content\/uploads\/sites\/3\/2022\/04\/WL47_01.jpg","contentUrl":"https:\/\/trendsandvision.nl\/de\/wp-content\/uploads\/sites\/3\/2022\/04\/WL47_01.jpg","width":800,"height":800,"caption":"Esschert Design Theelicht hanglamp metaal (WL47"},{"@type":"BreadcrumbList","@id":"https:\/\/trendsandvision.nl\/de\/product\/esschert-design-theelicht-teelichthaengelampe-draht\/#breadcrumb","itemListElement":[{"@type":"ListItem","position":1,"name":"Home","item":"https:\/\/trendsandvision.nl\/de\/"},{"@type":"ListItem","position":2,"name":"Gesch\u00e4ft","item":"https:\/\/trendsandvision.nl\/de\/geschaft\/"},{"@type":"ListItem","position":3,"name":"Esschert Design Theelicht Teelichth\u00e4ngelampe Draht"}]},{"@type":"WebSite","@id":"https:\/\/trendsandvision.nl\/de\/#website","url":"https:\/\/trendsandvision.nl\/de\/","name":"Trends &amp; Vision (DE)","description":"Der Webshop f\u00fcr Esschert Design Artikel","publisher":{"@id":"https:\/\/trendsandvision.nl\/de\/#organization"},"potentialAction":[{"@type":"SearchAction","target":{"@type":"EntryPoint","urlTemplate":"https:\/\/trendsandvision.nl\/de\/?s={search_term_string}"},"query-input":{"@type":"PropertyValueSpecification","valueRequired":true,"valueName":"search_term_string"}}],"inLanguage":"de"},{"@type":"Organization","@id":"https:\/\/trendsandvision.nl\/de\/#organization","name":"Trends &amp; Vision (DE)","url":"https:\/\/trendsandvision.nl\/de\/","logo":{"@type":"ImageObject","inLanguage":"de","@id":"https:\/\/trendsandvision.nl\/de\/#\/schema\/logo\/image\/","url":"https:\/\/trendsandvision.nl\/de\/wp-content\/uploads\/sites\/3\/2022\/04\/trends-and-vision-logo.jpg","contentUrl":"https:\/\/trendsandvision.nl\/de\/wp-content\/uploads\/sites\/3\/2022\/04\/trends-and-vision-logo.jpg","width":213,"height":100,"caption":"Trends &amp; Vision (DE)"},"image":{"@id":"https:\/\/trendsandvision.nl\/de\/#\/schema\/logo\/image\/"}}]}},"_links":{"self":[{"href":"https:\/\/trendsandvision.nl\/de\/wp-json\/wp\/v2\/product\/9325","targetHints":{"allow":["GET"]}}],"collection":[{"href":"https:\/\/trendsandvision.nl\/de\/wp-json\/wp\/v2\/product"}],"about":[{"href":"https:\/\/trendsandvision.nl\/de\/wp-json\/wp\/v2\/types\/product"}],"wp:featuredmedia":[{"embeddable":true,"href":"https:\/\/trendsandvision.nl\/de\/wp-json\/wp\/v2\/media\/9326"}],"wp:attachment":[{"href":"https:\/\/trendsandvision.nl\/de\/wp-json\/wp\/v2\/media?parent=9325"}],"wp:term":[{"taxonomy":"product_brand","embeddable":true,"href":"https:\/\/trendsandvision.nl\/de\/wp-json\/wp\/v2\/product_brand?post=9325"},{"taxonomy":"product_cat","embeddable":true,"href":"https:\/\/trendsandvision.nl\/de\/wp-json\/wp\/v2\/product_cat?post=9325"},{"taxonomy":"product_tag","embeddable":true,"href":"https:\/\/trendsandvision.nl\/de\/wp-json\/wp\/v2\/product_tag?post=9325"}],"curies":[{"name":"wp","href":"https:\/\/api.w.org\/{rel}","templated":true}]}}