{"id":92,"date":"2022-04-22T16:32:33","date_gmt":"2022-04-22T14:32:33","guid":{"rendered":"https:\/\/trendsandvision.nl\/de\/product\/esschert-design-pilz-s\/"},"modified":"2026-04-22T14:47:58","modified_gmt":"2026-04-22T12:47:58","slug":"esschert-design-pilz-s-pro-stueck-wahl","status":"publish","type":"product","link":"https:\/\/trendsandvision.nl\/de\/product\/esschert-design-pilz-s-pro-stueck-wahl\/","title":{"rendered":"Esschert Design Pilz S pro St\u00fcck\/Wahl"},"content":{"rendered":"<p>Diese <strong><a href=\"https:\/\/trendsandvision.nl\/de\/?s=Pilze&amp;post_type=product&amp;dgwt_wcas=1\">Pilze<\/a><\/strong> sind kaum von echten Pilzen zu unterscheiden und bestehen aus Polyresin.<br \/>\nGeeignet f\u00fcr drinnen und drau\u00dfen, frostbest\u00e4ndig und mit einem UV-Lack versehen.<\/p>\n<p>Pilz S pro St\u00fcck\/Wahl<br \/>\nWahl aus 4, Preis pro St\u00fcck<br \/>\nArtikelnummer: 34100030<br \/>\nProduktgruppe(n) Garten &amp; Terrasse, Statuen und Spiegel, Gartenstatuen, Polyresin, Waldtiere<br \/>\nProduktabmessungen in cm L 7,2 x T 7,7 x H 11,2<br \/>\nMaterial: Polyresin<br \/>\nNettogewicht 0,126 kg<br \/>\nBarcode 8713968316602<\/p>\n","protected":false},"excerpt":{"rendered":"<p>Pilz S pro St\u00fcck\/Wahl<br \/>\nWahl aus 4, Preis pro St\u00fcck<br \/>\nArtikelnummer: 34100030<br \/>\nL 7,2 x T 7,7 x H 11,2<br \/>\nMaterial Polyresin<br \/>\nNettogewicht 0,126 kg<br \/>\nBarcode 8713968316602<br \/>\nf\u00fcr drinnen und drau\u00dfen<br \/>\nfrostbest\u00e4ndig<br \/>\nmit UV-Lack<\/p>\n","protected":false},"featured_media":93,"template":"","meta":[],"product_brand":[9597,9598],"product_cat":[24],"product_tag":[7410,7433,6842,6945],"class_list":{"0":"post-92","1":"product","2":"type-product","3":"status-publish","4":"has-post-thumbnail","6":"product_brand-esschert-design","7":"product_brand-trends-and-vision","8":"product_cat-true-to-nature","9":"product_tag-frostbestaendig","10":"product_tag-pilze","11":"product_tag-polyresin","12":"product_tag-wahl","13":"pa_anbieter-esschert-design","14":"pa_ean-code-22","15":"pa_material-polyresin","16":"pa_messungen-67x70x110-72x77x112-77x77x109-75x69x109-cm","18":"first","19":"instock","20":"sale","21":"taxable","22":"shipping-taxable","23":"purchasable","24":"product-type-simple","25":"czr-hentry"},"yoast_head":"<!-- This site is optimized with the Yoast SEO Premium plugin v27.4 (Yoast SEO v27.4) - https:\/\/yoast.com\/product\/yoast-seo-premium-wordpress\/ -->\n<title>Esschert Design Pilz S (34100030, 8713968316602) - Trends &amp; Vision<\/title>\n<meta name=\"description\" content=\"Esschert Design Pilz S: Diese Pilze sind kaum von echten Pilzen zu unterscheiden und bestehen aus Polyresin. Geeignet f\u00fcr dr\" \/>\n<meta name=\"robots\" content=\"index, follow, max-snippet:-1, max-image-preview:large, max-video-preview:-1\" \/>\n<link rel=\"canonical\" href=\"https:\/\/trendsandvision.nl\/de\/product\/esschert-design-pilz-s-pro-stueck-wahl\/\" \/>\n<meta property=\"og:locale\" content=\"de_DE\" \/>\n<meta property=\"og:type\" content=\"article\" \/>\n<meta property=\"og:title\" content=\"Esschert Design Pilz S pro St\u00fcck\/Wahl\" \/>\n<meta property=\"og:description\" content=\"Esschert Design Pilz S: Diese Pilze sind kaum von echten Pilzen zu unterscheiden und bestehen aus Polyresin. Geeignet f\u00fcr dr\" \/>\n<meta property=\"og:url\" content=\"https:\/\/trendsandvision.nl\/de\/product\/esschert-design-pilz-s-pro-stueck-wahl\/\" \/>\n<meta property=\"og:site_name\" content=\"Trends &amp; Vision (DE)\" \/>\n<meta property=\"article:modified_time\" content=\"2026-04-22T12:47:58+00:00\" \/>\n<meta property=\"og:image\" content=\"https:\/\/trendsandvision.nl\/de\/wp-content\/uploads\/sites\/3\/2022\/04\/34100030_01.jpg\" \/>\n\t<meta property=\"og:image:width\" content=\"800\" \/>\n\t<meta property=\"og:image:height\" content=\"800\" \/>\n\t<meta property=\"og:image:type\" content=\"image\/jpeg\" \/>\n<meta name=\"twitter:card\" content=\"summary_large_image\" \/>\n<meta name=\"twitter:label1\" content=\"Gesch\u00e4tzte Lesezeit\" \/>\n\t<meta name=\"twitter:data1\" content=\"1\u00a0Minute\" \/>\n<script type=\"application\/ld+json\" class=\"yoast-schema-graph\">{\"@context\":\"https:\\\/\\\/schema.org\",\"@graph\":[{\"@type\":\"WebPage\",\"@id\":\"https:\\\/\\\/trendsandvision.nl\\\/de\\\/product\\\/esschert-design-pilz-s-pro-stueck-wahl\\\/\",\"url\":\"https:\\\/\\\/trendsandvision.nl\\\/de\\\/product\\\/esschert-design-pilz-s-pro-stueck-wahl\\\/\",\"name\":\"Esschert Design Pilz S (34100030, 8713968316602) - Trends & Vision\",\"isPartOf\":{\"@id\":\"https:\\\/\\\/trendsandvision.nl\\\/de\\\/#website\"},\"primaryImageOfPage\":{\"@id\":\"https:\\\/\\\/trendsandvision.nl\\\/de\\\/product\\\/esschert-design-pilz-s-pro-stueck-wahl\\\/#primaryimage\"},\"image\":{\"@id\":\"https:\\\/\\\/trendsandvision.nl\\\/de\\\/product\\\/esschert-design-pilz-s-pro-stueck-wahl\\\/#primaryimage\"},\"thumbnailUrl\":\"https:\\\/\\\/trendsandvision.nl\\\/de\\\/wp-content\\\/uploads\\\/sites\\\/3\\\/2022\\\/04\\\/34100030_01.jpg\",\"datePublished\":\"2022-04-22T14:32:33+00:00\",\"dateModified\":\"2026-04-22T12:47:58+00:00\",\"description\":\"Esschert Design Pilz S: Diese Pilze sind kaum von echten Pilzen zu unterscheiden und bestehen aus Polyresin. Geeignet f\u00fcr dr\",\"breadcrumb\":{\"@id\":\"https:\\\/\\\/trendsandvision.nl\\\/de\\\/product\\\/esschert-design-pilz-s-pro-stueck-wahl\\\/#breadcrumb\"},\"inLanguage\":\"de\",\"potentialAction\":[{\"@type\":\"ReadAction\",\"target\":[\"https:\\\/\\\/trendsandvision.nl\\\/de\\\/product\\\/esschert-design-pilz-s-pro-stueck-wahl\\\/\"]}]},{\"@type\":\"ImageObject\",\"inLanguage\":\"de\",\"@id\":\"https:\\\/\\\/trendsandvision.nl\\\/de\\\/product\\\/esschert-design-pilz-s-pro-stueck-wahl\\\/#primaryimage\",\"url\":\"https:\\\/\\\/trendsandvision.nl\\\/de\\\/wp-content\\\/uploads\\\/sites\\\/3\\\/2022\\\/04\\\/34100030_01.jpg\",\"contentUrl\":\"https:\\\/\\\/trendsandvision.nl\\\/de\\\/wp-content\\\/uploads\\\/sites\\\/3\\\/2022\\\/04\\\/34100030_01.jpg\",\"width\":800,\"height\":800,\"caption\":\"Esschert Design Pilz S (34100030\"},{\"@type\":\"BreadcrumbList\",\"@id\":\"https:\\\/\\\/trendsandvision.nl\\\/de\\\/product\\\/esschert-design-pilz-s-pro-stueck-wahl\\\/#breadcrumb\",\"itemListElement\":[{\"@type\":\"ListItem\",\"position\":1,\"name\":\"Home\",\"item\":\"https:\\\/\\\/trendsandvision.nl\\\/de\\\/\"},{\"@type\":\"ListItem\",\"position\":2,\"name\":\"Gesch\u00e4ft\",\"item\":\"https:\\\/\\\/trendsandvision.nl\\\/de\\\/geschaft\\\/\"},{\"@type\":\"ListItem\",\"position\":3,\"name\":\"Esschert Design Pilz S pro St\u00fcck\\\/Wahl\"}]},{\"@type\":\"WebSite\",\"@id\":\"https:\\\/\\\/trendsandvision.nl\\\/de\\\/#website\",\"url\":\"https:\\\/\\\/trendsandvision.nl\\\/de\\\/\",\"name\":\"Trends &amp; Vision (DE)\",\"description\":\"Der Webshop f\u00fcr Esschert Design Artikel\",\"publisher\":{\"@id\":\"https:\\\/\\\/trendsandvision.nl\\\/de\\\/#organization\"},\"potentialAction\":[{\"@type\":\"SearchAction\",\"target\":{\"@type\":\"EntryPoint\",\"urlTemplate\":\"https:\\\/\\\/trendsandvision.nl\\\/de\\\/?s={search_term_string}\"},\"query-input\":{\"@type\":\"PropertyValueSpecification\",\"valueRequired\":true,\"valueName\":\"search_term_string\"}}],\"inLanguage\":\"de\"},{\"@type\":\"Organization\",\"@id\":\"https:\\\/\\\/trendsandvision.nl\\\/de\\\/#organization\",\"name\":\"Trends &amp; Vision (DE)\",\"url\":\"https:\\\/\\\/trendsandvision.nl\\\/de\\\/\",\"logo\":{\"@type\":\"ImageObject\",\"inLanguage\":\"de\",\"@id\":\"https:\\\/\\\/trendsandvision.nl\\\/de\\\/#\\\/schema\\\/logo\\\/image\\\/\",\"url\":\"https:\\\/\\\/trendsandvision.nl\\\/de\\\/wp-content\\\/uploads\\\/sites\\\/3\\\/2022\\\/04\\\/trends-and-vision-logo.jpg\",\"contentUrl\":\"https:\\\/\\\/trendsandvision.nl\\\/de\\\/wp-content\\\/uploads\\\/sites\\\/3\\\/2022\\\/04\\\/trends-and-vision-logo.jpg\",\"width\":213,\"height\":100,\"caption\":\"Trends &amp; Vision (DE)\"},\"image\":{\"@id\":\"https:\\\/\\\/trendsandvision.nl\\\/de\\\/#\\\/schema\\\/logo\\\/image\\\/\"}}]}<\/script>\n<!-- \/ Yoast SEO Premium plugin. -->","yoast_head_json":{"title":"Esschert Design Pilz S (34100030, 8713968316602) - Trends & Vision","description":"Esschert Design Pilz S: Diese Pilze sind kaum von echten Pilzen zu unterscheiden und bestehen aus Polyresin. Geeignet f\u00fcr dr","robots":{"index":"index","follow":"follow","max-snippet":"max-snippet:-1","max-image-preview":"max-image-preview:large","max-video-preview":"max-video-preview:-1"},"canonical":"https:\/\/trendsandvision.nl\/de\/product\/esschert-design-pilz-s-pro-stueck-wahl\/","og_locale":"de_DE","og_type":"article","og_title":"Esschert Design Pilz S pro St\u00fcck\/Wahl","og_description":"Esschert Design Pilz S: Diese Pilze sind kaum von echten Pilzen zu unterscheiden und bestehen aus Polyresin. Geeignet f\u00fcr dr","og_url":"https:\/\/trendsandvision.nl\/de\/product\/esschert-design-pilz-s-pro-stueck-wahl\/","og_site_name":"Trends &amp; Vision (DE)","article_modified_time":"2026-04-22T12:47:58+00:00","og_image":[{"width":800,"height":800,"url":"https:\/\/trendsandvision.nl\/de\/wp-content\/uploads\/sites\/3\/2022\/04\/34100030_01.jpg","type":"image\/jpeg"}],"twitter_card":"summary_large_image","twitter_misc":{"Gesch\u00e4tzte Lesezeit":"1\u00a0Minute"},"schema":{"@context":"https:\/\/schema.org","@graph":[{"@type":"WebPage","@id":"https:\/\/trendsandvision.nl\/de\/product\/esschert-design-pilz-s-pro-stueck-wahl\/","url":"https:\/\/trendsandvision.nl\/de\/product\/esschert-design-pilz-s-pro-stueck-wahl\/","name":"Esschert Design Pilz S (34100030, 8713968316602) - Trends & Vision","isPartOf":{"@id":"https:\/\/trendsandvision.nl\/de\/#website"},"primaryImageOfPage":{"@id":"https:\/\/trendsandvision.nl\/de\/product\/esschert-design-pilz-s-pro-stueck-wahl\/#primaryimage"},"image":{"@id":"https:\/\/trendsandvision.nl\/de\/product\/esschert-design-pilz-s-pro-stueck-wahl\/#primaryimage"},"thumbnailUrl":"https:\/\/trendsandvision.nl\/de\/wp-content\/uploads\/sites\/3\/2022\/04\/34100030_01.jpg","datePublished":"2022-04-22T14:32:33+00:00","dateModified":"2026-04-22T12:47:58+00:00","description":"Esschert Design Pilz S: Diese Pilze sind kaum von echten Pilzen zu unterscheiden und bestehen aus Polyresin. Geeignet f\u00fcr dr","breadcrumb":{"@id":"https:\/\/trendsandvision.nl\/de\/product\/esschert-design-pilz-s-pro-stueck-wahl\/#breadcrumb"},"inLanguage":"de","potentialAction":[{"@type":"ReadAction","target":["https:\/\/trendsandvision.nl\/de\/product\/esschert-design-pilz-s-pro-stueck-wahl\/"]}]},{"@type":"ImageObject","inLanguage":"de","@id":"https:\/\/trendsandvision.nl\/de\/product\/esschert-design-pilz-s-pro-stueck-wahl\/#primaryimage","url":"https:\/\/trendsandvision.nl\/de\/wp-content\/uploads\/sites\/3\/2022\/04\/34100030_01.jpg","contentUrl":"https:\/\/trendsandvision.nl\/de\/wp-content\/uploads\/sites\/3\/2022\/04\/34100030_01.jpg","width":800,"height":800,"caption":"Esschert Design Pilz S (34100030"},{"@type":"BreadcrumbList","@id":"https:\/\/trendsandvision.nl\/de\/product\/esschert-design-pilz-s-pro-stueck-wahl\/#breadcrumb","itemListElement":[{"@type":"ListItem","position":1,"name":"Home","item":"https:\/\/trendsandvision.nl\/de\/"},{"@type":"ListItem","position":2,"name":"Gesch\u00e4ft","item":"https:\/\/trendsandvision.nl\/de\/geschaft\/"},{"@type":"ListItem","position":3,"name":"Esschert Design Pilz S pro St\u00fcck\/Wahl"}]},{"@type":"WebSite","@id":"https:\/\/trendsandvision.nl\/de\/#website","url":"https:\/\/trendsandvision.nl\/de\/","name":"Trends &amp; Vision (DE)","description":"Der Webshop f\u00fcr Esschert Design Artikel","publisher":{"@id":"https:\/\/trendsandvision.nl\/de\/#organization"},"potentialAction":[{"@type":"SearchAction","target":{"@type":"EntryPoint","urlTemplate":"https:\/\/trendsandvision.nl\/de\/?s={search_term_string}"},"query-input":{"@type":"PropertyValueSpecification","valueRequired":true,"valueName":"search_term_string"}}],"inLanguage":"de"},{"@type":"Organization","@id":"https:\/\/trendsandvision.nl\/de\/#organization","name":"Trends &amp; Vision (DE)","url":"https:\/\/trendsandvision.nl\/de\/","logo":{"@type":"ImageObject","inLanguage":"de","@id":"https:\/\/trendsandvision.nl\/de\/#\/schema\/logo\/image\/","url":"https:\/\/trendsandvision.nl\/de\/wp-content\/uploads\/sites\/3\/2022\/04\/trends-and-vision-logo.jpg","contentUrl":"https:\/\/trendsandvision.nl\/de\/wp-content\/uploads\/sites\/3\/2022\/04\/trends-and-vision-logo.jpg","width":213,"height":100,"caption":"Trends &amp; Vision (DE)"},"image":{"@id":"https:\/\/trendsandvision.nl\/de\/#\/schema\/logo\/image\/"}}]}},"_links":{"self":[{"href":"https:\/\/trendsandvision.nl\/de\/wp-json\/wp\/v2\/product\/92","targetHints":{"allow":["GET"]}}],"collection":[{"href":"https:\/\/trendsandvision.nl\/de\/wp-json\/wp\/v2\/product"}],"about":[{"href":"https:\/\/trendsandvision.nl\/de\/wp-json\/wp\/v2\/types\/product"}],"wp:featuredmedia":[{"embeddable":true,"href":"https:\/\/trendsandvision.nl\/de\/wp-json\/wp\/v2\/media\/93"}],"wp:attachment":[{"href":"https:\/\/trendsandvision.nl\/de\/wp-json\/wp\/v2\/media?parent=92"}],"wp:term":[{"taxonomy":"product_brand","embeddable":true,"href":"https:\/\/trendsandvision.nl\/de\/wp-json\/wp\/v2\/product_brand?post=92"},{"taxonomy":"product_cat","embeddable":true,"href":"https:\/\/trendsandvision.nl\/de\/wp-json\/wp\/v2\/product_cat?post=92"},{"taxonomy":"product_tag","embeddable":true,"href":"https:\/\/trendsandvision.nl\/de\/wp-json\/wp\/v2\/product_tag?post=92"}],"curies":[{"name":"wp","href":"https:\/\/api.w.org\/{rel}","templated":true}]}}