{"id":9153,"date":"2022-04-23T00:01:18","date_gmt":"2022-04-22T22:01:18","guid":{"rendered":"https:\/\/trendsandvision.nl\/de\/product\/esschert-design-marienkaeferhaus-in-geschenkverp\/"},"modified":"2026-04-22T15:27:15","modified_gmt":"2026-04-22T13:27:15","slug":"esschert-design-marienkaeferhaus-in-geschenkverp","status":"publish","type":"product","link":"https:\/\/trendsandvision.nl\/de\/product\/esschert-design-marienkaeferhaus-in-geschenkverp\/","title":{"rendered":"Esschert Design Marienk\u00e4ferhaus in Geschenkverp."},"content":{"rendered":"<p>Marienk\u00e4fer sind nicht nur ein Vergn\u00fcgen, um zu beobachten, sondern auch sehr n\u00fctzliche G\u00e4ste im Garten. Ein erwachsener Marienk\u00e4fer frisst bis zu 100 Blattl\u00e4use pro Tag, was ein guter Grund ist, es ihnen in Ihrem Garten bequem zu machen. Dieses Haus bietet Schutz und Obdach. Das Haus wurde entworfen, um Marienk\u00e4fern einen einfachen Zugang zu erm\u00f6glichen und Konkurrenten und Raubtiere fernzuhalten. Marienk\u00e4fer \u00fcberwintern oft in Gruppen zusammen. Um es den Marienk\u00e4fern ganz bequem zu machen, k\u00f6nnen lose Bl\u00e4tter oder eine Rolle Wellpappe ins Haus gelegt werden. Gefrorene Larven des Marienk\u00e4fers k\u00f6nnen auch zur biologischen Bek\u00e4mpfung von Blattl\u00e4usen in das Haus gestellt werden.<\/p>\n<p>&#8211; 15 mm dicke W\u00e4nde, die eine perfekte Isolierung gew\u00e4hrleisten.<br \/>\n&#8211; Schr\u00e4gdach f\u00fcr eine einfache Wasserableitung.<br \/>\n&#8211; \u00dcberh\u00e4ngendes Dach sch\u00fctzt vor Wind und Regen.<br \/>\n&#8211; Der Klappmechanismus an der Vorderseite des Hauses erleichtert die Reinigung.<br \/>\n&#8211; Vier Entw\u00e4sserungsl\u00f6cher im Boden<br \/>\n&#8211; Seitenw\u00e4nde umschlie\u00dfen den Boden<br \/>\n&#8211; in einer farbigen Geschenkverpackung<\/p>\n<p>Artikelnummer: WA71<br \/>\nProduktgruppe(n) V\u00f6gel&amp;Gartentiere, Gartentiere, Insekten<br \/>\nProduktabmessungen in cm L 15,7 x T 16 x H 22,2<br \/>\nMaterial Erlenholz<br \/>\nNettogewicht 1,022 kg<br \/>\nBarcode 8714982182624<br \/>\nFSC\u00ae FSC 100%<\/p>\n","protected":false},"excerpt":{"rendered":"<p>Marienk\u00e4ferhaus<br \/>\nArtikelnummer: WA71<br \/>\n15,7 x T 16 x H 22,2 cm<br \/>\nMaterial Erlenholz<br \/>\nNettogewicht 1,022 kg<br \/>\nBarcode 8714982182624<br \/>\nFSC\u00ae FSC 100%<\/p>\n","protected":false},"featured_media":9154,"template":"","meta":[],"product_brand":[9597,9598],"product_cat":[1315],"product_tag":[8193,6809,8499,6781,6828],"class_list":{"0":"post-9153","1":"product","2":"type-product","3":"status-publish","4":"has-post-thumbnail","6":"product_brand-esschert-design","7":"product_brand-trends-and-vision","8":"product_cat-best-for-birds","9":"product_tag-biodiversitaet","10":"product_tag-fsc-100","11":"product_tag-hotel","12":"product_tag-marienkaefer","13":"product_tag-nistkasten","14":"pa_anbieter-esschert-design","15":"pa_ean-code-5090","16":"pa_messungen-155x159x220-cm","18":"first","19":"instock","20":"sale","21":"taxable","22":"shipping-taxable","23":"purchasable","24":"product-type-simple","25":"czr-hentry"},"yoast_head":"<!-- This site is optimized with the Yoast SEO Premium plugin v27.4 (Yoast SEO v27.4) - https:\/\/yoast.com\/product\/yoast-seo-premium-wordpress\/ -->\n<title>Esschert Design Marienk\u00e4ferhaus in Geschenkverp. (WA71, 8714982182624) - Trends &amp; Vision<\/title>\n<meta name=\"description\" content=\"Esschert Design Marienk\u00e4ferhaus in Geschenkverp.: Marienk\u00e4ferhaus in Geschenkverp.\" \/>\n<meta name=\"robots\" content=\"index, follow, max-snippet:-1, max-image-preview:large, max-video-preview:-1\" \/>\n<link rel=\"canonical\" href=\"https:\/\/trendsandvision.nl\/de\/product\/esschert-design-marienkaeferhaus-in-geschenkverp\/\" \/>\n<meta property=\"og:locale\" content=\"de_DE\" \/>\n<meta property=\"og:type\" content=\"article\" \/>\n<meta property=\"og:title\" content=\"Esschert Design Marienk\u00e4ferhaus in Geschenkverp.\" \/>\n<meta property=\"og:description\" content=\"Esschert Design Marienk\u00e4ferhaus in Geschenkverp.: Marienk\u00e4ferhaus in Geschenkverp.\" \/>\n<meta property=\"og:url\" content=\"https:\/\/trendsandvision.nl\/de\/product\/esschert-design-marienkaeferhaus-in-geschenkverp\/\" \/>\n<meta property=\"og:site_name\" content=\"Trends &amp; Vision (DE)\" \/>\n<meta property=\"article:modified_time\" content=\"2026-04-22T13:27:15+00:00\" \/>\n<meta property=\"og:image\" content=\"https:\/\/trendsandvision.nl\/de\/wp-content\/uploads\/sites\/3\/2022\/04\/WA71_01.jpg\" \/>\n\t<meta property=\"og:image:width\" content=\"800\" \/>\n\t<meta property=\"og:image:height\" content=\"800\" \/>\n\t<meta property=\"og:image:type\" content=\"image\/jpeg\" \/>\n<meta name=\"twitter:card\" content=\"summary_large_image\" \/>\n<meta name=\"twitter:label1\" content=\"Gesch\u00e4tzte Lesezeit\" \/>\n\t<meta name=\"twitter:data1\" content=\"2\u00a0Minuten\" \/>\n<script type=\"application\/ld+json\" class=\"yoast-schema-graph\">{\"@context\":\"https:\\\/\\\/schema.org\",\"@graph\":[{\"@type\":\"WebPage\",\"@id\":\"https:\\\/\\\/trendsandvision.nl\\\/de\\\/product\\\/esschert-design-marienkaeferhaus-in-geschenkverp\\\/\",\"url\":\"https:\\\/\\\/trendsandvision.nl\\\/de\\\/product\\\/esschert-design-marienkaeferhaus-in-geschenkverp\\\/\",\"name\":\"Esschert Design Marienk\u00e4ferhaus in Geschenkverp. (WA71, 8714982182624) - Trends & Vision\",\"isPartOf\":{\"@id\":\"https:\\\/\\\/trendsandvision.nl\\\/de\\\/#website\"},\"primaryImageOfPage\":{\"@id\":\"https:\\\/\\\/trendsandvision.nl\\\/de\\\/product\\\/esschert-design-marienkaeferhaus-in-geschenkverp\\\/#primaryimage\"},\"image\":{\"@id\":\"https:\\\/\\\/trendsandvision.nl\\\/de\\\/product\\\/esschert-design-marienkaeferhaus-in-geschenkverp\\\/#primaryimage\"},\"thumbnailUrl\":\"https:\\\/\\\/trendsandvision.nl\\\/de\\\/wp-content\\\/uploads\\\/sites\\\/3\\\/2022\\\/04\\\/WA71_01.jpg\",\"datePublished\":\"2022-04-22T22:01:18+00:00\",\"dateModified\":\"2026-04-22T13:27:15+00:00\",\"description\":\"Esschert Design Marienk\u00e4ferhaus in Geschenkverp.: Marienk\u00e4ferhaus in Geschenkverp.\",\"breadcrumb\":{\"@id\":\"https:\\\/\\\/trendsandvision.nl\\\/de\\\/product\\\/esschert-design-marienkaeferhaus-in-geschenkverp\\\/#breadcrumb\"},\"inLanguage\":\"de\",\"potentialAction\":[{\"@type\":\"ReadAction\",\"target\":[\"https:\\\/\\\/trendsandvision.nl\\\/de\\\/product\\\/esschert-design-marienkaeferhaus-in-geschenkverp\\\/\"]}]},{\"@type\":\"ImageObject\",\"inLanguage\":\"de\",\"@id\":\"https:\\\/\\\/trendsandvision.nl\\\/de\\\/product\\\/esschert-design-marienkaeferhaus-in-geschenkverp\\\/#primaryimage\",\"url\":\"https:\\\/\\\/trendsandvision.nl\\\/de\\\/wp-content\\\/uploads\\\/sites\\\/3\\\/2022\\\/04\\\/WA71_01.jpg\",\"contentUrl\":\"https:\\\/\\\/trendsandvision.nl\\\/de\\\/wp-content\\\/uploads\\\/sites\\\/3\\\/2022\\\/04\\\/WA71_01.jpg\",\"width\":800,\"height\":800,\"caption\":\"Esschert Design Marienk\u00e4ferhaus in Geschenkverp. (WA71\"},{\"@type\":\"BreadcrumbList\",\"@id\":\"https:\\\/\\\/trendsandvision.nl\\\/de\\\/product\\\/esschert-design-marienkaeferhaus-in-geschenkverp\\\/#breadcrumb\",\"itemListElement\":[{\"@type\":\"ListItem\",\"position\":1,\"name\":\"Home\",\"item\":\"https:\\\/\\\/trendsandvision.nl\\\/de\\\/\"},{\"@type\":\"ListItem\",\"position\":2,\"name\":\"Gesch\u00e4ft\",\"item\":\"https:\\\/\\\/trendsandvision.nl\\\/de\\\/geschaft\\\/\"},{\"@type\":\"ListItem\",\"position\":3,\"name\":\"Esschert Design Marienk\u00e4ferhaus in Geschenkverp.\"}]},{\"@type\":\"WebSite\",\"@id\":\"https:\\\/\\\/trendsandvision.nl\\\/de\\\/#website\",\"url\":\"https:\\\/\\\/trendsandvision.nl\\\/de\\\/\",\"name\":\"Trends &amp; Vision (DE)\",\"description\":\"Der Webshop f\u00fcr Esschert Design Artikel\",\"publisher\":{\"@id\":\"https:\\\/\\\/trendsandvision.nl\\\/de\\\/#organization\"},\"potentialAction\":[{\"@type\":\"SearchAction\",\"target\":{\"@type\":\"EntryPoint\",\"urlTemplate\":\"https:\\\/\\\/trendsandvision.nl\\\/de\\\/?s={search_term_string}\"},\"query-input\":{\"@type\":\"PropertyValueSpecification\",\"valueRequired\":true,\"valueName\":\"search_term_string\"}}],\"inLanguage\":\"de\"},{\"@type\":\"Organization\",\"@id\":\"https:\\\/\\\/trendsandvision.nl\\\/de\\\/#organization\",\"name\":\"Trends &amp; Vision (DE)\",\"url\":\"https:\\\/\\\/trendsandvision.nl\\\/de\\\/\",\"logo\":{\"@type\":\"ImageObject\",\"inLanguage\":\"de\",\"@id\":\"https:\\\/\\\/trendsandvision.nl\\\/de\\\/#\\\/schema\\\/logo\\\/image\\\/\",\"url\":\"https:\\\/\\\/trendsandvision.nl\\\/de\\\/wp-content\\\/uploads\\\/sites\\\/3\\\/2022\\\/04\\\/trends-and-vision-logo.jpg\",\"contentUrl\":\"https:\\\/\\\/trendsandvision.nl\\\/de\\\/wp-content\\\/uploads\\\/sites\\\/3\\\/2022\\\/04\\\/trends-and-vision-logo.jpg\",\"width\":213,\"height\":100,\"caption\":\"Trends &amp; Vision (DE)\"},\"image\":{\"@id\":\"https:\\\/\\\/trendsandvision.nl\\\/de\\\/#\\\/schema\\\/logo\\\/image\\\/\"}}]}<\/script>\n<!-- \/ Yoast SEO Premium plugin. -->","yoast_head_json":{"title":"Esschert Design Marienk\u00e4ferhaus in Geschenkverp. (WA71, 8714982182624) - Trends & Vision","description":"Esschert Design Marienk\u00e4ferhaus in Geschenkverp.: Marienk\u00e4ferhaus in Geschenkverp.","robots":{"index":"index","follow":"follow","max-snippet":"max-snippet:-1","max-image-preview":"max-image-preview:large","max-video-preview":"max-video-preview:-1"},"canonical":"https:\/\/trendsandvision.nl\/de\/product\/esschert-design-marienkaeferhaus-in-geschenkverp\/","og_locale":"de_DE","og_type":"article","og_title":"Esschert Design Marienk\u00e4ferhaus in Geschenkverp.","og_description":"Esschert Design Marienk\u00e4ferhaus in Geschenkverp.: Marienk\u00e4ferhaus in Geschenkverp.","og_url":"https:\/\/trendsandvision.nl\/de\/product\/esschert-design-marienkaeferhaus-in-geschenkverp\/","og_site_name":"Trends &amp; Vision (DE)","article_modified_time":"2026-04-22T13:27:15+00:00","og_image":[{"width":800,"height":800,"url":"https:\/\/trendsandvision.nl\/de\/wp-content\/uploads\/sites\/3\/2022\/04\/WA71_01.jpg","type":"image\/jpeg"}],"twitter_card":"summary_large_image","twitter_misc":{"Gesch\u00e4tzte Lesezeit":"2\u00a0Minuten"},"schema":{"@context":"https:\/\/schema.org","@graph":[{"@type":"WebPage","@id":"https:\/\/trendsandvision.nl\/de\/product\/esschert-design-marienkaeferhaus-in-geschenkverp\/","url":"https:\/\/trendsandvision.nl\/de\/product\/esschert-design-marienkaeferhaus-in-geschenkverp\/","name":"Esschert Design Marienk\u00e4ferhaus in Geschenkverp. (WA71, 8714982182624) - Trends & Vision","isPartOf":{"@id":"https:\/\/trendsandvision.nl\/de\/#website"},"primaryImageOfPage":{"@id":"https:\/\/trendsandvision.nl\/de\/product\/esschert-design-marienkaeferhaus-in-geschenkverp\/#primaryimage"},"image":{"@id":"https:\/\/trendsandvision.nl\/de\/product\/esschert-design-marienkaeferhaus-in-geschenkverp\/#primaryimage"},"thumbnailUrl":"https:\/\/trendsandvision.nl\/de\/wp-content\/uploads\/sites\/3\/2022\/04\/WA71_01.jpg","datePublished":"2022-04-22T22:01:18+00:00","dateModified":"2026-04-22T13:27:15+00:00","description":"Esschert Design Marienk\u00e4ferhaus in Geschenkverp.: Marienk\u00e4ferhaus in Geschenkverp.","breadcrumb":{"@id":"https:\/\/trendsandvision.nl\/de\/product\/esschert-design-marienkaeferhaus-in-geschenkverp\/#breadcrumb"},"inLanguage":"de","potentialAction":[{"@type":"ReadAction","target":["https:\/\/trendsandvision.nl\/de\/product\/esschert-design-marienkaeferhaus-in-geschenkverp\/"]}]},{"@type":"ImageObject","inLanguage":"de","@id":"https:\/\/trendsandvision.nl\/de\/product\/esschert-design-marienkaeferhaus-in-geschenkverp\/#primaryimage","url":"https:\/\/trendsandvision.nl\/de\/wp-content\/uploads\/sites\/3\/2022\/04\/WA71_01.jpg","contentUrl":"https:\/\/trendsandvision.nl\/de\/wp-content\/uploads\/sites\/3\/2022\/04\/WA71_01.jpg","width":800,"height":800,"caption":"Esschert Design Marienk\u00e4ferhaus in Geschenkverp. (WA71"},{"@type":"BreadcrumbList","@id":"https:\/\/trendsandvision.nl\/de\/product\/esschert-design-marienkaeferhaus-in-geschenkverp\/#breadcrumb","itemListElement":[{"@type":"ListItem","position":1,"name":"Home","item":"https:\/\/trendsandvision.nl\/de\/"},{"@type":"ListItem","position":2,"name":"Gesch\u00e4ft","item":"https:\/\/trendsandvision.nl\/de\/geschaft\/"},{"@type":"ListItem","position":3,"name":"Esschert Design Marienk\u00e4ferhaus in Geschenkverp."}]},{"@type":"WebSite","@id":"https:\/\/trendsandvision.nl\/de\/#website","url":"https:\/\/trendsandvision.nl\/de\/","name":"Trends &amp; Vision (DE)","description":"Der Webshop f\u00fcr Esschert Design Artikel","publisher":{"@id":"https:\/\/trendsandvision.nl\/de\/#organization"},"potentialAction":[{"@type":"SearchAction","target":{"@type":"EntryPoint","urlTemplate":"https:\/\/trendsandvision.nl\/de\/?s={search_term_string}"},"query-input":{"@type":"PropertyValueSpecification","valueRequired":true,"valueName":"search_term_string"}}],"inLanguage":"de"},{"@type":"Organization","@id":"https:\/\/trendsandvision.nl\/de\/#organization","name":"Trends &amp; Vision (DE)","url":"https:\/\/trendsandvision.nl\/de\/","logo":{"@type":"ImageObject","inLanguage":"de","@id":"https:\/\/trendsandvision.nl\/de\/#\/schema\/logo\/image\/","url":"https:\/\/trendsandvision.nl\/de\/wp-content\/uploads\/sites\/3\/2022\/04\/trends-and-vision-logo.jpg","contentUrl":"https:\/\/trendsandvision.nl\/de\/wp-content\/uploads\/sites\/3\/2022\/04\/trends-and-vision-logo.jpg","width":213,"height":100,"caption":"Trends &amp; Vision (DE)"},"image":{"@id":"https:\/\/trendsandvision.nl\/de\/#\/schema\/logo\/image\/"}}]}},"_links":{"self":[{"href":"https:\/\/trendsandvision.nl\/de\/wp-json\/wp\/v2\/product\/9153","targetHints":{"allow":["GET"]}}],"collection":[{"href":"https:\/\/trendsandvision.nl\/de\/wp-json\/wp\/v2\/product"}],"about":[{"href":"https:\/\/trendsandvision.nl\/de\/wp-json\/wp\/v2\/types\/product"}],"wp:featuredmedia":[{"embeddable":true,"href":"https:\/\/trendsandvision.nl\/de\/wp-json\/wp\/v2\/media\/9154"}],"wp:attachment":[{"href":"https:\/\/trendsandvision.nl\/de\/wp-json\/wp\/v2\/media?parent=9153"}],"wp:term":[{"taxonomy":"product_brand","embeddable":true,"href":"https:\/\/trendsandvision.nl\/de\/wp-json\/wp\/v2\/product_brand?post=9153"},{"taxonomy":"product_cat","embeddable":true,"href":"https:\/\/trendsandvision.nl\/de\/wp-json\/wp\/v2\/product_cat?post=9153"},{"taxonomy":"product_tag","embeddable":true,"href":"https:\/\/trendsandvision.nl\/de\/wp-json\/wp\/v2\/product_tag?post=9153"}],"curies":[{"name":"wp","href":"https:\/\/api.w.org\/{rel}","templated":true}]}}